{"id":14,"date":"2024-07-05T18:03:53","date_gmt":"2024-07-05T18:03:53","guid":{"rendered":"https:\/\/demotasarim.online\/?page_id=14"},"modified":"2024-07-20T16:31:30","modified_gmt":"2024-07-20T16:31:30","slug":"refund_returns","status":"publish","type":"page","link":"https:\/\/carsa.ca\/fr\/refund_returns\/","title":{"rendered":"Politique de remboursement et de retour"},"content":{"rendered":"<div data-elementor-type=\"wp-page\" data-elementor-id=\"14\" class=\"elementor elementor-14\">\n\t\t\t\t<div class=\"elementor-element elementor-element-2a9517af e-flex e-con-boxed e-con e-parent\" data-id=\"2a9517af\" data-element_type=\"container\" data-e-type=\"container\">\n\t\t\t\t\t<div class=\"e-con-inner\">\n\t\t\t\t<div class=\"elementor-element elementor-element-58a03c25 elementor-widget elementor-widget-text-editor\" data-id=\"58a03c25\" data-element_type=\"widget\" data-e-type=\"widget\" data-widget_type=\"text-editor.default\">\n\t\t\t\t<div class=\"elementor-widget-container\">\n\t\t\t\t\t\t\t\t\t\n<h1 data-sanitized-data-mce-style=\"background: white; margin: 0cm 0cm 6.0pt 0cm;\"><span data-sanitized-data-mce-style=\"font-size: 20.5pt; font-family: 'Lato',sans-serif; color: #3a3a3a;\">Retours et \u00e9changes\u00a0<\/span><\/h1>\n<p>Nous avons une politique de retour de 30 jours, ce qui signifie que vous avez 30 jours apr\u00e8s r\u00e9ception de votre article pour demander un retour. Les commandes www.carsa.ca peuvent \u00eatre retourn\u00e9es pour n&#039;importe quelle raison dans les 30 jours suivant la date d&#039;exp\u00e9dition pour un remboursement selon le mode de paiement d&#039;origine.<br \/><br \/>Pour pouvoir b\u00e9n\u00e9ficier d&#039;un retour, votre article doit \u00eatre dans le m\u00eame \u00e9tat que celui dans lequel vous l&#039;avez re\u00e7u, non port\u00e9 ou non utilis\u00e9, avec les \u00e9tiquettes et dans son emballage d&#039;origine. Vous aurez \u00e9galement besoin du re\u00e7u ou de la preuve d&#039;achat.<br \/><br \/>Pour d\u00e9marrer un retour, vous pouvez nous contacter \u00e0\u00a0<span data-sanitized-data-mce-fragment=\"1\">info@carsa.ca<\/span>. Si votre retour est accept\u00e9, nous vous enverrons une \u00e9tiquette de retour, ainsi que des instructions sur comment et o\u00f9 envoyer votre colis. Les articles qui nous sont renvoy\u00e9s sans avoir demand\u00e9 au pr\u00e9alable un retour ne seront pas accept\u00e9s. Veuillez ne pas renvoyer le colis \u00e0 l&#039;adresse de livraison indiqu\u00e9e sur le colis. Nous ne pouvons pas le signer. Si vous le renvoyez \u00e0 cette adresse, le retour ne sera pas accept\u00e9. Veuillez nous contacter pour obtenir une autorisation de retour de mat\u00e9riel.<br \/><br \/>Vous pouvez toujours nous contacter pour toute question relative au retour \u00e0 info@carsa.ca<\/p>\n<p><strong data-sanitized-data-mce-fragment=\"1\">J&#039;ai re\u00e7u le mauvais article\u00a0<\/strong><br data-sanitized-data-mce-fragment=\"1\" \/>Si nous vous avons envoy\u00e9 la mauvaise commande ou le mauvais article, faites-le nous savoir et nous corrigerons le probl\u00e8me en un clin d&#039;\u0153il. Envoyez-nous un courriel \u00e0 info@carsa.ca, nous vous aiderons \u00e0 obtenir les articles que vous avez command\u00e9s.<br data-sanitized-data-mce-fragment=\"1\" \/><br \/><\/p>\n<p><strong>Dommages et probl\u00e8mes<\/strong><br \/>Veuillez inspecter votre commande d\u00e8s r\u00e9ception et nous contacter imm\u00e9diatement si l&#039;article est d\u00e9fectueux, endommag\u00e9 ou si vous recevez le mauvais article afin que nous puissions \u00e9valuer le probl\u00e8me et y rem\u00e9dier.<\/p>\n<p>*****Malheureusement, nous ne pouvons pas accepter les retours d&#039;articles en solde ou de cartes-cadeaux.*****<\/p>\n<p>\u00a0<\/p>\n<p><strong>\u00c9changes<\/strong><br \/>Le moyen le plus rapide de vous assurer d\u2019obtenir ce que vous voulez est de retourner l\u2019article que vous avez et, une fois le retour accept\u00e9, de faire un achat s\u00e9par\u00e9 pour le nouvel article.<\/p>\n<p>\u00a0<\/p>\n<p><strong>Remboursements<\/strong><br \/><span data-sanitized-data-mce-fragment=\"1\">Les retours seront trait\u00e9s dans un d\u00e9lai de 2 \u00e0 3 semaines \u00e0 compter de la date d&#039;envoi de votre retour. Un remboursement du prix d&#039;achat de la marchandise sera cr\u00e9dit\u00e9 sur votre mode de paiement d&#039;origine et sera affich\u00e9 1 \u00e0 3 jours ouvrables apr\u00e8s la date de traitement. Il peut s&#039;\u00e9couler jusqu&#039;\u00e0 deux cycles de facturation avant que le cr\u00e9dit n&#039;apparaisse sur votre relev\u00e9 mensuel de carte de cr\u00e9dit.<\/span><\/p>\n<p><span data-sanitized-data-mce-fragment=\"1\">1. Vous devez fournir une photo ou une vid\u00e9o claire montrant le probl\u00e8me du produit. Les photos\/vid\u00e9os doivent id\u00e9alement \u00eatre claires et nettes, prises dans de bonnes conditions d&#039;\u00e9clairage et \u00e0 une distance proche ou moyenne. Cela nous permet d&#039;identifier et de v\u00e9rifier le(s) probl\u00e8me(s).<\/span><\/p>\n<p><span data-sanitized-data-mce-fragment=\"1\"><br \/>2. Si le produit est retourn\u00e9 pour des raisons li\u00e9es au client (y compris l&#039;insatisfaction, une mauvaise taille, un changement d&#039;avis), le client est responsable des frais d&#039;exp\u00e9dition. Et nous pouvons organiser un remboursement partiel, qui couvrira le prix de l&#039;article, mais moins les frais d&#039;exp\u00e9dition.<\/span><\/p>\n<p><span data-sanitized-data-mce-fragment=\"1\"><br \/>3. Pour les retours non li\u00e9s au client dans un d\u00e9lai d&#039;un mois, Carsa est responsable des frais d&#039;exp\u00e9dition et le client doit le retourner en utilisant la m\u00e9thode d&#039;exp\u00e9dition prescrite par Carsa. Dans toutes les situations de retour, le client doit fournir le num\u00e9ro de suivi.<\/span><\/p>\n<p><span data-sanitized-data-mce-fragment=\"1\"><br \/>4. Les clients doivent nous contacter avant de retourner un article. Les articles retourn\u00e9s sans autorisation de retour de marchandise ne seront pas accept\u00e9s. Si le client a renvoy\u00e9 le colis sans autorisation pr\u00e9alable, l&#039;envoie \u00e0 la mauvaise adresse, renvoie un article incorrect ou soumet un colis vide, Carsa se r\u00e9serve le droit de refuser toute indemnisation.<\/span><\/p>\n<p><span data-sanitized-data-mce-fragment=\"1\"><br \/>5. Tous les retours seront v\u00e9rifi\u00e9s par notre \u00e9quipe technique \u00e0 l&#039;arriv\u00e9e. Si le produit retourn\u00e9 ne peut pas \u00eatre r\u00e9par\u00e9, Carsa fournira une solution alternative.<\/span><\/p>\n\t\t\t\t\t\t\t\t<\/div>\n\t\t\t\t<\/div>\n\t\t\t\t\t<\/div>\n\t\t\t\t<\/div>\n\t\t\t\t<\/div>","protected":false},"excerpt":{"rendered":"<p>Returns and Exchanges\u00a0 We have a 30-day return policy, which means you have 30 days after receiving your item to request a return. www.carsa.ca\u00a0orders can be returned for any reason within 30 days of the shipping date for a refund to the original form of payment. To be eligible for a return, your item must [&hellip;]<\/p>\n","protected":false},"author":1,"featured_media":0,"parent":0,"menu_order":0,"comment_status":"closed","ping_status":"closed","template":"","meta":{"footnotes":""},"class_list":["post-14","page","type-page","status-publish","hentry"],"yoast_head":"<!-- This site is optimized with the Yoast SEO plugin v27.3 - https:\/\/yoast.com\/product\/yoast-seo-wordpress\/ -->\n<title>Refund and Returns Policy - Carsa Automotive Lighting System<\/title>\n<meta name=\"robots\" content=\"index, follow, max-snippet:-1, max-image-preview:large, max-video-preview:-1\" \/>\n<link rel=\"canonical\" href=\"https:\/\/carsa.ca\/fr\/refund_returns\/\" \/>\n<meta property=\"og:locale\" content=\"fr_FR\" \/>\n<meta property=\"og:type\" content=\"article\" \/>\n<meta property=\"og:title\" content=\"Refund and Returns Policy - Carsa Automotive Lighting System\" \/>\n<meta property=\"og:description\" content=\"Returns and Exchanges\u00a0 We have a 30-day return policy, which means you have 30 days after receiving your item to request a return. www.carsa.ca\u00a0orders can be returned for any reason within 30 days of the shipping date for a refund to the original form of payment. To be eligible for a return, your item must [&hellip;]\" \/>\n<meta property=\"og:url\" content=\"https:\/\/carsa.ca\/fr\/refund_returns\/\" \/>\n<meta property=\"og:site_name\" content=\"Carsa Automotive Lighting System\" \/>\n<meta property=\"article:modified_time\" content=\"2024-07-20T16:31:30+00:00\" \/>\n<meta name=\"twitter:card\" content=\"summary_large_image\" \/>\n<meta name=\"twitter:label1\" content=\"Dur\u00e9e de lecture estim\u00e9e\" \/>\n\t<meta name=\"twitter:data1\" content=\"3 minutes\" \/>\n<script type=\"application\/ld+json\" class=\"yoast-schema-graph\">{\"@context\":\"https:\\\/\\\/schema.org\",\"@graph\":[{\"@type\":\"WebPage\",\"@id\":\"https:\\\/\\\/carsa.ca\\\/refund_returns\\\/\",\"url\":\"https:\\\/\\\/carsa.ca\\\/refund_returns\\\/\",\"name\":\"Refund and Returns Policy - Carsa Automotive Lighting System\",\"isPartOf\":{\"@id\":\"https:\\\/\\\/carsa.ca\\\/#website\"},\"datePublished\":\"2024-07-05T18:03:53+00:00\",\"dateModified\":\"2024-07-20T16:31:30+00:00\",\"breadcrumb\":{\"@id\":\"https:\\\/\\\/carsa.ca\\\/refund_returns\\\/#breadcrumb\"},\"inLanguage\":\"fr-FR\",\"potentialAction\":[{\"@type\":\"ReadAction\",\"target\":[\"https:\\\/\\\/carsa.ca\\\/refund_returns\\\/\"]}]},{\"@type\":\"BreadcrumbList\",\"@id\":\"https:\\\/\\\/carsa.ca\\\/refund_returns\\\/#breadcrumb\",\"itemListElement\":[{\"@type\":\"ListItem\",\"position\":1,\"name\":\"Home\",\"item\":\"https:\\\/\\\/carsa.ca\\\/\"},{\"@type\":\"ListItem\",\"position\":2,\"name\":\"Refund and Returns Policy\"}]},{\"@type\":\"WebSite\",\"@id\":\"https:\\\/\\\/carsa.ca\\\/#website\",\"url\":\"https:\\\/\\\/carsa.ca\\\/\",\"name\":\"Carsa Automotive Lighting System\",\"description\":\"\",\"publisher\":{\"@id\":\"https:\\\/\\\/carsa.ca\\\/#organization\"},\"potentialAction\":[{\"@type\":\"SearchAction\",\"target\":{\"@type\":\"EntryPoint\",\"urlTemplate\":\"https:\\\/\\\/carsa.ca\\\/?s={search_term_string}\"},\"query-input\":{\"@type\":\"PropertyValueSpecification\",\"valueRequired\":true,\"valueName\":\"search_term_string\"}}],\"inLanguage\":\"fr-FR\"},{\"@type\":\"Organization\",\"@id\":\"https:\\\/\\\/carsa.ca\\\/#organization\",\"name\":\"Carsa Automotive Lighting System\",\"url\":\"https:\\\/\\\/carsa.ca\\\/\",\"logo\":{\"@type\":\"ImageObject\",\"inLanguage\":\"fr-FR\",\"@id\":\"https:\\\/\\\/carsa.ca\\\/#\\\/schema\\\/logo\\\/image\\\/\",\"url\":\"https:\\\/\\\/carsa.ca\\\/wp-content\\\/uploads\\\/2024\\\/07\\\/CARSA-LOGO.svg\",\"contentUrl\":\"https:\\\/\\\/carsa.ca\\\/wp-content\\\/uploads\\\/2024\\\/07\\\/CARSA-LOGO.svg\",\"width\":2512,\"height\":504,\"caption\":\"Carsa Automotive Lighting System\"},\"image\":{\"@id\":\"https:\\\/\\\/carsa.ca\\\/#\\\/schema\\\/logo\\\/image\\\/\"}}]}<\/script>\n<!-- \/ Yoast SEO plugin. -->","yoast_head_json":{"title":"Refund and Returns Policy - Carsa Automotive Lighting System","robots":{"index":"index","follow":"follow","max-snippet":"max-snippet:-1","max-image-preview":"max-image-preview:large","max-video-preview":"max-video-preview:-1"},"canonical":"https:\/\/carsa.ca\/fr\/refund_returns\/","og_locale":"fr_FR","og_type":"article","og_title":"Refund and Returns Policy - Carsa Automotive Lighting System","og_description":"Returns and Exchanges\u00a0 We have a 30-day return policy, which means you have 30 days after receiving your item to request a return. www.carsa.ca\u00a0orders can be returned for any reason within 30 days of the shipping date for a refund to the original form of payment. To be eligible for a return, your item must [&hellip;]","og_url":"https:\/\/carsa.ca\/fr\/refund_returns\/","og_site_name":"Carsa Automotive Lighting System","article_modified_time":"2024-07-20T16:31:30+00:00","twitter_card":"summary_large_image","twitter_misc":{"Dur\u00e9e de lecture estim\u00e9e":"3 minutes"},"schema":{"@context":"https:\/\/schema.org","@graph":[{"@type":"WebPage","@id":"https:\/\/carsa.ca\/refund_returns\/","url":"https:\/\/carsa.ca\/refund_returns\/","name":"Refund and Returns Policy - Carsa Automotive Lighting System","isPartOf":{"@id":"https:\/\/carsa.ca\/#website"},"datePublished":"2024-07-05T18:03:53+00:00","dateModified":"2024-07-20T16:31:30+00:00","breadcrumb":{"@id":"https:\/\/carsa.ca\/refund_returns\/#breadcrumb"},"inLanguage":"fr-FR","potentialAction":[{"@type":"ReadAction","target":["https:\/\/carsa.ca\/refund_returns\/"]}]},{"@type":"BreadcrumbList","@id":"https:\/\/carsa.ca\/refund_returns\/#breadcrumb","itemListElement":[{"@type":"ListItem","position":1,"name":"Home","item":"https:\/\/carsa.ca\/"},{"@type":"ListItem","position":2,"name":"Refund and Returns Policy"}]},{"@type":"WebSite","@id":"https:\/\/carsa.ca\/#website","url":"https:\/\/carsa.ca\/","name":"Syst\u00e8me d&#039;\u00e9clairage automobile Carsa","description":"","publisher":{"@id":"https:\/\/carsa.ca\/#organization"},"potentialAction":[{"@type":"SearchAction","target":{"@type":"EntryPoint","urlTemplate":"https:\/\/carsa.ca\/?s={search_term_string}"},"query-input":{"@type":"PropertyValueSpecification","valueRequired":true,"valueName":"search_term_string"}}],"inLanguage":"fr-FR"},{"@type":"Organization","@id":"https:\/\/carsa.ca\/#organization","name":"Syst\u00e8me d&#039;\u00e9clairage automobile Carsa","url":"https:\/\/carsa.ca\/","logo":{"@type":"ImageObject","inLanguage":"fr-FR","@id":"https:\/\/carsa.ca\/#\/schema\/logo\/image\/","url":"https:\/\/carsa.ca\/wp-content\/uploads\/2024\/07\/CARSA-LOGO.svg","contentUrl":"https:\/\/carsa.ca\/wp-content\/uploads\/2024\/07\/CARSA-LOGO.svg","width":2512,"height":504,"caption":"Carsa Automotive Lighting System"},"image":{"@id":"https:\/\/carsa.ca\/#\/schema\/logo\/image\/"}}]}},"_links":{"self":[{"href":"https:\/\/carsa.ca\/fr\/wp-json\/wp\/v2\/pages\/14","targetHints":{"allow":["GET"]}}],"collection":[{"href":"https:\/\/carsa.ca\/fr\/wp-json\/wp\/v2\/pages"}],"about":[{"href":"https:\/\/carsa.ca\/fr\/wp-json\/wp\/v2\/types\/page"}],"author":[{"embeddable":true,"href":"https:\/\/carsa.ca\/fr\/wp-json\/wp\/v2\/users\/1"}],"replies":[{"embeddable":true,"href":"https:\/\/carsa.ca\/fr\/wp-json\/wp\/v2\/comments?post=14"}],"version-history":[{"count":3,"href":"https:\/\/carsa.ca\/fr\/wp-json\/wp\/v2\/pages\/14\/revisions"}],"predecessor-version":[{"id":8578,"href":"https:\/\/carsa.ca\/fr\/wp-json\/wp\/v2\/pages\/14\/revisions\/8578"}],"wp:attachment":[{"href":"https:\/\/carsa.ca\/fr\/wp-json\/wp\/v2\/media?parent=14"}],"curies":[{"name":"wp","href":"https:\/\/api.w.org\/{rel}","templated":true}]}}