{"id":7599,"date":"2024-07-07T11:21:06","date_gmt":"2024-07-07T11:21:06","guid":{"rendered":"https:\/\/demotasarim.online\/?post_type=product&#038;p=7599"},"modified":"2024-08-09T20:08:38","modified_gmt":"2024-08-09T20:08:38","slug":"1156-ba15s-led-interior-and-exterior-led-lights-white-6000k-2-bulbs","status":"publish","type":"product","link":"https:\/\/carsa.ca\/fr\/produit\/1156-ba15s-led-interior-and-exterior-led-lights-white-6000k-2-bulbs\/","title":{"rendered":"1156 BA15S LED | Feux LED int\u00e9rieurs et ext\u00e9rieurs | Blanc (6000K) | 2 ampoules"},"content":{"rendered":"<div class=\"product-description rte\" data-product-description=\"\">\n<p>Am\u00e9liorez vos phares avec l&#039;ampoule LED pour votre v\u00e9hicule, ce qui augmentera \u00e9galement votre s\u00e9curit\u00e9 de conduite. Les ampoules de phares \u00e0 LED CARSA s&#039;adaptent \u00e0 toutes les conditions m\u00e9t\u00e9orologiques, en particulier la pluie, la neige, le brouillard et les conditions m\u00e9t\u00e9orologiques plus extr\u00eames.<\/p>\n<p>LIVRAISON GRATUITE POUR LES COMMANDES DE PLUS DE $110. Avec Postes Canada, un num\u00e9ro de suivi est fourni.<\/p>\n<p> Si vous achetez 2 ensembles ou plus, vous recevrez une r\u00e9duction SUPPL\u00c9MENTAIRE de $10.<\/p>\n<p>Ampoules extr\u00eamement lumineuses et durables avec une garantie d&#039;un an.<\/p>\n<p> Un ensemble de feux de plaque d&#039;immatriculation ou un ensemble d&#039;ampoules int\u00e9rieures GRATUIT avec tout achat.<\/p>\n<p>Kit de conversion tout-en-un. Toutes les ampoules int\u00e9rieures et ext\u00e9rieures sont disponibles dans les lumens les plus \u00e9lev\u00e9s.<\/p>\n<p>Luminosit\u00e9 am\u00e9lior\u00e9e et performances fiables avec un circuit \u00e0 courant constant.<\/p>\n<p><span data-mce-fragment=\"1\"><\/span>Options de couleurs disponibles : W<strong>frapper<\/strong><\/p>\n<p><span data-mce-fragment=\"1\"><\/span>2 ampoules par paquet<\/p>\n<p><span data-mce-fragment=\"1\"><\/span>Canbus int\u00e9gr\u00e9 : <strong>Oui<\/strong><\/p>\n<p> Aucun composant suppl\u00e9mentaire, aucun frais n&#039;est n\u00e9cessaire. Installation plug-and-play facile.<\/p>\n<p><span data-mce-fragment=\"1\">\u00a0<\/span>Veuillez noter qu&#039;ils ne peuvent pas \u00eatre utilis\u00e9s comme feux de jour, qu&#039;ils peuvent scintiller ou ne pas pouvoir s&#039;allumer en raison de la faible tension des feux de jour. Veuillez vous assurer de d\u00e9sactiver la fonction DRL et d&#039;activer UNIQUEMENT la fonction feux de route.<\/p>\n<p><br data-mce-fragment=\"1\" \/><br data-mce-fragment=\"1\" \/><img decoding=\"async\" src=\"https:\/\/carsa.ca\/wp-content\/uploads\/2023\/01\/1156_480x480.jpg?v=1666646279\" alt=\"\" data-mce-fragment=\"1\" \/><br data-mce-fragment=\"1\" \/><br data-mce-fragment=\"1\" \/>Ces ampoules sont des remplacements plug-and-play pour vos ampoules halog\u00e8nes standard, aucune modification de votre v\u00e9hicule n&#039;est donc n\u00e9cessaire pour l&#039;installation. Obtenez \u00e0 la fois un look \u00e9l\u00e9gant pour votre v\u00e9hicule et une visibilit\u00e9 am\u00e9lior\u00e9e pour une conduite plus s\u00fbre la nuit avec l&#039;ampoule de phare \u00e0 LED CARSA.<\/p>\n<p><img decoding=\"async\" src=\"https:\/\/carsa.ca\/wp-content\/uploads\/2023\/01\/1156_480x480.jpg?v=1666646279\" alt=\"\" data-mce-fragment=\"1\" \/><\/p>\n<p>&nbsp;<\/p>\n<p>&nbsp;<\/p>\n<p>Puissantes, fiables et compactes. Ces ampoules 1156 sont dot\u00e9es d&#039;une technologie \u00e9prouv\u00e9e avec des LED haute luminosit\u00e9 et une conception \u00e0 courant constant pour assurer leur long\u00e9vit\u00e9 tout en doublant votre luminosit\u00e9 d&#039;origine ou plus. De plus, une conception avanc\u00e9e d&#039;annulation d&#039;erreur CANBUS a \u00e9t\u00e9 ajout\u00e9e afin que les ampoules soient correctement trait\u00e9es par l&#039;ordinateur de bord du v\u00e9hicule.<\/p>\n<p>&nbsp;<\/p>\n<p><img decoding=\"async\" src=\"https:\/\/carsa.ca\/wp-content\/uploads\/2023\/01\/1156-3_480x480.jpg?v=1666646370\" alt=\"\" \/><\/p>\n<h4>Sp\u00e9cifications techniques :<\/h4>\n<ul>\n<li>Puissance : 12 W<\/li>\n<li>Tension : 9-16 V<\/li>\n<li>Canbus int\u00e9gr\u00e9 : Oui<\/li>\n<\/ul>\n<h4>R\u00e9f\u00e9rence crois\u00e9e de l&#039;ampoule\u00a0:<\/h4>\n<ul>\n<li>1156 (circuit simple) = P21W 1073 1093 1129 1141 1159 1295 1459 1619 1651 1680 7506 7527 2EI2011 Wagner 17635 Ba15s<\/li>\n<\/ul>\n<p><img decoding=\"async\" src=\"https:\/\/carsa.ca\/wp-content\/uploads\/2023\/01\/1156-4_480x480.jpg?v=1666646671\" alt=\"\" data-mce-fragment=\"1\" \/><\/p>\n<p>&nbsp;<\/p>\n<p>&nbsp;<\/p>\n<p><span class=\"a-list-item\">VEUILLEZ NOUS INDIQUER L&#039;ANN\u00c9E ET LE MOD\u00c8LE DE VOTRE V\u00c9HICULE, NOUS VOUS OBTENIRONS LES BONNES AMPOULES.<\/span><\/p>\n<p><span data-mce-fragment=\"1\"> Nous comprenons qu&#039;il peut parfois \u00eatre difficile de trouver en ligne l&#039;ampoule adapt\u00e9e \u00e0 votre v\u00e9hicule. Si vous n&#039;\u00eates pas s\u00fbr du mod\u00e8le compatible avec votre v\u00e9hicule, n&#039;h\u00e9sitez pas \u00e0 nous demander conseil. Nous trouverons le type d&#039;ampoule qui vous convient.<\/span><\/p>\n<p><span data-mce-fragment=\"1\"> Guide d&#039;installation :<\/span><\/p>\n<p><span data-mce-fragment=\"1\"> Assurez-vous que le moteur est \u00e9teint et froid. (Au moins quelques heures)<\/span><\/p>\n<p><span data-mce-fragment=\"1\"> Changez toujours les ampoules en m\u00eame temps : garder l\u2019ancienne avec la nouvelle a tendance \u00e0 les faire griller toutes les deux tr\u00e8s rapidement.<\/span><\/p>\n<p><span data-mce-fragment=\"1\"> Assurez-vous que les loquets autour des ampoules sont correctement fix\u00e9s.<\/span><\/p>\n<p><span data-mce-fragment=\"1\"> Si l&#039;ampoule LED ne s&#039;allume pas apr\u00e8s l&#039;installation, retournez la prise et rebranchez-la. Assurez-vous que le p\u00f4le positif correspond au p\u00f4le n\u00e9gatif.<\/span><\/p>\n<p><span data-mce-fragment=\"1\"><img decoding=\"async\" src=\"https:\/\/carsa.ca\/wp-content\/uploads\/2023\/01\/1156-5_480x480.jpg?v=1666646704\" alt=\"\" \/><\/span><\/p>\n<p><span data-mce-fragment=\"1\"><img decoding=\"async\" src=\"https:\/\/carsa.ca\/wp-content\/uploads\/2023\/01\/271255557_4665183696935146_4976022738138774875_n_480x480.jpg?v=1648587944\" alt=\"\" \/><\/span><\/p>\n<\/div>","protected":false},"excerpt":{"rendered":"<p>Upgrade your headlight to the LED bulb for your vehicle which will also increase your driving safety. CARSA LED Headlight Bulbs fit all weather conditions, especially rainy, snowy, foggy, and more extreme weather. FREE SHIPPING FOR ORDERS OVER $110. With Canada Post, a tracking number is provided. If you purchase 2 or more sets you [&hellip;]<\/p>\n","protected":false},"featured_media":7629,"template":"","meta":[],"product_brand":[],"product_cat":[180,181],"product_tag":[182,183,184,185,186,187,188,189,190,191,192,193,194,195,196,197,198,199,200,201,202,203,204,205,206,207,208,209,210,211,212,213,214,215,216,217,218,219,220,221,222,223,224,225,226,227,228,229,230,231,232,233,234,235,236,237,238,239,240,241,242,243,244,245,246,247,248,249,250,251,252,253,254,255,256,257,258,259,260,261,262,263,264,265,266,267,268,269,270,271,272,273,274,275,276,277,278,279],"class_list":{"0":"post-7599","1":"product","2":"type-product","3":"status-publish","4":"has-post-thumbnail","6":"product_cat-all-products","7":"product_cat-exterior-interior-lights","8":"product_tag-182","9":"product_tag-acura","10":"product_tag-advance-mixer","11":"product_tag-alfa-romeo","12":"product_tag-am-general","13":"product_tag-american-lafrance","14":"product_tag-aprilia-motorcycle","15":"product_tag-arctic-cat","16":"product_tag-argo","17":"product_tag-argo-motorcycle","18":"product_tag-aston-martin","19":"product_tag-audi","20":"product_tag-ba15s","21":"product_tag-bentley","22":"product_tag-bering","23":"product_tag-bimota-motorcycle","24":"product_tag-blue-bird","25":"product_tag-bmw","26":"product_tag-bmw-motorcycle","27":"product_tag-buick","28":"product_tag-cadillac","29":"product_tag-canam","30":"product_tag-canam-motorcycle","31":"product_tag-chevrolet","32":"product_tag-chrysler","33":"product_tag-daewoo","34":"product_tag-daihatsu","35":"product_tag-diamond-reo","36":"product_tag-dodge","37":"product_tag-eagle","38":"product_tag-ferrari","39":"product_tag-fiat","40":"product_tag-ford","41":"product_tag-freightliner","42":"product_tag-geo","43":"product_tag-gmc","44":"product_tag-harley-davidson-motorcycle","45":"product_tag-hino","46":"product_tag-honda","47":"product_tag-honda-motorcycle","48":"product_tag-hummer","49":"product_tag-hyundai","50":"product_tag-indian-motorcycle","51":"product_tag-infiniti","52":"product_tag-interior-and-exterior","53":"product_tag-international","54":"product_tag-isuzu","55":"product_tag-iveco","56":"product_tag-jaguar","57":"product_tag-jeep","58":"product_tag-john-deere","59":"product_tag-kawasaki-motorcycle","60":"product_tag-kenworth","61":"product_tag-kia","62":"product_tag-ktm-motorcycle","63":"product_tag-kubota","64":"product_tag-kymco-motorcycle","65":"product_tag-lamborghini","66":"product_tag-land-rover","67":"product_tag-lexus","68":"product_tag-lincoln","69":"product_tag-mack","70":"product_tag-maserati","71":"product_tag-mazda","72":"product_tag-mazda-2","73":"product_tag-mazda-2-2014","74":"product_tag-mercedesbenz","75":"product_tag-mercury","76":"product_tag-mini","77":"product_tag-mitsubishi","78":"product_tag-mitsubishi-fuso","79":"product_tag-mobility-ventures","80":"product_tag-nissan","81":"product_tag-oldsmobile","82":"product_tag-peterbilt","83":"product_tag-peugeot","84":"product_tag-plymouth","85":"product_tag-pontiac","86":"product_tag-porsche","87":"product_tag-prevost","88":"product_tag-ram","89":"product_tag-saab","90":"product_tag-saturn","91":"product_tag-smart","92":"product_tag-sterling","93":"product_tag-subaru","94":"product_tag-suzuki","95":"product_tag-suzuki-motorcycle","96":"product_tag-think","97":"product_tag-toyota","98":"product_tag-ud","99":"product_tag-vespa-motorcycle","100":"product_tag-volkswagen","101":"product_tag-volvo","102":"product_tag-white-gmc","103":"product_tag-yamaha-motorcycle","104":"product_tag-yugo","105":"product_tag-zero-motorcycle","106":"product_shipping_class-standart","108":"first","109":"instock","110":"sale","111":"taxable","112":"shipping-taxable","113":"purchasable","114":"product-type-simple","115":"add-to-wishlist-after_add_to_cart"},"yoast_head":"<!-- This site is optimized with the Yoast SEO plugin v27.3 - https:\/\/yoast.com\/product\/yoast-seo-wordpress\/ -->\n<title>1156 BA15S LED | Interior and Exterior LED Lights | White (6000K) | 2 Bulbs - Carsa Automotive Lighting System<\/title>\n<meta name=\"robots\" content=\"index, follow, max-snippet:-1, max-image-preview:large, max-video-preview:-1\" \/>\n<link rel=\"canonical\" href=\"https:\/\/carsa.ca\/fr\/produit\/1156-ba15s-led-interior-and-exterior-led-lights-white-6000k-2-bulbs\/\" \/>\n<meta property=\"og:locale\" content=\"fr_FR\" \/>\n<meta property=\"og:type\" content=\"article\" \/>\n<meta property=\"og:title\" content=\"1156 BA15S LED | Interior and Exterior LED Lights | White (6000K) | 2 Bulbs - Carsa Automotive Lighting System\" \/>\n<meta property=\"og:description\" content=\"Upgrade your headlight to the LED bulb for your vehicle which will also increase your driving safety. CARSA LED Headlight Bulbs fit all weather conditions, especially rainy, snowy, foggy, and more extreme weather. FREE SHIPPING FOR ORDERS OVER $110. With Canada Post, a tracking number is provided. If you purchase 2 or more sets you [&hellip;]\" \/>\n<meta property=\"og:url\" content=\"https:\/\/carsa.ca\/fr\/produit\/1156-ba15s-led-interior-and-exterior-led-lights-white-6000k-2-bulbs\/\" \/>\n<meta property=\"og:site_name\" content=\"Carsa Automotive Lighting System\" \/>\n<meta property=\"article:modified_time\" content=\"2024-08-09T20:08:38+00:00\" \/>\n<meta property=\"og:image\" content=\"https:\/\/carsa.ca\/wp-content\/uploads\/2024\/07\/1156.jpg\" \/>\n\t<meta property=\"og:image:width\" content=\"581\" \/>\n\t<meta property=\"og:image:height\" content=\"567\" \/>\n\t<meta property=\"og:image:type\" content=\"image\/jpeg\" \/>\n<meta name=\"twitter:card\" content=\"summary_large_image\" \/>\n<meta name=\"twitter:label1\" content=\"Dur\u00e9e de lecture estim\u00e9e\" \/>\n\t<meta name=\"twitter:data1\" content=\"2 minutes\" \/>\n<script type=\"application\/ld+json\" class=\"yoast-schema-graph\">{\"@context\":\"https:\\\/\\\/schema.org\",\"@graph\":[{\"@type\":\"WebPage\",\"@id\":\"https:\\\/\\\/carsa.ca\\\/product\\\/1156-ba15s-led-interior-and-exterior-led-lights-white-6000k-2-bulbs\\\/\",\"url\":\"https:\\\/\\\/carsa.ca\\\/product\\\/1156-ba15s-led-interior-and-exterior-led-lights-white-6000k-2-bulbs\\\/\",\"name\":\"1156 BA15S LED | Interior and Exterior LED Lights | White (6000K) | 2 Bulbs - Carsa Automotive Lighting System\",\"isPartOf\":{\"@id\":\"https:\\\/\\\/carsa.ca\\\/#website\"},\"primaryImageOfPage\":{\"@id\":\"https:\\\/\\\/carsa.ca\\\/product\\\/1156-ba15s-led-interior-and-exterior-led-lights-white-6000k-2-bulbs\\\/#primaryimage\"},\"image\":{\"@id\":\"https:\\\/\\\/carsa.ca\\\/product\\\/1156-ba15s-led-interior-and-exterior-led-lights-white-6000k-2-bulbs\\\/#primaryimage\"},\"thumbnailUrl\":\"https:\\\/\\\/carsa.ca\\\/wp-content\\\/uploads\\\/2024\\\/07\\\/1156.jpg\",\"datePublished\":\"2024-07-07T11:21:06+00:00\",\"dateModified\":\"2024-08-09T20:08:38+00:00\",\"breadcrumb\":{\"@id\":\"https:\\\/\\\/carsa.ca\\\/product\\\/1156-ba15s-led-interior-and-exterior-led-lights-white-6000k-2-bulbs\\\/#breadcrumb\"},\"inLanguage\":\"fr-FR\",\"potentialAction\":[{\"@type\":\"ReadAction\",\"target\":[\"https:\\\/\\\/carsa.ca\\\/product\\\/1156-ba15s-led-interior-and-exterior-led-lights-white-6000k-2-bulbs\\\/\"]}]},{\"@type\":\"ImageObject\",\"inLanguage\":\"fr-FR\",\"@id\":\"https:\\\/\\\/carsa.ca\\\/product\\\/1156-ba15s-led-interior-and-exterior-led-lights-white-6000k-2-bulbs\\\/#primaryimage\",\"url\":\"https:\\\/\\\/carsa.ca\\\/wp-content\\\/uploads\\\/2024\\\/07\\\/1156.jpg\",\"contentUrl\":\"https:\\\/\\\/carsa.ca\\\/wp-content\\\/uploads\\\/2024\\\/07\\\/1156.jpg\",\"width\":581,\"height\":567},{\"@type\":\"BreadcrumbList\",\"@id\":\"https:\\\/\\\/carsa.ca\\\/product\\\/1156-ba15s-led-interior-and-exterior-led-lights-white-6000k-2-bulbs\\\/#breadcrumb\",\"itemListElement\":[{\"@type\":\"ListItem\",\"position\":1,\"name\":\"Home\",\"item\":\"https:\\\/\\\/carsa.ca\\\/\"},{\"@type\":\"ListItem\",\"position\":2,\"name\":\"Shop\",\"item\":\"https:\\\/\\\/carsa.ca\\\/fr\\\/shop\\\/\"},{\"@type\":\"ListItem\",\"position\":3,\"name\":\"1156 BA15S LED | Interior and Exterior LED Lights | White (6000K) | 2 Bulbs\"}]},{\"@type\":\"WebSite\",\"@id\":\"https:\\\/\\\/carsa.ca\\\/#website\",\"url\":\"https:\\\/\\\/carsa.ca\\\/\",\"name\":\"Carsa Automotive Lighting System\",\"description\":\"\",\"publisher\":{\"@id\":\"https:\\\/\\\/carsa.ca\\\/#organization\"},\"potentialAction\":[{\"@type\":\"SearchAction\",\"target\":{\"@type\":\"EntryPoint\",\"urlTemplate\":\"https:\\\/\\\/carsa.ca\\\/?s={search_term_string}\"},\"query-input\":{\"@type\":\"PropertyValueSpecification\",\"valueRequired\":true,\"valueName\":\"search_term_string\"}}],\"inLanguage\":\"fr-FR\"},{\"@type\":\"Organization\",\"@id\":\"https:\\\/\\\/carsa.ca\\\/#organization\",\"name\":\"Carsa Automotive Lighting System\",\"url\":\"https:\\\/\\\/carsa.ca\\\/\",\"logo\":{\"@type\":\"ImageObject\",\"inLanguage\":\"fr-FR\",\"@id\":\"https:\\\/\\\/carsa.ca\\\/#\\\/schema\\\/logo\\\/image\\\/\",\"url\":\"https:\\\/\\\/carsa.ca\\\/wp-content\\\/uploads\\\/2024\\\/07\\\/CARSA-LOGO.svg\",\"contentUrl\":\"https:\\\/\\\/carsa.ca\\\/wp-content\\\/uploads\\\/2024\\\/07\\\/CARSA-LOGO.svg\",\"width\":2512,\"height\":504,\"caption\":\"Carsa Automotive Lighting System\"},\"image\":{\"@id\":\"https:\\\/\\\/carsa.ca\\\/#\\\/schema\\\/logo\\\/image\\\/\"}}]}<\/script>\n<!-- \/ Yoast SEO plugin. -->","yoast_head_json":{"title":"1156 BA15S LED | Interior and Exterior LED Lights | White (6000K) | 2 Bulbs - Carsa Automotive Lighting System","robots":{"index":"index","follow":"follow","max-snippet":"max-snippet:-1","max-image-preview":"max-image-preview:large","max-video-preview":"max-video-preview:-1"},"canonical":"https:\/\/carsa.ca\/fr\/produit\/1156-ba15s-led-interior-and-exterior-led-lights-white-6000k-2-bulbs\/","og_locale":"fr_FR","og_type":"article","og_title":"1156 BA15S LED | Interior and Exterior LED Lights | White (6000K) | 2 Bulbs - Carsa Automotive Lighting System","og_description":"Upgrade your headlight to the LED bulb for your vehicle which will also increase your driving safety. CARSA LED Headlight Bulbs fit all weather conditions, especially rainy, snowy, foggy, and more extreme weather. FREE SHIPPING FOR ORDERS OVER $110. With Canada Post, a tracking number is provided. If you purchase 2 or more sets you [&hellip;]","og_url":"https:\/\/carsa.ca\/fr\/produit\/1156-ba15s-led-interior-and-exterior-led-lights-white-6000k-2-bulbs\/","og_site_name":"Carsa Automotive Lighting System","article_modified_time":"2024-08-09T20:08:38+00:00","og_image":[{"width":581,"height":567,"url":"https:\/\/carsa.ca\/wp-content\/uploads\/2024\/07\/1156.jpg","type":"image\/jpeg"}],"twitter_card":"summary_large_image","twitter_misc":{"Dur\u00e9e de lecture estim\u00e9e":"2 minutes"},"schema":{"@context":"https:\/\/schema.org","@graph":[{"@type":"WebPage","@id":"https:\/\/carsa.ca\/product\/1156-ba15s-led-interior-and-exterior-led-lights-white-6000k-2-bulbs\/","url":"https:\/\/carsa.ca\/product\/1156-ba15s-led-interior-and-exterior-led-lights-white-6000k-2-bulbs\/","name":"1156 BA15S LED | Interior and Exterior LED Lights | White (6000K) | 2 Bulbs - Carsa Automotive Lighting System","isPartOf":{"@id":"https:\/\/carsa.ca\/#website"},"primaryImageOfPage":{"@id":"https:\/\/carsa.ca\/product\/1156-ba15s-led-interior-and-exterior-led-lights-white-6000k-2-bulbs\/#primaryimage"},"image":{"@id":"https:\/\/carsa.ca\/product\/1156-ba15s-led-interior-and-exterior-led-lights-white-6000k-2-bulbs\/#primaryimage"},"thumbnailUrl":"https:\/\/carsa.ca\/wp-content\/uploads\/2024\/07\/1156.jpg","datePublished":"2024-07-07T11:21:06+00:00","dateModified":"2024-08-09T20:08:38+00:00","breadcrumb":{"@id":"https:\/\/carsa.ca\/product\/1156-ba15s-led-interior-and-exterior-led-lights-white-6000k-2-bulbs\/#breadcrumb"},"inLanguage":"fr-FR","potentialAction":[{"@type":"ReadAction","target":["https:\/\/carsa.ca\/product\/1156-ba15s-led-interior-and-exterior-led-lights-white-6000k-2-bulbs\/"]}]},{"@type":"ImageObject","inLanguage":"fr-FR","@id":"https:\/\/carsa.ca\/product\/1156-ba15s-led-interior-and-exterior-led-lights-white-6000k-2-bulbs\/#primaryimage","url":"https:\/\/carsa.ca\/wp-content\/uploads\/2024\/07\/1156.jpg","contentUrl":"https:\/\/carsa.ca\/wp-content\/uploads\/2024\/07\/1156.jpg","width":581,"height":567},{"@type":"BreadcrumbList","@id":"https:\/\/carsa.ca\/product\/1156-ba15s-led-interior-and-exterior-led-lights-white-6000k-2-bulbs\/#breadcrumb","itemListElement":[{"@type":"ListItem","position":1,"name":"Home","item":"https:\/\/carsa.ca\/"},{"@type":"ListItem","position":2,"name":"Shop","item":"https:\/\/carsa.ca\/fr\/shop\/"},{"@type":"ListItem","position":3,"name":"1156 BA15S LED | Interior and Exterior LED Lights | White (6000K) | 2 Bulbs"}]},{"@type":"WebSite","@id":"https:\/\/carsa.ca\/#website","url":"https:\/\/carsa.ca\/","name":"Syst\u00e8me d&#039;\u00e9clairage automobile Carsa","description":"","publisher":{"@id":"https:\/\/carsa.ca\/#organization"},"potentialAction":[{"@type":"SearchAction","target":{"@type":"EntryPoint","urlTemplate":"https:\/\/carsa.ca\/?s={search_term_string}"},"query-input":{"@type":"PropertyValueSpecification","valueRequired":true,"valueName":"search_term_string"}}],"inLanguage":"fr-FR"},{"@type":"Organization","@id":"https:\/\/carsa.ca\/#organization","name":"Syst\u00e8me d&#039;\u00e9clairage automobile Carsa","url":"https:\/\/carsa.ca\/","logo":{"@type":"ImageObject","inLanguage":"fr-FR","@id":"https:\/\/carsa.ca\/#\/schema\/logo\/image\/","url":"https:\/\/carsa.ca\/wp-content\/uploads\/2024\/07\/CARSA-LOGO.svg","contentUrl":"https:\/\/carsa.ca\/wp-content\/uploads\/2024\/07\/CARSA-LOGO.svg","width":2512,"height":504,"caption":"Carsa Automotive Lighting System"},"image":{"@id":"https:\/\/carsa.ca\/#\/schema\/logo\/image\/"}}]}},"_links":{"self":[{"href":"https:\/\/carsa.ca\/fr\/wp-json\/wp\/v2\/product\/7599","targetHints":{"allow":["GET"]}}],"collection":[{"href":"https:\/\/carsa.ca\/fr\/wp-json\/wp\/v2\/product"}],"about":[{"href":"https:\/\/carsa.ca\/fr\/wp-json\/wp\/v2\/types\/product"}],"wp:featuredmedia":[{"embeddable":true,"href":"https:\/\/carsa.ca\/fr\/wp-json\/wp\/v2\/media\/7629"}],"wp:attachment":[{"href":"https:\/\/carsa.ca\/fr\/wp-json\/wp\/v2\/media?parent=7599"}],"wp:term":[{"taxonomy":"product_brand","embeddable":true,"href":"https:\/\/carsa.ca\/fr\/wp-json\/wp\/v2\/product_brand?post=7599"},{"taxonomy":"product_cat","embeddable":true,"href":"https:\/\/carsa.ca\/fr\/wp-json\/wp\/v2\/product_cat?post=7599"},{"taxonomy":"product_tag","embeddable":true,"href":"https:\/\/carsa.ca\/fr\/wp-json\/wp\/v2\/product_tag?post=7599"}],"curies":[{"name":"wp","href":"https:\/\/api.w.org\/{rel}","templated":true}]}}