{"id":7600,"date":"2024-07-07T11:21:06","date_gmt":"2024-07-07T11:21:06","guid":{"rendered":"https:\/\/demotasarim.online\/?post_type=product&#038;p=7600"},"modified":"2024-08-09T20:08:38","modified_gmt":"2024-08-09T20:08:38","slug":"194-168-t10-led-w5w-led-bulb-3030-drl-car-auto-sidemarker-parking-interior-dome-light-reading-lamp-white-2-bulbs","status":"publish","type":"product","link":"https:\/\/carsa.ca\/fr\/produit\/194-168-t10-led-w5w-led-bulb-3030-drl-car-auto-sidemarker-parking-interior-dome-light-reading-lamp-white-2-bulbs\/","title":{"rendered":"Ampoule LED 194 168 T10 W5W LED 3030 DRL pour voiture, feu de position lat\u00e9ral, \u00e9clairage de stationnement, lampe de lecture, blanc \u2013 2 ampoules"},"content":{"rendered":"<div class=\"product-description rte\" data-product-description=\"\">\n<p><strong>Ampoule LED MAXGTRS T10 W5W 194 168 3030 DRL pour voiture, feu de position lat\u00e9ral, largeur de stationnement, \u00e9clairage d\u00f4me int\u00e9rieur, lampe de lecture 12 V<\/strong><\/p>\n<p><strong>\u00c0 propos de cette led :<\/strong><\/p>\n<p>*La marque Seoul 3030 Led Chips est la toute derni\u00e8re technologie d&#039;emballage LED pour moteur d&#039;\u00e9clairage LED<\/p>\n<p>* Tension : 12 V<\/p>\n<p>* Lumens : 600 lm<\/p>\n<p>* Puissance : 12 W (2 watts par puce, 6 puces)<\/p>\n<p>* Temp\u00e9rature de couleur : 6000K blanc<\/p>\n<p>* Dur\u00e9e de vie : 30 000 heures<\/p>\n<p>* Excellente dissipation de la chaleur<\/p>\n<p>* Mat\u00e9riau : alliage d&#039;aluminium, construit avec un dissipateur thermique de haute qualit\u00e9 ; r\u00e9sistant aux chocs (haute r\u00e9sistance aux chocs\/vibrations)<\/p>\n<p>* Certificats : CE, RoHS<\/p>\n<p>* Conception sans polarit\u00e9, installation facile, il suffit de brancher et de jouer<\/p>\n<p>* Traitement de surface par placage miroir pour augmenter le taux de r\u00e9flexion<\/p>\n<p>* Application : Installation sur voiture\/avion, signal automatique, v\u00e9hicules de loisirs, camions\/remorques, bateaux\/marines, motos, etc.<\/p>\n<p><img decoding=\"async\" src=\"https:\/\/carsa.ca\/wp-content\/uploads\/2023\/01\/194_9_480x480.jpg?v=1666648313\" alt=\"\" \/><\/p>\n<p><strong>**Note**<\/strong><\/p>\n<p>Faible consommation d&#039;\u00e9nergie, la puissance est calcul\u00e9e en fonction de la puissance th\u00e9orique de la LED. Parce que nous ajoutons la r\u00e9sistance pour prot\u00e9ger la LED. Ainsi, la puissance de sortie r\u00e9elle est inf\u00e9rieure \u00e0 la puissance th\u00e9orique<\/p>\n<p><strong>R\u00e9f\u00e9rence crois\u00e9e :<\/strong><\/p>\n<p>T10, W5W, 158, 168, 147, 152, 158, 159, 161, 168, 184, 192, 193, 901, 904, 912, 916, 917, 918, 920, 922, 923, 926, 927 et plus\u2026<\/p>\n<p><strong>Liste de colisage:<\/strong><\/p>\n<p>2 LED T10 3030 SMD<\/p>\n<p><img decoding=\"async\" src=\"https:\/\/carsa.ca\/wp-content\/uploads\/2023\/01\/194_10_480x480.jpg?v=1666648332\" alt=\"\" data-mce-fragment=\"1\" \/><\/p>\n<p>Am\u00e9liorez vos phares avec l&#039;ampoule LED pour votre v\u00e9hicule, ce qui augmentera \u00e9galement votre s\u00e9curit\u00e9 de conduite. Les ampoules de phares \u00e0 LED CARSA s&#039;adaptent \u00e0 toutes les conditions m\u00e9t\u00e9orologiques, en particulier la pluie, la neige, le brouillard et les conditions m\u00e9t\u00e9orologiques plus extr\u00eames.<\/p>\n<p><img decoding=\"async\" src=\"https:\/\/carsa.ca\/wp-content\/uploads\/2023\/01\/194_11_48521ef1-9921-449d-a90e-2329f4f89f6a_480x480.jpg?v=1666648353\" alt=\"\" data-mce-fragment=\"1\" \/><br data-mce-fragment=\"1\" \/><br data-mce-fragment=\"1\" \/><\/p>\n<p>Les ampoules LED T10 peuvent s&#039;adapter \u00e0 de nombreuses applications de v\u00e9hicules telles que les feux de coffre, les feux de capot, les plafonniers, les lampes de lecture et les lampes de plancher.<\/p>\n<p>Cette ampoule LED T10 remplace une vari\u00e9t\u00e9 d&#039;ampoules traditionnelles, notamment les ampoules 194, 168 et 912. Elle dispose de 6 LED (3030 SMD) mont\u00e9es radialement pour cr\u00e9er un angle de vision de 360 degr\u00e9s pour une meilleure \u00e9mission de lumi\u00e8re sur toute la surface avec des points chauds r\u00e9duits.<\/p>\n<p><img decoding=\"async\" src=\"https:\/\/carsa.ca\/wp-content\/uploads\/2023\/01\/194_21_480x480.jpg?v=1666647506\" alt=\"\" \/><\/p>\n<p>Conception courte de type tour avec base en forme de coin miniature pour une installation plug-and-play facile. L&#039;ampoule \u00e9conome en \u00e9nergie fonctionne sur 12 V CC et est con\u00e7ue pour durer 30 000 heures sur votre voiture, camion, VUS ou fourgonnette. 25 fois plus longtemps que les ampoules \u00e0 incandescence. Disponible en couleur blanche.<\/p>\n<p><img decoding=\"async\" src=\"https:\/\/carsa.ca\/wp-content\/uploads\/2023\/01\/194_13_9263e720-fc21-4574-84f1-79b75896a0c8_480x480.jpg?v=1666648393\" alt=\"\" \/><\/p>\n<h4>R\u00e9f\u00e9rence de couleur<\/h4>\n<div id=\"row-586062972\" class=\"row row-collapse\">\n<div id=\"col-1830585967\" class=\"col medium-1\/2 large-6\">\n<div class=\"col-inner\">\n<table id=\"vehiclesizechat\">\n<tbody>\n<tr>\n<td>Marqueur lat\u00e9ral avant<\/td>\n<td>Ambre<\/td>\n<\/tr>\n<tr>\n<td>Clignotant arri\u00e8re<\/td>\n<td>Ambre\/Rouge<\/td>\n<\/tr>\n<tr>\n<td>Clignotant avant<\/td>\n<td>Ambre\/Rouge\/Retour arri\u00e8re<\/td>\n<\/tr>\n<tr>\n<td>Feu de freinage<\/td>\n<td>Rouge<\/td>\n<\/tr>\n<tr>\n<td>Feu de position lat\u00e9ral arri\u00e8re<\/td>\n<td>Rouge<\/td>\n<\/tr>\n<tr>\n<td>Feu arri\u00e8re<\/td>\n<td>Rouge<\/td>\n<\/tr>\n<tr>\n<td>Feu stop sur\u00e9lev\u00e9<\/td>\n<td>Rouge<\/td>\n<\/tr>\n<tr>\n<td>Feu de recul<\/td>\n<td>Blanc<\/td>\n<\/tr>\n<tr>\n<td>Plafonnier<\/td>\n<td>Blanc<\/td>\n<\/tr>\n<tr>\n<td>Plaque d&#039;immatriculation<\/td>\n<td>Blanc<\/td>\n<\/tr>\n<\/tbody>\n<\/table>\n<\/div>\n<\/div>\n<div id=\"col-776515387\" class=\"col medium-1\/2 large-6\">\n<div class=\"col-inner\">\n<table id=\"vehiclesizechat\">\n<tbody>\n<tr>\n<td>Feu de stationnement<\/td>\n<td>Blanc<\/td>\n<\/tr>\n<tr>\n<td>Compartiment \u00e0 bagages<\/td>\n<td>Blanc<\/td>\n<\/tr>\n<tr>\n<td>Lumi\u00e8re de courtoisie<\/td>\n<td>Blanc<\/td>\n<\/tr>\n<tr>\n<td>Lampe de bo\u00eete \u00e0 gants<\/td>\n<td>Blanc<\/td>\n<\/tr>\n<tr>\n<td>Porte int\u00e9rieure<\/td>\n<td>Blanc<\/td>\n<\/tr>\n<tr>\n<td>Lampe de lecture<\/td>\n<td>Blanc<\/td>\n<\/tr>\n<tr>\n<td>Liseuse<\/td>\n<td>Blanc<\/td>\n<\/tr>\n<tr>\n<td>Lampe pour puits \u00e0 degr\u00e9s<\/td>\n<td>Blanc<\/td>\n<\/tr>\n<tr>\n<td>\u00c9clairage de coffre<\/td>\n<td>Blanc<\/td>\n<\/tr>\n<tr>\n<td>Lampe pour miroir de courtoisie<\/td>\n<td>Blanc<\/td>\n<\/tr>\n<\/tbody>\n<\/table>\n<\/div>\n<\/div>\n<\/div>\n<p>&nbsp;<\/p>\n<p><img decoding=\"async\" src=\"https:\/\/carsa.ca\/wp-content\/uploads\/2023\/01\/194_18_480x480.jpg?v=1666647450\" alt=\"\" \/><\/p>\n<h4>Caract\u00e9ristiques:<\/h4>\n<ul class=\"a-unordered-list a-vertical\">\n<li class=\"bullet-arrow\"><span class=\"a-list-item\"><span class=\"a-size-base\">Puissance : 5 W<\/span><\/span><\/li>\n<li class=\"bullet-arrow\">Tension : DC 9-24V<\/li>\n<li class=\"bullet-arrow\">Polarit\u00e9 : Aucune polarit\u00e9<\/li>\n<li class=\"bullet-arrow\"><span class=\"a-list-item\"><span class=\"a-size-base\">Dur\u00e9e de vie : &gt; 30 000 heures<\/span><\/span><\/li>\n<li class=\"bullet-arrow\">Puces LED : 3 pi\u00e8ces 3030 SMD<\/li>\n<li class=\"bullet-arrow\"><span class=\"a-list-item\"><span class=\"a-size-base\">Temp\u00e9rature de couleur : 6000K Blanc<\/span><\/span><\/li>\n<li class=\"bullet-arrow\">Lumen (par ampoule) : 300LMS\/Blanc<\/li>\n<\/ul>\n<p><img decoding=\"async\" src=\"https:\/\/carsa.ca\/wp-content\/uploads\/2023\/01\/194_19_480x480.jpg?v=1666647478\" alt=\"\" \/><\/p>\n<h4>Caract\u00e9ristiques:<\/h4>\n<ul class=\"a-unordered-list a-vertical a-spacing-mini\">\n<li class=\"bullet-arrow\"><span class=\"a-list-item\">Taille d&#039;ampoule adapt\u00e9e : T10, 147, 152, 158, 159, 161, 168, 175, 184, 192, 193, 194 2825 W5W, taille comparable aux ampoules halog\u00e8nes.<\/span><\/li>\n<li class=\"bullet-arrow\">Chaque ampoule LED T10 dispose de 5 puces LED SMD 3030 de haute qualit\u00e9, 200 lumens, 6000 K blanc, 5 W de sortie et une faible consommation d&#039;\u00e9nergie, 200% plus lumineuse que l&#039;halog\u00e8ne d&#039;origine.<\/li>\n<li class=\"bullet-arrow\">L&#039;angle d&#039;\u00e9clairage \u00e0 360 degr\u00e9s, la transmission de la source lumineuse 87% et l&#039;absence de points sombres vous offrent une exp\u00e9rience d&#039;\u00e9clairage lumineuse et confortable.<\/li>\n<li class=\"bullet-arrow\">Pas de polarit\u00e9, pas de retournement, il peut s&#039;allumer des deux c\u00f4t\u00e9s, pas besoin de modification ou de retournement suppl\u00e9mentaire, plug play, installation facile en 5 minutes.<\/li>\n<li class=\"bullet-arrow\">Utilis\u00e9 pour les \u00e9clairages de plaque d&#039;immatriculation, les lampes de lecture, les plafonniers, les \u00e9clairages du coffre, les \u00e9clairages de courtoisie des portes lat\u00e9rales, les feux de position, les lampes de lecture, les \u00e9clairages de la bo\u00eete \u00e0 gants, etc.<\/li>\n<li class=\"bullet-arrow\">Can-bus sans erreur pour la plupart des v\u00e9hicules, mais la capacit\u00e9 du can-bus peut \u00eatre limit\u00e9e aux v\u00e9hicules les plus r\u00e9cents, en particulier les v\u00e9hicules europ\u00e9ens, lorsqu&#039;ils sont utilis\u00e9s comme \u00e9clairage ext\u00e9rieur (comme pour les \u00e9clairages de plaque d&#039;immatriculation et les feux de stationnement)<\/li>\n<\/ul>\n<p><img decoding=\"async\" src=\"https:\/\/carsa.ca\/wp-content\/uploads\/2023\/01\/194_20_480x480.jpg?v=1666648432\" alt=\"\" \/><\/p>\n<p><strong>Ampoules LED T10 Auto 12V Canbus W5W 168 194 6000K Lampe de signalisation blanche D\u00f4me Lecture de plaque d&#039;immatriculation \u00c9clairage int\u00e9rieur de voiture<\/strong><\/p>\n<p>Caract\u00e9ristiques:<\/p>\n<p>Canbus sans erreur<\/p>\n<p>100% Tout neuf, qualit\u00e9 TOP A, facile \u00e0 installer.<\/p>\n<p>Tension de fonctionnement : 12 V<\/p>\n<p>Quantit\u00e9 de LED : 3 puces LED 3030SMD super lumineuses<\/p>\n<p>Couleur LED : 6000K blanc<\/p>\n<p>Luminosit\u00e9 : 300LM<\/p>\n<p>Poids : 5g<\/p>\n<p>Dur\u00e9e de vie : +30 000 heures<\/p>\n<p>Douille : T10 W5W 194 168<\/p>\n<p>Couleur : blanc, rouge, jaune, bleu, bleu glacier, rose et vert<\/p>\n<p>Utilisation : \u00e9clairage de plaque d&#039;immatriculation, \u00e9clairage de lecture, plafonnier, \u00e9clairage de carte, feux de jour<\/p>\n<p>Le forfait comprend:<\/p>\n<p>2 ampoules LED T10 W5W<\/p>\n<p><br data-mce-fragment=\"1\" \/>Ces ampoules sont des remplacements plug-and-play pour vos ampoules halog\u00e8nes standard, aucune modification de votre v\u00e9hicule n&#039;est donc n\u00e9cessaire pour l&#039;installation. Obtenez \u00e0 la fois un look \u00e9l\u00e9gant pour votre v\u00e9hicule et une visibilit\u00e9 am\u00e9lior\u00e9e pour une conduite plus s\u00fbre la nuit avec l&#039;ampoule de phare \u00e0 LED CARSA.<\/p>\n<p><img decoding=\"async\" src=\"https:\/\/carsa.ca\/wp-content\/uploads\/2023\/01\/IMG_3079_480x480.jpg?v=1648587375\" alt=\"\" data-mce-fragment=\"1\" \/><\/p>\n<p>LIVRAISON GRATUITE POUR LES COMMANDES DE PLUS DE $110. Avec Postes Canada, un num\u00e9ro de suivi est fourni.<\/p>\n<p>Aucun composant suppl\u00e9mentaire, aucun frais n&#039;est n\u00e9cessaire. Installation plug-and-play facile.<\/p>\n<p><span data-mce-fragment=\"1\">\u00a0<\/span>Conception compatible Can-bus : une\u00a0<strong>pilote mis \u00e0 niveau avec circuit int\u00e9gr\u00e9 intelligent int\u00e9gr\u00e9<\/strong>\u00a0et le contr\u00f4le de la temp\u00e9rature garantit que les lampes fonctionnent dans les meilleures conditions sans erreur ni interf\u00e9rence radio.<\/p>\n<p><img decoding=\"async\" src=\"https:\/\/carsa.ca\/wp-content\/uploads\/2023\/01\/IMG_2904_480x480.jpg?v=1648587916\" alt=\"\" data-mce-fragment=\"1\" \/><\/p>\n<p><span class=\"a-list-item\">VEUILLEZ NOUS INDIQUER L&#039;ANN\u00c9E ET LE MOD\u00c8LE DE VOTRE V\u00c9HICULE, NOUS VOUS OBTENIRONS LES BONNES AMPOULES.<\/span><\/p>\n<p><span data-mce-fragment=\"1\"> Nous comprenons qu&#039;il peut parfois \u00eatre difficile de trouver en ligne l&#039;ampoule adapt\u00e9e \u00e0 votre v\u00e9hicule. Si vous n&#039;\u00eates pas s\u00fbr du mod\u00e8le compatible avec votre v\u00e9hicule, n&#039;h\u00e9sitez pas \u00e0 nous demander conseil. Nous trouverons le type d&#039;ampoule qui vous convient.<\/span><\/p>\n<p><span data-mce-fragment=\"1\"> Guide d&#039;installation :<\/span><\/p>\n<p><span data-mce-fragment=\"1\"> Assurez-vous que le moteur est \u00e9teint et froid. (Au moins quelques heures)<\/span><\/p>\n<p><span data-mce-fragment=\"1\"> Changez toujours les ampoules en m\u00eame temps : garder l\u2019ancienne avec la nouvelle a tendance \u00e0 les faire griller toutes les deux tr\u00e8s rapidement.<\/span><\/p>\n<p><span data-mce-fragment=\"1\"> Assurez-vous que les loquets autour des ampoules sont correctement fix\u00e9s.<\/span><\/p>\n<p><span data-mce-fragment=\"1\"> Si l&#039;ampoule LED ne s&#039;allume pas apr\u00e8s l&#039;installation, retournez la prise et rebranchez-la. Assurez-vous que le p\u00f4le positif correspond au p\u00f4le n\u00e9gatif.<\/span><\/p>\n<p><span data-mce-fragment=\"1\"><img decoding=\"async\" src=\"https:\/\/carsa.ca\/wp-content\/uploads\/2023\/01\/271255557_4665183696935146_4976022738138774875_n_480x480.jpg?v=1648587944\" alt=\"\" \/><\/span><\/p>\n<\/div>","protected":false},"excerpt":{"rendered":"<p>MAXGTRS T10 LED W5W LED Bulb 194 168 3030 DRL Car Auto Sidemarker Parking Width Interior Dome Light Reading Lamp 12V About this led: *Brand of Seoul 3030 Led Chips is the newest technology of LED packaging for LED light engine * Voltage:12V Voltage * Lumen: 600lm * Wattage:12W (2 Watt per chip,6 chips) * [&hellip;]<\/p>\n","protected":false},"featured_media":7641,"template":"","meta":[],"product_brand":[],"product_cat":[180,280],"product_tag":[281,282,283],"class_list":{"0":"post-7600","1":"product","2":"type-product","3":"status-publish","4":"has-post-thumbnail","6":"product_cat-all-products","7":"product_cat-exterior-interior-lights-t10-194-168","8":"product_tag-281","9":"product_tag-282","10":"product_tag-283","11":"product_shipping_class-standart","13":"first","14":"instock","15":"sale","16":"taxable","17":"shipping-taxable","18":"purchasable","19":"product-type-simple","20":"add-to-wishlist-after_add_to_cart"},"yoast_head":"<!-- This site is optimized with the Yoast SEO plugin v27.3 - https:\/\/yoast.com\/product\/yoast-seo-wordpress\/ -->\n<title>194 168 T10 LED W5W LED Bulb 3030 DRL Car Auto Sidemarker Parking Interior Dome Light Reading Lamp White - 2 Bulbs - Carsa Automotive Lighting System<\/title>\n<meta name=\"robots\" content=\"index, follow, max-snippet:-1, max-image-preview:large, max-video-preview:-1\" \/>\n<link rel=\"canonical\" href=\"https:\/\/carsa.ca\/fr\/produit\/194-168-t10-led-w5w-led-bulb-3030-drl-car-auto-sidemarker-parking-interior-dome-light-reading-lamp-white-2-bulbs\/\" \/>\n<meta property=\"og:locale\" content=\"fr_FR\" \/>\n<meta property=\"og:type\" content=\"article\" \/>\n<meta property=\"og:title\" content=\"194 168 T10 LED W5W LED Bulb 3030 DRL Car Auto Sidemarker Parking Interior Dome Light Reading Lamp White - 2 Bulbs - Carsa Automotive Lighting System\" \/>\n<meta property=\"og:description\" content=\"MAXGTRS T10 LED W5W LED Bulb 194 168 3030 DRL Car Auto Sidemarker Parking Width Interior Dome Light Reading Lamp 12V About this led: *Brand of Seoul 3030 Led Chips is the newest technology of LED packaging for LED light engine * Voltage:12V Voltage * Lumen: 600lm * Wattage:12W (2 Watt per chip,6 chips) * [&hellip;]\" \/>\n<meta property=\"og:url\" content=\"https:\/\/carsa.ca\/fr\/produit\/194-168-t10-led-w5w-led-bulb-3030-drl-car-auto-sidemarker-parking-interior-dome-light-reading-lamp-white-2-bulbs\/\" \/>\n<meta property=\"og:site_name\" content=\"Carsa Automotive Lighting System\" \/>\n<meta property=\"article:modified_time\" content=\"2024-08-09T20:08:38+00:00\" \/>\n<meta property=\"og:image\" content=\"https:\/\/carsa.ca\/wp-content\/uploads\/2024\/07\/194_9.jpg\" \/>\n\t<meta property=\"og:image:width\" content=\"800\" \/>\n\t<meta property=\"og:image:height\" content=\"800\" \/>\n\t<meta property=\"og:image:type\" content=\"image\/jpeg\" \/>\n<meta name=\"twitter:card\" content=\"summary_large_image\" \/>\n<meta name=\"twitter:label1\" content=\"Dur\u00e9e de lecture estim\u00e9e\" \/>\n\t<meta name=\"twitter:data1\" content=\"4 minutes\" \/>\n<script type=\"application\/ld+json\" class=\"yoast-schema-graph\">{\"@context\":\"https:\\\/\\\/schema.org\",\"@graph\":[{\"@type\":\"WebPage\",\"@id\":\"https:\\\/\\\/carsa.ca\\\/product\\\/194-168-t10-led-w5w-led-bulb-3030-drl-car-auto-sidemarker-parking-interior-dome-light-reading-lamp-white-2-bulbs\\\/\",\"url\":\"https:\\\/\\\/carsa.ca\\\/product\\\/194-168-t10-led-w5w-led-bulb-3030-drl-car-auto-sidemarker-parking-interior-dome-light-reading-lamp-white-2-bulbs\\\/\",\"name\":\"194 168 T10 LED W5W LED Bulb 3030 DRL Car Auto Sidemarker Parking Interior Dome Light Reading Lamp White - 2 Bulbs - Carsa Automotive Lighting System\",\"isPartOf\":{\"@id\":\"https:\\\/\\\/carsa.ca\\\/#website\"},\"primaryImageOfPage\":{\"@id\":\"https:\\\/\\\/carsa.ca\\\/product\\\/194-168-t10-led-w5w-led-bulb-3030-drl-car-auto-sidemarker-parking-interior-dome-light-reading-lamp-white-2-bulbs\\\/#primaryimage\"},\"image\":{\"@id\":\"https:\\\/\\\/carsa.ca\\\/product\\\/194-168-t10-led-w5w-led-bulb-3030-drl-car-auto-sidemarker-parking-interior-dome-light-reading-lamp-white-2-bulbs\\\/#primaryimage\"},\"thumbnailUrl\":\"https:\\\/\\\/carsa.ca\\\/wp-content\\\/uploads\\\/2024\\\/07\\\/194_9.jpg\",\"datePublished\":\"2024-07-07T11:21:06+00:00\",\"dateModified\":\"2024-08-09T20:08:38+00:00\",\"breadcrumb\":{\"@id\":\"https:\\\/\\\/carsa.ca\\\/product\\\/194-168-t10-led-w5w-led-bulb-3030-drl-car-auto-sidemarker-parking-interior-dome-light-reading-lamp-white-2-bulbs\\\/#breadcrumb\"},\"inLanguage\":\"fr-FR\",\"potentialAction\":[{\"@type\":\"ReadAction\",\"target\":[\"https:\\\/\\\/carsa.ca\\\/product\\\/194-168-t10-led-w5w-led-bulb-3030-drl-car-auto-sidemarker-parking-interior-dome-light-reading-lamp-white-2-bulbs\\\/\"]}]},{\"@type\":\"ImageObject\",\"inLanguage\":\"fr-FR\",\"@id\":\"https:\\\/\\\/carsa.ca\\\/product\\\/194-168-t10-led-w5w-led-bulb-3030-drl-car-auto-sidemarker-parking-interior-dome-light-reading-lamp-white-2-bulbs\\\/#primaryimage\",\"url\":\"https:\\\/\\\/carsa.ca\\\/wp-content\\\/uploads\\\/2024\\\/07\\\/194_9.jpg\",\"contentUrl\":\"https:\\\/\\\/carsa.ca\\\/wp-content\\\/uploads\\\/2024\\\/07\\\/194_9.jpg\",\"width\":800,\"height\":800},{\"@type\":\"BreadcrumbList\",\"@id\":\"https:\\\/\\\/carsa.ca\\\/product\\\/194-168-t10-led-w5w-led-bulb-3030-drl-car-auto-sidemarker-parking-interior-dome-light-reading-lamp-white-2-bulbs\\\/#breadcrumb\",\"itemListElement\":[{\"@type\":\"ListItem\",\"position\":1,\"name\":\"Home\",\"item\":\"https:\\\/\\\/carsa.ca\\\/\"},{\"@type\":\"ListItem\",\"position\":2,\"name\":\"Shop\",\"item\":\"https:\\\/\\\/carsa.ca\\\/fr\\\/shop\\\/\"},{\"@type\":\"ListItem\",\"position\":3,\"name\":\"194 168 T10 LED W5W LED Bulb 3030 DRL Car Auto Sidemarker Parking Interior Dome Light Reading Lamp White &#8211; 2 Bulbs\"}]},{\"@type\":\"WebSite\",\"@id\":\"https:\\\/\\\/carsa.ca\\\/#website\",\"url\":\"https:\\\/\\\/carsa.ca\\\/\",\"name\":\"Carsa Automotive Lighting System\",\"description\":\"\",\"publisher\":{\"@id\":\"https:\\\/\\\/carsa.ca\\\/#organization\"},\"potentialAction\":[{\"@type\":\"SearchAction\",\"target\":{\"@type\":\"EntryPoint\",\"urlTemplate\":\"https:\\\/\\\/carsa.ca\\\/?s={search_term_string}\"},\"query-input\":{\"@type\":\"PropertyValueSpecification\",\"valueRequired\":true,\"valueName\":\"search_term_string\"}}],\"inLanguage\":\"fr-FR\"},{\"@type\":\"Organization\",\"@id\":\"https:\\\/\\\/carsa.ca\\\/#organization\",\"name\":\"Carsa Automotive Lighting System\",\"url\":\"https:\\\/\\\/carsa.ca\\\/\",\"logo\":{\"@type\":\"ImageObject\",\"inLanguage\":\"fr-FR\",\"@id\":\"https:\\\/\\\/carsa.ca\\\/#\\\/schema\\\/logo\\\/image\\\/\",\"url\":\"https:\\\/\\\/carsa.ca\\\/wp-content\\\/uploads\\\/2024\\\/07\\\/CARSA-LOGO.svg\",\"contentUrl\":\"https:\\\/\\\/carsa.ca\\\/wp-content\\\/uploads\\\/2024\\\/07\\\/CARSA-LOGO.svg\",\"width\":2512,\"height\":504,\"caption\":\"Carsa Automotive Lighting System\"},\"image\":{\"@id\":\"https:\\\/\\\/carsa.ca\\\/#\\\/schema\\\/logo\\\/image\\\/\"}}]}<\/script>\n<!-- \/ Yoast SEO plugin. -->","yoast_head_json":{"title":"194 168 T10 LED W5W LED Bulb 3030 DRL Car Auto Sidemarker Parking Interior Dome Light Reading Lamp White - 2 Bulbs - Carsa Automotive Lighting System","robots":{"index":"index","follow":"follow","max-snippet":"max-snippet:-1","max-image-preview":"max-image-preview:large","max-video-preview":"max-video-preview:-1"},"canonical":"https:\/\/carsa.ca\/fr\/produit\/194-168-t10-led-w5w-led-bulb-3030-drl-car-auto-sidemarker-parking-interior-dome-light-reading-lamp-white-2-bulbs\/","og_locale":"fr_FR","og_type":"article","og_title":"194 168 T10 LED W5W LED Bulb 3030 DRL Car Auto Sidemarker Parking Interior Dome Light Reading Lamp White - 2 Bulbs - Carsa Automotive Lighting System","og_description":"MAXGTRS T10 LED W5W LED Bulb 194 168 3030 DRL Car Auto Sidemarker Parking Width Interior Dome Light Reading Lamp 12V About this led: *Brand of Seoul 3030 Led Chips is the newest technology of LED packaging for LED light engine * Voltage:12V Voltage * Lumen: 600lm * Wattage:12W (2 Watt per chip,6 chips) * [&hellip;]","og_url":"https:\/\/carsa.ca\/fr\/produit\/194-168-t10-led-w5w-led-bulb-3030-drl-car-auto-sidemarker-parking-interior-dome-light-reading-lamp-white-2-bulbs\/","og_site_name":"Carsa Automotive Lighting System","article_modified_time":"2024-08-09T20:08:38+00:00","og_image":[{"width":800,"height":800,"url":"https:\/\/carsa.ca\/wp-content\/uploads\/2024\/07\/194_9.jpg","type":"image\/jpeg"}],"twitter_card":"summary_large_image","twitter_misc":{"Dur\u00e9e de lecture estim\u00e9e":"4 minutes"},"schema":{"@context":"https:\/\/schema.org","@graph":[{"@type":"WebPage","@id":"https:\/\/carsa.ca\/product\/194-168-t10-led-w5w-led-bulb-3030-drl-car-auto-sidemarker-parking-interior-dome-light-reading-lamp-white-2-bulbs\/","url":"https:\/\/carsa.ca\/product\/194-168-t10-led-w5w-led-bulb-3030-drl-car-auto-sidemarker-parking-interior-dome-light-reading-lamp-white-2-bulbs\/","name":"194 168 T10 LED W5W LED Bulb 3030 DRL Car Auto Sidemarker Parking Interior Dome Light Reading Lamp White - 2 Bulbs - Carsa Automotive Lighting System","isPartOf":{"@id":"https:\/\/carsa.ca\/#website"},"primaryImageOfPage":{"@id":"https:\/\/carsa.ca\/product\/194-168-t10-led-w5w-led-bulb-3030-drl-car-auto-sidemarker-parking-interior-dome-light-reading-lamp-white-2-bulbs\/#primaryimage"},"image":{"@id":"https:\/\/carsa.ca\/product\/194-168-t10-led-w5w-led-bulb-3030-drl-car-auto-sidemarker-parking-interior-dome-light-reading-lamp-white-2-bulbs\/#primaryimage"},"thumbnailUrl":"https:\/\/carsa.ca\/wp-content\/uploads\/2024\/07\/194_9.jpg","datePublished":"2024-07-07T11:21:06+00:00","dateModified":"2024-08-09T20:08:38+00:00","breadcrumb":{"@id":"https:\/\/carsa.ca\/product\/194-168-t10-led-w5w-led-bulb-3030-drl-car-auto-sidemarker-parking-interior-dome-light-reading-lamp-white-2-bulbs\/#breadcrumb"},"inLanguage":"fr-FR","potentialAction":[{"@type":"ReadAction","target":["https:\/\/carsa.ca\/product\/194-168-t10-led-w5w-led-bulb-3030-drl-car-auto-sidemarker-parking-interior-dome-light-reading-lamp-white-2-bulbs\/"]}]},{"@type":"ImageObject","inLanguage":"fr-FR","@id":"https:\/\/carsa.ca\/product\/194-168-t10-led-w5w-led-bulb-3030-drl-car-auto-sidemarker-parking-interior-dome-light-reading-lamp-white-2-bulbs\/#primaryimage","url":"https:\/\/carsa.ca\/wp-content\/uploads\/2024\/07\/194_9.jpg","contentUrl":"https:\/\/carsa.ca\/wp-content\/uploads\/2024\/07\/194_9.jpg","width":800,"height":800},{"@type":"BreadcrumbList","@id":"https:\/\/carsa.ca\/product\/194-168-t10-led-w5w-led-bulb-3030-drl-car-auto-sidemarker-parking-interior-dome-light-reading-lamp-white-2-bulbs\/#breadcrumb","itemListElement":[{"@type":"ListItem","position":1,"name":"Home","item":"https:\/\/carsa.ca\/"},{"@type":"ListItem","position":2,"name":"Shop","item":"https:\/\/carsa.ca\/fr\/shop\/"},{"@type":"ListItem","position":3,"name":"194 168 T10 LED W5W LED Bulb 3030 DRL Car Auto Sidemarker Parking Interior Dome Light Reading Lamp White &#8211; 2 Bulbs"}]},{"@type":"WebSite","@id":"https:\/\/carsa.ca\/#website","url":"https:\/\/carsa.ca\/","name":"Syst\u00e8me d&#039;\u00e9clairage automobile Carsa","description":"","publisher":{"@id":"https:\/\/carsa.ca\/#organization"},"potentialAction":[{"@type":"SearchAction","target":{"@type":"EntryPoint","urlTemplate":"https:\/\/carsa.ca\/?s={search_term_string}"},"query-input":{"@type":"PropertyValueSpecification","valueRequired":true,"valueName":"search_term_string"}}],"inLanguage":"fr-FR"},{"@type":"Organization","@id":"https:\/\/carsa.ca\/#organization","name":"Syst\u00e8me d&#039;\u00e9clairage automobile Carsa","url":"https:\/\/carsa.ca\/","logo":{"@type":"ImageObject","inLanguage":"fr-FR","@id":"https:\/\/carsa.ca\/#\/schema\/logo\/image\/","url":"https:\/\/carsa.ca\/wp-content\/uploads\/2024\/07\/CARSA-LOGO.svg","contentUrl":"https:\/\/carsa.ca\/wp-content\/uploads\/2024\/07\/CARSA-LOGO.svg","width":2512,"height":504,"caption":"Carsa Automotive Lighting System"},"image":{"@id":"https:\/\/carsa.ca\/#\/schema\/logo\/image\/"}}]}},"_links":{"self":[{"href":"https:\/\/carsa.ca\/fr\/wp-json\/wp\/v2\/product\/7600","targetHints":{"allow":["GET"]}}],"collection":[{"href":"https:\/\/carsa.ca\/fr\/wp-json\/wp\/v2\/product"}],"about":[{"href":"https:\/\/carsa.ca\/fr\/wp-json\/wp\/v2\/types\/product"}],"wp:featuredmedia":[{"embeddable":true,"href":"https:\/\/carsa.ca\/fr\/wp-json\/wp\/v2\/media\/7641"}],"wp:attachment":[{"href":"https:\/\/carsa.ca\/fr\/wp-json\/wp\/v2\/media?parent=7600"}],"wp:term":[{"taxonomy":"product_brand","embeddable":true,"href":"https:\/\/carsa.ca\/fr\/wp-json\/wp\/v2\/product_brand?post=7600"},{"taxonomy":"product_cat","embeddable":true,"href":"https:\/\/carsa.ca\/fr\/wp-json\/wp\/v2\/product_cat?post=7600"},{"taxonomy":"product_tag","embeddable":true,"href":"https:\/\/carsa.ca\/fr\/wp-json\/wp\/v2\/product_tag?post=7600"}],"curies":[{"name":"wp","href":"https:\/\/api.w.org\/{rel}","templated":true}]}}