{"id":7601,"date":"2024-07-07T11:21:06","date_gmt":"2024-07-07T11:21:06","guid":{"rendered":"https:\/\/demotasarim.online\/?post_type=product&#038;p=7601"},"modified":"2024-08-09T20:08:38","modified_gmt":"2024-08-09T20:08:38","slug":"2504-led-psx24w-fog-lights-day-time-running-lights-white-6000k-2-bulbs","status":"publish","type":"product","link":"https:\/\/carsa.ca\/fr\/produit\/2504-led-psx24w-fog-lights-day-time-running-lights-white-6000k-2-bulbs\/","title":{"rendered":"Feux antibrouillard et feux de jour \u00e0 LED 2504 (PSX24W) Blanc (6000K) \u2013 2 ampoules"},"content":{"rendered":"<div class=\"product-description rte\" data-product-description=\"\">\n<p>Am\u00e9liorez vos phares avec l&#039;ampoule LED pour votre v\u00e9hicule, ce qui augmentera \u00e9galement votre s\u00e9curit\u00e9 de conduite. Les ampoules de phares \u00e0 LED CARSA s&#039;adaptent \u00e0 toutes les conditions m\u00e9t\u00e9orologiques, en particulier la pluie, la neige, le brouillard et les conditions m\u00e9t\u00e9orologiques plus extr\u00eames.<\/p>\n<div data-csa-c-id=\"z8x72a-6uevxg-fev2ap-9upwpy\" data-cel-widget=\"aplus-launchpad-brand-description-left\" class=\"celwidget aplus-module launchpad-brand-description-left aplus-standard\" cel_widget_id=\"aplus-launchpad-brand-description-left\">\n<div class=\"a-section launchpad-module launchpad-module-brand-description-left\">\n<div class=\"a-section launchpad-text-left-justify\">\n<p>Cette liste comprend une paire (2 pi\u00e8ces) d&#039;ampoules LED PSX24W 2504 80 W \u00e0 haute luminosit\u00e9 et haute performance avec lentille de projecteur, sp\u00e9cialement con\u00e7ues pour la mise \u00e0 niveau des feux de brouillard halog\u00e8nes d&#039;origine et des ampoules de feux de jour (DRL) pour une meilleure vision.<\/p>\n<p><span class=\"a-text-bold\">Num\u00e9ro de r\u00e9f\u00e9rence crois\u00e9e :<\/span><span>\u00a0<\/span>PSX24W 12276 2504<\/p>\n<p><span class=\"a-text-bold\">Installation facile, il suffit de brancher et de jouer, pas besoin de kits suppl\u00e9mentaires.<\/span><\/p>\n<\/div>\n<\/div>\n<\/div>\n<div data-csa-c-id=\"xoxtes-fm4wqv-d8hr1g-ncinpl\" data-cel-widget=\"aplus-3p-module-b\" class=\"celwidget aplus-module 3p-module-b aplus-standard\" cel_widget_id=\"aplus-3p-module-b\">\n<div class=\"aplus-module-wrapper aplus-3p-fixed-width\">\n<h3 class=\"a-spacing-mini\">Comparaison des feux antibrouillard \u00e0 LED CARSA Lighting 2504 PSX24W avec la lampe halog\u00e8ne OEM<\/h3>\n<\/div>\n<\/div>\n<p><img decoding=\"async\" data-mce-fragment=\"1\" alt=\"Alla-Lighting-LED-Fog-Lights-Bulbs-6000K-White-vs-halogen-lamp-Xenon\" src=\"https:\/\/carsa.ca\/wp-content\/uploads\/2023\/01\/3cd1e9d9-b320-45ee-aa44-cf2eebbf4dfe.__CR00970600_PT0_SX970_V1___.jpg\" data-mce-src=\"https:\/\/carsa.ca\/wp-content\/uploads\/2023\/01\/3cd1e9d9-b320-45ee-aa44-cf2eebbf4dfe.__CR00970600_PT0_SX970_V1___.jpg\"><br data-mce-fragment=\"1\"><br data-mce-fragment=\"1\">Les lumi\u00e8res blanches froides \u00e0 6000K offrent une vision claire la nuit avec la meilleure force de p\u00e9n\u00e9tration, offrent une vue claire les jours de pluie, de brouillard ou de neige et une conduite s\u00fbre !<\/p>\n<p>\u00a0<\/p>\n<p><img decoding=\"async\" data-mce-fragment=\"1\" alt=\"Alla-Lighting-H8-H11-2504-LED-Fog-Lights-Bulbs-6000K-Xenon-White\" src=\"https:\/\/carsa.ca\/wp-content\/uploads\/2023\/01\/4a6c0364-2f66-4a57-afd2-955feb206fba.__CR00970600_PT0_SX970_V1___.jpg\" data-mce-src=\"https:\/\/carsa.ca\/wp-content\/uploads\/2023\/01\/4a6c0364-2f66-4a57-afd2-955feb206fba.__CR00970600_PT0_SX970_V1___.jpg\"><br data-mce-fragment=\"1\"><br data-mce-fragment=\"1\">Ces ampoules sont des remplacements plug-and-play pour vos ampoules halog\u00e8nes standard, aucune modification de votre v\u00e9hicule n&#039;est donc n\u00e9cessaire pour l&#039;installation. Obtenez \u00e0 la fois un look \u00e9l\u00e9gant pour votre v\u00e9hicule et une visibilit\u00e9 am\u00e9lior\u00e9e pour une conduite plus s\u00fbre la nuit avec l&#039;ampoule de phare \u00e0 LED CARSA.<br data-mce-fragment=\"1\"><\/p>\n<p>\u00a0Conception avanc\u00e9e<\/p>\n<p class=\"a-spacing-base\">\u00a0\u00c9quip\u00e9 d&#039;une lentille de projecteur pour un meilleur rendement lumineux<\/p>\n<ul class=\"a-unordered-list a-vertical\">\n<li><span class=\"a-list-item\">\u00c9quip\u00e9 de puces LED 5 W haute puissance, hautes performances et haut de gamme<\/span><\/li>\n<li><span class=\"a-list-item\">\u00c9quip\u00e9 d&#039;un pilote de contr\u00f4leur de courant intelligent pour de meilleures performances<\/span><\/li>\n<li><span class=\"a-list-item\">Equip\u00e9 d&#039;une lentille optique \u00e0 indice de r\u00e9fraction \u00e9lev\u00e9<\/span><\/li>\n<li><span class=\"a-list-item\">\u00c9quip\u00e9 d&#039;un mat\u00e9riau de base LED de qualit\u00e9 sup\u00e9rieure r\u00e9sistant aux hautes temp\u00e9ratures.<\/span><\/li>\n<\/ul>\n<p><span>LIVRAISON GRATUITE POUR LES COMMANDES DE PLUS DE $110. Avec Postes Canada, un num\u00e9ro de suivi est fourni.<\/span><\/p>\n<p><span> Si vous achetez 2 ensembles ou plus, vous recevrez une r\u00e9duction SUPPL\u00c9MENTAIRE de $10.<\/span><\/p>\n<p><span>Ampoules extr\u00eamement lumineuses et durables avec une garantie d&#039;un an.<\/span><\/p>\n<p><span> Un ensemble de feux de plaque d&#039;immatriculation ou un ensemble d&#039;ampoules int\u00e9rieures GRATUIT avec tout achat.<\/span><\/p>\n<p><span>Kit de conversion tout-en-un. Toutes les ampoules int\u00e9rieures et ext\u00e9rieures sont disponibles dans les lumens les plus \u00e9lev\u00e9s.<\/span><\/p>\n<p> Aucun composant suppl\u00e9mentaire, aucun frais n&#039;est n\u00e9cessaire. Installation plug-and-play facile.<\/p>\n<p><span data-mce-fragment=\"1\">\u00a0<\/span>Veuillez noter qu&#039;ils ne peuvent pas \u00eatre utilis\u00e9s comme feux de jour, qu&#039;ils peuvent scintiller ou ne pas pouvoir s&#039;allumer en raison de la faible tension des feux de jour. Veuillez vous assurer de d\u00e9sactiver la fonction DRL et d&#039;activer UNIQUEMENT la fonction feux de route.<\/p>\n<p><\/p>\n<p>\u00a0<img decoding=\"async\" data-mce-fragment=\"1\" alt=\"\" src=\"https:\/\/carsa.ca\/wp-content\/uploads\/2023\/01\/IMG_2904_480x480.jpg?v=1648587916\" data-mce-src=\"https:\/\/carsa.ca\/wp-content\/uploads\/2023\/01\/IMG_2904_480x480.jpg?v=1648587916\"><\/p>\n<p>\u00a0<\/p>\n<p><span class=\"a-list-item\"><span><\/span><\/span><span class=\"a-list-item\"><span>VEUILLEZ NOUS INDIQUER L&#039;ANN\u00c9E ET LE MOD\u00c8LE DE VOTRE V\u00c9HICULE, NOUS VOUS OBTENIRONS LES BONNES AMPOULES.<\/span><\/span><\/p>\n<p>\u00a0<span data-mce-fragment=\"1\"> Nous comprenons qu&#039;il peut parfois \u00eatre difficile de trouver en ligne l&#039;ampoule adapt\u00e9e \u00e0 votre v\u00e9hicule. Si vous n&#039;\u00eates pas s\u00fbr du mod\u00e8le compatible avec votre v\u00e9hicule, n&#039;h\u00e9sitez pas \u00e0 nous demander conseil. Nous trouverons le type d&#039;ampoule qui vous convient.<\/span><\/p>\n<p><span data-mce-fragment=\"1\"> Guide d&#039;installation :<\/span><\/p>\n<p><span data-mce-fragment=\"1\"> Assurez-vous que le moteur est \u00e9teint et froid. (Au moins quelques heures)<\/span><\/p>\n<p><span data-mce-fragment=\"1\"> Changez toujours les ampoules en m\u00eame temps : garder l\u2019ancienne avec la nouvelle a tendance \u00e0 les faire griller toutes les deux tr\u00e8s rapidement.<\/span><\/p>\n<p><span data-mce-fragment=\"1\"> Assurez-vous que les loquets autour des ampoules sont correctement fix\u00e9s.<\/span><\/p>\n<p><span data-mce-fragment=\"1\"> Si l&#039;ampoule LED ne s&#039;allume pas apr\u00e8s l&#039;installation, retournez la prise et rebranchez-la. Assurez-vous que le p\u00f4le positif correspond au p\u00f4le n\u00e9gatif.<\/span><\/p>\n<p><span data-mce-fragment=\"1\"><img decoding=\"async\" src=\"https:\/\/carsa.ca\/wp-content\/uploads\/2023\/01\/271255557_4665183696935146_4976022738138774875_n_480x480.jpg?v=1648587944\" alt=\"\" data-mce-src=\"https:\/\/carsa.ca\/wp-content\/uploads\/2023\/01\/271255557_4665183696935146_4976022738138774875_n_480x480.jpg?v=1648587944\"><\/span><\/p>\n<\/div>","protected":false},"excerpt":{"rendered":"<p>Upgrade your headlight to the LED bulb for your vehicle which will also increase your driving safety. CARSA LED Headlight Bulbs fit all weather conditions, especially rainy, snowy, foggy, and more extreme weather. This listing includes one pair (2 pieces) of high illumination &#038; high performance 80W PSX24W 2504 LED bulbs with projector lens, specially [&hellip;]<\/p>\n","protected":false},"featured_media":7675,"template":"","meta":[],"product_brand":[],"product_cat":[180,284],"product_tag":[285,286,287,288,289],"class_list":{"0":"post-7601","1":"product","2":"type-product","3":"status-publish","4":"has-post-thumbnail","6":"product_cat-all-products","7":"product_cat-led-fog-lights","8":"product_tag-285","9":"product_tag-day-time-running-lights","10":"product_tag-drl","11":"product_tag-fog-lights","12":"product_tag-psx24w","13":"product_shipping_class-standart","15":"first","16":"instock","17":"sale","18":"taxable","19":"shipping-taxable","20":"purchasable","21":"product-type-simple","22":"add-to-wishlist-after_add_to_cart"},"yoast_head":"<!-- This site is optimized with the Yoast SEO plugin v27.4 - https:\/\/yoast.com\/product\/yoast-seo-wordpress\/ -->\n<title>2504 LED (PSX24W) Fog Lights &amp; Day Time Running Lights White (6000K) - 2 Bulbs - Carsa Automotive Lighting System<\/title>\n<meta name=\"robots\" content=\"index, follow, max-snippet:-1, max-image-preview:large, max-video-preview:-1\" \/>\n<link rel=\"canonical\" href=\"https:\/\/carsa.ca\/fr\/produit\/2504-led-psx24w-fog-lights-day-time-running-lights-white-6000k-2-bulbs\/\" \/>\n<meta property=\"og:locale\" content=\"fr_FR\" \/>\n<meta property=\"og:type\" content=\"article\" \/>\n<meta property=\"og:title\" content=\"2504 LED (PSX24W) Fog Lights &amp; Day Time Running Lights White (6000K) - 2 Bulbs - Carsa Automotive Lighting System\" \/>\n<meta property=\"og:description\" content=\"Upgrade your headlight to the LED bulb for your vehicle which will also increase your driving safety. CARSA LED Headlight Bulbs fit all weather conditions, especially rainy, snowy, foggy, and more extreme weather. This listing includes one pair (2 pieces) of high illumination &#038; high performance 80W PSX24W 2504 LED bulbs with projector lens, specially [&hellip;]\" \/>\n<meta property=\"og:url\" content=\"https:\/\/carsa.ca\/fr\/produit\/2504-led-psx24w-fog-lights-day-time-running-lights-white-6000k-2-bulbs\/\" \/>\n<meta property=\"og:site_name\" content=\"Carsa Automotive Lighting System\" \/>\n<meta property=\"article:modified_time\" content=\"2024-08-09T20:08:38+00:00\" \/>\n<meta property=\"og:image\" content=\"https:\/\/carsa.ca\/wp-content\/uploads\/2024\/07\/2504PSX24W_6.jpg\" \/>\n\t<meta property=\"og:image:width\" content=\"564\" \/>\n\t<meta property=\"og:image:height\" content=\"565\" \/>\n\t<meta property=\"og:image:type\" content=\"image\/jpeg\" \/>\n<meta name=\"twitter:card\" content=\"summary_large_image\" \/>\n<meta name=\"twitter:label1\" content=\"Dur\u00e9e de lecture estim\u00e9e\" \/>\n\t<meta name=\"twitter:data1\" content=\"2 minutes\" \/>\n<script type=\"application\/ld+json\" class=\"yoast-schema-graph\">{\"@context\":\"https:\\\/\\\/schema.org\",\"@graph\":[{\"@type\":\"WebPage\",\"@id\":\"https:\\\/\\\/carsa.ca\\\/product\\\/2504-led-psx24w-fog-lights-day-time-running-lights-white-6000k-2-bulbs\\\/\",\"url\":\"https:\\\/\\\/carsa.ca\\\/product\\\/2504-led-psx24w-fog-lights-day-time-running-lights-white-6000k-2-bulbs\\\/\",\"name\":\"2504 LED (PSX24W) Fog Lights & Day Time Running Lights White (6000K) - 2 Bulbs - Carsa Automotive Lighting System\",\"isPartOf\":{\"@id\":\"https:\\\/\\\/carsa.ca\\\/#website\"},\"primaryImageOfPage\":{\"@id\":\"https:\\\/\\\/carsa.ca\\\/product\\\/2504-led-psx24w-fog-lights-day-time-running-lights-white-6000k-2-bulbs\\\/#primaryimage\"},\"image\":{\"@id\":\"https:\\\/\\\/carsa.ca\\\/product\\\/2504-led-psx24w-fog-lights-day-time-running-lights-white-6000k-2-bulbs\\\/#primaryimage\"},\"thumbnailUrl\":\"https:\\\/\\\/carsa.ca\\\/wp-content\\\/uploads\\\/2024\\\/07\\\/2504PSX24W_6.jpg\",\"datePublished\":\"2024-07-07T11:21:06+00:00\",\"dateModified\":\"2024-08-09T20:08:38+00:00\",\"breadcrumb\":{\"@id\":\"https:\\\/\\\/carsa.ca\\\/product\\\/2504-led-psx24w-fog-lights-day-time-running-lights-white-6000k-2-bulbs\\\/#breadcrumb\"},\"inLanguage\":\"fr-FR\",\"potentialAction\":[{\"@type\":\"ReadAction\",\"target\":[\"https:\\\/\\\/carsa.ca\\\/product\\\/2504-led-psx24w-fog-lights-day-time-running-lights-white-6000k-2-bulbs\\\/\"]}]},{\"@type\":\"ImageObject\",\"inLanguage\":\"fr-FR\",\"@id\":\"https:\\\/\\\/carsa.ca\\\/product\\\/2504-led-psx24w-fog-lights-day-time-running-lights-white-6000k-2-bulbs\\\/#primaryimage\",\"url\":\"https:\\\/\\\/carsa.ca\\\/wp-content\\\/uploads\\\/2024\\\/07\\\/2504PSX24W_6.jpg\",\"contentUrl\":\"https:\\\/\\\/carsa.ca\\\/wp-content\\\/uploads\\\/2024\\\/07\\\/2504PSX24W_6.jpg\",\"width\":564,\"height\":565},{\"@type\":\"BreadcrumbList\",\"@id\":\"https:\\\/\\\/carsa.ca\\\/product\\\/2504-led-psx24w-fog-lights-day-time-running-lights-white-6000k-2-bulbs\\\/#breadcrumb\",\"itemListElement\":[{\"@type\":\"ListItem\",\"position\":1,\"name\":\"Home\",\"item\":\"https:\\\/\\\/carsa.ca\\\/\"},{\"@type\":\"ListItem\",\"position\":2,\"name\":\"Shop\",\"item\":\"https:\\\/\\\/carsa.ca\\\/fr\\\/shop\\\/\"},{\"@type\":\"ListItem\",\"position\":3,\"name\":\"2504 LED (PSX24W) Fog Lights &#038; Day Time Running Lights White (6000K) &#8211; 2 Bulbs\"}]},{\"@type\":\"WebSite\",\"@id\":\"https:\\\/\\\/carsa.ca\\\/#website\",\"url\":\"https:\\\/\\\/carsa.ca\\\/\",\"name\":\"Carsa Automotive Lighting System\",\"description\":\"\",\"publisher\":{\"@id\":\"https:\\\/\\\/carsa.ca\\\/#organization\"},\"potentialAction\":[{\"@type\":\"SearchAction\",\"target\":{\"@type\":\"EntryPoint\",\"urlTemplate\":\"https:\\\/\\\/carsa.ca\\\/?s={search_term_string}\"},\"query-input\":{\"@type\":\"PropertyValueSpecification\",\"valueRequired\":true,\"valueName\":\"search_term_string\"}}],\"inLanguage\":\"fr-FR\"},{\"@type\":\"Organization\",\"@id\":\"https:\\\/\\\/carsa.ca\\\/#organization\",\"name\":\"Carsa Automotive Lighting System\",\"url\":\"https:\\\/\\\/carsa.ca\\\/\",\"logo\":{\"@type\":\"ImageObject\",\"inLanguage\":\"fr-FR\",\"@id\":\"https:\\\/\\\/carsa.ca\\\/#\\\/schema\\\/logo\\\/image\\\/\",\"url\":\"https:\\\/\\\/carsa.ca\\\/wp-content\\\/uploads\\\/2024\\\/07\\\/CARSA-LOGO.svg\",\"contentUrl\":\"https:\\\/\\\/carsa.ca\\\/wp-content\\\/uploads\\\/2024\\\/07\\\/CARSA-LOGO.svg\",\"width\":2512,\"height\":504,\"caption\":\"Carsa Automotive Lighting System\"},\"image\":{\"@id\":\"https:\\\/\\\/carsa.ca\\\/#\\\/schema\\\/logo\\\/image\\\/\"}}]}<\/script>\n<!-- \/ Yoast SEO plugin. -->","yoast_head_json":{"title":"Feux antibrouillard et feux de jour \u00e0 DEL 2504 (PSX24W) blancs (6000K) - 2 ampoules - Syst\u00e8me d&#039;\u00e9clairage automobile Carsa","robots":{"index":"index","follow":"follow","max-snippet":"max-snippet:-1","max-image-preview":"max-image-preview:large","max-video-preview":"max-video-preview:-1"},"canonical":"https:\/\/carsa.ca\/fr\/produit\/2504-led-psx24w-fog-lights-day-time-running-lights-white-6000k-2-bulbs\/","og_locale":"fr_FR","og_type":"article","og_title":"2504 LED (PSX24W) Fog Lights & Day Time Running Lights White (6000K) - 2 Bulbs - Carsa Automotive Lighting System","og_description":"Upgrade your headlight to the LED bulb for your vehicle which will also increase your driving safety. CARSA LED Headlight Bulbs fit all weather conditions, especially rainy, snowy, foggy, and more extreme weather. This listing includes one pair (2 pieces) of high illumination &#038; high performance 80W PSX24W 2504 LED bulbs with projector lens, specially [&hellip;]","og_url":"https:\/\/carsa.ca\/fr\/produit\/2504-led-psx24w-fog-lights-day-time-running-lights-white-6000k-2-bulbs\/","og_site_name":"Carsa Automotive Lighting System","article_modified_time":"2024-08-09T20:08:38+00:00","og_image":[{"width":564,"height":565,"url":"https:\/\/carsa.ca\/wp-content\/uploads\/2024\/07\/2504PSX24W_6.jpg","type":"image\/jpeg"}],"twitter_card":"summary_large_image","twitter_misc":{"Dur\u00e9e de lecture estim\u00e9e":"2 minutes"},"schema":{"@context":"https:\/\/schema.org","@graph":[{"@type":"WebPage","@id":"https:\/\/carsa.ca\/product\/2504-led-psx24w-fog-lights-day-time-running-lights-white-6000k-2-bulbs\/","url":"https:\/\/carsa.ca\/product\/2504-led-psx24w-fog-lights-day-time-running-lights-white-6000k-2-bulbs\/","name":"Feux antibrouillard et feux de jour \u00e0 DEL 2504 (PSX24W) blancs (6000K) - 2 ampoules - Syst\u00e8me d&#039;\u00e9clairage automobile Carsa","isPartOf":{"@id":"https:\/\/carsa.ca\/#website"},"primaryImageOfPage":{"@id":"https:\/\/carsa.ca\/product\/2504-led-psx24w-fog-lights-day-time-running-lights-white-6000k-2-bulbs\/#primaryimage"},"image":{"@id":"https:\/\/carsa.ca\/product\/2504-led-psx24w-fog-lights-day-time-running-lights-white-6000k-2-bulbs\/#primaryimage"},"thumbnailUrl":"https:\/\/carsa.ca\/wp-content\/uploads\/2024\/07\/2504PSX24W_6.jpg","datePublished":"2024-07-07T11:21:06+00:00","dateModified":"2024-08-09T20:08:38+00:00","breadcrumb":{"@id":"https:\/\/carsa.ca\/product\/2504-led-psx24w-fog-lights-day-time-running-lights-white-6000k-2-bulbs\/#breadcrumb"},"inLanguage":"fr-FR","potentialAction":[{"@type":"ReadAction","target":["https:\/\/carsa.ca\/product\/2504-led-psx24w-fog-lights-day-time-running-lights-white-6000k-2-bulbs\/"]}]},{"@type":"ImageObject","inLanguage":"fr-FR","@id":"https:\/\/carsa.ca\/product\/2504-led-psx24w-fog-lights-day-time-running-lights-white-6000k-2-bulbs\/#primaryimage","url":"https:\/\/carsa.ca\/wp-content\/uploads\/2024\/07\/2504PSX24W_6.jpg","contentUrl":"https:\/\/carsa.ca\/wp-content\/uploads\/2024\/07\/2504PSX24W_6.jpg","width":564,"height":565},{"@type":"BreadcrumbList","@id":"https:\/\/carsa.ca\/product\/2504-led-psx24w-fog-lights-day-time-running-lights-white-6000k-2-bulbs\/#breadcrumb","itemListElement":[{"@type":"ListItem","position":1,"name":"Home","item":"https:\/\/carsa.ca\/"},{"@type":"ListItem","position":2,"name":"Shop","item":"https:\/\/carsa.ca\/fr\/shop\/"},{"@type":"ListItem","position":3,"name":"2504 LED (PSX24W) Fog Lights &#038; Day Time Running Lights White (6000K) &#8211; 2 Bulbs"}]},{"@type":"WebSite","@id":"https:\/\/carsa.ca\/#website","url":"https:\/\/carsa.ca\/","name":"Syst\u00e8me d&#039;\u00e9clairage automobile Carsa","description":"","publisher":{"@id":"https:\/\/carsa.ca\/#organization"},"potentialAction":[{"@type":"SearchAction","target":{"@type":"EntryPoint","urlTemplate":"https:\/\/carsa.ca\/?s={search_term_string}"},"query-input":{"@type":"PropertyValueSpecification","valueRequired":true,"valueName":"search_term_string"}}],"inLanguage":"fr-FR"},{"@type":"Organization","@id":"https:\/\/carsa.ca\/#organization","name":"Syst\u00e8me d&#039;\u00e9clairage automobile Carsa","url":"https:\/\/carsa.ca\/","logo":{"@type":"ImageObject","inLanguage":"fr-FR","@id":"https:\/\/carsa.ca\/#\/schema\/logo\/image\/","url":"https:\/\/carsa.ca\/wp-content\/uploads\/2024\/07\/CARSA-LOGO.svg","contentUrl":"https:\/\/carsa.ca\/wp-content\/uploads\/2024\/07\/CARSA-LOGO.svg","width":2512,"height":504,"caption":"Carsa Automotive Lighting System"},"image":{"@id":"https:\/\/carsa.ca\/#\/schema\/logo\/image\/"}}]}},"_links":{"self":[{"href":"https:\/\/carsa.ca\/fr\/wp-json\/wp\/v2\/product\/7601","targetHints":{"allow":["GET"]}}],"collection":[{"href":"https:\/\/carsa.ca\/fr\/wp-json\/wp\/v2\/product"}],"about":[{"href":"https:\/\/carsa.ca\/fr\/wp-json\/wp\/v2\/types\/product"}],"wp:featuredmedia":[{"embeddable":true,"href":"https:\/\/carsa.ca\/fr\/wp-json\/wp\/v2\/media\/7675"}],"wp:attachment":[{"href":"https:\/\/carsa.ca\/fr\/wp-json\/wp\/v2\/media?parent=7601"}],"wp:term":[{"taxonomy":"product_brand","embeddable":true,"href":"https:\/\/carsa.ca\/fr\/wp-json\/wp\/v2\/product_brand?post=7601"},{"taxonomy":"product_cat","embeddable":true,"href":"https:\/\/carsa.ca\/fr\/wp-json\/wp\/v2\/product_cat?post=7601"},{"taxonomy":"product_tag","embeddable":true,"href":"https:\/\/carsa.ca\/fr\/wp-json\/wp\/v2\/product_tag?post=7601"}],"curies":[{"name":"wp","href":"https:\/\/api.w.org\/{rel}","templated":true}]}}