{"id":7606,"date":"2024-07-07T11:21:06","date_gmt":"2024-07-07T11:21:06","guid":{"rendered":"https:\/\/demotasarim.online\/?post_type=product&#038;p=7606"},"modified":"2024-08-09T20:09:06","modified_gmt":"2024-08-09T20:09:06","slug":"3157-3057-4157-led-bulbs-ultra-bright-led-lights-back-up-reverse-lights-brake-tail-lights-turn-signal-parking-lights-daytime-running-lights-2-bulbs","status":"publish","type":"product","link":"https:\/\/carsa.ca\/fr\/produit\/3157-3057-4157-led-bulbs-ultra-bright-led-lights-back-up-reverse-lights-brake-tail-lights-turn-signal-parking-lights-daytime-running-lights-2-bulbs\/","title":{"rendered":"3157 3057 4157 Ampoules LED Feux LED ultra-lumineux | Feux de recul\/de marche arri\u00e8re | Feux de freinage\/arri\u00e8re | Clignotants\/feux de stationnement | Feux de jour | 2 ampoules"},"content":{"rendered":"<div class=\"product-description rte\" data-product-description=\"\">\n<p>Am\u00e9liorez vos phares avec l&#039;ampoule LED pour votre v\u00e9hicule, ce qui augmentera \u00e9galement votre s\u00e9curit\u00e9 de conduite. Les ampoules de phares \u00e0 LED CARSA s&#039;adaptent \u00e0 toutes les conditions m\u00e9t\u00e9orologiques, en particulier la pluie, la neige, le brouillard et les conditions m\u00e9t\u00e9orologiques plus extr\u00eames.<br data-mce-fragment=\"1\"><br data-mce-fragment=\"1\">Les lumi\u00e8res blanches froides offrent une vision claire la nuit avec la meilleure force de p\u00e9n\u00e9tration, offrent une vue claire les jours de pluie, de brouillard ou de neige et une conduite s\u00fbre !<br data-mce-fragment=\"1\"><br data-mce-fragment=\"1\">Ces ampoules sont des remplacements plug-and-play pour vos ampoules halog\u00e8nes standard, aucune modification de votre v\u00e9hicule n&#039;est donc n\u00e9cessaire pour l&#039;installation. Obtenez \u00e0 la fois un look \u00e9l\u00e9gant pour votre v\u00e9hicule et une visibilit\u00e9 am\u00e9lior\u00e9e pour une conduite plus s\u00fbre la nuit avec les feux LED CARSA.<br data-mce-fragment=\"1\"><\/p>\n<p>\u00a0<img decoding=\"async\" src=\"https:\/\/carsa.ca\/wp-content\/uploads\/2023\/01\/EkranAlintisi_480x480.jpg?v=1666991514\" alt=\"\" data-mce-fragment=\"1\" data-mce-src=\"https:\/\/carsa.ca\/wp-content\/uploads\/2023\/01\/EkranAlintisi_480x480.jpg?v=1666991514\"><\/p>\n<ul class=\"a-unordered-list a-vertical a-spacing-none\">\n<li class=\"a-spacing-small\"><span class=\"a-list-item a-size-base\">Chaque ampoule LED 3157 \u00e0 culot \u00e0 double contact est livr\u00e9e avec 78 pi\u00e8ces SMD-3014 \u00e0 360 degr\u00e9s et une lentille transparente de projecteur pour fournir une lumi\u00e8re blanche naturelle de 6000 K et 1000 lumens super brillants \u00e0 un total de 3,4 watts. Sensible \u00e0 la polarit\u00e9, si elle ne s&#039;allume pas, veuillez retourner la prise et r\u00e9essayer.\u00a0<\/span><\/li>\n<li class=\"a-spacing-small\"><span class=\"a-list-item a-size-base\">Circuit int\u00e9gr\u00e9 int\u00e9gr\u00e9 de plage de tension large et basse 12-24 V pour \u00e9viter que l&#039;ampoule LED 3157 ne soit endommag\u00e9e par les variations de tension et les pics. La lampe \u00e0 LED est largement utilis\u00e9e comme remplacement parfait pour les v\u00e9hicules, voitures, fourgonnettes, caravanes, camping-cars, 5e roue, camping-cars, motos, camions, remorques, SUV, camionnettes, Jeep, marine, bateau, voilier, yacht et autres automobiles basse tension 12 V\/24 V.<\/span><\/li>\n<li class=\"a-spacing-small\"><span class=\"a-list-item a-size-base\">L&#039;ampoule LED 3157 n&#039;est ni sans erreur CanBus ni anti-clignotement hyper. Des d\u00e9codeurs de r\u00e9sistance de charge 50W 6OHM ou un relais de clignotant peuvent \u00eatre n\u00e9cessaires pour garantir que les ampoules LED s&#039;allument \u00e0 pleine puissance et emp\u00eacher les ampoules LED d&#039;\u00eatre des clignotants hyper clignotants, des clignotements, des scintillements, des avertissements ou tout code d&#039;erreur de dysfonctionnement sur le tableau de bord.<\/span><\/li>\n<li class=\"a-spacing-small\"><span class=\"a-list-item a-size-base\">Num\u00e9ro de r\u00e9f\u00e9rence crois\u00e9e : T25, P27W, 2355, 2356, 2358, 2458, 3047, 3056, 3057, 3057A, 3057LL, 3057NA, 3057ST, 3057X, 3155, 3155LL, 3156, 3156A, 3156NA, 3156AK, 3156K, 3156LL, 3156ST, 3157, 3157A, 3157LL, 3157NA, 3157ST, 3157X, 3356, 3357, 3357A, 3357K, 3357LL, 3357NA, 3454NA, 3456, 3456K, 3456LL, 3457, 3457A, 3457AK, 3457AST, 3457K, 3457NA, 3757A, 3757AK, 3757ALL, 4057, 4057K, 4057LL, 4114, 4114K, 4114LL, 4157, 4157K, 4157LL, 4157NA, 5702A, 5702AK, L1230R-4C<\/span><\/li>\n<li class=\"a-spacing-small\"><span class=\"a-list-item a-size-base\">Application : clignotant avant et arri\u00e8re pour automobile, feu de position lat\u00e9ral, feu d&#039;angle, feu de stop arri\u00e8re, feu de recul, feu de circulation diurne (DRL), feu de position de stationnement, feu de brouillard ; \u00e9clairage ext\u00e9rieur Malibu pour paysage, jardin, patio, cour, terrasse, escalier, marchepied, cl\u00f4ture, poteau, all\u00e9e, all\u00e9e, pav\u00e9, \u00e9clairage \u00e0 plusieurs niveaux en m\u00e9tal moul\u00e9.<\/span><\/li>\n<\/ul>\n<p><span>LIVRAISON GRATUITE POUR LES COMMANDES DE PLUS DE $110. Avec Postes Canada, le num\u00e9ro de suivi est fourni.<\/span><\/p>\n<p><span> Si vous achetez 2 ensembles ou plus, vous recevrez une r\u00e9duction SUPPL\u00c9MENTAIRE de $10.<\/span><\/p>\n<p><span>Ampoules extr\u00eamement lumineuses et durables avec une garantie d&#039;un an.<\/span><\/p>\n<p><span> Un ensemble de feux de plaque d&#039;immatriculation ou un ensemble d&#039;ampoules int\u00e9rieures GRATUIT avec tout achat.<\/span><\/p>\n<p><span>Kit de conversion tout-en-un. Toutes les ampoules int\u00e9rieures et ext\u00e9rieures sont disponibles dans les lumens les plus \u00e9lev\u00e9s.<\/span><\/p>\n<p> Aucun composant suppl\u00e9mentaire, aucun frais n&#039;est n\u00e9cessaire. Installation plug-and-play facile.<\/p>\n<p><span data-mce-fragment=\"1\">\u00a0<\/span>Veuillez noter qu&#039;ils ne peuvent pas \u00eatre utilis\u00e9s comme feux de jour, qu&#039;ils peuvent scintiller ou ne pas pouvoir s&#039;allumer en raison de la faible tension des feux de jour. Veuillez vous assurer de d\u00e9sactiver la fonction DRL et d&#039;activer UNIQUEMENT la fonction feux de route.<\/p>\n<p>\u00a0<\/p>\n<p>\u00a0<img decoding=\"async\" src=\"https:\/\/carsa.ca\/wp-content\/uploads\/2023\/01\/Hd5aa807e02f54515ae9022b6482c8227K.jpg?width=960&amp;height=960&amp;hash=1920\" data-mce-fragment=\"1\" data-mce-src=\"https:\/\/carsa.ca\/wp-content\/uploads\/2023\/01\/Hd5aa807e02f54515ae9022b6482c8227K.jpg?width=960&amp;height=960&amp;hash=1920\"><\/p>\n<p>\u00a0<\/p>\n<p><img decoding=\"async\" src=\"https:\/\/carsa.ca\/wp-content\/uploads\/2023\/01\/Hbbe82f1397264e66b53df89780e79335c.jpg?width=960&amp;height=960&amp;hash=1920\"><\/p>\n<p>\u00a0<\/p>\n<p>\u00a0<span data-mce-fragment=\"1\"> Nous comprenons qu&#039;il peut parfois \u00eatre difficile de trouver en ligne l&#039;ampoule adapt\u00e9e \u00e0 votre v\u00e9hicule. Si vous n&#039;\u00eates pas s\u00fbr du mod\u00e8le compatible avec votre v\u00e9hicule, n&#039;h\u00e9sitez pas \u00e0 nous demander conseil. Nous trouverons le type d&#039;ampoule qui vous convient.<\/span><\/p>\n<p><span data-mce-fragment=\"1\"> Guide d&#039;installation :<\/span><\/p>\n<p><span data-mce-fragment=\"1\"> Assurez-vous que le moteur est \u00e9teint et froid. (Au moins quelques heures)<\/span><\/p>\n<p><span data-mce-fragment=\"1\"> Changez toujours les ampoules en m\u00eame temps : garder l\u2019ancienne avec la nouvelle a tendance \u00e0 les faire griller toutes les deux tr\u00e8s rapidement.<\/span><\/p>\n<p><span data-mce-fragment=\"1\"> Assurez-vous que les loquets autour des ampoules sont correctement fix\u00e9s.<\/span><\/p>\n<p><span data-mce-fragment=\"1\"> Si l&#039;ampoule LED ne s&#039;allume pas apr\u00e8s l&#039;installation, retournez la prise et rebranchez-la. Assurez-vous que le p\u00f4le positif correspond au p\u00f4le n\u00e9gatif.<\/span><\/p>\n<p><img decoding=\"async\" src=\"https:\/\/carsa.ca\/wp-content\/uploads\/2023\/01\/H403cb25a71944d2694a7fa396155d04bM.jpg?width=960&amp;height=960&amp;hash=1920\"><\/p>\n<\/div>","protected":false},"excerpt":{"rendered":"<p>Upgrade your headlight to the LED bulb for your vehicle which will also increase your driving safety. CARSA LED Headlight Bulbs fit all weather conditions, especially rainy, snowy, foggy, and more extreme weather.The cool white lights offer clear vision at night with the best penetrating force, offer a clear view on rainy days, fog or [&hellip;]<\/p>\n","protected":false},"featured_media":7708,"template":"","meta":[],"product_brand":[],"product_cat":[180,181],"product_tag":[291,292,293,294,295,189,296,199,201,202,205,206,210,211,214,217,218,220,221,222,225,226,227,228,231,242,245,249,251,254,255,256,258,297,298,259,261,262,263,264,267,268,299,300,271,301,274,275],"class_list":{"0":"post-7606","1":"product","2":"type-product","3":"status-publish","4":"has-post-thumbnail","6":"product_cat-all-products","7":"product_cat-exterior-interior-lights","8":"product_tag-291","9":"product_tag-292","10":"product_tag-293","11":"product_tag-294","12":"product_tag-295","13":"product_tag-arctic-cat","14":"product_tag-arctic-cat-motorcycle","15":"product_tag-bmw","16":"product_tag-buick","17":"product_tag-cadillac","18":"product_tag-chevrolet","19":"product_tag-chrysler","20":"product_tag-dodge","21":"product_tag-eagle","22":"product_tag-ford","23":"product_tag-gmc","24":"product_tag-harley-davidson-motorcycle","25":"product_tag-honda","26":"product_tag-honda-motorcycle","27":"product_tag-hummer","28":"product_tag-infiniti","29":"product_tag-interior-and-exterior","30":"product_tag-international","31":"product_tag-isuzu","32":"product_tag-jeep","33":"product_tag-lincoln","34":"product_tag-mazda","35":"product_tag-mercury","36":"product_tag-mitsubishi","37":"product_tag-nissan","38":"product_tag-oldsmobile","39":"product_tag-peterbilt","40":"product_tag-plymouth","41":"product_tag-polaris","42":"product_tag-polaris-motorcycle","43":"product_tag-pontiac","44":"product_tag-prevost","45":"product_tag-ram","46":"product_tag-saab","47":"product_tag-saturn","48":"product_tag-subaru","49":"product_tag-suzuki","50":"product_tag-t25","51":"product_tag-textron-motorcycle","52":"product_tag-toyota","53":"product_tag-victory-motorcycle","54":"product_tag-volkswagen","55":"product_tag-volvo","56":"product_shipping_class-standart","58":"first","59":"instock","60":"sale","61":"taxable","62":"shipping-taxable","63":"purchasable","64":"product-type-variable","65":"add-to-wishlist-after_add_to_cart"},"yoast_head":"<!-- This site is optimized with the Yoast SEO plugin v27.4 - https:\/\/yoast.com\/product\/yoast-seo-wordpress\/ -->\n<title>3157 3057 4157 LED Bulbs Ultra Bright LED Lights | Back Up\/Reverse Lights | Brake\/Tail Lights | Turn Signal\/Parking Lights | Daytime Running Lights | 2 Bulbs - Carsa Automotive Lighting System<\/title>\n<meta name=\"robots\" content=\"index, follow, max-snippet:-1, max-image-preview:large, max-video-preview:-1\" \/>\n<link rel=\"canonical\" href=\"https:\/\/carsa.ca\/fr\/produit\/3157-3057-4157-led-bulbs-ultra-bright-led-lights-back-up-reverse-lights-brake-tail-lights-turn-signal-parking-lights-daytime-running-lights-2-bulbs\/\" \/>\n<meta property=\"og:locale\" content=\"fr_FR\" \/>\n<meta property=\"og:type\" content=\"article\" \/>\n<meta property=\"og:title\" content=\"3157 3057 4157 LED Bulbs Ultra Bright LED Lights | Back Up\/Reverse Lights | Brake\/Tail Lights | Turn Signal\/Parking Lights | Daytime Running Lights | 2 Bulbs - Carsa Automotive Lighting System\" \/>\n<meta property=\"og:description\" content=\"Upgrade your headlight to the LED bulb for your vehicle which will also increase your driving safety. CARSA LED Headlight Bulbs fit all weather conditions, especially rainy, snowy, foggy, and more extreme weather.The cool white lights offer clear vision at night with the best penetrating force, offer a clear view on rainy days, fog or [&hellip;]\" \/>\n<meta property=\"og:url\" content=\"https:\/\/carsa.ca\/fr\/produit\/3157-3057-4157-led-bulbs-ultra-bright-led-lights-back-up-reverse-lights-brake-tail-lights-turn-signal-parking-lights-daytime-running-lights-2-bulbs\/\" \/>\n<meta property=\"og:site_name\" content=\"Carsa Automotive Lighting System\" \/>\n<meta property=\"article:modified_time\" content=\"2024-08-09T20:09:06+00:00\" \/>\n<meta property=\"og:image\" content=\"https:\/\/carsa.ca\/wp-content\/uploads\/2024\/07\/31563157T20_1_dafb28a7-5138-4d94-ad87-4c148be7132f.jpg\" \/>\n\t<meta property=\"og:image:width\" content=\"800\" \/>\n\t<meta property=\"og:image:height\" content=\"800\" \/>\n\t<meta property=\"og:image:type\" content=\"image\/jpeg\" \/>\n<meta name=\"twitter:card\" content=\"summary_large_image\" \/>\n<meta name=\"twitter:label1\" content=\"Dur\u00e9e de lecture estim\u00e9e\" \/>\n\t<meta name=\"twitter:data1\" content=\"3 minutes\" \/>\n<script type=\"application\/ld+json\" class=\"yoast-schema-graph\">{\"@context\":\"https:\\\/\\\/schema.org\",\"@graph\":[{\"@type\":\"WebPage\",\"@id\":\"https:\\\/\\\/carsa.ca\\\/product\\\/3157-3057-4157-led-bulbs-ultra-bright-led-lights-back-up-reverse-lights-brake-tail-lights-turn-signal-parking-lights-daytime-running-lights-2-bulbs\\\/\",\"url\":\"https:\\\/\\\/carsa.ca\\\/product\\\/3157-3057-4157-led-bulbs-ultra-bright-led-lights-back-up-reverse-lights-brake-tail-lights-turn-signal-parking-lights-daytime-running-lights-2-bulbs\\\/\",\"name\":\"3157 3057 4157 LED Bulbs Ultra Bright LED Lights | Back Up\\\/Reverse Lights | Brake\\\/Tail Lights | Turn Signal\\\/Parking Lights | Daytime Running Lights | 2 Bulbs - Carsa Automotive Lighting System\",\"isPartOf\":{\"@id\":\"https:\\\/\\\/carsa.ca\\\/#website\"},\"primaryImageOfPage\":{\"@id\":\"https:\\\/\\\/carsa.ca\\\/product\\\/3157-3057-4157-led-bulbs-ultra-bright-led-lights-back-up-reverse-lights-brake-tail-lights-turn-signal-parking-lights-daytime-running-lights-2-bulbs\\\/#primaryimage\"},\"image\":{\"@id\":\"https:\\\/\\\/carsa.ca\\\/product\\\/3157-3057-4157-led-bulbs-ultra-bright-led-lights-back-up-reverse-lights-brake-tail-lights-turn-signal-parking-lights-daytime-running-lights-2-bulbs\\\/#primaryimage\"},\"thumbnailUrl\":\"https:\\\/\\\/carsa.ca\\\/wp-content\\\/uploads\\\/2024\\\/07\\\/31563157T20_1_dafb28a7-5138-4d94-ad87-4c148be7132f.jpg\",\"datePublished\":\"2024-07-07T11:21:06+00:00\",\"dateModified\":\"2024-08-09T20:09:06+00:00\",\"breadcrumb\":{\"@id\":\"https:\\\/\\\/carsa.ca\\\/product\\\/3157-3057-4157-led-bulbs-ultra-bright-led-lights-back-up-reverse-lights-brake-tail-lights-turn-signal-parking-lights-daytime-running-lights-2-bulbs\\\/#breadcrumb\"},\"inLanguage\":\"fr-FR\",\"potentialAction\":[{\"@type\":\"ReadAction\",\"target\":[\"https:\\\/\\\/carsa.ca\\\/product\\\/3157-3057-4157-led-bulbs-ultra-bright-led-lights-back-up-reverse-lights-brake-tail-lights-turn-signal-parking-lights-daytime-running-lights-2-bulbs\\\/\"]}]},{\"@type\":\"ImageObject\",\"inLanguage\":\"fr-FR\",\"@id\":\"https:\\\/\\\/carsa.ca\\\/product\\\/3157-3057-4157-led-bulbs-ultra-bright-led-lights-back-up-reverse-lights-brake-tail-lights-turn-signal-parking-lights-daytime-running-lights-2-bulbs\\\/#primaryimage\",\"url\":\"https:\\\/\\\/carsa.ca\\\/wp-content\\\/uploads\\\/2024\\\/07\\\/31563157T20_1_dafb28a7-5138-4d94-ad87-4c148be7132f.jpg\",\"contentUrl\":\"https:\\\/\\\/carsa.ca\\\/wp-content\\\/uploads\\\/2024\\\/07\\\/31563157T20_1_dafb28a7-5138-4d94-ad87-4c148be7132f.jpg\",\"width\":800,\"height\":800},{\"@type\":\"BreadcrumbList\",\"@id\":\"https:\\\/\\\/carsa.ca\\\/product\\\/3157-3057-4157-led-bulbs-ultra-bright-led-lights-back-up-reverse-lights-brake-tail-lights-turn-signal-parking-lights-daytime-running-lights-2-bulbs\\\/#breadcrumb\",\"itemListElement\":[{\"@type\":\"ListItem\",\"position\":1,\"name\":\"Home\",\"item\":\"https:\\\/\\\/carsa.ca\\\/\"},{\"@type\":\"ListItem\",\"position\":2,\"name\":\"Shop\",\"item\":\"https:\\\/\\\/carsa.ca\\\/fr\\\/shop\\\/\"},{\"@type\":\"ListItem\",\"position\":3,\"name\":\"3157 3057 4157 LED Bulbs Ultra Bright LED Lights | Back Up\\\/Reverse Lights | Brake\\\/Tail Lights | Turn Signal\\\/Parking Lights | Daytime Running Lights | 2 Bulbs\"}]},{\"@type\":\"WebSite\",\"@id\":\"https:\\\/\\\/carsa.ca\\\/#website\",\"url\":\"https:\\\/\\\/carsa.ca\\\/\",\"name\":\"Carsa Automotive Lighting System\",\"description\":\"\",\"publisher\":{\"@id\":\"https:\\\/\\\/carsa.ca\\\/#organization\"},\"potentialAction\":[{\"@type\":\"SearchAction\",\"target\":{\"@type\":\"EntryPoint\",\"urlTemplate\":\"https:\\\/\\\/carsa.ca\\\/?s={search_term_string}\"},\"query-input\":{\"@type\":\"PropertyValueSpecification\",\"valueRequired\":true,\"valueName\":\"search_term_string\"}}],\"inLanguage\":\"fr-FR\"},{\"@type\":\"Organization\",\"@id\":\"https:\\\/\\\/carsa.ca\\\/#organization\",\"name\":\"Carsa Automotive Lighting System\",\"url\":\"https:\\\/\\\/carsa.ca\\\/\",\"logo\":{\"@type\":\"ImageObject\",\"inLanguage\":\"fr-FR\",\"@id\":\"https:\\\/\\\/carsa.ca\\\/#\\\/schema\\\/logo\\\/image\\\/\",\"url\":\"https:\\\/\\\/carsa.ca\\\/wp-content\\\/uploads\\\/2024\\\/07\\\/CARSA-LOGO.svg\",\"contentUrl\":\"https:\\\/\\\/carsa.ca\\\/wp-content\\\/uploads\\\/2024\\\/07\\\/CARSA-LOGO.svg\",\"width\":2512,\"height\":504,\"caption\":\"Carsa Automotive Lighting System\"},\"image\":{\"@id\":\"https:\\\/\\\/carsa.ca\\\/#\\\/schema\\\/logo\\\/image\\\/\"}}]}<\/script>\n<!-- \/ Yoast SEO plugin. -->","yoast_head_json":{"title":"3157 3057 4157 LED Bulbs Ultra Bright LED Lights | Back Up\/Reverse Lights | Brake\/Tail Lights | Turn Signal\/Parking Lights | Daytime Running Lights | 2 Bulbs - Carsa Automotive Lighting System","robots":{"index":"index","follow":"follow","max-snippet":"max-snippet:-1","max-image-preview":"max-image-preview:large","max-video-preview":"max-video-preview:-1"},"canonical":"https:\/\/carsa.ca\/fr\/produit\/3157-3057-4157-led-bulbs-ultra-bright-led-lights-back-up-reverse-lights-brake-tail-lights-turn-signal-parking-lights-daytime-running-lights-2-bulbs\/","og_locale":"fr_FR","og_type":"article","og_title":"3157 3057 4157 LED Bulbs Ultra Bright LED Lights | Back Up\/Reverse Lights | Brake\/Tail Lights | Turn Signal\/Parking Lights | Daytime Running Lights | 2 Bulbs - Carsa Automotive Lighting System","og_description":"Upgrade your headlight to the LED bulb for your vehicle which will also increase your driving safety. CARSA LED Headlight Bulbs fit all weather conditions, especially rainy, snowy, foggy, and more extreme weather.The cool white lights offer clear vision at night with the best penetrating force, offer a clear view on rainy days, fog or [&hellip;]","og_url":"https:\/\/carsa.ca\/fr\/produit\/3157-3057-4157-led-bulbs-ultra-bright-led-lights-back-up-reverse-lights-brake-tail-lights-turn-signal-parking-lights-daytime-running-lights-2-bulbs\/","og_site_name":"Carsa Automotive Lighting System","article_modified_time":"2024-08-09T20:09:06+00:00","og_image":[{"width":800,"height":800,"url":"https:\/\/carsa.ca\/wp-content\/uploads\/2024\/07\/31563157T20_1_dafb28a7-5138-4d94-ad87-4c148be7132f.jpg","type":"image\/jpeg"}],"twitter_card":"summary_large_image","twitter_misc":{"Dur\u00e9e de lecture estim\u00e9e":"3 minutes"},"schema":{"@context":"https:\/\/schema.org","@graph":[{"@type":"WebPage","@id":"https:\/\/carsa.ca\/product\/3157-3057-4157-led-bulbs-ultra-bright-led-lights-back-up-reverse-lights-brake-tail-lights-turn-signal-parking-lights-daytime-running-lights-2-bulbs\/","url":"https:\/\/carsa.ca\/product\/3157-3057-4157-led-bulbs-ultra-bright-led-lights-back-up-reverse-lights-brake-tail-lights-turn-signal-parking-lights-daytime-running-lights-2-bulbs\/","name":"3157 3057 4157 LED Bulbs Ultra Bright LED Lights | Back Up\/Reverse Lights | Brake\/Tail Lights | Turn Signal\/Parking Lights | Daytime Running Lights | 2 Bulbs - Carsa Automotive Lighting System","isPartOf":{"@id":"https:\/\/carsa.ca\/#website"},"primaryImageOfPage":{"@id":"https:\/\/carsa.ca\/product\/3157-3057-4157-led-bulbs-ultra-bright-led-lights-back-up-reverse-lights-brake-tail-lights-turn-signal-parking-lights-daytime-running-lights-2-bulbs\/#primaryimage"},"image":{"@id":"https:\/\/carsa.ca\/product\/3157-3057-4157-led-bulbs-ultra-bright-led-lights-back-up-reverse-lights-brake-tail-lights-turn-signal-parking-lights-daytime-running-lights-2-bulbs\/#primaryimage"},"thumbnailUrl":"https:\/\/carsa.ca\/wp-content\/uploads\/2024\/07\/31563157T20_1_dafb28a7-5138-4d94-ad87-4c148be7132f.jpg","datePublished":"2024-07-07T11:21:06+00:00","dateModified":"2024-08-09T20:09:06+00:00","breadcrumb":{"@id":"https:\/\/carsa.ca\/product\/3157-3057-4157-led-bulbs-ultra-bright-led-lights-back-up-reverse-lights-brake-tail-lights-turn-signal-parking-lights-daytime-running-lights-2-bulbs\/#breadcrumb"},"inLanguage":"fr-FR","potentialAction":[{"@type":"ReadAction","target":["https:\/\/carsa.ca\/product\/3157-3057-4157-led-bulbs-ultra-bright-led-lights-back-up-reverse-lights-brake-tail-lights-turn-signal-parking-lights-daytime-running-lights-2-bulbs\/"]}]},{"@type":"ImageObject","inLanguage":"fr-FR","@id":"https:\/\/carsa.ca\/product\/3157-3057-4157-led-bulbs-ultra-bright-led-lights-back-up-reverse-lights-brake-tail-lights-turn-signal-parking-lights-daytime-running-lights-2-bulbs\/#primaryimage","url":"https:\/\/carsa.ca\/wp-content\/uploads\/2024\/07\/31563157T20_1_dafb28a7-5138-4d94-ad87-4c148be7132f.jpg","contentUrl":"https:\/\/carsa.ca\/wp-content\/uploads\/2024\/07\/31563157T20_1_dafb28a7-5138-4d94-ad87-4c148be7132f.jpg","width":800,"height":800},{"@type":"BreadcrumbList","@id":"https:\/\/carsa.ca\/product\/3157-3057-4157-led-bulbs-ultra-bright-led-lights-back-up-reverse-lights-brake-tail-lights-turn-signal-parking-lights-daytime-running-lights-2-bulbs\/#breadcrumb","itemListElement":[{"@type":"ListItem","position":1,"name":"Home","item":"https:\/\/carsa.ca\/"},{"@type":"ListItem","position":2,"name":"Shop","item":"https:\/\/carsa.ca\/fr\/shop\/"},{"@type":"ListItem","position":3,"name":"3157 3057 4157 LED Bulbs Ultra Bright LED Lights | Back Up\/Reverse Lights | Brake\/Tail Lights | Turn Signal\/Parking Lights | Daytime Running Lights | 2 Bulbs"}]},{"@type":"WebSite","@id":"https:\/\/carsa.ca\/#website","url":"https:\/\/carsa.ca\/","name":"Syst\u00e8me d&#039;\u00e9clairage automobile Carsa","description":"","publisher":{"@id":"https:\/\/carsa.ca\/#organization"},"potentialAction":[{"@type":"SearchAction","target":{"@type":"EntryPoint","urlTemplate":"https:\/\/carsa.ca\/?s={search_term_string}"},"query-input":{"@type":"PropertyValueSpecification","valueRequired":true,"valueName":"search_term_string"}}],"inLanguage":"fr-FR"},{"@type":"Organization","@id":"https:\/\/carsa.ca\/#organization","name":"Syst\u00e8me d&#039;\u00e9clairage automobile Carsa","url":"https:\/\/carsa.ca\/","logo":{"@type":"ImageObject","inLanguage":"fr-FR","@id":"https:\/\/carsa.ca\/#\/schema\/logo\/image\/","url":"https:\/\/carsa.ca\/wp-content\/uploads\/2024\/07\/CARSA-LOGO.svg","contentUrl":"https:\/\/carsa.ca\/wp-content\/uploads\/2024\/07\/CARSA-LOGO.svg","width":2512,"height":504,"caption":"Carsa Automotive Lighting System"},"image":{"@id":"https:\/\/carsa.ca\/#\/schema\/logo\/image\/"}}]}},"_links":{"self":[{"href":"https:\/\/carsa.ca\/fr\/wp-json\/wp\/v2\/product\/7606","targetHints":{"allow":["GET"]}}],"collection":[{"href":"https:\/\/carsa.ca\/fr\/wp-json\/wp\/v2\/product"}],"about":[{"href":"https:\/\/carsa.ca\/fr\/wp-json\/wp\/v2\/types\/product"}],"wp:featuredmedia":[{"embeddable":true,"href":"https:\/\/carsa.ca\/fr\/wp-json\/wp\/v2\/media\/7708"}],"wp:attachment":[{"href":"https:\/\/carsa.ca\/fr\/wp-json\/wp\/v2\/media?parent=7606"}],"wp:term":[{"taxonomy":"product_brand","embeddable":true,"href":"https:\/\/carsa.ca\/fr\/wp-json\/wp\/v2\/product_brand?post=7606"},{"taxonomy":"product_cat","embeddable":true,"href":"https:\/\/carsa.ca\/fr\/wp-json\/wp\/v2\/product_cat?post=7606"},{"taxonomy":"product_tag","embeddable":true,"href":"https:\/\/carsa.ca\/fr\/wp-json\/wp\/v2\/product_tag?post=7606"}],"curies":[{"name":"wp","href":"https:\/\/api.w.org\/{rel}","templated":true}]}}