{"id":7609,"date":"2024-07-07T11:21:06","date_gmt":"2024-07-07T11:21:06","guid":{"rendered":"https:\/\/demotasarim.online\/?post_type=product&#038;p=7609"},"modified":"2024-08-09T20:08:39","modified_gmt":"2024-08-09T20:08:39","slug":"5202-h16-ps19w-5201-12085-ps24wff-ps24w-fog-lights-day-time-running-lights-white-6000k-2-bulbs","status":"publish","type":"product","link":"https:\/\/carsa.ca\/fr\/produit\/5202-h16-ps19w-5201-12085-ps24wff-ps24w-fog-lights-day-time-running-lights-white-6000k-2-bulbs\/","title":{"rendered":"5202 H16 PS19W 5201 12085 PS24WFF PS24W Feux antibrouillard et feux de jour Blanc (6000K) \u2013 2 ampoules"},"content":{"rendered":"<div class=\"product-description rte\" data-product-description=\"\">\n<p><strong>H16(EU)\/5202\/PS19W est un peu diff\u00e9rent de 2504\/PSX24W au niveau de l&#039;interface inf\u00e9rieure.<\/strong><strong>\u00a0confirmez celui dont vous avez besoin avant d&#039;acheter.<\/strong><\/p>\n<p>Am\u00e9liorez vos phares avec l&#039;ampoule LED pour votre v\u00e9hicule, ce qui augmentera \u00e9galement votre s\u00e9curit\u00e9 de conduite. Les ampoules de phares \u00e0 LED CARSA s&#039;adaptent \u00e0 toutes les conditions m\u00e9t\u00e9orologiques, en particulier la pluie, la neige, le brouillard et les conditions m\u00e9t\u00e9orologiques plus extr\u00eames.<br data-mce-fragment=\"1\"><br data-mce-fragment=\"1\">Les lumi\u00e8res blanches froides \u00e0 6000K offrent une vision claire la nuit avec la meilleure force de p\u00e9n\u00e9tration, offrent une vue claire les jours de pluie, de brouillard ou de neige et une conduite s\u00fbre !<br data-mce-fragment=\"1\"><br data-mce-fragment=\"1\">Ces ampoules sont des remplacements plug-and-play pour vos ampoules halog\u00e8nes standard, aucune modification de votre v\u00e9hicule n&#039;est donc n\u00e9cessaire pour l&#039;installation. Obtenez \u00e0 la fois un look \u00e9l\u00e9gant pour votre v\u00e9hicule et une visibilit\u00e9 am\u00e9lior\u00e9e pour une conduite plus s\u00fbre la nuit avec l&#039;ampoule de phare \u00e0 LED CARSA.<\/p>\n<p><strong>Cette liste est pour une paire de feux antibrouillard LED haute puissance Cree XBD 5202,12086, PS24W, H16. Cette ampoule est \u00e9quip\u00e9e de puces LED CREE de haute qualit\u00e9 et d&#039;un moule en alliage solide, elle sera beaucoup plus lumineuse que votre ampoule halog\u00e8ne d&#039;origine.<br \/><\/strong><\/p>\n<p><strong><img decoding=\"async\" src=\"https:\/\/carsa.ca\/wp-content\/uploads\/2023\/01\/HTB1ebE4aND1gK0jSZFKq6AJrVXaK.jpg\"><\/strong><\/p>\n<div data-csa-c-id=\"h9qzzu-ehcik5-sh99ei-rh9gtg\" data-cel-widget=\"featurebullets_feature_div\" data-csa-c-is-in-initial-active-row=\"false\" data-csa-c-asin=\"B08LSFH5SJ\" data-csa-c-slot-id=\"featurebullets_feature_div\" data-csa-c-content-id=\"featurebullets\" data-csa-c-type=\"widget\" data-feature-name=\"featurebullets\" class=\"celwidget\" id=\"featurebullets_feature_div\">\n<div class=\"a-section a-spacing-medium a-spacing-top-small\" id=\"feature-bullets\">\n<div data-a-expander-collapsed-height=\"342\" class=\"a-row a-expander-container a-spacing-base a-spacing-top-base a-expander-partial-collapse-container\" id=\"pov2FeatureBulletsExpander\">\n<div class=\"a-expander-content a-expander-partial-collapse-content a-expander-content-expanded\" aria-expanded=\"true\" id=\"pov2FeatureBulletsExpanderContent\">\n<ul class=\"a-unordered-list a-vertical a-spacing-none\">\n<li class=\"a-spacing-small\"><span class=\"a-list-item a-size-base\">2 c\u00f4t\u00e9s avec des puces LED SMD-3030 individuelles chacune sont sp\u00e9cialement con\u00e7us pour imiter et produire au mieux un faisceau halog\u00e8ne standard dans un bo\u00eetier de feu antibrouillard \u00e0 r\u00e9flecteur, et le c\u00f4t\u00e9 sup\u00e9rieur est livr\u00e9 avec 4 puces SMD-3030 sous la lentille du projecteur optique pour fournir une lumi\u00e8re focalis\u00e9e et p\u00e9n\u00e9tr\u00e9e, en particulier dans des conditions de brouillard.<\/span><\/li>\n<li class=\"a-spacing-small\"><span class=\"a-list-item a-size-base\">Haute puissance et super luminosit\u00e9 1400 lms par ampoule, couleur blanche 6000 K. Circuit int\u00e9gr\u00e9 int\u00e9gr\u00e9 de plage de tension large et basse 10-30 V (convient aux v\u00e9hicules 12 V et 24 V) pour \u00e9viter que l&#039;ampoule LED ne soit endommag\u00e9e par les variations de tension et les pics. L&#039;ampoule LED 5202 est sans polarit\u00e9, il suffit de la brancher et de l&#039;utiliser.<\/span><\/li>\n<li class=\"a-spacing-small\"><span class=\"a-list-item a-size-base\">Chaque lampe de conversion LED tout-en-un est dot\u00e9e d&#039;un refroidissement sans ventilateur, ce qui r\u00e9sout le probl\u00e8me de bruit que pr\u00e9sentent de nombreuses m\u00e9thodes de dissipation thermique de refroidissement par ventilateur de feu antibrouillard LED PS24W typiques, et d&#039;une prise OEM 1:1 plus une conception mince sans c\u00e2ble, qui 100% passe par l&#039;automobile, les voitures, les v\u00e9hicules, les camions tout-terrain et les motos.<\/span><\/li>\n<li class=\"a-spacing-small\"><span class=\"a-list-item a-size-base\">Le kit d&#039;ampoules LED Slim 5202 5201 n&#039;est PAS compatible CANBUS. Certaines voitures, comme les v\u00e9hicules 2007+, n\u00e9cessitent l&#039;installation conjointe du d\u00e9codeur CanBus (annuleur d&#039;avertissement) ou du faisceau de r\u00e9sistances de charge 50 W 6 OHM pour \u00e9viter le scintillement ou le message d&#039;avertissement de code d&#039;erreur.<\/span><\/li>\n<li class=\"a-spacing-small\"><span class=\"a-list-item a-size-base\">Compatible avec : PS24W, 5202, 5201, 9009, PS19W, 12085LLC1, 12085,12086, PS24WFF, ancienne version H16 Type 1 (mod\u00e8le europ\u00e9en), remplacement parfait pour les ampoules de feux de brouillard, feux de jour (DRL), feux de route, clignotants. NE PAS appliquer aux feux de croisement ou aux feux de route. Remarque : le syst\u00e8me de filtre Amazon peut ne pas \u00eatre pr\u00e9cis ou \u00e0 jour, veuillez nous contacter pour confirmer la taille d&#039;ampoule correcte avant votre achat.<\/span><\/li>\n<\/ul>\n<\/div>\n<\/div>\n<\/div>\n<\/div>\n<p><strong><img decoding=\"async\" src=\"https:\/\/carsa.ca\/wp-content\/uploads\/2023\/01\/HTB1gyM2aKH2gK0jSZFEq6AqMpXar.jpg\" data-mce-fragment=\"1\" data-mce-src=\"https:\/\/carsa.ca\/wp-content\/uploads\/2023\/01\/HTB1gyM2aKH2gK0jSZFEq6AqMpXar.jpg\"><br \/> Fonctionnalit\u00e9:<br \/> Type de LED : Cree XBD d&#039;origine<br \/> Quantit\u00e9 de LED : 10 pi\u00e8ces par ampoule<br \/> Luminosit\u00e9 : 1400 lumens\/PAR AMPOULE, TOTAL 2800 LM.<br \/> Dur\u00e9e de vie : 60 000 heures<br \/> Mat\u00e9riau : alliage et ABS<br \/>Application : Feu antibrouillard, DRL (feu de jour)<br \/> Installation : il suffit de brancher et de jouer<br \/> Emballer:<br \/> 2 feux de brouillard et feux de jour \u00e0 LED super brillants 6000 K<\/strong><\/p>\n<p><strong><img decoding=\"async\" src=\"https:\/\/carsa.ca\/wp-content\/uploads\/2023\/01\/HTB1ifVdaWL7gK0jSZFBq6xZZpXac.jpg\"><\/strong><\/p>\n<\/div>\n<div class=\"product-description rte\" data-product-description=\"\"><\/div>\n<div class=\"product-description rte\" data-product-description=\"\">\n<p><br data-mce-fragment=\"1\"><\/p>\n<p>\u00a0<img decoding=\"async\" src=\"https:\/\/carsa.ca\/wp-content\/uploads\/2023\/01\/HTB11iXha4n1gK0jSZKPq6xvUXXaK.jpg\" data-mce-fragment=\"1\" data-mce-src=\"https:\/\/carsa.ca\/wp-content\/uploads\/2023\/01\/HTB11iXha4n1gK0jSZKPq6xvUXXaK.jpg\"><\/p>\n<p><span>LIVRAISON GRATUITE POUR LES COMMANDES DE PLUS DE $110. Avec Postes Canada, le num\u00e9ro de suivi est fourni.<\/span><\/p>\n<p><span> Si vous achetez 2 ensembles ou plus, vous recevrez une r\u00e9duction SUPPL\u00c9MENTAIRE de $10.<\/span><\/p>\n<p><span>Ampoules extr\u00eamement lumineuses et durables avec une garantie d&#039;un an.<\/span><\/p>\n<p><span> Un ensemble de feux de plaque d&#039;immatriculation ou un ensemble d&#039;ampoules int\u00e9rieures GRATUIT avec tout achat.<\/span><\/p>\n<p>\u00a0<\/p>\n<p><span> Aucun composant suppl\u00e9mentaire, aucun frais n&#039;est n\u00e9cessaire. Installation plug-and-play facile.<\/span><\/p>\n<p><span data-mce-fragment=\"1\">\u00a0<\/span>Veuillez noter qu&#039;ils ne peuvent pas \u00eatre utilis\u00e9s comme feux de jour, qu&#039;ils peuvent scintiller ou ne pas pouvoir s&#039;allumer en raison de la faible tension des feux de jour. Veuillez vous assurer de d\u00e9sactiver la fonction DRL et d&#039;activer UNIQUEMENT la fonction feux de route.<\/p>\n<p>\u00a0<\/p>\n<p>\u00a0<\/p>\n<p><span class=\"a-list-item\"><span><\/span><\/span><span class=\"a-list-item\"><span>VEUILLEZ NOUS INDIQUER L&#039;ANN\u00c9E ET LE MOD\u00c8LE DE VOTRE V\u00c9HICULE, NOUS VOUS OBTENIRONS LES BONNES AMPOULES.<\/span><\/span><\/p>\n<p>\u00a0<span data-mce-fragment=\"1\"> Nous comprenons qu&#039;il peut parfois \u00eatre difficile de trouver en ligne l&#039;ampoule adapt\u00e9e \u00e0 votre v\u00e9hicule. Si vous n&#039;\u00eates pas s\u00fbr du mod\u00e8le compatible avec votre v\u00e9hicule, n&#039;h\u00e9sitez pas \u00e0 nous demander conseil. Nous trouverons le type d&#039;ampoule qui vous convient.<\/span><\/p>\n<p><span data-mce-fragment=\"1\"> Guide d&#039;installation :<\/span><\/p>\n<p><span data-mce-fragment=\"1\"> Assurez-vous que le moteur est \u00e9teint et froid. (Au moins quelques heures)<\/span><\/p>\n<p><span data-mce-fragment=\"1\"> Changez toujours les ampoules en m\u00eame temps : garder l\u2019ancienne avec la nouvelle a tendance \u00e0 les faire griller toutes les deux tr\u00e8s rapidement.<\/span><\/p>\n<p><span data-mce-fragment=\"1\"> Assurez-vous que les loquets autour des ampoules sont correctement fix\u00e9s.<\/span><\/p>\n<p><span data-mce-fragment=\"1\"> Si l&#039;ampoule LED ne s&#039;allume pas apr\u00e8s l&#039;installation, retournez la prise et rebranchez-la. Assurez-vous que le p\u00f4le positif correspond au p\u00f4le n\u00e9gatif.<\/span><\/p>\n<p><span data-mce-fragment=\"1\"><img decoding=\"async\" src=\"https:\/\/carsa.ca\/wp-content\/uploads\/2023\/01\/271255557_4665183696935146_4976022738138774875_n_480x480.jpg?v=1648587944\" alt=\"\" data-mce-src=\"https:\/\/carsa.ca\/wp-content\/uploads\/2023\/01\/271255557_4665183696935146_4976022738138774875_n_480x480.jpg?v=1648587944\"><\/span><\/p>\n<\/div>","protected":false},"excerpt":{"rendered":"<p>H16(EU)\/5202\/PS19W is a little different from 2504\/PSX24W at the bottom interface. Please\u00a0confirm which one you need before buying. Upgrade your headlight to the LED bulb for your vehicle which will also increase your driving safety. CARSA LED Headlight Bulbs fit all weather conditions, especially rainy, snowy, foggy, and more extreme weather.The cool white lights at [&hellip;]<\/p>\n","protected":false},"featured_media":7733,"template":"","meta":[],"product_brand":[],"product_cat":[180,284],"product_tag":[183,193,202,288,214,217,225,230,239,240,254],"class_list":{"0":"post-7609","1":"product","2":"type-product","3":"status-publish","4":"has-post-thumbnail","6":"product_cat-all-products","7":"product_cat-led-fog-lights","8":"product_tag-acura","9":"product_tag-audi","10":"product_tag-cadillac","11":"product_tag-fog-lights","12":"product_tag-ford","13":"product_tag-gmc","14":"product_tag-infiniti","15":"product_tag-jaguar","16":"product_tag-lamborghini","17":"product_tag-land-rover","18":"product_tag-nissan","19":"product_shipping_class-standart","21":"first","22":"instock","23":"sale","24":"taxable","25":"shipping-taxable","26":"purchasable","27":"product-type-simple","28":"add-to-wishlist-after_add_to_cart"},"yoast_head":"<!-- This site is optimized with the Yoast SEO plugin v27.4 - https:\/\/yoast.com\/product\/yoast-seo-wordpress\/ -->\n<title>5202 H16 PS19W 5201 12085 PS24WFF PS24W Fog Lights &amp; Day Time Running Lights White (6000K) - 2 Bulbs - Carsa Automotive Lighting System<\/title>\n<meta name=\"robots\" content=\"index, follow, max-snippet:-1, max-image-preview:large, max-video-preview:-1\" \/>\n<link rel=\"canonical\" href=\"https:\/\/carsa.ca\/fr\/produit\/5202-h16-ps19w-5201-12085-ps24wff-ps24w-fog-lights-day-time-running-lights-white-6000k-2-bulbs\/\" \/>\n<meta property=\"og:locale\" content=\"fr_FR\" \/>\n<meta property=\"og:type\" content=\"article\" \/>\n<meta property=\"og:title\" content=\"5202 H16 PS19W 5201 12085 PS24WFF PS24W Fog Lights &amp; Day Time Running Lights White (6000K) - 2 Bulbs - Carsa Automotive Lighting System\" \/>\n<meta property=\"og:description\" content=\"H16(EU)\/5202\/PS19W is a little different from 2504\/PSX24W at the bottom interface. Please\u00a0confirm which one you need before buying. Upgrade your headlight to the LED bulb for your vehicle which will also increase your driving safety. CARSA LED Headlight Bulbs fit all weather conditions, especially rainy, snowy, foggy, and more extreme weather.The cool white lights at [&hellip;]\" \/>\n<meta property=\"og:url\" content=\"https:\/\/carsa.ca\/fr\/produit\/5202-h16-ps19w-5201-12085-ps24wff-ps24w-fog-lights-day-time-running-lights-white-6000k-2-bulbs\/\" \/>\n<meta property=\"og:site_name\" content=\"Carsa Automotive Lighting System\" \/>\n<meta property=\"article:modified_time\" content=\"2024-08-09T20:08:39+00:00\" \/>\n<meta property=\"og:image\" content=\"https:\/\/carsa.ca\/wp-content\/uploads\/2024\/07\/5202H16EUPS19W_28.jpg\" \/>\n\t<meta property=\"og:image:width\" content=\"631\" \/>\n\t<meta property=\"og:image:height\" content=\"626\" \/>\n\t<meta property=\"og:image:type\" content=\"image\/jpeg\" \/>\n<meta name=\"twitter:card\" content=\"summary_large_image\" \/>\n<meta name=\"twitter:label1\" content=\"Dur\u00e9e de lecture estim\u00e9e\" \/>\n\t<meta name=\"twitter:data1\" content=\"3 minutes\" \/>\n<script type=\"application\/ld+json\" class=\"yoast-schema-graph\">{\"@context\":\"https:\\\/\\\/schema.org\",\"@graph\":[{\"@type\":\"WebPage\",\"@id\":\"https:\\\/\\\/carsa.ca\\\/product\\\/5202-h16-ps19w-5201-12085-ps24wff-ps24w-fog-lights-day-time-running-lights-white-6000k-2-bulbs\\\/\",\"url\":\"https:\\\/\\\/carsa.ca\\\/product\\\/5202-h16-ps19w-5201-12085-ps24wff-ps24w-fog-lights-day-time-running-lights-white-6000k-2-bulbs\\\/\",\"name\":\"5202 H16 PS19W 5201 12085 PS24WFF PS24W Fog Lights & Day Time Running Lights White (6000K) - 2 Bulbs - Carsa Automotive Lighting System\",\"isPartOf\":{\"@id\":\"https:\\\/\\\/carsa.ca\\\/#website\"},\"primaryImageOfPage\":{\"@id\":\"https:\\\/\\\/carsa.ca\\\/product\\\/5202-h16-ps19w-5201-12085-ps24wff-ps24w-fog-lights-day-time-running-lights-white-6000k-2-bulbs\\\/#primaryimage\"},\"image\":{\"@id\":\"https:\\\/\\\/carsa.ca\\\/product\\\/5202-h16-ps19w-5201-12085-ps24wff-ps24w-fog-lights-day-time-running-lights-white-6000k-2-bulbs\\\/#primaryimage\"},\"thumbnailUrl\":\"https:\\\/\\\/carsa.ca\\\/wp-content\\\/uploads\\\/2024\\\/07\\\/5202H16EUPS19W_28.jpg\",\"datePublished\":\"2024-07-07T11:21:06+00:00\",\"dateModified\":\"2024-08-09T20:08:39+00:00\",\"breadcrumb\":{\"@id\":\"https:\\\/\\\/carsa.ca\\\/product\\\/5202-h16-ps19w-5201-12085-ps24wff-ps24w-fog-lights-day-time-running-lights-white-6000k-2-bulbs\\\/#breadcrumb\"},\"inLanguage\":\"fr-FR\",\"potentialAction\":[{\"@type\":\"ReadAction\",\"target\":[\"https:\\\/\\\/carsa.ca\\\/product\\\/5202-h16-ps19w-5201-12085-ps24wff-ps24w-fog-lights-day-time-running-lights-white-6000k-2-bulbs\\\/\"]}]},{\"@type\":\"ImageObject\",\"inLanguage\":\"fr-FR\",\"@id\":\"https:\\\/\\\/carsa.ca\\\/product\\\/5202-h16-ps19w-5201-12085-ps24wff-ps24w-fog-lights-day-time-running-lights-white-6000k-2-bulbs\\\/#primaryimage\",\"url\":\"https:\\\/\\\/carsa.ca\\\/wp-content\\\/uploads\\\/2024\\\/07\\\/5202H16EUPS19W_28.jpg\",\"contentUrl\":\"https:\\\/\\\/carsa.ca\\\/wp-content\\\/uploads\\\/2024\\\/07\\\/5202H16EUPS19W_28.jpg\",\"width\":631,\"height\":626},{\"@type\":\"BreadcrumbList\",\"@id\":\"https:\\\/\\\/carsa.ca\\\/product\\\/5202-h16-ps19w-5201-12085-ps24wff-ps24w-fog-lights-day-time-running-lights-white-6000k-2-bulbs\\\/#breadcrumb\",\"itemListElement\":[{\"@type\":\"ListItem\",\"position\":1,\"name\":\"Home\",\"item\":\"https:\\\/\\\/carsa.ca\\\/\"},{\"@type\":\"ListItem\",\"position\":2,\"name\":\"Shop\",\"item\":\"https:\\\/\\\/carsa.ca\\\/fr\\\/shop\\\/\"},{\"@type\":\"ListItem\",\"position\":3,\"name\":\"5202 H16 PS19W 5201 12085 PS24WFF PS24W Fog Lights &#038; Day Time Running Lights White (6000K) &#8211; 2 Bulbs\"}]},{\"@type\":\"WebSite\",\"@id\":\"https:\\\/\\\/carsa.ca\\\/#website\",\"url\":\"https:\\\/\\\/carsa.ca\\\/\",\"name\":\"Carsa Automotive Lighting System\",\"description\":\"\",\"publisher\":{\"@id\":\"https:\\\/\\\/carsa.ca\\\/#organization\"},\"potentialAction\":[{\"@type\":\"SearchAction\",\"target\":{\"@type\":\"EntryPoint\",\"urlTemplate\":\"https:\\\/\\\/carsa.ca\\\/?s={search_term_string}\"},\"query-input\":{\"@type\":\"PropertyValueSpecification\",\"valueRequired\":true,\"valueName\":\"search_term_string\"}}],\"inLanguage\":\"fr-FR\"},{\"@type\":\"Organization\",\"@id\":\"https:\\\/\\\/carsa.ca\\\/#organization\",\"name\":\"Carsa Automotive Lighting System\",\"url\":\"https:\\\/\\\/carsa.ca\\\/\",\"logo\":{\"@type\":\"ImageObject\",\"inLanguage\":\"fr-FR\",\"@id\":\"https:\\\/\\\/carsa.ca\\\/#\\\/schema\\\/logo\\\/image\\\/\",\"url\":\"https:\\\/\\\/carsa.ca\\\/wp-content\\\/uploads\\\/2024\\\/07\\\/CARSA-LOGO.svg\",\"contentUrl\":\"https:\\\/\\\/carsa.ca\\\/wp-content\\\/uploads\\\/2024\\\/07\\\/CARSA-LOGO.svg\",\"width\":2512,\"height\":504,\"caption\":\"Carsa Automotive Lighting System\"},\"image\":{\"@id\":\"https:\\\/\\\/carsa.ca\\\/#\\\/schema\\\/logo\\\/image\\\/\"}}]}<\/script>\n<!-- \/ Yoast SEO plugin. -->","yoast_head_json":{"title":"5202 H16 PS19W 5201 12085 PS24WFF PS24W Feux de brouillard et feux de jour blancs (6000K) - 2 ampoules - Syst\u00e8me d&#039;\u00e9clairage automobile Carsa","robots":{"index":"index","follow":"follow","max-snippet":"max-snippet:-1","max-image-preview":"max-image-preview:large","max-video-preview":"max-video-preview:-1"},"canonical":"https:\/\/carsa.ca\/fr\/produit\/5202-h16-ps19w-5201-12085-ps24wff-ps24w-fog-lights-day-time-running-lights-white-6000k-2-bulbs\/","og_locale":"fr_FR","og_type":"article","og_title":"5202 H16 PS19W 5201 12085 PS24WFF PS24W Fog Lights & Day Time Running Lights White (6000K) - 2 Bulbs - Carsa Automotive Lighting System","og_description":"H16(EU)\/5202\/PS19W is a little different from 2504\/PSX24W at the bottom interface. Please\u00a0confirm which one you need before buying. Upgrade your headlight to the LED bulb for your vehicle which will also increase your driving safety. CARSA LED Headlight Bulbs fit all weather conditions, especially rainy, snowy, foggy, and more extreme weather.The cool white lights at [&hellip;]","og_url":"https:\/\/carsa.ca\/fr\/produit\/5202-h16-ps19w-5201-12085-ps24wff-ps24w-fog-lights-day-time-running-lights-white-6000k-2-bulbs\/","og_site_name":"Carsa Automotive Lighting System","article_modified_time":"2024-08-09T20:08:39+00:00","og_image":[{"width":631,"height":626,"url":"https:\/\/carsa.ca\/wp-content\/uploads\/2024\/07\/5202H16EUPS19W_28.jpg","type":"image\/jpeg"}],"twitter_card":"summary_large_image","twitter_misc":{"Dur\u00e9e de lecture estim\u00e9e":"3 minutes"},"schema":{"@context":"https:\/\/schema.org","@graph":[{"@type":"WebPage","@id":"https:\/\/carsa.ca\/product\/5202-h16-ps19w-5201-12085-ps24wff-ps24w-fog-lights-day-time-running-lights-white-6000k-2-bulbs\/","url":"https:\/\/carsa.ca\/product\/5202-h16-ps19w-5201-12085-ps24wff-ps24w-fog-lights-day-time-running-lights-white-6000k-2-bulbs\/","name":"5202 H16 PS19W 5201 12085 PS24WFF PS24W Feux de brouillard et feux de jour blancs (6000K) - 2 ampoules - Syst\u00e8me d&#039;\u00e9clairage automobile Carsa","isPartOf":{"@id":"https:\/\/carsa.ca\/#website"},"primaryImageOfPage":{"@id":"https:\/\/carsa.ca\/product\/5202-h16-ps19w-5201-12085-ps24wff-ps24w-fog-lights-day-time-running-lights-white-6000k-2-bulbs\/#primaryimage"},"image":{"@id":"https:\/\/carsa.ca\/product\/5202-h16-ps19w-5201-12085-ps24wff-ps24w-fog-lights-day-time-running-lights-white-6000k-2-bulbs\/#primaryimage"},"thumbnailUrl":"https:\/\/carsa.ca\/wp-content\/uploads\/2024\/07\/5202H16EUPS19W_28.jpg","datePublished":"2024-07-07T11:21:06+00:00","dateModified":"2024-08-09T20:08:39+00:00","breadcrumb":{"@id":"https:\/\/carsa.ca\/product\/5202-h16-ps19w-5201-12085-ps24wff-ps24w-fog-lights-day-time-running-lights-white-6000k-2-bulbs\/#breadcrumb"},"inLanguage":"fr-FR","potentialAction":[{"@type":"ReadAction","target":["https:\/\/carsa.ca\/product\/5202-h16-ps19w-5201-12085-ps24wff-ps24w-fog-lights-day-time-running-lights-white-6000k-2-bulbs\/"]}]},{"@type":"ImageObject","inLanguage":"fr-FR","@id":"https:\/\/carsa.ca\/product\/5202-h16-ps19w-5201-12085-ps24wff-ps24w-fog-lights-day-time-running-lights-white-6000k-2-bulbs\/#primaryimage","url":"https:\/\/carsa.ca\/wp-content\/uploads\/2024\/07\/5202H16EUPS19W_28.jpg","contentUrl":"https:\/\/carsa.ca\/wp-content\/uploads\/2024\/07\/5202H16EUPS19W_28.jpg","width":631,"height":626},{"@type":"BreadcrumbList","@id":"https:\/\/carsa.ca\/product\/5202-h16-ps19w-5201-12085-ps24wff-ps24w-fog-lights-day-time-running-lights-white-6000k-2-bulbs\/#breadcrumb","itemListElement":[{"@type":"ListItem","position":1,"name":"Home","item":"https:\/\/carsa.ca\/"},{"@type":"ListItem","position":2,"name":"Shop","item":"https:\/\/carsa.ca\/fr\/shop\/"},{"@type":"ListItem","position":3,"name":"5202 H16 PS19W 5201 12085 PS24WFF PS24W Fog Lights &#038; Day Time Running Lights White (6000K) &#8211; 2 Bulbs"}]},{"@type":"WebSite","@id":"https:\/\/carsa.ca\/#website","url":"https:\/\/carsa.ca\/","name":"Syst\u00e8me d&#039;\u00e9clairage automobile Carsa","description":"","publisher":{"@id":"https:\/\/carsa.ca\/#organization"},"potentialAction":[{"@type":"SearchAction","target":{"@type":"EntryPoint","urlTemplate":"https:\/\/carsa.ca\/?s={search_term_string}"},"query-input":{"@type":"PropertyValueSpecification","valueRequired":true,"valueName":"search_term_string"}}],"inLanguage":"fr-FR"},{"@type":"Organization","@id":"https:\/\/carsa.ca\/#organization","name":"Syst\u00e8me d&#039;\u00e9clairage automobile Carsa","url":"https:\/\/carsa.ca\/","logo":{"@type":"ImageObject","inLanguage":"fr-FR","@id":"https:\/\/carsa.ca\/#\/schema\/logo\/image\/","url":"https:\/\/carsa.ca\/wp-content\/uploads\/2024\/07\/CARSA-LOGO.svg","contentUrl":"https:\/\/carsa.ca\/wp-content\/uploads\/2024\/07\/CARSA-LOGO.svg","width":2512,"height":504,"caption":"Carsa Automotive Lighting System"},"image":{"@id":"https:\/\/carsa.ca\/#\/schema\/logo\/image\/"}}]}},"_links":{"self":[{"href":"https:\/\/carsa.ca\/fr\/wp-json\/wp\/v2\/product\/7609","targetHints":{"allow":["GET"]}}],"collection":[{"href":"https:\/\/carsa.ca\/fr\/wp-json\/wp\/v2\/product"}],"about":[{"href":"https:\/\/carsa.ca\/fr\/wp-json\/wp\/v2\/types\/product"}],"wp:featuredmedia":[{"embeddable":true,"href":"https:\/\/carsa.ca\/fr\/wp-json\/wp\/v2\/media\/7733"}],"wp:attachment":[{"href":"https:\/\/carsa.ca\/fr\/wp-json\/wp\/v2\/media?parent=7609"}],"wp:term":[{"taxonomy":"product_brand","embeddable":true,"href":"https:\/\/carsa.ca\/fr\/wp-json\/wp\/v2\/product_brand?post=7609"},{"taxonomy":"product_cat","embeddable":true,"href":"https:\/\/carsa.ca\/fr\/wp-json\/wp\/v2\/product_cat?post=7609"},{"taxonomy":"product_tag","embeddable":true,"href":"https:\/\/carsa.ca\/fr\/wp-json\/wp\/v2\/product_tag?post=7609"}],"curies":[{"name":"wp","href":"https:\/\/api.w.org\/{rel}","templated":true}]}}