{"id":7613,"date":"2024-07-07T11:21:06","date_gmt":"2024-07-07T11:21:06","guid":{"rendered":"https:\/\/demotasarim.online\/?post_type=product&#038;p=7613"},"modified":"2024-08-09T20:09:06","modified_gmt":"2024-08-09T20:09:06","slug":"7443-led-t20-7743-7444na7443st-7443ll-interior-and-exterior-white-red-2-bulbs","status":"publish","type":"product","link":"https:\/\/carsa.ca\/fr\/produit\/7443-led-t20-7743-7444na7443st-7443ll-interior-and-exterior-white-red-2-bulbs\/","title":{"rendered":"7443 LED (T20, 7743, 7444NA, 7443ST, 7443LL) Int\u00e9rieur et ext\u00e9rieur Blanc, Rouge \u2013 2 ampoules"},"content":{"rendered":"<div class=\"product-description rte\" data-product-description=\"\">\n<p>Am\u00e9liorez vos phares avec l&#039;ampoule LED pour votre v\u00e9hicule, ce qui augmentera \u00e9galement votre s\u00e9curit\u00e9 de conduite. Les ampoules de phares \u00e0 LED CARSA s&#039;adaptent \u00e0 toutes les conditions m\u00e9t\u00e9orologiques, en particulier la pluie, la neige, le brouillard et les conditions m\u00e9t\u00e9orologiques plus extr\u00eames.<br data-mce-fragment=\"1\"><br data-mce-fragment=\"1\"><\/p>\n<ul>\n<li>Ampoule de clignotant \u00e0 LED 7443 sans erreur Canbus ambre avec puce 21SMD 3030 66 W 1\u00a0000 lumens haute puissance par jeu, r\u00e9sistances de charge \u00e0 taux de d\u00e9codage \u00e9lev\u00e9 int\u00e9gr\u00e9es. 11 V-18 V CC (convient aux v\u00e9hicules 12 V).<\/li>\n<\/ul>\n<ul>\n<li>Corps en alliage d&#039;aluminium solide garantissant une dissipation thermique efficace et prolongeant la dur\u00e9e de vie de l&#039;ampoule jusqu&#039;\u00e0 35 000 heures. Clignotant \u00e0 LED, indicateur de d\u00e9codage anti-course intelligent pouvant \u00e9viter d&#039;endommager la lampe en raison d&#039;une puissance excessive : sortie avec une puissance \u00e9lev\u00e9e d&#039;abord lorsqu&#039;elle est allum\u00e9e, puis reconna\u00eet automatiquement les performances associ\u00e9es et se transforme en puissance de sortie s\u00fbre trois secondes apr\u00e8s l&#039;allumage.<\/li>\n<li>\n<\/li>\n<li>Ampoule Plug and Play, facile \u00e0 installer en 10 minutes. Taille presque 1:1 identique aux ampoules d&#039;origine, s&#039;adapte parfaitement au bo\u00eetier d&#039;origine et aux douilles d&#039;usine. La douille standard 7443 peut \u00eatre remplac\u00e9e par le type d&#039;ampoule suivant : 7443 LED (T20, 7743, T20 W21\/5W, 7441, 992, 7443ST, 7443AL, 7443LL, 7443A) Int\u00e9rieur et ext\u00e9rieur Blanc, Rouge - 2 ampoules<\/li>\n<\/ul>\n<ul>\n<li>L&#039;ampoule LED Amber 7443 s&#039;applique UNIQUEMENT aux clignotants et aux clignotants.<\/li>\n<\/ul>\n<ul>\n<li>Carsa offre une garantie \u00ab D&#039;UN AN \u00bb sur les articles endommag\u00e9s pendant la livraison ou pr\u00e9sentant un d\u00e9faut de fabrication confirm\u00e9. Achetez en toute confiance !<\/li>\n<\/ul>\n<ul>\n<li>\u25bcLes ampoules LED de recul\/de secours les plus high-tech ! Faisceau uniforme, chipsets 21SMD 3030 haute puissance. AMPOULES LED LES PLUS LUMINEUSES. MEILLEUR FAISCEAU.<\/li>\n<li>\u25bcLes ampoules LED CARSA ont \u00e9t\u00e9 fabriqu\u00e9es dans la plus haute qualit\u00e9 et la conception la plus stable, avec des heures de fonctionnement extra longues. Les meilleures ampoules LED d&#039;int\u00e9rieur du march\u00e9.<\/li>\n<li>\u25bcBase standard 7443, presque de la m\u00eame taille que les ampoules halog\u00e8nes. \u00c9clairage int\u00e9rieur LED ultra-lumineux, +320% PLUS LUMINEUX QUE L&#039;AMPOULE STOCK. Garantie d&#039;un an.<\/li>\n<li>\u25bcBo\u00eetier enti\u00e8rement en aluminium avec lentille de projection pour un rendement lumineux maximal et une meilleure r\u00e9partition de la chaleur, circuit int\u00e9gr\u00e9 \u00e0 courant constant int\u00e9gr\u00e9 pour une dur\u00e9e de vie plus longue et une faible consommation d&#039;\u00e9nergie.<\/li>\n<li>\u25bcS&#039;int\u00e9grer<span>\u00a0<\/span><span data-mce-fragment=\"1\">7443 DEL (T20, 7740, T20 W21\/5W, 7441, 992, 7443ST, 7443AL, 7443LL, 7443A)<\/span><span>\u00a0<\/span>prise. Peut \u00eatre utilis\u00e9 pour les feux de recul\/de recul, les feux stop\/arri\u00e8re, les clignotants\/feux de stationnement ou de jour, les clignotants, les feux de position lat\u00e9raux, les feux de jour, etc. (Une r\u00e9sistance de charge est n\u00e9cessaire pour \u00e9viter le clignotement rapide\/hyper flash du clignotant ou le code d&#039;erreur sur le tableau de bord pour certains v\u00e9hicules)<\/li>\n<\/ul>\n<p><img decoding=\"async\" src=\"https:\/\/carsa.ca\/wp-content\/uploads\/2023\/01\/H2fa67b305aa946be98594993a34862e1G.jpg?width=960&#038;height=960&#038;hash=1920\" data-mce-fragment=\"1\" data-mce-src=\"https:\/\/carsa.ca\/wp-content\/uploads\/2023\/01\/H2fa67b305aa946be98594993a34862e1G.jpg?width=960&#038;height=960&#038;hash=1920\"><br data-mce-fragment=\"1\">Ces ampoules sont des remplacements plug-and-play pour vos ampoules halog\u00e8nes standard, aucune modification de votre v\u00e9hicule n&#039;est donc n\u00e9cessaire pour l&#039;installation. Obtenez \u00e0 la fois un look \u00e9l\u00e9gant pour votre v\u00e9hicule et une visibilit\u00e9 am\u00e9lior\u00e9e pour une conduite plus s\u00fbre la nuit avec l&#039;ampoule de phare \u00e0 LED CARSA.<br data-mce-fragment=\"1\"><\/p>\n<p>\u00a0<img decoding=\"async\" src=\"https:\/\/carsa.ca\/wp-content\/uploads\/2023\/01\/Hd5aa807e02f54515ae9022b6482c8227K.jpg?width=960&#038;height=960&#038;hash=1920\" data-mce-fragment=\"1\" data-mce-src=\"https:\/\/carsa.ca\/wp-content\/uploads\/2023\/01\/Hd5aa807e02f54515ae9022b6482c8227K.jpg?width=960&#038;height=960&#038;hash=1920\"><\/p>\n<p><span>LIVRAISON GRATUITE POUR LES COMMANDES DE PLUS DE $110. Avec Postes Canada, un num\u00e9ro de suivi est fourni.<\/span><\/p>\n<p><span><\/span><span>Ampoules extr\u00eamement lumineuses et durables avec une garantie d&#039;un an.<\/span><\/p>\n<p><span> Un ensemble de feux de plaque d&#039;immatriculation ou un ensemble d&#039;ampoules int\u00e9rieures GRATUIT avec tout achat.<\/span><\/p>\n<p><span>Kit de conversion tout-en-un. Toutes les ampoules int\u00e9rieures et ext\u00e9rieures sont disponibles dans les lumens les plus \u00e9lev\u00e9s.<\/span><\/p>\n<p> Aucun composant suppl\u00e9mentaire, aucun frais n&#039;est n\u00e9cessaire. Installation plug-and-play facile.<\/p>\n<p><span data-mce-fragment=\"1\">\u00a0<\/span>Veuillez noter qu&#039;ils ne peuvent pas \u00eatre utilis\u00e9s comme feux de jour, qu&#039;ils peuvent scintiller ou ne pas pouvoir s&#039;allumer en raison de la faible tension des feux de jour. Veuillez vous assurer de d\u00e9sactiver la fonction DRL et d&#039;activer UNIQUEMENT la fonction feux de route.<\/p>\n<p><img decoding=\"async\" src=\"https:\/\/carsa.ca\/wp-content\/uploads\/2023\/01\/Hbbe82f1397264e66b53df89780e79335c.jpg?width=960&#038;height=960&#038;hash=1920\"><\/p>\n<p><\/p>\n<p>\u00a0<img decoding=\"async\" src=\"https:\/\/carsa.ca\/wp-content\/uploads\/2023\/01\/H403cb25a71944d2694a7fa396155d04bM.jpg?width=960&#038;height=960&#038;hash=1920\" data-mce-fragment=\"1\" data-mce-src=\"https:\/\/carsa.ca\/wp-content\/uploads\/2023\/01\/H403cb25a71944d2694a7fa396155d04bM.jpg?width=960&#038;height=960&#038;hash=1920\"><\/p>\n<p>\u00a0<\/p>\n<p><span class=\"a-list-item\"><span><\/span><\/span><span class=\"a-list-item\"><span>VEUILLEZ NOUS INDIQUER L&#039;ANN\u00c9E ET LE MOD\u00c8LE DE VOTRE V\u00c9HICULE, NOUS VOUS OBTENIRONS LES BONNES AMPOULES.<\/span><\/span><\/p>\n<p>\u00a0<span data-mce-fragment=\"1\"> Nous comprenons qu&#039;il peut parfois \u00eatre difficile de trouver en ligne l&#039;ampoule adapt\u00e9e \u00e0 votre v\u00e9hicule. Si vous n&#039;\u00eates pas s\u00fbr du mod\u00e8le compatible avec votre v\u00e9hicule, n&#039;h\u00e9sitez pas \u00e0 nous demander conseil. Nous trouverons le type d&#039;ampoule qui vous convient.<\/span><\/p>\n<p><span data-mce-fragment=\"1\"> Guide d&#039;installation :<\/span><\/p>\n<p><span data-mce-fragment=\"1\"> Assurez-vous que le moteur est \u00e9teint et froid. (Au moins quelques heures)<\/span><\/p>\n<p><span data-mce-fragment=\"1\"> Changez toujours les ampoules en m\u00eame temps : garder l\u2019ancienne avec la nouvelle a tendance \u00e0 les faire griller toutes les deux tr\u00e8s rapidement.<\/span><\/p>\n<p><span data-mce-fragment=\"1\"> Assurez-vous que les loquets autour des ampoules sont correctement fix\u00e9s.<\/span><\/p>\n<p><span data-mce-fragment=\"1\"> Si l&#039;ampoule LED ne s&#039;allume pas apr\u00e8s l&#039;installation, retournez la prise et rebranchez-la. Assurez-vous que le p\u00f4le positif correspond au p\u00f4le n\u00e9gatif.<\/span><\/p>\n<p><span data-mce-fragment=\"1\"><img decoding=\"async\" alt=\"\" src=\"https:\/\/carsa.ca\/wp-content\/uploads\/2023\/01\/271255557_4665183696935146_4976022738138774875_n_480x480.jpg?v=1648587944\" data-mce-src=\"https:\/\/carsa.ca\/wp-content\/uploads\/2023\/01\/271255557_4665183696935146_4976022738138774875_n_480x480.jpg?v=1648587944\"><\/span><\/p>\n<\/div>","protected":false},"excerpt":{"rendered":"<p>Upgrade your headlight to the LED bulb for your vehicle which will also increase your driving safety. CARSA LED Headlight Bulbs fit all weather conditions, especially rainy, snowy, foggy, and more extreme weather. Canbus Error Free 7443 LED Turn Signal Bulb Amber With 21SMD 3030 Chip 66W 1000 Lumens High Power Per Set, Built-In High [&hellip;]<\/p>\n","protected":false},"featured_media":7785,"template":"","meta":[],"product_brand":[],"product_cat":[180,181,302],"product_tag":[],"class_list":{"0":"post-7613","1":"product","2":"type-product","3":"status-publish","4":"has-post-thumbnail","6":"product_cat-all-products","7":"product_cat-exterior-interior-lights","8":"product_cat-exterior-interior-lights-t20-7440-7443","9":"product_shipping_class-standart","11":"first","12":"onbackorder","13":"sale","14":"taxable","15":"shipping-taxable","16":"purchasable","17":"product-type-variable","18":"add-to-wishlist-after_add_to_cart"},"yoast_head":"<!-- This site is optimized with the Yoast SEO plugin v27.3 - https:\/\/yoast.com\/product\/yoast-seo-wordpress\/ -->\n<title>7443 LED (T20, 7743, 7444NA,7443ST, 7443LL) Interior and Exterior White, Red - 2 Bulbs - Carsa Automotive Lighting System<\/title>\n<meta name=\"robots\" content=\"index, follow, max-snippet:-1, max-image-preview:large, max-video-preview:-1\" \/>\n<link rel=\"canonical\" href=\"https:\/\/carsa.ca\/fr\/produit\/7443-led-t20-7743-7444na7443st-7443ll-interior-and-exterior-white-red-2-bulbs\/\" \/>\n<meta property=\"og:locale\" content=\"fr_FR\" \/>\n<meta property=\"og:type\" content=\"article\" \/>\n<meta property=\"og:title\" content=\"7443 LED (T20, 7743, 7444NA,7443ST, 7443LL) Interior and Exterior White, Red - 2 Bulbs - Carsa Automotive Lighting System\" \/>\n<meta property=\"og:description\" content=\"Upgrade your headlight to the LED bulb for your vehicle which will also increase your driving safety. CARSA LED Headlight Bulbs fit all weather conditions, especially rainy, snowy, foggy, and more extreme weather. Canbus Error Free 7443 LED Turn Signal Bulb Amber With 21SMD 3030 Chip 66W 1000 Lumens High Power Per Set, Built-In High [&hellip;]\" \/>\n<meta property=\"og:url\" content=\"https:\/\/carsa.ca\/fr\/produit\/7443-led-t20-7743-7444na7443st-7443ll-interior-and-exterior-white-red-2-bulbs\/\" \/>\n<meta property=\"og:site_name\" content=\"Carsa Automotive Lighting System\" \/>\n<meta property=\"article:modified_time\" content=\"2024-08-09T20:09:06+00:00\" \/>\n<meta property=\"og:image\" content=\"https:\/\/carsa.ca\/wp-content\/uploads\/2024\/07\/74407443_1_445ce276-b320-4865-b454-4b3d8d5471bf.jpg\" \/>\n\t<meta property=\"og:image:width\" content=\"800\" \/>\n\t<meta property=\"og:image:height\" content=\"800\" \/>\n\t<meta property=\"og:image:type\" content=\"image\/jpeg\" \/>\n<meta name=\"twitter:card\" content=\"summary_large_image\" \/>\n<meta name=\"twitter:label1\" content=\"Dur\u00e9e de lecture estim\u00e9e\" \/>\n\t<meta name=\"twitter:data1\" content=\"3 minutes\" \/>\n<script type=\"application\/ld+json\" class=\"yoast-schema-graph\">{\"@context\":\"https:\\\/\\\/schema.org\",\"@graph\":[{\"@type\":\"WebPage\",\"@id\":\"https:\\\/\\\/carsa.ca\\\/product\\\/7443-led-t20-7743-7444na7443st-7443ll-interior-and-exterior-white-red-2-bulbs\\\/\",\"url\":\"https:\\\/\\\/carsa.ca\\\/product\\\/7443-led-t20-7743-7444na7443st-7443ll-interior-and-exterior-white-red-2-bulbs\\\/\",\"name\":\"7443 LED (T20, 7743, 7444NA,7443ST, 7443LL) Interior and Exterior White, Red - 2 Bulbs - Carsa Automotive Lighting System\",\"isPartOf\":{\"@id\":\"https:\\\/\\\/carsa.ca\\\/#website\"},\"primaryImageOfPage\":{\"@id\":\"https:\\\/\\\/carsa.ca\\\/product\\\/7443-led-t20-7743-7444na7443st-7443ll-interior-and-exterior-white-red-2-bulbs\\\/#primaryimage\"},\"image\":{\"@id\":\"https:\\\/\\\/carsa.ca\\\/product\\\/7443-led-t20-7743-7444na7443st-7443ll-interior-and-exterior-white-red-2-bulbs\\\/#primaryimage\"},\"thumbnailUrl\":\"https:\\\/\\\/carsa.ca\\\/wp-content\\\/uploads\\\/2024\\\/07\\\/74407443_1_445ce276-b320-4865-b454-4b3d8d5471bf.jpg\",\"datePublished\":\"2024-07-07T11:21:06+00:00\",\"dateModified\":\"2024-08-09T20:09:06+00:00\",\"breadcrumb\":{\"@id\":\"https:\\\/\\\/carsa.ca\\\/product\\\/7443-led-t20-7743-7444na7443st-7443ll-interior-and-exterior-white-red-2-bulbs\\\/#breadcrumb\"},\"inLanguage\":\"fr-FR\",\"potentialAction\":[{\"@type\":\"ReadAction\",\"target\":[\"https:\\\/\\\/carsa.ca\\\/product\\\/7443-led-t20-7743-7444na7443st-7443ll-interior-and-exterior-white-red-2-bulbs\\\/\"]}]},{\"@type\":\"ImageObject\",\"inLanguage\":\"fr-FR\",\"@id\":\"https:\\\/\\\/carsa.ca\\\/product\\\/7443-led-t20-7743-7444na7443st-7443ll-interior-and-exterior-white-red-2-bulbs\\\/#primaryimage\",\"url\":\"https:\\\/\\\/carsa.ca\\\/wp-content\\\/uploads\\\/2024\\\/07\\\/74407443_1_445ce276-b320-4865-b454-4b3d8d5471bf.jpg\",\"contentUrl\":\"https:\\\/\\\/carsa.ca\\\/wp-content\\\/uploads\\\/2024\\\/07\\\/74407443_1_445ce276-b320-4865-b454-4b3d8d5471bf.jpg\",\"width\":800,\"height\":800},{\"@type\":\"BreadcrumbList\",\"@id\":\"https:\\\/\\\/carsa.ca\\\/product\\\/7443-led-t20-7743-7444na7443st-7443ll-interior-and-exterior-white-red-2-bulbs\\\/#breadcrumb\",\"itemListElement\":[{\"@type\":\"ListItem\",\"position\":1,\"name\":\"Home\",\"item\":\"https:\\\/\\\/carsa.ca\\\/\"},{\"@type\":\"ListItem\",\"position\":2,\"name\":\"Shop\",\"item\":\"https:\\\/\\\/carsa.ca\\\/fr\\\/shop\\\/\"},{\"@type\":\"ListItem\",\"position\":3,\"name\":\"7443 LED (T20, 7743, 7444NA,7443ST, 7443LL) Interior and Exterior White, Red &#8211; 2 Bulbs\"}]},{\"@type\":\"WebSite\",\"@id\":\"https:\\\/\\\/carsa.ca\\\/#website\",\"url\":\"https:\\\/\\\/carsa.ca\\\/\",\"name\":\"Carsa Automotive Lighting System\",\"description\":\"\",\"publisher\":{\"@id\":\"https:\\\/\\\/carsa.ca\\\/#organization\"},\"potentialAction\":[{\"@type\":\"SearchAction\",\"target\":{\"@type\":\"EntryPoint\",\"urlTemplate\":\"https:\\\/\\\/carsa.ca\\\/?s={search_term_string}\"},\"query-input\":{\"@type\":\"PropertyValueSpecification\",\"valueRequired\":true,\"valueName\":\"search_term_string\"}}],\"inLanguage\":\"fr-FR\"},{\"@type\":\"Organization\",\"@id\":\"https:\\\/\\\/carsa.ca\\\/#organization\",\"name\":\"Carsa Automotive Lighting System\",\"url\":\"https:\\\/\\\/carsa.ca\\\/\",\"logo\":{\"@type\":\"ImageObject\",\"inLanguage\":\"fr-FR\",\"@id\":\"https:\\\/\\\/carsa.ca\\\/#\\\/schema\\\/logo\\\/image\\\/\",\"url\":\"https:\\\/\\\/carsa.ca\\\/wp-content\\\/uploads\\\/2024\\\/07\\\/CARSA-LOGO.svg\",\"contentUrl\":\"https:\\\/\\\/carsa.ca\\\/wp-content\\\/uploads\\\/2024\\\/07\\\/CARSA-LOGO.svg\",\"width\":2512,\"height\":504,\"caption\":\"Carsa Automotive Lighting System\"},\"image\":{\"@id\":\"https:\\\/\\\/carsa.ca\\\/#\\\/schema\\\/logo\\\/image\\\/\"}}]}<\/script>\n<!-- \/ Yoast SEO plugin. -->","yoast_head_json":{"title":"Ampoules LED 7443 (T20, 7743, 7444NA, 7443ST, 7443LL) Blanc et rouge - 2 ampoules - Syst\u00e8me d&#039;\u00e9clairage automobile Carsa","robots":{"index":"index","follow":"follow","max-snippet":"max-snippet:-1","max-image-preview":"max-image-preview:large","max-video-preview":"max-video-preview:-1"},"canonical":"https:\/\/carsa.ca\/fr\/produit\/7443-led-t20-7743-7444na7443st-7443ll-interior-and-exterior-white-red-2-bulbs\/","og_locale":"fr_FR","og_type":"article","og_title":"7443 LED (T20, 7743, 7444NA,7443ST, 7443LL) Interior and Exterior White, Red - 2 Bulbs - Carsa Automotive Lighting System","og_description":"Upgrade your headlight to the LED bulb for your vehicle which will also increase your driving safety. CARSA LED Headlight Bulbs fit all weather conditions, especially rainy, snowy, foggy, and more extreme weather. Canbus Error Free 7443 LED Turn Signal Bulb Amber With 21SMD 3030 Chip 66W 1000 Lumens High Power Per Set, Built-In High [&hellip;]","og_url":"https:\/\/carsa.ca\/fr\/produit\/7443-led-t20-7743-7444na7443st-7443ll-interior-and-exterior-white-red-2-bulbs\/","og_site_name":"Carsa Automotive Lighting System","article_modified_time":"2024-08-09T20:09:06+00:00","og_image":[{"width":800,"height":800,"url":"https:\/\/carsa.ca\/wp-content\/uploads\/2024\/07\/74407443_1_445ce276-b320-4865-b454-4b3d8d5471bf.jpg","type":"image\/jpeg"}],"twitter_card":"summary_large_image","twitter_misc":{"Dur\u00e9e de lecture estim\u00e9e":"3 minutes"},"schema":{"@context":"https:\/\/schema.org","@graph":[{"@type":"WebPage","@id":"https:\/\/carsa.ca\/product\/7443-led-t20-7743-7444na7443st-7443ll-interior-and-exterior-white-red-2-bulbs\/","url":"https:\/\/carsa.ca\/product\/7443-led-t20-7743-7444na7443st-7443ll-interior-and-exterior-white-red-2-bulbs\/","name":"Ampoules LED 7443 (T20, 7743, 7444NA, 7443ST, 7443LL) Blanc et rouge - 2 ampoules - Syst\u00e8me d&#039;\u00e9clairage automobile Carsa","isPartOf":{"@id":"https:\/\/carsa.ca\/#website"},"primaryImageOfPage":{"@id":"https:\/\/carsa.ca\/product\/7443-led-t20-7743-7444na7443st-7443ll-interior-and-exterior-white-red-2-bulbs\/#primaryimage"},"image":{"@id":"https:\/\/carsa.ca\/product\/7443-led-t20-7743-7444na7443st-7443ll-interior-and-exterior-white-red-2-bulbs\/#primaryimage"},"thumbnailUrl":"https:\/\/carsa.ca\/wp-content\/uploads\/2024\/07\/74407443_1_445ce276-b320-4865-b454-4b3d8d5471bf.jpg","datePublished":"2024-07-07T11:21:06+00:00","dateModified":"2024-08-09T20:09:06+00:00","breadcrumb":{"@id":"https:\/\/carsa.ca\/product\/7443-led-t20-7743-7444na7443st-7443ll-interior-and-exterior-white-red-2-bulbs\/#breadcrumb"},"inLanguage":"fr-FR","potentialAction":[{"@type":"ReadAction","target":["https:\/\/carsa.ca\/product\/7443-led-t20-7743-7444na7443st-7443ll-interior-and-exterior-white-red-2-bulbs\/"]}]},{"@type":"ImageObject","inLanguage":"fr-FR","@id":"https:\/\/carsa.ca\/product\/7443-led-t20-7743-7444na7443st-7443ll-interior-and-exterior-white-red-2-bulbs\/#primaryimage","url":"https:\/\/carsa.ca\/wp-content\/uploads\/2024\/07\/74407443_1_445ce276-b320-4865-b454-4b3d8d5471bf.jpg","contentUrl":"https:\/\/carsa.ca\/wp-content\/uploads\/2024\/07\/74407443_1_445ce276-b320-4865-b454-4b3d8d5471bf.jpg","width":800,"height":800},{"@type":"BreadcrumbList","@id":"https:\/\/carsa.ca\/product\/7443-led-t20-7743-7444na7443st-7443ll-interior-and-exterior-white-red-2-bulbs\/#breadcrumb","itemListElement":[{"@type":"ListItem","position":1,"name":"Home","item":"https:\/\/carsa.ca\/"},{"@type":"ListItem","position":2,"name":"Shop","item":"https:\/\/carsa.ca\/fr\/shop\/"},{"@type":"ListItem","position":3,"name":"7443 LED (T20, 7743, 7444NA,7443ST, 7443LL) Interior and Exterior White, Red &#8211; 2 Bulbs"}]},{"@type":"WebSite","@id":"https:\/\/carsa.ca\/#website","url":"https:\/\/carsa.ca\/","name":"Syst\u00e8me d&#039;\u00e9clairage automobile Carsa","description":"","publisher":{"@id":"https:\/\/carsa.ca\/#organization"},"potentialAction":[{"@type":"SearchAction","target":{"@type":"EntryPoint","urlTemplate":"https:\/\/carsa.ca\/?s={search_term_string}"},"query-input":{"@type":"PropertyValueSpecification","valueRequired":true,"valueName":"search_term_string"}}],"inLanguage":"fr-FR"},{"@type":"Organization","@id":"https:\/\/carsa.ca\/#organization","name":"Syst\u00e8me d&#039;\u00e9clairage automobile Carsa","url":"https:\/\/carsa.ca\/","logo":{"@type":"ImageObject","inLanguage":"fr-FR","@id":"https:\/\/carsa.ca\/#\/schema\/logo\/image\/","url":"https:\/\/carsa.ca\/wp-content\/uploads\/2024\/07\/CARSA-LOGO.svg","contentUrl":"https:\/\/carsa.ca\/wp-content\/uploads\/2024\/07\/CARSA-LOGO.svg","width":2512,"height":504,"caption":"Carsa Automotive Lighting System"},"image":{"@id":"https:\/\/carsa.ca\/#\/schema\/logo\/image\/"}}]}},"_links":{"self":[{"href":"https:\/\/carsa.ca\/fr\/wp-json\/wp\/v2\/product\/7613","targetHints":{"allow":["GET"]}}],"collection":[{"href":"https:\/\/carsa.ca\/fr\/wp-json\/wp\/v2\/product"}],"about":[{"href":"https:\/\/carsa.ca\/fr\/wp-json\/wp\/v2\/types\/product"}],"wp:featuredmedia":[{"embeddable":true,"href":"https:\/\/carsa.ca\/fr\/wp-json\/wp\/v2\/media\/7785"}],"wp:attachment":[{"href":"https:\/\/carsa.ca\/fr\/wp-json\/wp\/v2\/media?parent=7613"}],"wp:term":[{"taxonomy":"product_brand","embeddable":true,"href":"https:\/\/carsa.ca\/fr\/wp-json\/wp\/v2\/product_brand?post=7613"},{"taxonomy":"product_cat","embeddable":true,"href":"https:\/\/carsa.ca\/fr\/wp-json\/wp\/v2\/product_cat?post=7613"},{"taxonomy":"product_tag","embeddable":true,"href":"https:\/\/carsa.ca\/fr\/wp-json\/wp\/v2\/product_tag?post=7613"}],"curies":[{"name":"wp","href":"https:\/\/api.w.org\/{rel}","templated":true}]}}