{"id":8712,"date":"2024-08-06T20:09:10","date_gmt":"2024-08-06T20:09:10","guid":{"rendered":"https:\/\/demotasarim.online\/?post_type=product&#038;p=8712"},"modified":"2024-08-09T20:08:44","modified_gmt":"2024-08-09T20:08:44","slug":"h15-led-9008-head-lights-day-time-running-lights-white-6000k-2-bulbs","status":"publish","type":"product","link":"https:\/\/carsa.ca\/fr\/produit\/h15-led-9008-head-lights-day-time-running-lights-white-6000k-2-bulbs\/","title":{"rendered":"Phares et feux de jour LED H15 (9008) Blanc (6000K) \u2013 2 ampoules"},"content":{"rendered":"<div class=\"product-description rte\" data-product-description=\"\">\n<p><strong>AILEO Puce COB haute puissance H15 LED 8000lm 72w Phare \u00e0 faisceau \u00e9lev\u00e9 Feu de conduite pour Audi Mercedes Benz BMW Volkswagen Golf MK6MK7<\/strong><\/p>\n<p><strong>Utiliser le mod\u00e8le<\/strong><strong>\uff1a<\/strong><\/p>\n<p>Audi A5\/S5 2010-2012<br \/> Audi A6\/S6 2009 et plus<br \/> Audi Q7 2010 et plus<br \/> BMW S\u00e9rie 2 2014 et plus<br \/> Mercedes Benz Classe CLA 2013 et plus<br \/> Mercedes Benz Classe GLK \u00e0 partir de 2013<br \/> Mercedes Benz Classe GLA 2014 et plus<br \/> Volkswagen Jetta 2013-2014 (une partie de la Jetta utilise des ampoules H15 pour les feux de jour)<br \/> Volkswagen Golf\/GTi 2010-2013<br \/> Volkswagen Tiguan 2012 et plus<\/p>\n<p> Veuillez noter que ce produit ne fonctionnera que pour les v\u00e9hicules mentionn\u00e9s ci-dessus avec les phares halog\u00e8nes standard uniquement. Vous devez \u00e9galement d\u00e9coder votre OBC pour d\u00e9sactiver le message d&#039;erreur ou utiliser des r\u00e9sistances pour vous d\u00e9barrasser du message d&#039;avertissement affich\u00e9 sur le tableau de bord. (Veuillez confirmer la compatibilit\u00e9 avant l&#039;achat, si vous avez des questions, n&#039;h\u00e9sitez pas \u00e0 nous contacter.)<\/p>\n<p><strong>Caract\u00e9ristiques principales :<\/strong><\/p>\n<p>Nom du produit : ampoule LED H15 (12-24 V CC).<br \/> Conception sans erreur et non polaire<br \/> Fonctionne \u00e0 la fois pour le mode feux de jour et pour le mode feux de route<br \/> Sp\u00e9cifications LED : 2 pi\u00e8ces 18 W aliment\u00e9es par des puces LED COB<br \/> Couleur : Blanc X\u00e9non 6000K<br \/> Lumen r\u00e9el : 4000LM<br \/> Tension de fonctionnement : 12 V-24 V CC<br \/> Puissance de la puce : 35 W COB<br \/> Puissance de travail : 24 W<br \/> temp\u00e9rature de fonctionnement : -40\u00b0C- 105\u00b0C<br \/> Angle du faisceau : 360\u00b0<br \/> Circuit : composants d&#039;origine import\u00e9s d&#039;Am\u00e9rique, large gamme de tension, circuit int\u00e9gr\u00e9 intelligent \u00e0 courant constant, conception de circuit anti-interf\u00e9rence. S&#039;applique \u00e0 la plupart des mod\u00e8les de voitures<br \/> Produits LED de nouvelle g\u00e9n\u00e9ration avec technologie au carbure de silicium<\/p>\n<\/div>\n<div class=\"product-description rte\" data-product-description=\"\">\n<p>Am\u00e9liorez vos phares avec l&#039;ampoule LED pour votre v\u00e9hicule, ce qui augmentera \u00e9galement votre s\u00e9curit\u00e9 de conduite. Les ampoules de phares \u00e0 LED CARSA s&#039;adaptent \u00e0 toutes les conditions m\u00e9t\u00e9orologiques, en particulier la pluie, la neige, le brouillard et les conditions m\u00e9t\u00e9orologiques plus extr\u00eames.<br data-mce-fragment=\"1\"><br data-mce-fragment=\"1\">Les lumi\u00e8res blanches froides \u00e0 6500K offrent une vision claire la nuit avec la meilleure force de p\u00e9n\u00e9tration, offrent une vue claire les jours de pluie, de brouillard ou de neige et une conduite s\u00fbre !<br data-mce-fragment=\"1\"><br data-mce-fragment=\"1\">Ces ampoules sont des remplacements plug-and-play pour vos ampoules halog\u00e8nes standard, aucune modification de votre v\u00e9hicule n&#039;est donc n\u00e9cessaire pour l&#039;installation. Obtenez \u00e0 la fois un look \u00e9l\u00e9gant pour votre v\u00e9hicule et une visibilit\u00e9 am\u00e9lior\u00e9e pour une conduite plus s\u00fbre la nuit avec l&#039;ampoule de phare \u00e0 LED CARSA.<br data-mce-fragment=\"1\"><\/p>\n<p>\u00a0<img decoding=\"async\" alt=\"\" src=\"https:\/\/carsa.ca\/wp-content\/uploads\/2023\/01\/IMG_3079_480x480.jpg?v=1648587375\" data-mce-src=\"https:\/\/carsa.ca\/wp-content\/uploads\/2023\/01\/IMG_3079_480x480.jpg?v=1648587375\" data-mce-fragment=\"1\"><\/p>\n<p><span>LIVRAISON GRATUITE POUR LES COMMANDES DE PLUS DE $110. Avec Postes Canada, un num\u00e9ro de suivi est fourni.<\/span><\/p>\n<p><span> Si vous achetez 2 ensembles ou plus, vous recevrez une r\u00e9duction SUPPL\u00c9MENTAIRE de $10.<\/span><\/p>\n<p><span>Ampoules extr\u00eamement lumineuses et durables avec une garantie d&#039;un an.<\/span><\/p>\n<p><span> Un ensemble de feux de plaque d&#039;immatriculation ou un ensemble d&#039;ampoules int\u00e9rieures GRATUIT avec tout achat.<\/span><\/p>\n<p><span>Kit de conversion tout-en-un. Toutes les ampoules int\u00e9rieures et ext\u00e9rieures sont disponibles dans les lumens les plus \u00e9lev\u00e9s.<\/span><\/p>\n<p><span>Super lumineux \u2013 60 W, 14\u00a0000 lm, 3 fois plus lumineux que les lampes halog\u00e8nes. Fonctionnement sur courant continu 12 V-24 V,\u00a0<strong data-mce-fragment=\"1\">6<\/strong><strong data-mce-fragment=\"1\">0 W et 7 200 lm par ampoule, blanc 6 500 K<\/strong><\/span><\/p>\n<p><span> Aucun composant suppl\u00e9mentaire, aucun frais n&#039;est n\u00e9cessaire. Installation plug-and-play facile.<\/span><\/p>\n<p><span data-mce-fragment=\"1\">\u00a0<\/span>Veuillez noter qu&#039;ils ne peuvent pas \u00eatre utilis\u00e9s comme feux de jour, qu&#039;ils peuvent scintiller ou ne pas pouvoir s&#039;allumer en raison de la faible tension des feux de jour. Veuillez vous assurer de d\u00e9sactiver la fonction DRL et d&#039;activer UNIQUEMENT la fonction feux de route.<\/p>\n<p><span data-mce-fragment=\"1\">\u00a0<\/span>Conception compatible Can-bus : une<span>\u00a0<\/span><strong>pilote mis \u00e0 niveau avec circuit int\u00e9gr\u00e9 intelligent int\u00e9gr\u00e9<\/strong><span>\u00a0<\/span>et le contr\u00f4le de la temp\u00e9rature garantit que les lampes fonctionnent dans les meilleures conditions sans erreur ni interf\u00e9rence radio.<\/p>\n<p><span data-mce-fragment=\"1\">\u00a0<\/span>Syst\u00e8me de refroidissement efficace : Corps enti\u00e8rement en aluminium a\u00e9ronautique et<span>\u00a0<\/span><strong>Ventilateur de refroidissement \u00e0 12 000 tr\/min<\/strong><span>\u00a0<\/span>offrent une capacit\u00e9 de surrefroidissement, ce qui garantit une dur\u00e9e de vie plus longue jusqu&#039;\u00e0 50 000 heures.<\/p>\n<p>\u00a0<img decoding=\"async\" alt=\"\" src=\"https:\/\/carsa.ca\/wp-content\/uploads\/2023\/01\/IMG_2904_480x480.jpg?v=1648587916\" data-mce-src=\"https:\/\/carsa.ca\/wp-content\/uploads\/2023\/01\/IMG_2904_480x480.jpg?v=1648587916\" data-mce-fragment=\"1\"><\/p>\n<p><span class=\"a-list-item\"><span>Pi\u00e8ces d\u00e9tach\u00e9es automobiles Carsa Veuillez consulter nos avis sur Google\u00a0:<\/span><\/span><\/p>\n<p><span class=\"a-list-item\"><span><\/span><\/span><span class=\"a-list-item\"><span>https:\/\/g.page\/carsa-auto-parts\/review?gm<\/span><\/span><\/p>\n<p><span class=\"a-list-item\"><span><\/span><\/span><span class=\"a-list-item\"><span>VEUILLEZ NOUS INDIQUER L&#039;ANN\u00c9E ET LE MOD\u00c8LE DE VOTRE V\u00c9HICULE, NOUS VOUS OBTENIRONS LES BONNES AMPOULES.<\/span><\/span><\/p>\n<p>\u00a0<span data-mce-fragment=\"1\"> Nous comprenons qu&#039;il peut parfois \u00eatre difficile de trouver en ligne l&#039;ampoule adapt\u00e9e \u00e0 votre v\u00e9hicule. Si vous n&#039;\u00eates pas s\u00fbr du mod\u00e8le compatible avec votre v\u00e9hicule, n&#039;h\u00e9sitez pas \u00e0 nous demander conseil. Nous trouverons le type d&#039;ampoule qui vous convient.<\/span><\/p>\n<p><span data-mce-fragment=\"1\"> Guide d&#039;installation :<\/span><\/p>\n<p><span data-mce-fragment=\"1\"> Assurez-vous que le moteur est \u00e9teint et froid. (Au moins quelques heures)<\/span><\/p>\n<p><span data-mce-fragment=\"1\"> Changez toujours les ampoules en m\u00eame temps : garder l\u2019ancienne avec la nouvelle a tendance \u00e0 les faire griller toutes les deux tr\u00e8s rapidement.<\/span><\/p>\n<p><span data-mce-fragment=\"1\"> Assurez-vous que les loquets autour des ampoules sont correctement fix\u00e9s.<\/span><\/p>\n<p><span data-mce-fragment=\"1\"> Si l&#039;ampoule LED ne s&#039;allume pas apr\u00e8s l&#039;installation, retournez la prise et rebranchez-la. Assurez-vous que le p\u00f4le positif correspond au p\u00f4le n\u00e9gatif.<\/span><\/p>\n<p><span data-mce-fragment=\"1\"><img decoding=\"async\" src=\"https:\/\/carsa.ca\/wp-content\/uploads\/2023\/01\/271255557_4665183696935146_4976022738138774875_n_480x480.jpg?v=1648587944\" alt=\"\" data-mce-src=\"https:\/\/carsa.ca\/wp-content\/uploads\/2023\/01\/271255557_4665183696935146_4976022738138774875_n_480x480.jpg?v=1648587944\"><\/span><\/p>\n<\/div>","protected":false},"excerpt":{"rendered":"<p>AILEO High Power COB Chip H15 Led 8000lm 72w High Beam Headlight Driving Light For Audi Mercedes Benz BMW Volkswagen Golf MK6MK7 Use model\uff1a 2010-2012 Audi A5\/S5 2009-up Audi A6\/S6 2010-up Audi Q7 2014-up BMW 2 Series 2013-up Mercedes Benz CLA-Class 2013-up Mercedes Benz GLK-Class 2014-up Mercedes Benz GLA-Class 2013-2014 Volkswagen Jetta (portion of Jetta [&hellip;]<\/p>\n","protected":false},"featured_media":8891,"template":"","meta":[],"product_brand":[],"product_cat":[180,311],"product_tag":[193,199,274],"class_list":{"0":"post-8712","1":"product","2":"type-product","3":"status-publish","4":"has-post-thumbnail","6":"product_cat-all-products","7":"product_cat-led-headlights","8":"product_tag-audi","9":"product_tag-bmw","10":"product_tag-volkswagen","11":"product_shipping_class-standart","13":"first","14":"instock","15":"sale","16":"taxable","17":"shipping-taxable","18":"purchasable","19":"product-type-simple","20":"add-to-wishlist-after_add_to_cart"},"yoast_head":"<!-- This site is optimized with the Yoast SEO plugin v27.3 - https:\/\/yoast.com\/product\/yoast-seo-wordpress\/ -->\n<title>H15 LED (9008) Head Lights &amp; Day Time Running Lights White (6000K) - 2 Bulbs - Carsa Automotive Lighting System<\/title>\n<meta name=\"robots\" content=\"index, follow, max-snippet:-1, max-image-preview:large, max-video-preview:-1\" \/>\n<link rel=\"canonical\" href=\"https:\/\/carsa.ca\/fr\/produit\/h15-led-9008-head-lights-day-time-running-lights-white-6000k-2-bulbs\/\" \/>\n<meta property=\"og:locale\" content=\"fr_FR\" \/>\n<meta property=\"og:type\" content=\"article\" \/>\n<meta property=\"og:title\" content=\"H15 LED (9008) Head Lights &amp; Day Time Running Lights White (6000K) - 2 Bulbs - Carsa Automotive Lighting System\" \/>\n<meta property=\"og:description\" content=\"AILEO High Power COB Chip H15 Led 8000lm 72w High Beam Headlight Driving Light For Audi Mercedes Benz BMW Volkswagen Golf MK6MK7 Use model\uff1a 2010-2012 Audi A5\/S5 2009-up Audi A6\/S6 2010-up Audi Q7 2014-up BMW 2 Series 2013-up Mercedes Benz CLA-Class 2013-up Mercedes Benz GLK-Class 2014-up Mercedes Benz GLA-Class 2013-2014 Volkswagen Jetta (portion of Jetta [&hellip;]\" \/>\n<meta property=\"og:url\" content=\"https:\/\/carsa.ca\/fr\/produit\/h15-led-9008-head-lights-day-time-running-lights-white-6000k-2-bulbs\/\" \/>\n<meta property=\"og:site_name\" content=\"Carsa Automotive Lighting System\" \/>\n<meta property=\"article:modified_time\" content=\"2024-08-09T20:08:44+00:00\" \/>\n<meta property=\"og:image\" content=\"https:\/\/carsa.ca\/wp-content\/uploads\/2024\/08\/H15_9.jpg\" \/>\n\t<meta property=\"og:image:width\" content=\"800\" \/>\n\t<meta property=\"og:image:height\" content=\"800\" \/>\n\t<meta property=\"og:image:type\" content=\"image\/jpeg\" \/>\n<meta name=\"twitter:card\" content=\"summary_large_image\" \/>\n<meta name=\"twitter:label1\" content=\"Dur\u00e9e de lecture estim\u00e9e\" \/>\n\t<meta name=\"twitter:data1\" content=\"3 minutes\" \/>\n<script type=\"application\/ld+json\" class=\"yoast-schema-graph\">{\"@context\":\"https:\\\/\\\/schema.org\",\"@graph\":[{\"@type\":\"WebPage\",\"@id\":\"https:\\\/\\\/carsa.ca\\\/product\\\/h15-led-9008-head-lights-day-time-running-lights-white-6000k-2-bulbs\\\/\",\"url\":\"https:\\\/\\\/carsa.ca\\\/product\\\/h15-led-9008-head-lights-day-time-running-lights-white-6000k-2-bulbs\\\/\",\"name\":\"H15 LED (9008) Head Lights & Day Time Running Lights White (6000K) - 2 Bulbs - Carsa Automotive Lighting System\",\"isPartOf\":{\"@id\":\"https:\\\/\\\/carsa.ca\\\/#website\"},\"primaryImageOfPage\":{\"@id\":\"https:\\\/\\\/carsa.ca\\\/product\\\/h15-led-9008-head-lights-day-time-running-lights-white-6000k-2-bulbs\\\/#primaryimage\"},\"image\":{\"@id\":\"https:\\\/\\\/carsa.ca\\\/product\\\/h15-led-9008-head-lights-day-time-running-lights-white-6000k-2-bulbs\\\/#primaryimage\"},\"thumbnailUrl\":\"https:\\\/\\\/carsa.ca\\\/wp-content\\\/uploads\\\/2024\\\/08\\\/H15_9.jpg\",\"datePublished\":\"2024-08-06T20:09:10+00:00\",\"dateModified\":\"2024-08-09T20:08:44+00:00\",\"breadcrumb\":{\"@id\":\"https:\\\/\\\/carsa.ca\\\/product\\\/h15-led-9008-head-lights-day-time-running-lights-white-6000k-2-bulbs\\\/#breadcrumb\"},\"inLanguage\":\"fr-FR\",\"potentialAction\":[{\"@type\":\"ReadAction\",\"target\":[\"https:\\\/\\\/carsa.ca\\\/product\\\/h15-led-9008-head-lights-day-time-running-lights-white-6000k-2-bulbs\\\/\"]}]},{\"@type\":\"ImageObject\",\"inLanguage\":\"fr-FR\",\"@id\":\"https:\\\/\\\/carsa.ca\\\/product\\\/h15-led-9008-head-lights-day-time-running-lights-white-6000k-2-bulbs\\\/#primaryimage\",\"url\":\"https:\\\/\\\/carsa.ca\\\/wp-content\\\/uploads\\\/2024\\\/08\\\/H15_9.jpg\",\"contentUrl\":\"https:\\\/\\\/carsa.ca\\\/wp-content\\\/uploads\\\/2024\\\/08\\\/H15_9.jpg\",\"width\":800,\"height\":800},{\"@type\":\"BreadcrumbList\",\"@id\":\"https:\\\/\\\/carsa.ca\\\/product\\\/h15-led-9008-head-lights-day-time-running-lights-white-6000k-2-bulbs\\\/#breadcrumb\",\"itemListElement\":[{\"@type\":\"ListItem\",\"position\":1,\"name\":\"Home\",\"item\":\"https:\\\/\\\/carsa.ca\\\/\"},{\"@type\":\"ListItem\",\"position\":2,\"name\":\"Shop\",\"item\":\"https:\\\/\\\/carsa.ca\\\/fr\\\/shop\\\/\"},{\"@type\":\"ListItem\",\"position\":3,\"name\":\"H15 LED (9008) Head Lights &#038; Day Time Running Lights White (6000K) &#8211; 2 Bulbs\"}]},{\"@type\":\"WebSite\",\"@id\":\"https:\\\/\\\/carsa.ca\\\/#website\",\"url\":\"https:\\\/\\\/carsa.ca\\\/\",\"name\":\"Carsa Automotive Lighting System\",\"description\":\"\",\"publisher\":{\"@id\":\"https:\\\/\\\/carsa.ca\\\/#organization\"},\"potentialAction\":[{\"@type\":\"SearchAction\",\"target\":{\"@type\":\"EntryPoint\",\"urlTemplate\":\"https:\\\/\\\/carsa.ca\\\/?s={search_term_string}\"},\"query-input\":{\"@type\":\"PropertyValueSpecification\",\"valueRequired\":true,\"valueName\":\"search_term_string\"}}],\"inLanguage\":\"fr-FR\"},{\"@type\":\"Organization\",\"@id\":\"https:\\\/\\\/carsa.ca\\\/#organization\",\"name\":\"Carsa Automotive Lighting System\",\"url\":\"https:\\\/\\\/carsa.ca\\\/\",\"logo\":{\"@type\":\"ImageObject\",\"inLanguage\":\"fr-FR\",\"@id\":\"https:\\\/\\\/carsa.ca\\\/#\\\/schema\\\/logo\\\/image\\\/\",\"url\":\"https:\\\/\\\/carsa.ca\\\/wp-content\\\/uploads\\\/2024\\\/07\\\/CARSA-LOGO.svg\",\"contentUrl\":\"https:\\\/\\\/carsa.ca\\\/wp-content\\\/uploads\\\/2024\\\/07\\\/CARSA-LOGO.svg\",\"width\":2512,\"height\":504,\"caption\":\"Carsa Automotive Lighting System\"},\"image\":{\"@id\":\"https:\\\/\\\/carsa.ca\\\/#\\\/schema\\\/logo\\\/image\\\/\"}}]}<\/script>\n<!-- \/ Yoast SEO plugin. -->","yoast_head_json":{"title":"Ampoules LED H15 (9008) pour phares et feux de jour blancs (6000K) - 2 ampoules - Syst\u00e8me d&#039;\u00e9clairage automobile Carsa","robots":{"index":"index","follow":"follow","max-snippet":"max-snippet:-1","max-image-preview":"max-image-preview:large","max-video-preview":"max-video-preview:-1"},"canonical":"https:\/\/carsa.ca\/fr\/produit\/h15-led-9008-head-lights-day-time-running-lights-white-6000k-2-bulbs\/","og_locale":"fr_FR","og_type":"article","og_title":"H15 LED (9008) Head Lights & Day Time Running Lights White (6000K) - 2 Bulbs - Carsa Automotive Lighting System","og_description":"AILEO High Power COB Chip H15 Led 8000lm 72w High Beam Headlight Driving Light For Audi Mercedes Benz BMW Volkswagen Golf MK6MK7 Use model\uff1a 2010-2012 Audi A5\/S5 2009-up Audi A6\/S6 2010-up Audi Q7 2014-up BMW 2 Series 2013-up Mercedes Benz CLA-Class 2013-up Mercedes Benz GLK-Class 2014-up Mercedes Benz GLA-Class 2013-2014 Volkswagen Jetta (portion of Jetta [&hellip;]","og_url":"https:\/\/carsa.ca\/fr\/produit\/h15-led-9008-head-lights-day-time-running-lights-white-6000k-2-bulbs\/","og_site_name":"Carsa Automotive Lighting System","article_modified_time":"2024-08-09T20:08:44+00:00","og_image":[{"width":800,"height":800,"url":"https:\/\/carsa.ca\/wp-content\/uploads\/2024\/08\/H15_9.jpg","type":"image\/jpeg"}],"twitter_card":"summary_large_image","twitter_misc":{"Dur\u00e9e de lecture estim\u00e9e":"3 minutes"},"schema":{"@context":"https:\/\/schema.org","@graph":[{"@type":"WebPage","@id":"https:\/\/carsa.ca\/product\/h15-led-9008-head-lights-day-time-running-lights-white-6000k-2-bulbs\/","url":"https:\/\/carsa.ca\/product\/h15-led-9008-head-lights-day-time-running-lights-white-6000k-2-bulbs\/","name":"Ampoules LED H15 (9008) pour phares et feux de jour blancs (6000K) - 2 ampoules - Syst\u00e8me d&#039;\u00e9clairage automobile Carsa","isPartOf":{"@id":"https:\/\/carsa.ca\/#website"},"primaryImageOfPage":{"@id":"https:\/\/carsa.ca\/product\/h15-led-9008-head-lights-day-time-running-lights-white-6000k-2-bulbs\/#primaryimage"},"image":{"@id":"https:\/\/carsa.ca\/product\/h15-led-9008-head-lights-day-time-running-lights-white-6000k-2-bulbs\/#primaryimage"},"thumbnailUrl":"https:\/\/carsa.ca\/wp-content\/uploads\/2024\/08\/H15_9.jpg","datePublished":"2024-08-06T20:09:10+00:00","dateModified":"2024-08-09T20:08:44+00:00","breadcrumb":{"@id":"https:\/\/carsa.ca\/product\/h15-led-9008-head-lights-day-time-running-lights-white-6000k-2-bulbs\/#breadcrumb"},"inLanguage":"fr-FR","potentialAction":[{"@type":"ReadAction","target":["https:\/\/carsa.ca\/product\/h15-led-9008-head-lights-day-time-running-lights-white-6000k-2-bulbs\/"]}]},{"@type":"ImageObject","inLanguage":"fr-FR","@id":"https:\/\/carsa.ca\/product\/h15-led-9008-head-lights-day-time-running-lights-white-6000k-2-bulbs\/#primaryimage","url":"https:\/\/carsa.ca\/wp-content\/uploads\/2024\/08\/H15_9.jpg","contentUrl":"https:\/\/carsa.ca\/wp-content\/uploads\/2024\/08\/H15_9.jpg","width":800,"height":800},{"@type":"BreadcrumbList","@id":"https:\/\/carsa.ca\/product\/h15-led-9008-head-lights-day-time-running-lights-white-6000k-2-bulbs\/#breadcrumb","itemListElement":[{"@type":"ListItem","position":1,"name":"Home","item":"https:\/\/carsa.ca\/"},{"@type":"ListItem","position":2,"name":"Shop","item":"https:\/\/carsa.ca\/fr\/shop\/"},{"@type":"ListItem","position":3,"name":"H15 LED (9008) Head Lights &#038; Day Time Running Lights White (6000K) &#8211; 2 Bulbs"}]},{"@type":"WebSite","@id":"https:\/\/carsa.ca\/#website","url":"https:\/\/carsa.ca\/","name":"Syst\u00e8me d&#039;\u00e9clairage automobile Carsa","description":"","publisher":{"@id":"https:\/\/carsa.ca\/#organization"},"potentialAction":[{"@type":"SearchAction","target":{"@type":"EntryPoint","urlTemplate":"https:\/\/carsa.ca\/?s={search_term_string}"},"query-input":{"@type":"PropertyValueSpecification","valueRequired":true,"valueName":"search_term_string"}}],"inLanguage":"fr-FR"},{"@type":"Organization","@id":"https:\/\/carsa.ca\/#organization","name":"Syst\u00e8me d&#039;\u00e9clairage automobile Carsa","url":"https:\/\/carsa.ca\/","logo":{"@type":"ImageObject","inLanguage":"fr-FR","@id":"https:\/\/carsa.ca\/#\/schema\/logo\/image\/","url":"https:\/\/carsa.ca\/wp-content\/uploads\/2024\/07\/CARSA-LOGO.svg","contentUrl":"https:\/\/carsa.ca\/wp-content\/uploads\/2024\/07\/CARSA-LOGO.svg","width":2512,"height":504,"caption":"Carsa Automotive Lighting System"},"image":{"@id":"https:\/\/carsa.ca\/#\/schema\/logo\/image\/"}}]}},"_links":{"self":[{"href":"https:\/\/carsa.ca\/fr\/wp-json\/wp\/v2\/product\/8712","targetHints":{"allow":["GET"]}}],"collection":[{"href":"https:\/\/carsa.ca\/fr\/wp-json\/wp\/v2\/product"}],"about":[{"href":"https:\/\/carsa.ca\/fr\/wp-json\/wp\/v2\/types\/product"}],"wp:featuredmedia":[{"embeddable":true,"href":"https:\/\/carsa.ca\/fr\/wp-json\/wp\/v2\/media\/8891"}],"wp:attachment":[{"href":"https:\/\/carsa.ca\/fr\/wp-json\/wp\/v2\/media?parent=8712"}],"wp:term":[{"taxonomy":"product_brand","embeddable":true,"href":"https:\/\/carsa.ca\/fr\/wp-json\/wp\/v2\/product_brand?post=8712"},{"taxonomy":"product_cat","embeddable":true,"href":"https:\/\/carsa.ca\/fr\/wp-json\/wp\/v2\/product_cat?post=8712"},{"taxonomy":"product_tag","embeddable":true,"href":"https:\/\/carsa.ca\/fr\/wp-json\/wp\/v2\/product_tag?post=8712"}],"curies":[{"name":"wp","href":"https:\/\/api.w.org\/{rel}","templated":true}]}}