{"id":8713,"date":"2024-08-06T20:09:10","date_gmt":"2024-08-06T20:09:10","guid":{"rendered":"https:\/\/demotasarim.online\/?post_type=product&#038;p=8713"},"modified":"2024-08-09T20:09:22","modified_gmt":"2024-08-09T20:09:22","slug":"h16-japanese-cars-led-fog-lights-day-time-running-lights-yellow-3000k-white-6000k-ice-blue-8000k-2-bulbs","status":"publish","type":"product","link":"https:\/\/carsa.ca\/fr\/produit\/h16-japanese-cars-led-fog-lights-day-time-running-lights-yellow-3000k-white-6000k-ice-blue-8000k-2-bulbs\/","title":{"rendered":"Feux antibrouillard et feux de jour \u00e0 LED H16 (voitures japonaises) Jaune (3000K), Blanc (6000K), Bleu glacier (8000K) \u2013 2 ampoules"},"content":{"rendered":"<div class=\"product-description rte\" data-product-description=\"\">\n<p style=\"text-align: left;\"><a href=\"https:\/\/carsa.ca\/fr\/produit\/led-bulb-h16-japanese-cars-yellow-3000k-white-6000k-ice-blue-8000k-head-lights-and-fog-lights\/\"><strong>Feux antibrouillard et feux de jour \u00e0 LED 100 W 20 000 lm H16 (voitures japonaises)<\/strong><\/a><\/p>\n<p style=\"text-align: left;\">Remplacez vos anciens phares halog\u00e8nes par des phares \u00e0 LED pour votre v\u00e9hicule, ce qui augmentera \u00e9galement votre s\u00e9curit\u00e9 de conduite. Les ampoules de phares \u00e0 LED CARSA s&#039;adaptent \u00e0 toutes les conditions m\u00e9t\u00e9orologiques, en particulier la pluie, la neige, le brouillard et les conditions m\u00e9t\u00e9orologiques plus extr\u00eames.<\/p>\n<p style=\"text-align: left;\">Les lumi\u00e8res blanches froides \u00e0 3000K, 6000K et 8000K offrent une vision claire la nuit avec la meilleure force de p\u00e9n\u00e9tration, offrent une vue claire les jours de pluie, de brouillard ou de neige et une conduite s\u00fbre !<\/p>\n<p style=\"text-align: left;\">Ces ampoules sont des remplacements plug-and-play pour vos ampoules halog\u00e8nes standard, aucune modification de votre v\u00e9hicule n&#039;est donc n\u00e9cessaire pour l&#039;installation. Obtenez \u00e0 la fois un look \u00e9l\u00e9gant pour votre v\u00e9hicule et une visibilit\u00e9 am\u00e9lior\u00e9e pour une conduite plus s\u00fbre la nuit avec l&#039;ampoule de phare \u00e0 LED CARSA.<\/p>\n<p style=\"text-align: left;\"><img fetchpriority=\"high\" decoding=\"async\" class=\"alignnone\" title=\"PHARES LED CARSA H11 9005 9006 9140 9145 H7 H1 H13 9012\" src=\"https:\/\/carsa.ca\/wp-content\/uploads\/2023\/01\/IMG_3079_480x480.jpg?v=1648587375\" alt=\"\" width=\"480\" height=\"351\" \/><\/p>\n<h5 style=\"text-align: left;\"><strong>PUCES LED CSP \u00c0 HAUTE EFFICACIT\u00c9<\/strong><\/h5>\n<p style=\"text-align: left;\">Les ampoules de phares \u00e0 LED CARSA H11 adoptent 12 puces LED CSP tr\u00e8s lumineuses dans chaque ampoule, fournissant un total de 100 W, 20 000 lm de puissance lumineuse par jeu. 3 fois plus lumineuses que les ampoules standard. 3000 K jaune, 6000 K blanc froid, 8000 K blanc c&#039;est-\u00e0-dire. Vous permet de tout voir la nuit. Une \u00e9norme am\u00e9lioration pour les ampoules halog\u00e8nes.<\/p>\n<p style=\"text-align: left;\"><img decoding=\"async\" class=\"alignnone wp-image-11683 size-full\" src=\"https:\/\/carsa.ca\/wp-content\/uploads\/2023\/01\/234-19.jpeg\" alt=\"\" width=\"1000\" height=\"1000\" \/><\/p>\n<p style=\"text-align: left;\"><strong>COMPATIBLE AVEC 99% DES V\u00c9HICULES<\/strong><\/p>\n<p style=\"text-align: left;\">Conception compatible Can-bus : une\u00a0<strong>pilote mis \u00e0 niveau avec circuit int\u00e9gr\u00e9 intelligent int\u00e9gr\u00e9<\/strong>\u00a0et le contr\u00f4le de la temp\u00e9rature garantit que les lampes fonctionnent dans les meilleures conditions sans erreur ni interf\u00e9rence radio.<\/p>\n<p style=\"text-align: left;\"><img decoding=\"async\" class=\"alignnone wp-image-10000 size-full\" src=\"https:\/\/carsa.ca\/wp-content\/uploads\/2023\/01\/default_46_e66b5c35-b749-4562-931f-799bf8829545.jpg\" alt=\"\" width=\"1000\" height=\"1000\" \/><\/p>\n<p style=\"text-align: left;\"><strong>SYST\u00c8ME DE REFROIDISSEMENT EFFICACE ET DUR\u00c9E DE VIE DE 50 000 HEURES<\/strong><\/p>\n<p style=\"text-align: left;\">L&#039;ensemble du corps en aluminium a\u00e9ronautique et <strong>Ventilateur de refroidissement \u00e0 12 000 tr\/min<\/strong> offrent une capacit\u00e9 de surrefroidissement, ce qui garantit une dur\u00e9e de vie plus longue jusqu&#039;\u00e0 50 000 heures.<\/p>\n<p style=\"text-align: left;\"><img loading=\"lazy\" decoding=\"async\" class=\"alignnone wp-image-10004 size-full\" src=\"https:\/\/carsa.ca\/wp-content\/uploads\/2023\/01\/default_50_75dccf4e-e4f9-415f-a334-1c78a90845f1.jpg\" alt=\"\" width=\"1000\" height=\"1000\" \/><\/p>\n<p style=\"text-align: left;\"><img decoding=\"async\" src=\"https:\/\/carsa.ca\/wp-content\/uploads\/2023\/01\/IMG_2904_480x480.jpg?v=1648587916\" alt=\"\" \/><\/p>\n<p style=\"text-align: left;\">Nous comprenons qu&#039;il peut parfois \u00eatre difficile de trouver en ligne l&#039;ampoule adapt\u00e9e \u00e0 votre v\u00e9hicule. Si vous n&#039;\u00eates pas s\u00fbr du mod\u00e8le compatible avec votre v\u00e9hicule, n&#039;h\u00e9sitez pas \u00e0 nous demander conseil. Nous trouverons le type d&#039;ampoule qui vous convient.<\/p>\n<p style=\"text-align: left;\"><a href=\"https:\/\/www.facebook.com\/100055173664139\/videos\/3301269660129709\/\">Guide d&#039;installation :<\/a><\/p>\n<p style=\"text-align: left;\">Assurez-vous que le moteur est \u00e9teint et froid.<\/p>\n<p style=\"text-align: left;\">Changez toujours les ampoules en m\u00eame temps : garder l\u2019ancienne avec la nouvelle a tendance \u00e0 les faire griller toutes les deux tr\u00e8s rapidement.<\/p>\n<p style=\"text-align: left;\">Assurez-vous que les loquets autour des ampoules sont correctement fix\u00e9s.<\/p>\n<p style=\"text-align: left;\">Si l&#039;ampoule LED ne s&#039;allume pas apr\u00e8s l&#039;installation, retournez la prise et rebranchez-la. Assurez-vous que le p\u00f4le positif correspond au p\u00f4le n\u00e9gatif.<\/p>\n<p><strong>Veuillez noter qu&#039;ils ne peuvent pas \u00eatre utilis\u00e9s comme feux de jour, ils peuvent clignoter ou ne pas s&#039;allumer en raison de la faible tension des feux de jour. Assurez-vous de d\u00e9sactiver la fonction DRL et d&#039;activer UNIQUEMENT la fonction feux de route.<\/strong><\/p>\n<p><img decoding=\"async\" class=\"alignleft\" src=\"https:\/\/carsa.ca\/wp-content\/uploads\/2023\/01\/271255557_4665183696935146_4976022738138774875_n_480x480.jpg?v=1648587944\" alt=\"\" \/><\/p>\n<\/div>","protected":false},"excerpt":{"rendered":"<p>100W 20000LM H16 (Japanese Cars) LED Fog Lights &amp; Day Time Running Lights Upgrade your old halogen headlight to the LED lights for your vehicle which will also increase your driving safety. CARSA LED Headlight Bulbs fit all weather conditions, especially rainy, snowy, foggy, and more extreme weather. The cool white lights at 3000K, 6000K, [&hellip;]<\/p>\n","protected":false},"featured_media":8785,"template":"","meta":[],"product_brand":[],"product_cat":[180,284],"product_tag":[286,287,288,352,353,350,354,351,307],"class_list":{"0":"post-8713","1":"product","2":"type-product","3":"status-publish","4":"has-post-thumbnail","6":"product_cat-all-products","7":"product_cat-led-fog-lights","8":"product_tag-day-time-running-lights","9":"product_tag-drl","10":"product_tag-fog-lights","11":"product_tag-h11","12":"product_tag-h16","13":"product_tag-h16-japanese-cars-headlights","14":"product_tag-h8","15":"product_tag-h9","16":"product_tag-head-lights-and-fog-lights","17":"product_shipping_class-standart","19":"first","20":"onbackorder","21":"sale","22":"taxable","23":"shipping-taxable","24":"purchasable","25":"product-type-variable","26":"add-to-wishlist-after_add_to_cart"},"yoast_head":"<!-- This site is optimized with the Yoast SEO plugin v27.3 - https:\/\/yoast.com\/product\/yoast-seo-wordpress\/ -->\n<title>H16 (Japanese Cars) LED Fog Lights &amp; Day Time Running Lights Yellow (3000K), White (6000K), Ice Blue (8000K) - 2 Bulbs - Carsa Automotive Lighting System<\/title>\n<meta name=\"robots\" content=\"index, follow, max-snippet:-1, max-image-preview:large, max-video-preview:-1\" \/>\n<link rel=\"canonical\" href=\"https:\/\/carsa.ca\/fr\/produit\/h16-japanese-cars-led-fog-lights-day-time-running-lights-yellow-3000k-white-6000k-ice-blue-8000k-2-bulbs\/\" \/>\n<meta property=\"og:locale\" content=\"fr_FR\" \/>\n<meta property=\"og:type\" content=\"article\" \/>\n<meta property=\"og:title\" content=\"H16 (Japanese Cars) LED Fog Lights &amp; Day Time Running Lights Yellow (3000K), White (6000K), Ice Blue (8000K) - 2 Bulbs - Carsa Automotive Lighting System\" \/>\n<meta property=\"og:description\" content=\"100W 20000LM H16 (Japanese Cars) LED Fog Lights &amp; Day Time Running Lights Upgrade your old halogen headlight to the LED lights for your vehicle which will also increase your driving safety. CARSA LED Headlight Bulbs fit all weather conditions, especially rainy, snowy, foggy, and more extreme weather. The cool white lights at 3000K, 6000K, [&hellip;]\" \/>\n<meta property=\"og:url\" content=\"https:\/\/carsa.ca\/fr\/produit\/h16-japanese-cars-led-fog-lights-day-time-running-lights-yellow-3000k-white-6000k-ice-blue-8000k-2-bulbs\/\" \/>\n<meta property=\"og:site_name\" content=\"Carsa Automotive Lighting System\" \/>\n<meta property=\"article:modified_time\" content=\"2024-08-09T20:09:22+00:00\" \/>\n<meta property=\"og:image\" content=\"https:\/\/carsa.ca\/wp-content\/uploads\/2024\/08\/bd111e64-461b-4bc7-b9d8-387cf3727ff2-9.jpeg\" \/>\n\t<meta property=\"og:image:width\" content=\"818\" \/>\n\t<meta property=\"og:image:height\" content=\"669\" \/>\n\t<meta property=\"og:image:type\" content=\"image\/jpeg\" \/>\n<meta name=\"twitter:card\" content=\"summary_large_image\" \/>\n<meta name=\"twitter:label1\" content=\"Dur\u00e9e de lecture estim\u00e9e\" \/>\n\t<meta name=\"twitter:data1\" content=\"3 minutes\" \/>\n<script type=\"application\/ld+json\" class=\"yoast-schema-graph\">{\"@context\":\"https:\\\/\\\/schema.org\",\"@graph\":[{\"@type\":\"WebPage\",\"@id\":\"https:\\\/\\\/carsa.ca\\\/product\\\/h16-japanese-cars-led-fog-lights-day-time-running-lights-yellow-3000k-white-6000k-ice-blue-8000k-2-bulbs\\\/\",\"url\":\"https:\\\/\\\/carsa.ca\\\/product\\\/h16-japanese-cars-led-fog-lights-day-time-running-lights-yellow-3000k-white-6000k-ice-blue-8000k-2-bulbs\\\/\",\"name\":\"H16 (Japanese Cars) LED Fog Lights & Day Time Running Lights Yellow (3000K), White (6000K), Ice Blue (8000K) - 2 Bulbs - Carsa Automotive Lighting System\",\"isPartOf\":{\"@id\":\"https:\\\/\\\/carsa.ca\\\/#website\"},\"primaryImageOfPage\":{\"@id\":\"https:\\\/\\\/carsa.ca\\\/product\\\/h16-japanese-cars-led-fog-lights-day-time-running-lights-yellow-3000k-white-6000k-ice-blue-8000k-2-bulbs\\\/#primaryimage\"},\"image\":{\"@id\":\"https:\\\/\\\/carsa.ca\\\/product\\\/h16-japanese-cars-led-fog-lights-day-time-running-lights-yellow-3000k-white-6000k-ice-blue-8000k-2-bulbs\\\/#primaryimage\"},\"thumbnailUrl\":\"https:\\\/\\\/carsa.ca\\\/wp-content\\\/uploads\\\/2024\\\/08\\\/bd111e64-461b-4bc7-b9d8-387cf3727ff2-9.jpeg\",\"datePublished\":\"2024-08-06T20:09:10+00:00\",\"dateModified\":\"2024-08-09T20:09:22+00:00\",\"breadcrumb\":{\"@id\":\"https:\\\/\\\/carsa.ca\\\/product\\\/h16-japanese-cars-led-fog-lights-day-time-running-lights-yellow-3000k-white-6000k-ice-blue-8000k-2-bulbs\\\/#breadcrumb\"},\"inLanguage\":\"fr-FR\",\"potentialAction\":[{\"@type\":\"ReadAction\",\"target\":[\"https:\\\/\\\/carsa.ca\\\/product\\\/h16-japanese-cars-led-fog-lights-day-time-running-lights-yellow-3000k-white-6000k-ice-blue-8000k-2-bulbs\\\/\"]}]},{\"@type\":\"ImageObject\",\"inLanguage\":\"fr-FR\",\"@id\":\"https:\\\/\\\/carsa.ca\\\/product\\\/h16-japanese-cars-led-fog-lights-day-time-running-lights-yellow-3000k-white-6000k-ice-blue-8000k-2-bulbs\\\/#primaryimage\",\"url\":\"https:\\\/\\\/carsa.ca\\\/wp-content\\\/uploads\\\/2024\\\/08\\\/bd111e64-461b-4bc7-b9d8-387cf3727ff2-9.jpeg\",\"contentUrl\":\"https:\\\/\\\/carsa.ca\\\/wp-content\\\/uploads\\\/2024\\\/08\\\/bd111e64-461b-4bc7-b9d8-387cf3727ff2-9.jpeg\",\"width\":818,\"height\":669},{\"@type\":\"BreadcrumbList\",\"@id\":\"https:\\\/\\\/carsa.ca\\\/product\\\/h16-japanese-cars-led-fog-lights-day-time-running-lights-yellow-3000k-white-6000k-ice-blue-8000k-2-bulbs\\\/#breadcrumb\",\"itemListElement\":[{\"@type\":\"ListItem\",\"position\":1,\"name\":\"Home\",\"item\":\"https:\\\/\\\/carsa.ca\\\/\"},{\"@type\":\"ListItem\",\"position\":2,\"name\":\"Shop\",\"item\":\"https:\\\/\\\/carsa.ca\\\/fr\\\/shop\\\/\"},{\"@type\":\"ListItem\",\"position\":3,\"name\":\"H16 (Japanese Cars) LED Fog Lights &#038; Day Time Running Lights Yellow (3000K), White (6000K), Ice Blue (8000K) &#8211; 2 Bulbs\"}]},{\"@type\":\"WebSite\",\"@id\":\"https:\\\/\\\/carsa.ca\\\/#website\",\"url\":\"https:\\\/\\\/carsa.ca\\\/\",\"name\":\"Carsa Automotive Lighting System\",\"description\":\"\",\"publisher\":{\"@id\":\"https:\\\/\\\/carsa.ca\\\/#organization\"},\"potentialAction\":[{\"@type\":\"SearchAction\",\"target\":{\"@type\":\"EntryPoint\",\"urlTemplate\":\"https:\\\/\\\/carsa.ca\\\/?s={search_term_string}\"},\"query-input\":{\"@type\":\"PropertyValueSpecification\",\"valueRequired\":true,\"valueName\":\"search_term_string\"}}],\"inLanguage\":\"fr-FR\"},{\"@type\":\"Organization\",\"@id\":\"https:\\\/\\\/carsa.ca\\\/#organization\",\"name\":\"Carsa Automotive Lighting System\",\"url\":\"https:\\\/\\\/carsa.ca\\\/\",\"logo\":{\"@type\":\"ImageObject\",\"inLanguage\":\"fr-FR\",\"@id\":\"https:\\\/\\\/carsa.ca\\\/#\\\/schema\\\/logo\\\/image\\\/\",\"url\":\"https:\\\/\\\/carsa.ca\\\/wp-content\\\/uploads\\\/2024\\\/07\\\/CARSA-LOGO.svg\",\"contentUrl\":\"https:\\\/\\\/carsa.ca\\\/wp-content\\\/uploads\\\/2024\\\/07\\\/CARSA-LOGO.svg\",\"width\":2512,\"height\":504,\"caption\":\"Carsa Automotive Lighting System\"},\"image\":{\"@id\":\"https:\\\/\\\/carsa.ca\\\/#\\\/schema\\\/logo\\\/image\\\/\"}}]}<\/script>\n<!-- \/ Yoast SEO plugin. -->","yoast_head_json":{"title":"H16 (Japanese Cars) LED Fog Lights & Day Time Running Lights Yellow (3000K), White (6000K), Ice Blue (8000K) - 2 Bulbs - Carsa Automotive Lighting System","robots":{"index":"index","follow":"follow","max-snippet":"max-snippet:-1","max-image-preview":"max-image-preview:large","max-video-preview":"max-video-preview:-1"},"canonical":"https:\/\/carsa.ca\/fr\/produit\/h16-japanese-cars-led-fog-lights-day-time-running-lights-yellow-3000k-white-6000k-ice-blue-8000k-2-bulbs\/","og_locale":"fr_FR","og_type":"article","og_title":"H16 (Japanese Cars) LED Fog Lights & Day Time Running Lights Yellow (3000K), White (6000K), Ice Blue (8000K) - 2 Bulbs - Carsa Automotive Lighting System","og_description":"100W 20000LM H16 (Japanese Cars) LED Fog Lights &amp; Day Time Running Lights Upgrade your old halogen headlight to the LED lights for your vehicle which will also increase your driving safety. CARSA LED Headlight Bulbs fit all weather conditions, especially rainy, snowy, foggy, and more extreme weather. The cool white lights at 3000K, 6000K, [&hellip;]","og_url":"https:\/\/carsa.ca\/fr\/produit\/h16-japanese-cars-led-fog-lights-day-time-running-lights-yellow-3000k-white-6000k-ice-blue-8000k-2-bulbs\/","og_site_name":"Carsa Automotive Lighting System","article_modified_time":"2024-08-09T20:09:22+00:00","og_image":[{"width":818,"height":669,"url":"https:\/\/carsa.ca\/wp-content\/uploads\/2024\/08\/bd111e64-461b-4bc7-b9d8-387cf3727ff2-9.jpeg","type":"image\/jpeg"}],"twitter_card":"summary_large_image","twitter_misc":{"Dur\u00e9e de lecture estim\u00e9e":"3 minutes"},"schema":{"@context":"https:\/\/schema.org","@graph":[{"@type":"WebPage","@id":"https:\/\/carsa.ca\/product\/h16-japanese-cars-led-fog-lights-day-time-running-lights-yellow-3000k-white-6000k-ice-blue-8000k-2-bulbs\/","url":"https:\/\/carsa.ca\/product\/h16-japanese-cars-led-fog-lights-day-time-running-lights-yellow-3000k-white-6000k-ice-blue-8000k-2-bulbs\/","name":"H16 (Japanese Cars) LED Fog Lights & Day Time Running Lights Yellow (3000K), White (6000K), Ice Blue (8000K) - 2 Bulbs - Carsa Automotive Lighting System","isPartOf":{"@id":"https:\/\/carsa.ca\/#website"},"primaryImageOfPage":{"@id":"https:\/\/carsa.ca\/product\/h16-japanese-cars-led-fog-lights-day-time-running-lights-yellow-3000k-white-6000k-ice-blue-8000k-2-bulbs\/#primaryimage"},"image":{"@id":"https:\/\/carsa.ca\/product\/h16-japanese-cars-led-fog-lights-day-time-running-lights-yellow-3000k-white-6000k-ice-blue-8000k-2-bulbs\/#primaryimage"},"thumbnailUrl":"https:\/\/carsa.ca\/wp-content\/uploads\/2024\/08\/bd111e64-461b-4bc7-b9d8-387cf3727ff2-9.jpeg","datePublished":"2024-08-06T20:09:10+00:00","dateModified":"2024-08-09T20:09:22+00:00","breadcrumb":{"@id":"https:\/\/carsa.ca\/product\/h16-japanese-cars-led-fog-lights-day-time-running-lights-yellow-3000k-white-6000k-ice-blue-8000k-2-bulbs\/#breadcrumb"},"inLanguage":"fr-FR","potentialAction":[{"@type":"ReadAction","target":["https:\/\/carsa.ca\/product\/h16-japanese-cars-led-fog-lights-day-time-running-lights-yellow-3000k-white-6000k-ice-blue-8000k-2-bulbs\/"]}]},{"@type":"ImageObject","inLanguage":"fr-FR","@id":"https:\/\/carsa.ca\/product\/h16-japanese-cars-led-fog-lights-day-time-running-lights-yellow-3000k-white-6000k-ice-blue-8000k-2-bulbs\/#primaryimage","url":"https:\/\/carsa.ca\/wp-content\/uploads\/2024\/08\/bd111e64-461b-4bc7-b9d8-387cf3727ff2-9.jpeg","contentUrl":"https:\/\/carsa.ca\/wp-content\/uploads\/2024\/08\/bd111e64-461b-4bc7-b9d8-387cf3727ff2-9.jpeg","width":818,"height":669},{"@type":"BreadcrumbList","@id":"https:\/\/carsa.ca\/product\/h16-japanese-cars-led-fog-lights-day-time-running-lights-yellow-3000k-white-6000k-ice-blue-8000k-2-bulbs\/#breadcrumb","itemListElement":[{"@type":"ListItem","position":1,"name":"Home","item":"https:\/\/carsa.ca\/"},{"@type":"ListItem","position":2,"name":"Shop","item":"https:\/\/carsa.ca\/fr\/shop\/"},{"@type":"ListItem","position":3,"name":"H16 (Japanese Cars) LED Fog Lights &#038; Day Time Running Lights Yellow (3000K), White (6000K), Ice Blue (8000K) &#8211; 2 Bulbs"}]},{"@type":"WebSite","@id":"https:\/\/carsa.ca\/#website","url":"https:\/\/carsa.ca\/","name":"Syst\u00e8me d&#039;\u00e9clairage automobile Carsa","description":"","publisher":{"@id":"https:\/\/carsa.ca\/#organization"},"potentialAction":[{"@type":"SearchAction","target":{"@type":"EntryPoint","urlTemplate":"https:\/\/carsa.ca\/?s={search_term_string}"},"query-input":{"@type":"PropertyValueSpecification","valueRequired":true,"valueName":"search_term_string"}}],"inLanguage":"fr-FR"},{"@type":"Organization","@id":"https:\/\/carsa.ca\/#organization","name":"Syst\u00e8me d&#039;\u00e9clairage automobile Carsa","url":"https:\/\/carsa.ca\/","logo":{"@type":"ImageObject","inLanguage":"fr-FR","@id":"https:\/\/carsa.ca\/#\/schema\/logo\/image\/","url":"https:\/\/carsa.ca\/wp-content\/uploads\/2024\/07\/CARSA-LOGO.svg","contentUrl":"https:\/\/carsa.ca\/wp-content\/uploads\/2024\/07\/CARSA-LOGO.svg","width":2512,"height":504,"caption":"Carsa Automotive Lighting System"},"image":{"@id":"https:\/\/carsa.ca\/#\/schema\/logo\/image\/"}}]}},"_links":{"self":[{"href":"https:\/\/carsa.ca\/fr\/wp-json\/wp\/v2\/product\/8713","targetHints":{"allow":["GET"]}}],"collection":[{"href":"https:\/\/carsa.ca\/fr\/wp-json\/wp\/v2\/product"}],"about":[{"href":"https:\/\/carsa.ca\/fr\/wp-json\/wp\/v2\/types\/product"}],"wp:featuredmedia":[{"embeddable":true,"href":"https:\/\/carsa.ca\/fr\/wp-json\/wp\/v2\/media\/8785"}],"wp:attachment":[{"href":"https:\/\/carsa.ca\/fr\/wp-json\/wp\/v2\/media?parent=8713"}],"wp:term":[{"taxonomy":"product_brand","embeddable":true,"href":"https:\/\/carsa.ca\/fr\/wp-json\/wp\/v2\/product_brand?post=8713"},{"taxonomy":"product_cat","embeddable":true,"href":"https:\/\/carsa.ca\/fr\/wp-json\/wp\/v2\/product_cat?post=8713"},{"taxonomy":"product_tag","embeddable":true,"href":"https:\/\/carsa.ca\/fr\/wp-json\/wp\/v2\/product_tag?post=8713"}],"curies":[{"name":"wp","href":"https:\/\/api.w.org\/{rel}","templated":true}]}}