{"id":8717,"date":"2024-08-06T20:09:11","date_gmt":"2024-08-06T20:09:11","guid":{"rendered":"https:\/\/demotasarim.online\/?post_type=product&#038;p=8717"},"modified":"2024-08-27T20:19:54","modified_gmt":"2024-08-27T20:19:54","slug":"h3-led-fog-lights-day-time-running-lights-white-6000k-2-bulbs","status":"publish","type":"product","link":"https:\/\/carsa.ca\/fr\/produit\/h3-led-fog-lights-day-time-running-lights-white-6000k-2-bulbs\/","title":{"rendered":"Feux antibrouillard et feux de jour \u00e0 LED H3 Blanc (6000K) \u2013 2 ampoules"},"content":{"rendered":"<div class=\"product-description rte\" data-product-description=\"\">\n<p style=\"text-align: left;\"><a href=\"https:\/\/carsa.ca\/fr\/produit\/led-bulb-h3-white-6000k-fog-lights\/\">Feux antibrouillard et feux de jour \u00e0 LED H3 Blanc (6000K) \u2013 2 ampoules<\/a><\/p>\n<p style=\"text-align: left;\">Am\u00e9liorez votre ancien phare halog\u00e8ne avec des lumi\u00e8res LED pour votre v\u00e9hicule, ce qui augmentera \u00e9galement votre s\u00e9curit\u00e9 de conduite. Les ampoules de phares LED CARSA LED H3 s&#039;adaptent \u00e0 toutes les conditions m\u00e9t\u00e9orologiques, en particulier la pluie, la neige, le brouillard et les conditions m\u00e9t\u00e9orologiques plus extr\u00eames.<\/p>\n<p style=\"text-align: left;\">Les lumi\u00e8res blanches froides \u00e0 6000K offrent une vision claire la nuit avec la meilleure force de p\u00e9n\u00e9tration, offrent une vue claire les jours de pluie, de brouillard ou de neige et une conduite s\u00fbre !<\/p>\n<p style=\"text-align: left;\">Ces ampoules sont des remplacements plug-and-play pour vos ampoules halog\u00e8nes standard, aucune modification de votre v\u00e9hicule n&#039;est donc n\u00e9cessaire pour l&#039;installation. Obtenez \u00e0 la fois un look \u00e9l\u00e9gant pour votre v\u00e9hicule et une visibilit\u00e9 am\u00e9lior\u00e9e pour une conduite plus s\u00fbre la nuit avec l&#039;ampoule de phare \u00e0 LED CARSA.<\/p>\n<p>&nbsp;<\/p>\n<p style=\"text-align: left;\"><img fetchpriority=\"high\" decoding=\"async\" class=\"alignnone\" title=\"PHARES LED CARSA H11 9005 9006 9140 9145 H7 H1 H13 9012\" src=\"https:\/\/carsa.ca\/wp-content\/uploads\/2023\/01\/IMG_3079_480x480.jpg?v=1648587375\" alt=\"\" width=\"481\" height=\"352\" \/><\/p>\n<h5 style=\"text-align: left;\"><strong>PUCES LED CSP \u00c0 HAUTE EFFICACIT\u00c9<\/strong><\/h5>\n<p style=\"text-align: left;\">Les ampoules de phares \u00e0 LED CARSA H1 adoptent 12 puces LED CSP tr\u00e8s lumineuses dans chaque ampoule, fournissant un total de 100 W, 20 000 lm de puissance lumineuse par jeu. 3 fois plus lumineuses que les ampoules d&#039;origine. Blanc froid 6000 K. Vous permet de tout voir la nuit. Une \u00e9norme am\u00e9lioration pour les ampoules halog\u00e8nes.<\/p>\n<div id=\"attachment_10002\" style=\"width: 491px\" class=\"wp-caption alignnone\"><img decoding=\"async\" aria-describedby=\"caption-attachment-10002\" class=\"wp-image-10002\" src=\"https:\/\/carsa.ca\/wp-content\/uploads\/2024\/08\/H4-9003-10.jpg\" alt=\"H1 LED headlight bulbs installed in a vehicle, providing bright and clear illumination.\" width=\"481\" height=\"481\" srcset=\"https:\/\/carsa.ca\/wp-content\/uploads\/2024\/08\/H4-9003-10.jpg 800w, https:\/\/carsa.ca\/wp-content\/uploads\/2024\/08\/H4-9003-10-600x600.jpg 600w, https:\/\/carsa.ca\/wp-content\/uploads\/2024\/08\/H4-9003-10-100x100.jpg 100w, https:\/\/carsa.ca\/wp-content\/uploads\/2024\/08\/H4-9003-10-300x300.jpg 300w, https:\/\/carsa.ca\/wp-content\/uploads\/2024\/08\/H4-9003-10-150x150.jpg 150w, https:\/\/carsa.ca\/wp-content\/uploads\/2024\/08\/H4-9003-10-768x768.jpg 768w, https:\/\/carsa.ca\/wp-content\/uploads\/2024\/08\/H4-9003-10-180x180.jpg 180w, https:\/\/carsa.ca\/wp-content\/uploads\/2024\/08\/H4-9003-10-12x12.jpg 12w, https:\/\/carsa.ca\/wp-content\/uploads\/2024\/08\/H4-9003-10-46x46.jpg 46w, https:\/\/carsa.ca\/wp-content\/uploads\/2024\/08\/H4-9003-10-54x54.jpg 54w, https:\/\/carsa.ca\/wp-content\/uploads\/2024\/08\/H4-9003-10-310x310.jpg 310w, https:\/\/carsa.ca\/wp-content\/uploads\/2024\/08\/H4-9003-10-80x80.jpg 80w\" sizes=\"(max-width: 481px) 100vw, 481px\" \/><p id=\"caption-attachment-10002\" class=\"wp-caption-text\">Am\u00e9liorez les phares de votre v\u00e9hicule avec des ampoules LED H1 pour une visibilit\u00e9 am\u00e9lior\u00e9e et un style moderne.<\/p><\/div>\n<p style=\"text-align: left;\"><strong>COMPATIBLE AVEC 99% DES V\u00c9HICULES<\/strong><\/p>\n<p style=\"text-align: left;\">Conception compatible Can-bus : une\u00a0<strong>pilote mis \u00e0 niveau avec circuit int\u00e9gr\u00e9 intelligent int\u00e9gr\u00e9<\/strong>\u00a0et le contr\u00f4le de la temp\u00e9rature garantit que les lampes fonctionnent dans les meilleures conditions sans erreur ni interf\u00e9rence radio.<\/p>\n<div id=\"attachment_10031\" style=\"width: 509px\" class=\"wp-caption alignnone\"><img decoding=\"async\" aria-describedby=\"caption-attachment-10031\" class=\"wp-image-10031\" src=\"https:\/\/carsa.ca\/wp-content\/uploads\/2024\/08\/Capture8.jpg\" alt=\"H1 LED headlight bulbs with Can-bus ready design, featuring built-in intelligent IC and temperature control.\" width=\"499\" height=\"481\" srcset=\"https:\/\/carsa.ca\/wp-content\/uploads\/2024\/08\/Capture8.jpg 799w, https:\/\/carsa.ca\/wp-content\/uploads\/2024\/08\/Capture8-600x578.jpg 600w, https:\/\/carsa.ca\/wp-content\/uploads\/2024\/08\/Capture8-300x289.jpg 300w, https:\/\/carsa.ca\/wp-content\/uploads\/2024\/08\/Capture8-768x740.jpg 768w, https:\/\/carsa.ca\/wp-content\/uploads\/2024\/08\/Capture8-12x12.jpg 12w\" sizes=\"(max-width: 499px) 100vw, 499px\" \/><p id=\"caption-attachment-10031\" class=\"wp-caption-text\">B\u00e9n\u00e9ficiez de performances sans erreur avec nos ampoules de phares \u00e0 LED H1, con\u00e7ues avec une compatibilit\u00e9 Can-bus et un contr\u00f4le avanc\u00e9 de la temp\u00e9rature.<\/p><\/div>\n<p style=\"text-align: left;\"><strong>SYST\u00c8ME DE REFROIDISSEMENT EFFICACE ET DUR\u00c9E DE VIE DE 50 000 HEURES<\/strong><\/p>\n<p style=\"text-align: left;\">Corps enti\u00e8rement en aluminium a\u00e9ronautique et\u00a0<strong>Ventilateur de refroidissement \u00e0 12 000 tr\/min<\/strong>\u00a0offrent une capacit\u00e9 de surrefroidissement, ce qui garantit une dur\u00e9e de vie plus longue jusqu&#039;\u00e0 50 000 heures.<\/p>\n<div id=\"attachment_10028\" style=\"width: 485px\" class=\"wp-caption alignnone\"><img loading=\"lazy\" decoding=\"async\" aria-describedby=\"caption-attachment-10028\" class=\"wp-image-10028\" src=\"https:\/\/carsa.ca\/wp-content\/uploads\/2024\/08\/Capture5.jpg\" alt=\"LED lights with aviation aluminum body and 12,000 RPM cooling fan for superior cooling and longevity.\" width=\"475\" height=\"481\" srcset=\"https:\/\/carsa.ca\/wp-content\/uploads\/2024\/08\/Capture5.jpg 789w, https:\/\/carsa.ca\/wp-content\/uploads\/2024\/08\/Capture5-600x608.jpg 600w, https:\/\/carsa.ca\/wp-content\/uploads\/2024\/08\/Capture5-100x100.jpg 100w, https:\/\/carsa.ca\/wp-content\/uploads\/2024\/08\/Capture5-296x300.jpg 296w, https:\/\/carsa.ca\/wp-content\/uploads\/2024\/08\/Capture5-768x778.jpg 768w, https:\/\/carsa.ca\/wp-content\/uploads\/2024\/08\/Capture5-12x12.jpg 12w, https:\/\/carsa.ca\/wp-content\/uploads\/2024\/08\/Capture5-46x46.jpg 46w, https:\/\/carsa.ca\/wp-content\/uploads\/2024\/08\/Capture5-54x54.jpg 54w, https:\/\/carsa.ca\/wp-content\/uploads\/2024\/08\/Capture5-80x80.jpg 80w\" sizes=\"(max-width: 475px) 100vw, 475px\" \/><p id=\"caption-attachment-10028\" class=\"wp-caption-text\">Nos lampes LED sont dot\u00e9es d&#039;un corps enti\u00e8rement en aluminium a\u00e9ronautique et d&#039;un ventilateur de refroidissement de 12 000 tr\/min, garantissant un refroidissement sup\u00e9rieur et une dur\u00e9e de vie prolong\u00e9e jusqu&#039;\u00e0 50 000 heures.<\/p><\/div>\n<p style=\"text-align: left;\">Nous comprenons qu&#039;il peut parfois \u00eatre difficile de trouver en ligne l&#039;ampoule adapt\u00e9e \u00e0 votre v\u00e9hicule. Si vous n&#039;\u00eates pas s\u00fbr du mod\u00e8le compatible avec votre v\u00e9hicule, n&#039;h\u00e9sitez pas \u00e0 nous demander conseil. Nous trouverons le type d&#039;ampoule qui vous convient.<\/p>\n<p style=\"text-align: left;\"><a href=\"https:\/\/www.facebook.com\/100055173664139\/videos\/3301269660129709\/\">Guide d&#039;installation :<\/a><\/p>\n<p style=\"text-align: left;\">Assurez-vous que le moteur est \u00e9teint et froid.<\/p>\n<p style=\"text-align: left;\">Changez toujours les ampoules en m\u00eame temps : garder l\u2019ancienne avec la nouvelle a tendance \u00e0 les faire griller toutes les deux tr\u00e8s rapidement.<\/p>\n<p style=\"text-align: left;\">Assurez-vous que les loquets autour des ampoules sont correctement fix\u00e9s.<\/p>\n<p style=\"text-align: left;\">Si l&#039;ampoule LED ne s&#039;allume pas apr\u00e8s l&#039;installation, retournez la prise et rebranchez-la. Assurez-vous que le p\u00f4le positif correspond au p\u00f4le n\u00e9gatif.<\/p>\n<div id=\"attachment_10004\" style=\"width: 508px\" class=\"wp-caption alignnone\"><img loading=\"lazy\" decoding=\"async\" aria-describedby=\"caption-attachment-10004\" class=\"wp-image-10004\" src=\"https:\/\/carsa.ca\/wp-content\/uploads\/2024\/08\/H4-9003-15-1.jpg\" alt=\"Installation guide for LED headlight bulbs, showing step-by-step instructions.\" width=\"498\" height=\"481\" srcset=\"https:\/\/carsa.ca\/wp-content\/uploads\/2024\/08\/H4-9003-15-1.jpg 1500w, https:\/\/carsa.ca\/wp-content\/uploads\/2024\/08\/H4-9003-15-1-600x580.jpg 600w, https:\/\/carsa.ca\/wp-content\/uploads\/2024\/08\/H4-9003-15-1-300x290.jpg 300w, https:\/\/carsa.ca\/wp-content\/uploads\/2024\/08\/H4-9003-15-1-1024x990.jpg 1024w, https:\/\/carsa.ca\/wp-content\/uploads\/2024\/08\/H4-9003-15-1-768x742.jpg 768w, https:\/\/carsa.ca\/wp-content\/uploads\/2024\/08\/H4-9003-15-1-12x12.jpg 12w\" sizes=\"(max-width: 498px) 100vw, 498px\" \/><p id=\"caption-attachment-10004\" class=\"wp-caption-text\">Guide d&#039;installation \u00e9tape par \u00e9tape pour les ampoules de phares \u00e0 LED, garantissant une installation fluide et facile.<\/p><\/div>\n<p>&nbsp;<\/p>\n<\/div>","protected":false},"excerpt":{"rendered":"<h5><strong>LIVRAISON GRATUITE POUR LES COMMANDES DE PLUS DE $110.<\/strong> Avec Postes Canada, un num\u00e9ro de suivi est fourni.<\/h5>\n<h5><strong>Ampoules extr\u00eamement lumineuses et durables<\/strong> avec une garantie d&#039;un an.<\/h5>\n<h5>Un ensemble de feux de plaque d&#039;immatriculation ou un ensemble d&#039;ampoules int\u00e9rieures GRATUIT avec tout achat.<\/h5>\n<h5><strong>Kit de conversion tout-en-un :\u00a0<\/strong>Toutes les ampoules int\u00e9rieures et ext\u00e9rieures sont disponibles dans les lumens les plus \u00e9lev\u00e9s.<\/h5>\n<h5><strong>Super lumineux :<\/strong>\u00a0100 W, 20 000 lm, 3 fois plus lumineux que les lampes halog\u00e8nes.<\/h5>","protected":false},"featured_media":8941,"template":"","meta":[],"product_brand":[],"product_cat":[180,284],"product_tag":[183,185,188,191,355,193,199,200,344,201,202,356,313,205,206,207,210,314,211,288,214,215,217,220,357,223,225,227,228,230,231,232,234,235,239,240,241,243,244,339,245,248,249,251,345,254,255,256,257,322,258,298,259,260,261,263,264,267,268,271,274,275,279],"class_list":{"0":"post-8717","1":"product","2":"type-product","3":"status-publish","4":"has-post-thumbnail","6":"product_cat-all-products","7":"product_cat-led-fog-lights","8":"product_tag-acura","9":"product_tag-alfa-romeo","10":"product_tag-aprilia-motorcycle","11":"product_tag-argo-motorcycle","12":"product_tag-atk-motorcycle","13":"product_tag-audi","14":"product_tag-bmw","15":"product_tag-bmw-motorcycle","16":"product_tag-buell-motorcycle","17":"product_tag-buick","18":"product_tag-cadillac","19":"product_tag-cfmoto","20":"product_tag-cfmoto-motorcycle","21":"product_tag-chevrolet","22":"product_tag-chrysler","23":"product_tag-daewoo","24":"product_tag-dodge","25":"product_tag-ducati-motorcycle","26":"product_tag-eagle","27":"product_tag-fog-lights","28":"product_tag-ford","29":"product_tag-freightliner","30":"product_tag-gmc","31":"product_tag-honda","32":"product_tag-hyosung-motorcycle","33":"product_tag-hyundai","34":"product_tag-infiniti","35":"product_tag-international","36":"product_tag-isuzu","37":"product_tag-jaguar","38":"product_tag-jeep","39":"product_tag-john-deere","40":"product_tag-kenworth","41":"product_tag-kia","42":"product_tag-lamborghini","43":"product_tag-land-rover","44":"product_tag-lexus","45":"product_tag-mack","46":"product_tag-maserati","47":"product_tag-maybach","48":"product_tag-mazda","49":"product_tag-mercedesbenz","50":"product_tag-mercury","51":"product_tag-mitsubishi","52":"product_tag-moto-guzzi-motorcycle","53":"product_tag-nissan","54":"product_tag-oldsmobile","55":"product_tag-peterbilt","56":"product_tag-peugeot","57":"product_tag-piaggio-motorcycle","58":"product_tag-plymouth","59":"product_tag-polaris-motorcycle","60":"product_tag-pontiac","61":"product_tag-porsche","62":"product_tag-prevost","63":"product_tag-saab","64":"product_tag-saturn","65":"product_tag-subaru","66":"product_tag-suzuki","67":"product_tag-toyota","68":"product_tag-volkswagen","69":"product_tag-volvo","70":"product_tag-zero-motorcycle","71":"product_shipping_class-standart","73":"first","74":"instock","75":"sale","76":"taxable","77":"shipping-taxable","78":"purchasable","79":"product-type-simple","80":"add-to-wishlist-after_add_to_cart"},"yoast_head":"<!-- This site is optimized with the Yoast SEO plugin v27.4 - https:\/\/yoast.com\/product\/yoast-seo-wordpress\/ -->\n<title>H3 LED Fog Lights &amp; Day Time Running Lights White (6000K) - 2 Bulbs - Carsa Automotive Lighting System<\/title>\n<meta name=\"robots\" content=\"index, follow, max-snippet:-1, max-image-preview:large, max-video-preview:-1\" \/>\n<link rel=\"canonical\" href=\"https:\/\/carsa.ca\/fr\/produit\/h3-led-fog-lights-day-time-running-lights-white-6000k-2-bulbs\/\" \/>\n<meta property=\"og:locale\" content=\"fr_FR\" \/>\n<meta property=\"og:type\" content=\"article\" \/>\n<meta property=\"og:title\" content=\"H3 LED Fog Lights &amp; Day Time Running Lights White (6000K) - 2 Bulbs - Carsa Automotive Lighting System\" \/>\n<meta property=\"og:description\" content=\"FREE SHIPPING FOR ORDERS OVER $110. With Canada Post, tracking number is provided. Extremely bright long-lasting bulbs with a 1-year warranty. A set of license plate lights or a set of interior bulbs for FREE with any purchase. All-in-One Conversion Kit:\u00a0All interior and exterior bulbs are available in the highest lumens. Super Bright:\u00a0100W, 20000LM, 3x brighter than halogen lamps.\" \/>\n<meta property=\"og:url\" content=\"https:\/\/carsa.ca\/fr\/produit\/h3-led-fog-lights-day-time-running-lights-white-6000k-2-bulbs\/\" \/>\n<meta property=\"og:site_name\" content=\"Carsa Automotive Lighting System\" \/>\n<meta property=\"article:modified_time\" content=\"2024-08-27T20:19:54+00:00\" \/>\n<meta property=\"og:image\" content=\"https:\/\/carsa.ca\/wp-content\/uploads\/2024\/08\/H3_24.jpg\" \/>\n\t<meta property=\"og:image:width\" content=\"800\" \/>\n\t<meta property=\"og:image:height\" content=\"800\" \/>\n\t<meta property=\"og:image:type\" content=\"image\/jpeg\" \/>\n<meta name=\"twitter:card\" content=\"summary_large_image\" \/>\n<meta name=\"twitter:label1\" content=\"Dur\u00e9e de lecture estim\u00e9e\" \/>\n\t<meta name=\"twitter:data1\" content=\"4 minutes\" \/>\n<script type=\"application\/ld+json\" class=\"yoast-schema-graph\">{\"@context\":\"https:\\\/\\\/schema.org\",\"@graph\":[{\"@type\":\"WebPage\",\"@id\":\"https:\\\/\\\/carsa.ca\\\/product\\\/h3-led-fog-lights-day-time-running-lights-white-6000k-2-bulbs\\\/\",\"url\":\"https:\\\/\\\/carsa.ca\\\/product\\\/h3-led-fog-lights-day-time-running-lights-white-6000k-2-bulbs\\\/\",\"name\":\"H3 LED Fog Lights & Day Time Running Lights White (6000K) - 2 Bulbs - Carsa Automotive Lighting System\",\"isPartOf\":{\"@id\":\"https:\\\/\\\/carsa.ca\\\/#website\"},\"primaryImageOfPage\":{\"@id\":\"https:\\\/\\\/carsa.ca\\\/product\\\/h3-led-fog-lights-day-time-running-lights-white-6000k-2-bulbs\\\/#primaryimage\"},\"image\":{\"@id\":\"https:\\\/\\\/carsa.ca\\\/product\\\/h3-led-fog-lights-day-time-running-lights-white-6000k-2-bulbs\\\/#primaryimage\"},\"thumbnailUrl\":\"https:\\\/\\\/carsa.ca\\\/wp-content\\\/uploads\\\/2024\\\/08\\\/H3_24.jpg\",\"datePublished\":\"2024-08-06T20:09:11+00:00\",\"dateModified\":\"2024-08-27T20:19:54+00:00\",\"breadcrumb\":{\"@id\":\"https:\\\/\\\/carsa.ca\\\/product\\\/h3-led-fog-lights-day-time-running-lights-white-6000k-2-bulbs\\\/#breadcrumb\"},\"inLanguage\":\"fr-FR\",\"potentialAction\":[{\"@type\":\"ReadAction\",\"target\":[\"https:\\\/\\\/carsa.ca\\\/product\\\/h3-led-fog-lights-day-time-running-lights-white-6000k-2-bulbs\\\/\"]}]},{\"@type\":\"ImageObject\",\"inLanguage\":\"fr-FR\",\"@id\":\"https:\\\/\\\/carsa.ca\\\/product\\\/h3-led-fog-lights-day-time-running-lights-white-6000k-2-bulbs\\\/#primaryimage\",\"url\":\"https:\\\/\\\/carsa.ca\\\/wp-content\\\/uploads\\\/2024\\\/08\\\/H3_24.jpg\",\"contentUrl\":\"https:\\\/\\\/carsa.ca\\\/wp-content\\\/uploads\\\/2024\\\/08\\\/H3_24.jpg\",\"width\":800,\"height\":800},{\"@type\":\"BreadcrumbList\",\"@id\":\"https:\\\/\\\/carsa.ca\\\/product\\\/h3-led-fog-lights-day-time-running-lights-white-6000k-2-bulbs\\\/#breadcrumb\",\"itemListElement\":[{\"@type\":\"ListItem\",\"position\":1,\"name\":\"Home\",\"item\":\"https:\\\/\\\/carsa.ca\\\/\"},{\"@type\":\"ListItem\",\"position\":2,\"name\":\"Shop\",\"item\":\"https:\\\/\\\/carsa.ca\\\/fr\\\/shop\\\/\"},{\"@type\":\"ListItem\",\"position\":3,\"name\":\"H3 LED Fog Lights &#038; Day Time Running Lights White (6000K) &#8211; 2 Bulbs\"}]},{\"@type\":\"WebSite\",\"@id\":\"https:\\\/\\\/carsa.ca\\\/#website\",\"url\":\"https:\\\/\\\/carsa.ca\\\/\",\"name\":\"Carsa Automotive Lighting System\",\"description\":\"\",\"publisher\":{\"@id\":\"https:\\\/\\\/carsa.ca\\\/#organization\"},\"potentialAction\":[{\"@type\":\"SearchAction\",\"target\":{\"@type\":\"EntryPoint\",\"urlTemplate\":\"https:\\\/\\\/carsa.ca\\\/?s={search_term_string}\"},\"query-input\":{\"@type\":\"PropertyValueSpecification\",\"valueRequired\":true,\"valueName\":\"search_term_string\"}}],\"inLanguage\":\"fr-FR\"},{\"@type\":\"Organization\",\"@id\":\"https:\\\/\\\/carsa.ca\\\/#organization\",\"name\":\"Carsa Automotive Lighting System\",\"url\":\"https:\\\/\\\/carsa.ca\\\/\",\"logo\":{\"@type\":\"ImageObject\",\"inLanguage\":\"fr-FR\",\"@id\":\"https:\\\/\\\/carsa.ca\\\/#\\\/schema\\\/logo\\\/image\\\/\",\"url\":\"https:\\\/\\\/carsa.ca\\\/wp-content\\\/uploads\\\/2024\\\/07\\\/CARSA-LOGO.svg\",\"contentUrl\":\"https:\\\/\\\/carsa.ca\\\/wp-content\\\/uploads\\\/2024\\\/07\\\/CARSA-LOGO.svg\",\"width\":2512,\"height\":504,\"caption\":\"Carsa Automotive Lighting System\"},\"image\":{\"@id\":\"https:\\\/\\\/carsa.ca\\\/#\\\/schema\\\/logo\\\/image\\\/\"}}]}<\/script>\n<!-- \/ Yoast SEO plugin. -->","yoast_head_json":{"title":"Feux antibrouillard et feux de jour \u00e0 LED H3 blancs (6000K) - 2 ampoules - Syst\u00e8me d&#039;\u00e9clairage automobile Carsa","robots":{"index":"index","follow":"follow","max-snippet":"max-snippet:-1","max-image-preview":"max-image-preview:large","max-video-preview":"max-video-preview:-1"},"canonical":"https:\/\/carsa.ca\/fr\/produit\/h3-led-fog-lights-day-time-running-lights-white-6000k-2-bulbs\/","og_locale":"fr_FR","og_type":"article","og_title":"H3 LED Fog Lights & Day Time Running Lights White (6000K) - 2 Bulbs - Carsa Automotive Lighting System","og_description":"FREE SHIPPING FOR ORDERS OVER $110. With Canada Post, tracking number is provided. Extremely bright long-lasting bulbs with a 1-year warranty. A set of license plate lights or a set of interior bulbs for FREE with any purchase. All-in-One Conversion Kit:\u00a0All interior and exterior bulbs are available in the highest lumens. Super Bright:\u00a0100W, 20000LM, 3x brighter than halogen lamps.","og_url":"https:\/\/carsa.ca\/fr\/produit\/h3-led-fog-lights-day-time-running-lights-white-6000k-2-bulbs\/","og_site_name":"Carsa Automotive Lighting System","article_modified_time":"2024-08-27T20:19:54+00:00","og_image":[{"width":800,"height":800,"url":"https:\/\/carsa.ca\/wp-content\/uploads\/2024\/08\/H3_24.jpg","type":"image\/jpeg"}],"twitter_card":"summary_large_image","twitter_misc":{"Dur\u00e9e de lecture estim\u00e9e":"4 minutes"},"schema":{"@context":"https:\/\/schema.org","@graph":[{"@type":"WebPage","@id":"https:\/\/carsa.ca\/product\/h3-led-fog-lights-day-time-running-lights-white-6000k-2-bulbs\/","url":"https:\/\/carsa.ca\/product\/h3-led-fog-lights-day-time-running-lights-white-6000k-2-bulbs\/","name":"Feux antibrouillard et feux de jour \u00e0 LED H3 blancs (6000K) - 2 ampoules - Syst\u00e8me d&#039;\u00e9clairage automobile Carsa","isPartOf":{"@id":"https:\/\/carsa.ca\/#website"},"primaryImageOfPage":{"@id":"https:\/\/carsa.ca\/product\/h3-led-fog-lights-day-time-running-lights-white-6000k-2-bulbs\/#primaryimage"},"image":{"@id":"https:\/\/carsa.ca\/product\/h3-led-fog-lights-day-time-running-lights-white-6000k-2-bulbs\/#primaryimage"},"thumbnailUrl":"https:\/\/carsa.ca\/wp-content\/uploads\/2024\/08\/H3_24.jpg","datePublished":"2024-08-06T20:09:11+00:00","dateModified":"2024-08-27T20:19:54+00:00","breadcrumb":{"@id":"https:\/\/carsa.ca\/product\/h3-led-fog-lights-day-time-running-lights-white-6000k-2-bulbs\/#breadcrumb"},"inLanguage":"fr-FR","potentialAction":[{"@type":"ReadAction","target":["https:\/\/carsa.ca\/product\/h3-led-fog-lights-day-time-running-lights-white-6000k-2-bulbs\/"]}]},{"@type":"ImageObject","inLanguage":"fr-FR","@id":"https:\/\/carsa.ca\/product\/h3-led-fog-lights-day-time-running-lights-white-6000k-2-bulbs\/#primaryimage","url":"https:\/\/carsa.ca\/wp-content\/uploads\/2024\/08\/H3_24.jpg","contentUrl":"https:\/\/carsa.ca\/wp-content\/uploads\/2024\/08\/H3_24.jpg","width":800,"height":800},{"@type":"BreadcrumbList","@id":"https:\/\/carsa.ca\/product\/h3-led-fog-lights-day-time-running-lights-white-6000k-2-bulbs\/#breadcrumb","itemListElement":[{"@type":"ListItem","position":1,"name":"Home","item":"https:\/\/carsa.ca\/"},{"@type":"ListItem","position":2,"name":"Shop","item":"https:\/\/carsa.ca\/fr\/shop\/"},{"@type":"ListItem","position":3,"name":"H3 LED Fog Lights &#038; Day Time Running Lights White (6000K) &#8211; 2 Bulbs"}]},{"@type":"WebSite","@id":"https:\/\/carsa.ca\/#website","url":"https:\/\/carsa.ca\/","name":"Syst\u00e8me d&#039;\u00e9clairage automobile Carsa","description":"","publisher":{"@id":"https:\/\/carsa.ca\/#organization"},"potentialAction":[{"@type":"SearchAction","target":{"@type":"EntryPoint","urlTemplate":"https:\/\/carsa.ca\/?s={search_term_string}"},"query-input":{"@type":"PropertyValueSpecification","valueRequired":true,"valueName":"search_term_string"}}],"inLanguage":"fr-FR"},{"@type":"Organization","@id":"https:\/\/carsa.ca\/#organization","name":"Syst\u00e8me d&#039;\u00e9clairage automobile Carsa","url":"https:\/\/carsa.ca\/","logo":{"@type":"ImageObject","inLanguage":"fr-FR","@id":"https:\/\/carsa.ca\/#\/schema\/logo\/image\/","url":"https:\/\/carsa.ca\/wp-content\/uploads\/2024\/07\/CARSA-LOGO.svg","contentUrl":"https:\/\/carsa.ca\/wp-content\/uploads\/2024\/07\/CARSA-LOGO.svg","width":2512,"height":504,"caption":"Carsa Automotive Lighting System"},"image":{"@id":"https:\/\/carsa.ca\/#\/schema\/logo\/image\/"}}]}},"_links":{"self":[{"href":"https:\/\/carsa.ca\/fr\/wp-json\/wp\/v2\/product\/8717","targetHints":{"allow":["GET"]}}],"collection":[{"href":"https:\/\/carsa.ca\/fr\/wp-json\/wp\/v2\/product"}],"about":[{"href":"https:\/\/carsa.ca\/fr\/wp-json\/wp\/v2\/types\/product"}],"wp:featuredmedia":[{"embeddable":true,"href":"https:\/\/carsa.ca\/fr\/wp-json\/wp\/v2\/media\/8941"}],"wp:attachment":[{"href":"https:\/\/carsa.ca\/fr\/wp-json\/wp\/v2\/media?parent=8717"}],"wp:term":[{"taxonomy":"product_brand","embeddable":true,"href":"https:\/\/carsa.ca\/fr\/wp-json\/wp\/v2\/product_brand?post=8717"},{"taxonomy":"product_cat","embeddable":true,"href":"https:\/\/carsa.ca\/fr\/wp-json\/wp\/v2\/product_cat?post=8717"},{"taxonomy":"product_tag","embeddable":true,"href":"https:\/\/carsa.ca\/fr\/wp-json\/wp\/v2\/product_tag?post=8717"}],"curies":[{"name":"wp","href":"https:\/\/api.w.org\/{rel}","templated":true}]}}