{"id":9091,"date":"2024-08-06T20:23:19","date_gmt":"2024-08-06T20:23:19","guid":{"rendered":"https:\/\/demotasarim.online\/?post_type=product&#038;p=9091"},"modified":"2024-08-09T20:08:45","modified_gmt":"2024-08-09T20:08:45","slug":"140w-chevrolet-silverado-2500-hd-led-headlight-bulbs-2001-2006","status":"publish","type":"product","link":"https:\/\/carsa.ca\/fr\/produit\/140w-chevrolet-silverado-2500-hd-led-headlight-bulbs-2001-2006\/","title":{"rendered":"Ampoules de phares \u00e0 DEL HD (140 W) pour Chevrolet Silverado 2500 2001-2006"},"content":{"rendered":"<p>Si vous recherchez les ampoules de phares LED les plus lumineuses pour votre Silverado 2500 HD, vous \u00eates au bon endroit. Avec ces ampoules de phares LED de 140 watts et 16 800 lumens, vos phares Silverado 2500 HD seront 600% plus lumineux !<\/p>\n<h3>Ampoules de phares \u00e0 DEL pour Silverado 2500 HD 2001-2006<\/h3>\n<ul>\n<li>Feux de croisement \u2013 Ampoule LED 9006<\/li>\n<li>Feux de route \u2013 Ampoule LED 9005<\/li>\n<\/ul>","protected":false},"excerpt":{"rendered":"<p>If you are looking for the brightest LED headlight bulbs for your Silverado 2500 HD, then you are at the right place. With these 140 watts 16800 lumens led headlight bulbs, your Silverado 2500 HD headlights will be 600% brighter! 2001-2006 Silverado 2500 HD LED Headlight Bulbs Low Beam &#8211; 9006 LED Bulb High Beam [&hellip;]<\/p>\n","protected":false},"featured_media":9144,"template":"","meta":[],"product_brand":[],"product_cat":[369],"product_tag":[370,371,372,373,374,375,376],"class_list":{"0":"post-9091","1":"product","2":"type-product","3":"status-publish","4":"has-post-thumbnail","6":"product_cat-silverado","7":"product_tag-chevrolet-silverado","8":"product_tag-chevrolet-silverado-2500-hd-led","9":"product_tag-chevrolet-silverado-2500-hd-led-headlight-bulbs","10":"product_tag-chevy-silverado","11":"product_tag-if-you-are-looking-for-the-brightest-led-headlight-bulbs-for-your-silverado-2500-hd","12":"product_tag-then-you-are-at-the-right-place-with-these-140-watts-16800-lumens-led-headlight-bulbs","13":"product_tag-your-silverado-2500-hd-headlights-will-be-600-brighter-2001-2006-silverado-2500-hd-led-headlight-bulbs-low-beam-9006-led-bulb-high-beam-9005-led-bulb","14":"product_shipping_class-standart","16":"first","17":"instock","18":"sale","19":"taxable","20":"shipping-taxable","21":"purchasable","22":"product-type-simple","23":"add-to-wishlist-after_add_to_cart"},"yoast_head":"<!-- This site is optimized with the Yoast SEO plugin v27.4 - https:\/\/yoast.com\/product\/yoast-seo-wordpress\/ -->\n<title>(140W) Chevrolet Silverado 2500 HD LED Headlight Bulbs 2001-2006 - Carsa Automotive Lighting System<\/title>\n<meta name=\"description\" content=\"(140W) Chevrolet Silverado 2500 HD LED Headlight Bulbs 2001-2006 - (140W) Chevrolet Silverado 2500 HD LED Headlight Bulbs 2001-2006 - info@carsa.ca\" \/>\n<meta name=\"robots\" content=\"index, follow, max-snippet:-1, max-image-preview:large, max-video-preview:-1\" \/>\n<link rel=\"canonical\" href=\"https:\/\/carsa.ca\/fr\/produit\/140w-chevrolet-silverado-2500-hd-led-headlight-bulbs-2001-2006\/\" \/>\n<meta property=\"og:locale\" content=\"fr_FR\" \/>\n<meta property=\"og:type\" content=\"article\" \/>\n<meta property=\"og:title\" content=\"(140W) Chevrolet Silverado 2500 HD LED Headlight Bulbs 2001-2006 - Carsa Automotive Lighting System\" \/>\n<meta property=\"og:description\" content=\"(140W) Chevrolet Silverado 2500 HD LED Headlight Bulbs 2001-2006 - (140W) Chevrolet Silverado 2500 HD LED Headlight Bulbs 2001-2006 - info@carsa.ca\" \/>\n<meta property=\"og:url\" content=\"https:\/\/carsa.ca\/fr\/produit\/140w-chevrolet-silverado-2500-hd-led-headlight-bulbs-2001-2006\/\" \/>\n<meta property=\"og:site_name\" content=\"Carsa Automotive Lighting System\" \/>\n<meta property=\"article:modified_time\" content=\"2024-08-09T20:08:45+00:00\" \/>\n<meta property=\"og:image\" content=\"https:\/\/carsa.ca\/wp-content\/uploads\/2024\/08\/2001-Chevrolet-Silverado-1500-Extended-Cab-FrontSide_CTS1E018_505x375.jpg\" \/>\n\t<meta property=\"og:image:width\" content=\"505\" \/>\n\t<meta property=\"og:image:height\" content=\"375\" \/>\n\t<meta property=\"og:image:type\" content=\"image\/jpeg\" \/>\n<meta name=\"twitter:card\" content=\"summary_large_image\" \/>\n<meta name=\"twitter:label1\" content=\"Dur\u00e9e de lecture estim\u00e9e\" \/>\n\t<meta name=\"twitter:data1\" content=\"1 minute\" \/>\n<script type=\"application\/ld+json\" class=\"yoast-schema-graph\">{\"@context\":\"https:\\\/\\\/schema.org\",\"@graph\":[{\"@type\":\"WebPage\",\"@id\":\"https:\\\/\\\/carsa.ca\\\/product\\\/140w-chevrolet-silverado-2500-hd-led-headlight-bulbs-2001-2006\\\/\",\"url\":\"https:\\\/\\\/carsa.ca\\\/product\\\/140w-chevrolet-silverado-2500-hd-led-headlight-bulbs-2001-2006\\\/\",\"name\":\"(140W) Chevrolet Silverado 2500 HD LED Headlight Bulbs 2001-2006 - Carsa Automotive Lighting System\",\"isPartOf\":{\"@id\":\"https:\\\/\\\/carsa.ca\\\/#website\"},\"primaryImageOfPage\":{\"@id\":\"https:\\\/\\\/carsa.ca\\\/product\\\/140w-chevrolet-silverado-2500-hd-led-headlight-bulbs-2001-2006\\\/#primaryimage\"},\"image\":{\"@id\":\"https:\\\/\\\/carsa.ca\\\/product\\\/140w-chevrolet-silverado-2500-hd-led-headlight-bulbs-2001-2006\\\/#primaryimage\"},\"thumbnailUrl\":\"https:\\\/\\\/carsa.ca\\\/wp-content\\\/uploads\\\/2024\\\/08\\\/2001-Chevrolet-Silverado-1500-Extended-Cab-FrontSide_CTS1E018_505x375.jpg\",\"datePublished\":\"2024-08-06T20:23:19+00:00\",\"dateModified\":\"2024-08-09T20:08:45+00:00\",\"description\":\"(140W) Chevrolet Silverado 2500 HD LED Headlight Bulbs 2001-2006 - (140W) Chevrolet Silverado 2500 HD LED Headlight Bulbs 2001-2006 - info@carsa.ca\",\"breadcrumb\":{\"@id\":\"https:\\\/\\\/carsa.ca\\\/product\\\/140w-chevrolet-silverado-2500-hd-led-headlight-bulbs-2001-2006\\\/#breadcrumb\"},\"inLanguage\":\"fr-FR\",\"potentialAction\":[{\"@type\":\"ReadAction\",\"target\":[\"https:\\\/\\\/carsa.ca\\\/product\\\/140w-chevrolet-silverado-2500-hd-led-headlight-bulbs-2001-2006\\\/\"]}]},{\"@type\":\"ImageObject\",\"inLanguage\":\"fr-FR\",\"@id\":\"https:\\\/\\\/carsa.ca\\\/product\\\/140w-chevrolet-silverado-2500-hd-led-headlight-bulbs-2001-2006\\\/#primaryimage\",\"url\":\"https:\\\/\\\/carsa.ca\\\/wp-content\\\/uploads\\\/2024\\\/08\\\/2001-Chevrolet-Silverado-1500-Extended-Cab-FrontSide_CTS1E018_505x375.jpg\",\"contentUrl\":\"https:\\\/\\\/carsa.ca\\\/wp-content\\\/uploads\\\/2024\\\/08\\\/2001-Chevrolet-Silverado-1500-Extended-Cab-FrontSide_CTS1E018_505x375.jpg\",\"width\":505,\"height\":375},{\"@type\":\"BreadcrumbList\",\"@id\":\"https:\\\/\\\/carsa.ca\\\/product\\\/140w-chevrolet-silverado-2500-hd-led-headlight-bulbs-2001-2006\\\/#breadcrumb\",\"itemListElement\":[{\"@type\":\"ListItem\",\"position\":1,\"name\":\"Home\",\"item\":\"https:\\\/\\\/carsa.ca\\\/\"},{\"@type\":\"ListItem\",\"position\":2,\"name\":\"Shop\",\"item\":\"https:\\\/\\\/carsa.ca\\\/fr\\\/shop\\\/\"},{\"@type\":\"ListItem\",\"position\":3,\"name\":\"(140W) Chevrolet Silverado 2500 HD LED Headlight Bulbs 2001-2006\"}]},{\"@type\":\"WebSite\",\"@id\":\"https:\\\/\\\/carsa.ca\\\/#website\",\"url\":\"https:\\\/\\\/carsa.ca\\\/\",\"name\":\"Carsa Automotive Lighting System\",\"description\":\"\",\"publisher\":{\"@id\":\"https:\\\/\\\/carsa.ca\\\/#organization\"},\"potentialAction\":[{\"@type\":\"SearchAction\",\"target\":{\"@type\":\"EntryPoint\",\"urlTemplate\":\"https:\\\/\\\/carsa.ca\\\/?s={search_term_string}\"},\"query-input\":{\"@type\":\"PropertyValueSpecification\",\"valueRequired\":true,\"valueName\":\"search_term_string\"}}],\"inLanguage\":\"fr-FR\"},{\"@type\":\"Organization\",\"@id\":\"https:\\\/\\\/carsa.ca\\\/#organization\",\"name\":\"Carsa Automotive Lighting System\",\"url\":\"https:\\\/\\\/carsa.ca\\\/\",\"logo\":{\"@type\":\"ImageObject\",\"inLanguage\":\"fr-FR\",\"@id\":\"https:\\\/\\\/carsa.ca\\\/#\\\/schema\\\/logo\\\/image\\\/\",\"url\":\"https:\\\/\\\/carsa.ca\\\/wp-content\\\/uploads\\\/2024\\\/07\\\/CARSA-LOGO.svg\",\"contentUrl\":\"https:\\\/\\\/carsa.ca\\\/wp-content\\\/uploads\\\/2024\\\/07\\\/CARSA-LOGO.svg\",\"width\":2512,\"height\":504,\"caption\":\"Carsa Automotive Lighting System\"},\"image\":{\"@id\":\"https:\\\/\\\/carsa.ca\\\/#\\\/schema\\\/logo\\\/image\\\/\"}}]}<\/script>\n<!-- \/ Yoast SEO plugin. -->","yoast_head_json":{"title":"Ampoules de phares \u00e0 LED (140 W) pour Chevrolet Silverado 2500 HD (2001-2006) - Syst\u00e8me d&#039;\u00e9clairage automobile Carsa","description":"Ampoules de phares \u00e0 DEL (140 W) pour Chevrolet Silverado 2500 HD 2001-2006 - Ampoules de phares \u00e0 DEL (140 W) pour Chevrolet Silverado 2500 HD 2001-2006 - info@carsa.ca","robots":{"index":"index","follow":"follow","max-snippet":"max-snippet:-1","max-image-preview":"max-image-preview:large","max-video-preview":"max-video-preview:-1"},"canonical":"https:\/\/carsa.ca\/fr\/produit\/140w-chevrolet-silverado-2500-hd-led-headlight-bulbs-2001-2006\/","og_locale":"fr_FR","og_type":"article","og_title":"(140W) Chevrolet Silverado 2500 HD LED Headlight Bulbs 2001-2006 - Carsa Automotive Lighting System","og_description":"(140W) Chevrolet Silverado 2500 HD LED Headlight Bulbs 2001-2006 - (140W) Chevrolet Silverado 2500 HD LED Headlight Bulbs 2001-2006 - info@carsa.ca","og_url":"https:\/\/carsa.ca\/fr\/produit\/140w-chevrolet-silverado-2500-hd-led-headlight-bulbs-2001-2006\/","og_site_name":"Carsa Automotive Lighting System","article_modified_time":"2024-08-09T20:08:45+00:00","og_image":[{"width":505,"height":375,"url":"https:\/\/carsa.ca\/wp-content\/uploads\/2024\/08\/2001-Chevrolet-Silverado-1500-Extended-Cab-FrontSide_CTS1E018_505x375.jpg","type":"image\/jpeg"}],"twitter_card":"summary_large_image","twitter_misc":{"Dur\u00e9e de lecture estim\u00e9e":"1 minute"},"schema":{"@context":"https:\/\/schema.org","@graph":[{"@type":"WebPage","@id":"https:\/\/carsa.ca\/product\/140w-chevrolet-silverado-2500-hd-led-headlight-bulbs-2001-2006\/","url":"https:\/\/carsa.ca\/product\/140w-chevrolet-silverado-2500-hd-led-headlight-bulbs-2001-2006\/","name":"Ampoules de phares \u00e0 LED (140 W) pour Chevrolet Silverado 2500 HD (2001-2006) - Syst\u00e8me d&#039;\u00e9clairage automobile Carsa","isPartOf":{"@id":"https:\/\/carsa.ca\/#website"},"primaryImageOfPage":{"@id":"https:\/\/carsa.ca\/product\/140w-chevrolet-silverado-2500-hd-led-headlight-bulbs-2001-2006\/#primaryimage"},"image":{"@id":"https:\/\/carsa.ca\/product\/140w-chevrolet-silverado-2500-hd-led-headlight-bulbs-2001-2006\/#primaryimage"},"thumbnailUrl":"https:\/\/carsa.ca\/wp-content\/uploads\/2024\/08\/2001-Chevrolet-Silverado-1500-Extended-Cab-FrontSide_CTS1E018_505x375.jpg","datePublished":"2024-08-06T20:23:19+00:00","dateModified":"2024-08-09T20:08:45+00:00","description":"Ampoules de phares \u00e0 DEL (140 W) pour Chevrolet Silverado 2500 HD 2001-2006 - Ampoules de phares \u00e0 DEL (140 W) pour Chevrolet Silverado 2500 HD 2001-2006 - info@carsa.ca","breadcrumb":{"@id":"https:\/\/carsa.ca\/product\/140w-chevrolet-silverado-2500-hd-led-headlight-bulbs-2001-2006\/#breadcrumb"},"inLanguage":"fr-FR","potentialAction":[{"@type":"ReadAction","target":["https:\/\/carsa.ca\/product\/140w-chevrolet-silverado-2500-hd-led-headlight-bulbs-2001-2006\/"]}]},{"@type":"ImageObject","inLanguage":"fr-FR","@id":"https:\/\/carsa.ca\/product\/140w-chevrolet-silverado-2500-hd-led-headlight-bulbs-2001-2006\/#primaryimage","url":"https:\/\/carsa.ca\/wp-content\/uploads\/2024\/08\/2001-Chevrolet-Silverado-1500-Extended-Cab-FrontSide_CTS1E018_505x375.jpg","contentUrl":"https:\/\/carsa.ca\/wp-content\/uploads\/2024\/08\/2001-Chevrolet-Silverado-1500-Extended-Cab-FrontSide_CTS1E018_505x375.jpg","width":505,"height":375},{"@type":"BreadcrumbList","@id":"https:\/\/carsa.ca\/product\/140w-chevrolet-silverado-2500-hd-led-headlight-bulbs-2001-2006\/#breadcrumb","itemListElement":[{"@type":"ListItem","position":1,"name":"Home","item":"https:\/\/carsa.ca\/"},{"@type":"ListItem","position":2,"name":"Shop","item":"https:\/\/carsa.ca\/fr\/shop\/"},{"@type":"ListItem","position":3,"name":"(140W) Chevrolet Silverado 2500 HD LED Headlight Bulbs 2001-2006"}]},{"@type":"WebSite","@id":"https:\/\/carsa.ca\/#website","url":"https:\/\/carsa.ca\/","name":"Syst\u00e8me d&#039;\u00e9clairage automobile Carsa","description":"","publisher":{"@id":"https:\/\/carsa.ca\/#organization"},"potentialAction":[{"@type":"SearchAction","target":{"@type":"EntryPoint","urlTemplate":"https:\/\/carsa.ca\/?s={search_term_string}"},"query-input":{"@type":"PropertyValueSpecification","valueRequired":true,"valueName":"search_term_string"}}],"inLanguage":"fr-FR"},{"@type":"Organization","@id":"https:\/\/carsa.ca\/#organization","name":"Syst\u00e8me d&#039;\u00e9clairage automobile Carsa","url":"https:\/\/carsa.ca\/","logo":{"@type":"ImageObject","inLanguage":"fr-FR","@id":"https:\/\/carsa.ca\/#\/schema\/logo\/image\/","url":"https:\/\/carsa.ca\/wp-content\/uploads\/2024\/07\/CARSA-LOGO.svg","contentUrl":"https:\/\/carsa.ca\/wp-content\/uploads\/2024\/07\/CARSA-LOGO.svg","width":2512,"height":504,"caption":"Carsa Automotive Lighting System"},"image":{"@id":"https:\/\/carsa.ca\/#\/schema\/logo\/image\/"}}]}},"_links":{"self":[{"href":"https:\/\/carsa.ca\/fr\/wp-json\/wp\/v2\/product\/9091","targetHints":{"allow":["GET"]}}],"collection":[{"href":"https:\/\/carsa.ca\/fr\/wp-json\/wp\/v2\/product"}],"about":[{"href":"https:\/\/carsa.ca\/fr\/wp-json\/wp\/v2\/types\/product"}],"wp:featuredmedia":[{"embeddable":true,"href":"https:\/\/carsa.ca\/fr\/wp-json\/wp\/v2\/media\/9144"}],"wp:attachment":[{"href":"https:\/\/carsa.ca\/fr\/wp-json\/wp\/v2\/media?parent=9091"}],"wp:term":[{"taxonomy":"product_brand","embeddable":true,"href":"https:\/\/carsa.ca\/fr\/wp-json\/wp\/v2\/product_brand?post=9091"},{"taxonomy":"product_cat","embeddable":true,"href":"https:\/\/carsa.ca\/fr\/wp-json\/wp\/v2\/product_cat?post=9091"},{"taxonomy":"product_tag","embeddable":true,"href":"https:\/\/carsa.ca\/fr\/wp-json\/wp\/v2\/product_tag?post=9091"}],"curies":[{"name":"wp","href":"https:\/\/api.w.org\/{rel}","templated":true}]}}