{"id":9130,"date":"2024-08-06T20:24:44","date_gmt":"2024-08-06T20:24:44","guid":{"rendered":"https:\/\/demotasarim.online\/?post_type=product&#038;p=9130"},"modified":"2024-08-09T20:09:22","modified_gmt":"2024-08-09T20:09:22","slug":"140w-2016-2018-chevy-cruze-non-projector-led-headlight-bulbs","status":"publish","type":"product","link":"https:\/\/carsa.ca\/fr\/produit\/140w-2016-2018-chevy-cruze-non-projector-led-headlight-bulbs\/","title":{"rendered":"Ampoules de phares \u00e0 DEL sans projecteur (140 W) pour Chevrolet Cruze 2016-2018"},"content":{"rendered":"<p>Si vous recherchez les ampoules de phares LED les plus lumineuses pour votre Chevy Cruze, vous \u00eates au bon endroit. Avec ces ampoules de phares LED de 140 watts et 16 800 lumens, vos phares Chevy Cruze seront 600% plus lumineux !<\/p>\n<h3>Ampoules de phares \u00e0 DEL sans projecteur pour Chevrolet Cruze 2016-2018<\/h3>\n<ul>\n<li>Feux de croisement \u2013 Ampoule LED H11<\/li>\n<li>Feux de route \u2013 Ampoule LED 9005<\/li>\n<li>Feu antibrouillard \u2013 Ampoule LED H11<\/li>\n<\/ul>","protected":false},"excerpt":{"rendered":"<p>If you are looking for the brightest LED headlight bulbs for your Chevy Cruze, then you are at the right place. With these 140 watts 16800 lumens led headlight bulbs, your Chevy Cruze headlights will be 600% brighter! 2016-2018 Chevy Cruze Non-projector LED Headlight Bulbs Low Beam &#8211; H11 LED Bulb High Beam &#8211; 9005 [&hellip;]<\/p>\n","protected":false},"featured_media":9145,"template":"","meta":[],"product_brand":[],"product_cat":[386,360,359],"product_tag":[387,388,389,205,366,367,368,390,391,384,392,393,394,379,380],"class_list":{"0":"post-9130","1":"product","2":"type-product","3":"status-publish","4":"has-post-thumbnail","6":"product_cat-cruze-for-chevrolet","7":"product_cat-for-chevrolet","8":"product_cat-vehicles","9":"product_tag-140w-2004-2012-chevy-colorado-led-headlight-bulbs","10":"product_tag-140w-2010-2017-chevy-equinox-led-headlight-bulb","11":"product_tag-140w-2015-2022-chevrolet-colorado-led-headlight-bulbs","12":"product_tag-chevrolet","13":"product_tag-chevrolet-colorado-bulb","14":"product_tag-chevrolet-colorado-bulbs","15":"product_tag-chevrolet-colorado-led-headlight-bulbs","16":"product_tag-chevrolet-cruze","17":"product_tag-chevrolet-cruze-bulbs","18":"product_tag-chevrolet-cruze-led-headlight-bulbs","19":"product_tag-chevy-cruze-led-headlight","20":"product_tag-chevy-cruze-led-headlight-bulbs","21":"product_tag-chevy-cruze-non-projector-led-headlight-bulbs","22":"product_tag-chevy-equinox-led","23":"product_tag-chevy-equinox-led-headlight-bulb","24":"product_shipping_class-standart","26":"first","27":"instock","28":"sale","29":"taxable","30":"shipping-taxable","31":"purchasable","32":"product-type-variable","33":"add-to-wishlist-after_add_to_cart"},"yoast_head":"<!-- This site is optimized with the Yoast SEO plugin v27.3 - https:\/\/yoast.com\/product\/yoast-seo-wordpress\/ -->\n<title>(140W) 2016-2018 Chevy Cruze Non-projector LED Headlight Bulbs - Carsa Automotive Lighting System<\/title>\n<meta name=\"description\" content=\"(140W) 2016-2018 Chevy Cruze Non-projector LED Headlight Bulbs - Carsa Automotive Lighting System - info@carsa.ca\" \/>\n<meta name=\"robots\" content=\"index, follow, max-snippet:-1, max-image-preview:large, max-video-preview:-1\" \/>\n<link rel=\"canonical\" href=\"https:\/\/carsa.ca\/fr\/produit\/140w-2016-2018-chevy-cruze-non-projector-led-headlight-bulbs\/\" \/>\n<meta property=\"og:locale\" content=\"fr_FR\" \/>\n<meta property=\"og:type\" content=\"article\" \/>\n<meta property=\"og:title\" content=\"(140W) 2016-2018 Chevy Cruze Non-projector LED Headlight Bulbs - Carsa Automotive Lighting System\" \/>\n<meta property=\"og:description\" content=\"(140W) 2016-2018 Chevy Cruze Non-projector LED Headlight Bulbs - Carsa Automotive Lighting System - info@carsa.ca\" \/>\n<meta property=\"og:url\" content=\"https:\/\/carsa.ca\/fr\/produit\/140w-2016-2018-chevy-cruze-non-projector-led-headlight-bulbs\/\" \/>\n<meta property=\"og:site_name\" content=\"Carsa Automotive Lighting System\" \/>\n<meta property=\"article:modified_time\" content=\"2024-08-09T20:09:22+00:00\" \/>\n<meta property=\"og:image\" content=\"https:\/\/carsa.ca\/wp-content\/uploads\/2024\/08\/1200px-2019_Chevrolet_Equinox_front_3.24.19.jpg\" \/>\n\t<meta property=\"og:image:width\" content=\"1200\" \/>\n\t<meta property=\"og:image:height\" content=\"685\" \/>\n\t<meta property=\"og:image:type\" content=\"image\/jpeg\" \/>\n<meta name=\"twitter:card\" content=\"summary_large_image\" \/>\n<meta name=\"twitter:label1\" content=\"Dur\u00e9e de lecture estim\u00e9e\" \/>\n\t<meta name=\"twitter:data1\" content=\"1 minute\" \/>\n<script type=\"application\/ld+json\" class=\"yoast-schema-graph\">{\"@context\":\"https:\\\/\\\/schema.org\",\"@graph\":[{\"@type\":\"WebPage\",\"@id\":\"https:\\\/\\\/carsa.ca\\\/product\\\/140w-2016-2018-chevy-cruze-non-projector-led-headlight-bulbs\\\/\",\"url\":\"https:\\\/\\\/carsa.ca\\\/product\\\/140w-2016-2018-chevy-cruze-non-projector-led-headlight-bulbs\\\/\",\"name\":\"(140W) 2016-2018 Chevy Cruze Non-projector LED Headlight Bulbs - Carsa Automotive Lighting System\",\"isPartOf\":{\"@id\":\"https:\\\/\\\/carsa.ca\\\/#website\"},\"primaryImageOfPage\":{\"@id\":\"https:\\\/\\\/carsa.ca\\\/product\\\/140w-2016-2018-chevy-cruze-non-projector-led-headlight-bulbs\\\/#primaryimage\"},\"image\":{\"@id\":\"https:\\\/\\\/carsa.ca\\\/product\\\/140w-2016-2018-chevy-cruze-non-projector-led-headlight-bulbs\\\/#primaryimage\"},\"thumbnailUrl\":\"https:\\\/\\\/carsa.ca\\\/wp-content\\\/uploads\\\/2024\\\/08\\\/1200px-2019_Chevrolet_Equinox_front_3.24.19.jpg\",\"datePublished\":\"2024-08-06T20:24:44+00:00\",\"dateModified\":\"2024-08-09T20:09:22+00:00\",\"description\":\"(140W) 2016-2018 Chevy Cruze Non-projector LED Headlight Bulbs - Carsa Automotive Lighting System - info@carsa.ca\",\"breadcrumb\":{\"@id\":\"https:\\\/\\\/carsa.ca\\\/product\\\/140w-2016-2018-chevy-cruze-non-projector-led-headlight-bulbs\\\/#breadcrumb\"},\"inLanguage\":\"fr-FR\",\"potentialAction\":[{\"@type\":\"ReadAction\",\"target\":[\"https:\\\/\\\/carsa.ca\\\/product\\\/140w-2016-2018-chevy-cruze-non-projector-led-headlight-bulbs\\\/\"]}]},{\"@type\":\"ImageObject\",\"inLanguage\":\"fr-FR\",\"@id\":\"https:\\\/\\\/carsa.ca\\\/product\\\/140w-2016-2018-chevy-cruze-non-projector-led-headlight-bulbs\\\/#primaryimage\",\"url\":\"https:\\\/\\\/carsa.ca\\\/wp-content\\\/uploads\\\/2024\\\/08\\\/1200px-2019_Chevrolet_Equinox_front_3.24.19.jpg\",\"contentUrl\":\"https:\\\/\\\/carsa.ca\\\/wp-content\\\/uploads\\\/2024\\\/08\\\/1200px-2019_Chevrolet_Equinox_front_3.24.19.jpg\",\"width\":1200,\"height\":685},{\"@type\":\"BreadcrumbList\",\"@id\":\"https:\\\/\\\/carsa.ca\\\/product\\\/140w-2016-2018-chevy-cruze-non-projector-led-headlight-bulbs\\\/#breadcrumb\",\"itemListElement\":[{\"@type\":\"ListItem\",\"position\":1,\"name\":\"Home\",\"item\":\"https:\\\/\\\/carsa.ca\\\/\"},{\"@type\":\"ListItem\",\"position\":2,\"name\":\"Shop\",\"item\":\"https:\\\/\\\/carsa.ca\\\/fr\\\/shop\\\/\"},{\"@type\":\"ListItem\",\"position\":3,\"name\":\"(140W) 2016-2018 Chevy Cruze Non-projector LED Headlight Bulbs\"}]},{\"@type\":\"WebSite\",\"@id\":\"https:\\\/\\\/carsa.ca\\\/#website\",\"url\":\"https:\\\/\\\/carsa.ca\\\/\",\"name\":\"Carsa Automotive Lighting System\",\"description\":\"\",\"publisher\":{\"@id\":\"https:\\\/\\\/carsa.ca\\\/#organization\"},\"potentialAction\":[{\"@type\":\"SearchAction\",\"target\":{\"@type\":\"EntryPoint\",\"urlTemplate\":\"https:\\\/\\\/carsa.ca\\\/?s={search_term_string}\"},\"query-input\":{\"@type\":\"PropertyValueSpecification\",\"valueRequired\":true,\"valueName\":\"search_term_string\"}}],\"inLanguage\":\"fr-FR\"},{\"@type\":\"Organization\",\"@id\":\"https:\\\/\\\/carsa.ca\\\/#organization\",\"name\":\"Carsa Automotive Lighting System\",\"url\":\"https:\\\/\\\/carsa.ca\\\/\",\"logo\":{\"@type\":\"ImageObject\",\"inLanguage\":\"fr-FR\",\"@id\":\"https:\\\/\\\/carsa.ca\\\/#\\\/schema\\\/logo\\\/image\\\/\",\"url\":\"https:\\\/\\\/carsa.ca\\\/wp-content\\\/uploads\\\/2024\\\/07\\\/CARSA-LOGO.svg\",\"contentUrl\":\"https:\\\/\\\/carsa.ca\\\/wp-content\\\/uploads\\\/2024\\\/07\\\/CARSA-LOGO.svg\",\"width\":2512,\"height\":504,\"caption\":\"Carsa Automotive Lighting System\"},\"image\":{\"@id\":\"https:\\\/\\\/carsa.ca\\\/#\\\/schema\\\/logo\\\/image\\\/\"}}]}<\/script>\n<!-- \/ Yoast SEO plugin. -->","yoast_head_json":{"title":"Ampoules de phares \u00e0 DEL sans projecteur (140 W) pour Chevrolet Cruze 2016-2018 - Syst\u00e8me d&#039;\u00e9clairage automobile Carsa","description":"Ampoules de phares \u00e0 DEL sans projecteur (140 W) pour Chevrolet Cruze 2016-2018 - Syst\u00e8me d&#039;\u00e9clairage automobile Carsa - info@carsa.ca","robots":{"index":"index","follow":"follow","max-snippet":"max-snippet:-1","max-image-preview":"max-image-preview:large","max-video-preview":"max-video-preview:-1"},"canonical":"https:\/\/carsa.ca\/fr\/produit\/140w-2016-2018-chevy-cruze-non-projector-led-headlight-bulbs\/","og_locale":"fr_FR","og_type":"article","og_title":"(140W) 2016-2018 Chevy Cruze Non-projector LED Headlight Bulbs - Carsa Automotive Lighting System","og_description":"(140W) 2016-2018 Chevy Cruze Non-projector LED Headlight Bulbs - Carsa Automotive Lighting System - info@carsa.ca","og_url":"https:\/\/carsa.ca\/fr\/produit\/140w-2016-2018-chevy-cruze-non-projector-led-headlight-bulbs\/","og_site_name":"Carsa Automotive Lighting System","article_modified_time":"2024-08-09T20:09:22+00:00","og_image":[{"width":1200,"height":685,"url":"https:\/\/carsa.ca\/wp-content\/uploads\/2024\/08\/1200px-2019_Chevrolet_Equinox_front_3.24.19.jpg","type":"image\/jpeg"}],"twitter_card":"summary_large_image","twitter_misc":{"Dur\u00e9e de lecture estim\u00e9e":"1 minute"},"schema":{"@context":"https:\/\/schema.org","@graph":[{"@type":"WebPage","@id":"https:\/\/carsa.ca\/product\/140w-2016-2018-chevy-cruze-non-projector-led-headlight-bulbs\/","url":"https:\/\/carsa.ca\/product\/140w-2016-2018-chevy-cruze-non-projector-led-headlight-bulbs\/","name":"Ampoules de phares \u00e0 DEL sans projecteur (140 W) pour Chevrolet Cruze 2016-2018 - Syst\u00e8me d&#039;\u00e9clairage automobile Carsa","isPartOf":{"@id":"https:\/\/carsa.ca\/#website"},"primaryImageOfPage":{"@id":"https:\/\/carsa.ca\/product\/140w-2016-2018-chevy-cruze-non-projector-led-headlight-bulbs\/#primaryimage"},"image":{"@id":"https:\/\/carsa.ca\/product\/140w-2016-2018-chevy-cruze-non-projector-led-headlight-bulbs\/#primaryimage"},"thumbnailUrl":"https:\/\/carsa.ca\/wp-content\/uploads\/2024\/08\/1200px-2019_Chevrolet_Equinox_front_3.24.19.jpg","datePublished":"2024-08-06T20:24:44+00:00","dateModified":"2024-08-09T20:09:22+00:00","description":"Ampoules de phares \u00e0 DEL sans projecteur (140 W) pour Chevrolet Cruze 2016-2018 - Syst\u00e8me d&#039;\u00e9clairage automobile Carsa - info@carsa.ca","breadcrumb":{"@id":"https:\/\/carsa.ca\/product\/140w-2016-2018-chevy-cruze-non-projector-led-headlight-bulbs\/#breadcrumb"},"inLanguage":"fr-FR","potentialAction":[{"@type":"ReadAction","target":["https:\/\/carsa.ca\/product\/140w-2016-2018-chevy-cruze-non-projector-led-headlight-bulbs\/"]}]},{"@type":"ImageObject","inLanguage":"fr-FR","@id":"https:\/\/carsa.ca\/product\/140w-2016-2018-chevy-cruze-non-projector-led-headlight-bulbs\/#primaryimage","url":"https:\/\/carsa.ca\/wp-content\/uploads\/2024\/08\/1200px-2019_Chevrolet_Equinox_front_3.24.19.jpg","contentUrl":"https:\/\/carsa.ca\/wp-content\/uploads\/2024\/08\/1200px-2019_Chevrolet_Equinox_front_3.24.19.jpg","width":1200,"height":685},{"@type":"BreadcrumbList","@id":"https:\/\/carsa.ca\/product\/140w-2016-2018-chevy-cruze-non-projector-led-headlight-bulbs\/#breadcrumb","itemListElement":[{"@type":"ListItem","position":1,"name":"Home","item":"https:\/\/carsa.ca\/"},{"@type":"ListItem","position":2,"name":"Shop","item":"https:\/\/carsa.ca\/fr\/shop\/"},{"@type":"ListItem","position":3,"name":"(140W) 2016-2018 Chevy Cruze Non-projector LED Headlight Bulbs"}]},{"@type":"WebSite","@id":"https:\/\/carsa.ca\/#website","url":"https:\/\/carsa.ca\/","name":"Syst\u00e8me d&#039;\u00e9clairage automobile Carsa","description":"","publisher":{"@id":"https:\/\/carsa.ca\/#organization"},"potentialAction":[{"@type":"SearchAction","target":{"@type":"EntryPoint","urlTemplate":"https:\/\/carsa.ca\/?s={search_term_string}"},"query-input":{"@type":"PropertyValueSpecification","valueRequired":true,"valueName":"search_term_string"}}],"inLanguage":"fr-FR"},{"@type":"Organization","@id":"https:\/\/carsa.ca\/#organization","name":"Syst\u00e8me d&#039;\u00e9clairage automobile Carsa","url":"https:\/\/carsa.ca\/","logo":{"@type":"ImageObject","inLanguage":"fr-FR","@id":"https:\/\/carsa.ca\/#\/schema\/logo\/image\/","url":"https:\/\/carsa.ca\/wp-content\/uploads\/2024\/07\/CARSA-LOGO.svg","contentUrl":"https:\/\/carsa.ca\/wp-content\/uploads\/2024\/07\/CARSA-LOGO.svg","width":2512,"height":504,"caption":"Carsa Automotive Lighting System"},"image":{"@id":"https:\/\/carsa.ca\/#\/schema\/logo\/image\/"}}]}},"_links":{"self":[{"href":"https:\/\/carsa.ca\/fr\/wp-json\/wp\/v2\/product\/9130","targetHints":{"allow":["GET"]}}],"collection":[{"href":"https:\/\/carsa.ca\/fr\/wp-json\/wp\/v2\/product"}],"about":[{"href":"https:\/\/carsa.ca\/fr\/wp-json\/wp\/v2\/types\/product"}],"wp:featuredmedia":[{"embeddable":true,"href":"https:\/\/carsa.ca\/fr\/wp-json\/wp\/v2\/media\/9145"}],"wp:attachment":[{"href":"https:\/\/carsa.ca\/fr\/wp-json\/wp\/v2\/media?parent=9130"}],"wp:term":[{"taxonomy":"product_brand","embeddable":true,"href":"https:\/\/carsa.ca\/fr\/wp-json\/wp\/v2\/product_brand?post=9130"},{"taxonomy":"product_cat","embeddable":true,"href":"https:\/\/carsa.ca\/fr\/wp-json\/wp\/v2\/product_cat?post=9130"},{"taxonomy":"product_tag","embeddable":true,"href":"https:\/\/carsa.ca\/fr\/wp-json\/wp\/v2\/product_tag?post=9130"}],"curies":[{"name":"wp","href":"https:\/\/api.w.org\/{rel}","templated":true}]}}