{"id":9133,"date":"2024-08-06T20:24:44","date_gmt":"2024-08-06T20:24:44","guid":{"rendered":"https:\/\/demotasarim.online\/?post_type=product&#038;p=9133"},"modified":"2024-08-09T20:08:45","modified_gmt":"2024-08-09T20:08:45","slug":"2007-2020-chevrolet-silverado-2500hd-led-headlight-bulbs-100w-20000lm-2-bulbs","status":"publish","type":"product","link":"https:\/\/carsa.ca\/fr\/produit\/2007-2020-chevrolet-silverado-2500hd-led-headlight-bulbs-100w-20000lm-2-bulbs\/","title":{"rendered":"Ampoules de phares \u00e0 DEL 2500HD 2007-2020 Chevrolet Silverado 100W 20 000LM | 2 ampoules"},"content":{"rendered":"<p>Si vous recherchez les ampoules de phares LED les plus lumineuses pour votre Silverado 2500 HD, vous \u00eates au bon endroit. Avec ces ampoules de phares LED de 100 watts et 20 000 lumens, vos phares Silverado 2500HD seront 3 fois plus lumineux !<\/p>\n<div id=\"gap-1220549950\" class=\"gap-element clearfix\"><\/div>\n<h3>Ampoules de phares \u00e0 DEL pour Silverado 2500HD 2007-2020<\/h3>\n<ul>\n<li>Feux de croisement \u2013 Ampoule LED H11<\/li>\n<li>Feux de route \u2013 Ampoule LED 9005<\/li>\n<li>Feu antibrouillard \u2013 Ampoule LED 5202<\/li>\n<\/ul>","protected":false},"excerpt":{"rendered":"<p>If you are looking for the brightest LED headlight bulbs for your Silverado 2500 HD, then you are at the right place. With these 100 Watts 20,000 lumens led headlight bulbs, your Silverado 2500HD headlights will be 3 x brighter! 2007-2020 Silverado 2500HD LED Headlight Bulbs Low Beam &#8211; H11 LED Bulb High Beam &#8211; [&hellip;]<\/p>\n","protected":false},"featured_media":9169,"template":"","meta":[],"product_brand":[],"product_cat":[369],"product_tag":[395,396,370,371,372,397,398,399,373,400,401,374,375,376,402],"class_list":{"0":"post-9133","1":"product","2":"type-product","3":"status-publish","4":"has-post-thumbnail","6":"product_cat-silverado","7":"product_tag-140w-chevrolet-silverado-2500hd-led-headlight-bulbs-2007-2020","8":"product_tag-140w-chevroletsilverado-2500hd-led-headlight-bulbs-2007-2020","9":"product_tag-chevrolet-silverado","10":"product_tag-chevrolet-silverado-2500-hd-led","11":"product_tag-chevrolet-silverado-2500-hd-led-headlight-bulbs","12":"product_tag-chevrolet-silverado-2500hd-led-headlight-bulbs","13":"product_tag-chevrolet-silverado-bulbs","14":"product_tag-chevrolet-silverado-led-headlight-bulbs","15":"product_tag-chevy-silverado","16":"product_tag-hevrolet-silverado-2500hd-led-headlight","17":"product_tag-hevrolet-silverado-2500hd-led-headlight-bulbs","18":"product_tag-if-you-are-looking-for-the-brightest-led-headlight-bulbs-for-your-silverado-2500-hd","19":"product_tag-then-you-are-at-the-right-place-with-these-140-watts-16800-lumens-led-headlight-bulbs","20":"product_tag-your-silverado-2500-hd-headlights-will-be-600-brighter-2001-2006-silverado-2500-hd-led-headlight-bulbs-low-beam-9006-led-bulb-high-beam-9005-led-bulb","21":"product_tag-your-silverado-2500hd-headlights-will-be-600-brighter-2007-2020-silverado-2500hd-led-headlight-bulbs-low-beam-h11-led-bulb-high-beam-9005-led-bulb-fog-light-5202-led-bulb","22":"product_shipping_class-standart","24":"first","25":"instock","26":"sale","27":"taxable","28":"shipping-taxable","29":"purchasable","30":"product-type-simple","31":"add-to-wishlist-after_add_to_cart"},"yoast_head":"<!-- This site is optimized with the Yoast SEO plugin v27.4 - https:\/\/yoast.com\/product\/yoast-seo-wordpress\/ -->\n<title>2007-2020 Chevrolet Silverado 2500HD LED Headlight Bulbs 100W 20,000LM | 2 bulbs - Carsa Automotive Lighting System<\/title>\n<meta name=\"description\" content=\"2007-2020 Chevrolet Silverado 2500HD LED Headlight Bulbs 100W 20,000LM | 2 bulbs - 2007-2020 Chevrolet Silverado 2500HD LED Headlight Bulbs 100W 20,000LM | 2 bulbs - info@carsa.ca\" \/>\n<meta name=\"robots\" content=\"index, follow, max-snippet:-1, max-image-preview:large, max-video-preview:-1\" \/>\n<link rel=\"canonical\" href=\"https:\/\/carsa.ca\/fr\/produit\/2007-2020-chevrolet-silverado-2500hd-led-headlight-bulbs-100w-20000lm-2-bulbs\/\" \/>\n<meta property=\"og:locale\" content=\"fr_FR\" \/>\n<meta property=\"og:type\" content=\"article\" \/>\n<meta property=\"og:title\" content=\"2007-2020 Chevrolet Silverado 2500HD LED Headlight Bulbs 100W 20,000LM | 2 bulbs - Carsa Automotive Lighting System\" \/>\n<meta property=\"og:description\" content=\"2007-2020 Chevrolet Silverado 2500HD LED Headlight Bulbs 100W 20,000LM | 2 bulbs - 2007-2020 Chevrolet Silverado 2500HD LED Headlight Bulbs 100W 20,000LM | 2 bulbs - info@carsa.ca\" \/>\n<meta property=\"og:url\" content=\"https:\/\/carsa.ca\/fr\/produit\/2007-2020-chevrolet-silverado-2500hd-led-headlight-bulbs-100w-20000lm-2-bulbs\/\" \/>\n<meta property=\"og:site_name\" content=\"Carsa Automotive Lighting System\" \/>\n<meta property=\"article:modified_time\" content=\"2024-08-09T20:08:45+00:00\" \/>\n<meta property=\"og:image\" content=\"https:\/\/carsa.ca\/wp-content\/uploads\/2024\/08\/chevy-silverado-2020.jpg\" \/>\n\t<meta property=\"og:image:width\" content=\"640\" \/>\n\t<meta property=\"og:image:height\" content=\"479\" \/>\n\t<meta property=\"og:image:type\" content=\"image\/jpeg\" \/>\n<meta name=\"twitter:card\" content=\"summary_large_image\" \/>\n<meta name=\"twitter:label1\" content=\"Dur\u00e9e de lecture estim\u00e9e\" \/>\n\t<meta name=\"twitter:data1\" content=\"1 minute\" \/>\n<script type=\"application\/ld+json\" class=\"yoast-schema-graph\">{\"@context\":\"https:\\\/\\\/schema.org\",\"@graph\":[{\"@type\":\"WebPage\",\"@id\":\"https:\\\/\\\/carsa.ca\\\/product\\\/2007-2020-chevrolet-silverado-2500hd-led-headlight-bulbs-100w-20000lm-2-bulbs\\\/\",\"url\":\"https:\\\/\\\/carsa.ca\\\/product\\\/2007-2020-chevrolet-silverado-2500hd-led-headlight-bulbs-100w-20000lm-2-bulbs\\\/\",\"name\":\"2007-2020 Chevrolet Silverado 2500HD LED Headlight Bulbs 100W 20,000LM | 2 bulbs - Carsa Automotive Lighting System\",\"isPartOf\":{\"@id\":\"https:\\\/\\\/carsa.ca\\\/#website\"},\"primaryImageOfPage\":{\"@id\":\"https:\\\/\\\/carsa.ca\\\/product\\\/2007-2020-chevrolet-silverado-2500hd-led-headlight-bulbs-100w-20000lm-2-bulbs\\\/#primaryimage\"},\"image\":{\"@id\":\"https:\\\/\\\/carsa.ca\\\/product\\\/2007-2020-chevrolet-silverado-2500hd-led-headlight-bulbs-100w-20000lm-2-bulbs\\\/#primaryimage\"},\"thumbnailUrl\":\"https:\\\/\\\/carsa.ca\\\/wp-content\\\/uploads\\\/2024\\\/08\\\/chevy-silverado-2020.jpg\",\"datePublished\":\"2024-08-06T20:24:44+00:00\",\"dateModified\":\"2024-08-09T20:08:45+00:00\",\"description\":\"2007-2020 Chevrolet Silverado 2500HD LED Headlight Bulbs 100W 20,000LM | 2 bulbs - 2007-2020 Chevrolet Silverado 2500HD LED Headlight Bulbs 100W 20,000LM | 2 bulbs - info@carsa.ca\",\"breadcrumb\":{\"@id\":\"https:\\\/\\\/carsa.ca\\\/product\\\/2007-2020-chevrolet-silverado-2500hd-led-headlight-bulbs-100w-20000lm-2-bulbs\\\/#breadcrumb\"},\"inLanguage\":\"fr-FR\",\"potentialAction\":[{\"@type\":\"ReadAction\",\"target\":[\"https:\\\/\\\/carsa.ca\\\/product\\\/2007-2020-chevrolet-silverado-2500hd-led-headlight-bulbs-100w-20000lm-2-bulbs\\\/\"]}]},{\"@type\":\"ImageObject\",\"inLanguage\":\"fr-FR\",\"@id\":\"https:\\\/\\\/carsa.ca\\\/product\\\/2007-2020-chevrolet-silverado-2500hd-led-headlight-bulbs-100w-20000lm-2-bulbs\\\/#primaryimage\",\"url\":\"https:\\\/\\\/carsa.ca\\\/wp-content\\\/uploads\\\/2024\\\/08\\\/chevy-silverado-2020.jpg\",\"contentUrl\":\"https:\\\/\\\/carsa.ca\\\/wp-content\\\/uploads\\\/2024\\\/08\\\/chevy-silverado-2020.jpg\",\"width\":640,\"height\":479},{\"@type\":\"BreadcrumbList\",\"@id\":\"https:\\\/\\\/carsa.ca\\\/product\\\/2007-2020-chevrolet-silverado-2500hd-led-headlight-bulbs-100w-20000lm-2-bulbs\\\/#breadcrumb\",\"itemListElement\":[{\"@type\":\"ListItem\",\"position\":1,\"name\":\"Home\",\"item\":\"https:\\\/\\\/carsa.ca\\\/\"},{\"@type\":\"ListItem\",\"position\":2,\"name\":\"Shop\",\"item\":\"https:\\\/\\\/carsa.ca\\\/fr\\\/shop\\\/\"},{\"@type\":\"ListItem\",\"position\":3,\"name\":\"2007-2020 Chevrolet Silverado 2500HD LED Headlight Bulbs 100W 20,000LM | 2 bulbs\"}]},{\"@type\":\"WebSite\",\"@id\":\"https:\\\/\\\/carsa.ca\\\/#website\",\"url\":\"https:\\\/\\\/carsa.ca\\\/\",\"name\":\"Carsa Automotive Lighting System\",\"description\":\"\",\"publisher\":{\"@id\":\"https:\\\/\\\/carsa.ca\\\/#organization\"},\"potentialAction\":[{\"@type\":\"SearchAction\",\"target\":{\"@type\":\"EntryPoint\",\"urlTemplate\":\"https:\\\/\\\/carsa.ca\\\/?s={search_term_string}\"},\"query-input\":{\"@type\":\"PropertyValueSpecification\",\"valueRequired\":true,\"valueName\":\"search_term_string\"}}],\"inLanguage\":\"fr-FR\"},{\"@type\":\"Organization\",\"@id\":\"https:\\\/\\\/carsa.ca\\\/#organization\",\"name\":\"Carsa Automotive Lighting System\",\"url\":\"https:\\\/\\\/carsa.ca\\\/\",\"logo\":{\"@type\":\"ImageObject\",\"inLanguage\":\"fr-FR\",\"@id\":\"https:\\\/\\\/carsa.ca\\\/#\\\/schema\\\/logo\\\/image\\\/\",\"url\":\"https:\\\/\\\/carsa.ca\\\/wp-content\\\/uploads\\\/2024\\\/07\\\/CARSA-LOGO.svg\",\"contentUrl\":\"https:\\\/\\\/carsa.ca\\\/wp-content\\\/uploads\\\/2024\\\/07\\\/CARSA-LOGO.svg\",\"width\":2512,\"height\":504,\"caption\":\"Carsa Automotive Lighting System\"},\"image\":{\"@id\":\"https:\\\/\\\/carsa.ca\\\/#\\\/schema\\\/logo\\\/image\\\/\"}}]}<\/script>\n<!-- \/ Yoast SEO plugin. -->","yoast_head_json":{"title":"Ampoules de phares LED 100 W 20\u00a0000 lm (2 ampoules) pour Chevrolet Silverado 2500HD (2007-2020) - Syst\u00e8me d&#039;\u00e9clairage automobile Carsa","description":"Ampoules de phares \u00e0 DEL 100 W 20\u00a0000 lm pour Chevrolet Silverado 2500HD (2007-2020) | 2 ampoules - info@carsa.ca","robots":{"index":"index","follow":"follow","max-snippet":"max-snippet:-1","max-image-preview":"max-image-preview:large","max-video-preview":"max-video-preview:-1"},"canonical":"https:\/\/carsa.ca\/fr\/produit\/2007-2020-chevrolet-silverado-2500hd-led-headlight-bulbs-100w-20000lm-2-bulbs\/","og_locale":"fr_FR","og_type":"article","og_title":"2007-2020 Chevrolet Silverado 2500HD LED Headlight Bulbs 100W 20,000LM | 2 bulbs - Carsa Automotive Lighting System","og_description":"2007-2020 Chevrolet Silverado 2500HD LED Headlight Bulbs 100W 20,000LM | 2 bulbs - 2007-2020 Chevrolet Silverado 2500HD LED Headlight Bulbs 100W 20,000LM | 2 bulbs - info@carsa.ca","og_url":"https:\/\/carsa.ca\/fr\/produit\/2007-2020-chevrolet-silverado-2500hd-led-headlight-bulbs-100w-20000lm-2-bulbs\/","og_site_name":"Carsa Automotive Lighting System","article_modified_time":"2024-08-09T20:08:45+00:00","og_image":[{"width":640,"height":479,"url":"https:\/\/carsa.ca\/wp-content\/uploads\/2024\/08\/chevy-silverado-2020.jpg","type":"image\/jpeg"}],"twitter_card":"summary_large_image","twitter_misc":{"Dur\u00e9e de lecture estim\u00e9e":"1 minute"},"schema":{"@context":"https:\/\/schema.org","@graph":[{"@type":"WebPage","@id":"https:\/\/carsa.ca\/product\/2007-2020-chevrolet-silverado-2500hd-led-headlight-bulbs-100w-20000lm-2-bulbs\/","url":"https:\/\/carsa.ca\/product\/2007-2020-chevrolet-silverado-2500hd-led-headlight-bulbs-100w-20000lm-2-bulbs\/","name":"Ampoules de phares LED 100 W 20\u00a0000 lm (2 ampoules) pour Chevrolet Silverado 2500HD (2007-2020) - Syst\u00e8me d&#039;\u00e9clairage automobile Carsa","isPartOf":{"@id":"https:\/\/carsa.ca\/#website"},"primaryImageOfPage":{"@id":"https:\/\/carsa.ca\/product\/2007-2020-chevrolet-silverado-2500hd-led-headlight-bulbs-100w-20000lm-2-bulbs\/#primaryimage"},"image":{"@id":"https:\/\/carsa.ca\/product\/2007-2020-chevrolet-silverado-2500hd-led-headlight-bulbs-100w-20000lm-2-bulbs\/#primaryimage"},"thumbnailUrl":"https:\/\/carsa.ca\/wp-content\/uploads\/2024\/08\/chevy-silverado-2020.jpg","datePublished":"2024-08-06T20:24:44+00:00","dateModified":"2024-08-09T20:08:45+00:00","description":"Ampoules de phares \u00e0 DEL 100 W 20\u00a0000 lm pour Chevrolet Silverado 2500HD (2007-2020) | 2 ampoules - info@carsa.ca","breadcrumb":{"@id":"https:\/\/carsa.ca\/product\/2007-2020-chevrolet-silverado-2500hd-led-headlight-bulbs-100w-20000lm-2-bulbs\/#breadcrumb"},"inLanguage":"fr-FR","potentialAction":[{"@type":"ReadAction","target":["https:\/\/carsa.ca\/product\/2007-2020-chevrolet-silverado-2500hd-led-headlight-bulbs-100w-20000lm-2-bulbs\/"]}]},{"@type":"ImageObject","inLanguage":"fr-FR","@id":"https:\/\/carsa.ca\/product\/2007-2020-chevrolet-silverado-2500hd-led-headlight-bulbs-100w-20000lm-2-bulbs\/#primaryimage","url":"https:\/\/carsa.ca\/wp-content\/uploads\/2024\/08\/chevy-silverado-2020.jpg","contentUrl":"https:\/\/carsa.ca\/wp-content\/uploads\/2024\/08\/chevy-silverado-2020.jpg","width":640,"height":479},{"@type":"BreadcrumbList","@id":"https:\/\/carsa.ca\/product\/2007-2020-chevrolet-silverado-2500hd-led-headlight-bulbs-100w-20000lm-2-bulbs\/#breadcrumb","itemListElement":[{"@type":"ListItem","position":1,"name":"Home","item":"https:\/\/carsa.ca\/"},{"@type":"ListItem","position":2,"name":"Shop","item":"https:\/\/carsa.ca\/fr\/shop\/"},{"@type":"ListItem","position":3,"name":"2007-2020 Chevrolet Silverado 2500HD LED Headlight Bulbs 100W 20,000LM | 2 bulbs"}]},{"@type":"WebSite","@id":"https:\/\/carsa.ca\/#website","url":"https:\/\/carsa.ca\/","name":"Syst\u00e8me d&#039;\u00e9clairage automobile Carsa","description":"","publisher":{"@id":"https:\/\/carsa.ca\/#organization"},"potentialAction":[{"@type":"SearchAction","target":{"@type":"EntryPoint","urlTemplate":"https:\/\/carsa.ca\/?s={search_term_string}"},"query-input":{"@type":"PropertyValueSpecification","valueRequired":true,"valueName":"search_term_string"}}],"inLanguage":"fr-FR"},{"@type":"Organization","@id":"https:\/\/carsa.ca\/#organization","name":"Syst\u00e8me d&#039;\u00e9clairage automobile Carsa","url":"https:\/\/carsa.ca\/","logo":{"@type":"ImageObject","inLanguage":"fr-FR","@id":"https:\/\/carsa.ca\/#\/schema\/logo\/image\/","url":"https:\/\/carsa.ca\/wp-content\/uploads\/2024\/07\/CARSA-LOGO.svg","contentUrl":"https:\/\/carsa.ca\/wp-content\/uploads\/2024\/07\/CARSA-LOGO.svg","width":2512,"height":504,"caption":"Carsa Automotive Lighting System"},"image":{"@id":"https:\/\/carsa.ca\/#\/schema\/logo\/image\/"}}]}},"_links":{"self":[{"href":"https:\/\/carsa.ca\/fr\/wp-json\/wp\/v2\/product\/9133","targetHints":{"allow":["GET"]}}],"collection":[{"href":"https:\/\/carsa.ca\/fr\/wp-json\/wp\/v2\/product"}],"about":[{"href":"https:\/\/carsa.ca\/fr\/wp-json\/wp\/v2\/types\/product"}],"wp:featuredmedia":[{"embeddable":true,"href":"https:\/\/carsa.ca\/fr\/wp-json\/wp\/v2\/media\/9169"}],"wp:attachment":[{"href":"https:\/\/carsa.ca\/fr\/wp-json\/wp\/v2\/media?parent=9133"}],"wp:term":[{"taxonomy":"product_brand","embeddable":true,"href":"https:\/\/carsa.ca\/fr\/wp-json\/wp\/v2\/product_brand?post=9133"},{"taxonomy":"product_cat","embeddable":true,"href":"https:\/\/carsa.ca\/fr\/wp-json\/wp\/v2\/product_cat?post=9133"},{"taxonomy":"product_tag","embeddable":true,"href":"https:\/\/carsa.ca\/fr\/wp-json\/wp\/v2\/product_tag?post=9133"}],"curies":[{"name":"wp","href":"https:\/\/api.w.org\/{rel}","templated":true}]}}