{"id":9134,"date":"2024-08-06T20:24:44","date_gmt":"2024-08-06T20:24:44","guid":{"rendered":"https:\/\/demotasarim.online\/?post_type=product&#038;p=9134"},"modified":"2024-08-26T22:04:37","modified_gmt":"2024-08-26T22:04:37","slug":"60w-1992-2003-ford-f150-led-headlight-bulb","status":"publish","type":"product","link":"https:\/\/carsa.ca\/fr\/produit\/60w-1992-2003-ford-f150-led-headlight-bulb\/","title":{"rendered":"Ampoule de phare \u00e0 LED (60 W) pour Ford F150 1992-2003"},"content":{"rendered":"<p>Am\u00e9liorez les phares de votre Ford F150 1992-2003 avec l&#039;ampoule LED Carsa ! Les ampoules antibrouillard LED pour phares Ford F150 sont un excellent moyen d&#039;augmenter la visibilit\u00e9 nocturne.<\/p>\n<div id=\"gap-1824356264\" class=\"gap-element clearfix\"><\/div>\n<h3>Ampoule de phare \u00e0 LED pour Ford F150 1992-2003<\/h3>\n<ul>\n<li><a href=\"https:\/\/carsa.ca\/fr\/produit\/9007-led-hb5-head-lights-day-time-running-lights-white-6000k-2-bulbs\/\">Feux de route et de croisement \u2013 Ampoule LED 9007<\/a><\/li>\n<\/ul>\n<div id=\"row-728885145\" class=\"row row-small\">\n<div id=\"col-1417290019\" class=\"col small-12 large-12\">\n<div class=\"col-inner\">\n<p>L&#039;ampoule LED Carsa 9007 est dot\u00e9e d&#039;un design tout-en-un, presque de la m\u00eame taille que les ampoules halog\u00e8nes, mais 300% plus lumineuse que les phares halog\u00e8nes. Pour un look haut de gamme moderne, personnalisez votre voiture avec les ampoules de phares LED Carsa 9007.<\/p>\n<\/div>\n<\/div>\n<\/div>","protected":false},"excerpt":{"rendered":"<p>Upgrade the headlight on your 1992-2003 Ford F150 with Carsa LED bulb! Ford F150 LED headlight fog light bulbs are a great way to increase nighttime visibility. 1992-2003 Ford F150 LED Headlight Bulb High Low Beam &#8211; 9007 LED Bulb Carsa 9007 LED bulb is with a total all-in-one design, almost the same size as [&hellip;]<\/p>\n","protected":false},"featured_media":9170,"template":"","meta":[],"product_brand":[],"product_cat":[404,403],"product_tag":[405,406,407,408],"class_list":{"0":"post-9134","1":"product","2":"type-product","3":"status-publish","4":"has-post-thumbnail","6":"product_cat-f150","7":"product_cat-for-ford","8":"product_tag-for-ford-f150-bulbs","9":"product_tag-ford-f150-bulbs","10":"product_tag-ford-f150-headlights-bulb","11":"product_tag-ford-f150-led-headlight-bulbs","12":"product_shipping_class-standart","14":"first","15":"instock","16":"sale","17":"taxable","18":"shipping-taxable","19":"purchasable","20":"product-type-simple","21":"add-to-wishlist-after_add_to_cart"},"yoast_head":"<!-- This site is optimized with the Yoast SEO plugin v27.3 - https:\/\/yoast.com\/product\/yoast-seo-wordpress\/ -->\n<title>(60W) 1992-2003 Ford F150 LED Headlight Bulb - Carsa Automotive Lighting System<\/title>\n<meta name=\"description\" content=\"(60W) 1992-2003 Ford F150 LED Headlight Bulb - (60W) 1992-2003 Ford F150 LED Headlight Bulb - info@carsa.ca\" \/>\n<meta name=\"robots\" content=\"index, follow, max-snippet:-1, max-image-preview:large, max-video-preview:-1\" \/>\n<link rel=\"canonical\" href=\"https:\/\/carsa.ca\/fr\/produit\/60w-1992-2003-ford-f150-led-headlight-bulb\/\" \/>\n<meta property=\"og:locale\" content=\"fr_FR\" \/>\n<meta property=\"og:type\" content=\"article\" \/>\n<meta property=\"og:title\" content=\"(60W) 1992-2003 Ford F150 LED Headlight Bulb - Carsa Automotive Lighting System\" \/>\n<meta property=\"og:description\" content=\"(60W) 1992-2003 Ford F150 LED Headlight Bulb - (60W) 1992-2003 Ford F150 LED Headlight Bulb - info@carsa.ca\" \/>\n<meta property=\"og:url\" content=\"https:\/\/carsa.ca\/fr\/produit\/60w-1992-2003-ford-f150-led-headlight-bulb\/\" \/>\n<meta property=\"og:site_name\" content=\"Carsa Automotive Lighting System\" \/>\n<meta property=\"article:modified_time\" content=\"2024-08-26T22:04:37+00:00\" \/>\n<meta property=\"og:image\" content=\"https:\/\/carsa.ca\/wp-content\/uploads\/2024\/08\/f150-1993.jpg\" \/>\n\t<meta property=\"og:image:width\" content=\"1280\" \/>\n\t<meta property=\"og:image:height\" content=\"720\" \/>\n\t<meta property=\"og:image:type\" content=\"image\/jpeg\" \/>\n<meta name=\"twitter:card\" content=\"summary_large_image\" \/>\n<meta name=\"twitter:label1\" content=\"Dur\u00e9e de lecture estim\u00e9e\" \/>\n\t<meta name=\"twitter:data1\" content=\"1 minute\" \/>\n<script type=\"application\/ld+json\" class=\"yoast-schema-graph\">{\"@context\":\"https:\\\/\\\/schema.org\",\"@graph\":[{\"@type\":\"WebPage\",\"@id\":\"https:\\\/\\\/carsa.ca\\\/product\\\/60w-1992-2003-ford-f150-led-headlight-bulb\\\/\",\"url\":\"https:\\\/\\\/carsa.ca\\\/product\\\/60w-1992-2003-ford-f150-led-headlight-bulb\\\/\",\"name\":\"(60W) 1992-2003 Ford F150 LED Headlight Bulb - Carsa Automotive Lighting System\",\"isPartOf\":{\"@id\":\"https:\\\/\\\/carsa.ca\\\/#website\"},\"primaryImageOfPage\":{\"@id\":\"https:\\\/\\\/carsa.ca\\\/product\\\/60w-1992-2003-ford-f150-led-headlight-bulb\\\/#primaryimage\"},\"image\":{\"@id\":\"https:\\\/\\\/carsa.ca\\\/product\\\/60w-1992-2003-ford-f150-led-headlight-bulb\\\/#primaryimage\"},\"thumbnailUrl\":\"https:\\\/\\\/carsa.ca\\\/wp-content\\\/uploads\\\/2024\\\/08\\\/f150-1993.jpg\",\"datePublished\":\"2024-08-06T20:24:44+00:00\",\"dateModified\":\"2024-08-26T22:04:37+00:00\",\"description\":\"(60W) 1992-2003 Ford F150 LED Headlight Bulb - (60W) 1992-2003 Ford F150 LED Headlight Bulb - info@carsa.ca\",\"breadcrumb\":{\"@id\":\"https:\\\/\\\/carsa.ca\\\/product\\\/60w-1992-2003-ford-f150-led-headlight-bulb\\\/#breadcrumb\"},\"inLanguage\":\"fr-FR\",\"potentialAction\":[{\"@type\":\"ReadAction\",\"target\":[\"https:\\\/\\\/carsa.ca\\\/product\\\/60w-1992-2003-ford-f150-led-headlight-bulb\\\/\"]}]},{\"@type\":\"ImageObject\",\"inLanguage\":\"fr-FR\",\"@id\":\"https:\\\/\\\/carsa.ca\\\/product\\\/60w-1992-2003-ford-f150-led-headlight-bulb\\\/#primaryimage\",\"url\":\"https:\\\/\\\/carsa.ca\\\/wp-content\\\/uploads\\\/2024\\\/08\\\/f150-1993.jpg\",\"contentUrl\":\"https:\\\/\\\/carsa.ca\\\/wp-content\\\/uploads\\\/2024\\\/08\\\/f150-1993.jpg\",\"width\":1280,\"height\":720},{\"@type\":\"BreadcrumbList\",\"@id\":\"https:\\\/\\\/carsa.ca\\\/product\\\/60w-1992-2003-ford-f150-led-headlight-bulb\\\/#breadcrumb\",\"itemListElement\":[{\"@type\":\"ListItem\",\"position\":1,\"name\":\"Home\",\"item\":\"https:\\\/\\\/carsa.ca\\\/\"},{\"@type\":\"ListItem\",\"position\":2,\"name\":\"Shop\",\"item\":\"https:\\\/\\\/carsa.ca\\\/fr\\\/shop\\\/\"},{\"@type\":\"ListItem\",\"position\":3,\"name\":\"(60W) 1992-2003 Ford F150 LED Headlight Bulb\"}]},{\"@type\":\"WebSite\",\"@id\":\"https:\\\/\\\/carsa.ca\\\/#website\",\"url\":\"https:\\\/\\\/carsa.ca\\\/\",\"name\":\"Carsa Automotive Lighting System\",\"description\":\"\",\"publisher\":{\"@id\":\"https:\\\/\\\/carsa.ca\\\/#organization\"},\"potentialAction\":[{\"@type\":\"SearchAction\",\"target\":{\"@type\":\"EntryPoint\",\"urlTemplate\":\"https:\\\/\\\/carsa.ca\\\/?s={search_term_string}\"},\"query-input\":{\"@type\":\"PropertyValueSpecification\",\"valueRequired\":true,\"valueName\":\"search_term_string\"}}],\"inLanguage\":\"fr-FR\"},{\"@type\":\"Organization\",\"@id\":\"https:\\\/\\\/carsa.ca\\\/#organization\",\"name\":\"Carsa Automotive Lighting System\",\"url\":\"https:\\\/\\\/carsa.ca\\\/\",\"logo\":{\"@type\":\"ImageObject\",\"inLanguage\":\"fr-FR\",\"@id\":\"https:\\\/\\\/carsa.ca\\\/#\\\/schema\\\/logo\\\/image\\\/\",\"url\":\"https:\\\/\\\/carsa.ca\\\/wp-content\\\/uploads\\\/2024\\\/07\\\/CARSA-LOGO.svg\",\"contentUrl\":\"https:\\\/\\\/carsa.ca\\\/wp-content\\\/uploads\\\/2024\\\/07\\\/CARSA-LOGO.svg\",\"width\":2512,\"height\":504,\"caption\":\"Carsa Automotive Lighting System\"},\"image\":{\"@id\":\"https:\\\/\\\/carsa.ca\\\/#\\\/schema\\\/logo\\\/image\\\/\"}}]}<\/script>\n<!-- \/ Yoast SEO plugin. -->","yoast_head_json":{"title":"(60W) 1992-2003 Ford F150 LED Headlight Bulb - Carsa Automotive Lighting System","description":"(60W) 1992-2003 Ford F150 LED Headlight Bulb - (60W) 1992-2003 Ford F150 LED Headlight Bulb - info@carsa.ca","robots":{"index":"index","follow":"follow","max-snippet":"max-snippet:-1","max-image-preview":"max-image-preview:large","max-video-preview":"max-video-preview:-1"},"canonical":"https:\/\/carsa.ca\/fr\/produit\/60w-1992-2003-ford-f150-led-headlight-bulb\/","og_locale":"fr_FR","og_type":"article","og_title":"(60W) 1992-2003 Ford F150 LED Headlight Bulb - Carsa Automotive Lighting System","og_description":"(60W) 1992-2003 Ford F150 LED Headlight Bulb - (60W) 1992-2003 Ford F150 LED Headlight Bulb - info@carsa.ca","og_url":"https:\/\/carsa.ca\/fr\/produit\/60w-1992-2003-ford-f150-led-headlight-bulb\/","og_site_name":"Carsa Automotive Lighting System","article_modified_time":"2024-08-26T22:04:37+00:00","og_image":[{"width":1280,"height":720,"url":"https:\/\/carsa.ca\/wp-content\/uploads\/2024\/08\/f150-1993.jpg","type":"image\/jpeg"}],"twitter_card":"summary_large_image","twitter_misc":{"Dur\u00e9e de lecture estim\u00e9e":"1 minute"},"schema":{"@context":"https:\/\/schema.org","@graph":[{"@type":"WebPage","@id":"https:\/\/carsa.ca\/product\/60w-1992-2003-ford-f150-led-headlight-bulb\/","url":"https:\/\/carsa.ca\/product\/60w-1992-2003-ford-f150-led-headlight-bulb\/","name":"(60W) 1992-2003 Ford F150 LED Headlight Bulb - Carsa Automotive Lighting System","isPartOf":{"@id":"https:\/\/carsa.ca\/#website"},"primaryImageOfPage":{"@id":"https:\/\/carsa.ca\/product\/60w-1992-2003-ford-f150-led-headlight-bulb\/#primaryimage"},"image":{"@id":"https:\/\/carsa.ca\/product\/60w-1992-2003-ford-f150-led-headlight-bulb\/#primaryimage"},"thumbnailUrl":"https:\/\/carsa.ca\/wp-content\/uploads\/2024\/08\/f150-1993.jpg","datePublished":"2024-08-06T20:24:44+00:00","dateModified":"2024-08-26T22:04:37+00:00","description":"(60W) 1992-2003 Ford F150 LED Headlight Bulb - (60W) 1992-2003 Ford F150 LED Headlight Bulb - info@carsa.ca","breadcrumb":{"@id":"https:\/\/carsa.ca\/product\/60w-1992-2003-ford-f150-led-headlight-bulb\/#breadcrumb"},"inLanguage":"fr-FR","potentialAction":[{"@type":"ReadAction","target":["https:\/\/carsa.ca\/product\/60w-1992-2003-ford-f150-led-headlight-bulb\/"]}]},{"@type":"ImageObject","inLanguage":"fr-FR","@id":"https:\/\/carsa.ca\/product\/60w-1992-2003-ford-f150-led-headlight-bulb\/#primaryimage","url":"https:\/\/carsa.ca\/wp-content\/uploads\/2024\/08\/f150-1993.jpg","contentUrl":"https:\/\/carsa.ca\/wp-content\/uploads\/2024\/08\/f150-1993.jpg","width":1280,"height":720},{"@type":"BreadcrumbList","@id":"https:\/\/carsa.ca\/product\/60w-1992-2003-ford-f150-led-headlight-bulb\/#breadcrumb","itemListElement":[{"@type":"ListItem","position":1,"name":"Home","item":"https:\/\/carsa.ca\/"},{"@type":"ListItem","position":2,"name":"Shop","item":"https:\/\/carsa.ca\/fr\/shop\/"},{"@type":"ListItem","position":3,"name":"(60W) 1992-2003 Ford F150 LED Headlight Bulb"}]},{"@type":"WebSite","@id":"https:\/\/carsa.ca\/#website","url":"https:\/\/carsa.ca\/","name":"Syst\u00e8me d&#039;\u00e9clairage automobile Carsa","description":"","publisher":{"@id":"https:\/\/carsa.ca\/#organization"},"potentialAction":[{"@type":"SearchAction","target":{"@type":"EntryPoint","urlTemplate":"https:\/\/carsa.ca\/?s={search_term_string}"},"query-input":{"@type":"PropertyValueSpecification","valueRequired":true,"valueName":"search_term_string"}}],"inLanguage":"fr-FR"},{"@type":"Organization","@id":"https:\/\/carsa.ca\/#organization","name":"Syst\u00e8me d&#039;\u00e9clairage automobile Carsa","url":"https:\/\/carsa.ca\/","logo":{"@type":"ImageObject","inLanguage":"fr-FR","@id":"https:\/\/carsa.ca\/#\/schema\/logo\/image\/","url":"https:\/\/carsa.ca\/wp-content\/uploads\/2024\/07\/CARSA-LOGO.svg","contentUrl":"https:\/\/carsa.ca\/wp-content\/uploads\/2024\/07\/CARSA-LOGO.svg","width":2512,"height":504,"caption":"Carsa Automotive Lighting System"},"image":{"@id":"https:\/\/carsa.ca\/#\/schema\/logo\/image\/"}}]}},"_links":{"self":[{"href":"https:\/\/carsa.ca\/fr\/wp-json\/wp\/v2\/product\/9134","targetHints":{"allow":["GET"]}}],"collection":[{"href":"https:\/\/carsa.ca\/fr\/wp-json\/wp\/v2\/product"}],"about":[{"href":"https:\/\/carsa.ca\/fr\/wp-json\/wp\/v2\/types\/product"}],"wp:featuredmedia":[{"embeddable":true,"href":"https:\/\/carsa.ca\/fr\/wp-json\/wp\/v2\/media\/9170"}],"wp:attachment":[{"href":"https:\/\/carsa.ca\/fr\/wp-json\/wp\/v2\/media?parent=9134"}],"wp:term":[{"taxonomy":"product_brand","embeddable":true,"href":"https:\/\/carsa.ca\/fr\/wp-json\/wp\/v2\/product_brand?post=9134"},{"taxonomy":"product_cat","embeddable":true,"href":"https:\/\/carsa.ca\/fr\/wp-json\/wp\/v2\/product_cat?post=9134"},{"taxonomy":"product_tag","embeddable":true,"href":"https:\/\/carsa.ca\/fr\/wp-json\/wp\/v2\/product_tag?post=9134"}],"curies":[{"name":"wp","href":"https:\/\/api.w.org\/{rel}","templated":true}]}}