{"id":9135,"date":"2024-08-06T20:24:44","date_gmt":"2024-08-06T20:24:44","guid":{"rendered":"https:\/\/demotasarim.online\/?post_type=product&#038;p=9135"},"modified":"2024-08-27T19:35:48","modified_gmt":"2024-08-27T19:35:48","slug":"60w-2004-2014-ford-f150-led-headlight-bulb","status":"publish","type":"product","link":"https:\/\/carsa.ca\/fr\/produit\/60w-2004-2014-ford-f150-led-headlight-bulb\/","title":{"rendered":"Ampoules de phares \u00e0 DEL pour FORD F-150 2004-2014"},"content":{"rendered":"<p>Am\u00e9liorez les phares de votre Ford F150 2004-2014 avec les ampoules LED Carsa ! Les ampoules LED pour phares et antibrouillards Ford F150 sont un excellent moyen d&#039;am\u00e9liorer la vision nocturne.<\/p>\n<p><strong>Ampoules de phares \u00e0 LED pour Ford F150 2004-2014<\/strong><\/p>\n<p><a href=\"https:\/\/carsa.ca\/fr\/produit\/h13-led-9008-head-lights-day-time-running-lights-white-6000k-2-bulbs\/\">Feux de route\/feux de croisement \u2013 Ampoule LED H13<\/a><\/p>\n<p>L&#039;ampoule LED Carsa pr\u00e9sente un design tout-en-un, presque de la m\u00eame taille que les ampoules halog\u00e8nes mais 300% plus lumineuses que les phares halog\u00e8nes. Personnalisez votre voiture avec les ampoules de phares LED Carsa pour un look moderne et haut de gamme.<\/p>\n<p><strong>Ampoules de phares \u00e0 LED pour Ford F150<\/strong><\/p>\n<div id=\"row-1270490041\" class=\"row row-small\">\n<div id=\"col-1631984744\" class=\"col small-12 large-12\">\n<div class=\"col-inner\">\n<p><img fetchpriority=\"high\" decoding=\"async\" class=\"size-medium wp-image-10117\" src=\"https:\/\/carsa.ca\/wp-content\/uploads\/2023\/01\/carsa_logo-Duzenlendi-e1673439029810-400x142.png\" alt=\"carsa.ca\" width=\"400\" height=\"142\" \/><\/p>\n<\/div>\n<\/div>\n<\/div>","protected":false},"excerpt":{"rendered":"<p>Upgrade the headlights in your 2004-2014 Ford F150 with Carsa LED bulbs! Ford F150 LED headlight and fog light bulbs are a great way to enhance night vision. 2004-2014 Ford F150 LED Headlight Bulbs High\/Low Beam &#8211; H13 LED Bulb The Carsa LED bulb features an all-in-one design, nearly the same size as halogen bulbs [&hellip;]<\/p>\n","protected":false},"featured_media":9171,"template":"","meta":[],"product_brand":[],"product_cat":[404,403],"product_tag":[409,405,406,407,410,411,408],"class_list":{"0":"post-9135","1":"product","2":"type-product","3":"status-publish","4":"has-post-thumbnail","6":"product_cat-f150","7":"product_cat-for-ford","8":"product_tag-60w-2004-2014-ford-f150-led-headlight-bulb","9":"product_tag-for-ford-f150-bulbs","10":"product_tag-ford-f150-bulbs","11":"product_tag-ford-f150-headlights-bulb","12":"product_tag-ford-f150-led-headlight","13":"product_tag-ford-f150-led-headlight-bulb","14":"product_tag-ford-f150-led-headlight-bulbs","15":"product_shipping_class-standart","17":"first","18":"instock","19":"sale","20":"taxable","21":"shipping-taxable","22":"purchasable","23":"product-type-simple","24":"add-to-wishlist-after_add_to_cart"},"yoast_head":"<!-- This site is optimized with the Yoast SEO plugin v27.4 - https:\/\/yoast.com\/product\/yoast-seo-wordpress\/ -->\n<title>2004-2014 FORD F-150 LED Headlight Bulbs - Carsa Automotive Lighting System<\/title>\n<meta name=\"description\" content=\"2004-2014 FORD F-150 LED Headlight Bulbs - Carsa Automotive Lighting System - info@carsa.ca\" \/>\n<meta name=\"robots\" content=\"index, follow, max-snippet:-1, max-image-preview:large, max-video-preview:-1\" \/>\n<link rel=\"canonical\" href=\"https:\/\/carsa.ca\/fr\/produit\/60w-2004-2014-ford-f150-led-headlight-bulb\/\" \/>\n<meta property=\"og:locale\" content=\"fr_FR\" \/>\n<meta property=\"og:type\" content=\"article\" \/>\n<meta property=\"og:title\" content=\"2004-2014 FORD F-150 LED Headlight Bulbs - Carsa Automotive Lighting System\" \/>\n<meta property=\"og:description\" content=\"2004-2014 FORD F-150 LED Headlight Bulbs - Carsa Automotive Lighting System carsa.ca\" \/>\n<meta property=\"og:url\" content=\"https:\/\/carsa.ca\/fr\/produit\/60w-2004-2014-ford-f150-led-headlight-bulb\/\" \/>\n<meta property=\"og:site_name\" content=\"Carsa Automotive Lighting System\" \/>\n<meta property=\"article:modified_time\" content=\"2024-08-27T19:35:48+00:00\" \/>\n<meta name=\"twitter:card\" content=\"summary_large_image\" \/>\n<meta name=\"twitter:image\" content=\"https:\/\/carsa.ca\/wp-content\/uploads\/2024\/08\/f150-2014.jpg\" \/>\n<meta name=\"twitter:label1\" content=\"Dur\u00e9e de lecture estim\u00e9e\" \/>\n\t<meta name=\"twitter:data1\" content=\"1 minute\" \/>\n<script type=\"application\/ld+json\" class=\"yoast-schema-graph\">{\"@context\":\"https:\\\/\\\/schema.org\",\"@graph\":[{\"@type\":\"WebPage\",\"@id\":\"https:\\\/\\\/carsa.ca\\\/product\\\/60w-2004-2014-ford-f150-led-headlight-bulb\\\/\",\"url\":\"https:\\\/\\\/carsa.ca\\\/product\\\/60w-2004-2014-ford-f150-led-headlight-bulb\\\/\",\"name\":\"2004-2014 FORD F-150 LED Headlight Bulbs - Carsa Automotive Lighting System\",\"isPartOf\":{\"@id\":\"https:\\\/\\\/carsa.ca\\\/#website\"},\"primaryImageOfPage\":{\"@id\":\"https:\\\/\\\/carsa.ca\\\/product\\\/60w-2004-2014-ford-f150-led-headlight-bulb\\\/#primaryimage\"},\"image\":{\"@id\":\"https:\\\/\\\/carsa.ca\\\/product\\\/60w-2004-2014-ford-f150-led-headlight-bulb\\\/#primaryimage\"},\"thumbnailUrl\":\"https:\\\/\\\/carsa.ca\\\/wp-content\\\/uploads\\\/2024\\\/08\\\/f150-2014.jpg\",\"datePublished\":\"2024-08-06T20:24:44+00:00\",\"dateModified\":\"2024-08-27T19:35:48+00:00\",\"description\":\"2004-2014 FORD F-150 LED Headlight Bulbs - Carsa Automotive Lighting System - info@carsa.ca\",\"breadcrumb\":{\"@id\":\"https:\\\/\\\/carsa.ca\\\/product\\\/60w-2004-2014-ford-f150-led-headlight-bulb\\\/#breadcrumb\"},\"inLanguage\":\"fr-FR\",\"potentialAction\":[{\"@type\":\"ReadAction\",\"target\":[\"https:\\\/\\\/carsa.ca\\\/product\\\/60w-2004-2014-ford-f150-led-headlight-bulb\\\/\"]}]},{\"@type\":\"ImageObject\",\"inLanguage\":\"fr-FR\",\"@id\":\"https:\\\/\\\/carsa.ca\\\/product\\\/60w-2004-2014-ford-f150-led-headlight-bulb\\\/#primaryimage\",\"url\":\"https:\\\/\\\/carsa.ca\\\/wp-content\\\/uploads\\\/2024\\\/08\\\/f150-2014.jpg\",\"contentUrl\":\"https:\\\/\\\/carsa.ca\\\/wp-content\\\/uploads\\\/2024\\\/08\\\/f150-2014.jpg\",\"width\":640,\"height\":480},{\"@type\":\"BreadcrumbList\",\"@id\":\"https:\\\/\\\/carsa.ca\\\/product\\\/60w-2004-2014-ford-f150-led-headlight-bulb\\\/#breadcrumb\",\"itemListElement\":[{\"@type\":\"ListItem\",\"position\":1,\"name\":\"Home\",\"item\":\"https:\\\/\\\/carsa.ca\\\/\"},{\"@type\":\"ListItem\",\"position\":2,\"name\":\"Shop\",\"item\":\"https:\\\/\\\/carsa.ca\\\/fr\\\/shop\\\/\"},{\"@type\":\"ListItem\",\"position\":3,\"name\":\"2004-2014 FORD F-150 LED Headlight Bulbs\"}]},{\"@type\":\"WebSite\",\"@id\":\"https:\\\/\\\/carsa.ca\\\/#website\",\"url\":\"https:\\\/\\\/carsa.ca\\\/\",\"name\":\"Carsa Automotive Lighting System\",\"description\":\"\",\"publisher\":{\"@id\":\"https:\\\/\\\/carsa.ca\\\/#organization\"},\"potentialAction\":[{\"@type\":\"SearchAction\",\"target\":{\"@type\":\"EntryPoint\",\"urlTemplate\":\"https:\\\/\\\/carsa.ca\\\/?s={search_term_string}\"},\"query-input\":{\"@type\":\"PropertyValueSpecification\",\"valueRequired\":true,\"valueName\":\"search_term_string\"}}],\"inLanguage\":\"fr-FR\"},{\"@type\":\"Organization\",\"@id\":\"https:\\\/\\\/carsa.ca\\\/#organization\",\"name\":\"Carsa Automotive Lighting System\",\"url\":\"https:\\\/\\\/carsa.ca\\\/\",\"logo\":{\"@type\":\"ImageObject\",\"inLanguage\":\"fr-FR\",\"@id\":\"https:\\\/\\\/carsa.ca\\\/#\\\/schema\\\/logo\\\/image\\\/\",\"url\":\"https:\\\/\\\/carsa.ca\\\/wp-content\\\/uploads\\\/2024\\\/07\\\/CARSA-LOGO.svg\",\"contentUrl\":\"https:\\\/\\\/carsa.ca\\\/wp-content\\\/uploads\\\/2024\\\/07\\\/CARSA-LOGO.svg\",\"width\":2512,\"height\":504,\"caption\":\"Carsa Automotive Lighting System\"},\"image\":{\"@id\":\"https:\\\/\\\/carsa.ca\\\/#\\\/schema\\\/logo\\\/image\\\/\"}}]}<\/script>\n<!-- \/ Yoast SEO plugin. -->","yoast_head_json":{"title":"Ampoules de phares \u00e0 LED pour Ford F-150 2004-2014 - Syst\u00e8me d&#039;\u00e9clairage automobile Carsa","description":"Ampoules de phares \u00e0 DEL pour Ford F-150 2004-2014 \u2013 Syst\u00e8me d&#039;\u00e9clairage automobile Carsa \u2013 info@carsa.ca","robots":{"index":"index","follow":"follow","max-snippet":"max-snippet:-1","max-image-preview":"max-image-preview:large","max-video-preview":"max-video-preview:-1"},"canonical":"https:\/\/carsa.ca\/fr\/produit\/60w-2004-2014-ford-f150-led-headlight-bulb\/","og_locale":"fr_FR","og_type":"article","og_title":"2004-2014 FORD F-150 LED Headlight Bulbs - Carsa Automotive Lighting System","og_description":"2004-2014 FORD F-150 LED Headlight Bulbs - Carsa Automotive Lighting System carsa.ca","og_url":"https:\/\/carsa.ca\/fr\/produit\/60w-2004-2014-ford-f150-led-headlight-bulb\/","og_site_name":"Carsa Automotive Lighting System","article_modified_time":"2024-08-27T19:35:48+00:00","twitter_card":"summary_large_image","twitter_image":"https:\/\/carsa.ca\/wp-content\/uploads\/2024\/08\/f150-2014.jpg","twitter_misc":{"Dur\u00e9e de lecture estim\u00e9e":"1 minute"},"schema":{"@context":"https:\/\/schema.org","@graph":[{"@type":"WebPage","@id":"https:\/\/carsa.ca\/product\/60w-2004-2014-ford-f150-led-headlight-bulb\/","url":"https:\/\/carsa.ca\/product\/60w-2004-2014-ford-f150-led-headlight-bulb\/","name":"Ampoules de phares \u00e0 LED pour Ford F-150 2004-2014 - Syst\u00e8me d&#039;\u00e9clairage automobile Carsa","isPartOf":{"@id":"https:\/\/carsa.ca\/#website"},"primaryImageOfPage":{"@id":"https:\/\/carsa.ca\/product\/60w-2004-2014-ford-f150-led-headlight-bulb\/#primaryimage"},"image":{"@id":"https:\/\/carsa.ca\/product\/60w-2004-2014-ford-f150-led-headlight-bulb\/#primaryimage"},"thumbnailUrl":"https:\/\/carsa.ca\/wp-content\/uploads\/2024\/08\/f150-2014.jpg","datePublished":"2024-08-06T20:24:44+00:00","dateModified":"2024-08-27T19:35:48+00:00","description":"Ampoules de phares \u00e0 DEL pour Ford F-150 2004-2014 \u2013 Syst\u00e8me d&#039;\u00e9clairage automobile Carsa \u2013 info@carsa.ca","breadcrumb":{"@id":"https:\/\/carsa.ca\/product\/60w-2004-2014-ford-f150-led-headlight-bulb\/#breadcrumb"},"inLanguage":"fr-FR","potentialAction":[{"@type":"ReadAction","target":["https:\/\/carsa.ca\/product\/60w-2004-2014-ford-f150-led-headlight-bulb\/"]}]},{"@type":"ImageObject","inLanguage":"fr-FR","@id":"https:\/\/carsa.ca\/product\/60w-2004-2014-ford-f150-led-headlight-bulb\/#primaryimage","url":"https:\/\/carsa.ca\/wp-content\/uploads\/2024\/08\/f150-2014.jpg","contentUrl":"https:\/\/carsa.ca\/wp-content\/uploads\/2024\/08\/f150-2014.jpg","width":640,"height":480},{"@type":"BreadcrumbList","@id":"https:\/\/carsa.ca\/product\/60w-2004-2014-ford-f150-led-headlight-bulb\/#breadcrumb","itemListElement":[{"@type":"ListItem","position":1,"name":"Home","item":"https:\/\/carsa.ca\/"},{"@type":"ListItem","position":2,"name":"Shop","item":"https:\/\/carsa.ca\/fr\/shop\/"},{"@type":"ListItem","position":3,"name":"2004-2014 FORD F-150 LED Headlight Bulbs"}]},{"@type":"WebSite","@id":"https:\/\/carsa.ca\/#website","url":"https:\/\/carsa.ca\/","name":"Syst\u00e8me d&#039;\u00e9clairage automobile Carsa","description":"","publisher":{"@id":"https:\/\/carsa.ca\/#organization"},"potentialAction":[{"@type":"SearchAction","target":{"@type":"EntryPoint","urlTemplate":"https:\/\/carsa.ca\/?s={search_term_string}"},"query-input":{"@type":"PropertyValueSpecification","valueRequired":true,"valueName":"search_term_string"}}],"inLanguage":"fr-FR"},{"@type":"Organization","@id":"https:\/\/carsa.ca\/#organization","name":"Syst\u00e8me d&#039;\u00e9clairage automobile Carsa","url":"https:\/\/carsa.ca\/","logo":{"@type":"ImageObject","inLanguage":"fr-FR","@id":"https:\/\/carsa.ca\/#\/schema\/logo\/image\/","url":"https:\/\/carsa.ca\/wp-content\/uploads\/2024\/07\/CARSA-LOGO.svg","contentUrl":"https:\/\/carsa.ca\/wp-content\/uploads\/2024\/07\/CARSA-LOGO.svg","width":2512,"height":504,"caption":"Carsa Automotive Lighting System"},"image":{"@id":"https:\/\/carsa.ca\/#\/schema\/logo\/image\/"}}]}},"_links":{"self":[{"href":"https:\/\/carsa.ca\/fr\/wp-json\/wp\/v2\/product\/9135","targetHints":{"allow":["GET"]}}],"collection":[{"href":"https:\/\/carsa.ca\/fr\/wp-json\/wp\/v2\/product"}],"about":[{"href":"https:\/\/carsa.ca\/fr\/wp-json\/wp\/v2\/types\/product"}],"wp:featuredmedia":[{"embeddable":true,"href":"https:\/\/carsa.ca\/fr\/wp-json\/wp\/v2\/media\/9171"}],"wp:attachment":[{"href":"https:\/\/carsa.ca\/fr\/wp-json\/wp\/v2\/media?parent=9135"}],"wp:term":[{"taxonomy":"product_brand","embeddable":true,"href":"https:\/\/carsa.ca\/fr\/wp-json\/wp\/v2\/product_brand?post=9135"},{"taxonomy":"product_cat","embeddable":true,"href":"https:\/\/carsa.ca\/fr\/wp-json\/wp\/v2\/product_cat?post=9135"},{"taxonomy":"product_tag","embeddable":true,"href":"https:\/\/carsa.ca\/fr\/wp-json\/wp\/v2\/product_tag?post=9135"}],"curies":[{"name":"wp","href":"https:\/\/api.w.org\/{rel}","templated":true}]}}