{"id":9152,"date":"2024-08-06T20:25:18","date_gmt":"2024-08-06T20:25:18","guid":{"rendered":"https:\/\/demotasarim.online\/?post_type=product&#038;p=9152"},"modified":"2024-08-09T20:09:22","modified_gmt":"2024-08-09T20:09:22","slug":"140w-2006-2018-ford-fusion-led-headlight-bulbs-2-bulbs","status":"publish","type":"product","link":"https:\/\/carsa.ca\/fr\/produit\/140w-2006-2018-ford-fusion-led-headlight-bulbs-2-bulbs\/","title":{"rendered":"Ampoules de phares \u00e0 DEL (140 W) pour Ford Fusion 2006-2018 | 2 ampoules"},"content":{"rendered":"<p>Remplacer les phares par des ampoules LED est un excellent moyen de personnaliser votre Ford Fusion et d&#039;augmenter la puissance lumineuse l\u00e0 o\u00f9 vous en avez le plus besoin. Avec ces ampoules de phares \u00e0 LED 140 W 18 600 lm, vos phares Ford Fusion seront plus lumineux !<\/p>\n<div id=\"gap-1940883986\" class=\"gap-element clearfix\"><\/div>\n<h3>Ampoules de phares \u00e0 LED pour feux antibrouillard Ford Fusion 2006-2018<\/h3>\n<ul>\n<li>Feux de croisement \u2013 Ampoule LED H11<\/li>\n<li>Feux de route \u2013 Ampoule LED H7<\/li>\n<li>Feu antibrouillard \u2013 Ampoule LED H11<\/li>\n<\/ul>\n<p><img fetchpriority=\"high\" decoding=\"async\" class=\"size-medium wp-image-10117\" src=\"https:\/\/carsa.ca\/wp-content\/uploads\/2023\/01\/carsa_logo-Duzenlendi-e1673439029810-400x142.png\" alt=\"carsa.ca\" width=\"400\" height=\"142\" \/><\/p>","protected":false},"excerpt":{"rendered":"<p>Upgrading the headlights to LED bulbs is a great way to customize your Ford Fusion and provide increased light output where you need it most. With these 140w 18600lm led headlight bulbs, your Ford Fusion headlights will be 600% brighter! 2006-2018 Ford Fusion LED Headlight Bulbs Fog Light Bulb Low Beam &#8211; H11 LED Bulb [&hellip;]<\/p>\n","protected":false},"featured_media":9172,"template":"","meta":[],"product_brand":[],"product_cat":[403,412],"product_tag":[409,405,406,407,410,411,408,413],"class_list":{"0":"post-9152","1":"product","2":"type-product","3":"status-publish","4":"has-post-thumbnail","6":"product_cat-for-ford","7":"product_cat-fusion","8":"product_tag-60w-2004-2014-ford-f150-led-headlight-bulb","9":"product_tag-for-ford-f150-bulbs","10":"product_tag-ford-f150-bulbs","11":"product_tag-ford-f150-headlights-bulb","12":"product_tag-ford-f150-led-headlight","13":"product_tag-ford-f150-led-headlight-bulb","14":"product_tag-ford-f150-led-headlight-bulbs","15":"product_tag-ford-fusion","16":"product_shipping_class-standart","18":"first","19":"instock","20":"sale","21":"taxable","22":"shipping-taxable","23":"purchasable","24":"product-type-variable","25":"add-to-wishlist-after_add_to_cart"},"yoast_head":"<!-- This site is optimized with the Yoast SEO plugin v27.3 - https:\/\/yoast.com\/product\/yoast-seo-wordpress\/ -->\n<title>(140W) 2006-2018 Ford Fusion LED Headlight Bulbs | 2 Bulbs - Carsa Automotive Lighting System<\/title>\n<meta name=\"description\" content=\"(140W) 2006-2018 Ford Fusion LED Headlight Bulbs | 2 Bulbs - Carsa Automotive Lighting System - info@carsa.ca\" \/>\n<meta name=\"robots\" content=\"index, follow, max-snippet:-1, max-image-preview:large, max-video-preview:-1\" \/>\n<link rel=\"canonical\" href=\"https:\/\/carsa.ca\/fr\/produit\/140w-2006-2018-ford-fusion-led-headlight-bulbs-2-bulbs\/\" \/>\n<meta property=\"og:locale\" content=\"fr_FR\" \/>\n<meta property=\"og:type\" content=\"article\" \/>\n<meta property=\"og:title\" content=\"(140W) 2006-2018 Ford Fusion LED Headlight Bulbs | 2 Bulbs - Carsa Automotive Lighting System\" \/>\n<meta property=\"og:description\" content=\"(140W) 2006-2018 Ford Fusion LED Headlight Bulbs | 2 Bulbs - Carsa Automotive Lighting System carsa.ca\" \/>\n<meta property=\"og:url\" content=\"https:\/\/carsa.ca\/fr\/produit\/140w-2006-2018-ford-fusion-led-headlight-bulbs-2-bulbs\/\" \/>\n<meta property=\"og:site_name\" content=\"Carsa Automotive Lighting System\" \/>\n<meta property=\"article:modified_time\" content=\"2024-08-09T20:09:22+00:00\" \/>\n<meta name=\"twitter:card\" content=\"summary_large_image\" \/>\n<meta name=\"twitter:image\" content=\"https:\/\/carsa.ca\/wp-content\/uploads\/2024\/08\/fusion-2004.jpg\" \/>\n<meta name=\"twitter:label1\" content=\"Dur\u00e9e de lecture estim\u00e9e\" \/>\n\t<meta name=\"twitter:data1\" content=\"1 minute\" \/>\n<script type=\"application\/ld+json\" class=\"yoast-schema-graph\">{\"@context\":\"https:\\\/\\\/schema.org\",\"@graph\":[{\"@type\":\"WebPage\",\"@id\":\"https:\\\/\\\/carsa.ca\\\/product\\\/140w-2006-2018-ford-fusion-led-headlight-bulbs-2-bulbs\\\/\",\"url\":\"https:\\\/\\\/carsa.ca\\\/product\\\/140w-2006-2018-ford-fusion-led-headlight-bulbs-2-bulbs\\\/\",\"name\":\"(140W) 2006-2018 Ford Fusion LED Headlight Bulbs | 2 Bulbs - Carsa Automotive Lighting System\",\"isPartOf\":{\"@id\":\"https:\\\/\\\/carsa.ca\\\/#website\"},\"primaryImageOfPage\":{\"@id\":\"https:\\\/\\\/carsa.ca\\\/product\\\/140w-2006-2018-ford-fusion-led-headlight-bulbs-2-bulbs\\\/#primaryimage\"},\"image\":{\"@id\":\"https:\\\/\\\/carsa.ca\\\/product\\\/140w-2006-2018-ford-fusion-led-headlight-bulbs-2-bulbs\\\/#primaryimage\"},\"thumbnailUrl\":\"https:\\\/\\\/carsa.ca\\\/wp-content\\\/uploads\\\/2024\\\/08\\\/fusion-2004.jpg\",\"datePublished\":\"2024-08-06T20:25:18+00:00\",\"dateModified\":\"2024-08-09T20:09:22+00:00\",\"description\":\"(140W) 2006-2018 Ford Fusion LED Headlight Bulbs | 2 Bulbs - Carsa Automotive Lighting System - info@carsa.ca\",\"breadcrumb\":{\"@id\":\"https:\\\/\\\/carsa.ca\\\/product\\\/140w-2006-2018-ford-fusion-led-headlight-bulbs-2-bulbs\\\/#breadcrumb\"},\"inLanguage\":\"fr-FR\",\"potentialAction\":[{\"@type\":\"ReadAction\",\"target\":[\"https:\\\/\\\/carsa.ca\\\/product\\\/140w-2006-2018-ford-fusion-led-headlight-bulbs-2-bulbs\\\/\"]}]},{\"@type\":\"ImageObject\",\"inLanguage\":\"fr-FR\",\"@id\":\"https:\\\/\\\/carsa.ca\\\/product\\\/140w-2006-2018-ford-fusion-led-headlight-bulbs-2-bulbs\\\/#primaryimage\",\"url\":\"https:\\\/\\\/carsa.ca\\\/wp-content\\\/uploads\\\/2024\\\/08\\\/fusion-2004.jpg\",\"contentUrl\":\"https:\\\/\\\/carsa.ca\\\/wp-content\\\/uploads\\\/2024\\\/08\\\/fusion-2004.jpg\",\"width\":580,\"height\":435},{\"@type\":\"BreadcrumbList\",\"@id\":\"https:\\\/\\\/carsa.ca\\\/product\\\/140w-2006-2018-ford-fusion-led-headlight-bulbs-2-bulbs\\\/#breadcrumb\",\"itemListElement\":[{\"@type\":\"ListItem\",\"position\":1,\"name\":\"Home\",\"item\":\"https:\\\/\\\/carsa.ca\\\/\"},{\"@type\":\"ListItem\",\"position\":2,\"name\":\"Shop\",\"item\":\"https:\\\/\\\/carsa.ca\\\/fr\\\/shop\\\/\"},{\"@type\":\"ListItem\",\"position\":3,\"name\":\"(140W) 2006-2018 Ford Fusion LED Headlight Bulbs | 2 Bulbs\"}]},{\"@type\":\"WebSite\",\"@id\":\"https:\\\/\\\/carsa.ca\\\/#website\",\"url\":\"https:\\\/\\\/carsa.ca\\\/\",\"name\":\"Carsa Automotive Lighting System\",\"description\":\"\",\"publisher\":{\"@id\":\"https:\\\/\\\/carsa.ca\\\/#organization\"},\"potentialAction\":[{\"@type\":\"SearchAction\",\"target\":{\"@type\":\"EntryPoint\",\"urlTemplate\":\"https:\\\/\\\/carsa.ca\\\/?s={search_term_string}\"},\"query-input\":{\"@type\":\"PropertyValueSpecification\",\"valueRequired\":true,\"valueName\":\"search_term_string\"}}],\"inLanguage\":\"fr-FR\"},{\"@type\":\"Organization\",\"@id\":\"https:\\\/\\\/carsa.ca\\\/#organization\",\"name\":\"Carsa Automotive Lighting System\",\"url\":\"https:\\\/\\\/carsa.ca\\\/\",\"logo\":{\"@type\":\"ImageObject\",\"inLanguage\":\"fr-FR\",\"@id\":\"https:\\\/\\\/carsa.ca\\\/#\\\/schema\\\/logo\\\/image\\\/\",\"url\":\"https:\\\/\\\/carsa.ca\\\/wp-content\\\/uploads\\\/2024\\\/07\\\/CARSA-LOGO.svg\",\"contentUrl\":\"https:\\\/\\\/carsa.ca\\\/wp-content\\\/uploads\\\/2024\\\/07\\\/CARSA-LOGO.svg\",\"width\":2512,\"height\":504,\"caption\":\"Carsa Automotive Lighting System\"},\"image\":{\"@id\":\"https:\\\/\\\/carsa.ca\\\/#\\\/schema\\\/logo\\\/image\\\/\"}}]}<\/script>\n<!-- \/ Yoast SEO plugin. -->","yoast_head_json":{"title":"Ampoules de phares LED (140 W) pour Ford Fusion 2006-2018 | 2 ampoules - Syst\u00e8me d&#039;\u00e9clairage automobile Carsa","description":"Ampoules de phares \u00e0 DEL (140 W) pour Ford Fusion 2006-2018 | 2 ampoules - Carsa Automotive Lighting System - info@carsa.ca","robots":{"index":"index","follow":"follow","max-snippet":"max-snippet:-1","max-image-preview":"max-image-preview:large","max-video-preview":"max-video-preview:-1"},"canonical":"https:\/\/carsa.ca\/fr\/produit\/140w-2006-2018-ford-fusion-led-headlight-bulbs-2-bulbs\/","og_locale":"fr_FR","og_type":"article","og_title":"(140W) 2006-2018 Ford Fusion LED Headlight Bulbs | 2 Bulbs - Carsa Automotive Lighting System","og_description":"(140W) 2006-2018 Ford Fusion LED Headlight Bulbs | 2 Bulbs - Carsa Automotive Lighting System carsa.ca","og_url":"https:\/\/carsa.ca\/fr\/produit\/140w-2006-2018-ford-fusion-led-headlight-bulbs-2-bulbs\/","og_site_name":"Carsa Automotive Lighting System","article_modified_time":"2024-08-09T20:09:22+00:00","twitter_card":"summary_large_image","twitter_image":"https:\/\/carsa.ca\/wp-content\/uploads\/2024\/08\/fusion-2004.jpg","twitter_misc":{"Dur\u00e9e de lecture estim\u00e9e":"1 minute"},"schema":{"@context":"https:\/\/schema.org","@graph":[{"@type":"WebPage","@id":"https:\/\/carsa.ca\/product\/140w-2006-2018-ford-fusion-led-headlight-bulbs-2-bulbs\/","url":"https:\/\/carsa.ca\/product\/140w-2006-2018-ford-fusion-led-headlight-bulbs-2-bulbs\/","name":"Ampoules de phares LED (140 W) pour Ford Fusion 2006-2018 | 2 ampoules - Syst\u00e8me d&#039;\u00e9clairage automobile Carsa","isPartOf":{"@id":"https:\/\/carsa.ca\/#website"},"primaryImageOfPage":{"@id":"https:\/\/carsa.ca\/product\/140w-2006-2018-ford-fusion-led-headlight-bulbs-2-bulbs\/#primaryimage"},"image":{"@id":"https:\/\/carsa.ca\/product\/140w-2006-2018-ford-fusion-led-headlight-bulbs-2-bulbs\/#primaryimage"},"thumbnailUrl":"https:\/\/carsa.ca\/wp-content\/uploads\/2024\/08\/fusion-2004.jpg","datePublished":"2024-08-06T20:25:18+00:00","dateModified":"2024-08-09T20:09:22+00:00","description":"Ampoules de phares \u00e0 DEL (140 W) pour Ford Fusion 2006-2018 | 2 ampoules - Carsa Automotive Lighting System - info@carsa.ca","breadcrumb":{"@id":"https:\/\/carsa.ca\/product\/140w-2006-2018-ford-fusion-led-headlight-bulbs-2-bulbs\/#breadcrumb"},"inLanguage":"fr-FR","potentialAction":[{"@type":"ReadAction","target":["https:\/\/carsa.ca\/product\/140w-2006-2018-ford-fusion-led-headlight-bulbs-2-bulbs\/"]}]},{"@type":"ImageObject","inLanguage":"fr-FR","@id":"https:\/\/carsa.ca\/product\/140w-2006-2018-ford-fusion-led-headlight-bulbs-2-bulbs\/#primaryimage","url":"https:\/\/carsa.ca\/wp-content\/uploads\/2024\/08\/fusion-2004.jpg","contentUrl":"https:\/\/carsa.ca\/wp-content\/uploads\/2024\/08\/fusion-2004.jpg","width":580,"height":435},{"@type":"BreadcrumbList","@id":"https:\/\/carsa.ca\/product\/140w-2006-2018-ford-fusion-led-headlight-bulbs-2-bulbs\/#breadcrumb","itemListElement":[{"@type":"ListItem","position":1,"name":"Home","item":"https:\/\/carsa.ca\/"},{"@type":"ListItem","position":2,"name":"Shop","item":"https:\/\/carsa.ca\/fr\/shop\/"},{"@type":"ListItem","position":3,"name":"(140W) 2006-2018 Ford Fusion LED Headlight Bulbs | 2 Bulbs"}]},{"@type":"WebSite","@id":"https:\/\/carsa.ca\/#website","url":"https:\/\/carsa.ca\/","name":"Syst\u00e8me d&#039;\u00e9clairage automobile Carsa","description":"","publisher":{"@id":"https:\/\/carsa.ca\/#organization"},"potentialAction":[{"@type":"SearchAction","target":{"@type":"EntryPoint","urlTemplate":"https:\/\/carsa.ca\/?s={search_term_string}"},"query-input":{"@type":"PropertyValueSpecification","valueRequired":true,"valueName":"search_term_string"}}],"inLanguage":"fr-FR"},{"@type":"Organization","@id":"https:\/\/carsa.ca\/#organization","name":"Syst\u00e8me d&#039;\u00e9clairage automobile Carsa","url":"https:\/\/carsa.ca\/","logo":{"@type":"ImageObject","inLanguage":"fr-FR","@id":"https:\/\/carsa.ca\/#\/schema\/logo\/image\/","url":"https:\/\/carsa.ca\/wp-content\/uploads\/2024\/07\/CARSA-LOGO.svg","contentUrl":"https:\/\/carsa.ca\/wp-content\/uploads\/2024\/07\/CARSA-LOGO.svg","width":2512,"height":504,"caption":"Carsa Automotive Lighting System"},"image":{"@id":"https:\/\/carsa.ca\/#\/schema\/logo\/image\/"}}]}},"_links":{"self":[{"href":"https:\/\/carsa.ca\/fr\/wp-json\/wp\/v2\/product\/9152","targetHints":{"allow":["GET"]}}],"collection":[{"href":"https:\/\/carsa.ca\/fr\/wp-json\/wp\/v2\/product"}],"about":[{"href":"https:\/\/carsa.ca\/fr\/wp-json\/wp\/v2\/types\/product"}],"wp:featuredmedia":[{"embeddable":true,"href":"https:\/\/carsa.ca\/fr\/wp-json\/wp\/v2\/media\/9172"}],"wp:attachment":[{"href":"https:\/\/carsa.ca\/fr\/wp-json\/wp\/v2\/media?parent=9152"}],"wp:term":[{"taxonomy":"product_brand","embeddable":true,"href":"https:\/\/carsa.ca\/fr\/wp-json\/wp\/v2\/product_brand?post=9152"},{"taxonomy":"product_cat","embeddable":true,"href":"https:\/\/carsa.ca\/fr\/wp-json\/wp\/v2\/product_cat?post=9152"},{"taxonomy":"product_tag","embeddable":true,"href":"https:\/\/carsa.ca\/fr\/wp-json\/wp\/v2\/product_tag?post=9152"}],"curies":[{"name":"wp","href":"https:\/\/api.w.org\/{rel}","templated":true}]}}