{"id":9157,"date":"2024-08-06T20:25:18","date_gmt":"2024-08-06T20:25:18","guid":{"rendered":"https:\/\/demotasarim.online\/?post_type=product&#038;p=9157"},"modified":"2024-08-27T19:36:39","modified_gmt":"2024-08-27T19:36:39","slug":"140w-2019-2020-ford-fusion-led-headlight-bulbs-2-bulbs","status":"publish","type":"product","link":"https:\/\/carsa.ca\/fr\/produit\/140w-2019-2020-ford-fusion-led-headlight-bulbs-2-bulbs\/","title":{"rendered":"Ampoules de phares \u00e0 DEL (140 W) pour Ford Fusion 2019-2020 | 2 ampoules"},"content":{"rendered":"<p>Cette ampoule de phare LED 100 W 20 000 lm fait partie des ampoules LED les plus lumineuses pour Ford Fusion du march\u00e9. Am\u00e9liorez ou remplacez votre ampoule de phare Ford Fusion par des ampoules LED hautes performances Carsa d\u00e8s aujourd&#039;hui !<\/p>\n<div id=\"gap-334816902\" class=\"gap-element clearfix\"><\/div>\n<h3>Ampoule de phare \u00e0 LED pour phare antibrouillard Ford Fusion 2019-2020<\/h3>\n<ul>\n<li>Feux de croisement \u2013 Ampoule LED H11<\/li>\n<li>Feux de route \u2013 Ampoule LED H7<\/li>\n<li>Feu antibrouillard \u2013 Ampoule LED H11<\/li>\n<\/ul>\n<p><img fetchpriority=\"high\" decoding=\"async\" class=\"size-medium wp-image-10117\" src=\"https:\/\/carsa.ca\/wp-content\/uploads\/2023\/01\/carsa_logo-Duzenlendi-e1673439029810-400x142.png\" alt=\"carsa.ca\" width=\"400\" height=\"142\" \/><\/p>","protected":false},"excerpt":{"rendered":"<p>This 100W 20000LM LED headlight bulb is among the brightest LED bulbs for Ford Fusion on the market. Upgrade or replace your Ford Fusion Headlight Bulb with Carsa high-performance LED bulbs today! 2019-2020 Ford Fusion LED Headlight Bulb Fog Light Bulb Low Beam &#8211; H11 LED Bulb High Beam &#8211; H7 LED Bulb Fog Light [&hellip;]<\/p>\n","protected":false},"featured_media":9173,"template":"","meta":[],"product_brand":[],"product_cat":[403,412],"product_tag":[414,409,415,416,405,406,407,410,411,408,413],"class_list":{"0":"post-9157","1":"product","2":"type-product","3":"status-publish","4":"has-post-thumbnail","6":"product_cat-for-ford","7":"product_cat-fusion","8":"product_tag-140w-2019-2020-ford-fusion-led-headlight-bulbs-2-bulbs","9":"product_tag-60w-2004-2014-ford-f150-led-headlight-bulb","10":"product_tag-2019-2020-ford-fusion-led-headlight-bulb","11":"product_tag-2019-2020-ford-fusion-led-headlight-bulb-fog-light-bulb","12":"product_tag-for-ford-f150-bulbs","13":"product_tag-ford-f150-bulbs","14":"product_tag-ford-f150-headlights-bulb","15":"product_tag-ford-f150-led-headlight","16":"product_tag-ford-f150-led-headlight-bulb","17":"product_tag-ford-f150-led-headlight-bulbs","18":"product_tag-ford-fusion","19":"product_shipping_class-standart","21":"first","22":"instock","23":"sale","24":"taxable","25":"shipping-taxable","26":"purchasable","27":"product-type-variable","28":"add-to-wishlist-after_add_to_cart"},"yoast_head":"<!-- This site is optimized with the Yoast SEO plugin v27.4 - https:\/\/yoast.com\/product\/yoast-seo-wordpress\/ -->\n<title>(140W) 2019-2020 Ford Fusion LED Headlight Bulbs | 2 Bulbs - Carsa Automotive Lighting System<\/title>\n<meta name=\"description\" content=\"(140W) 2019-2020 Ford Fusion LED Headlight Bulbs | 2 Bulbs - Carsa Automotive Lighting System - info@carsa.ca\" \/>\n<meta name=\"robots\" content=\"index, follow, max-snippet:-1, max-image-preview:large, max-video-preview:-1\" \/>\n<link rel=\"canonical\" href=\"https:\/\/carsa.ca\/fr\/produit\/140w-2019-2020-ford-fusion-led-headlight-bulbs-2-bulbs\/\" \/>\n<meta property=\"og:locale\" content=\"fr_FR\" \/>\n<meta property=\"og:type\" content=\"article\" \/>\n<meta property=\"og:title\" content=\"(140W) 2019-2020 Ford Fusion LED Headlight Bulbs | 2 Bulbs - Carsa Automotive Lighting System\" \/>\n<meta property=\"og:description\" content=\"(140W) 2019-2020 Ford Fusion LED Headlight Bulbs | 2 Bulbs - Carsa Automotive Lighting System carsa.ca\" \/>\n<meta property=\"og:url\" content=\"https:\/\/carsa.ca\/fr\/produit\/140w-2019-2020-ford-fusion-led-headlight-bulbs-2-bulbs\/\" \/>\n<meta property=\"og:site_name\" content=\"Carsa Automotive Lighting System\" \/>\n<meta property=\"article:modified_time\" content=\"2024-08-27T19:36:39+00:00\" \/>\n<meta name=\"twitter:card\" content=\"summary_large_image\" \/>\n<meta name=\"twitter:image\" content=\"https:\/\/carsa.ca\/wp-content\/uploads\/2024\/08\/2019_ford_fusion_sedan_titanium_fq_oem_1_1600.jpg\" \/>\n<meta name=\"twitter:label1\" content=\"Dur\u00e9e de lecture estim\u00e9e\" \/>\n\t<meta name=\"twitter:data1\" content=\"1 minute\" \/>\n<script type=\"application\/ld+json\" class=\"yoast-schema-graph\">{\"@context\":\"https:\\\/\\\/schema.org\",\"@graph\":[{\"@type\":\"WebPage\",\"@id\":\"https:\\\/\\\/carsa.ca\\\/product\\\/140w-2019-2020-ford-fusion-led-headlight-bulbs-2-bulbs\\\/\",\"url\":\"https:\\\/\\\/carsa.ca\\\/product\\\/140w-2019-2020-ford-fusion-led-headlight-bulbs-2-bulbs\\\/\",\"name\":\"(140W) 2019-2020 Ford Fusion LED Headlight Bulbs | 2 Bulbs - Carsa Automotive Lighting System\",\"isPartOf\":{\"@id\":\"https:\\\/\\\/carsa.ca\\\/#website\"},\"primaryImageOfPage\":{\"@id\":\"https:\\\/\\\/carsa.ca\\\/product\\\/140w-2019-2020-ford-fusion-led-headlight-bulbs-2-bulbs\\\/#primaryimage\"},\"image\":{\"@id\":\"https:\\\/\\\/carsa.ca\\\/product\\\/140w-2019-2020-ford-fusion-led-headlight-bulbs-2-bulbs\\\/#primaryimage\"},\"thumbnailUrl\":\"https:\\\/\\\/carsa.ca\\\/wp-content\\\/uploads\\\/2024\\\/08\\\/2019_ford_fusion_sedan_titanium_fq_oem_1_1600.jpg\",\"datePublished\":\"2024-08-06T20:25:18+00:00\",\"dateModified\":\"2024-08-27T19:36:39+00:00\",\"description\":\"(140W) 2019-2020 Ford Fusion LED Headlight Bulbs | 2 Bulbs - Carsa Automotive Lighting System - info@carsa.ca\",\"breadcrumb\":{\"@id\":\"https:\\\/\\\/carsa.ca\\\/product\\\/140w-2019-2020-ford-fusion-led-headlight-bulbs-2-bulbs\\\/#breadcrumb\"},\"inLanguage\":\"fr-FR\",\"potentialAction\":[{\"@type\":\"ReadAction\",\"target\":[\"https:\\\/\\\/carsa.ca\\\/product\\\/140w-2019-2020-ford-fusion-led-headlight-bulbs-2-bulbs\\\/\"]}]},{\"@type\":\"ImageObject\",\"inLanguage\":\"fr-FR\",\"@id\":\"https:\\\/\\\/carsa.ca\\\/product\\\/140w-2019-2020-ford-fusion-led-headlight-bulbs-2-bulbs\\\/#primaryimage\",\"url\":\"https:\\\/\\\/carsa.ca\\\/wp-content\\\/uploads\\\/2024\\\/08\\\/2019_ford_fusion_sedan_titanium_fq_oem_1_1600.jpg\",\"contentUrl\":\"https:\\\/\\\/carsa.ca\\\/wp-content\\\/uploads\\\/2024\\\/08\\\/2019_ford_fusion_sedan_titanium_fq_oem_1_1600.jpg\",\"width\":1600,\"height\":1067},{\"@type\":\"BreadcrumbList\",\"@id\":\"https:\\\/\\\/carsa.ca\\\/product\\\/140w-2019-2020-ford-fusion-led-headlight-bulbs-2-bulbs\\\/#breadcrumb\",\"itemListElement\":[{\"@type\":\"ListItem\",\"position\":1,\"name\":\"Home\",\"item\":\"https:\\\/\\\/carsa.ca\\\/\"},{\"@type\":\"ListItem\",\"position\":2,\"name\":\"Shop\",\"item\":\"https:\\\/\\\/carsa.ca\\\/fr\\\/shop\\\/\"},{\"@type\":\"ListItem\",\"position\":3,\"name\":\"(140W) 2019-2020 Ford Fusion LED Headlight Bulbs | 2 Bulbs\"}]},{\"@type\":\"WebSite\",\"@id\":\"https:\\\/\\\/carsa.ca\\\/#website\",\"url\":\"https:\\\/\\\/carsa.ca\\\/\",\"name\":\"Carsa Automotive Lighting System\",\"description\":\"\",\"publisher\":{\"@id\":\"https:\\\/\\\/carsa.ca\\\/#organization\"},\"potentialAction\":[{\"@type\":\"SearchAction\",\"target\":{\"@type\":\"EntryPoint\",\"urlTemplate\":\"https:\\\/\\\/carsa.ca\\\/?s={search_term_string}\"},\"query-input\":{\"@type\":\"PropertyValueSpecification\",\"valueRequired\":true,\"valueName\":\"search_term_string\"}}],\"inLanguage\":\"fr-FR\"},{\"@type\":\"Organization\",\"@id\":\"https:\\\/\\\/carsa.ca\\\/#organization\",\"name\":\"Carsa Automotive Lighting System\",\"url\":\"https:\\\/\\\/carsa.ca\\\/\",\"logo\":{\"@type\":\"ImageObject\",\"inLanguage\":\"fr-FR\",\"@id\":\"https:\\\/\\\/carsa.ca\\\/#\\\/schema\\\/logo\\\/image\\\/\",\"url\":\"https:\\\/\\\/carsa.ca\\\/wp-content\\\/uploads\\\/2024\\\/07\\\/CARSA-LOGO.svg\",\"contentUrl\":\"https:\\\/\\\/carsa.ca\\\/wp-content\\\/uploads\\\/2024\\\/07\\\/CARSA-LOGO.svg\",\"width\":2512,\"height\":504,\"caption\":\"Carsa Automotive Lighting System\"},\"image\":{\"@id\":\"https:\\\/\\\/carsa.ca\\\/#\\\/schema\\\/logo\\\/image\\\/\"}}]}<\/script>\n<!-- \/ Yoast SEO plugin. -->","yoast_head_json":{"title":"Ampoules de phares LED (140 W) pour Ford Fusion 2019-2020 | 2 ampoules - Syst\u00e8me d&#039;\u00e9clairage automobile Carsa","description":"Ampoules de phares \u00e0 DEL (140 W) pour Ford Fusion 2019-2020 | 2 ampoules - Carsa Automotive Lighting System - info@carsa.ca","robots":{"index":"index","follow":"follow","max-snippet":"max-snippet:-1","max-image-preview":"max-image-preview:large","max-video-preview":"max-video-preview:-1"},"canonical":"https:\/\/carsa.ca\/fr\/produit\/140w-2019-2020-ford-fusion-led-headlight-bulbs-2-bulbs\/","og_locale":"fr_FR","og_type":"article","og_title":"(140W) 2019-2020 Ford Fusion LED Headlight Bulbs | 2 Bulbs - Carsa Automotive Lighting System","og_description":"(140W) 2019-2020 Ford Fusion LED Headlight Bulbs | 2 Bulbs - Carsa Automotive Lighting System carsa.ca","og_url":"https:\/\/carsa.ca\/fr\/produit\/140w-2019-2020-ford-fusion-led-headlight-bulbs-2-bulbs\/","og_site_name":"Carsa Automotive Lighting System","article_modified_time":"2024-08-27T19:36:39+00:00","twitter_card":"summary_large_image","twitter_image":"https:\/\/carsa.ca\/wp-content\/uploads\/2024\/08\/2019_ford_fusion_sedan_titanium_fq_oem_1_1600.jpg","twitter_misc":{"Dur\u00e9e de lecture estim\u00e9e":"1 minute"},"schema":{"@context":"https:\/\/schema.org","@graph":[{"@type":"WebPage","@id":"https:\/\/carsa.ca\/product\/140w-2019-2020-ford-fusion-led-headlight-bulbs-2-bulbs\/","url":"https:\/\/carsa.ca\/product\/140w-2019-2020-ford-fusion-led-headlight-bulbs-2-bulbs\/","name":"Ampoules de phares LED (140 W) pour Ford Fusion 2019-2020 | 2 ampoules - Syst\u00e8me d&#039;\u00e9clairage automobile Carsa","isPartOf":{"@id":"https:\/\/carsa.ca\/#website"},"primaryImageOfPage":{"@id":"https:\/\/carsa.ca\/product\/140w-2019-2020-ford-fusion-led-headlight-bulbs-2-bulbs\/#primaryimage"},"image":{"@id":"https:\/\/carsa.ca\/product\/140w-2019-2020-ford-fusion-led-headlight-bulbs-2-bulbs\/#primaryimage"},"thumbnailUrl":"https:\/\/carsa.ca\/wp-content\/uploads\/2024\/08\/2019_ford_fusion_sedan_titanium_fq_oem_1_1600.jpg","datePublished":"2024-08-06T20:25:18+00:00","dateModified":"2024-08-27T19:36:39+00:00","description":"Ampoules de phares \u00e0 DEL (140 W) pour Ford Fusion 2019-2020 | 2 ampoules - Carsa Automotive Lighting System - info@carsa.ca","breadcrumb":{"@id":"https:\/\/carsa.ca\/product\/140w-2019-2020-ford-fusion-led-headlight-bulbs-2-bulbs\/#breadcrumb"},"inLanguage":"fr-FR","potentialAction":[{"@type":"ReadAction","target":["https:\/\/carsa.ca\/product\/140w-2019-2020-ford-fusion-led-headlight-bulbs-2-bulbs\/"]}]},{"@type":"ImageObject","inLanguage":"fr-FR","@id":"https:\/\/carsa.ca\/product\/140w-2019-2020-ford-fusion-led-headlight-bulbs-2-bulbs\/#primaryimage","url":"https:\/\/carsa.ca\/wp-content\/uploads\/2024\/08\/2019_ford_fusion_sedan_titanium_fq_oem_1_1600.jpg","contentUrl":"https:\/\/carsa.ca\/wp-content\/uploads\/2024\/08\/2019_ford_fusion_sedan_titanium_fq_oem_1_1600.jpg","width":1600,"height":1067},{"@type":"BreadcrumbList","@id":"https:\/\/carsa.ca\/product\/140w-2019-2020-ford-fusion-led-headlight-bulbs-2-bulbs\/#breadcrumb","itemListElement":[{"@type":"ListItem","position":1,"name":"Home","item":"https:\/\/carsa.ca\/"},{"@type":"ListItem","position":2,"name":"Shop","item":"https:\/\/carsa.ca\/fr\/shop\/"},{"@type":"ListItem","position":3,"name":"(140W) 2019-2020 Ford Fusion LED Headlight Bulbs | 2 Bulbs"}]},{"@type":"WebSite","@id":"https:\/\/carsa.ca\/#website","url":"https:\/\/carsa.ca\/","name":"Syst\u00e8me d&#039;\u00e9clairage automobile Carsa","description":"","publisher":{"@id":"https:\/\/carsa.ca\/#organization"},"potentialAction":[{"@type":"SearchAction","target":{"@type":"EntryPoint","urlTemplate":"https:\/\/carsa.ca\/?s={search_term_string}"},"query-input":{"@type":"PropertyValueSpecification","valueRequired":true,"valueName":"search_term_string"}}],"inLanguage":"fr-FR"},{"@type":"Organization","@id":"https:\/\/carsa.ca\/#organization","name":"Syst\u00e8me d&#039;\u00e9clairage automobile Carsa","url":"https:\/\/carsa.ca\/","logo":{"@type":"ImageObject","inLanguage":"fr-FR","@id":"https:\/\/carsa.ca\/#\/schema\/logo\/image\/","url":"https:\/\/carsa.ca\/wp-content\/uploads\/2024\/07\/CARSA-LOGO.svg","contentUrl":"https:\/\/carsa.ca\/wp-content\/uploads\/2024\/07\/CARSA-LOGO.svg","width":2512,"height":504,"caption":"Carsa Automotive Lighting System"},"image":{"@id":"https:\/\/carsa.ca\/#\/schema\/logo\/image\/"}}]}},"_links":{"self":[{"href":"https:\/\/carsa.ca\/fr\/wp-json\/wp\/v2\/product\/9157","targetHints":{"allow":["GET"]}}],"collection":[{"href":"https:\/\/carsa.ca\/fr\/wp-json\/wp\/v2\/product"}],"about":[{"href":"https:\/\/carsa.ca\/fr\/wp-json\/wp\/v2\/types\/product"}],"wp:featuredmedia":[{"embeddable":true,"href":"https:\/\/carsa.ca\/fr\/wp-json\/wp\/v2\/media\/9173"}],"wp:attachment":[{"href":"https:\/\/carsa.ca\/fr\/wp-json\/wp\/v2\/media?parent=9157"}],"wp:term":[{"taxonomy":"product_brand","embeddable":true,"href":"https:\/\/carsa.ca\/fr\/wp-json\/wp\/v2\/product_brand?post=9157"},{"taxonomy":"product_cat","embeddable":true,"href":"https:\/\/carsa.ca\/fr\/wp-json\/wp\/v2\/product_cat?post=9157"},{"taxonomy":"product_tag","embeddable":true,"href":"https:\/\/carsa.ca\/fr\/wp-json\/wp\/v2\/product_tag?post=9157"}],"curies":[{"name":"wp","href":"https:\/\/api.w.org\/{rel}","templated":true}]}}