{"id":9162,"date":"2024-08-06T20:25:18","date_gmt":"2024-08-06T20:25:18","guid":{"rendered":"https:\/\/demotasarim.online\/?post_type=product&#038;p=9162"},"modified":"2024-08-09T20:09:22","modified_gmt":"2024-08-09T20:09:22","slug":"2005-2012-ford-mustang-led-light-bulb","status":"publish","type":"product","link":"https:\/\/carsa.ca\/fr\/produit\/2005-2012-ford-mustang-led-light-bulb\/","title":{"rendered":"Ampoule LED pour Ford Mustang 2005-2012"},"content":{"rendered":"<p>Ampoules de phares \u00e0 LED Ford Mustang pour les ann\u00e9es 2005 \u00e0 2012. Remplacer le phare par des ampoules LED est un excellent moyen de personnaliser votre Ford Mustang et de fournir un rendement lumineux accru l\u00e0 o\u00f9 vous en avez le plus besoin. Avec ces ampoules de phares \u00e0 LED 3 couleurs 6500k 4300k 3000k, vos phares Ford Mustang 2005-2012 seront visibles par temps pluvieux, brumeux ou neigeux !<\/p>\n<div id=\"gap-138641646\" class=\"gap-element clearfix\"><\/div>\n<h2>Ampoules LED pour Ford Mustang 2005-2012<\/h2>\n<p><img fetchpriority=\"high\" decoding=\"async\" class=\"size-medium wp-image-10117\" src=\"https:\/\/carsa.ca\/wp-content\/uploads\/2023\/01\/carsa_logo-Duzenlendi-e1673439029810-400x142.png\" alt=\"carsa.ca\" width=\"400\" height=\"142\" \/><\/p>","protected":false},"excerpt":{"rendered":"<p>Ford Mustang LED headlight bulbs for 2005 to 2012 years. Replacing the headlight with LED bulbs is a great way to customize your Ford Mustang and provide increased light output where you need it most. With these 6500k 4300k 3000k 3 colors led headlight bulbs, your 2005 &#8211; 2012 Ford Mustang headlights will see through [&hellip;]<\/p>\n","protected":false},"featured_media":9174,"template":"","meta":[],"product_brand":[],"product_cat":[403,417],"product_tag":[414,409,418,415,416,405,406,407,410,411,408,413,419],"class_list":{"0":"post-9162","1":"product","2":"type-product","3":"status-publish","4":"has-post-thumbnail","6":"product_cat-for-ford","7":"product_cat-mustang","8":"product_tag-140w-2019-2020-ford-fusion-led-headlight-bulbs-2-bulbs","9":"product_tag-60w-2004-2014-ford-f150-led-headlight-bulb","10":"product_tag-2005-2012-ford-mustang-led-light-bulb","11":"product_tag-2019-2020-ford-fusion-led-headlight-bulb","12":"product_tag-2019-2020-ford-fusion-led-headlight-bulb-fog-light-bulb","13":"product_tag-for-ford-f150-bulbs","14":"product_tag-ford-f150-bulbs","15":"product_tag-ford-f150-headlights-bulb","16":"product_tag-ford-f150-led-headlight","17":"product_tag-ford-f150-led-headlight-bulb","18":"product_tag-ford-f150-led-headlight-bulbs","19":"product_tag-ford-fusion","20":"product_tag-ford-mustang","21":"product_shipping_class-standart","23":"first","24":"instock","25":"sale","26":"taxable","27":"shipping-taxable","28":"purchasable","29":"product-type-variable","30":"add-to-wishlist-after_add_to_cart"},"yoast_head":"<!-- This site is optimized with the Yoast SEO plugin v27.3 - https:\/\/yoast.com\/product\/yoast-seo-wordpress\/ -->\n<title>2005-2012 Ford Mustang LED Light Bulb - Carsa Automotive Lighting System<\/title>\n<meta name=\"description\" content=\"2005-2012 Ford Mustang LED Light Bulb - Carsa Automotive Lighting System - info@carsa.ca\" \/>\n<meta name=\"robots\" content=\"index, follow, max-snippet:-1, max-image-preview:large, max-video-preview:-1\" \/>\n<link rel=\"canonical\" href=\"https:\/\/carsa.ca\/fr\/produit\/2005-2012-ford-mustang-led-light-bulb\/\" \/>\n<meta property=\"og:locale\" content=\"fr_FR\" \/>\n<meta property=\"og:type\" content=\"article\" \/>\n<meta property=\"og:title\" content=\"2005-2012 Ford Mustang LED Light Bulb - Carsa Automotive Lighting System\" \/>\n<meta property=\"og:description\" content=\"2005-2012 Ford Mustang LED Light Bulb - Carsa Automotive Lighting System carsa.ca\" \/>\n<meta property=\"og:url\" content=\"https:\/\/carsa.ca\/fr\/produit\/2005-2012-ford-mustang-led-light-bulb\/\" \/>\n<meta property=\"og:site_name\" content=\"Carsa Automotive Lighting System\" \/>\n<meta property=\"article:modified_time\" content=\"2024-08-09T20:09:22+00:00\" \/>\n<meta name=\"twitter:card\" content=\"summary_large_image\" \/>\n<meta name=\"twitter:image\" content=\"https:\/\/carsa.ca\/wp-content\/uploads\/2024\/08\/mustang-2005.jpg\" \/>\n<meta name=\"twitter:label1\" content=\"Dur\u00e9e de lecture estim\u00e9e\" \/>\n\t<meta name=\"twitter:data1\" content=\"1 minute\" \/>\n<script type=\"application\/ld+json\" class=\"yoast-schema-graph\">{\"@context\":\"https:\\\/\\\/schema.org\",\"@graph\":[{\"@type\":\"WebPage\",\"@id\":\"https:\\\/\\\/carsa.ca\\\/product\\\/2005-2012-ford-mustang-led-light-bulb\\\/\",\"url\":\"https:\\\/\\\/carsa.ca\\\/product\\\/2005-2012-ford-mustang-led-light-bulb\\\/\",\"name\":\"2005-2012 Ford Mustang LED Light Bulb - Carsa Automotive Lighting System\",\"isPartOf\":{\"@id\":\"https:\\\/\\\/carsa.ca\\\/#website\"},\"primaryImageOfPage\":{\"@id\":\"https:\\\/\\\/carsa.ca\\\/product\\\/2005-2012-ford-mustang-led-light-bulb\\\/#primaryimage\"},\"image\":{\"@id\":\"https:\\\/\\\/carsa.ca\\\/product\\\/2005-2012-ford-mustang-led-light-bulb\\\/#primaryimage\"},\"thumbnailUrl\":\"https:\\\/\\\/carsa.ca\\\/wp-content\\\/uploads\\\/2024\\\/08\\\/mustang-2005.jpg\",\"datePublished\":\"2024-08-06T20:25:18+00:00\",\"dateModified\":\"2024-08-09T20:09:22+00:00\",\"description\":\"2005-2012 Ford Mustang LED Light Bulb - Carsa Automotive Lighting System - info@carsa.ca\",\"breadcrumb\":{\"@id\":\"https:\\\/\\\/carsa.ca\\\/product\\\/2005-2012-ford-mustang-led-light-bulb\\\/#breadcrumb\"},\"inLanguage\":\"fr-FR\",\"potentialAction\":[{\"@type\":\"ReadAction\",\"target\":[\"https:\\\/\\\/carsa.ca\\\/product\\\/2005-2012-ford-mustang-led-light-bulb\\\/\"]}]},{\"@type\":\"ImageObject\",\"inLanguage\":\"fr-FR\",\"@id\":\"https:\\\/\\\/carsa.ca\\\/product\\\/2005-2012-ford-mustang-led-light-bulb\\\/#primaryimage\",\"url\":\"https:\\\/\\\/carsa.ca\\\/wp-content\\\/uploads\\\/2024\\\/08\\\/mustang-2005.jpg\",\"contentUrl\":\"https:\\\/\\\/carsa.ca\\\/wp-content\\\/uploads\\\/2024\\\/08\\\/mustang-2005.jpg\",\"width\":1200,\"height\":600},{\"@type\":\"BreadcrumbList\",\"@id\":\"https:\\\/\\\/carsa.ca\\\/product\\\/2005-2012-ford-mustang-led-light-bulb\\\/#breadcrumb\",\"itemListElement\":[{\"@type\":\"ListItem\",\"position\":1,\"name\":\"Home\",\"item\":\"https:\\\/\\\/carsa.ca\\\/\"},{\"@type\":\"ListItem\",\"position\":2,\"name\":\"Shop\",\"item\":\"https:\\\/\\\/carsa.ca\\\/fr\\\/shop\\\/\"},{\"@type\":\"ListItem\",\"position\":3,\"name\":\"2005-2012 Ford Mustang LED Light Bulb\"}]},{\"@type\":\"WebSite\",\"@id\":\"https:\\\/\\\/carsa.ca\\\/#website\",\"url\":\"https:\\\/\\\/carsa.ca\\\/\",\"name\":\"Carsa Automotive Lighting System\",\"description\":\"\",\"publisher\":{\"@id\":\"https:\\\/\\\/carsa.ca\\\/#organization\"},\"potentialAction\":[{\"@type\":\"SearchAction\",\"target\":{\"@type\":\"EntryPoint\",\"urlTemplate\":\"https:\\\/\\\/carsa.ca\\\/?s={search_term_string}\"},\"query-input\":{\"@type\":\"PropertyValueSpecification\",\"valueRequired\":true,\"valueName\":\"search_term_string\"}}],\"inLanguage\":\"fr-FR\"},{\"@type\":\"Organization\",\"@id\":\"https:\\\/\\\/carsa.ca\\\/#organization\",\"name\":\"Carsa Automotive Lighting System\",\"url\":\"https:\\\/\\\/carsa.ca\\\/\",\"logo\":{\"@type\":\"ImageObject\",\"inLanguage\":\"fr-FR\",\"@id\":\"https:\\\/\\\/carsa.ca\\\/#\\\/schema\\\/logo\\\/image\\\/\",\"url\":\"https:\\\/\\\/carsa.ca\\\/wp-content\\\/uploads\\\/2024\\\/07\\\/CARSA-LOGO.svg\",\"contentUrl\":\"https:\\\/\\\/carsa.ca\\\/wp-content\\\/uploads\\\/2024\\\/07\\\/CARSA-LOGO.svg\",\"width\":2512,\"height\":504,\"caption\":\"Carsa Automotive Lighting System\"},\"image\":{\"@id\":\"https:\\\/\\\/carsa.ca\\\/#\\\/schema\\\/logo\\\/image\\\/\"}}]}<\/script>\n<!-- \/ Yoast SEO plugin. -->","yoast_head_json":{"title":"2005-2012 Ford Mustang LED Light Bulb - Carsa Automotive Lighting System","description":"2005-2012 Ford Mustang LED Light Bulb - Carsa Automotive Lighting System - info@carsa.ca","robots":{"index":"index","follow":"follow","max-snippet":"max-snippet:-1","max-image-preview":"max-image-preview:large","max-video-preview":"max-video-preview:-1"},"canonical":"https:\/\/carsa.ca\/fr\/produit\/2005-2012-ford-mustang-led-light-bulb\/","og_locale":"fr_FR","og_type":"article","og_title":"2005-2012 Ford Mustang LED Light Bulb - Carsa Automotive Lighting System","og_description":"2005-2012 Ford Mustang LED Light Bulb - Carsa Automotive Lighting System carsa.ca","og_url":"https:\/\/carsa.ca\/fr\/produit\/2005-2012-ford-mustang-led-light-bulb\/","og_site_name":"Carsa Automotive Lighting System","article_modified_time":"2024-08-09T20:09:22+00:00","twitter_card":"summary_large_image","twitter_image":"https:\/\/carsa.ca\/wp-content\/uploads\/2024\/08\/mustang-2005.jpg","twitter_misc":{"Dur\u00e9e de lecture estim\u00e9e":"1 minute"},"schema":{"@context":"https:\/\/schema.org","@graph":[{"@type":"WebPage","@id":"https:\/\/carsa.ca\/product\/2005-2012-ford-mustang-led-light-bulb\/","url":"https:\/\/carsa.ca\/product\/2005-2012-ford-mustang-led-light-bulb\/","name":"2005-2012 Ford Mustang LED Light Bulb - Carsa Automotive Lighting System","isPartOf":{"@id":"https:\/\/carsa.ca\/#website"},"primaryImageOfPage":{"@id":"https:\/\/carsa.ca\/product\/2005-2012-ford-mustang-led-light-bulb\/#primaryimage"},"image":{"@id":"https:\/\/carsa.ca\/product\/2005-2012-ford-mustang-led-light-bulb\/#primaryimage"},"thumbnailUrl":"https:\/\/carsa.ca\/wp-content\/uploads\/2024\/08\/mustang-2005.jpg","datePublished":"2024-08-06T20:25:18+00:00","dateModified":"2024-08-09T20:09:22+00:00","description":"2005-2012 Ford Mustang LED Light Bulb - Carsa Automotive Lighting System - info@carsa.ca","breadcrumb":{"@id":"https:\/\/carsa.ca\/product\/2005-2012-ford-mustang-led-light-bulb\/#breadcrumb"},"inLanguage":"fr-FR","potentialAction":[{"@type":"ReadAction","target":["https:\/\/carsa.ca\/product\/2005-2012-ford-mustang-led-light-bulb\/"]}]},{"@type":"ImageObject","inLanguage":"fr-FR","@id":"https:\/\/carsa.ca\/product\/2005-2012-ford-mustang-led-light-bulb\/#primaryimage","url":"https:\/\/carsa.ca\/wp-content\/uploads\/2024\/08\/mustang-2005.jpg","contentUrl":"https:\/\/carsa.ca\/wp-content\/uploads\/2024\/08\/mustang-2005.jpg","width":1200,"height":600},{"@type":"BreadcrumbList","@id":"https:\/\/carsa.ca\/product\/2005-2012-ford-mustang-led-light-bulb\/#breadcrumb","itemListElement":[{"@type":"ListItem","position":1,"name":"Home","item":"https:\/\/carsa.ca\/"},{"@type":"ListItem","position":2,"name":"Shop","item":"https:\/\/carsa.ca\/fr\/shop\/"},{"@type":"ListItem","position":3,"name":"2005-2012 Ford Mustang LED Light Bulb"}]},{"@type":"WebSite","@id":"https:\/\/carsa.ca\/#website","url":"https:\/\/carsa.ca\/","name":"Syst\u00e8me d&#039;\u00e9clairage automobile Carsa","description":"","publisher":{"@id":"https:\/\/carsa.ca\/#organization"},"potentialAction":[{"@type":"SearchAction","target":{"@type":"EntryPoint","urlTemplate":"https:\/\/carsa.ca\/?s={search_term_string}"},"query-input":{"@type":"PropertyValueSpecification","valueRequired":true,"valueName":"search_term_string"}}],"inLanguage":"fr-FR"},{"@type":"Organization","@id":"https:\/\/carsa.ca\/#organization","name":"Syst\u00e8me d&#039;\u00e9clairage automobile Carsa","url":"https:\/\/carsa.ca\/","logo":{"@type":"ImageObject","inLanguage":"fr-FR","@id":"https:\/\/carsa.ca\/#\/schema\/logo\/image\/","url":"https:\/\/carsa.ca\/wp-content\/uploads\/2024\/07\/CARSA-LOGO.svg","contentUrl":"https:\/\/carsa.ca\/wp-content\/uploads\/2024\/07\/CARSA-LOGO.svg","width":2512,"height":504,"caption":"Carsa Automotive Lighting System"},"image":{"@id":"https:\/\/carsa.ca\/#\/schema\/logo\/image\/"}}]}},"_links":{"self":[{"href":"https:\/\/carsa.ca\/fr\/wp-json\/wp\/v2\/product\/9162","targetHints":{"allow":["GET"]}}],"collection":[{"href":"https:\/\/carsa.ca\/fr\/wp-json\/wp\/v2\/product"}],"about":[{"href":"https:\/\/carsa.ca\/fr\/wp-json\/wp\/v2\/types\/product"}],"wp:featuredmedia":[{"embeddable":true,"href":"https:\/\/carsa.ca\/fr\/wp-json\/wp\/v2\/media\/9174"}],"wp:attachment":[{"href":"https:\/\/carsa.ca\/fr\/wp-json\/wp\/v2\/media?parent=9162"}],"wp:term":[{"taxonomy":"product_brand","embeddable":true,"href":"https:\/\/carsa.ca\/fr\/wp-json\/wp\/v2\/product_brand?post=9162"},{"taxonomy":"product_cat","embeddable":true,"href":"https:\/\/carsa.ca\/fr\/wp-json\/wp\/v2\/product_cat?post=9162"},{"taxonomy":"product_tag","embeddable":true,"href":"https:\/\/carsa.ca\/fr\/wp-json\/wp\/v2\/product_tag?post=9162"}],"curies":[{"name":"wp","href":"https:\/\/api.w.org\/{rel}","templated":true}]}}