{"id":9177,"date":"2024-08-06T20:25:34","date_gmt":"2024-08-06T20:25:34","guid":{"rendered":"https:\/\/demotasarim.online\/?post_type=product&#038;p=9177"},"modified":"2024-08-09T20:09:22","modified_gmt":"2024-08-09T20:09:22","slug":"100w-2015-2018-ford-mustang-led-light-bulbs-2-bulbs","status":"publish","type":"product","link":"https:\/\/carsa.ca\/fr\/produit\/100w-2015-2018-ford-mustang-led-light-bulbs-2-bulbs\/","title":{"rendered":"Ampoules LED (100 W) pour Ford Mustang 2015-2018 | 2 ampoules"},"content":{"rendered":"<p>Les ampoules de phares de s\u00e9rie de la Ford Mustang sont trop faibles pour \u00e9clairer la nuit. Am\u00e9liorez le style de votre Mustang avec ces ampoules de phares LED 100 W 20 000 lm d\u00e8s aujourd&#039;hui, elles rendront vos phares Ford Mustang 3 fois plus lumineux !<\/p>\n<h3>Ampoules LED pour Ford Mustang<\/h3>\n<p><img fetchpriority=\"high\" decoding=\"async\" src=\"https:\/\/carsa.ca\/wp-content\/uploads\/2023\/01\/carsa_logo-Duzenlendi-e1673439029810-400x142.png\" class=\"size-medium wp-image-10117\" width=\"400\" height=\"142\" alt=\"carsa.ca\"><\/p>","protected":false},"excerpt":{"rendered":"<p>Les ampoules d&#039;origine des phares de votre Ford Mustang sont trop faibles pour \u00e9clairer la nuit. Am\u00e9liorez le style de votre Mustang d\u00e8s aujourd&#039;hui avec ces ampoules LED 100 W 20\u00a0000 lm\u00a0! Elles tripleront la luminosit\u00e9 de vos phares. Ampoules LED pour Ford Mustang<\/p>","protected":false},"featured_media":9205,"template":"","meta":[],"product_brand":[],"product_cat":[403,417],"product_tag":[420,414,409,418,415,416,405,406,407,410,411,408,413,419],"class_list":{"0":"post-9177","1":"product","2":"type-product","3":"status-publish","4":"has-post-thumbnail","6":"product_cat-for-ford","7":"product_cat-mustang","8":"product_tag-100w-2015-2018-ford-mustang-led-light-bulbs","9":"product_tag-140w-2019-2020-ford-fusion-led-headlight-bulbs-2-bulbs","10":"product_tag-60w-2004-2014-ford-f150-led-headlight-bulb","11":"product_tag-2005-2012-ford-mustang-led-light-bulb","12":"product_tag-2019-2020-ford-fusion-led-headlight-bulb","13":"product_tag-2019-2020-ford-fusion-led-headlight-bulb-fog-light-bulb","14":"product_tag-for-ford-f150-bulbs","15":"product_tag-ford-f150-bulbs","16":"product_tag-ford-f150-headlights-bulb","17":"product_tag-ford-f150-led-headlight","18":"product_tag-ford-f150-led-headlight-bulb","19":"product_tag-ford-f150-led-headlight-bulbs","20":"product_tag-ford-fusion","21":"product_tag-ford-mustang","22":"product_shipping_class-standart","24":"first","25":"instock","26":"sale","27":"taxable","28":"shipping-taxable","29":"purchasable","30":"product-type-variable","31":"add-to-wishlist-after_add_to_cart"},"yoast_head":"<!-- This site is optimized with the Yoast SEO plugin v27.3 - https:\/\/yoast.com\/product\/yoast-seo-wordpress\/ -->\n<title>(100W) 2015-2018 Ford Mustang LED Light Bulbs | 2 Bulbs - Carsa Automotive Lighting System<\/title>\n<meta name=\"description\" content=\"(100W) 2015-2018 Ford Mustang LED Light Bulbs | 2 Bulbs - Carsa Automotive Lighting System - info@carsa.ca\" \/>\n<meta name=\"robots\" content=\"index, follow, max-snippet:-1, max-image-preview:large, max-video-preview:-1\" \/>\n<link rel=\"canonical\" href=\"https:\/\/carsa.ca\/fr\/produit\/100w-2015-2018-ford-mustang-led-light-bulbs-2-bulbs\/\" \/>\n<meta property=\"og:locale\" content=\"fr_FR\" \/>\n<meta property=\"og:type\" content=\"article\" \/>\n<meta property=\"og:title\" content=\"(100W) 2015-2018 Ford Mustang LED Light Bulbs | 2 Bulbs - Carsa Automotive Lighting System\" \/>\n<meta property=\"og:description\" content=\"(100W) 2015-2018 Ford Mustang LED Light Bulbs | 2 Bulbs - Carsa Automotive Lighting System carsa.ca\" \/>\n<meta property=\"og:url\" content=\"https:\/\/carsa.ca\/fr\/produit\/100w-2015-2018-ford-mustang-led-light-bulbs-2-bulbs\/\" \/>\n<meta property=\"og:site_name\" content=\"Carsa Automotive Lighting System\" \/>\n<meta property=\"article:modified_time\" content=\"2024-08-09T20:09:22+00:00\" \/>\n<meta name=\"twitter:card\" content=\"summary_large_image\" \/>\n<meta name=\"twitter:image\" content=\"https:\/\/carsa.ca\/wp-content\/uploads\/2024\/08\/ford-mustang-2018-scaled-1.jpg\" \/>\n<meta name=\"twitter:label1\" content=\"Dur\u00e9e de lecture estim\u00e9e\" \/>\n\t<meta name=\"twitter:data1\" content=\"1 minute\" \/>\n<script type=\"application\/ld+json\" class=\"yoast-schema-graph\">{\"@context\":\"https:\\\/\\\/schema.org\",\"@graph\":[{\"@type\":\"WebPage\",\"@id\":\"https:\\\/\\\/carsa.ca\\\/product\\\/100w-2015-2018-ford-mustang-led-light-bulbs-2-bulbs\\\/\",\"url\":\"https:\\\/\\\/carsa.ca\\\/product\\\/100w-2015-2018-ford-mustang-led-light-bulbs-2-bulbs\\\/\",\"name\":\"(100W) 2015-2018 Ford Mustang LED Light Bulbs | 2 Bulbs - Carsa Automotive Lighting System\",\"isPartOf\":{\"@id\":\"https:\\\/\\\/carsa.ca\\\/#website\"},\"primaryImageOfPage\":{\"@id\":\"https:\\\/\\\/carsa.ca\\\/product\\\/100w-2015-2018-ford-mustang-led-light-bulbs-2-bulbs\\\/#primaryimage\"},\"image\":{\"@id\":\"https:\\\/\\\/carsa.ca\\\/product\\\/100w-2015-2018-ford-mustang-led-light-bulbs-2-bulbs\\\/#primaryimage\"},\"thumbnailUrl\":\"https:\\\/\\\/carsa.ca\\\/wp-content\\\/uploads\\\/2024\\\/08\\\/ford-mustang-2018-scaled-1.jpg\",\"datePublished\":\"2024-08-06T20:25:34+00:00\",\"dateModified\":\"2024-08-09T20:09:22+00:00\",\"description\":\"(100W) 2015-2018 Ford Mustang LED Light Bulbs | 2 Bulbs - Carsa Automotive Lighting System - info@carsa.ca\",\"breadcrumb\":{\"@id\":\"https:\\\/\\\/carsa.ca\\\/product\\\/100w-2015-2018-ford-mustang-led-light-bulbs-2-bulbs\\\/#breadcrumb\"},\"inLanguage\":\"fr-FR\",\"potentialAction\":[{\"@type\":\"ReadAction\",\"target\":[\"https:\\\/\\\/carsa.ca\\\/product\\\/100w-2015-2018-ford-mustang-led-light-bulbs-2-bulbs\\\/\"]}]},{\"@type\":\"ImageObject\",\"inLanguage\":\"fr-FR\",\"@id\":\"https:\\\/\\\/carsa.ca\\\/product\\\/100w-2015-2018-ford-mustang-led-light-bulbs-2-bulbs\\\/#primaryimage\",\"url\":\"https:\\\/\\\/carsa.ca\\\/wp-content\\\/uploads\\\/2024\\\/08\\\/ford-mustang-2018-scaled-1.jpg\",\"contentUrl\":\"https:\\\/\\\/carsa.ca\\\/wp-content\\\/uploads\\\/2024\\\/08\\\/ford-mustang-2018-scaled-1.jpg\",\"width\":2560,\"height\":1440},{\"@type\":\"BreadcrumbList\",\"@id\":\"https:\\\/\\\/carsa.ca\\\/product\\\/100w-2015-2018-ford-mustang-led-light-bulbs-2-bulbs\\\/#breadcrumb\",\"itemListElement\":[{\"@type\":\"ListItem\",\"position\":1,\"name\":\"Home\",\"item\":\"https:\\\/\\\/carsa.ca\\\/\"},{\"@type\":\"ListItem\",\"position\":2,\"name\":\"Shop\",\"item\":\"https:\\\/\\\/carsa.ca\\\/fr\\\/shop\\\/\"},{\"@type\":\"ListItem\",\"position\":3,\"name\":\"(100W) 2015-2018 Ford Mustang LED Light Bulbs | 2 Bulbs\"}]},{\"@type\":\"WebSite\",\"@id\":\"https:\\\/\\\/carsa.ca\\\/#website\",\"url\":\"https:\\\/\\\/carsa.ca\\\/\",\"name\":\"Carsa Automotive Lighting System\",\"description\":\"\",\"publisher\":{\"@id\":\"https:\\\/\\\/carsa.ca\\\/#organization\"},\"potentialAction\":[{\"@type\":\"SearchAction\",\"target\":{\"@type\":\"EntryPoint\",\"urlTemplate\":\"https:\\\/\\\/carsa.ca\\\/?s={search_term_string}\"},\"query-input\":{\"@type\":\"PropertyValueSpecification\",\"valueRequired\":true,\"valueName\":\"search_term_string\"}}],\"inLanguage\":\"fr-FR\"},{\"@type\":\"Organization\",\"@id\":\"https:\\\/\\\/carsa.ca\\\/#organization\",\"name\":\"Carsa Automotive Lighting System\",\"url\":\"https:\\\/\\\/carsa.ca\\\/\",\"logo\":{\"@type\":\"ImageObject\",\"inLanguage\":\"fr-FR\",\"@id\":\"https:\\\/\\\/carsa.ca\\\/#\\\/schema\\\/logo\\\/image\\\/\",\"url\":\"https:\\\/\\\/carsa.ca\\\/wp-content\\\/uploads\\\/2024\\\/07\\\/CARSA-LOGO.svg\",\"contentUrl\":\"https:\\\/\\\/carsa.ca\\\/wp-content\\\/uploads\\\/2024\\\/07\\\/CARSA-LOGO.svg\",\"width\":2512,\"height\":504,\"caption\":\"Carsa Automotive Lighting System\"},\"image\":{\"@id\":\"https:\\\/\\\/carsa.ca\\\/#\\\/schema\\\/logo\\\/image\\\/\"}}]}<\/script>\n<!-- \/ Yoast SEO plugin. -->","yoast_head_json":{"title":"(100W) 2015-2018 Ford Mustang LED Light Bulbs | 2 Bulbs - Carsa Automotive Lighting System","description":"(100W) 2015-2018 Ford Mustang LED Light Bulbs | 2 Bulbs - Carsa Automotive Lighting System - info@carsa.ca","robots":{"index":"index","follow":"follow","max-snippet":"max-snippet:-1","max-image-preview":"max-image-preview:large","max-video-preview":"max-video-preview:-1"},"canonical":"https:\/\/carsa.ca\/fr\/produit\/100w-2015-2018-ford-mustang-led-light-bulbs-2-bulbs\/","og_locale":"fr_FR","og_type":"article","og_title":"(100W) 2015-2018 Ford Mustang LED Light Bulbs | 2 Bulbs - Carsa Automotive Lighting System","og_description":"(100W) 2015-2018 Ford Mustang LED Light Bulbs | 2 Bulbs - Carsa Automotive Lighting System carsa.ca","og_url":"https:\/\/carsa.ca\/fr\/produit\/100w-2015-2018-ford-mustang-led-light-bulbs-2-bulbs\/","og_site_name":"Carsa Automotive Lighting System","article_modified_time":"2024-08-09T20:09:22+00:00","twitter_card":"summary_large_image","twitter_image":"https:\/\/carsa.ca\/wp-content\/uploads\/2024\/08\/ford-mustang-2018-scaled-1.jpg","twitter_misc":{"Dur\u00e9e de lecture estim\u00e9e":"1 minute"},"schema":{"@context":"https:\/\/schema.org","@graph":[{"@type":"WebPage","@id":"https:\/\/carsa.ca\/product\/100w-2015-2018-ford-mustang-led-light-bulbs-2-bulbs\/","url":"https:\/\/carsa.ca\/product\/100w-2015-2018-ford-mustang-led-light-bulbs-2-bulbs\/","name":"(100W) 2015-2018 Ford Mustang LED Light Bulbs | 2 Bulbs - Carsa Automotive Lighting System","isPartOf":{"@id":"https:\/\/carsa.ca\/#website"},"primaryImageOfPage":{"@id":"https:\/\/carsa.ca\/product\/100w-2015-2018-ford-mustang-led-light-bulbs-2-bulbs\/#primaryimage"},"image":{"@id":"https:\/\/carsa.ca\/product\/100w-2015-2018-ford-mustang-led-light-bulbs-2-bulbs\/#primaryimage"},"thumbnailUrl":"https:\/\/carsa.ca\/wp-content\/uploads\/2024\/08\/ford-mustang-2018-scaled-1.jpg","datePublished":"2024-08-06T20:25:34+00:00","dateModified":"2024-08-09T20:09:22+00:00","description":"(100W) 2015-2018 Ford Mustang LED Light Bulbs | 2 Bulbs - Carsa Automotive Lighting System - info@carsa.ca","breadcrumb":{"@id":"https:\/\/carsa.ca\/product\/100w-2015-2018-ford-mustang-led-light-bulbs-2-bulbs\/#breadcrumb"},"inLanguage":"fr-FR","potentialAction":[{"@type":"ReadAction","target":["https:\/\/carsa.ca\/product\/100w-2015-2018-ford-mustang-led-light-bulbs-2-bulbs\/"]}]},{"@type":"ImageObject","inLanguage":"fr-FR","@id":"https:\/\/carsa.ca\/product\/100w-2015-2018-ford-mustang-led-light-bulbs-2-bulbs\/#primaryimage","url":"https:\/\/carsa.ca\/wp-content\/uploads\/2024\/08\/ford-mustang-2018-scaled-1.jpg","contentUrl":"https:\/\/carsa.ca\/wp-content\/uploads\/2024\/08\/ford-mustang-2018-scaled-1.jpg","width":2560,"height":1440},{"@type":"BreadcrumbList","@id":"https:\/\/carsa.ca\/product\/100w-2015-2018-ford-mustang-led-light-bulbs-2-bulbs\/#breadcrumb","itemListElement":[{"@type":"ListItem","position":1,"name":"Home","item":"https:\/\/carsa.ca\/"},{"@type":"ListItem","position":2,"name":"Shop","item":"https:\/\/carsa.ca\/fr\/shop\/"},{"@type":"ListItem","position":3,"name":"(100W) 2015-2018 Ford Mustang LED Light Bulbs | 2 Bulbs"}]},{"@type":"WebSite","@id":"https:\/\/carsa.ca\/#website","url":"https:\/\/carsa.ca\/","name":"Syst\u00e8me d&#039;\u00e9clairage automobile Carsa","description":"","publisher":{"@id":"https:\/\/carsa.ca\/#organization"},"potentialAction":[{"@type":"SearchAction","target":{"@type":"EntryPoint","urlTemplate":"https:\/\/carsa.ca\/?s={search_term_string}"},"query-input":{"@type":"PropertyValueSpecification","valueRequired":true,"valueName":"search_term_string"}}],"inLanguage":"fr-FR"},{"@type":"Organization","@id":"https:\/\/carsa.ca\/#organization","name":"Syst\u00e8me d&#039;\u00e9clairage automobile Carsa","url":"https:\/\/carsa.ca\/","logo":{"@type":"ImageObject","inLanguage":"fr-FR","@id":"https:\/\/carsa.ca\/#\/schema\/logo\/image\/","url":"https:\/\/carsa.ca\/wp-content\/uploads\/2024\/07\/CARSA-LOGO.svg","contentUrl":"https:\/\/carsa.ca\/wp-content\/uploads\/2024\/07\/CARSA-LOGO.svg","width":2512,"height":504,"caption":"Carsa Automotive Lighting System"},"image":{"@id":"https:\/\/carsa.ca\/#\/schema\/logo\/image\/"}}]}},"_links":{"self":[{"href":"https:\/\/carsa.ca\/fr\/wp-json\/wp\/v2\/product\/9177","targetHints":{"allow":["GET"]}}],"collection":[{"href":"https:\/\/carsa.ca\/fr\/wp-json\/wp\/v2\/product"}],"about":[{"href":"https:\/\/carsa.ca\/fr\/wp-json\/wp\/v2\/types\/product"}],"wp:featuredmedia":[{"embeddable":true,"href":"https:\/\/carsa.ca\/fr\/wp-json\/wp\/v2\/media\/9205"}],"wp:attachment":[{"href":"https:\/\/carsa.ca\/fr\/wp-json\/wp\/v2\/media?parent=9177"}],"wp:term":[{"taxonomy":"product_brand","embeddable":true,"href":"https:\/\/carsa.ca\/fr\/wp-json\/wp\/v2\/product_brand?post=9177"},{"taxonomy":"product_cat","embeddable":true,"href":"https:\/\/carsa.ca\/fr\/wp-json\/wp\/v2\/product_cat?post=9177"},{"taxonomy":"product_tag","embeddable":true,"href":"https:\/\/carsa.ca\/fr\/wp-json\/wp\/v2\/product_tag?post=9177"}],"curies":[{"name":"wp","href":"https:\/\/api.w.org\/{rel}","templated":true}]}}