{"id":9186,"date":"2024-08-06T20:25:34","date_gmt":"2024-08-06T20:25:34","guid":{"rendered":"https:\/\/demotasarim.online\/?post_type=product&#038;p=9186"},"modified":"2024-08-27T19:38:55","modified_gmt":"2024-08-27T19:38:55","slug":"60w-2001-2011-ford-ranger-led-headlight-bulb","status":"publish","type":"product","link":"https:\/\/carsa.ca\/fr\/produit\/60w-2001-2011-ford-ranger-led-headlight-bulb\/","title":{"rendered":"Ampoules de phares \u00e0 LED pour Ford Ranger 2001-2011"},"content":{"rendered":"<p>Si vous cherchez \u00e0 am\u00e9liorer \u00e0 la fois l&#039;apparence et la fonctionnalit\u00e9 de votre Ford Ranger, optez pour une ampoule de phare LED puissante. Avec cette ampoule de phare 100W 20000LM, vos phares Ford Ranger seront 300% plus lumineux. Remplacez vos phares Ford Ranger par une ampoule LED Carsa d\u00e8s aujourd&#039;hui !<\/p>\n<h3>Ampoule de phare \u00e0 DEL pour Ford Ranger 2001-2011<\/h3>\n<ul>\n<li>Feux de route et de croisement \u2013 <a href=\"https:\/\/carsa.ca\/fr\/produit\/9007-led-hb5-head-lights-day-time-running-lights-white-6000k-2-bulbs\/\">Ampoule LED 9007<\/a><\/li>\n<li>Feu antibrouillard \u2013 <a href=\"https:\/\/carsa.ca\/fr\/produit\/9145-led-h10-9040-9055-9140-9150-9155-fog-lights-day-time-running-lights-white-6500k-2-bulbs\/\">Ampoule LED H10<\/a> (Pour Ranger STX 2005-2007, le feu antibrouillard est <a href=\"https:\/\/carsa.ca\/fr\/produit\/h11-h9-h8-led-headlight-bulbs-100w-20000lm-2-bulbs\/\">Taille H11<\/a>)<\/li>\n<\/ul>\n<div id=\"row-1707705960\" class=\"row row-small\">\n<div id=\"col-1044796088\" class=\"col small-12 large-12\">\n<div class=\"col-inner\">\n<p>Les ampoules LED Carsa sont dot\u00e9es d&#039;un design tout-en-un, presque de la m\u00eame taille que les ampoules halog\u00e8nes, mais 200% plus lumineuses que les phares halog\u00e8nes. Pour un look haut de gamme moderne, personnalisez votre voiture avec les ampoules de phares LED Carsa.<\/p>\n<\/div>\n<\/div>\n<\/div>\n<p><img fetchpriority=\"high\" decoding=\"async\" class=\"size-medium wp-image-10117\" src=\"https:\/\/carsa.ca\/wp-content\/uploads\/2023\/01\/carsa_logo-Duzenlendi-e1673439029810-400x142.png\" alt=\"carsa.ca\" width=\"400\" height=\"142\" \/><\/p>","protected":false},"excerpt":{"rendered":"<p>If you are looking to improve both the look and function of your Ford Ranger, upgrade to a powerful LED headlight bulb. With this 100W 20000LM headlight bulb, your Ford Ranger headlights will be 300% brighter. Replace your Ford ranger headlights with Carsa led bulb today! 2001-2011 Ford Ranger LED Headlight Bulb High Low Beam [&hellip;]<\/p>\n","protected":false},"featured_media":9206,"template":"","meta":[],"product_brand":[],"product_cat":[403,421],"product_tag":[420,414,409,422,423,418,415,416,405,406,407,410,411,408,413,419,424],"class_list":{"0":"post-9186","1":"product","2":"type-product","3":"status-publish","4":"has-post-thumbnail","6":"product_cat-for-ford","7":"product_cat-ranger","8":"product_tag-100w-2015-2018-ford-mustang-led-light-bulbs","9":"product_tag-140w-2019-2020-ford-fusion-led-headlight-bulbs-2-bulbs","10":"product_tag-60w-2004-2014-ford-f150-led-headlight-bulb","11":"product_tag-2001-2011-ford-ranger-led","12":"product_tag-2001-2011-ford-ranger-led-headlight-bulb","13":"product_tag-2005-2012-ford-mustang-led-light-bulb","14":"product_tag-2019-2020-ford-fusion-led-headlight-bulb","15":"product_tag-2019-2020-ford-fusion-led-headlight-bulb-fog-light-bulb","16":"product_tag-for-ford-f150-bulbs","17":"product_tag-ford-f150-bulbs","18":"product_tag-ford-f150-headlights-bulb","19":"product_tag-ford-f150-led-headlight","20":"product_tag-ford-f150-led-headlight-bulb","21":"product_tag-ford-f150-led-headlight-bulbs","22":"product_tag-ford-fusion","23":"product_tag-ford-mustang","24":"product_tag-ford-ranger-led-headlight-bulb","25":"product_shipping_class-standart","27":"first","28":"instock","29":"sale","30":"taxable","31":"shipping-taxable","32":"purchasable","33":"product-type-variable","34":"add-to-wishlist-after_add_to_cart"},"yoast_head":"<!-- This site is optimized with the Yoast SEO plugin v27.3 - https:\/\/yoast.com\/product\/yoast-seo-wordpress\/ -->\n<title>2001-2011 Ford Ranger LED Headlight Bulbs - Carsa Automotive Lighting System<\/title>\n<meta name=\"description\" content=\"2001-2011 Ford Ranger LED Headlight Bulbs - Carsa Automotive Lighting System - info@carsa.ca\" \/>\n<meta name=\"robots\" content=\"index, follow, max-snippet:-1, max-image-preview:large, max-video-preview:-1\" \/>\n<link rel=\"canonical\" href=\"https:\/\/carsa.ca\/fr\/produit\/60w-2001-2011-ford-ranger-led-headlight-bulb\/\" \/>\n<meta property=\"og:locale\" content=\"fr_FR\" \/>\n<meta property=\"og:type\" content=\"article\" \/>\n<meta property=\"og:title\" content=\"2001-2011 Ford Ranger LED Headlight Bulbs - Carsa Automotive Lighting System\" \/>\n<meta property=\"og:description\" content=\"2001-2011 Ford Ranger LED Headlight Bulbs - Carsa Automotive Lighting System carsa.ca\" \/>\n<meta property=\"og:url\" content=\"https:\/\/carsa.ca\/fr\/produit\/60w-2001-2011-ford-ranger-led-headlight-bulb\/\" \/>\n<meta property=\"og:site_name\" content=\"Carsa Automotive Lighting System\" \/>\n<meta property=\"article:modified_time\" content=\"2024-08-27T19:38:55+00:00\" \/>\n<meta name=\"twitter:card\" content=\"summary_large_image\" \/>\n<meta name=\"twitter:image\" content=\"https:\/\/carsa.ca\/wp-content\/uploads\/2024\/08\/ford-ranger-2001.jpg\" \/>\n<meta name=\"twitter:label1\" content=\"Dur\u00e9e de lecture estim\u00e9e\" \/>\n\t<meta name=\"twitter:data1\" content=\"1 minute\" \/>\n<script type=\"application\/ld+json\" class=\"yoast-schema-graph\">{\"@context\":\"https:\\\/\\\/schema.org\",\"@graph\":[{\"@type\":\"WebPage\",\"@id\":\"https:\\\/\\\/carsa.ca\\\/product\\\/60w-2001-2011-ford-ranger-led-headlight-bulb\\\/\",\"url\":\"https:\\\/\\\/carsa.ca\\\/product\\\/60w-2001-2011-ford-ranger-led-headlight-bulb\\\/\",\"name\":\"2001-2011 Ford Ranger LED Headlight Bulbs - Carsa Automotive Lighting System\",\"isPartOf\":{\"@id\":\"https:\\\/\\\/carsa.ca\\\/#website\"},\"primaryImageOfPage\":{\"@id\":\"https:\\\/\\\/carsa.ca\\\/product\\\/60w-2001-2011-ford-ranger-led-headlight-bulb\\\/#primaryimage\"},\"image\":{\"@id\":\"https:\\\/\\\/carsa.ca\\\/product\\\/60w-2001-2011-ford-ranger-led-headlight-bulb\\\/#primaryimage\"},\"thumbnailUrl\":\"https:\\\/\\\/carsa.ca\\\/wp-content\\\/uploads\\\/2024\\\/08\\\/ford-ranger-2001.jpg\",\"datePublished\":\"2024-08-06T20:25:34+00:00\",\"dateModified\":\"2024-08-27T19:38:55+00:00\",\"description\":\"2001-2011 Ford Ranger LED Headlight Bulbs - Carsa Automotive Lighting System - info@carsa.ca\",\"breadcrumb\":{\"@id\":\"https:\\\/\\\/carsa.ca\\\/product\\\/60w-2001-2011-ford-ranger-led-headlight-bulb\\\/#breadcrumb\"},\"inLanguage\":\"fr-FR\",\"potentialAction\":[{\"@type\":\"ReadAction\",\"target\":[\"https:\\\/\\\/carsa.ca\\\/product\\\/60w-2001-2011-ford-ranger-led-headlight-bulb\\\/\"]}]},{\"@type\":\"ImageObject\",\"inLanguage\":\"fr-FR\",\"@id\":\"https:\\\/\\\/carsa.ca\\\/product\\\/60w-2001-2011-ford-ranger-led-headlight-bulb\\\/#primaryimage\",\"url\":\"https:\\\/\\\/carsa.ca\\\/wp-content\\\/uploads\\\/2024\\\/08\\\/ford-ranger-2001.jpg\",\"contentUrl\":\"https:\\\/\\\/carsa.ca\\\/wp-content\\\/uploads\\\/2024\\\/08\\\/ford-ranger-2001.jpg\",\"width\":640,\"height\":480},{\"@type\":\"BreadcrumbList\",\"@id\":\"https:\\\/\\\/carsa.ca\\\/product\\\/60w-2001-2011-ford-ranger-led-headlight-bulb\\\/#breadcrumb\",\"itemListElement\":[{\"@type\":\"ListItem\",\"position\":1,\"name\":\"Home\",\"item\":\"https:\\\/\\\/carsa.ca\\\/\"},{\"@type\":\"ListItem\",\"position\":2,\"name\":\"Shop\",\"item\":\"https:\\\/\\\/carsa.ca\\\/fr\\\/shop\\\/\"},{\"@type\":\"ListItem\",\"position\":3,\"name\":\"2001-2011 Ford Ranger LED Headlight Bulbs\"}]},{\"@type\":\"WebSite\",\"@id\":\"https:\\\/\\\/carsa.ca\\\/#website\",\"url\":\"https:\\\/\\\/carsa.ca\\\/\",\"name\":\"Carsa Automotive Lighting System\",\"description\":\"\",\"publisher\":{\"@id\":\"https:\\\/\\\/carsa.ca\\\/#organization\"},\"potentialAction\":[{\"@type\":\"SearchAction\",\"target\":{\"@type\":\"EntryPoint\",\"urlTemplate\":\"https:\\\/\\\/carsa.ca\\\/?s={search_term_string}\"},\"query-input\":{\"@type\":\"PropertyValueSpecification\",\"valueRequired\":true,\"valueName\":\"search_term_string\"}}],\"inLanguage\":\"fr-FR\"},{\"@type\":\"Organization\",\"@id\":\"https:\\\/\\\/carsa.ca\\\/#organization\",\"name\":\"Carsa Automotive Lighting System\",\"url\":\"https:\\\/\\\/carsa.ca\\\/\",\"logo\":{\"@type\":\"ImageObject\",\"inLanguage\":\"fr-FR\",\"@id\":\"https:\\\/\\\/carsa.ca\\\/#\\\/schema\\\/logo\\\/image\\\/\",\"url\":\"https:\\\/\\\/carsa.ca\\\/wp-content\\\/uploads\\\/2024\\\/07\\\/CARSA-LOGO.svg\",\"contentUrl\":\"https:\\\/\\\/carsa.ca\\\/wp-content\\\/uploads\\\/2024\\\/07\\\/CARSA-LOGO.svg\",\"width\":2512,\"height\":504,\"caption\":\"Carsa Automotive Lighting System\"},\"image\":{\"@id\":\"https:\\\/\\\/carsa.ca\\\/#\\\/schema\\\/logo\\\/image\\\/\"}}]}<\/script>\n<!-- \/ Yoast SEO plugin. -->","yoast_head_json":{"title":"2001-2011 Ford Ranger LED Headlight Bulbs - Carsa Automotive Lighting System","description":"2001-2011 Ford Ranger LED Headlight Bulbs - Carsa Automotive Lighting System - info@carsa.ca","robots":{"index":"index","follow":"follow","max-snippet":"max-snippet:-1","max-image-preview":"max-image-preview:large","max-video-preview":"max-video-preview:-1"},"canonical":"https:\/\/carsa.ca\/fr\/produit\/60w-2001-2011-ford-ranger-led-headlight-bulb\/","og_locale":"fr_FR","og_type":"article","og_title":"2001-2011 Ford Ranger LED Headlight Bulbs - Carsa Automotive Lighting System","og_description":"2001-2011 Ford Ranger LED Headlight Bulbs - Carsa Automotive Lighting System carsa.ca","og_url":"https:\/\/carsa.ca\/fr\/produit\/60w-2001-2011-ford-ranger-led-headlight-bulb\/","og_site_name":"Carsa Automotive Lighting System","article_modified_time":"2024-08-27T19:38:55+00:00","twitter_card":"summary_large_image","twitter_image":"https:\/\/carsa.ca\/wp-content\/uploads\/2024\/08\/ford-ranger-2001.jpg","twitter_misc":{"Dur\u00e9e de lecture estim\u00e9e":"1 minute"},"schema":{"@context":"https:\/\/schema.org","@graph":[{"@type":"WebPage","@id":"https:\/\/carsa.ca\/product\/60w-2001-2011-ford-ranger-led-headlight-bulb\/","url":"https:\/\/carsa.ca\/product\/60w-2001-2011-ford-ranger-led-headlight-bulb\/","name":"2001-2011 Ford Ranger LED Headlight Bulbs - Carsa Automotive Lighting System","isPartOf":{"@id":"https:\/\/carsa.ca\/#website"},"primaryImageOfPage":{"@id":"https:\/\/carsa.ca\/product\/60w-2001-2011-ford-ranger-led-headlight-bulb\/#primaryimage"},"image":{"@id":"https:\/\/carsa.ca\/product\/60w-2001-2011-ford-ranger-led-headlight-bulb\/#primaryimage"},"thumbnailUrl":"https:\/\/carsa.ca\/wp-content\/uploads\/2024\/08\/ford-ranger-2001.jpg","datePublished":"2024-08-06T20:25:34+00:00","dateModified":"2024-08-27T19:38:55+00:00","description":"2001-2011 Ford Ranger LED Headlight Bulbs - Carsa Automotive Lighting System - info@carsa.ca","breadcrumb":{"@id":"https:\/\/carsa.ca\/product\/60w-2001-2011-ford-ranger-led-headlight-bulb\/#breadcrumb"},"inLanguage":"fr-FR","potentialAction":[{"@type":"ReadAction","target":["https:\/\/carsa.ca\/product\/60w-2001-2011-ford-ranger-led-headlight-bulb\/"]}]},{"@type":"ImageObject","inLanguage":"fr-FR","@id":"https:\/\/carsa.ca\/product\/60w-2001-2011-ford-ranger-led-headlight-bulb\/#primaryimage","url":"https:\/\/carsa.ca\/wp-content\/uploads\/2024\/08\/ford-ranger-2001.jpg","contentUrl":"https:\/\/carsa.ca\/wp-content\/uploads\/2024\/08\/ford-ranger-2001.jpg","width":640,"height":480},{"@type":"BreadcrumbList","@id":"https:\/\/carsa.ca\/product\/60w-2001-2011-ford-ranger-led-headlight-bulb\/#breadcrumb","itemListElement":[{"@type":"ListItem","position":1,"name":"Home","item":"https:\/\/carsa.ca\/"},{"@type":"ListItem","position":2,"name":"Shop","item":"https:\/\/carsa.ca\/fr\/shop\/"},{"@type":"ListItem","position":3,"name":"2001-2011 Ford Ranger LED Headlight Bulbs"}]},{"@type":"WebSite","@id":"https:\/\/carsa.ca\/#website","url":"https:\/\/carsa.ca\/","name":"Syst\u00e8me d&#039;\u00e9clairage automobile Carsa","description":"","publisher":{"@id":"https:\/\/carsa.ca\/#organization"},"potentialAction":[{"@type":"SearchAction","target":{"@type":"EntryPoint","urlTemplate":"https:\/\/carsa.ca\/?s={search_term_string}"},"query-input":{"@type":"PropertyValueSpecification","valueRequired":true,"valueName":"search_term_string"}}],"inLanguage":"fr-FR"},{"@type":"Organization","@id":"https:\/\/carsa.ca\/#organization","name":"Syst\u00e8me d&#039;\u00e9clairage automobile Carsa","url":"https:\/\/carsa.ca\/","logo":{"@type":"ImageObject","inLanguage":"fr-FR","@id":"https:\/\/carsa.ca\/#\/schema\/logo\/image\/","url":"https:\/\/carsa.ca\/wp-content\/uploads\/2024\/07\/CARSA-LOGO.svg","contentUrl":"https:\/\/carsa.ca\/wp-content\/uploads\/2024\/07\/CARSA-LOGO.svg","width":2512,"height":504,"caption":"Carsa Automotive Lighting System"},"image":{"@id":"https:\/\/carsa.ca\/#\/schema\/logo\/image\/"}}]}},"_links":{"self":[{"href":"https:\/\/carsa.ca\/fr\/wp-json\/wp\/v2\/product\/9186","targetHints":{"allow":["GET"]}}],"collection":[{"href":"https:\/\/carsa.ca\/fr\/wp-json\/wp\/v2\/product"}],"about":[{"href":"https:\/\/carsa.ca\/fr\/wp-json\/wp\/v2\/types\/product"}],"wp:featuredmedia":[{"embeddable":true,"href":"https:\/\/carsa.ca\/fr\/wp-json\/wp\/v2\/media\/9206"}],"wp:attachment":[{"href":"https:\/\/carsa.ca\/fr\/wp-json\/wp\/v2\/media?parent=9186"}],"wp:term":[{"taxonomy":"product_brand","embeddable":true,"href":"https:\/\/carsa.ca\/fr\/wp-json\/wp\/v2\/product_brand?post=9186"},{"taxonomy":"product_cat","embeddable":true,"href":"https:\/\/carsa.ca\/fr\/wp-json\/wp\/v2\/product_cat?post=9186"},{"taxonomy":"product_tag","embeddable":true,"href":"https:\/\/carsa.ca\/fr\/wp-json\/wp\/v2\/product_tag?post=9186"}],"curies":[{"name":"wp","href":"https:\/\/api.w.org\/{rel}","templated":true}]}}