{"id":9192,"date":"2024-08-06T20:25:35","date_gmt":"2024-08-06T20:25:35","guid":{"rendered":"https:\/\/demotasarim.online\/?post_type=product&#038;p=9192"},"modified":"2024-08-09T20:09:23","modified_gmt":"2024-08-09T20:09:23","slug":"2008-2015-honda-accord-led-headlight-and-fog-light-bulbs-2-bulbs-100w-20000lm","status":"publish","type":"product","link":"https:\/\/carsa.ca\/fr\/produit\/2008-2015-honda-accord-led-headlight-and-fog-light-bulbs-2-bulbs-100w-20000lm\/","title":{"rendered":"Ampoules de phares et de feux antibrouillard \u00e0 LED pour Honda Accord 2008-2015 | 2 ampoules | 100 W 20 000 lm"},"content":{"rendered":"<p>Mises \u00e0 niveau des ampoules de phares \u00e0 DEL pour Honda Accord 2008-2015. Que vous fassiez des courses \u00e0 travers la ville ou que vous partiez en voyage en famille \u00e0 travers le pays, les mises \u00e0 niveau des ampoules de phares \u00e0 DEL sont un excellent moyen de personnaliser votre Honda Accord 2008-2015 et de fournir un rendement lumineux accru l\u00e0 o\u00f9 vous en avez le plus besoin.<\/p>\n<h3>Ampoule de phare antibrouillard \u00e0 LED pour Honda Accord 2008-2015<\/h3>\n<ul>\n<li>Feux de croisement \u2013 Ampoule LED H11<\/li>\n<li>Feux de route \u2013 Ampoule LED 9005<\/li>\n<li>Feu antibrouillard \u2013 Ampoule LED H11<\/li>\n<\/ul>\n<p><img fetchpriority=\"high\" decoding=\"async\" src=\"https:\/\/carsa.ca\/wp-content\/uploads\/2023\/01\/carsa_logo-Duzenlendi-e1673439029810-400x142.png\" class=\"size-medium wp-image-10117\" width=\"400\" height=\"142\" alt=\"carsa.ca\"><\/p>","protected":false},"excerpt":{"rendered":"<p>2008-2015 Honda Accord LED Headlight Bulb Upgrades. Whether you are running errands across town or on a family road trip across the country, LED headlight bulb upgrades are a great way to customize your 2008-2015 Honda Accord and provide increased light output where you need it most. 2008-2015 Honda Accord LED Headlight Fog Light Bulb [&hellip;]<\/p>\n","protected":false},"featured_media":9208,"template":"","meta":[],"product_brand":[],"product_cat":[427,426],"product_tag":[428,429,220,430,431,432],"class_list":{"0":"post-9192","1":"product","2":"type-product","3":"status-publish","4":"has-post-thumbnail","6":"product_cat-accord","7":"product_cat-for-honda","8":"product_tag-100w-2008-2015-honda-accord-led-headlight-fog-light-bulb","9":"product_tag-accord-led-headlight-fog-light-bulb","10":"product_tag-honda","11":"product_tag-honda-accord","12":"product_tag-honda-accord-led","13":"product_tag-honda-accord-led-headlight-fog-light-bulb","14":"product_shipping_class-standart","16":"first","17":"instock","18":"sale","19":"taxable","20":"shipping-taxable","21":"purchasable","22":"product-type-variable","23":"add-to-wishlist-after_add_to_cart"},"yoast_head":"<!-- This site is optimized with the Yoast SEO plugin v27.5 - https:\/\/yoast.com\/product\/yoast-seo-wordpress\/ -->\n<title>2008-2015 Honda Accord LED Headlight and Fog Light Bulbs | 2 Bulbs | 100W 20,000LM - Carsa Automotive Lighting System<\/title>\n<meta name=\"description\" content=\"2008-2015 Honda Accord LED Headlight and Fog Light Bulbs | 2 Bulbs | 100W 20,000LM - Carsa Automotive Lighting System - info@carsa.ca\" \/>\n<meta name=\"robots\" content=\"index, follow, max-snippet:-1, max-image-preview:large, max-video-preview:-1\" \/>\n<link rel=\"canonical\" href=\"https:\/\/carsa.ca\/fr\/produit\/2008-2015-honda-accord-led-headlight-and-fog-light-bulbs-2-bulbs-100w-20000lm\/\" \/>\n<meta property=\"og:locale\" content=\"fr_FR\" \/>\n<meta property=\"og:type\" content=\"article\" \/>\n<meta property=\"og:title\" content=\"2008-2015 Honda Accord LED Headlight and Fog Light Bulbs | 2 Bulbs | 100W 20,000LM - Carsa Automotive Lighting System\" \/>\n<meta property=\"og:description\" content=\"2008-2015 Honda Accord LED Headlight and Fog Light Bulbs | 2 Bulbs | 100W 20,000LM - Carsa Automotive Lighting System carsa.ca\" \/>\n<meta property=\"og:url\" content=\"https:\/\/carsa.ca\/fr\/produit\/2008-2015-honda-accord-led-headlight-and-fog-light-bulbs-2-bulbs-100w-20000lm\/\" \/>\n<meta property=\"og:site_name\" content=\"Carsa Automotive Lighting System\" \/>\n<meta property=\"article:modified_time\" content=\"2024-08-09T20:09:23+00:00\" \/>\n<meta name=\"twitter:card\" content=\"summary_large_image\" \/>\n<meta name=\"twitter:image\" content=\"https:\/\/carsa.ca\/wp-content\/uploads\/2024\/08\/Honda-Accord-2008.jpg\" \/>\n<meta name=\"twitter:label1\" content=\"Dur\u00e9e de lecture estim\u00e9e\" \/>\n\t<meta name=\"twitter:data1\" content=\"1 minute\" \/>\n<script type=\"application\/ld+json\" class=\"yoast-schema-graph\">{\"@context\":\"https:\\\/\\\/schema.org\",\"@graph\":[{\"@type\":\"WebPage\",\"@id\":\"https:\\\/\\\/carsa.ca\\\/product\\\/2008-2015-honda-accord-led-headlight-and-fog-light-bulbs-2-bulbs-100w-20000lm\\\/\",\"url\":\"https:\\\/\\\/carsa.ca\\\/product\\\/2008-2015-honda-accord-led-headlight-and-fog-light-bulbs-2-bulbs-100w-20000lm\\\/\",\"name\":\"2008-2015 Honda Accord LED Headlight and Fog Light Bulbs | 2 Bulbs | 100W 20,000LM - Carsa Automotive Lighting System\",\"isPartOf\":{\"@id\":\"https:\\\/\\\/carsa.ca\\\/#website\"},\"primaryImageOfPage\":{\"@id\":\"https:\\\/\\\/carsa.ca\\\/product\\\/2008-2015-honda-accord-led-headlight-and-fog-light-bulbs-2-bulbs-100w-20000lm\\\/#primaryimage\"},\"image\":{\"@id\":\"https:\\\/\\\/carsa.ca\\\/product\\\/2008-2015-honda-accord-led-headlight-and-fog-light-bulbs-2-bulbs-100w-20000lm\\\/#primaryimage\"},\"thumbnailUrl\":\"https:\\\/\\\/carsa.ca\\\/wp-content\\\/uploads\\\/2024\\\/08\\\/Honda-Accord-2008.jpg\",\"datePublished\":\"2024-08-06T20:25:35+00:00\",\"dateModified\":\"2024-08-09T20:09:23+00:00\",\"description\":\"2008-2015 Honda Accord LED Headlight and Fog Light Bulbs | 2 Bulbs | 100W 20,000LM - Carsa Automotive Lighting System - info@carsa.ca\",\"breadcrumb\":{\"@id\":\"https:\\\/\\\/carsa.ca\\\/product\\\/2008-2015-honda-accord-led-headlight-and-fog-light-bulbs-2-bulbs-100w-20000lm\\\/#breadcrumb\"},\"inLanguage\":\"fr-FR\",\"potentialAction\":[{\"@type\":\"ReadAction\",\"target\":[\"https:\\\/\\\/carsa.ca\\\/product\\\/2008-2015-honda-accord-led-headlight-and-fog-light-bulbs-2-bulbs-100w-20000lm\\\/\"]}]},{\"@type\":\"ImageObject\",\"inLanguage\":\"fr-FR\",\"@id\":\"https:\\\/\\\/carsa.ca\\\/product\\\/2008-2015-honda-accord-led-headlight-and-fog-light-bulbs-2-bulbs-100w-20000lm\\\/#primaryimage\",\"url\":\"https:\\\/\\\/carsa.ca\\\/wp-content\\\/uploads\\\/2024\\\/08\\\/Honda-Accord-2008.jpg\",\"contentUrl\":\"https:\\\/\\\/carsa.ca\\\/wp-content\\\/uploads\\\/2024\\\/08\\\/Honda-Accord-2008.jpg\",\"width\":600,\"height\":358},{\"@type\":\"BreadcrumbList\",\"@id\":\"https:\\\/\\\/carsa.ca\\\/product\\\/2008-2015-honda-accord-led-headlight-and-fog-light-bulbs-2-bulbs-100w-20000lm\\\/#breadcrumb\",\"itemListElement\":[{\"@type\":\"ListItem\",\"position\":1,\"name\":\"Home\",\"item\":\"https:\\\/\\\/carsa.ca\\\/\"},{\"@type\":\"ListItem\",\"position\":2,\"name\":\"Shop\",\"item\":\"https:\\\/\\\/carsa.ca\\\/fr\\\/shop\\\/\"},{\"@type\":\"ListItem\",\"position\":3,\"name\":\"2008-2015 Honda Accord LED Headlight and Fog Light Bulbs | 2 Bulbs | 100W 20,000LM\"}]},{\"@type\":\"WebSite\",\"@id\":\"https:\\\/\\\/carsa.ca\\\/#website\",\"url\":\"https:\\\/\\\/carsa.ca\\\/\",\"name\":\"Carsa Automotive Lighting System\",\"description\":\"\",\"publisher\":{\"@id\":\"https:\\\/\\\/carsa.ca\\\/#organization\"},\"potentialAction\":[{\"@type\":\"SearchAction\",\"target\":{\"@type\":\"EntryPoint\",\"urlTemplate\":\"https:\\\/\\\/carsa.ca\\\/?s={search_term_string}\"},\"query-input\":{\"@type\":\"PropertyValueSpecification\",\"valueRequired\":true,\"valueName\":\"search_term_string\"}}],\"inLanguage\":\"fr-FR\"},{\"@type\":\"Organization\",\"@id\":\"https:\\\/\\\/carsa.ca\\\/#organization\",\"name\":\"Carsa Automotive Lighting System\",\"url\":\"https:\\\/\\\/carsa.ca\\\/\",\"logo\":{\"@type\":\"ImageObject\",\"inLanguage\":\"fr-FR\",\"@id\":\"https:\\\/\\\/carsa.ca\\\/#\\\/schema\\\/logo\\\/image\\\/\",\"url\":\"https:\\\/\\\/carsa.ca\\\/wp-content\\\/uploads\\\/2024\\\/07\\\/CARSA-LOGO.svg\",\"contentUrl\":\"https:\\\/\\\/carsa.ca\\\/wp-content\\\/uploads\\\/2024\\\/07\\\/CARSA-LOGO.svg\",\"width\":2512,\"height\":504,\"caption\":\"Carsa Automotive Lighting System\"},\"image\":{\"@id\":\"https:\\\/\\\/carsa.ca\\\/#\\\/schema\\\/logo\\\/image\\\/\"}}]}<\/script>\n<!-- \/ Yoast SEO plugin. -->","yoast_head_json":{"title":"Ampoules de phares et antibrouillards \u00e0 LED pour Honda Accord 2008-2015 | 2 ampoules | 100 W 20\u00a0000 lm - Syst\u00e8me d&#039;\u00e9clairage automobile Carsa","description":"Ampoules de phares et antibrouillards \u00e0 DEL pour Honda Accord 2008-2015 | 2 ampoules | 100 W 20\u00a0000 lm - Syst\u00e8me d&#039;\u00e9clairage automobile Carsa - info@carsa.ca","robots":{"index":"index","follow":"follow","max-snippet":"max-snippet:-1","max-image-preview":"max-image-preview:large","max-video-preview":"max-video-preview:-1"},"canonical":"https:\/\/carsa.ca\/fr\/produit\/2008-2015-honda-accord-led-headlight-and-fog-light-bulbs-2-bulbs-100w-20000lm\/","og_locale":"fr_FR","og_type":"article","og_title":"2008-2015 Honda Accord LED Headlight and Fog Light Bulbs | 2 Bulbs | 100W 20,000LM - Carsa Automotive Lighting System","og_description":"2008-2015 Honda Accord LED Headlight and Fog Light Bulbs | 2 Bulbs | 100W 20,000LM - Carsa Automotive Lighting System carsa.ca","og_url":"https:\/\/carsa.ca\/fr\/produit\/2008-2015-honda-accord-led-headlight-and-fog-light-bulbs-2-bulbs-100w-20000lm\/","og_site_name":"Carsa Automotive Lighting System","article_modified_time":"2024-08-09T20:09:23+00:00","twitter_card":"summary_large_image","twitter_image":"https:\/\/carsa.ca\/wp-content\/uploads\/2024\/08\/Honda-Accord-2008.jpg","twitter_misc":{"Dur\u00e9e de lecture estim\u00e9e":"1 minute"},"schema":{"@context":"https:\/\/schema.org","@graph":[{"@type":"WebPage","@id":"https:\/\/carsa.ca\/product\/2008-2015-honda-accord-led-headlight-and-fog-light-bulbs-2-bulbs-100w-20000lm\/","url":"https:\/\/carsa.ca\/product\/2008-2015-honda-accord-led-headlight-and-fog-light-bulbs-2-bulbs-100w-20000lm\/","name":"Ampoules de phares et antibrouillards \u00e0 LED pour Honda Accord 2008-2015 | 2 ampoules | 100 W 20\u00a0000 lm - Syst\u00e8me d&#039;\u00e9clairage automobile Carsa","isPartOf":{"@id":"https:\/\/carsa.ca\/#website"},"primaryImageOfPage":{"@id":"https:\/\/carsa.ca\/product\/2008-2015-honda-accord-led-headlight-and-fog-light-bulbs-2-bulbs-100w-20000lm\/#primaryimage"},"image":{"@id":"https:\/\/carsa.ca\/product\/2008-2015-honda-accord-led-headlight-and-fog-light-bulbs-2-bulbs-100w-20000lm\/#primaryimage"},"thumbnailUrl":"https:\/\/carsa.ca\/wp-content\/uploads\/2024\/08\/Honda-Accord-2008.jpg","datePublished":"2024-08-06T20:25:35+00:00","dateModified":"2024-08-09T20:09:23+00:00","description":"Ampoules de phares et antibrouillards \u00e0 DEL pour Honda Accord 2008-2015 | 2 ampoules | 100 W 20\u00a0000 lm - Syst\u00e8me d&#039;\u00e9clairage automobile Carsa - info@carsa.ca","breadcrumb":{"@id":"https:\/\/carsa.ca\/product\/2008-2015-honda-accord-led-headlight-and-fog-light-bulbs-2-bulbs-100w-20000lm\/#breadcrumb"},"inLanguage":"fr-FR","potentialAction":[{"@type":"ReadAction","target":["https:\/\/carsa.ca\/product\/2008-2015-honda-accord-led-headlight-and-fog-light-bulbs-2-bulbs-100w-20000lm\/"]}]},{"@type":"ImageObject","inLanguage":"fr-FR","@id":"https:\/\/carsa.ca\/product\/2008-2015-honda-accord-led-headlight-and-fog-light-bulbs-2-bulbs-100w-20000lm\/#primaryimage","url":"https:\/\/carsa.ca\/wp-content\/uploads\/2024\/08\/Honda-Accord-2008.jpg","contentUrl":"https:\/\/carsa.ca\/wp-content\/uploads\/2024\/08\/Honda-Accord-2008.jpg","width":600,"height":358},{"@type":"BreadcrumbList","@id":"https:\/\/carsa.ca\/product\/2008-2015-honda-accord-led-headlight-and-fog-light-bulbs-2-bulbs-100w-20000lm\/#breadcrumb","itemListElement":[{"@type":"ListItem","position":1,"name":"Home","item":"https:\/\/carsa.ca\/"},{"@type":"ListItem","position":2,"name":"Shop","item":"https:\/\/carsa.ca\/fr\/shop\/"},{"@type":"ListItem","position":3,"name":"2008-2015 Honda Accord LED Headlight and Fog Light Bulbs | 2 Bulbs | 100W 20,000LM"}]},{"@type":"WebSite","@id":"https:\/\/carsa.ca\/#website","url":"https:\/\/carsa.ca\/","name":"Syst\u00e8me d&#039;\u00e9clairage automobile Carsa","description":"","publisher":{"@id":"https:\/\/carsa.ca\/#organization"},"potentialAction":[{"@type":"SearchAction","target":{"@type":"EntryPoint","urlTemplate":"https:\/\/carsa.ca\/?s={search_term_string}"},"query-input":{"@type":"PropertyValueSpecification","valueRequired":true,"valueName":"search_term_string"}}],"inLanguage":"fr-FR"},{"@type":"Organization","@id":"https:\/\/carsa.ca\/#organization","name":"Syst\u00e8me d&#039;\u00e9clairage automobile Carsa","url":"https:\/\/carsa.ca\/","logo":{"@type":"ImageObject","inLanguage":"fr-FR","@id":"https:\/\/carsa.ca\/#\/schema\/logo\/image\/","url":"https:\/\/carsa.ca\/wp-content\/uploads\/2024\/07\/CARSA-LOGO.svg","contentUrl":"https:\/\/carsa.ca\/wp-content\/uploads\/2024\/07\/CARSA-LOGO.svg","width":2512,"height":504,"caption":"Carsa Automotive Lighting System"},"image":{"@id":"https:\/\/carsa.ca\/#\/schema\/logo\/image\/"}}]}},"_links":{"self":[{"href":"https:\/\/carsa.ca\/fr\/wp-json\/wp\/v2\/product\/9192","targetHints":{"allow":["GET"]}}],"collection":[{"href":"https:\/\/carsa.ca\/fr\/wp-json\/wp\/v2\/product"}],"about":[{"href":"https:\/\/carsa.ca\/fr\/wp-json\/wp\/v2\/types\/product"}],"wp:featuredmedia":[{"embeddable":true,"href":"https:\/\/carsa.ca\/fr\/wp-json\/wp\/v2\/media\/9208"}],"wp:attachment":[{"href":"https:\/\/carsa.ca\/fr\/wp-json\/wp\/v2\/media?parent=9192"}],"wp:term":[{"taxonomy":"product_brand","embeddable":true,"href":"https:\/\/carsa.ca\/fr\/wp-json\/wp\/v2\/product_brand?post=9192"},{"taxonomy":"product_cat","embeddable":true,"href":"https:\/\/carsa.ca\/fr\/wp-json\/wp\/v2\/product_cat?post=9192"},{"taxonomy":"product_tag","embeddable":true,"href":"https:\/\/carsa.ca\/fr\/wp-json\/wp\/v2\/product_tag?post=9192"}],"curies":[{"name":"wp","href":"https:\/\/api.w.org\/{rel}","templated":true}]}}