{"id":9204,"date":"2024-08-06T20:25:35","date_gmt":"2024-08-06T20:25:35","guid":{"rendered":"https:\/\/demotasarim.online\/?post_type=product&#038;p=9204"},"modified":"2024-08-09T20:08:45","modified_gmt":"2024-08-09T20:08:45","slug":"1997-2001-honda-cr-v-led-headlight-bulbs-2-bulbs-100w-20000lm","status":"publish","type":"product","link":"https:\/\/carsa.ca\/fr\/produit\/1997-2001-honda-cr-v-led-headlight-bulbs-2-bulbs-100w-20000lm\/","title":{"rendered":"Ampoules de phares \u00e0 LED Honda CR-V 1997-2001 | 2 ampoules | 100 W 20 000 lm"},"content":{"rendered":"<p>Ampoules de phares \u00e0 LED Honda CRV pour les ann\u00e9es 1997 \u00e0 2001. Remplacer les phares par des ampoules \u00e0 LED est un excellent moyen de personnaliser votre Honda CRV et d&#039;augmenter la puissance lumineuse l\u00e0 o\u00f9 vous en avez le plus besoin. Avec ces ampoules de phares \u00e0 LED de 100 W et 20 000 lm, vos phares Honda CRV seront 3 fois plus lumineux !<\/p>\n<h3>Ampoules de phares \u00e0 DEL pour Honda CRV 1997-2001<\/h3>\n<ul>\n<li>Feux de route et de croisement \u2013 Ampoule LED H4<\/li>\n<\/ul>\n<p><img fetchpriority=\"high\" decoding=\"async\" src=\"https:\/\/carsa.ca\/wp-content\/uploads\/2023\/01\/carsa_logo-Duzenlendi-e1673439029810-400x142.png\" class=\"size-medium wp-image-10117\" width=\"400\" height=\"142\" alt=\"carsa.ca\"><\/p>","protected":false},"excerpt":{"rendered":"<p>Honda CRV LED headlight bulbs for 1997 to 2001 years. Replacing the headlights with LED bulbs is a great way to customize your Honda CRV and provide increased light output where you need it most. With these 100w 20,000lm led headlight bulbs, your Honda CRV headlights will be 3 x brighter! 1997-2001 Honda CRV LED [&hellip;]<\/p>\n","protected":false},"featured_media":9253,"template":"","meta":[],"product_brand":[],"product_cat":[438,426],"product_tag":[428,436,439,429,220,430,431,432,434,435,437,440],"class_list":{"0":"post-9204","1":"product","2":"type-product","3":"status-publish","4":"has-post-thumbnail","6":"product_cat-cr-v","7":"product_cat-for-honda","8":"product_tag-100w-2008-2015-honda-accord-led-headlight-fog-light-bulb","9":"product_tag-100w-2014-2018-honda-civic-led-headlight-fog-light-bulb","10":"product_tag-1997-2001-honda-crv-led-headlight-bulbs","11":"product_tag-accord-led-headlight-fog-light-bulb","12":"product_tag-honda","13":"product_tag-honda-accord","14":"product_tag-honda-accord-led","15":"product_tag-honda-accord-led-headlight-fog-light-bulb","16":"product_tag-honda-civic","17":"product_tag-honda-civic-led-headlight-bulb","18":"product_tag-honda-civic-led-headlight-fog-light-bulb","19":"product_tag-honda-crv-led-headlight-bulbs","20":"product_shipping_class-standart","22":"first","23":"instock","24":"sale","25":"taxable","26":"shipping-taxable","27":"purchasable","28":"product-type-simple","29":"add-to-wishlist-after_add_to_cart"},"yoast_head":"<!-- This site is optimized with the Yoast SEO plugin v27.4 - https:\/\/yoast.com\/product\/yoast-seo-wordpress\/ -->\n<title>1997-2001 Honda CR-V LED Headlight Bulbs | 2 Bulbs | 100W 20,000LM - Carsa Automotive Lighting System<\/title>\n<meta name=\"description\" content=\"1997-2001 Honda CR-V LED Headlight Bulbs | 2 Bulbs | 100W 20,000LM - Carsa Automotive Lighting System - info@carsa.ca\" \/>\n<meta name=\"robots\" content=\"index, follow, max-snippet:-1, max-image-preview:large, max-video-preview:-1\" \/>\n<link rel=\"canonical\" href=\"https:\/\/carsa.ca\/fr\/produit\/1997-2001-honda-cr-v-led-headlight-bulbs-2-bulbs-100w-20000lm\/\" \/>\n<meta property=\"og:locale\" content=\"fr_FR\" \/>\n<meta property=\"og:type\" content=\"article\" \/>\n<meta property=\"og:title\" content=\"1997-2001 Honda CR-V LED Headlight Bulbs | 2 Bulbs | 100W 20,000LM - Carsa Automotive Lighting System\" \/>\n<meta property=\"og:description\" content=\"1997-2001 Honda CR-V LED Headlight Bulbs | 2 Bulbs | 100W 20,000LM - Carsa Automotive Lighting System carsa.ca\" \/>\n<meta property=\"og:url\" content=\"https:\/\/carsa.ca\/fr\/produit\/1997-2001-honda-cr-v-led-headlight-bulbs-2-bulbs-100w-20000lm\/\" \/>\n<meta property=\"og:site_name\" content=\"Carsa Automotive Lighting System\" \/>\n<meta property=\"article:modified_time\" content=\"2024-08-09T20:08:45+00:00\" \/>\n<meta name=\"twitter:card\" content=\"summary_large_image\" \/>\n<meta name=\"twitter:image\" content=\"https:\/\/carsa.ca\/wp-content\/uploads\/2024\/08\/HON-CRV-1997-5X4-750x525-1.png\" \/>\n<meta name=\"twitter:label1\" content=\"Dur\u00e9e de lecture estim\u00e9e\" \/>\n\t<meta name=\"twitter:data1\" content=\"1 minute\" \/>\n<script type=\"application\/ld+json\" class=\"yoast-schema-graph\">{\"@context\":\"https:\\\/\\\/schema.org\",\"@graph\":[{\"@type\":\"WebPage\",\"@id\":\"https:\\\/\\\/carsa.ca\\\/product\\\/1997-2001-honda-cr-v-led-headlight-bulbs-2-bulbs-100w-20000lm\\\/\",\"url\":\"https:\\\/\\\/carsa.ca\\\/product\\\/1997-2001-honda-cr-v-led-headlight-bulbs-2-bulbs-100w-20000lm\\\/\",\"name\":\"1997-2001 Honda CR-V LED Headlight Bulbs | 2 Bulbs | 100W 20,000LM - Carsa Automotive Lighting System\",\"isPartOf\":{\"@id\":\"https:\\\/\\\/carsa.ca\\\/#website\"},\"primaryImageOfPage\":{\"@id\":\"https:\\\/\\\/carsa.ca\\\/product\\\/1997-2001-honda-cr-v-led-headlight-bulbs-2-bulbs-100w-20000lm\\\/#primaryimage\"},\"image\":{\"@id\":\"https:\\\/\\\/carsa.ca\\\/product\\\/1997-2001-honda-cr-v-led-headlight-bulbs-2-bulbs-100w-20000lm\\\/#primaryimage\"},\"thumbnailUrl\":\"https:\\\/\\\/carsa.ca\\\/wp-content\\\/uploads\\\/2024\\\/08\\\/HON-CRV-1997-5X4-750x525-1.png\",\"datePublished\":\"2024-08-06T20:25:35+00:00\",\"dateModified\":\"2024-08-09T20:08:45+00:00\",\"description\":\"1997-2001 Honda CR-V LED Headlight Bulbs | 2 Bulbs | 100W 20,000LM - Carsa Automotive Lighting System - info@carsa.ca\",\"breadcrumb\":{\"@id\":\"https:\\\/\\\/carsa.ca\\\/product\\\/1997-2001-honda-cr-v-led-headlight-bulbs-2-bulbs-100w-20000lm\\\/#breadcrumb\"},\"inLanguage\":\"fr-FR\",\"potentialAction\":[{\"@type\":\"ReadAction\",\"target\":[\"https:\\\/\\\/carsa.ca\\\/product\\\/1997-2001-honda-cr-v-led-headlight-bulbs-2-bulbs-100w-20000lm\\\/\"]}]},{\"@type\":\"ImageObject\",\"inLanguage\":\"fr-FR\",\"@id\":\"https:\\\/\\\/carsa.ca\\\/product\\\/1997-2001-honda-cr-v-led-headlight-bulbs-2-bulbs-100w-20000lm\\\/#primaryimage\",\"url\":\"https:\\\/\\\/carsa.ca\\\/wp-content\\\/uploads\\\/2024\\\/08\\\/HON-CRV-1997-5X4-750x525-1.png\",\"contentUrl\":\"https:\\\/\\\/carsa.ca\\\/wp-content\\\/uploads\\\/2024\\\/08\\\/HON-CRV-1997-5X4-750x525-1.png\",\"width\":750,\"height\":525},{\"@type\":\"BreadcrumbList\",\"@id\":\"https:\\\/\\\/carsa.ca\\\/product\\\/1997-2001-honda-cr-v-led-headlight-bulbs-2-bulbs-100w-20000lm\\\/#breadcrumb\",\"itemListElement\":[{\"@type\":\"ListItem\",\"position\":1,\"name\":\"Home\",\"item\":\"https:\\\/\\\/carsa.ca\\\/\"},{\"@type\":\"ListItem\",\"position\":2,\"name\":\"Shop\",\"item\":\"https:\\\/\\\/carsa.ca\\\/fr\\\/shop\\\/\"},{\"@type\":\"ListItem\",\"position\":3,\"name\":\"1997-2001 Honda CR-V LED Headlight Bulbs | 2 Bulbs | 100W 20,000LM\"}]},{\"@type\":\"WebSite\",\"@id\":\"https:\\\/\\\/carsa.ca\\\/#website\",\"url\":\"https:\\\/\\\/carsa.ca\\\/\",\"name\":\"Carsa Automotive Lighting System\",\"description\":\"\",\"publisher\":{\"@id\":\"https:\\\/\\\/carsa.ca\\\/#organization\"},\"potentialAction\":[{\"@type\":\"SearchAction\",\"target\":{\"@type\":\"EntryPoint\",\"urlTemplate\":\"https:\\\/\\\/carsa.ca\\\/?s={search_term_string}\"},\"query-input\":{\"@type\":\"PropertyValueSpecification\",\"valueRequired\":true,\"valueName\":\"search_term_string\"}}],\"inLanguage\":\"fr-FR\"},{\"@type\":\"Organization\",\"@id\":\"https:\\\/\\\/carsa.ca\\\/#organization\",\"name\":\"Carsa Automotive Lighting System\",\"url\":\"https:\\\/\\\/carsa.ca\\\/\",\"logo\":{\"@type\":\"ImageObject\",\"inLanguage\":\"fr-FR\",\"@id\":\"https:\\\/\\\/carsa.ca\\\/#\\\/schema\\\/logo\\\/image\\\/\",\"url\":\"https:\\\/\\\/carsa.ca\\\/wp-content\\\/uploads\\\/2024\\\/07\\\/CARSA-LOGO.svg\",\"contentUrl\":\"https:\\\/\\\/carsa.ca\\\/wp-content\\\/uploads\\\/2024\\\/07\\\/CARSA-LOGO.svg\",\"width\":2512,\"height\":504,\"caption\":\"Carsa Automotive Lighting System\"},\"image\":{\"@id\":\"https:\\\/\\\/carsa.ca\\\/#\\\/schema\\\/logo\\\/image\\\/\"}}]}<\/script>\n<!-- \/ Yoast SEO plugin. -->","yoast_head_json":{"title":"1997-2001 Honda CR-V LED Headlight Bulbs | 2 Bulbs | 100W 20,000LM - Carsa Automotive Lighting System","description":"1997-2001 Honda CR-V LED Headlight Bulbs | 2 Bulbs | 100W 20,000LM - Carsa Automotive Lighting System - info@carsa.ca","robots":{"index":"index","follow":"follow","max-snippet":"max-snippet:-1","max-image-preview":"max-image-preview:large","max-video-preview":"max-video-preview:-1"},"canonical":"https:\/\/carsa.ca\/fr\/produit\/1997-2001-honda-cr-v-led-headlight-bulbs-2-bulbs-100w-20000lm\/","og_locale":"fr_FR","og_type":"article","og_title":"1997-2001 Honda CR-V LED Headlight Bulbs | 2 Bulbs | 100W 20,000LM - Carsa Automotive Lighting System","og_description":"1997-2001 Honda CR-V LED Headlight Bulbs | 2 Bulbs | 100W 20,000LM - Carsa Automotive Lighting System carsa.ca","og_url":"https:\/\/carsa.ca\/fr\/produit\/1997-2001-honda-cr-v-led-headlight-bulbs-2-bulbs-100w-20000lm\/","og_site_name":"Carsa Automotive Lighting System","article_modified_time":"2024-08-09T20:08:45+00:00","twitter_card":"summary_large_image","twitter_image":"https:\/\/carsa.ca\/wp-content\/uploads\/2024\/08\/HON-CRV-1997-5X4-750x525-1.png","twitter_misc":{"Dur\u00e9e de lecture estim\u00e9e":"1 minute"},"schema":{"@context":"https:\/\/schema.org","@graph":[{"@type":"WebPage","@id":"https:\/\/carsa.ca\/product\/1997-2001-honda-cr-v-led-headlight-bulbs-2-bulbs-100w-20000lm\/","url":"https:\/\/carsa.ca\/product\/1997-2001-honda-cr-v-led-headlight-bulbs-2-bulbs-100w-20000lm\/","name":"1997-2001 Honda CR-V LED Headlight Bulbs | 2 Bulbs | 100W 20,000LM - Carsa Automotive Lighting System","isPartOf":{"@id":"https:\/\/carsa.ca\/#website"},"primaryImageOfPage":{"@id":"https:\/\/carsa.ca\/product\/1997-2001-honda-cr-v-led-headlight-bulbs-2-bulbs-100w-20000lm\/#primaryimage"},"image":{"@id":"https:\/\/carsa.ca\/product\/1997-2001-honda-cr-v-led-headlight-bulbs-2-bulbs-100w-20000lm\/#primaryimage"},"thumbnailUrl":"https:\/\/carsa.ca\/wp-content\/uploads\/2024\/08\/HON-CRV-1997-5X4-750x525-1.png","datePublished":"2024-08-06T20:25:35+00:00","dateModified":"2024-08-09T20:08:45+00:00","description":"1997-2001 Honda CR-V LED Headlight Bulbs | 2 Bulbs | 100W 20,000LM - Carsa Automotive Lighting System - info@carsa.ca","breadcrumb":{"@id":"https:\/\/carsa.ca\/product\/1997-2001-honda-cr-v-led-headlight-bulbs-2-bulbs-100w-20000lm\/#breadcrumb"},"inLanguage":"fr-FR","potentialAction":[{"@type":"ReadAction","target":["https:\/\/carsa.ca\/product\/1997-2001-honda-cr-v-led-headlight-bulbs-2-bulbs-100w-20000lm\/"]}]},{"@type":"ImageObject","inLanguage":"fr-FR","@id":"https:\/\/carsa.ca\/product\/1997-2001-honda-cr-v-led-headlight-bulbs-2-bulbs-100w-20000lm\/#primaryimage","url":"https:\/\/carsa.ca\/wp-content\/uploads\/2024\/08\/HON-CRV-1997-5X4-750x525-1.png","contentUrl":"https:\/\/carsa.ca\/wp-content\/uploads\/2024\/08\/HON-CRV-1997-5X4-750x525-1.png","width":750,"height":525},{"@type":"BreadcrumbList","@id":"https:\/\/carsa.ca\/product\/1997-2001-honda-cr-v-led-headlight-bulbs-2-bulbs-100w-20000lm\/#breadcrumb","itemListElement":[{"@type":"ListItem","position":1,"name":"Home","item":"https:\/\/carsa.ca\/"},{"@type":"ListItem","position":2,"name":"Shop","item":"https:\/\/carsa.ca\/fr\/shop\/"},{"@type":"ListItem","position":3,"name":"1997-2001 Honda CR-V LED Headlight Bulbs | 2 Bulbs | 100W 20,000LM"}]},{"@type":"WebSite","@id":"https:\/\/carsa.ca\/#website","url":"https:\/\/carsa.ca\/","name":"Syst\u00e8me d&#039;\u00e9clairage automobile Carsa","description":"","publisher":{"@id":"https:\/\/carsa.ca\/#organization"},"potentialAction":[{"@type":"SearchAction","target":{"@type":"EntryPoint","urlTemplate":"https:\/\/carsa.ca\/?s={search_term_string}"},"query-input":{"@type":"PropertyValueSpecification","valueRequired":true,"valueName":"search_term_string"}}],"inLanguage":"fr-FR"},{"@type":"Organization","@id":"https:\/\/carsa.ca\/#organization","name":"Syst\u00e8me d&#039;\u00e9clairage automobile Carsa","url":"https:\/\/carsa.ca\/","logo":{"@type":"ImageObject","inLanguage":"fr-FR","@id":"https:\/\/carsa.ca\/#\/schema\/logo\/image\/","url":"https:\/\/carsa.ca\/wp-content\/uploads\/2024\/07\/CARSA-LOGO.svg","contentUrl":"https:\/\/carsa.ca\/wp-content\/uploads\/2024\/07\/CARSA-LOGO.svg","width":2512,"height":504,"caption":"Carsa Automotive Lighting System"},"image":{"@id":"https:\/\/carsa.ca\/#\/schema\/logo\/image\/"}}]}},"_links":{"self":[{"href":"https:\/\/carsa.ca\/fr\/wp-json\/wp\/v2\/product\/9204","targetHints":{"allow":["GET"]}}],"collection":[{"href":"https:\/\/carsa.ca\/fr\/wp-json\/wp\/v2\/product"}],"about":[{"href":"https:\/\/carsa.ca\/fr\/wp-json\/wp\/v2\/types\/product"}],"wp:featuredmedia":[{"embeddable":true,"href":"https:\/\/carsa.ca\/fr\/wp-json\/wp\/v2\/media\/9253"}],"wp:attachment":[{"href":"https:\/\/carsa.ca\/fr\/wp-json\/wp\/v2\/media?parent=9204"}],"wp:term":[{"taxonomy":"product_brand","embeddable":true,"href":"https:\/\/carsa.ca\/fr\/wp-json\/wp\/v2\/product_brand?post=9204"},{"taxonomy":"product_cat","embeddable":true,"href":"https:\/\/carsa.ca\/fr\/wp-json\/wp\/v2\/product_cat?post=9204"},{"taxonomy":"product_tag","embeddable":true,"href":"https:\/\/carsa.ca\/fr\/wp-json\/wp\/v2\/product_tag?post=9204"}],"curies":[{"name":"wp","href":"https:\/\/api.w.org\/{rel}","templated":true}]}}