{"id":9219,"date":"2024-08-06T20:25:59","date_gmt":"2024-08-06T20:25:59","guid":{"rendered":"https:\/\/demotasarim.online\/?post_type=product&#038;p=9219"},"modified":"2024-08-09T20:09:23","modified_gmt":"2024-08-09T20:09:23","slug":"2015-2020-honda-cr-v-led-headlight-and-fog-light-bulbs-2-bulbs-100w-20000lm","status":"publish","type":"product","link":"https:\/\/carsa.ca\/fr\/produit\/2015-2020-honda-cr-v-led-headlight-and-fog-light-bulbs-2-bulbs-100w-20000lm\/","title":{"rendered":"Ampoules de phares et de feux antibrouillard \u00e0 LED pour Honda CR-V 2015-2020 | 2 ampoules | 100 W 20 000 lm"},"content":{"rendered":"<p>Ces ampoules de phares \u00e0 LED 100 W 20 000 lm sont parmi les ampoules LED les plus lumineuses pour Honda CR-V du march\u00e9. Am\u00e9liorez ou remplacez vos ampoules de phares Honda CR-V par des ampoules LED hautes performances Carsa d\u00e8s aujourd&#039;hui !<\/p>\n<h2>Ampoule de phare \u00e0 LED 100 W 20 000 lm pour Honda CR-V<\/h2>\n<ul>\n<li>Feux de croisement \u2013 Ampoule LED H11<\/li>\n<li>Feux de route \u2013 Ampoule LED 9005<\/li>\n<li>Feu antibrouillard \u2013 Ampoule LED H11<\/li>\n<\/ul>\n<h3>Pourquoi choisir ces ampoules de phares LED Honda CR-V ?<\/h3>\n<ul>\n<li class=\"bullet-arrow\">3 x plus lumineux que l&#039;halog\u00e8ne - Avec des puces LED COB de qualit\u00e9 sup\u00e9rieure, elles ont une consommation d&#039;\u00e9nergie d\u00e9di\u00e9e de 50 watts avec 10 000 lumens chacune, une temp\u00e9rature de couleur blanc froid de 6 000 K, elles sont 3 fois plus lumineuses que les ampoules halog\u00e8nes.<\/li>\n<li class=\"bullet-arrow\">Pas de points sombres, pas d\u2019\u00e9blouissement \u2013 Les puces COB offrent une qualit\u00e9 de lumi\u00e8re beaucoup plus claire et \u00e9liminent les images fant\u00f4mes, les ombres, les taches et les angles morts, plus \u00e9clairants et moins aveuglants pour les conducteurs venant en sens inverse.<\/li>\n<li class=\"bullet-arrow\">Dur\u00e9e de vie de 30 000 heures \u2013 L&#039;int\u00e9gration d&#039;un ventilateur de refroidissement \u00e0 double rouleau de 85 000 tr\/min prot\u00e8ge votre voiture avec une dissipation plus rapide 30% pour prolonger sa dur\u00e9e de vie jusqu&#039;\u00e0 30 000 heures. Mat\u00e9riau en cuivre et bo\u00eetier en aluminium pour une excellente dissipation de la chaleur.<\/li>\n<li class=\"bullet-arrow\">INDICE D&#039;\u00c9TANCH\u00c9IT\u00c9 IP67 - La conception exquise de la technologie int\u00e9gr\u00e9e prot\u00e8ge votre voiture en garantissant une large plage de temp\u00e9ratures de fonctionnement de -40\u00b0F \u00e0 +200\u00b0F.<\/li>\n<li class=\"bullet-arrow\">CAN BUS compatible avec les v\u00e9hicules 98% \u2013 Pilote IC intelligent, offrant des performances plus stables. Canbus int\u00e9gr\u00e9, pas d&#039;erreurs, pas de scintillement, pas d&#039;interf\u00e9rences. Pour certaines marques comme Mercedes-Benz, BMW, Volvo, Dodge, Ford Fusion, Ford Focus, Ford Escape, etc., un d\u00e9codeur suppl\u00e9mentaire est n\u00e9cessaire pour \u00e9viter les scintillements et\/ou les messages d&#039;erreur.<\/li>\n<\/ul>\n<h3>Sp\u00e9cifications des LED du Honda CR-V<\/h3>\n<ul>\n<li class=\"bullet-arrow\">Tension : DC 9-16V<\/li>\n<li class=\"bullet-arrow\">Dur\u00e9e de vie : Plus de 30 000 heures<\/li>\n<li class=\"bullet-arrow\">Puces LED : 6 puces Flip de 60 mil<\/li>\n<li class=\"bullet-arrow\">Temp\u00e9rature de couleur : 6000K Blanc<\/li>\n<li class=\"bullet-arrow\">Puissance lumineuse : 100 W\/ensemble (50 W\/ampoule)<\/li>\n<li class=\"bullet-arrow\">Flux lumineux : 20 000 lm\/ensemble (10 000 lm\/ampoule)<\/li>\n<li class=\"bullet-arrow\">Certification : \u00c9tanch\u00e9it\u00e9 \u00e0 l&#039;eau et \u00e0 la poussi\u00e8re IP67, CE, RoHS<\/li>\n<\/ul>\n<p><img fetchpriority=\"high\" decoding=\"async\" src=\"https:\/\/carsa.ca\/wp-content\/uploads\/2023\/01\/carsa_logo-Duzenlendi-e1673439029810-400x142.png\" class=\"size-medium wp-image-10117\" width=\"400\" height=\"142\" alt=\"carsa.ca\"><\/p>","protected":false},"excerpt":{"rendered":"<p>These 100W 20,000LM LED headlight bulbs are among the brightest LED bulbs for Honda CR-V on the market. Upgrade or replace your Honda CR-V Headlight Bulbs with Carsa high-performance LED bulbs today! 100W 20,000LM Honda CR-V LED Headlight Bulb Low Beam &#8211; H11 LED Bulb High Beam &#8211; 9005 LED Bulb Fog Light &#8211; H11 [&hellip;]<\/p>\n","protected":false},"featured_media":9272,"template":"","meta":[],"product_brand":[],"product_cat":[438,426],"product_tag":[428,436,442,439,429,220,430,431,432,434,435,437,441,440],"class_list":{"0":"post-9219","1":"product","2":"type-product","3":"status-publish","4":"has-post-thumbnail","6":"product_cat-cr-v","7":"product_cat-for-honda","8":"product_tag-100w-2008-2015-honda-accord-led-headlight-fog-light-bulb","9":"product_tag-100w-2014-2018-honda-civic-led-headlight-fog-light-bulb","10":"product_tag-140w-honda-cr-v-led-headlight-bulbs-2015-2020-2-bulbs","11":"product_tag-1997-2001-honda-crv-led-headlight-bulbs","12":"product_tag-accord-led-headlight-fog-light-bulb","13":"product_tag-honda","14":"product_tag-honda-accord","15":"product_tag-honda-accord-led","16":"product_tag-honda-accord-led-headlight-fog-light-bulb","17":"product_tag-honda-civic","18":"product_tag-honda-civic-led-headlight-bulb","19":"product_tag-honda-civic-led-headlight-fog-light-bulb","20":"product_tag-honda-crv-led","21":"product_tag-honda-crv-led-headlight-bulbs","22":"product_shipping_class-standart","24":"first","25":"instock","26":"sale","27":"taxable","28":"shipping-taxable","29":"purchasable","30":"product-type-variable","31":"add-to-wishlist-after_add_to_cart"},"yoast_head":"<!-- This site is optimized with the Yoast SEO plugin v27.3 - https:\/\/yoast.com\/product\/yoast-seo-wordpress\/ -->\n<title>2015-2020 Honda CR-V LED Headlight and Fog Light Bulbs | 2 Bulbs | 100W 20,000LM<\/title>\n<meta name=\"description\" content=\"2015-2020 Honda CR-V LED Headlight and Fog Light Bulbs | 2 Bulbs | 100W 20,000LM - Carsa Automotive Lighting System - info@carsa.ca\" \/>\n<meta name=\"robots\" content=\"index, follow, max-snippet:-1, max-image-preview:large, max-video-preview:-1\" \/>\n<link rel=\"canonical\" href=\"https:\/\/carsa.ca\/fr\/produit\/2015-2020-honda-cr-v-led-headlight-and-fog-light-bulbs-2-bulbs-100w-20000lm\/\" \/>\n<meta property=\"og:locale\" content=\"fr_FR\" \/>\n<meta property=\"og:type\" content=\"article\" \/>\n<meta property=\"og:title\" content=\"2015-2020 Honda CR-V LED Headlight and Fog Light Bulbs | 2 Bulbs | 100W 20,000LM - Carsa Automotive Lighting System\" \/>\n<meta property=\"og:description\" content=\"2015-2020 Honda CR-V LED Headlight and Fog Light Bulbs | 2 Bulbs | 100W 20,000LM - Carsa Automotive Lighting System carsa.ca\" \/>\n<meta property=\"og:url\" content=\"https:\/\/carsa.ca\/fr\/produit\/2015-2020-honda-cr-v-led-headlight-and-fog-light-bulbs-2-bulbs-100w-20000lm\/\" \/>\n<meta property=\"og:site_name\" content=\"Carsa Automotive Lighting System\" \/>\n<meta property=\"article:modified_time\" content=\"2024-08-09T20:09:23+00:00\" \/>\n<meta name=\"twitter:card\" content=\"summary_large_image\" \/>\n<meta name=\"twitter:image\" content=\"https:\/\/carsa.ca\/wp-content\/uploads\/2024\/08\/2020-honda-cr-v-header.png\" \/>\n<meta name=\"twitter:label1\" content=\"Dur\u00e9e de lecture estim\u00e9e\" \/>\n\t<meta name=\"twitter:data1\" content=\"2 minutes\" \/>\n<script type=\"application\/ld+json\" class=\"yoast-schema-graph\">{\"@context\":\"https:\\\/\\\/schema.org\",\"@graph\":[{\"@type\":\"WebPage\",\"@id\":\"https:\\\/\\\/carsa.ca\\\/product\\\/2015-2020-honda-cr-v-led-headlight-and-fog-light-bulbs-2-bulbs-100w-20000lm\\\/\",\"url\":\"https:\\\/\\\/carsa.ca\\\/product\\\/2015-2020-honda-cr-v-led-headlight-and-fog-light-bulbs-2-bulbs-100w-20000lm\\\/\",\"name\":\"2015-2020 Honda CR-V LED Headlight and Fog Light Bulbs | 2 Bulbs | 100W 20,000LM\",\"isPartOf\":{\"@id\":\"https:\\\/\\\/carsa.ca\\\/#website\"},\"primaryImageOfPage\":{\"@id\":\"https:\\\/\\\/carsa.ca\\\/product\\\/2015-2020-honda-cr-v-led-headlight-and-fog-light-bulbs-2-bulbs-100w-20000lm\\\/#primaryimage\"},\"image\":{\"@id\":\"https:\\\/\\\/carsa.ca\\\/product\\\/2015-2020-honda-cr-v-led-headlight-and-fog-light-bulbs-2-bulbs-100w-20000lm\\\/#primaryimage\"},\"thumbnailUrl\":\"https:\\\/\\\/carsa.ca\\\/wp-content\\\/uploads\\\/2024\\\/08\\\/2020-honda-cr-v-header.png\",\"datePublished\":\"2024-08-06T20:25:59+00:00\",\"dateModified\":\"2024-08-09T20:09:23+00:00\",\"description\":\"2015-2020 Honda CR-V LED Headlight and Fog Light Bulbs | 2 Bulbs | 100W 20,000LM - Carsa Automotive Lighting System - info@carsa.ca\",\"breadcrumb\":{\"@id\":\"https:\\\/\\\/carsa.ca\\\/product\\\/2015-2020-honda-cr-v-led-headlight-and-fog-light-bulbs-2-bulbs-100w-20000lm\\\/#breadcrumb\"},\"inLanguage\":\"fr-FR\",\"potentialAction\":[{\"@type\":\"ReadAction\",\"target\":[\"https:\\\/\\\/carsa.ca\\\/product\\\/2015-2020-honda-cr-v-led-headlight-and-fog-light-bulbs-2-bulbs-100w-20000lm\\\/\"]}]},{\"@type\":\"ImageObject\",\"inLanguage\":\"fr-FR\",\"@id\":\"https:\\\/\\\/carsa.ca\\\/product\\\/2015-2020-honda-cr-v-led-headlight-and-fog-light-bulbs-2-bulbs-100w-20000lm\\\/#primaryimage\",\"url\":\"https:\\\/\\\/carsa.ca\\\/wp-content\\\/uploads\\\/2024\\\/08\\\/2020-honda-cr-v-header.png\",\"contentUrl\":\"https:\\\/\\\/carsa.ca\\\/wp-content\\\/uploads\\\/2024\\\/08\\\/2020-honda-cr-v-header.png\",\"width\":759,\"height\":372},{\"@type\":\"BreadcrumbList\",\"@id\":\"https:\\\/\\\/carsa.ca\\\/product\\\/2015-2020-honda-cr-v-led-headlight-and-fog-light-bulbs-2-bulbs-100w-20000lm\\\/#breadcrumb\",\"itemListElement\":[{\"@type\":\"ListItem\",\"position\":1,\"name\":\"Home\",\"item\":\"https:\\\/\\\/carsa.ca\\\/\"},{\"@type\":\"ListItem\",\"position\":2,\"name\":\"Shop\",\"item\":\"https:\\\/\\\/carsa.ca\\\/fr\\\/shop\\\/\"},{\"@type\":\"ListItem\",\"position\":3,\"name\":\"2015-2020 Honda CR-V LED Headlight and Fog Light Bulbs | 2 Bulbs | 100W 20,000LM\"}]},{\"@type\":\"WebSite\",\"@id\":\"https:\\\/\\\/carsa.ca\\\/#website\",\"url\":\"https:\\\/\\\/carsa.ca\\\/\",\"name\":\"Carsa Automotive Lighting System\",\"description\":\"\",\"publisher\":{\"@id\":\"https:\\\/\\\/carsa.ca\\\/#organization\"},\"potentialAction\":[{\"@type\":\"SearchAction\",\"target\":{\"@type\":\"EntryPoint\",\"urlTemplate\":\"https:\\\/\\\/carsa.ca\\\/?s={search_term_string}\"},\"query-input\":{\"@type\":\"PropertyValueSpecification\",\"valueRequired\":true,\"valueName\":\"search_term_string\"}}],\"inLanguage\":\"fr-FR\"},{\"@type\":\"Organization\",\"@id\":\"https:\\\/\\\/carsa.ca\\\/#organization\",\"name\":\"Carsa Automotive Lighting System\",\"url\":\"https:\\\/\\\/carsa.ca\\\/\",\"logo\":{\"@type\":\"ImageObject\",\"inLanguage\":\"fr-FR\",\"@id\":\"https:\\\/\\\/carsa.ca\\\/#\\\/schema\\\/logo\\\/image\\\/\",\"url\":\"https:\\\/\\\/carsa.ca\\\/wp-content\\\/uploads\\\/2024\\\/07\\\/CARSA-LOGO.svg\",\"contentUrl\":\"https:\\\/\\\/carsa.ca\\\/wp-content\\\/uploads\\\/2024\\\/07\\\/CARSA-LOGO.svg\",\"width\":2512,\"height\":504,\"caption\":\"Carsa Automotive Lighting System\"},\"image\":{\"@id\":\"https:\\\/\\\/carsa.ca\\\/#\\\/schema\\\/logo\\\/image\\\/\"}}]}<\/script>\n<!-- \/ Yoast SEO plugin. -->","yoast_head_json":{"title":"Ampoules de phares et de feux antibrouillard \u00e0 LED pour Honda CR-V 2015-2020 | 2 ampoules | 100 W 20 000 lm","description":"Ampoules de phares et antibrouillards \u00e0 DEL pour Honda CR-V 2015-2020 | 2 ampoules | 100 W 20\u00a0000 lm - Syst\u00e8me d&#039;\u00e9clairage automobile Carsa - info@carsa.ca","robots":{"index":"index","follow":"follow","max-snippet":"max-snippet:-1","max-image-preview":"max-image-preview:large","max-video-preview":"max-video-preview:-1"},"canonical":"https:\/\/carsa.ca\/fr\/produit\/2015-2020-honda-cr-v-led-headlight-and-fog-light-bulbs-2-bulbs-100w-20000lm\/","og_locale":"fr_FR","og_type":"article","og_title":"2015-2020 Honda CR-V LED Headlight and Fog Light Bulbs | 2 Bulbs | 100W 20,000LM - Carsa Automotive Lighting System","og_description":"2015-2020 Honda CR-V LED Headlight and Fog Light Bulbs | 2 Bulbs | 100W 20,000LM - Carsa Automotive Lighting System carsa.ca","og_url":"https:\/\/carsa.ca\/fr\/produit\/2015-2020-honda-cr-v-led-headlight-and-fog-light-bulbs-2-bulbs-100w-20000lm\/","og_site_name":"Carsa Automotive Lighting System","article_modified_time":"2024-08-09T20:09:23+00:00","twitter_card":"summary_large_image","twitter_image":"https:\/\/carsa.ca\/wp-content\/uploads\/2024\/08\/2020-honda-cr-v-header.png","twitter_misc":{"Dur\u00e9e de lecture estim\u00e9e":"2 minutes"},"schema":{"@context":"https:\/\/schema.org","@graph":[{"@type":"WebPage","@id":"https:\/\/carsa.ca\/product\/2015-2020-honda-cr-v-led-headlight-and-fog-light-bulbs-2-bulbs-100w-20000lm\/","url":"https:\/\/carsa.ca\/product\/2015-2020-honda-cr-v-led-headlight-and-fog-light-bulbs-2-bulbs-100w-20000lm\/","name":"Ampoules de phares et de feux antibrouillard \u00e0 LED pour Honda CR-V 2015-2020 | 2 ampoules | 100 W 20 000 lm","isPartOf":{"@id":"https:\/\/carsa.ca\/#website"},"primaryImageOfPage":{"@id":"https:\/\/carsa.ca\/product\/2015-2020-honda-cr-v-led-headlight-and-fog-light-bulbs-2-bulbs-100w-20000lm\/#primaryimage"},"image":{"@id":"https:\/\/carsa.ca\/product\/2015-2020-honda-cr-v-led-headlight-and-fog-light-bulbs-2-bulbs-100w-20000lm\/#primaryimage"},"thumbnailUrl":"https:\/\/carsa.ca\/wp-content\/uploads\/2024\/08\/2020-honda-cr-v-header.png","datePublished":"2024-08-06T20:25:59+00:00","dateModified":"2024-08-09T20:09:23+00:00","description":"Ampoules de phares et antibrouillards \u00e0 DEL pour Honda CR-V 2015-2020 | 2 ampoules | 100 W 20\u00a0000 lm - Syst\u00e8me d&#039;\u00e9clairage automobile Carsa - info@carsa.ca","breadcrumb":{"@id":"https:\/\/carsa.ca\/product\/2015-2020-honda-cr-v-led-headlight-and-fog-light-bulbs-2-bulbs-100w-20000lm\/#breadcrumb"},"inLanguage":"fr-FR","potentialAction":[{"@type":"ReadAction","target":["https:\/\/carsa.ca\/product\/2015-2020-honda-cr-v-led-headlight-and-fog-light-bulbs-2-bulbs-100w-20000lm\/"]}]},{"@type":"ImageObject","inLanguage":"fr-FR","@id":"https:\/\/carsa.ca\/product\/2015-2020-honda-cr-v-led-headlight-and-fog-light-bulbs-2-bulbs-100w-20000lm\/#primaryimage","url":"https:\/\/carsa.ca\/wp-content\/uploads\/2024\/08\/2020-honda-cr-v-header.png","contentUrl":"https:\/\/carsa.ca\/wp-content\/uploads\/2024\/08\/2020-honda-cr-v-header.png","width":759,"height":372},{"@type":"BreadcrumbList","@id":"https:\/\/carsa.ca\/product\/2015-2020-honda-cr-v-led-headlight-and-fog-light-bulbs-2-bulbs-100w-20000lm\/#breadcrumb","itemListElement":[{"@type":"ListItem","position":1,"name":"Home","item":"https:\/\/carsa.ca\/"},{"@type":"ListItem","position":2,"name":"Shop","item":"https:\/\/carsa.ca\/fr\/shop\/"},{"@type":"ListItem","position":3,"name":"2015-2020 Honda CR-V LED Headlight and Fog Light Bulbs | 2 Bulbs | 100W 20,000LM"}]},{"@type":"WebSite","@id":"https:\/\/carsa.ca\/#website","url":"https:\/\/carsa.ca\/","name":"Syst\u00e8me d&#039;\u00e9clairage automobile Carsa","description":"","publisher":{"@id":"https:\/\/carsa.ca\/#organization"},"potentialAction":[{"@type":"SearchAction","target":{"@type":"EntryPoint","urlTemplate":"https:\/\/carsa.ca\/?s={search_term_string}"},"query-input":{"@type":"PropertyValueSpecification","valueRequired":true,"valueName":"search_term_string"}}],"inLanguage":"fr-FR"},{"@type":"Organization","@id":"https:\/\/carsa.ca\/#organization","name":"Syst\u00e8me d&#039;\u00e9clairage automobile Carsa","url":"https:\/\/carsa.ca\/","logo":{"@type":"ImageObject","inLanguage":"fr-FR","@id":"https:\/\/carsa.ca\/#\/schema\/logo\/image\/","url":"https:\/\/carsa.ca\/wp-content\/uploads\/2024\/07\/CARSA-LOGO.svg","contentUrl":"https:\/\/carsa.ca\/wp-content\/uploads\/2024\/07\/CARSA-LOGO.svg","width":2512,"height":504,"caption":"Carsa Automotive Lighting System"},"image":{"@id":"https:\/\/carsa.ca\/#\/schema\/logo\/image\/"}}]}},"_links":{"self":[{"href":"https:\/\/carsa.ca\/fr\/wp-json\/wp\/v2\/product\/9219","targetHints":{"allow":["GET"]}}],"collection":[{"href":"https:\/\/carsa.ca\/fr\/wp-json\/wp\/v2\/product"}],"about":[{"href":"https:\/\/carsa.ca\/fr\/wp-json\/wp\/v2\/types\/product"}],"wp:featuredmedia":[{"embeddable":true,"href":"https:\/\/carsa.ca\/fr\/wp-json\/wp\/v2\/media\/9272"}],"wp:attachment":[{"href":"https:\/\/carsa.ca\/fr\/wp-json\/wp\/v2\/media?parent=9219"}],"wp:term":[{"taxonomy":"product_brand","embeddable":true,"href":"https:\/\/carsa.ca\/fr\/wp-json\/wp\/v2\/product_brand?post=9219"},{"taxonomy":"product_cat","embeddable":true,"href":"https:\/\/carsa.ca\/fr\/wp-json\/wp\/v2\/product_cat?post=9219"},{"taxonomy":"product_tag","embeddable":true,"href":"https:\/\/carsa.ca\/fr\/wp-json\/wp\/v2\/product_tag?post=9219"}],"curies":[{"name":"wp","href":"https:\/\/api.w.org\/{rel}","templated":true}]}}