{"id":9228,"date":"2024-08-06T20:25:59","date_gmt":"2024-08-06T20:25:59","guid":{"rendered":"https:\/\/demotasarim.online\/?post_type=product&#038;p=9228"},"modified":"2024-08-09T20:08:46","modified_gmt":"2024-08-09T20:08:46","slug":"2003-2005-honda-pilot-high-and-low-beam-headlight-bulbs-2-bulbs-100w-20000lm","status":"publish","type":"product","link":"https:\/\/carsa.ca\/fr\/produit\/2003-2005-honda-pilot-high-and-low-beam-headlight-bulbs-2-bulbs-100w-20000lm\/","title":{"rendered":"Ampoules de phares \u00e0 faisceau haut et bas pour Honda Pilot 2003-2005 | 2 ampoules | 100 W 20 000 lm"},"content":{"rendered":"<p>Si vous souhaitez am\u00e9liorer \u00e0 la fois l&#039;apparence et la fonctionnalit\u00e9 de votre Honda Pilot 2003-2005, optez pour un jeu d&#039;ampoules de phares \u00e0 LED puissantes. Avec ces ampoules de phares \u00e0 LED 100 W 20 000 lm, vos phares Honda Pilot seront 3 fois plus lumineux !<\/p>\n<h3>Ampoule de phare \u00e0 DEL pour Honda Pilot 2003-2005<\/h3>\n<ul>\n<li>Feux de route et de croisement \u2013 Ampoule LED H4<\/li>\n<\/ul>\n<div id=\"row-488067705\" class=\"row row-small\">\n<div id=\"col-1852061966\" class=\"col small-12 large-12\">\n<div class=\"col-inner\">\n<p>Les ampoules LED CARSA sont dot\u00e9es d&#039;un design tout-en-un, presque de la m\u00eame taille que les ampoules halog\u00e8nes, mais 3 fois plus lumineuses que les phares halog\u00e8nes. Pour un look haut de gamme moderne, personnalisez votre voiture avec les ampoules de phares LED CARSA.<\/p>\n<\/div>\n<\/div>\n<\/div>\n<p><img fetchpriority=\"high\" decoding=\"async\" src=\"https:\/\/carsa.ca\/wp-content\/uploads\/2023\/01\/carsa_logo-Duzenlendi-e1673439029810-400x142.png\" class=\"size-medium wp-image-10117\" width=\"400\" height=\"142\" alt=\"carsa.ca\"><\/p>","protected":false},"excerpt":{"rendered":"<p>If you are looking to improve both the look and function of your 2003-2005 Honda Pilot, upgrade to a set of powerful LED headlight bulbs. With these 100W 20,000lm led headlight bulbs, your Honda Pilot headlights will be 3 x brighter! 2003-2005 Honda Pilot LED Headlight Bulb High Low Beam &#8211; H4 LED Bulb CARSA [&hellip;]<\/p>\n","protected":false},"featured_media":9279,"template":"","meta":[],"product_brand":[],"product_cat":[426,443],"product_tag":[428,436,444,439,429,220,430,431,432,434,435,437,441,440,445,446,447],"class_list":{"0":"post-9228","1":"product","2":"type-product","3":"status-publish","4":"has-post-thumbnail","6":"product_cat-for-honda","7":"product_cat-pilot","8":"product_tag-100w-2008-2015-honda-accord-led-headlight-fog-light-bulb","9":"product_tag-100w-2014-2018-honda-civic-led-headlight-fog-light-bulb","10":"product_tag-100w-honda-cr-v-led-headlight-bulbs-2015-2020-2-bulbs","11":"product_tag-1997-2001-honda-crv-led-headlight-bulbs","12":"product_tag-accord-led-headlight-fog-light-bulb","13":"product_tag-honda","14":"product_tag-honda-accord","15":"product_tag-honda-accord-led","16":"product_tag-honda-accord-led-headlight-fog-light-bulb","17":"product_tag-honda-civic","18":"product_tag-honda-civic-led-headlight-bulb","19":"product_tag-honda-civic-led-headlight-fog-light-bulb","20":"product_tag-honda-crv-led","21":"product_tag-honda-crv-led-headlight-bulbs","22":"product_tag-honda-pilot-2003","23":"product_tag-honda-pilot-2003-bulbs","24":"product_tag-honda-pilot-led-headlight-bulb","25":"product_shipping_class-standart","27":"first","28":"instock","29":"sale","30":"taxable","31":"shipping-taxable","32":"purchasable","33":"product-type-simple","34":"add-to-wishlist-after_add_to_cart"},"yoast_head":"<!-- This site is optimized with the Yoast SEO plugin v27.4 - https:\/\/yoast.com\/product\/yoast-seo-wordpress\/ -->\n<title>2003-2005 Honda Pilot High and Low Beam Headlight Bulbs | 2 Bulbs | 100W 20,000LM<\/title>\n<meta name=\"description\" content=\"2003-2005 Honda Pilot High and Low Beam Headlight Bulbs | 2 Bulbs | 100W 20,000LM - Carsa Automotive Lighting System - info@carsa.ca\" \/>\n<meta name=\"robots\" content=\"index, follow, max-snippet:-1, max-image-preview:large, max-video-preview:-1\" \/>\n<link rel=\"canonical\" href=\"https:\/\/carsa.ca\/fr\/produit\/2003-2005-honda-pilot-high-and-low-beam-headlight-bulbs-2-bulbs-100w-20000lm\/\" \/>\n<meta property=\"og:locale\" content=\"fr_FR\" \/>\n<meta property=\"og:type\" content=\"article\" \/>\n<meta property=\"og:title\" content=\"2003-2005 Honda Pilot High and Low Beam Headlight Bulbs | 2 Bulbs | 100W 20,000LM - Carsa Automotive Lighting System\" \/>\n<meta property=\"og:description\" content=\"2003-2005 Honda Pilot High and Low Beam Headlight Bulbs | 2 Bulbs | 100W 20,000LM - Carsa Automotive Lighting System carsa.ca\" \/>\n<meta property=\"og:url\" content=\"https:\/\/carsa.ca\/fr\/produit\/2003-2005-honda-pilot-high-and-low-beam-headlight-bulbs-2-bulbs-100w-20000lm\/\" \/>\n<meta property=\"og:site_name\" content=\"Carsa Automotive Lighting System\" \/>\n<meta property=\"article:modified_time\" content=\"2024-08-09T20:08:46+00:00\" \/>\n<meta name=\"twitter:card\" content=\"summary_large_image\" \/>\n<meta name=\"twitter:image\" content=\"https:\/\/carsa.ca\/wp-content\/uploads\/2024\/08\/honda-pilot-2003.jpg\" \/>\n<meta name=\"twitter:label1\" content=\"Dur\u00e9e de lecture estim\u00e9e\" \/>\n\t<meta name=\"twitter:data1\" content=\"1 minute\" \/>\n<script type=\"application\/ld+json\" class=\"yoast-schema-graph\">{\"@context\":\"https:\\\/\\\/schema.org\",\"@graph\":[{\"@type\":\"WebPage\",\"@id\":\"https:\\\/\\\/carsa.ca\\\/product\\\/2003-2005-honda-pilot-high-and-low-beam-headlight-bulbs-2-bulbs-100w-20000lm\\\/\",\"url\":\"https:\\\/\\\/carsa.ca\\\/product\\\/2003-2005-honda-pilot-high-and-low-beam-headlight-bulbs-2-bulbs-100w-20000lm\\\/\",\"name\":\"2003-2005 Honda Pilot High and Low Beam Headlight Bulbs | 2 Bulbs | 100W 20,000LM\",\"isPartOf\":{\"@id\":\"https:\\\/\\\/carsa.ca\\\/#website\"},\"primaryImageOfPage\":{\"@id\":\"https:\\\/\\\/carsa.ca\\\/product\\\/2003-2005-honda-pilot-high-and-low-beam-headlight-bulbs-2-bulbs-100w-20000lm\\\/#primaryimage\"},\"image\":{\"@id\":\"https:\\\/\\\/carsa.ca\\\/product\\\/2003-2005-honda-pilot-high-and-low-beam-headlight-bulbs-2-bulbs-100w-20000lm\\\/#primaryimage\"},\"thumbnailUrl\":\"https:\\\/\\\/carsa.ca\\\/wp-content\\\/uploads\\\/2024\\\/08\\\/honda-pilot-2003.jpg\",\"datePublished\":\"2024-08-06T20:25:59+00:00\",\"dateModified\":\"2024-08-09T20:08:46+00:00\",\"description\":\"2003-2005 Honda Pilot High and Low Beam Headlight Bulbs | 2 Bulbs | 100W 20,000LM - Carsa Automotive Lighting System - info@carsa.ca\",\"breadcrumb\":{\"@id\":\"https:\\\/\\\/carsa.ca\\\/product\\\/2003-2005-honda-pilot-high-and-low-beam-headlight-bulbs-2-bulbs-100w-20000lm\\\/#breadcrumb\"},\"inLanguage\":\"fr-FR\",\"potentialAction\":[{\"@type\":\"ReadAction\",\"target\":[\"https:\\\/\\\/carsa.ca\\\/product\\\/2003-2005-honda-pilot-high-and-low-beam-headlight-bulbs-2-bulbs-100w-20000lm\\\/\"]}]},{\"@type\":\"ImageObject\",\"inLanguage\":\"fr-FR\",\"@id\":\"https:\\\/\\\/carsa.ca\\\/product\\\/2003-2005-honda-pilot-high-and-low-beam-headlight-bulbs-2-bulbs-100w-20000lm\\\/#primaryimage\",\"url\":\"https:\\\/\\\/carsa.ca\\\/wp-content\\\/uploads\\\/2024\\\/08\\\/honda-pilot-2003.jpg\",\"contentUrl\":\"https:\\\/\\\/carsa.ca\\\/wp-content\\\/uploads\\\/2024\\\/08\\\/honda-pilot-2003.jpg\",\"width\":1024,\"height\":682},{\"@type\":\"BreadcrumbList\",\"@id\":\"https:\\\/\\\/carsa.ca\\\/product\\\/2003-2005-honda-pilot-high-and-low-beam-headlight-bulbs-2-bulbs-100w-20000lm\\\/#breadcrumb\",\"itemListElement\":[{\"@type\":\"ListItem\",\"position\":1,\"name\":\"Home\",\"item\":\"https:\\\/\\\/carsa.ca\\\/\"},{\"@type\":\"ListItem\",\"position\":2,\"name\":\"Shop\",\"item\":\"https:\\\/\\\/carsa.ca\\\/fr\\\/shop\\\/\"},{\"@type\":\"ListItem\",\"position\":3,\"name\":\"2003-2005 Honda Pilot High and Low Beam Headlight Bulbs | 2 Bulbs | 100W 20,000LM\"}]},{\"@type\":\"WebSite\",\"@id\":\"https:\\\/\\\/carsa.ca\\\/#website\",\"url\":\"https:\\\/\\\/carsa.ca\\\/\",\"name\":\"Carsa Automotive Lighting System\",\"description\":\"\",\"publisher\":{\"@id\":\"https:\\\/\\\/carsa.ca\\\/#organization\"},\"potentialAction\":[{\"@type\":\"SearchAction\",\"target\":{\"@type\":\"EntryPoint\",\"urlTemplate\":\"https:\\\/\\\/carsa.ca\\\/?s={search_term_string}\"},\"query-input\":{\"@type\":\"PropertyValueSpecification\",\"valueRequired\":true,\"valueName\":\"search_term_string\"}}],\"inLanguage\":\"fr-FR\"},{\"@type\":\"Organization\",\"@id\":\"https:\\\/\\\/carsa.ca\\\/#organization\",\"name\":\"Carsa Automotive Lighting System\",\"url\":\"https:\\\/\\\/carsa.ca\\\/\",\"logo\":{\"@type\":\"ImageObject\",\"inLanguage\":\"fr-FR\",\"@id\":\"https:\\\/\\\/carsa.ca\\\/#\\\/schema\\\/logo\\\/image\\\/\",\"url\":\"https:\\\/\\\/carsa.ca\\\/wp-content\\\/uploads\\\/2024\\\/07\\\/CARSA-LOGO.svg\",\"contentUrl\":\"https:\\\/\\\/carsa.ca\\\/wp-content\\\/uploads\\\/2024\\\/07\\\/CARSA-LOGO.svg\",\"width\":2512,\"height\":504,\"caption\":\"Carsa Automotive Lighting System\"},\"image\":{\"@id\":\"https:\\\/\\\/carsa.ca\\\/#\\\/schema\\\/logo\\\/image\\\/\"}}]}<\/script>\n<!-- \/ Yoast SEO plugin. -->","yoast_head_json":{"title":"Ampoules de phares \u00e0 faisceau haut et bas pour Honda Pilot 2003-2005 | 2 ampoules | 100 W 20 000 lm","description":"2003-2005 Honda Pilot High and Low Beam Headlight Bulbs | 2 Bulbs | 100W 20,000LM - Carsa Automotive Lighting System - info@carsa.ca","robots":{"index":"index","follow":"follow","max-snippet":"max-snippet:-1","max-image-preview":"max-image-preview:large","max-video-preview":"max-video-preview:-1"},"canonical":"https:\/\/carsa.ca\/fr\/produit\/2003-2005-honda-pilot-high-and-low-beam-headlight-bulbs-2-bulbs-100w-20000lm\/","og_locale":"fr_FR","og_type":"article","og_title":"2003-2005 Honda Pilot High and Low Beam Headlight Bulbs | 2 Bulbs | 100W 20,000LM - Carsa Automotive Lighting System","og_description":"2003-2005 Honda Pilot High and Low Beam Headlight Bulbs | 2 Bulbs | 100W 20,000LM - Carsa Automotive Lighting System carsa.ca","og_url":"https:\/\/carsa.ca\/fr\/produit\/2003-2005-honda-pilot-high-and-low-beam-headlight-bulbs-2-bulbs-100w-20000lm\/","og_site_name":"Carsa Automotive Lighting System","article_modified_time":"2024-08-09T20:08:46+00:00","twitter_card":"summary_large_image","twitter_image":"https:\/\/carsa.ca\/wp-content\/uploads\/2024\/08\/honda-pilot-2003.jpg","twitter_misc":{"Dur\u00e9e de lecture estim\u00e9e":"1 minute"},"schema":{"@context":"https:\/\/schema.org","@graph":[{"@type":"WebPage","@id":"https:\/\/carsa.ca\/product\/2003-2005-honda-pilot-high-and-low-beam-headlight-bulbs-2-bulbs-100w-20000lm\/","url":"https:\/\/carsa.ca\/product\/2003-2005-honda-pilot-high-and-low-beam-headlight-bulbs-2-bulbs-100w-20000lm\/","name":"Ampoules de phares \u00e0 faisceau haut et bas pour Honda Pilot 2003-2005 | 2 ampoules | 100 W 20 000 lm","isPartOf":{"@id":"https:\/\/carsa.ca\/#website"},"primaryImageOfPage":{"@id":"https:\/\/carsa.ca\/product\/2003-2005-honda-pilot-high-and-low-beam-headlight-bulbs-2-bulbs-100w-20000lm\/#primaryimage"},"image":{"@id":"https:\/\/carsa.ca\/product\/2003-2005-honda-pilot-high-and-low-beam-headlight-bulbs-2-bulbs-100w-20000lm\/#primaryimage"},"thumbnailUrl":"https:\/\/carsa.ca\/wp-content\/uploads\/2024\/08\/honda-pilot-2003.jpg","datePublished":"2024-08-06T20:25:59+00:00","dateModified":"2024-08-09T20:08:46+00:00","description":"2003-2005 Honda Pilot High and Low Beam Headlight Bulbs | 2 Bulbs | 100W 20,000LM - Carsa Automotive Lighting System - info@carsa.ca","breadcrumb":{"@id":"https:\/\/carsa.ca\/product\/2003-2005-honda-pilot-high-and-low-beam-headlight-bulbs-2-bulbs-100w-20000lm\/#breadcrumb"},"inLanguage":"fr-FR","potentialAction":[{"@type":"ReadAction","target":["https:\/\/carsa.ca\/product\/2003-2005-honda-pilot-high-and-low-beam-headlight-bulbs-2-bulbs-100w-20000lm\/"]}]},{"@type":"ImageObject","inLanguage":"fr-FR","@id":"https:\/\/carsa.ca\/product\/2003-2005-honda-pilot-high-and-low-beam-headlight-bulbs-2-bulbs-100w-20000lm\/#primaryimage","url":"https:\/\/carsa.ca\/wp-content\/uploads\/2024\/08\/honda-pilot-2003.jpg","contentUrl":"https:\/\/carsa.ca\/wp-content\/uploads\/2024\/08\/honda-pilot-2003.jpg","width":1024,"height":682},{"@type":"BreadcrumbList","@id":"https:\/\/carsa.ca\/product\/2003-2005-honda-pilot-high-and-low-beam-headlight-bulbs-2-bulbs-100w-20000lm\/#breadcrumb","itemListElement":[{"@type":"ListItem","position":1,"name":"Home","item":"https:\/\/carsa.ca\/"},{"@type":"ListItem","position":2,"name":"Shop","item":"https:\/\/carsa.ca\/fr\/shop\/"},{"@type":"ListItem","position":3,"name":"2003-2005 Honda Pilot High and Low Beam Headlight Bulbs | 2 Bulbs | 100W 20,000LM"}]},{"@type":"WebSite","@id":"https:\/\/carsa.ca\/#website","url":"https:\/\/carsa.ca\/","name":"Syst\u00e8me d&#039;\u00e9clairage automobile Carsa","description":"","publisher":{"@id":"https:\/\/carsa.ca\/#organization"},"potentialAction":[{"@type":"SearchAction","target":{"@type":"EntryPoint","urlTemplate":"https:\/\/carsa.ca\/?s={search_term_string}"},"query-input":{"@type":"PropertyValueSpecification","valueRequired":true,"valueName":"search_term_string"}}],"inLanguage":"fr-FR"},{"@type":"Organization","@id":"https:\/\/carsa.ca\/#organization","name":"Syst\u00e8me d&#039;\u00e9clairage automobile Carsa","url":"https:\/\/carsa.ca\/","logo":{"@type":"ImageObject","inLanguage":"fr-FR","@id":"https:\/\/carsa.ca\/#\/schema\/logo\/image\/","url":"https:\/\/carsa.ca\/wp-content\/uploads\/2024\/07\/CARSA-LOGO.svg","contentUrl":"https:\/\/carsa.ca\/wp-content\/uploads\/2024\/07\/CARSA-LOGO.svg","width":2512,"height":504,"caption":"Carsa Automotive Lighting System"},"image":{"@id":"https:\/\/carsa.ca\/#\/schema\/logo\/image\/"}}]}},"_links":{"self":[{"href":"https:\/\/carsa.ca\/fr\/wp-json\/wp\/v2\/product\/9228","targetHints":{"allow":["GET"]}}],"collection":[{"href":"https:\/\/carsa.ca\/fr\/wp-json\/wp\/v2\/product"}],"about":[{"href":"https:\/\/carsa.ca\/fr\/wp-json\/wp\/v2\/types\/product"}],"wp:featuredmedia":[{"embeddable":true,"href":"https:\/\/carsa.ca\/fr\/wp-json\/wp\/v2\/media\/9279"}],"wp:attachment":[{"href":"https:\/\/carsa.ca\/fr\/wp-json\/wp\/v2\/media?parent=9228"}],"wp:term":[{"taxonomy":"product_brand","embeddable":true,"href":"https:\/\/carsa.ca\/fr\/wp-json\/wp\/v2\/product_brand?post=9228"},{"taxonomy":"product_cat","embeddable":true,"href":"https:\/\/carsa.ca\/fr\/wp-json\/wp\/v2\/product_cat?post=9228"},{"taxonomy":"product_tag","embeddable":true,"href":"https:\/\/carsa.ca\/fr\/wp-json\/wp\/v2\/product_tag?post=9228"}],"curies":[{"name":"wp","href":"https:\/\/api.w.org\/{rel}","templated":true}]}}