{"id":9230,"date":"2024-08-06T20:25:59","date_gmt":"2024-08-06T20:25:59","guid":{"rendered":"https:\/\/demotasarim.online\/?post_type=product&#038;p=9230"},"modified":"2024-08-27T19:40:31","modified_gmt":"2024-08-27T19:40:31","slug":"100w-2014-2020-hyundai-accent-without-projector-led-headlight-bulb","status":"publish","type":"product","link":"https:\/\/carsa.ca\/fr\/produit\/100w-2014-2020-hyundai-accent-without-projector-led-headlight-bulb\/","title":{"rendered":"(100W) Ampoules de phares \u00e0 LED sans projecteur Hyundai Accent 2014-2020"},"content":{"rendered":"<p>Ampoules de phares \u00e0 LED pour Hyundai Accent 2014-2020 Hyundai Accent sans projecteur. Les ampoules de phares antibrouillard \u00e0 LED sont un excellent moyen d&#039;augmenter la visibilit\u00e9 nocturne. Avec ces ampoules de phares \u00e0 LED 100w 20000lm, vos phares Hyundai Accent seront 300% plus lumineux. Am\u00e9liorez les phares de votre Hyundai Accent avec les ampoules LED Carsa d\u00e8s aujourd&#039;hui !<\/p>\n<h3>Ampoule de phare \u00e0 LED sans projecteur pour Hyundai Accent 2014-2020<\/h3>\n<ul>\n<li>Feux de route et de croisement \u2013 Ampoule LED H4<\/li>\n<\/ul>\n<p><img fetchpriority=\"high\" decoding=\"async\" class=\"size-medium wp-image-10117\" src=\"https:\/\/carsa.ca\/wp-content\/uploads\/2023\/01\/carsa_logo-Duzenlendi-e1673439029810-400x142.png\" alt=\"carsa.ca\" width=\"400\" height=\"142\" \/><\/p>","protected":false},"excerpt":{"rendered":"<p>LED Headlight Bulbs for Hyundai Accent 2014-2020 Hyundai Accent without Projector. LED headlight fog light bulbs are a great way to increase nighttime visibility. With these 100w 20000lm led headlight bulbs, your Hyundai Accent headlights will be 300% brighter. Upgrade the headlights on your Hyundai Accent with Carsa LED bulbs today! 2014-2020 Hyundai Accent without [&hellip;]<\/p>\n","protected":false},"featured_media":9282,"template":"","meta":[],"product_brand":[],"product_cat":[449,448],"product_tag":[223,450,451,452,453],"class_list":{"0":"post-9230","1":"product","2":"type-product","3":"status-publish","4":"has-post-thumbnail","6":"product_cat-accent","7":"product_cat-for-hyundai","8":"product_tag-hyundai","9":"product_tag-hyundai-accent","10":"product_tag-hyundai-accent-bulbs","11":"product_tag-hyundai-accent-led-bulbs","12":"product_tag-hyundai-accent-without-projector-led-headlight-bulb","13":"product_shipping_class-standart","15":"first","16":"instock","17":"sale","18":"taxable","19":"shipping-taxable","20":"purchasable","21":"product-type-simple","22":"add-to-wishlist-after_add_to_cart"},"yoast_head":"<!-- This site is optimized with the Yoast SEO plugin v27.3 - https:\/\/yoast.com\/product\/yoast-seo-wordpress\/ -->\n<title>Hyundai Accent without Projector LED Headlight Bulb<\/title>\n<meta name=\"description\" content=\"(100W) 2014-2020 Hyundai Accent without Projector LED Headlight Bulbs - Carsa Automotive Lighting System - info@carsa.ca - Shipping - Canada - Other Country\" \/>\n<meta name=\"robots\" content=\"index, follow, max-snippet:-1, max-image-preview:large, max-video-preview:-1\" \/>\n<link rel=\"canonical\" href=\"https:\/\/carsa.ca\/fr\/produit\/100w-2014-2020-hyundai-accent-without-projector-led-headlight-bulb\/\" \/>\n<meta property=\"og:locale\" content=\"fr_FR\" \/>\n<meta property=\"og:type\" content=\"article\" \/>\n<meta property=\"og:title\" content=\"(100W) 2014-2020 Hyundai Accent without Projector LED Headlight Bulbs - Carsa Automotive Lighting System\" \/>\n<meta property=\"og:description\" content=\"(100W) 2014-2020 Hyundai Accent without Projector LED Headlight Bulbs - Carsa Automotive Lighting System carsa.ca\" \/>\n<meta property=\"og:url\" content=\"https:\/\/carsa.ca\/fr\/produit\/100w-2014-2020-hyundai-accent-without-projector-led-headlight-bulb\/\" \/>\n<meta property=\"og:site_name\" content=\"Carsa Automotive Lighting System\" \/>\n<meta property=\"article:modified_time\" content=\"2024-08-27T19:40:31+00:00\" \/>\n<meta name=\"twitter:card\" content=\"summary_large_image\" \/>\n<meta name=\"twitter:image\" content=\"https:\/\/carsa.ca\/wp-content\/uploads\/2024\/08\/644-6442961_banner-hyundai-accent-2019-png-transparent-png.png\" \/>\n<meta name=\"twitter:label1\" content=\"Dur\u00e9e de lecture estim\u00e9e\" \/>\n\t<meta name=\"twitter:data1\" content=\"1 minute\" \/>\n<script type=\"application\/ld+json\" class=\"yoast-schema-graph\">{\"@context\":\"https:\\\/\\\/schema.org\",\"@graph\":[{\"@type\":\"WebPage\",\"@id\":\"https:\\\/\\\/carsa.ca\\\/product\\\/100w-2014-2020-hyundai-accent-without-projector-led-headlight-bulb\\\/\",\"url\":\"https:\\\/\\\/carsa.ca\\\/product\\\/100w-2014-2020-hyundai-accent-without-projector-led-headlight-bulb\\\/\",\"name\":\"Hyundai Accent without Projector LED Headlight Bulb\",\"isPartOf\":{\"@id\":\"https:\\\/\\\/carsa.ca\\\/#website\"},\"primaryImageOfPage\":{\"@id\":\"https:\\\/\\\/carsa.ca\\\/product\\\/100w-2014-2020-hyundai-accent-without-projector-led-headlight-bulb\\\/#primaryimage\"},\"image\":{\"@id\":\"https:\\\/\\\/carsa.ca\\\/product\\\/100w-2014-2020-hyundai-accent-without-projector-led-headlight-bulb\\\/#primaryimage\"},\"thumbnailUrl\":\"https:\\\/\\\/carsa.ca\\\/wp-content\\\/uploads\\\/2024\\\/08\\\/644-6442961_banner-hyundai-accent-2019-png-transparent-png.png\",\"datePublished\":\"2024-08-06T20:25:59+00:00\",\"dateModified\":\"2024-08-27T19:40:31+00:00\",\"description\":\"(100W) 2014-2020 Hyundai Accent without Projector LED Headlight Bulbs - Carsa Automotive Lighting System - info@carsa.ca - Shipping - Canada - Other Country\",\"breadcrumb\":{\"@id\":\"https:\\\/\\\/carsa.ca\\\/product\\\/100w-2014-2020-hyundai-accent-without-projector-led-headlight-bulb\\\/#breadcrumb\"},\"inLanguage\":\"fr-FR\",\"potentialAction\":[{\"@type\":\"ReadAction\",\"target\":[\"https:\\\/\\\/carsa.ca\\\/product\\\/100w-2014-2020-hyundai-accent-without-projector-led-headlight-bulb\\\/\"]}]},{\"@type\":\"ImageObject\",\"inLanguage\":\"fr-FR\",\"@id\":\"https:\\\/\\\/carsa.ca\\\/product\\\/100w-2014-2020-hyundai-accent-without-projector-led-headlight-bulb\\\/#primaryimage\",\"url\":\"https:\\\/\\\/carsa.ca\\\/wp-content\\\/uploads\\\/2024\\\/08\\\/644-6442961_banner-hyundai-accent-2019-png-transparent-png.png\",\"contentUrl\":\"https:\\\/\\\/carsa.ca\\\/wp-content\\\/uploads\\\/2024\\\/08\\\/644-6442961_banner-hyundai-accent-2019-png-transparent-png.png\",\"width\":860,\"height\":399},{\"@type\":\"BreadcrumbList\",\"@id\":\"https:\\\/\\\/carsa.ca\\\/product\\\/100w-2014-2020-hyundai-accent-without-projector-led-headlight-bulb\\\/#breadcrumb\",\"itemListElement\":[{\"@type\":\"ListItem\",\"position\":1,\"name\":\"Home\",\"item\":\"https:\\\/\\\/carsa.ca\\\/\"},{\"@type\":\"ListItem\",\"position\":2,\"name\":\"Shop\",\"item\":\"https:\\\/\\\/carsa.ca\\\/fr\\\/shop\\\/\"},{\"@type\":\"ListItem\",\"position\":3,\"name\":\"(100W) 2014-2020 Hyundai Accent without Projector LED Headlight Bulbs\"}]},{\"@type\":\"WebSite\",\"@id\":\"https:\\\/\\\/carsa.ca\\\/#website\",\"url\":\"https:\\\/\\\/carsa.ca\\\/\",\"name\":\"Carsa Automotive Lighting System\",\"description\":\"\",\"publisher\":{\"@id\":\"https:\\\/\\\/carsa.ca\\\/#organization\"},\"potentialAction\":[{\"@type\":\"SearchAction\",\"target\":{\"@type\":\"EntryPoint\",\"urlTemplate\":\"https:\\\/\\\/carsa.ca\\\/?s={search_term_string}\"},\"query-input\":{\"@type\":\"PropertyValueSpecification\",\"valueRequired\":true,\"valueName\":\"search_term_string\"}}],\"inLanguage\":\"fr-FR\"},{\"@type\":\"Organization\",\"@id\":\"https:\\\/\\\/carsa.ca\\\/#organization\",\"name\":\"Carsa Automotive Lighting System\",\"url\":\"https:\\\/\\\/carsa.ca\\\/\",\"logo\":{\"@type\":\"ImageObject\",\"inLanguage\":\"fr-FR\",\"@id\":\"https:\\\/\\\/carsa.ca\\\/#\\\/schema\\\/logo\\\/image\\\/\",\"url\":\"https:\\\/\\\/carsa.ca\\\/wp-content\\\/uploads\\\/2024\\\/07\\\/CARSA-LOGO.svg\",\"contentUrl\":\"https:\\\/\\\/carsa.ca\\\/wp-content\\\/uploads\\\/2024\\\/07\\\/CARSA-LOGO.svg\",\"width\":2512,\"height\":504,\"caption\":\"Carsa Automotive Lighting System\"},\"image\":{\"@id\":\"https:\\\/\\\/carsa.ca\\\/#\\\/schema\\\/logo\\\/image\\\/\"}}]}<\/script>\n<!-- \/ Yoast SEO plugin. -->","yoast_head_json":{"title":"Ampoule de phare LED sans projecteur pour Hyundai Accent","description":"Ampoules de phares \u00e0 DEL sans projecteur pour Hyundai Accent 2014-2020 (100 W) - Syst\u00e8me d&#039;\u00e9clairage automobile Carsa - info@carsa.ca - Livraison - Canada - Autres pays","robots":{"index":"index","follow":"follow","max-snippet":"max-snippet:-1","max-image-preview":"max-image-preview:large","max-video-preview":"max-video-preview:-1"},"canonical":"https:\/\/carsa.ca\/fr\/produit\/100w-2014-2020-hyundai-accent-without-projector-led-headlight-bulb\/","og_locale":"fr_FR","og_type":"article","og_title":"(100W) 2014-2020 Hyundai Accent without Projector LED Headlight Bulbs - Carsa Automotive Lighting System","og_description":"(100W) 2014-2020 Hyundai Accent without Projector LED Headlight Bulbs - Carsa Automotive Lighting System carsa.ca","og_url":"https:\/\/carsa.ca\/fr\/produit\/100w-2014-2020-hyundai-accent-without-projector-led-headlight-bulb\/","og_site_name":"Carsa Automotive Lighting System","article_modified_time":"2024-08-27T19:40:31+00:00","twitter_card":"summary_large_image","twitter_image":"https:\/\/carsa.ca\/wp-content\/uploads\/2024\/08\/644-6442961_banner-hyundai-accent-2019-png-transparent-png.png","twitter_misc":{"Dur\u00e9e de lecture estim\u00e9e":"1 minute"},"schema":{"@context":"https:\/\/schema.org","@graph":[{"@type":"WebPage","@id":"https:\/\/carsa.ca\/product\/100w-2014-2020-hyundai-accent-without-projector-led-headlight-bulb\/","url":"https:\/\/carsa.ca\/product\/100w-2014-2020-hyundai-accent-without-projector-led-headlight-bulb\/","name":"Ampoule de phare LED sans projecteur pour Hyundai Accent","isPartOf":{"@id":"https:\/\/carsa.ca\/#website"},"primaryImageOfPage":{"@id":"https:\/\/carsa.ca\/product\/100w-2014-2020-hyundai-accent-without-projector-led-headlight-bulb\/#primaryimage"},"image":{"@id":"https:\/\/carsa.ca\/product\/100w-2014-2020-hyundai-accent-without-projector-led-headlight-bulb\/#primaryimage"},"thumbnailUrl":"https:\/\/carsa.ca\/wp-content\/uploads\/2024\/08\/644-6442961_banner-hyundai-accent-2019-png-transparent-png.png","datePublished":"2024-08-06T20:25:59+00:00","dateModified":"2024-08-27T19:40:31+00:00","description":"Ampoules de phares \u00e0 DEL sans projecteur pour Hyundai Accent 2014-2020 (100 W) - Syst\u00e8me d&#039;\u00e9clairage automobile Carsa - info@carsa.ca - Livraison - Canada - Autres pays","breadcrumb":{"@id":"https:\/\/carsa.ca\/product\/100w-2014-2020-hyundai-accent-without-projector-led-headlight-bulb\/#breadcrumb"},"inLanguage":"fr-FR","potentialAction":[{"@type":"ReadAction","target":["https:\/\/carsa.ca\/product\/100w-2014-2020-hyundai-accent-without-projector-led-headlight-bulb\/"]}]},{"@type":"ImageObject","inLanguage":"fr-FR","@id":"https:\/\/carsa.ca\/product\/100w-2014-2020-hyundai-accent-without-projector-led-headlight-bulb\/#primaryimage","url":"https:\/\/carsa.ca\/wp-content\/uploads\/2024\/08\/644-6442961_banner-hyundai-accent-2019-png-transparent-png.png","contentUrl":"https:\/\/carsa.ca\/wp-content\/uploads\/2024\/08\/644-6442961_banner-hyundai-accent-2019-png-transparent-png.png","width":860,"height":399},{"@type":"BreadcrumbList","@id":"https:\/\/carsa.ca\/product\/100w-2014-2020-hyundai-accent-without-projector-led-headlight-bulb\/#breadcrumb","itemListElement":[{"@type":"ListItem","position":1,"name":"Home","item":"https:\/\/carsa.ca\/"},{"@type":"ListItem","position":2,"name":"Shop","item":"https:\/\/carsa.ca\/fr\/shop\/"},{"@type":"ListItem","position":3,"name":"(100W) 2014-2020 Hyundai Accent without Projector LED Headlight Bulbs"}]},{"@type":"WebSite","@id":"https:\/\/carsa.ca\/#website","url":"https:\/\/carsa.ca\/","name":"Syst\u00e8me d&#039;\u00e9clairage automobile Carsa","description":"","publisher":{"@id":"https:\/\/carsa.ca\/#organization"},"potentialAction":[{"@type":"SearchAction","target":{"@type":"EntryPoint","urlTemplate":"https:\/\/carsa.ca\/?s={search_term_string}"},"query-input":{"@type":"PropertyValueSpecification","valueRequired":true,"valueName":"search_term_string"}}],"inLanguage":"fr-FR"},{"@type":"Organization","@id":"https:\/\/carsa.ca\/#organization","name":"Syst\u00e8me d&#039;\u00e9clairage automobile Carsa","url":"https:\/\/carsa.ca\/","logo":{"@type":"ImageObject","inLanguage":"fr-FR","@id":"https:\/\/carsa.ca\/#\/schema\/logo\/image\/","url":"https:\/\/carsa.ca\/wp-content\/uploads\/2024\/07\/CARSA-LOGO.svg","contentUrl":"https:\/\/carsa.ca\/wp-content\/uploads\/2024\/07\/CARSA-LOGO.svg","width":2512,"height":504,"caption":"Carsa Automotive Lighting System"},"image":{"@id":"https:\/\/carsa.ca\/#\/schema\/logo\/image\/"}}]}},"_links":{"self":[{"href":"https:\/\/carsa.ca\/fr\/wp-json\/wp\/v2\/product\/9230","targetHints":{"allow":["GET"]}}],"collection":[{"href":"https:\/\/carsa.ca\/fr\/wp-json\/wp\/v2\/product"}],"about":[{"href":"https:\/\/carsa.ca\/fr\/wp-json\/wp\/v2\/types\/product"}],"wp:featuredmedia":[{"embeddable":true,"href":"https:\/\/carsa.ca\/fr\/wp-json\/wp\/v2\/media\/9282"}],"wp:attachment":[{"href":"https:\/\/carsa.ca\/fr\/wp-json\/wp\/v2\/media?parent=9230"}],"wp:term":[{"taxonomy":"product_brand","embeddable":true,"href":"https:\/\/carsa.ca\/fr\/wp-json\/wp\/v2\/product_brand?post=9230"},{"taxonomy":"product_cat","embeddable":true,"href":"https:\/\/carsa.ca\/fr\/wp-json\/wp\/v2\/product_cat?post=9230"},{"taxonomy":"product_tag","embeddable":true,"href":"https:\/\/carsa.ca\/fr\/wp-json\/wp\/v2\/product_tag?post=9230"}],"curies":[{"name":"wp","href":"https:\/\/api.w.org\/{rel}","templated":true}]}}