{"id":9290,"date":"2024-08-06T20:27:09","date_gmt":"2024-08-06T20:27:09","guid":{"rendered":"https:\/\/demotasarim.online\/?post_type=product&#038;p=9290"},"modified":"2024-08-09T20:09:38","modified_gmt":"2024-08-09T20:09:38","slug":"hyundai-sonata-led-light-bulbs-60w-2015","status":"publish","type":"product","link":"https:\/\/carsa.ca\/fr\/produit\/hyundai-sonata-led-light-bulbs-60w-2015\/","title":{"rendered":"Ampoules LED Hyundai Sonata (60 W) 2015"},"content":{"rendered":"<p>Ampoules de phares \u00e0 LED Hyundai Sonata pour les ann\u00e9es 2015. Remplacer les phares par des ampoules LED est un excellent moyen de personnaliser votre Hyundai Sonata et de fournir un rendement lumineux accru l\u00e0 o\u00f9 vous en avez le plus besoin. Avec ces ampoules de phares \u00e0 LED 60w 7200lm, vos phares Hyundai Sonata 2015 seront 200% plus lumineux !<\/p>\n<h2>Ampoules LED pour Hyundai Sonata 2015<\/h2>\n<p><img fetchpriority=\"high\" decoding=\"async\" class=\"size-medium wp-image-10117\" src=\"https:\/\/carsa.ca\/wp-content\/uploads\/2023\/01\/carsa_logo-Duzenlendi-e1673439029810-400x142.png\" alt=\"carsa.ca\" width=\"400\" height=\"142\" \/><\/p>","protected":false},"excerpt":{"rendered":"<p>Ampoules de phares LED pour Hyundai Sonata 2015. Remplacer vos phares par des ampoules LED est un excellent moyen de personnaliser votre Hyundai Sonata et d&#039;obtenir un \u00e9clairage plus puissant l\u00e0 o\u00f9 vous en avez le plus besoin. Avec ces ampoules LED de 60 W et 7\u00a0200 lm, les phares de votre Hyundai Sonata 2015 seront bien plus lumineux\u00a0!<\/p>","protected":false},"featured_media":9303,"template":"","meta":[],"product_brand":[],"product_cat":[448,464],"product_tag":[462,455,456,223,450,451,452,453,457,458,463,460,461],"class_list":{"0":"post-9290","1":"product","2":"type-product","3":"status-publish","4":"has-post-thumbnail","6":"product_cat-for-hyundai","7":"product_cat-sonata","8":"product_tag-100w-2013-2016","9":"product_tag-auto-led","10":"product_tag-auto-parts","11":"product_tag-hyundai","12":"product_tag-hyundai-accent","13":"product_tag-hyundai-accent-bulbs","14":"product_tag-hyundai-accent-led-bulbs","15":"product_tag-hyundai-accent-without-projector-led-headlight-bulb","16":"product_tag-hyundai-elantra-led-headlight","17":"product_tag-hyundai-elantra-led-headlight-bulb","18":"product_tag-hyundai-genesis-coupe-led-headlight-bulb","19":"product_tag-hyundai-genesis-led-headlight-bulb","20":"product_tag-hyundai-genesis-led-headlight-bulb-100w-2009-2014","21":"product_shipping_class-standart","23":"first","24":"instock","25":"sale","26":"taxable","27":"shipping-taxable","28":"purchasable","29":"product-type-variable","30":"add-to-wishlist-after_add_to_cart"},"yoast_head":"<!-- This site is optimized with the Yoast SEO plugin v27.3 - https:\/\/yoast.com\/product\/yoast-seo-wordpress\/ -->\n<title>Hyundai Sonata LED Light Bulbs (60W) 2015<\/title>\n<meta name=\"description\" content=\"Hyundai Sonata LED Light Bulbs (60W) 2015 - Carsa Automotive Lighting System - info@carsa.ca - Shipping - Canada - Other Country\" \/>\n<meta name=\"robots\" content=\"index, follow, max-snippet:-1, max-image-preview:large, max-video-preview:-1\" \/>\n<link rel=\"canonical\" href=\"https:\/\/carsa.ca\/fr\/produit\/hyundai-sonata-led-light-bulbs-60w-2015\/\" \/>\n<meta property=\"og:locale\" content=\"fr_FR\" \/>\n<meta property=\"og:type\" content=\"article\" \/>\n<meta property=\"og:title\" content=\"Hyundai Sonata LED Light Bulbs (60W) 2015 - Carsa Automotive Lighting System\" \/>\n<meta property=\"og:description\" content=\"Hyundai Sonata LED Light Bulbs (60W) 2015 - Carsa Automotive Lighting System carsa.ca\" \/>\n<meta property=\"og:url\" content=\"https:\/\/carsa.ca\/fr\/produit\/hyundai-sonata-led-light-bulbs-60w-2015\/\" \/>\n<meta property=\"og:site_name\" content=\"Carsa Automotive Lighting System\" \/>\n<meta property=\"article:modified_time\" content=\"2024-08-09T20:09:38+00:00\" \/>\n<meta name=\"twitter:card\" content=\"summary_large_image\" \/>\n<meta name=\"twitter:image\" content=\"https:\/\/carsa.ca\/wp-content\/uploads\/2024\/08\/png-transparent-2015-hyundai-sonata-car-2018-hyundai-sonata-2016-hyundai-sonata-plug-in-hybrid-hyundai-compact-car-sedan-car.png\" \/>\n<meta name=\"twitter:label1\" content=\"Dur\u00e9e de lecture estim\u00e9e\" \/>\n\t<meta name=\"twitter:data1\" content=\"1 minute\" \/>\n<script type=\"application\/ld+json\" class=\"yoast-schema-graph\">{\"@context\":\"https:\\\/\\\/schema.org\",\"@graph\":[{\"@type\":\"WebPage\",\"@id\":\"https:\\\/\\\/carsa.ca\\\/product\\\/hyundai-sonata-led-light-bulbs-60w-2015\\\/\",\"url\":\"https:\\\/\\\/carsa.ca\\\/product\\\/hyundai-sonata-led-light-bulbs-60w-2015\\\/\",\"name\":\"Hyundai Sonata LED Light Bulbs (60W) 2015\",\"isPartOf\":{\"@id\":\"https:\\\/\\\/carsa.ca\\\/#website\"},\"primaryImageOfPage\":{\"@id\":\"https:\\\/\\\/carsa.ca\\\/product\\\/hyundai-sonata-led-light-bulbs-60w-2015\\\/#primaryimage\"},\"image\":{\"@id\":\"https:\\\/\\\/carsa.ca\\\/product\\\/hyundai-sonata-led-light-bulbs-60w-2015\\\/#primaryimage\"},\"thumbnailUrl\":\"https:\\\/\\\/carsa.ca\\\/wp-content\\\/uploads\\\/2024\\\/08\\\/png-transparent-2015-hyundai-sonata-car-2018-hyundai-sonata-2016-hyundai-sonata-plug-in-hybrid-hyundai-compact-car-sedan-car.png\",\"datePublished\":\"2024-08-06T20:27:09+00:00\",\"dateModified\":\"2024-08-09T20:09:38+00:00\",\"description\":\"Hyundai Sonata LED Light Bulbs (60W) 2015 - Carsa Automotive Lighting System - info@carsa.ca - Shipping - Canada - Other Country\",\"breadcrumb\":{\"@id\":\"https:\\\/\\\/carsa.ca\\\/product\\\/hyundai-sonata-led-light-bulbs-60w-2015\\\/#breadcrumb\"},\"inLanguage\":\"fr-FR\",\"potentialAction\":[{\"@type\":\"ReadAction\",\"target\":[\"https:\\\/\\\/carsa.ca\\\/product\\\/hyundai-sonata-led-light-bulbs-60w-2015\\\/\"]}]},{\"@type\":\"ImageObject\",\"inLanguage\":\"fr-FR\",\"@id\":\"https:\\\/\\\/carsa.ca\\\/product\\\/hyundai-sonata-led-light-bulbs-60w-2015\\\/#primaryimage\",\"url\":\"https:\\\/\\\/carsa.ca\\\/wp-content\\\/uploads\\\/2024\\\/08\\\/png-transparent-2015-hyundai-sonata-car-2018-hyundai-sonata-2016-hyundai-sonata-plug-in-hybrid-hyundai-compact-car-sedan-car.png\",\"contentUrl\":\"https:\\\/\\\/carsa.ca\\\/wp-content\\\/uploads\\\/2024\\\/08\\\/png-transparent-2015-hyundai-sonata-car-2018-hyundai-sonata-2016-hyundai-sonata-plug-in-hybrid-hyundai-compact-car-sedan-car.png\",\"width\":920,\"height\":400},{\"@type\":\"BreadcrumbList\",\"@id\":\"https:\\\/\\\/carsa.ca\\\/product\\\/hyundai-sonata-led-light-bulbs-60w-2015\\\/#breadcrumb\",\"itemListElement\":[{\"@type\":\"ListItem\",\"position\":1,\"name\":\"Home\",\"item\":\"https:\\\/\\\/carsa.ca\\\/\"},{\"@type\":\"ListItem\",\"position\":2,\"name\":\"Shop\",\"item\":\"https:\\\/\\\/carsa.ca\\\/fr\\\/shop\\\/\"},{\"@type\":\"ListItem\",\"position\":3,\"name\":\"Hyundai Sonata LED Light Bulbs (60W) 2015\"}]},{\"@type\":\"WebSite\",\"@id\":\"https:\\\/\\\/carsa.ca\\\/#website\",\"url\":\"https:\\\/\\\/carsa.ca\\\/\",\"name\":\"Carsa Automotive Lighting System\",\"description\":\"\",\"publisher\":{\"@id\":\"https:\\\/\\\/carsa.ca\\\/#organization\"},\"potentialAction\":[{\"@type\":\"SearchAction\",\"target\":{\"@type\":\"EntryPoint\",\"urlTemplate\":\"https:\\\/\\\/carsa.ca\\\/?s={search_term_string}\"},\"query-input\":{\"@type\":\"PropertyValueSpecification\",\"valueRequired\":true,\"valueName\":\"search_term_string\"}}],\"inLanguage\":\"fr-FR\"},{\"@type\":\"Organization\",\"@id\":\"https:\\\/\\\/carsa.ca\\\/#organization\",\"name\":\"Carsa Automotive Lighting System\",\"url\":\"https:\\\/\\\/carsa.ca\\\/\",\"logo\":{\"@type\":\"ImageObject\",\"inLanguage\":\"fr-FR\",\"@id\":\"https:\\\/\\\/carsa.ca\\\/#\\\/schema\\\/logo\\\/image\\\/\",\"url\":\"https:\\\/\\\/carsa.ca\\\/wp-content\\\/uploads\\\/2024\\\/07\\\/CARSA-LOGO.svg\",\"contentUrl\":\"https:\\\/\\\/carsa.ca\\\/wp-content\\\/uploads\\\/2024\\\/07\\\/CARSA-LOGO.svg\",\"width\":2512,\"height\":504,\"caption\":\"Carsa Automotive Lighting System\"},\"image\":{\"@id\":\"https:\\\/\\\/carsa.ca\\\/#\\\/schema\\\/logo\\\/image\\\/\"}}]}<\/script>\n<!-- \/ Yoast SEO plugin. -->","yoast_head_json":{"title":"Ampoules LED Hyundai Sonata (60 W) 2015","description":"Ampoules LED Hyundai Sonata (60 W) 2015 - Carsa Automotive Lighting System - info@carsa.ca - Livraison - Canada - Autres pays","robots":{"index":"index","follow":"follow","max-snippet":"max-snippet:-1","max-image-preview":"max-image-preview:large","max-video-preview":"max-video-preview:-1"},"canonical":"https:\/\/carsa.ca\/fr\/produit\/hyundai-sonata-led-light-bulbs-60w-2015\/","og_locale":"fr_FR","og_type":"article","og_title":"Hyundai Sonata LED Light Bulbs (60W) 2015 - Carsa Automotive Lighting System","og_description":"Hyundai Sonata LED Light Bulbs (60W) 2015 - Carsa Automotive Lighting System carsa.ca","og_url":"https:\/\/carsa.ca\/fr\/produit\/hyundai-sonata-led-light-bulbs-60w-2015\/","og_site_name":"Carsa Automotive Lighting System","article_modified_time":"2024-08-09T20:09:38+00:00","twitter_card":"summary_large_image","twitter_image":"https:\/\/carsa.ca\/wp-content\/uploads\/2024\/08\/png-transparent-2015-hyundai-sonata-car-2018-hyundai-sonata-2016-hyundai-sonata-plug-in-hybrid-hyundai-compact-car-sedan-car.png","twitter_misc":{"Dur\u00e9e de lecture estim\u00e9e":"1 minute"},"schema":{"@context":"https:\/\/schema.org","@graph":[{"@type":"WebPage","@id":"https:\/\/carsa.ca\/product\/hyundai-sonata-led-light-bulbs-60w-2015\/","url":"https:\/\/carsa.ca\/product\/hyundai-sonata-led-light-bulbs-60w-2015\/","name":"Ampoules LED Hyundai Sonata (60 W) 2015","isPartOf":{"@id":"https:\/\/carsa.ca\/#website"},"primaryImageOfPage":{"@id":"https:\/\/carsa.ca\/product\/hyundai-sonata-led-light-bulbs-60w-2015\/#primaryimage"},"image":{"@id":"https:\/\/carsa.ca\/product\/hyundai-sonata-led-light-bulbs-60w-2015\/#primaryimage"},"thumbnailUrl":"https:\/\/carsa.ca\/wp-content\/uploads\/2024\/08\/png-transparent-2015-hyundai-sonata-car-2018-hyundai-sonata-2016-hyundai-sonata-plug-in-hybrid-hyundai-compact-car-sedan-car.png","datePublished":"2024-08-06T20:27:09+00:00","dateModified":"2024-08-09T20:09:38+00:00","description":"Ampoules LED Hyundai Sonata (60 W) 2015 - Carsa Automotive Lighting System - info@carsa.ca - Livraison - Canada - Autres pays","breadcrumb":{"@id":"https:\/\/carsa.ca\/product\/hyundai-sonata-led-light-bulbs-60w-2015\/#breadcrumb"},"inLanguage":"fr-FR","potentialAction":[{"@type":"ReadAction","target":["https:\/\/carsa.ca\/product\/hyundai-sonata-led-light-bulbs-60w-2015\/"]}]},{"@type":"ImageObject","inLanguage":"fr-FR","@id":"https:\/\/carsa.ca\/product\/hyundai-sonata-led-light-bulbs-60w-2015\/#primaryimage","url":"https:\/\/carsa.ca\/wp-content\/uploads\/2024\/08\/png-transparent-2015-hyundai-sonata-car-2018-hyundai-sonata-2016-hyundai-sonata-plug-in-hybrid-hyundai-compact-car-sedan-car.png","contentUrl":"https:\/\/carsa.ca\/wp-content\/uploads\/2024\/08\/png-transparent-2015-hyundai-sonata-car-2018-hyundai-sonata-2016-hyundai-sonata-plug-in-hybrid-hyundai-compact-car-sedan-car.png","width":920,"height":400},{"@type":"BreadcrumbList","@id":"https:\/\/carsa.ca\/product\/hyundai-sonata-led-light-bulbs-60w-2015\/#breadcrumb","itemListElement":[{"@type":"ListItem","position":1,"name":"Home","item":"https:\/\/carsa.ca\/"},{"@type":"ListItem","position":2,"name":"Shop","item":"https:\/\/carsa.ca\/fr\/shop\/"},{"@type":"ListItem","position":3,"name":"Hyundai Sonata LED Light Bulbs (60W) 2015"}]},{"@type":"WebSite","@id":"https:\/\/carsa.ca\/#website","url":"https:\/\/carsa.ca\/","name":"Syst\u00e8me d&#039;\u00e9clairage automobile Carsa","description":"","publisher":{"@id":"https:\/\/carsa.ca\/#organization"},"potentialAction":[{"@type":"SearchAction","target":{"@type":"EntryPoint","urlTemplate":"https:\/\/carsa.ca\/?s={search_term_string}"},"query-input":{"@type":"PropertyValueSpecification","valueRequired":true,"valueName":"search_term_string"}}],"inLanguage":"fr-FR"},{"@type":"Organization","@id":"https:\/\/carsa.ca\/#organization","name":"Syst\u00e8me d&#039;\u00e9clairage automobile Carsa","url":"https:\/\/carsa.ca\/","logo":{"@type":"ImageObject","inLanguage":"fr-FR","@id":"https:\/\/carsa.ca\/#\/schema\/logo\/image\/","url":"https:\/\/carsa.ca\/wp-content\/uploads\/2024\/07\/CARSA-LOGO.svg","contentUrl":"https:\/\/carsa.ca\/wp-content\/uploads\/2024\/07\/CARSA-LOGO.svg","width":2512,"height":504,"caption":"Carsa Automotive Lighting System"},"image":{"@id":"https:\/\/carsa.ca\/#\/schema\/logo\/image\/"}}]}},"_links":{"self":[{"href":"https:\/\/carsa.ca\/fr\/wp-json\/wp\/v2\/product\/9290","targetHints":{"allow":["GET"]}}],"collection":[{"href":"https:\/\/carsa.ca\/fr\/wp-json\/wp\/v2\/product"}],"about":[{"href":"https:\/\/carsa.ca\/fr\/wp-json\/wp\/v2\/types\/product"}],"wp:featuredmedia":[{"embeddable":true,"href":"https:\/\/carsa.ca\/fr\/wp-json\/wp\/v2\/media\/9303"}],"wp:attachment":[{"href":"https:\/\/carsa.ca\/fr\/wp-json\/wp\/v2\/media?parent=9290"}],"wp:term":[{"taxonomy":"product_brand","embeddable":true,"href":"https:\/\/carsa.ca\/fr\/wp-json\/wp\/v2\/product_brand?post=9290"},{"taxonomy":"product_cat","embeddable":true,"href":"https:\/\/carsa.ca\/fr\/wp-json\/wp\/v2\/product_cat?post=9290"},{"taxonomy":"product_tag","embeddable":true,"href":"https:\/\/carsa.ca\/fr\/wp-json\/wp\/v2\/product_tag?post=9290"}],"curies":[{"name":"wp","href":"https:\/\/api.w.org\/{rel}","templated":true}]}}