{"id":9328,"date":"2024-08-06T20:27:19","date_gmt":"2024-08-06T20:27:19","guid":{"rendered":"https:\/\/demotasarim.online\/?post_type=product&#038;p=9328"},"modified":"2024-08-09T20:09:38","modified_gmt":"2024-08-09T20:09:38","slug":"hyundai-tiburon-led-headlight-bulb-100w-2007-2008","status":"publish","type":"product","link":"https:\/\/carsa.ca\/fr\/produit\/hyundai-tiburon-led-headlight-bulb-100w-2007-2008\/","title":{"rendered":"Ampoule de phare \u00e0 LED pour Hyundai Tiburon (100 W) 2007-2008"},"content":{"rendered":"<p>Mises \u00e0 niveau des ampoules de phares \u00e0 LED pour Hyundai Tiburon. Le remplacement par des ampoules de phares \u00e0 LED est un excellent moyen de personnaliser votre Hyundai Tiburon et de fournir un rendement lumineux accru l\u00e0 o\u00f9 vous en avez le plus besoin.<\/p>\n<h3>Ampoule de phare \u00e0 DEL pour Hyundai Tiburon 2007-2008<\/h3>\n<ul>\n<li>Feux de croisement \u2013 Ampoule LED H11<\/li>\n<li>Feux de route \u2013 Ampoule LED H7<\/li>\n<\/ul>\n<p><img fetchpriority=\"high\" decoding=\"async\" class=\"size-medium wp-image-10117\" src=\"https:\/\/carsa.ca\/wp-content\/uploads\/2023\/01\/carsa_logo-Duzenlendi-e1673439029810-400x142.png\" alt=\"carsa.ca\" width=\"400\" height=\"142\" \/><\/p>","protected":false},"excerpt":{"rendered":"<p>Am\u00e9lioration des ampoules de phares LED pour Hyundai Tiburon. Remplacer vos ampoules de phares par des LED est un excellent moyen de personnaliser votre Hyundai Tiburon et d&#039;obtenir un \u00e9clairage plus puissant l\u00e0 o\u00f9 vous en avez le plus besoin. Ampoules de phares LED pour Hyundai Tiburon 2007-2008\u00a0: Feux de croisement \u2013 Ampoule LED H11\u00a0; Feux de route \u2013 Ampoule LED H7<\/p>","protected":false},"featured_media":9336,"template":"","meta":[],"product_brand":[],"product_cat":[448,465],"product_tag":[462,455,456,223,450,451,452,453,457,458,463,460,461],"class_list":{"0":"post-9328","1":"product","2":"type-product","3":"status-publish","4":"has-post-thumbnail","6":"product_cat-for-hyundai","7":"product_cat-tiburon","8":"product_tag-100w-2013-2016","9":"product_tag-auto-led","10":"product_tag-auto-parts","11":"product_tag-hyundai","12":"product_tag-hyundai-accent","13":"product_tag-hyundai-accent-bulbs","14":"product_tag-hyundai-accent-led-bulbs","15":"product_tag-hyundai-accent-without-projector-led-headlight-bulb","16":"product_tag-hyundai-elantra-led-headlight","17":"product_tag-hyundai-elantra-led-headlight-bulb","18":"product_tag-hyundai-genesis-coupe-led-headlight-bulb","19":"product_tag-hyundai-genesis-led-headlight-bulb","20":"product_tag-hyundai-genesis-led-headlight-bulb-100w-2009-2014","21":"product_shipping_class-standart","23":"first","24":"instock","25":"sale","26":"taxable","27":"shipping-taxable","28":"purchasable","29":"product-type-variable","30":"add-to-wishlist-after_add_to_cart"},"yoast_head":"<!-- This site is optimized with the Yoast SEO plugin v27.3 - https:\/\/yoast.com\/product\/yoast-seo-wordpress\/ -->\n<title>Hyundai Tiburon LED Headlight Bulb (100W) 2007-2008<\/title>\n<meta name=\"description\" content=\"Hyundai Tiburon LED Headlight Bulb (100W) 2007-2008 - Carsa Automotive Lighting System - info@carsa.ca - Shipping - Canada - Other Country\" \/>\n<meta name=\"robots\" content=\"index, follow, max-snippet:-1, max-image-preview:large, max-video-preview:-1\" \/>\n<link rel=\"canonical\" href=\"https:\/\/carsa.ca\/fr\/produit\/hyundai-tiburon-led-headlight-bulb-100w-2007-2008\/\" \/>\n<meta property=\"og:locale\" content=\"fr_FR\" \/>\n<meta property=\"og:type\" content=\"article\" \/>\n<meta property=\"og:title\" content=\"Hyundai Tiburon LED Headlight Bulb (100W) 2007-2008 - Carsa Automotive Lighting System\" \/>\n<meta property=\"og:description\" content=\"Hyundai Tiburon LED Headlight Bulb (100W) 2007-2008 - Carsa Automotive Lighting System carsa.ca\" \/>\n<meta property=\"og:url\" content=\"https:\/\/carsa.ca\/fr\/produit\/hyundai-tiburon-led-headlight-bulb-100w-2007-2008\/\" \/>\n<meta property=\"og:site_name\" content=\"Carsa Automotive Lighting System\" \/>\n<meta property=\"article:modified_time\" content=\"2024-08-09T20:09:38+00:00\" \/>\n<meta name=\"twitter:card\" content=\"summary_large_image\" \/>\n<meta name=\"twitter:image\" content=\"https:\/\/carsa.ca\/wp-content\/uploads\/2024\/08\/391-3914287_2007-hyundai-tiburon-tiburon-car.png\" \/>\n<meta name=\"twitter:label1\" content=\"Dur\u00e9e de lecture estim\u00e9e\" \/>\n\t<meta name=\"twitter:data1\" content=\"1 minute\" \/>\n<script type=\"application\/ld+json\" class=\"yoast-schema-graph\">{\"@context\":\"https:\\\/\\\/schema.org\",\"@graph\":[{\"@type\":\"WebPage\",\"@id\":\"https:\\\/\\\/carsa.ca\\\/product\\\/hyundai-tiburon-led-headlight-bulb-100w-2007-2008\\\/\",\"url\":\"https:\\\/\\\/carsa.ca\\\/product\\\/hyundai-tiburon-led-headlight-bulb-100w-2007-2008\\\/\",\"name\":\"Hyundai Tiburon LED Headlight Bulb (100W) 2007-2008\",\"isPartOf\":{\"@id\":\"https:\\\/\\\/carsa.ca\\\/#website\"},\"primaryImageOfPage\":{\"@id\":\"https:\\\/\\\/carsa.ca\\\/product\\\/hyundai-tiburon-led-headlight-bulb-100w-2007-2008\\\/#primaryimage\"},\"image\":{\"@id\":\"https:\\\/\\\/carsa.ca\\\/product\\\/hyundai-tiburon-led-headlight-bulb-100w-2007-2008\\\/#primaryimage\"},\"thumbnailUrl\":\"https:\\\/\\\/carsa.ca\\\/wp-content\\\/uploads\\\/2024\\\/08\\\/391-3914287_2007-hyundai-tiburon-tiburon-car.png\",\"datePublished\":\"2024-08-06T20:27:19+00:00\",\"dateModified\":\"2024-08-09T20:09:38+00:00\",\"description\":\"Hyundai Tiburon LED Headlight Bulb (100W) 2007-2008 - Carsa Automotive Lighting System - info@carsa.ca - Shipping - Canada - Other Country\",\"breadcrumb\":{\"@id\":\"https:\\\/\\\/carsa.ca\\\/product\\\/hyundai-tiburon-led-headlight-bulb-100w-2007-2008\\\/#breadcrumb\"},\"inLanguage\":\"fr-FR\",\"potentialAction\":[{\"@type\":\"ReadAction\",\"target\":[\"https:\\\/\\\/carsa.ca\\\/product\\\/hyundai-tiburon-led-headlight-bulb-100w-2007-2008\\\/\"]}]},{\"@type\":\"ImageObject\",\"inLanguage\":\"fr-FR\",\"@id\":\"https:\\\/\\\/carsa.ca\\\/product\\\/hyundai-tiburon-led-headlight-bulb-100w-2007-2008\\\/#primaryimage\",\"url\":\"https:\\\/\\\/carsa.ca\\\/wp-content\\\/uploads\\\/2024\\\/08\\\/391-3914287_2007-hyundai-tiburon-tiburon-car.png\",\"contentUrl\":\"https:\\\/\\\/carsa.ca\\\/wp-content\\\/uploads\\\/2024\\\/08\\\/391-3914287_2007-hyundai-tiburon-tiburon-car.png\",\"width\":439,\"height\":200},{\"@type\":\"BreadcrumbList\",\"@id\":\"https:\\\/\\\/carsa.ca\\\/product\\\/hyundai-tiburon-led-headlight-bulb-100w-2007-2008\\\/#breadcrumb\",\"itemListElement\":[{\"@type\":\"ListItem\",\"position\":1,\"name\":\"Home\",\"item\":\"https:\\\/\\\/carsa.ca\\\/\"},{\"@type\":\"ListItem\",\"position\":2,\"name\":\"Shop\",\"item\":\"https:\\\/\\\/carsa.ca\\\/fr\\\/shop\\\/\"},{\"@type\":\"ListItem\",\"position\":3,\"name\":\"Hyundai Tiburon LED Headlight Bulb (100W) 2007-2008\"}]},{\"@type\":\"WebSite\",\"@id\":\"https:\\\/\\\/carsa.ca\\\/#website\",\"url\":\"https:\\\/\\\/carsa.ca\\\/\",\"name\":\"Carsa Automotive Lighting System\",\"description\":\"\",\"publisher\":{\"@id\":\"https:\\\/\\\/carsa.ca\\\/#organization\"},\"potentialAction\":[{\"@type\":\"SearchAction\",\"target\":{\"@type\":\"EntryPoint\",\"urlTemplate\":\"https:\\\/\\\/carsa.ca\\\/?s={search_term_string}\"},\"query-input\":{\"@type\":\"PropertyValueSpecification\",\"valueRequired\":true,\"valueName\":\"search_term_string\"}}],\"inLanguage\":\"fr-FR\"},{\"@type\":\"Organization\",\"@id\":\"https:\\\/\\\/carsa.ca\\\/#organization\",\"name\":\"Carsa Automotive Lighting System\",\"url\":\"https:\\\/\\\/carsa.ca\\\/\",\"logo\":{\"@type\":\"ImageObject\",\"inLanguage\":\"fr-FR\",\"@id\":\"https:\\\/\\\/carsa.ca\\\/#\\\/schema\\\/logo\\\/image\\\/\",\"url\":\"https:\\\/\\\/carsa.ca\\\/wp-content\\\/uploads\\\/2024\\\/07\\\/CARSA-LOGO.svg\",\"contentUrl\":\"https:\\\/\\\/carsa.ca\\\/wp-content\\\/uploads\\\/2024\\\/07\\\/CARSA-LOGO.svg\",\"width\":2512,\"height\":504,\"caption\":\"Carsa Automotive Lighting System\"},\"image\":{\"@id\":\"https:\\\/\\\/carsa.ca\\\/#\\\/schema\\\/logo\\\/image\\\/\"}}]}<\/script>\n<!-- \/ Yoast SEO plugin. -->","yoast_head_json":{"title":"Ampoule de phare \u00e0 LED pour Hyundai Tiburon (100 W) 2007-2008","description":"Ampoule de phare LED Hyundai Tiburon (100 W) 2007-2008 - Carsa Automotive Lighting System - info@carsa.ca - Livraison - Canada - Autres pays","robots":{"index":"index","follow":"follow","max-snippet":"max-snippet:-1","max-image-preview":"max-image-preview:large","max-video-preview":"max-video-preview:-1"},"canonical":"https:\/\/carsa.ca\/fr\/produit\/hyundai-tiburon-led-headlight-bulb-100w-2007-2008\/","og_locale":"fr_FR","og_type":"article","og_title":"Hyundai Tiburon LED Headlight Bulb (100W) 2007-2008 - Carsa Automotive Lighting System","og_description":"Hyundai Tiburon LED Headlight Bulb (100W) 2007-2008 - Carsa Automotive Lighting System carsa.ca","og_url":"https:\/\/carsa.ca\/fr\/produit\/hyundai-tiburon-led-headlight-bulb-100w-2007-2008\/","og_site_name":"Carsa Automotive Lighting System","article_modified_time":"2024-08-09T20:09:38+00:00","twitter_card":"summary_large_image","twitter_image":"https:\/\/carsa.ca\/wp-content\/uploads\/2024\/08\/391-3914287_2007-hyundai-tiburon-tiburon-car.png","twitter_misc":{"Dur\u00e9e de lecture estim\u00e9e":"1 minute"},"schema":{"@context":"https:\/\/schema.org","@graph":[{"@type":"WebPage","@id":"https:\/\/carsa.ca\/product\/hyundai-tiburon-led-headlight-bulb-100w-2007-2008\/","url":"https:\/\/carsa.ca\/product\/hyundai-tiburon-led-headlight-bulb-100w-2007-2008\/","name":"Ampoule de phare \u00e0 LED pour Hyundai Tiburon (100 W) 2007-2008","isPartOf":{"@id":"https:\/\/carsa.ca\/#website"},"primaryImageOfPage":{"@id":"https:\/\/carsa.ca\/product\/hyundai-tiburon-led-headlight-bulb-100w-2007-2008\/#primaryimage"},"image":{"@id":"https:\/\/carsa.ca\/product\/hyundai-tiburon-led-headlight-bulb-100w-2007-2008\/#primaryimage"},"thumbnailUrl":"https:\/\/carsa.ca\/wp-content\/uploads\/2024\/08\/391-3914287_2007-hyundai-tiburon-tiburon-car.png","datePublished":"2024-08-06T20:27:19+00:00","dateModified":"2024-08-09T20:09:38+00:00","description":"Ampoule de phare LED Hyundai Tiburon (100 W) 2007-2008 - Carsa Automotive Lighting System - info@carsa.ca - Livraison - Canada - Autres pays","breadcrumb":{"@id":"https:\/\/carsa.ca\/product\/hyundai-tiburon-led-headlight-bulb-100w-2007-2008\/#breadcrumb"},"inLanguage":"fr-FR","potentialAction":[{"@type":"ReadAction","target":["https:\/\/carsa.ca\/product\/hyundai-tiburon-led-headlight-bulb-100w-2007-2008\/"]}]},{"@type":"ImageObject","inLanguage":"fr-FR","@id":"https:\/\/carsa.ca\/product\/hyundai-tiburon-led-headlight-bulb-100w-2007-2008\/#primaryimage","url":"https:\/\/carsa.ca\/wp-content\/uploads\/2024\/08\/391-3914287_2007-hyundai-tiburon-tiburon-car.png","contentUrl":"https:\/\/carsa.ca\/wp-content\/uploads\/2024\/08\/391-3914287_2007-hyundai-tiburon-tiburon-car.png","width":439,"height":200},{"@type":"BreadcrumbList","@id":"https:\/\/carsa.ca\/product\/hyundai-tiburon-led-headlight-bulb-100w-2007-2008\/#breadcrumb","itemListElement":[{"@type":"ListItem","position":1,"name":"Home","item":"https:\/\/carsa.ca\/"},{"@type":"ListItem","position":2,"name":"Shop","item":"https:\/\/carsa.ca\/fr\/shop\/"},{"@type":"ListItem","position":3,"name":"Hyundai Tiburon LED Headlight Bulb (100W) 2007-2008"}]},{"@type":"WebSite","@id":"https:\/\/carsa.ca\/#website","url":"https:\/\/carsa.ca\/","name":"Syst\u00e8me d&#039;\u00e9clairage automobile Carsa","description":"","publisher":{"@id":"https:\/\/carsa.ca\/#organization"},"potentialAction":[{"@type":"SearchAction","target":{"@type":"EntryPoint","urlTemplate":"https:\/\/carsa.ca\/?s={search_term_string}"},"query-input":{"@type":"PropertyValueSpecification","valueRequired":true,"valueName":"search_term_string"}}],"inLanguage":"fr-FR"},{"@type":"Organization","@id":"https:\/\/carsa.ca\/#organization","name":"Syst\u00e8me d&#039;\u00e9clairage automobile Carsa","url":"https:\/\/carsa.ca\/","logo":{"@type":"ImageObject","inLanguage":"fr-FR","@id":"https:\/\/carsa.ca\/#\/schema\/logo\/image\/","url":"https:\/\/carsa.ca\/wp-content\/uploads\/2024\/07\/CARSA-LOGO.svg","contentUrl":"https:\/\/carsa.ca\/wp-content\/uploads\/2024\/07\/CARSA-LOGO.svg","width":2512,"height":504,"caption":"Carsa Automotive Lighting System"},"image":{"@id":"https:\/\/carsa.ca\/#\/schema\/logo\/image\/"}}]}},"_links":{"self":[{"href":"https:\/\/carsa.ca\/fr\/wp-json\/wp\/v2\/product\/9328","targetHints":{"allow":["GET"]}}],"collection":[{"href":"https:\/\/carsa.ca\/fr\/wp-json\/wp\/v2\/product"}],"about":[{"href":"https:\/\/carsa.ca\/fr\/wp-json\/wp\/v2\/types\/product"}],"wp:featuredmedia":[{"embeddable":true,"href":"https:\/\/carsa.ca\/fr\/wp-json\/wp\/v2\/media\/9336"}],"wp:attachment":[{"href":"https:\/\/carsa.ca\/fr\/wp-json\/wp\/v2\/media?parent=9328"}],"wp:term":[{"taxonomy":"product_brand","embeddable":true,"href":"https:\/\/carsa.ca\/fr\/wp-json\/wp\/v2\/product_brand?post=9328"},{"taxonomy":"product_cat","embeddable":true,"href":"https:\/\/carsa.ca\/fr\/wp-json\/wp\/v2\/product_cat?post=9328"},{"taxonomy":"product_tag","embeddable":true,"href":"https:\/\/carsa.ca\/fr\/wp-json\/wp\/v2\/product_tag?post=9328"}],"curies":[{"name":"wp","href":"https:\/\/api.w.org\/{rel}","templated":true}]}}