{"id":9332,"date":"2024-08-06T20:27:19","date_gmt":"2024-08-06T20:27:19","guid":{"rendered":"https:\/\/demotasarim.online\/?post_type=product&#038;p=9332"},"modified":"2024-08-09T20:08:46","modified_gmt":"2024-08-09T20:08:46","slug":"hyundai-tucson-led-headlight-bulb-100w-2005-2013","status":"publish","type":"product","link":"https:\/\/carsa.ca\/fr\/produit\/hyundai-tucson-led-headlight-bulb-100w-2005-2013\/","title":{"rendered":"Ampoule de phare \u00e0 LED pour Hyundai Tucson (100 W) 2005-2013"},"content":{"rendered":"<p>Ampoules de phares \u00e0 LED Hyundai Tucson pour les ann\u00e9es 2005 \u00e0 2013. Remplacer les phares par des ampoules LED est un excellent moyen de personnaliser votre Hyundai Tucson et de fournir un rendement lumineux accru l\u00e0 o\u00f9 vous en avez le plus besoin. Avec ces ampoules de phares \u00e0 LED 100w 12000lm, vos phares Hyundai Tucson 2004 2005 2006 seront 500% plus lumineux !<\/p>\n<h3>Ampoules de phares \u00e0 LED pour Hyundai Tucson 2005-2013<\/h3>\n<ul>\n<li>Feux de route et de croisement \u2013 Ampoule LED H4<\/li>\n<\/ul>\n<p><img fetchpriority=\"high\" decoding=\"async\" class=\"size-medium wp-image-10117\" src=\"https:\/\/carsa.ca\/wp-content\/uploads\/2023\/01\/carsa_logo-Duzenlendi-e1673439029810-400x142.png\" alt=\"carsa.ca\" width=\"400\" height=\"142\" \/><\/p>","protected":false},"excerpt":{"rendered":"<p>Hyundai Tucson LED headlight bulbs for 2005 to 2013 years. Replacing the headlights with LED bulbs is a great way to customize your Hyundai Tucson and provide increased light output where you need it most. With these 100w 12000lm led headlight bulbs, your 2004 2005 2006 Hyundai Tucson headlights will be 500% brighter! 2005-2013 Hyundai [&hellip;]<\/p>\n","protected":false},"featured_media":9337,"template":"","meta":[],"product_brand":[],"product_cat":[448,466],"product_tag":[462,455,456,223,450,451,452,453,457,458,463,460,461],"class_list":{"0":"post-9332","1":"product","2":"type-product","3":"status-publish","4":"has-post-thumbnail","6":"product_cat-for-hyundai","7":"product_cat-tucson","8":"product_tag-100w-2013-2016","9":"product_tag-auto-led","10":"product_tag-auto-parts","11":"product_tag-hyundai","12":"product_tag-hyundai-accent","13":"product_tag-hyundai-accent-bulbs","14":"product_tag-hyundai-accent-led-bulbs","15":"product_tag-hyundai-accent-without-projector-led-headlight-bulb","16":"product_tag-hyundai-elantra-led-headlight","17":"product_tag-hyundai-elantra-led-headlight-bulb","18":"product_tag-hyundai-genesis-coupe-led-headlight-bulb","19":"product_tag-hyundai-genesis-led-headlight-bulb","20":"product_tag-hyundai-genesis-led-headlight-bulb-100w-2009-2014","21":"product_shipping_class-standart","23":"first","24":"instock","25":"sale","26":"taxable","27":"shipping-taxable","28":"purchasable","29":"product-type-simple","30":"add-to-wishlist-after_add_to_cart"},"yoast_head":"<!-- This site is optimized with the Yoast SEO plugin v27.3 - https:\/\/yoast.com\/product\/yoast-seo-wordpress\/ -->\n<title>Hyundai Tucson LED Headlight Bulb (100W) 2005-2013<\/title>\n<meta name=\"description\" content=\"Hyundai Tucson LED Headlight Bulb (100W) 2005-2013 - Carsa Automotive Lighting System - info@carsa.ca - Shipping - Canada - Other Country\" \/>\n<meta name=\"robots\" content=\"index, follow, max-snippet:-1, max-image-preview:large, max-video-preview:-1\" \/>\n<link rel=\"canonical\" href=\"https:\/\/carsa.ca\/fr\/produit\/hyundai-tucson-led-headlight-bulb-100w-2005-2013\/\" \/>\n<meta property=\"og:locale\" content=\"fr_FR\" \/>\n<meta property=\"og:type\" content=\"article\" \/>\n<meta property=\"og:title\" content=\"Hyundai Tucson LED Headlight Bulb (100W) 2005-2013 - Carsa Automotive Lighting System\" \/>\n<meta property=\"og:description\" content=\"Hyundai Tucson LED Headlight Bulb (100W) 2005-2013 - Carsa Automotive Lighting System carsa.ca\" \/>\n<meta property=\"og:url\" content=\"https:\/\/carsa.ca\/fr\/produit\/hyundai-tucson-led-headlight-bulb-100w-2005-2013\/\" \/>\n<meta property=\"og:site_name\" content=\"Carsa Automotive Lighting System\" \/>\n<meta property=\"article:modified_time\" content=\"2024-08-09T20:08:46+00:00\" \/>\n<meta name=\"twitter:card\" content=\"summary_large_image\" \/>\n<meta name=\"twitter:image\" content=\"https:\/\/carsa.ca\/wp-content\/uploads\/2024\/08\/pngwing.com__2_-removebg-preview.png\" \/>\n<meta name=\"twitter:label1\" content=\"Dur\u00e9e de lecture estim\u00e9e\" \/>\n\t<meta name=\"twitter:data1\" content=\"1 minute\" \/>\n<script type=\"application\/ld+json\" class=\"yoast-schema-graph\">{\"@context\":\"https:\\\/\\\/schema.org\",\"@graph\":[{\"@type\":\"WebPage\",\"@id\":\"https:\\\/\\\/carsa.ca\\\/product\\\/hyundai-tucson-led-headlight-bulb-100w-2005-2013\\\/\",\"url\":\"https:\\\/\\\/carsa.ca\\\/product\\\/hyundai-tucson-led-headlight-bulb-100w-2005-2013\\\/\",\"name\":\"Hyundai Tucson LED Headlight Bulb (100W) 2005-2013\",\"isPartOf\":{\"@id\":\"https:\\\/\\\/carsa.ca\\\/#website\"},\"primaryImageOfPage\":{\"@id\":\"https:\\\/\\\/carsa.ca\\\/product\\\/hyundai-tucson-led-headlight-bulb-100w-2005-2013\\\/#primaryimage\"},\"image\":{\"@id\":\"https:\\\/\\\/carsa.ca\\\/product\\\/hyundai-tucson-led-headlight-bulb-100w-2005-2013\\\/#primaryimage\"},\"thumbnailUrl\":\"https:\\\/\\\/carsa.ca\\\/wp-content\\\/uploads\\\/2024\\\/08\\\/pngwing.com__2_-removebg-preview.png\",\"datePublished\":\"2024-08-06T20:27:19+00:00\",\"dateModified\":\"2024-08-09T20:08:46+00:00\",\"description\":\"Hyundai Tucson LED Headlight Bulb (100W) 2005-2013 - Carsa Automotive Lighting System - info@carsa.ca - Shipping - Canada - Other Country\",\"breadcrumb\":{\"@id\":\"https:\\\/\\\/carsa.ca\\\/product\\\/hyundai-tucson-led-headlight-bulb-100w-2005-2013\\\/#breadcrumb\"},\"inLanguage\":\"fr-FR\",\"potentialAction\":[{\"@type\":\"ReadAction\",\"target\":[\"https:\\\/\\\/carsa.ca\\\/product\\\/hyundai-tucson-led-headlight-bulb-100w-2005-2013\\\/\"]}]},{\"@type\":\"ImageObject\",\"inLanguage\":\"fr-FR\",\"@id\":\"https:\\\/\\\/carsa.ca\\\/product\\\/hyundai-tucson-led-headlight-bulb-100w-2005-2013\\\/#primaryimage\",\"url\":\"https:\\\/\\\/carsa.ca\\\/wp-content\\\/uploads\\\/2024\\\/08\\\/pngwing.com__2_-removebg-preview.png\",\"contentUrl\":\"https:\\\/\\\/carsa.ca\\\/wp-content\\\/uploads\\\/2024\\\/08\\\/pngwing.com__2_-removebg-preview.png\",\"width\":671,\"height\":372},{\"@type\":\"BreadcrumbList\",\"@id\":\"https:\\\/\\\/carsa.ca\\\/product\\\/hyundai-tucson-led-headlight-bulb-100w-2005-2013\\\/#breadcrumb\",\"itemListElement\":[{\"@type\":\"ListItem\",\"position\":1,\"name\":\"Home\",\"item\":\"https:\\\/\\\/carsa.ca\\\/\"},{\"@type\":\"ListItem\",\"position\":2,\"name\":\"Shop\",\"item\":\"https:\\\/\\\/carsa.ca\\\/fr\\\/shop\\\/\"},{\"@type\":\"ListItem\",\"position\":3,\"name\":\"Hyundai Tucson LED Headlight Bulb (100W) 2005-2013\"}]},{\"@type\":\"WebSite\",\"@id\":\"https:\\\/\\\/carsa.ca\\\/#website\",\"url\":\"https:\\\/\\\/carsa.ca\\\/\",\"name\":\"Carsa Automotive Lighting System\",\"description\":\"\",\"publisher\":{\"@id\":\"https:\\\/\\\/carsa.ca\\\/#organization\"},\"potentialAction\":[{\"@type\":\"SearchAction\",\"target\":{\"@type\":\"EntryPoint\",\"urlTemplate\":\"https:\\\/\\\/carsa.ca\\\/?s={search_term_string}\"},\"query-input\":{\"@type\":\"PropertyValueSpecification\",\"valueRequired\":true,\"valueName\":\"search_term_string\"}}],\"inLanguage\":\"fr-FR\"},{\"@type\":\"Organization\",\"@id\":\"https:\\\/\\\/carsa.ca\\\/#organization\",\"name\":\"Carsa Automotive Lighting System\",\"url\":\"https:\\\/\\\/carsa.ca\\\/\",\"logo\":{\"@type\":\"ImageObject\",\"inLanguage\":\"fr-FR\",\"@id\":\"https:\\\/\\\/carsa.ca\\\/#\\\/schema\\\/logo\\\/image\\\/\",\"url\":\"https:\\\/\\\/carsa.ca\\\/wp-content\\\/uploads\\\/2024\\\/07\\\/CARSA-LOGO.svg\",\"contentUrl\":\"https:\\\/\\\/carsa.ca\\\/wp-content\\\/uploads\\\/2024\\\/07\\\/CARSA-LOGO.svg\",\"width\":2512,\"height\":504,\"caption\":\"Carsa Automotive Lighting System\"},\"image\":{\"@id\":\"https:\\\/\\\/carsa.ca\\\/#\\\/schema\\\/logo\\\/image\\\/\"}}]}<\/script>\n<!-- \/ Yoast SEO plugin. -->","yoast_head_json":{"title":"Ampoule de phare \u00e0 LED pour Hyundai Tucson (100 W) 2005-2013","description":"Ampoule de phare LED Hyundai Tucson (100 W) 2005-2013 - Carsa Automotive Lighting System - info@carsa.ca - Livraison - Canada - Autres pays","robots":{"index":"index","follow":"follow","max-snippet":"max-snippet:-1","max-image-preview":"max-image-preview:large","max-video-preview":"max-video-preview:-1"},"canonical":"https:\/\/carsa.ca\/fr\/produit\/hyundai-tucson-led-headlight-bulb-100w-2005-2013\/","og_locale":"fr_FR","og_type":"article","og_title":"Hyundai Tucson LED Headlight Bulb (100W) 2005-2013 - Carsa Automotive Lighting System","og_description":"Hyundai Tucson LED Headlight Bulb (100W) 2005-2013 - Carsa Automotive Lighting System carsa.ca","og_url":"https:\/\/carsa.ca\/fr\/produit\/hyundai-tucson-led-headlight-bulb-100w-2005-2013\/","og_site_name":"Carsa Automotive Lighting System","article_modified_time":"2024-08-09T20:08:46+00:00","twitter_card":"summary_large_image","twitter_image":"https:\/\/carsa.ca\/wp-content\/uploads\/2024\/08\/pngwing.com__2_-removebg-preview.png","twitter_misc":{"Dur\u00e9e de lecture estim\u00e9e":"1 minute"},"schema":{"@context":"https:\/\/schema.org","@graph":[{"@type":"WebPage","@id":"https:\/\/carsa.ca\/product\/hyundai-tucson-led-headlight-bulb-100w-2005-2013\/","url":"https:\/\/carsa.ca\/product\/hyundai-tucson-led-headlight-bulb-100w-2005-2013\/","name":"Ampoule de phare \u00e0 LED pour Hyundai Tucson (100 W) 2005-2013","isPartOf":{"@id":"https:\/\/carsa.ca\/#website"},"primaryImageOfPage":{"@id":"https:\/\/carsa.ca\/product\/hyundai-tucson-led-headlight-bulb-100w-2005-2013\/#primaryimage"},"image":{"@id":"https:\/\/carsa.ca\/product\/hyundai-tucson-led-headlight-bulb-100w-2005-2013\/#primaryimage"},"thumbnailUrl":"https:\/\/carsa.ca\/wp-content\/uploads\/2024\/08\/pngwing.com__2_-removebg-preview.png","datePublished":"2024-08-06T20:27:19+00:00","dateModified":"2024-08-09T20:08:46+00:00","description":"Ampoule de phare LED Hyundai Tucson (100 W) 2005-2013 - Carsa Automotive Lighting System - info@carsa.ca - Livraison - Canada - Autres pays","breadcrumb":{"@id":"https:\/\/carsa.ca\/product\/hyundai-tucson-led-headlight-bulb-100w-2005-2013\/#breadcrumb"},"inLanguage":"fr-FR","potentialAction":[{"@type":"ReadAction","target":["https:\/\/carsa.ca\/product\/hyundai-tucson-led-headlight-bulb-100w-2005-2013\/"]}]},{"@type":"ImageObject","inLanguage":"fr-FR","@id":"https:\/\/carsa.ca\/product\/hyundai-tucson-led-headlight-bulb-100w-2005-2013\/#primaryimage","url":"https:\/\/carsa.ca\/wp-content\/uploads\/2024\/08\/pngwing.com__2_-removebg-preview.png","contentUrl":"https:\/\/carsa.ca\/wp-content\/uploads\/2024\/08\/pngwing.com__2_-removebg-preview.png","width":671,"height":372},{"@type":"BreadcrumbList","@id":"https:\/\/carsa.ca\/product\/hyundai-tucson-led-headlight-bulb-100w-2005-2013\/#breadcrumb","itemListElement":[{"@type":"ListItem","position":1,"name":"Home","item":"https:\/\/carsa.ca\/"},{"@type":"ListItem","position":2,"name":"Shop","item":"https:\/\/carsa.ca\/fr\/shop\/"},{"@type":"ListItem","position":3,"name":"Hyundai Tucson LED Headlight Bulb (100W) 2005-2013"}]},{"@type":"WebSite","@id":"https:\/\/carsa.ca\/#website","url":"https:\/\/carsa.ca\/","name":"Syst\u00e8me d&#039;\u00e9clairage automobile Carsa","description":"","publisher":{"@id":"https:\/\/carsa.ca\/#organization"},"potentialAction":[{"@type":"SearchAction","target":{"@type":"EntryPoint","urlTemplate":"https:\/\/carsa.ca\/?s={search_term_string}"},"query-input":{"@type":"PropertyValueSpecification","valueRequired":true,"valueName":"search_term_string"}}],"inLanguage":"fr-FR"},{"@type":"Organization","@id":"https:\/\/carsa.ca\/#organization","name":"Syst\u00e8me d&#039;\u00e9clairage automobile Carsa","url":"https:\/\/carsa.ca\/","logo":{"@type":"ImageObject","inLanguage":"fr-FR","@id":"https:\/\/carsa.ca\/#\/schema\/logo\/image\/","url":"https:\/\/carsa.ca\/wp-content\/uploads\/2024\/07\/CARSA-LOGO.svg","contentUrl":"https:\/\/carsa.ca\/wp-content\/uploads\/2024\/07\/CARSA-LOGO.svg","width":2512,"height":504,"caption":"Carsa Automotive Lighting System"},"image":{"@id":"https:\/\/carsa.ca\/#\/schema\/logo\/image\/"}}]}},"_links":{"self":[{"href":"https:\/\/carsa.ca\/fr\/wp-json\/wp\/v2\/product\/9332","targetHints":{"allow":["GET"]}}],"collection":[{"href":"https:\/\/carsa.ca\/fr\/wp-json\/wp\/v2\/product"}],"about":[{"href":"https:\/\/carsa.ca\/fr\/wp-json\/wp\/v2\/types\/product"}],"wp:featuredmedia":[{"embeddable":true,"href":"https:\/\/carsa.ca\/fr\/wp-json\/wp\/v2\/media\/9337"}],"wp:attachment":[{"href":"https:\/\/carsa.ca\/fr\/wp-json\/wp\/v2\/media?parent=9332"}],"wp:term":[{"taxonomy":"product_brand","embeddable":true,"href":"https:\/\/carsa.ca\/fr\/wp-json\/wp\/v2\/product_brand?post=9332"},{"taxonomy":"product_cat","embeddable":true,"href":"https:\/\/carsa.ca\/fr\/wp-json\/wp\/v2\/product_cat?post=9332"},{"taxonomy":"product_tag","embeddable":true,"href":"https:\/\/carsa.ca\/fr\/wp-json\/wp\/v2\/product_tag?post=9332"}],"curies":[{"name":"wp","href":"https:\/\/api.w.org\/{rel}","templated":true}]}}