{"id":9333,"date":"2024-08-06T20:27:19","date_gmt":"2024-08-06T20:27:19","guid":{"rendered":"https:\/\/demotasarim.online\/?post_type=product&#038;p=9333"},"modified":"2024-08-27T19:49:54","modified_gmt":"2024-08-27T19:49:54","slug":"hyundai-tucson-led-headlight-bulb-60w-2014-2015","status":"publish","type":"product","link":"https:\/\/carsa.ca\/fr\/produit\/hyundai-tucson-led-headlight-bulb-60w-2014-2015\/","title":{"rendered":"(2014-2015) Ampoules de phares \u00e0 LED pour Hyundai Tucson"},"content":{"rendered":"<p>Am\u00e9liorez les phares de votre Hyundai Tucson avec les ampoules LED Carsa ! Les ampoules antibrouillard LED pour phares Hyundai Tucson sont un excellent moyen d&#039;augmenter la visibilit\u00e9 nocturne.<\/p>\n<h3>Ampoule de phare \u00e0 DEL pour Hyundai Tucson 2014-2015<\/h3>\n<ul>\n<li>Feux de route et de croisement \u2013 Ampoule LED 9012<\/li>\n<\/ul>\n<div id=\"row-319875025\" class=\"row row-small\">\n<div id=\"col-1918461714\" class=\"col small-12 large-12\">\n<div class=\"col-inner\">\n<p>Les ampoules LED Carsa sont dot\u00e9es d&#039;un design tout-en-un, presque de la m\u00eame taille que les ampoules halog\u00e8nes, mais 300% plus lumineuses que les phares halog\u00e8nes. Pour un look haut de gamme moderne, personnalisez votre voiture avec les ampoules de phares LED Carsa.<\/p>\n<\/div>\n<\/div>\n<\/div>\n<p><img fetchpriority=\"high\" decoding=\"async\" class=\"size-medium wp-image-10117\" src=\"https:\/\/carsa.ca\/wp-content\/uploads\/2023\/01\/carsa_logo-Duzenlendi-e1673439029810-400x142.png\" alt=\"carsa.ca\" width=\"400\" height=\"142\" \/><\/p>","protected":false},"excerpt":{"rendered":"<p>Upgrade the headlight on your Hyundai Tucson with Carsa LED bulbs! Hyundai Tucson LED headlight fog light bulbs are a great way to increase nighttime visibility. 2014-2015 Hyundai Tucson LED Headlight Bulb High Low Beam &#8211; 9012 LED Bulb Carsa LED bulb is with a total all-in-one design, almost the same size as halogen bulbs, [&hellip;]<\/p>\n","protected":false},"featured_media":9337,"template":"","meta":[],"product_brand":[],"product_cat":[448,466],"product_tag":[462,467,455,456,223,450,451,452,453,457,458,463,460,461,468],"class_list":{"0":"post-9333","1":"product","2":"type-product","3":"status-publish","4":"has-post-thumbnail","6":"product_cat-for-hyundai","7":"product_cat-tucson","8":"product_tag-100w-2013-2016","9":"product_tag-2014-2015-hyundai-tucson-led-headlight-bulb","10":"product_tag-auto-led","11":"product_tag-auto-parts","12":"product_tag-hyundai","13":"product_tag-hyundai-accent","14":"product_tag-hyundai-accent-bulbs","15":"product_tag-hyundai-accent-led-bulbs","16":"product_tag-hyundai-accent-without-projector-led-headlight-bulb","17":"product_tag-hyundai-elantra-led-headlight","18":"product_tag-hyundai-elantra-led-headlight-bulb","19":"product_tag-hyundai-genesis-coupe-led-headlight-bulb","20":"product_tag-hyundai-genesis-led-headlight-bulb","21":"product_tag-hyundai-genesis-led-headlight-bulb-100w-2009-2014","22":"product_tag-hyundai-tucson-led-headlight-bulb","23":"product_shipping_class-standart","25":"first","26":"instock","27":"sale","28":"taxable","29":"shipping-taxable","30":"purchasable","31":"product-type-simple","32":"add-to-wishlist-after_add_to_cart"},"yoast_head":"<!-- This site is optimized with the Yoast SEO plugin v27.3 - https:\/\/yoast.com\/product\/yoast-seo-wordpress\/ -->\n<title>(2014-2015) Hyundai Tucson LED Headlight Bulbs<\/title>\n<meta name=\"description\" content=\"(2014-2015) Hyundai Tucson LED Headlight Bulbs - Carsa Automotive Lighting System - info@carsa.ca - Shipping - Canada - Other Country\" \/>\n<meta name=\"robots\" content=\"index, follow, max-snippet:-1, max-image-preview:large, max-video-preview:-1\" \/>\n<link rel=\"canonical\" href=\"https:\/\/carsa.ca\/fr\/produit\/hyundai-tucson-led-headlight-bulb-60w-2014-2015\/\" \/>\n<meta property=\"og:locale\" content=\"fr_FR\" \/>\n<meta property=\"og:type\" content=\"article\" \/>\n<meta property=\"og:title\" content=\"(2014-2015) Hyundai Tucson LED Headlight Bulbs - Carsa Automotive Lighting System\" \/>\n<meta property=\"og:description\" content=\"(2014-2015) Hyundai Tucson LED Headlight Bulbs - Carsa Automotive Lighting System carsa.ca\" \/>\n<meta property=\"og:url\" content=\"https:\/\/carsa.ca\/fr\/produit\/hyundai-tucson-led-headlight-bulb-60w-2014-2015\/\" \/>\n<meta property=\"og:site_name\" content=\"Carsa Automotive Lighting System\" \/>\n<meta property=\"article:modified_time\" content=\"2024-08-27T19:49:54+00:00\" \/>\n<meta name=\"twitter:card\" content=\"summary_large_image\" \/>\n<meta name=\"twitter:image\" content=\"https:\/\/carsa.ca\/wp-content\/uploads\/2024\/08\/pngwing.com__2_-removebg-preview.png\" \/>\n<meta name=\"twitter:label1\" content=\"Dur\u00e9e de lecture estim\u00e9e\" \/>\n\t<meta name=\"twitter:data1\" content=\"1 minute\" \/>\n<script type=\"application\/ld+json\" class=\"yoast-schema-graph\">{\"@context\":\"https:\\\/\\\/schema.org\",\"@graph\":[{\"@type\":\"WebPage\",\"@id\":\"https:\\\/\\\/carsa.ca\\\/product\\\/hyundai-tucson-led-headlight-bulb-60w-2014-2015\\\/\",\"url\":\"https:\\\/\\\/carsa.ca\\\/product\\\/hyundai-tucson-led-headlight-bulb-60w-2014-2015\\\/\",\"name\":\"(2014-2015) Hyundai Tucson LED Headlight Bulbs\",\"isPartOf\":{\"@id\":\"https:\\\/\\\/carsa.ca\\\/#website\"},\"primaryImageOfPage\":{\"@id\":\"https:\\\/\\\/carsa.ca\\\/product\\\/hyundai-tucson-led-headlight-bulb-60w-2014-2015\\\/#primaryimage\"},\"image\":{\"@id\":\"https:\\\/\\\/carsa.ca\\\/product\\\/hyundai-tucson-led-headlight-bulb-60w-2014-2015\\\/#primaryimage\"},\"thumbnailUrl\":\"https:\\\/\\\/carsa.ca\\\/wp-content\\\/uploads\\\/2024\\\/08\\\/pngwing.com__2_-removebg-preview.png\",\"datePublished\":\"2024-08-06T20:27:19+00:00\",\"dateModified\":\"2024-08-27T19:49:54+00:00\",\"description\":\"(2014-2015) Hyundai Tucson LED Headlight Bulbs - Carsa Automotive Lighting System - info@carsa.ca - Shipping - Canada - Other Country\",\"breadcrumb\":{\"@id\":\"https:\\\/\\\/carsa.ca\\\/product\\\/hyundai-tucson-led-headlight-bulb-60w-2014-2015\\\/#breadcrumb\"},\"inLanguage\":\"fr-FR\",\"potentialAction\":[{\"@type\":\"ReadAction\",\"target\":[\"https:\\\/\\\/carsa.ca\\\/product\\\/hyundai-tucson-led-headlight-bulb-60w-2014-2015\\\/\"]}]},{\"@type\":\"ImageObject\",\"inLanguage\":\"fr-FR\",\"@id\":\"https:\\\/\\\/carsa.ca\\\/product\\\/hyundai-tucson-led-headlight-bulb-60w-2014-2015\\\/#primaryimage\",\"url\":\"https:\\\/\\\/carsa.ca\\\/wp-content\\\/uploads\\\/2024\\\/08\\\/pngwing.com__2_-removebg-preview.png\",\"contentUrl\":\"https:\\\/\\\/carsa.ca\\\/wp-content\\\/uploads\\\/2024\\\/08\\\/pngwing.com__2_-removebg-preview.png\",\"width\":671,\"height\":372},{\"@type\":\"BreadcrumbList\",\"@id\":\"https:\\\/\\\/carsa.ca\\\/product\\\/hyundai-tucson-led-headlight-bulb-60w-2014-2015\\\/#breadcrumb\",\"itemListElement\":[{\"@type\":\"ListItem\",\"position\":1,\"name\":\"Home\",\"item\":\"https:\\\/\\\/carsa.ca\\\/\"},{\"@type\":\"ListItem\",\"position\":2,\"name\":\"Shop\",\"item\":\"https:\\\/\\\/carsa.ca\\\/fr\\\/shop\\\/\"},{\"@type\":\"ListItem\",\"position\":3,\"name\":\"(2014-2015) Hyundai Tucson LED Headlight Bulbs\"}]},{\"@type\":\"WebSite\",\"@id\":\"https:\\\/\\\/carsa.ca\\\/#website\",\"url\":\"https:\\\/\\\/carsa.ca\\\/\",\"name\":\"Carsa Automotive Lighting System\",\"description\":\"\",\"publisher\":{\"@id\":\"https:\\\/\\\/carsa.ca\\\/#organization\"},\"potentialAction\":[{\"@type\":\"SearchAction\",\"target\":{\"@type\":\"EntryPoint\",\"urlTemplate\":\"https:\\\/\\\/carsa.ca\\\/?s={search_term_string}\"},\"query-input\":{\"@type\":\"PropertyValueSpecification\",\"valueRequired\":true,\"valueName\":\"search_term_string\"}}],\"inLanguage\":\"fr-FR\"},{\"@type\":\"Organization\",\"@id\":\"https:\\\/\\\/carsa.ca\\\/#organization\",\"name\":\"Carsa Automotive Lighting System\",\"url\":\"https:\\\/\\\/carsa.ca\\\/\",\"logo\":{\"@type\":\"ImageObject\",\"inLanguage\":\"fr-FR\",\"@id\":\"https:\\\/\\\/carsa.ca\\\/#\\\/schema\\\/logo\\\/image\\\/\",\"url\":\"https:\\\/\\\/carsa.ca\\\/wp-content\\\/uploads\\\/2024\\\/07\\\/CARSA-LOGO.svg\",\"contentUrl\":\"https:\\\/\\\/carsa.ca\\\/wp-content\\\/uploads\\\/2024\\\/07\\\/CARSA-LOGO.svg\",\"width\":2512,\"height\":504,\"caption\":\"Carsa Automotive Lighting System\"},\"image\":{\"@id\":\"https:\\\/\\\/carsa.ca\\\/#\\\/schema\\\/logo\\\/image\\\/\"}}]}<\/script>\n<!-- \/ Yoast SEO plugin. -->","yoast_head_json":{"title":"(2014-2015) Ampoules de phares \u00e0 LED pour Hyundai Tucson","description":"(2014-2015) Hyundai Tucson LED Headlight Bulbs - Carsa Automotive Lighting System - info@carsa.ca - Shipping - Canada - Other Country","robots":{"index":"index","follow":"follow","max-snippet":"max-snippet:-1","max-image-preview":"max-image-preview:large","max-video-preview":"max-video-preview:-1"},"canonical":"https:\/\/carsa.ca\/fr\/produit\/hyundai-tucson-led-headlight-bulb-60w-2014-2015\/","og_locale":"fr_FR","og_type":"article","og_title":"(2014-2015) Hyundai Tucson LED Headlight Bulbs - Carsa Automotive Lighting System","og_description":"(2014-2015) Hyundai Tucson LED Headlight Bulbs - Carsa Automotive Lighting System carsa.ca","og_url":"https:\/\/carsa.ca\/fr\/produit\/hyundai-tucson-led-headlight-bulb-60w-2014-2015\/","og_site_name":"Carsa Automotive Lighting System","article_modified_time":"2024-08-27T19:49:54+00:00","twitter_card":"summary_large_image","twitter_image":"https:\/\/carsa.ca\/wp-content\/uploads\/2024\/08\/pngwing.com__2_-removebg-preview.png","twitter_misc":{"Dur\u00e9e de lecture estim\u00e9e":"1 minute"},"schema":{"@context":"https:\/\/schema.org","@graph":[{"@type":"WebPage","@id":"https:\/\/carsa.ca\/product\/hyundai-tucson-led-headlight-bulb-60w-2014-2015\/","url":"https:\/\/carsa.ca\/product\/hyundai-tucson-led-headlight-bulb-60w-2014-2015\/","name":"(2014-2015) Ampoules de phares \u00e0 LED pour Hyundai Tucson","isPartOf":{"@id":"https:\/\/carsa.ca\/#website"},"primaryImageOfPage":{"@id":"https:\/\/carsa.ca\/product\/hyundai-tucson-led-headlight-bulb-60w-2014-2015\/#primaryimage"},"image":{"@id":"https:\/\/carsa.ca\/product\/hyundai-tucson-led-headlight-bulb-60w-2014-2015\/#primaryimage"},"thumbnailUrl":"https:\/\/carsa.ca\/wp-content\/uploads\/2024\/08\/pngwing.com__2_-removebg-preview.png","datePublished":"2024-08-06T20:27:19+00:00","dateModified":"2024-08-27T19:49:54+00:00","description":"(2014-2015) Hyundai Tucson LED Headlight Bulbs - Carsa Automotive Lighting System - info@carsa.ca - Shipping - Canada - Other Country","breadcrumb":{"@id":"https:\/\/carsa.ca\/product\/hyundai-tucson-led-headlight-bulb-60w-2014-2015\/#breadcrumb"},"inLanguage":"fr-FR","potentialAction":[{"@type":"ReadAction","target":["https:\/\/carsa.ca\/product\/hyundai-tucson-led-headlight-bulb-60w-2014-2015\/"]}]},{"@type":"ImageObject","inLanguage":"fr-FR","@id":"https:\/\/carsa.ca\/product\/hyundai-tucson-led-headlight-bulb-60w-2014-2015\/#primaryimage","url":"https:\/\/carsa.ca\/wp-content\/uploads\/2024\/08\/pngwing.com__2_-removebg-preview.png","contentUrl":"https:\/\/carsa.ca\/wp-content\/uploads\/2024\/08\/pngwing.com__2_-removebg-preview.png","width":671,"height":372},{"@type":"BreadcrumbList","@id":"https:\/\/carsa.ca\/product\/hyundai-tucson-led-headlight-bulb-60w-2014-2015\/#breadcrumb","itemListElement":[{"@type":"ListItem","position":1,"name":"Home","item":"https:\/\/carsa.ca\/"},{"@type":"ListItem","position":2,"name":"Shop","item":"https:\/\/carsa.ca\/fr\/shop\/"},{"@type":"ListItem","position":3,"name":"(2014-2015) Hyundai Tucson LED Headlight Bulbs"}]},{"@type":"WebSite","@id":"https:\/\/carsa.ca\/#website","url":"https:\/\/carsa.ca\/","name":"Syst\u00e8me d&#039;\u00e9clairage automobile Carsa","description":"","publisher":{"@id":"https:\/\/carsa.ca\/#organization"},"potentialAction":[{"@type":"SearchAction","target":{"@type":"EntryPoint","urlTemplate":"https:\/\/carsa.ca\/?s={search_term_string}"},"query-input":{"@type":"PropertyValueSpecification","valueRequired":true,"valueName":"search_term_string"}}],"inLanguage":"fr-FR"},{"@type":"Organization","@id":"https:\/\/carsa.ca\/#organization","name":"Syst\u00e8me d&#039;\u00e9clairage automobile Carsa","url":"https:\/\/carsa.ca\/","logo":{"@type":"ImageObject","inLanguage":"fr-FR","@id":"https:\/\/carsa.ca\/#\/schema\/logo\/image\/","url":"https:\/\/carsa.ca\/wp-content\/uploads\/2024\/07\/CARSA-LOGO.svg","contentUrl":"https:\/\/carsa.ca\/wp-content\/uploads\/2024\/07\/CARSA-LOGO.svg","width":2512,"height":504,"caption":"Carsa Automotive Lighting System"},"image":{"@id":"https:\/\/carsa.ca\/#\/schema\/logo\/image\/"}}]}},"_links":{"self":[{"href":"https:\/\/carsa.ca\/fr\/wp-json\/wp\/v2\/product\/9333","targetHints":{"allow":["GET"]}}],"collection":[{"href":"https:\/\/carsa.ca\/fr\/wp-json\/wp\/v2\/product"}],"about":[{"href":"https:\/\/carsa.ca\/fr\/wp-json\/wp\/v2\/types\/product"}],"wp:featuredmedia":[{"embeddable":true,"href":"https:\/\/carsa.ca\/fr\/wp-json\/wp\/v2\/media\/9337"}],"wp:attachment":[{"href":"https:\/\/carsa.ca\/fr\/wp-json\/wp\/v2\/media?parent=9333"}],"wp:term":[{"taxonomy":"product_brand","embeddable":true,"href":"https:\/\/carsa.ca\/fr\/wp-json\/wp\/v2\/product_brand?post=9333"},{"taxonomy":"product_cat","embeddable":true,"href":"https:\/\/carsa.ca\/fr\/wp-json\/wp\/v2\/product_cat?post=9333"},{"taxonomy":"product_tag","embeddable":true,"href":"https:\/\/carsa.ca\/fr\/wp-json\/wp\/v2\/product_tag?post=9333"}],"curies":[{"name":"wp","href":"https:\/\/api.w.org\/{rel}","templated":true}]}}