{"id":9338,"date":"2024-08-06T20:27:26","date_gmt":"2024-08-06T20:27:26","guid":{"rendered":"https:\/\/demotasarim.online\/?post_type=product&#038;p=9338"},"modified":"2024-08-27T19:51:09","modified_gmt":"2024-08-27T19:51:09","slug":"hyundai-tucson-led-headlight-bulb-100w-2016-2018","status":"publish","type":"product","link":"https:\/\/carsa.ca\/fr\/produit\/hyundai-tucson-led-headlight-bulb-100w-2016-2018\/","title":{"rendered":"Ampoule de phare \u00e0 LED pour Hyundai Tucson (100 W) 2016-2018"},"content":{"rendered":"<p>Am\u00e9liorez les phares de votre Hyundai Tucson avec les ampoules LED Carsa ! Les ampoules antibrouillard LED pour phares Hyundai Tucson sont un excellent moyen d&#039;augmenter la visibilit\u00e9 nocturne.<\/p>\n<h3>Ampoule de phare \u00e0 DEL pour Hyundai Tucson 2016-2018<\/h3>\n<ul>\n<li>Feux de croisement \u2013 Ampoule LED H7<\/li>\n<li>Feux de route \u2013 Ampoule LED H7<\/li>\n<li>Feu antibrouillard \u2013 Ampoule LED H11<\/li>\n<\/ul>\n<p><img fetchpriority=\"high\" decoding=\"async\" class=\"size-medium wp-image-10117\" src=\"https:\/\/carsa.ca\/wp-content\/uploads\/2023\/01\/carsa_logo-Duzenlendi-e1673439029810-400x142.png\" alt=\"carsa.ca\" width=\"400\" height=\"142\" \/><\/p>","protected":false},"excerpt":{"rendered":"<p>Am\u00e9liorez les phares de votre Hyundai Tucson avec les ampoules LED Carsa\u00a0! Les ampoules LED pour phares antibrouillard pour Hyundai Tucson sont id\u00e9ales pour am\u00e9liorer la visibilit\u00e9 nocturne. Ampoules LED pour phares et feux de croisement (H7) pour Hyundai Tucson (2016-2018), ampoules LED pour feux de route (H7) et ampoules LED H11 pour feux antibrouillard.<\/p>","protected":false},"featured_media":9368,"template":"","meta":[],"product_brand":[],"product_cat":[448,466],"product_tag":[462,467,455,456,223,450,451,452,453,457,458,463,460,461,468],"class_list":{"0":"post-9338","1":"product","2":"type-product","3":"status-publish","4":"has-post-thumbnail","6":"product_cat-for-hyundai","7":"product_cat-tucson","8":"product_tag-100w-2013-2016","9":"product_tag-2014-2015-hyundai-tucson-led-headlight-bulb","10":"product_tag-auto-led","11":"product_tag-auto-parts","12":"product_tag-hyundai","13":"product_tag-hyundai-accent","14":"product_tag-hyundai-accent-bulbs","15":"product_tag-hyundai-accent-led-bulbs","16":"product_tag-hyundai-accent-without-projector-led-headlight-bulb","17":"product_tag-hyundai-elantra-led-headlight","18":"product_tag-hyundai-elantra-led-headlight-bulb","19":"product_tag-hyundai-genesis-coupe-led-headlight-bulb","20":"product_tag-hyundai-genesis-led-headlight-bulb","21":"product_tag-hyundai-genesis-led-headlight-bulb-100w-2009-2014","22":"product_tag-hyundai-tucson-led-headlight-bulb","23":"product_shipping_class-standart","25":"first","26":"instock","27":"sale","28":"taxable","29":"shipping-taxable","30":"purchasable","31":"product-type-variable","32":"add-to-wishlist-after_add_to_cart"},"yoast_head":"<!-- This site is optimized with the Yoast SEO plugin v27.3 - https:\/\/yoast.com\/product\/yoast-seo-wordpress\/ -->\n<title>Hyundai Tucson LED Headlight Bulb (100W) 2016-2018<\/title>\n<meta name=\"description\" content=\"Hyundai Tucson LED Headlight Bulb (100W) 2016-2018 - Carsa Automotive Lighting System - info@carsa.ca - Shipping - Canada - Other Country\" \/>\n<meta name=\"robots\" content=\"index, follow, max-snippet:-1, max-image-preview:large, max-video-preview:-1\" \/>\n<link rel=\"canonical\" href=\"https:\/\/carsa.ca\/fr\/produit\/hyundai-tucson-led-headlight-bulb-100w-2016-2018\/\" \/>\n<meta property=\"og:locale\" content=\"fr_FR\" \/>\n<meta property=\"og:type\" content=\"article\" \/>\n<meta property=\"og:title\" content=\"Hyundai Tucson LED Headlight Bulb (100W) 2016-2018 - Carsa Automotive Lighting System\" \/>\n<meta property=\"og:description\" content=\"Hyundai Tucson LED Headlight Bulb (100W) 2016-2018 - Carsa Automotive Lighting System carsa.ca\" \/>\n<meta property=\"og:url\" content=\"https:\/\/carsa.ca\/fr\/produit\/hyundai-tucson-led-headlight-bulb-100w-2016-2018\/\" \/>\n<meta property=\"og:site_name\" content=\"Carsa Automotive Lighting System\" \/>\n<meta property=\"article:modified_time\" content=\"2024-08-27T19:51:09+00:00\" \/>\n<meta name=\"twitter:card\" content=\"summary_large_image\" \/>\n<meta name=\"twitter:image\" content=\"https:\/\/carsa.ca\/wp-content\/uploads\/2024\/08\/219-2190850_new-2018-hyundai-tucson-fwd-hyundai-tucson-mau.jpg\" \/>\n<meta name=\"twitter:label1\" content=\"Dur\u00e9e de lecture estim\u00e9e\" \/>\n\t<meta name=\"twitter:data1\" content=\"1 minute\" \/>\n<script type=\"application\/ld+json\" class=\"yoast-schema-graph\">{\"@context\":\"https:\\\/\\\/schema.org\",\"@graph\":[{\"@type\":\"WebPage\",\"@id\":\"https:\\\/\\\/carsa.ca\\\/product\\\/hyundai-tucson-led-headlight-bulb-100w-2016-2018\\\/\",\"url\":\"https:\\\/\\\/carsa.ca\\\/product\\\/hyundai-tucson-led-headlight-bulb-100w-2016-2018\\\/\",\"name\":\"Hyundai Tucson LED Headlight Bulb (100W) 2016-2018\",\"isPartOf\":{\"@id\":\"https:\\\/\\\/carsa.ca\\\/#website\"},\"primaryImageOfPage\":{\"@id\":\"https:\\\/\\\/carsa.ca\\\/product\\\/hyundai-tucson-led-headlight-bulb-100w-2016-2018\\\/#primaryimage\"},\"image\":{\"@id\":\"https:\\\/\\\/carsa.ca\\\/product\\\/hyundai-tucson-led-headlight-bulb-100w-2016-2018\\\/#primaryimage\"},\"thumbnailUrl\":\"https:\\\/\\\/carsa.ca\\\/wp-content\\\/uploads\\\/2024\\\/08\\\/219-2190850_new-2018-hyundai-tucson-fwd-hyundai-tucson-mau.jpg\",\"datePublished\":\"2024-08-06T20:27:26+00:00\",\"dateModified\":\"2024-08-27T19:51:09+00:00\",\"description\":\"Hyundai Tucson LED Headlight Bulb (100W) 2016-2018 - Carsa Automotive Lighting System - info@carsa.ca - Shipping - Canada - Other Country\",\"breadcrumb\":{\"@id\":\"https:\\\/\\\/carsa.ca\\\/product\\\/hyundai-tucson-led-headlight-bulb-100w-2016-2018\\\/#breadcrumb\"},\"inLanguage\":\"fr-FR\",\"potentialAction\":[{\"@type\":\"ReadAction\",\"target\":[\"https:\\\/\\\/carsa.ca\\\/product\\\/hyundai-tucson-led-headlight-bulb-100w-2016-2018\\\/\"]}]},{\"@type\":\"ImageObject\",\"inLanguage\":\"fr-FR\",\"@id\":\"https:\\\/\\\/carsa.ca\\\/product\\\/hyundai-tucson-led-headlight-bulb-100w-2016-2018\\\/#primaryimage\",\"url\":\"https:\\\/\\\/carsa.ca\\\/wp-content\\\/uploads\\\/2024\\\/08\\\/219-2190850_new-2018-hyundai-tucson-fwd-hyundai-tucson-mau.jpg\",\"contentUrl\":\"https:\\\/\\\/carsa.ca\\\/wp-content\\\/uploads\\\/2024\\\/08\\\/219-2190850_new-2018-hyundai-tucson-fwd-hyundai-tucson-mau.jpg\",\"width\":820,\"height\":531},{\"@type\":\"BreadcrumbList\",\"@id\":\"https:\\\/\\\/carsa.ca\\\/product\\\/hyundai-tucson-led-headlight-bulb-100w-2016-2018\\\/#breadcrumb\",\"itemListElement\":[{\"@type\":\"ListItem\",\"position\":1,\"name\":\"Home\",\"item\":\"https:\\\/\\\/carsa.ca\\\/\"},{\"@type\":\"ListItem\",\"position\":2,\"name\":\"Shop\",\"item\":\"https:\\\/\\\/carsa.ca\\\/fr\\\/shop\\\/\"},{\"@type\":\"ListItem\",\"position\":3,\"name\":\"Hyundai Tucson LED Headlight Bulb (100W) 2016-2018\"}]},{\"@type\":\"WebSite\",\"@id\":\"https:\\\/\\\/carsa.ca\\\/#website\",\"url\":\"https:\\\/\\\/carsa.ca\\\/\",\"name\":\"Carsa Automotive Lighting System\",\"description\":\"\",\"publisher\":{\"@id\":\"https:\\\/\\\/carsa.ca\\\/#organization\"},\"potentialAction\":[{\"@type\":\"SearchAction\",\"target\":{\"@type\":\"EntryPoint\",\"urlTemplate\":\"https:\\\/\\\/carsa.ca\\\/?s={search_term_string}\"},\"query-input\":{\"@type\":\"PropertyValueSpecification\",\"valueRequired\":true,\"valueName\":\"search_term_string\"}}],\"inLanguage\":\"fr-FR\"},{\"@type\":\"Organization\",\"@id\":\"https:\\\/\\\/carsa.ca\\\/#organization\",\"name\":\"Carsa Automotive Lighting System\",\"url\":\"https:\\\/\\\/carsa.ca\\\/\",\"logo\":{\"@type\":\"ImageObject\",\"inLanguage\":\"fr-FR\",\"@id\":\"https:\\\/\\\/carsa.ca\\\/#\\\/schema\\\/logo\\\/image\\\/\",\"url\":\"https:\\\/\\\/carsa.ca\\\/wp-content\\\/uploads\\\/2024\\\/07\\\/CARSA-LOGO.svg\",\"contentUrl\":\"https:\\\/\\\/carsa.ca\\\/wp-content\\\/uploads\\\/2024\\\/07\\\/CARSA-LOGO.svg\",\"width\":2512,\"height\":504,\"caption\":\"Carsa Automotive Lighting System\"},\"image\":{\"@id\":\"https:\\\/\\\/carsa.ca\\\/#\\\/schema\\\/logo\\\/image\\\/\"}}]}<\/script>\n<!-- \/ Yoast SEO plugin. -->","yoast_head_json":{"title":"Ampoule de phare \u00e0 LED pour Hyundai Tucson (100 W) 2016-2018","description":"Hyundai Tucson LED Headlight Bulb (100W) 2016-2018 - Carsa Automotive Lighting System - info@carsa.ca - Shipping - Canada - Other Country","robots":{"index":"index","follow":"follow","max-snippet":"max-snippet:-1","max-image-preview":"max-image-preview:large","max-video-preview":"max-video-preview:-1"},"canonical":"https:\/\/carsa.ca\/fr\/produit\/hyundai-tucson-led-headlight-bulb-100w-2016-2018\/","og_locale":"fr_FR","og_type":"article","og_title":"Hyundai Tucson LED Headlight Bulb (100W) 2016-2018 - Carsa Automotive Lighting System","og_description":"Hyundai Tucson LED Headlight Bulb (100W) 2016-2018 - Carsa Automotive Lighting System carsa.ca","og_url":"https:\/\/carsa.ca\/fr\/produit\/hyundai-tucson-led-headlight-bulb-100w-2016-2018\/","og_site_name":"Carsa Automotive Lighting System","article_modified_time":"2024-08-27T19:51:09+00:00","twitter_card":"summary_large_image","twitter_image":"https:\/\/carsa.ca\/wp-content\/uploads\/2024\/08\/219-2190850_new-2018-hyundai-tucson-fwd-hyundai-tucson-mau.jpg","twitter_misc":{"Dur\u00e9e de lecture estim\u00e9e":"1 minute"},"schema":{"@context":"https:\/\/schema.org","@graph":[{"@type":"WebPage","@id":"https:\/\/carsa.ca\/product\/hyundai-tucson-led-headlight-bulb-100w-2016-2018\/","url":"https:\/\/carsa.ca\/product\/hyundai-tucson-led-headlight-bulb-100w-2016-2018\/","name":"Ampoule de phare \u00e0 LED pour Hyundai Tucson (100 W) 2016-2018","isPartOf":{"@id":"https:\/\/carsa.ca\/#website"},"primaryImageOfPage":{"@id":"https:\/\/carsa.ca\/product\/hyundai-tucson-led-headlight-bulb-100w-2016-2018\/#primaryimage"},"image":{"@id":"https:\/\/carsa.ca\/product\/hyundai-tucson-led-headlight-bulb-100w-2016-2018\/#primaryimage"},"thumbnailUrl":"https:\/\/carsa.ca\/wp-content\/uploads\/2024\/08\/219-2190850_new-2018-hyundai-tucson-fwd-hyundai-tucson-mau.jpg","datePublished":"2024-08-06T20:27:26+00:00","dateModified":"2024-08-27T19:51:09+00:00","description":"Hyundai Tucson LED Headlight Bulb (100W) 2016-2018 - Carsa Automotive Lighting System - info@carsa.ca - Shipping - Canada - Other Country","breadcrumb":{"@id":"https:\/\/carsa.ca\/product\/hyundai-tucson-led-headlight-bulb-100w-2016-2018\/#breadcrumb"},"inLanguage":"fr-FR","potentialAction":[{"@type":"ReadAction","target":["https:\/\/carsa.ca\/product\/hyundai-tucson-led-headlight-bulb-100w-2016-2018\/"]}]},{"@type":"ImageObject","inLanguage":"fr-FR","@id":"https:\/\/carsa.ca\/product\/hyundai-tucson-led-headlight-bulb-100w-2016-2018\/#primaryimage","url":"https:\/\/carsa.ca\/wp-content\/uploads\/2024\/08\/219-2190850_new-2018-hyundai-tucson-fwd-hyundai-tucson-mau.jpg","contentUrl":"https:\/\/carsa.ca\/wp-content\/uploads\/2024\/08\/219-2190850_new-2018-hyundai-tucson-fwd-hyundai-tucson-mau.jpg","width":820,"height":531},{"@type":"BreadcrumbList","@id":"https:\/\/carsa.ca\/product\/hyundai-tucson-led-headlight-bulb-100w-2016-2018\/#breadcrumb","itemListElement":[{"@type":"ListItem","position":1,"name":"Home","item":"https:\/\/carsa.ca\/"},{"@type":"ListItem","position":2,"name":"Shop","item":"https:\/\/carsa.ca\/fr\/shop\/"},{"@type":"ListItem","position":3,"name":"Hyundai Tucson LED Headlight Bulb (100W) 2016-2018"}]},{"@type":"WebSite","@id":"https:\/\/carsa.ca\/#website","url":"https:\/\/carsa.ca\/","name":"Syst\u00e8me d&#039;\u00e9clairage automobile Carsa","description":"","publisher":{"@id":"https:\/\/carsa.ca\/#organization"},"potentialAction":[{"@type":"SearchAction","target":{"@type":"EntryPoint","urlTemplate":"https:\/\/carsa.ca\/?s={search_term_string}"},"query-input":{"@type":"PropertyValueSpecification","valueRequired":true,"valueName":"search_term_string"}}],"inLanguage":"fr-FR"},{"@type":"Organization","@id":"https:\/\/carsa.ca\/#organization","name":"Syst\u00e8me d&#039;\u00e9clairage automobile Carsa","url":"https:\/\/carsa.ca\/","logo":{"@type":"ImageObject","inLanguage":"fr-FR","@id":"https:\/\/carsa.ca\/#\/schema\/logo\/image\/","url":"https:\/\/carsa.ca\/wp-content\/uploads\/2024\/07\/CARSA-LOGO.svg","contentUrl":"https:\/\/carsa.ca\/wp-content\/uploads\/2024\/07\/CARSA-LOGO.svg","width":2512,"height":504,"caption":"Carsa Automotive Lighting System"},"image":{"@id":"https:\/\/carsa.ca\/#\/schema\/logo\/image\/"}}]}},"_links":{"self":[{"href":"https:\/\/carsa.ca\/fr\/wp-json\/wp\/v2\/product\/9338","targetHints":{"allow":["GET"]}}],"collection":[{"href":"https:\/\/carsa.ca\/fr\/wp-json\/wp\/v2\/product"}],"about":[{"href":"https:\/\/carsa.ca\/fr\/wp-json\/wp\/v2\/types\/product"}],"wp:featuredmedia":[{"embeddable":true,"href":"https:\/\/carsa.ca\/fr\/wp-json\/wp\/v2\/media\/9368"}],"wp:attachment":[{"href":"https:\/\/carsa.ca\/fr\/wp-json\/wp\/v2\/media?parent=9338"}],"wp:term":[{"taxonomy":"product_brand","embeddable":true,"href":"https:\/\/carsa.ca\/fr\/wp-json\/wp\/v2\/product_brand?post=9338"},{"taxonomy":"product_cat","embeddable":true,"href":"https:\/\/carsa.ca\/fr\/wp-json\/wp\/v2\/product_cat?post=9338"},{"taxonomy":"product_tag","embeddable":true,"href":"https:\/\/carsa.ca\/fr\/wp-json\/wp\/v2\/product_tag?post=9338"}],"curies":[{"name":"wp","href":"https:\/\/api.w.org\/{rel}","templated":true}]}}