{"id":9342,"date":"2024-08-06T20:27:26","date_gmt":"2024-08-06T20:27:26","guid":{"rendered":"https:\/\/demotasarim.online\/?post_type=product&#038;p=9342"},"modified":"2024-08-09T20:09:38","modified_gmt":"2024-08-09T20:09:38","slug":"hyundai-tucson-led-headlight-bulb-60w-2019-2020","status":"publish","type":"product","link":"https:\/\/carsa.ca\/fr\/produit\/hyundai-tucson-led-headlight-bulb-60w-2019-2020\/","title":{"rendered":"Ampoule de phare \u00e0 LED pour Hyundai Tucson (60 W) 2019-2020"},"content":{"rendered":"<p>Ampoule de phare LED Hyundai Tucson pour les ann\u00e9es 2019 \u00e0 2020. Remplacer les phares par des ampoules LED est un excellent moyen de personnaliser votre Hyundai Tucson et de fournir un rendement lumineux accru l\u00e0 o\u00f9 vous en avez le plus besoin. Avec cette ampoule de phare LED 60w 7200lm, vos phares Hyundai Tucson seront 500% plus lumineux !<\/p>\n<h3>Ampoule LED pour Hyundai Tucson<\/h3>\n<div id=\"gap-1659768411\" class=\"gap-element clearfix\"><span style=\"color: #1b1919; font-size: 18px;\">FEUX DE CROISEMENT, FEUX DE ROUTE, FEUX DE BROUILLARD<\/span><\/div>\n<div id=\"row-96660518\" class=\"row row-small\">\n<div id=\"col-1067448496\" class=\"col medium-12 small-12 large-12\">\n<div class=\"col-inner\">\n<p>Avec une luminosit\u00e9 \u00e9lev\u00e9e de 60 W et 7 200 lm, ces ampoules de phares \u00e0 LED rendront vos phares 200% plus lumineux que les halog\u00e8nes d&#039;origine. Non seulement la vision de conduite nocturne a \u00e9t\u00e9 am\u00e9lior\u00e9e, mais elles donnent \u00e9galement \u00e0 vos v\u00e9hicules un nouveau look moderne !<\/p>\n<ul>\n<li class=\"bullet-arrow\">Puissance de sortie de 30 W\/ampoule, luminosit\u00e9 de 3600 lm\/ampoule<\/li>\n<li class=\"bullet-arrow\">300% plus lumineux et dur\u00e9e de vie de l&#039;ampoule jusqu&#039;\u00e0 30 000 heures<\/li>\n<li class=\"bullet-arrow\">Aucune zone sombre, n&#039;\u00e9blouit pas les conducteurs venant en sens inverse<\/li>\n<li class=\"bullet-arrow\">Ventilateur silencieux \u00e0 grande vitesse, jusqu&#039;\u00e0 8 500 R par minute<\/li>\n<li class=\"bullet-arrow\">100% IP67 r\u00e9sistant \u00e0 l&#039;eau, aux chocs, \u00e0 la poussi\u00e8re et aux grondements<\/li>\n<\/ul>\n<div id=\"image_890804004\" class=\"img has-hover x md-x lg-x y md-y lg-y\">\n<div class=\"img-inner dark\">Pas de points noirs, faisceau lumineux parfait<\/div>\n<\/div>\n<\/div>\n<\/div>\n<div id=\"col-82027017\" class=\"col medium-6 small-12 large-6\">\n<div class=\"col-inner\">\n<div class=\"box has-hover has-hover box-text-bottom\">\n<div class=\"box-image\">\n<div class=\"\">Pas d&#039;\u00e9blouissement, pas d&#039;\u00e9blouissement<\/div>\n<\/div>\n<\/div>\n<\/div>\n<\/div>\n<\/div>\n<div id=\"gap-1246226899\" class=\"gap-element clearfix\"><span style=\"color: #1b1919; font-size: 18px;\">LUMI\u00c8RE EXT\u00c9RIEURE INT\u00c9RIEURE<\/span><\/div>\n<div id=\"row-763206842\" class=\"row\">\n<div id=\"col-1699433952\" class=\"col medium-12 small-12 large-12\">\n<div class=\"col-inner\">\n<p>Donnez une allure moderne \u00e0 votre v\u00e9hicule avec ces ampoules LED de remplacement. Ces LED lumineuses sont disponibles dans un certain nombre de couleurs, y compris le blanc froid, pour remplacer les ampoules \u00e0 incandescence jaun\u00e2tres d&#039;origine.<\/p>\n<ul>\n<li class=\"bullet-arrow\">Remplacement direct de l&#039;ampoule \u00e0 incandescence d&#039;usine<\/li>\n<li class=\"bullet-arrow\">Rendement accru gr\u00e2ce \u00e0 l&#039;apparence LED<\/li>\n<li class=\"bullet-arrow\">Plug and play, installation simple<\/li>\n<li class=\"bullet-arrow\">Disponible en plusieurs niveaux de luminosit\u00e9<\/li>\n<\/ul>\n<\/div>\n<\/div>\n<div id=\"col-1628343739\" class=\"col small-12 large-12\">\n<div class=\"col-inner\">\n<div id=\"image_911454985\" class=\"img has-hover x md-x lg-x y md-y lg-y\">\n<div class=\"img-inner dark\"><\/div>\n<\/div>\n<\/div>\n<\/div>\n<\/div>\n<h3>Taille de l&#039;ampoule Tucson 2019-2020<\/h3>\n<ul>\n<li>Feu de croisement H7<\/li>\n<li>Phare \u00e0 faisceau \u00e9lev\u00e9 9005<\/li>\n<li>Feu antibrouillard avant H11<\/li>\n<li>Plafonnier C5W 31MM<\/li>\n<li>Plaque d&#039;immatriculation T10<\/li>\n<li>Feu de position lat\u00e9ral arri\u00e8re T10<\/li>\n<\/ul>\n<p><img fetchpriority=\"high\" decoding=\"async\" class=\"size-medium wp-image-10117\" src=\"https:\/\/carsa.ca\/wp-content\/uploads\/2023\/01\/carsa_logo-Duzenlendi-e1673439029810-400x142.png\" alt=\"carsa.ca\" width=\"400\" height=\"142\" \/><\/p>","protected":false},"excerpt":{"rendered":"<p>Hyundai Tucson LED headlight bulb for 2019 to 2020 years. Replacing the headlights with LED bulbs is a great way to customize your Hyundai Tucson and provide increased light output where you need it most. With this 60w 7200lm led headlight bulb, your Hyundai Tucson headlights will be 500% brighter! Hyundai Tucson LED Bulb LOW [&hellip;]<\/p>\n","protected":false},"featured_media":9337,"template":"","meta":[],"product_brand":[],"product_cat":[448,466],"product_tag":[462,467,455,456,223,450,451,452,453,457,458,463,460,461,468],"class_list":{"0":"post-9342","1":"product","2":"type-product","3":"status-publish","4":"has-post-thumbnail","6":"product_cat-for-hyundai","7":"product_cat-tucson","8":"product_tag-100w-2013-2016","9":"product_tag-2014-2015-hyundai-tucson-led-headlight-bulb","10":"product_tag-auto-led","11":"product_tag-auto-parts","12":"product_tag-hyundai","13":"product_tag-hyundai-accent","14":"product_tag-hyundai-accent-bulbs","15":"product_tag-hyundai-accent-led-bulbs","16":"product_tag-hyundai-accent-without-projector-led-headlight-bulb","17":"product_tag-hyundai-elantra-led-headlight","18":"product_tag-hyundai-elantra-led-headlight-bulb","19":"product_tag-hyundai-genesis-coupe-led-headlight-bulb","20":"product_tag-hyundai-genesis-led-headlight-bulb","21":"product_tag-hyundai-genesis-led-headlight-bulb-100w-2009-2014","22":"product_tag-hyundai-tucson-led-headlight-bulb","23":"product_shipping_class-standart","25":"first","26":"instock","27":"sale","28":"taxable","29":"shipping-taxable","30":"purchasable","31":"product-type-variable","32":"add-to-wishlist-after_add_to_cart"},"yoast_head":"<!-- This site is optimized with the Yoast SEO plugin v27.3 - https:\/\/yoast.com\/product\/yoast-seo-wordpress\/ -->\n<title>Hyundai Tucson LED Headlight Bulb (60W) 2019-2020<\/title>\n<meta name=\"description\" content=\"Hyundai Tucson LED Headlight Bulb (60W) 2019-2020 - Carsa Automotive Lighting System - info@carsa.ca - Shipping - Canada - Other Country\" \/>\n<meta name=\"robots\" content=\"index, follow, max-snippet:-1, max-image-preview:large, max-video-preview:-1\" \/>\n<link rel=\"canonical\" href=\"https:\/\/carsa.ca\/fr\/produit\/hyundai-tucson-led-headlight-bulb-60w-2019-2020\/\" \/>\n<meta property=\"og:locale\" content=\"fr_FR\" \/>\n<meta property=\"og:type\" content=\"article\" \/>\n<meta property=\"og:title\" content=\"Hyundai Tucson LED Headlight Bulb (60W) 2019-2020 - Carsa Automotive Lighting System\" \/>\n<meta property=\"og:description\" content=\"Hyundai Tucson LED Headlight Bulb (60W) 2019-2020 - Carsa Automotive Lighting System carsa.ca\" \/>\n<meta property=\"og:url\" content=\"https:\/\/carsa.ca\/fr\/produit\/hyundai-tucson-led-headlight-bulb-60w-2019-2020\/\" \/>\n<meta property=\"og:site_name\" content=\"Carsa Automotive Lighting System\" \/>\n<meta property=\"article:modified_time\" content=\"2024-08-09T20:09:38+00:00\" \/>\n<meta name=\"twitter:card\" content=\"summary_large_image\" \/>\n<meta name=\"twitter:image\" content=\"https:\/\/carsa.ca\/wp-content\/uploads\/2024\/08\/pngwing.com__2_-removebg-preview.png\" \/>\n<meta name=\"twitter:label1\" content=\"Dur\u00e9e de lecture estim\u00e9e\" \/>\n\t<meta name=\"twitter:data1\" content=\"2 minutes\" \/>\n<script type=\"application\/ld+json\" class=\"yoast-schema-graph\">{\"@context\":\"https:\\\/\\\/schema.org\",\"@graph\":[{\"@type\":\"WebPage\",\"@id\":\"https:\\\/\\\/carsa.ca\\\/product\\\/hyundai-tucson-led-headlight-bulb-60w-2019-2020\\\/\",\"url\":\"https:\\\/\\\/carsa.ca\\\/product\\\/hyundai-tucson-led-headlight-bulb-60w-2019-2020\\\/\",\"name\":\"Hyundai Tucson LED Headlight Bulb (60W) 2019-2020\",\"isPartOf\":{\"@id\":\"https:\\\/\\\/carsa.ca\\\/#website\"},\"primaryImageOfPage\":{\"@id\":\"https:\\\/\\\/carsa.ca\\\/product\\\/hyundai-tucson-led-headlight-bulb-60w-2019-2020\\\/#primaryimage\"},\"image\":{\"@id\":\"https:\\\/\\\/carsa.ca\\\/product\\\/hyundai-tucson-led-headlight-bulb-60w-2019-2020\\\/#primaryimage\"},\"thumbnailUrl\":\"https:\\\/\\\/carsa.ca\\\/wp-content\\\/uploads\\\/2024\\\/08\\\/pngwing.com__2_-removebg-preview.png\",\"datePublished\":\"2024-08-06T20:27:26+00:00\",\"dateModified\":\"2024-08-09T20:09:38+00:00\",\"description\":\"Hyundai Tucson LED Headlight Bulb (60W) 2019-2020 - Carsa Automotive Lighting System - info@carsa.ca - Shipping - Canada - Other Country\",\"breadcrumb\":{\"@id\":\"https:\\\/\\\/carsa.ca\\\/product\\\/hyundai-tucson-led-headlight-bulb-60w-2019-2020\\\/#breadcrumb\"},\"inLanguage\":\"fr-FR\",\"potentialAction\":[{\"@type\":\"ReadAction\",\"target\":[\"https:\\\/\\\/carsa.ca\\\/product\\\/hyundai-tucson-led-headlight-bulb-60w-2019-2020\\\/\"]}]},{\"@type\":\"ImageObject\",\"inLanguage\":\"fr-FR\",\"@id\":\"https:\\\/\\\/carsa.ca\\\/product\\\/hyundai-tucson-led-headlight-bulb-60w-2019-2020\\\/#primaryimage\",\"url\":\"https:\\\/\\\/carsa.ca\\\/wp-content\\\/uploads\\\/2024\\\/08\\\/pngwing.com__2_-removebg-preview.png\",\"contentUrl\":\"https:\\\/\\\/carsa.ca\\\/wp-content\\\/uploads\\\/2024\\\/08\\\/pngwing.com__2_-removebg-preview.png\",\"width\":671,\"height\":372},{\"@type\":\"BreadcrumbList\",\"@id\":\"https:\\\/\\\/carsa.ca\\\/product\\\/hyundai-tucson-led-headlight-bulb-60w-2019-2020\\\/#breadcrumb\",\"itemListElement\":[{\"@type\":\"ListItem\",\"position\":1,\"name\":\"Home\",\"item\":\"https:\\\/\\\/carsa.ca\\\/\"},{\"@type\":\"ListItem\",\"position\":2,\"name\":\"Shop\",\"item\":\"https:\\\/\\\/carsa.ca\\\/fr\\\/shop\\\/\"},{\"@type\":\"ListItem\",\"position\":3,\"name\":\"Hyundai Tucson LED Headlight Bulb (60W) 2019-2020\"}]},{\"@type\":\"WebSite\",\"@id\":\"https:\\\/\\\/carsa.ca\\\/#website\",\"url\":\"https:\\\/\\\/carsa.ca\\\/\",\"name\":\"Carsa Automotive Lighting System\",\"description\":\"\",\"publisher\":{\"@id\":\"https:\\\/\\\/carsa.ca\\\/#organization\"},\"potentialAction\":[{\"@type\":\"SearchAction\",\"target\":{\"@type\":\"EntryPoint\",\"urlTemplate\":\"https:\\\/\\\/carsa.ca\\\/?s={search_term_string}\"},\"query-input\":{\"@type\":\"PropertyValueSpecification\",\"valueRequired\":true,\"valueName\":\"search_term_string\"}}],\"inLanguage\":\"fr-FR\"},{\"@type\":\"Organization\",\"@id\":\"https:\\\/\\\/carsa.ca\\\/#organization\",\"name\":\"Carsa Automotive Lighting System\",\"url\":\"https:\\\/\\\/carsa.ca\\\/\",\"logo\":{\"@type\":\"ImageObject\",\"inLanguage\":\"fr-FR\",\"@id\":\"https:\\\/\\\/carsa.ca\\\/#\\\/schema\\\/logo\\\/image\\\/\",\"url\":\"https:\\\/\\\/carsa.ca\\\/wp-content\\\/uploads\\\/2024\\\/07\\\/CARSA-LOGO.svg\",\"contentUrl\":\"https:\\\/\\\/carsa.ca\\\/wp-content\\\/uploads\\\/2024\\\/07\\\/CARSA-LOGO.svg\",\"width\":2512,\"height\":504,\"caption\":\"Carsa Automotive Lighting System\"},\"image\":{\"@id\":\"https:\\\/\\\/carsa.ca\\\/#\\\/schema\\\/logo\\\/image\\\/\"}}]}<\/script>\n<!-- \/ Yoast SEO plugin. -->","yoast_head_json":{"title":"Ampoule de phare \u00e0 LED pour Hyundai Tucson (60 W) 2019-2020","description":"Hyundai Tucson LED Headlight Bulb (60W) 2019-2020 - Carsa Automotive Lighting System - info@carsa.ca - Shipping - Canada - Other Country","robots":{"index":"index","follow":"follow","max-snippet":"max-snippet:-1","max-image-preview":"max-image-preview:large","max-video-preview":"max-video-preview:-1"},"canonical":"https:\/\/carsa.ca\/fr\/produit\/hyundai-tucson-led-headlight-bulb-60w-2019-2020\/","og_locale":"fr_FR","og_type":"article","og_title":"Hyundai Tucson LED Headlight Bulb (60W) 2019-2020 - Carsa Automotive Lighting System","og_description":"Hyundai Tucson LED Headlight Bulb (60W) 2019-2020 - Carsa Automotive Lighting System carsa.ca","og_url":"https:\/\/carsa.ca\/fr\/produit\/hyundai-tucson-led-headlight-bulb-60w-2019-2020\/","og_site_name":"Carsa Automotive Lighting System","article_modified_time":"2024-08-09T20:09:38+00:00","twitter_card":"summary_large_image","twitter_image":"https:\/\/carsa.ca\/wp-content\/uploads\/2024\/08\/pngwing.com__2_-removebg-preview.png","twitter_misc":{"Dur\u00e9e de lecture estim\u00e9e":"2 minutes"},"schema":{"@context":"https:\/\/schema.org","@graph":[{"@type":"WebPage","@id":"https:\/\/carsa.ca\/product\/hyundai-tucson-led-headlight-bulb-60w-2019-2020\/","url":"https:\/\/carsa.ca\/product\/hyundai-tucson-led-headlight-bulb-60w-2019-2020\/","name":"Ampoule de phare \u00e0 LED pour Hyundai Tucson (60 W) 2019-2020","isPartOf":{"@id":"https:\/\/carsa.ca\/#website"},"primaryImageOfPage":{"@id":"https:\/\/carsa.ca\/product\/hyundai-tucson-led-headlight-bulb-60w-2019-2020\/#primaryimage"},"image":{"@id":"https:\/\/carsa.ca\/product\/hyundai-tucson-led-headlight-bulb-60w-2019-2020\/#primaryimage"},"thumbnailUrl":"https:\/\/carsa.ca\/wp-content\/uploads\/2024\/08\/pngwing.com__2_-removebg-preview.png","datePublished":"2024-08-06T20:27:26+00:00","dateModified":"2024-08-09T20:09:38+00:00","description":"Hyundai Tucson LED Headlight Bulb (60W) 2019-2020 - Carsa Automotive Lighting System - info@carsa.ca - Shipping - Canada - Other Country","breadcrumb":{"@id":"https:\/\/carsa.ca\/product\/hyundai-tucson-led-headlight-bulb-60w-2019-2020\/#breadcrumb"},"inLanguage":"fr-FR","potentialAction":[{"@type":"ReadAction","target":["https:\/\/carsa.ca\/product\/hyundai-tucson-led-headlight-bulb-60w-2019-2020\/"]}]},{"@type":"ImageObject","inLanguage":"fr-FR","@id":"https:\/\/carsa.ca\/product\/hyundai-tucson-led-headlight-bulb-60w-2019-2020\/#primaryimage","url":"https:\/\/carsa.ca\/wp-content\/uploads\/2024\/08\/pngwing.com__2_-removebg-preview.png","contentUrl":"https:\/\/carsa.ca\/wp-content\/uploads\/2024\/08\/pngwing.com__2_-removebg-preview.png","width":671,"height":372},{"@type":"BreadcrumbList","@id":"https:\/\/carsa.ca\/product\/hyundai-tucson-led-headlight-bulb-60w-2019-2020\/#breadcrumb","itemListElement":[{"@type":"ListItem","position":1,"name":"Home","item":"https:\/\/carsa.ca\/"},{"@type":"ListItem","position":2,"name":"Shop","item":"https:\/\/carsa.ca\/fr\/shop\/"},{"@type":"ListItem","position":3,"name":"Hyundai Tucson LED Headlight Bulb (60W) 2019-2020"}]},{"@type":"WebSite","@id":"https:\/\/carsa.ca\/#website","url":"https:\/\/carsa.ca\/","name":"Syst\u00e8me d&#039;\u00e9clairage automobile Carsa","description":"","publisher":{"@id":"https:\/\/carsa.ca\/#organization"},"potentialAction":[{"@type":"SearchAction","target":{"@type":"EntryPoint","urlTemplate":"https:\/\/carsa.ca\/?s={search_term_string}"},"query-input":{"@type":"PropertyValueSpecification","valueRequired":true,"valueName":"search_term_string"}}],"inLanguage":"fr-FR"},{"@type":"Organization","@id":"https:\/\/carsa.ca\/#organization","name":"Syst\u00e8me d&#039;\u00e9clairage automobile Carsa","url":"https:\/\/carsa.ca\/","logo":{"@type":"ImageObject","inLanguage":"fr-FR","@id":"https:\/\/carsa.ca\/#\/schema\/logo\/image\/","url":"https:\/\/carsa.ca\/wp-content\/uploads\/2024\/07\/CARSA-LOGO.svg","contentUrl":"https:\/\/carsa.ca\/wp-content\/uploads\/2024\/07\/CARSA-LOGO.svg","width":2512,"height":504,"caption":"Carsa Automotive Lighting System"},"image":{"@id":"https:\/\/carsa.ca\/#\/schema\/logo\/image\/"}}]}},"_links":{"self":[{"href":"https:\/\/carsa.ca\/fr\/wp-json\/wp\/v2\/product\/9342","targetHints":{"allow":["GET"]}}],"collection":[{"href":"https:\/\/carsa.ca\/fr\/wp-json\/wp\/v2\/product"}],"about":[{"href":"https:\/\/carsa.ca\/fr\/wp-json\/wp\/v2\/types\/product"}],"wp:featuredmedia":[{"embeddable":true,"href":"https:\/\/carsa.ca\/fr\/wp-json\/wp\/v2\/media\/9337"}],"wp:attachment":[{"href":"https:\/\/carsa.ca\/fr\/wp-json\/wp\/v2\/media?parent=9342"}],"wp:term":[{"taxonomy":"product_brand","embeddable":true,"href":"https:\/\/carsa.ca\/fr\/wp-json\/wp\/v2\/product_brand?post=9342"},{"taxonomy":"product_cat","embeddable":true,"href":"https:\/\/carsa.ca\/fr\/wp-json\/wp\/v2\/product_cat?post=9342"},{"taxonomy":"product_tag","embeddable":true,"href":"https:\/\/carsa.ca\/fr\/wp-json\/wp\/v2\/product_tag?post=9342"}],"curies":[{"name":"wp","href":"https:\/\/api.w.org\/{rel}","templated":true}]}}