{"id":9365,"date":"2024-08-06T20:27:27","date_gmt":"2024-08-06T20:27:27","guid":{"rendered":"https:\/\/demotasarim.online\/?post_type=product&#038;p=9365"},"modified":"2024-08-09T20:09:38","modified_gmt":"2024-08-09T20:09:38","slug":"mazda-3-led-headlight-bulbs-100w-2004-2006","status":"publish","type":"product","link":"https:\/\/carsa.ca\/fr\/produit\/mazda-3-led-headlight-bulbs-100w-2004-2006\/","title":{"rendered":"Ampoules de phares \u00e0 LED pour Mazda 3 (100 W) 2004-2006"},"content":{"rendered":"<p>Ampoules de phares \u00e0 LED Mazda 3 pour les ann\u00e9es 2003 \u00e0 2006. Remplacer les phares par des ampoules LED est un excellent moyen de personnaliser votre Mazda 3 et d&#039;augmenter la puissance lumineuse l\u00e0 o\u00f9 vous en avez le plus besoin. Avec ces ampoules de phares \u00e0 LED 100w 12000lm, vos phares Mazda 3 2004 2005 2006 seront 500% plus lumineux !<\/p>\n<p>Ampoules de phares antibrouillard \u00e0 LED pour Mazda 3 2004-2006<br \/>\nFeux de croisement \u2013 Ampoule LED H7<br \/>\nFeux de route \u2013 Ampoule LED 9005<br \/>\nFeu antibrouillard \u2013 Ampoule LED H11<\/p>\n<p><img fetchpriority=\"high\" decoding=\"async\" class=\"size-medium wp-image-10117\" src=\"https:\/\/carsa.ca\/wp-content\/uploads\/2023\/01\/carsa_logo-Duzenlendi-e1673439029810-400x142.png\" alt=\"carsa.ca\" width=\"400\" height=\"142\" \/><\/p>","protected":false},"excerpt":{"rendered":"<p>Mazda 3 LED headlight bulbs for 2003 to 2006 years. Replacing the headlights with LED bulbs is a great way to customize your Mazda 3 and provide increased light output where you need it most. With these 100w 12000lm led headlight bulbs, your 2004 2005 2006 Mazda 3 headlights will be 500% brighter! 2004 &#8211; [&hellip;]<\/p>\n","protected":false},"featured_media":9371,"template":"","meta":[],"product_brand":[],"product_cat":[472,471,359],"product_tag":[245,473,474,475,476,477],"class_list":{"0":"post-9365","1":"product","2":"type-product","3":"status-publish","4":"has-post-thumbnail","6":"product_cat-472","7":"product_cat-for-mazda","8":"product_cat-vehicles","9":"product_tag-mazda","10":"product_tag-mazda-3","11":"product_tag-mazda-3-led-headlight","12":"product_tag-mazda-3-led-headlight-bulb","13":"product_tag-mazda-3-led-headlight-bulbs","14":"product_tag-mazda-6","15":"product_shipping_class-standart","17":"first","18":"instock","19":"sale","20":"taxable","21":"shipping-taxable","22":"purchasable","23":"product-type-variable","24":"add-to-wishlist-after_add_to_cart"},"yoast_head":"<!-- This site is optimized with the Yoast SEO plugin v27.3 - https:\/\/yoast.com\/product\/yoast-seo-wordpress\/ -->\n<title>Mazda 3 LED Headlight Bulbs (100W) 2004-2006<\/title>\n<meta name=\"description\" content=\"Mazda 3 LED Headlight Bulbs (100W) 2004-2006 - Carsa Automotive Lighting System - info@carsa.ca - Shipping - Canada - Other Country\" \/>\n<meta name=\"robots\" content=\"index, follow, max-snippet:-1, max-image-preview:large, max-video-preview:-1\" \/>\n<link rel=\"canonical\" href=\"https:\/\/carsa.ca\/fr\/produit\/mazda-3-led-headlight-bulbs-100w-2004-2006\/\" \/>\n<meta property=\"og:locale\" content=\"fr_FR\" \/>\n<meta property=\"og:type\" content=\"article\" \/>\n<meta property=\"og:title\" content=\"Mazda 3 LED Headlight Bulbs (100W) 2004-2006 - Carsa Automotive Lighting System\" \/>\n<meta property=\"og:description\" content=\"Mazda 3 LED Headlight Bulbs (100W) 2004-2006 - Carsa Automotive Lighting System carsa.ca\" \/>\n<meta property=\"og:url\" content=\"https:\/\/carsa.ca\/fr\/produit\/mazda-3-led-headlight-bulbs-100w-2004-2006\/\" \/>\n<meta property=\"og:site_name\" content=\"Carsa Automotive Lighting System\" \/>\n<meta property=\"article:modified_time\" content=\"2024-08-09T20:09:38+00:00\" \/>\n<meta name=\"twitter:card\" content=\"summary_large_image\" \/>\n<meta name=\"twitter:image\" content=\"https:\/\/carsa.ca\/wp-content\/uploads\/2024\/08\/2008-mazda-mazda3-5dr-hb-man-mazdaspeed3-sport-angular-front-exterior-view_100285465_l.jpg\" \/>\n<meta name=\"twitter:label1\" content=\"Dur\u00e9e de lecture estim\u00e9e\" \/>\n\t<meta name=\"twitter:data1\" content=\"1 minute\" \/>\n<script type=\"application\/ld+json\" class=\"yoast-schema-graph\">{\"@context\":\"https:\\\/\\\/schema.org\",\"@graph\":[{\"@type\":\"WebPage\",\"@id\":\"https:\\\/\\\/carsa.ca\\\/product\\\/mazda-3-led-headlight-bulbs-100w-2004-2006\\\/\",\"url\":\"https:\\\/\\\/carsa.ca\\\/product\\\/mazda-3-led-headlight-bulbs-100w-2004-2006\\\/\",\"name\":\"Mazda 3 LED Headlight Bulbs (100W) 2004-2006\",\"isPartOf\":{\"@id\":\"https:\\\/\\\/carsa.ca\\\/#website\"},\"primaryImageOfPage\":{\"@id\":\"https:\\\/\\\/carsa.ca\\\/product\\\/mazda-3-led-headlight-bulbs-100w-2004-2006\\\/#primaryimage\"},\"image\":{\"@id\":\"https:\\\/\\\/carsa.ca\\\/product\\\/mazda-3-led-headlight-bulbs-100w-2004-2006\\\/#primaryimage\"},\"thumbnailUrl\":\"https:\\\/\\\/carsa.ca\\\/wp-content\\\/uploads\\\/2024\\\/08\\\/2008-mazda-mazda3-5dr-hb-man-mazdaspeed3-sport-angular-front-exterior-view_100285465_l.jpg\",\"datePublished\":\"2024-08-06T20:27:27+00:00\",\"dateModified\":\"2024-08-09T20:09:38+00:00\",\"description\":\"Mazda 3 LED Headlight Bulbs (100W) 2004-2006 - Carsa Automotive Lighting System - info@carsa.ca - Shipping - Canada - Other Country\",\"breadcrumb\":{\"@id\":\"https:\\\/\\\/carsa.ca\\\/product\\\/mazda-3-led-headlight-bulbs-100w-2004-2006\\\/#breadcrumb\"},\"inLanguage\":\"fr-FR\",\"potentialAction\":[{\"@type\":\"ReadAction\",\"target\":[\"https:\\\/\\\/carsa.ca\\\/product\\\/mazda-3-led-headlight-bulbs-100w-2004-2006\\\/\"]}]},{\"@type\":\"ImageObject\",\"inLanguage\":\"fr-FR\",\"@id\":\"https:\\\/\\\/carsa.ca\\\/product\\\/mazda-3-led-headlight-bulbs-100w-2004-2006\\\/#primaryimage\",\"url\":\"https:\\\/\\\/carsa.ca\\\/wp-content\\\/uploads\\\/2024\\\/08\\\/2008-mazda-mazda3-5dr-hb-man-mazdaspeed3-sport-angular-front-exterior-view_100285465_l.jpg\",\"contentUrl\":\"https:\\\/\\\/carsa.ca\\\/wp-content\\\/uploads\\\/2024\\\/08\\\/2008-mazda-mazda3-5dr-hb-man-mazdaspeed3-sport-angular-front-exterior-view_100285465_l.jpg\",\"width\":1024,\"height\":768},{\"@type\":\"BreadcrumbList\",\"@id\":\"https:\\\/\\\/carsa.ca\\\/product\\\/mazda-3-led-headlight-bulbs-100w-2004-2006\\\/#breadcrumb\",\"itemListElement\":[{\"@type\":\"ListItem\",\"position\":1,\"name\":\"Home\",\"item\":\"https:\\\/\\\/carsa.ca\\\/\"},{\"@type\":\"ListItem\",\"position\":2,\"name\":\"Shop\",\"item\":\"https:\\\/\\\/carsa.ca\\\/fr\\\/shop\\\/\"},{\"@type\":\"ListItem\",\"position\":3,\"name\":\"Mazda 3 LED Headlight Bulbs (100W) 2004-2006\"}]},{\"@type\":\"WebSite\",\"@id\":\"https:\\\/\\\/carsa.ca\\\/#website\",\"url\":\"https:\\\/\\\/carsa.ca\\\/\",\"name\":\"Carsa Automotive Lighting System\",\"description\":\"\",\"publisher\":{\"@id\":\"https:\\\/\\\/carsa.ca\\\/#organization\"},\"potentialAction\":[{\"@type\":\"SearchAction\",\"target\":{\"@type\":\"EntryPoint\",\"urlTemplate\":\"https:\\\/\\\/carsa.ca\\\/?s={search_term_string}\"},\"query-input\":{\"@type\":\"PropertyValueSpecification\",\"valueRequired\":true,\"valueName\":\"search_term_string\"}}],\"inLanguage\":\"fr-FR\"},{\"@type\":\"Organization\",\"@id\":\"https:\\\/\\\/carsa.ca\\\/#organization\",\"name\":\"Carsa Automotive Lighting System\",\"url\":\"https:\\\/\\\/carsa.ca\\\/\",\"logo\":{\"@type\":\"ImageObject\",\"inLanguage\":\"fr-FR\",\"@id\":\"https:\\\/\\\/carsa.ca\\\/#\\\/schema\\\/logo\\\/image\\\/\",\"url\":\"https:\\\/\\\/carsa.ca\\\/wp-content\\\/uploads\\\/2024\\\/07\\\/CARSA-LOGO.svg\",\"contentUrl\":\"https:\\\/\\\/carsa.ca\\\/wp-content\\\/uploads\\\/2024\\\/07\\\/CARSA-LOGO.svg\",\"width\":2512,\"height\":504,\"caption\":\"Carsa Automotive Lighting System\"},\"image\":{\"@id\":\"https:\\\/\\\/carsa.ca\\\/#\\\/schema\\\/logo\\\/image\\\/\"}}]}<\/script>\n<!-- \/ Yoast SEO plugin. -->","yoast_head_json":{"title":"Ampoules de phares \u00e0 LED pour Mazda 3 (100 W) 2004-2006","description":"Mazda 3 LED Headlight Bulbs (100W) 2004-2006 - Carsa Automotive Lighting System - info@carsa.ca - Shipping - Canada - Other Country","robots":{"index":"index","follow":"follow","max-snippet":"max-snippet:-1","max-image-preview":"max-image-preview:large","max-video-preview":"max-video-preview:-1"},"canonical":"https:\/\/carsa.ca\/fr\/produit\/mazda-3-led-headlight-bulbs-100w-2004-2006\/","og_locale":"fr_FR","og_type":"article","og_title":"Mazda 3 LED Headlight Bulbs (100W) 2004-2006 - Carsa Automotive Lighting System","og_description":"Mazda 3 LED Headlight Bulbs (100W) 2004-2006 - Carsa Automotive Lighting System carsa.ca","og_url":"https:\/\/carsa.ca\/fr\/produit\/mazda-3-led-headlight-bulbs-100w-2004-2006\/","og_site_name":"Carsa Automotive Lighting System","article_modified_time":"2024-08-09T20:09:38+00:00","twitter_card":"summary_large_image","twitter_image":"https:\/\/carsa.ca\/wp-content\/uploads\/2024\/08\/2008-mazda-mazda3-5dr-hb-man-mazdaspeed3-sport-angular-front-exterior-view_100285465_l.jpg","twitter_misc":{"Dur\u00e9e de lecture estim\u00e9e":"1 minute"},"schema":{"@context":"https:\/\/schema.org","@graph":[{"@type":"WebPage","@id":"https:\/\/carsa.ca\/product\/mazda-3-led-headlight-bulbs-100w-2004-2006\/","url":"https:\/\/carsa.ca\/product\/mazda-3-led-headlight-bulbs-100w-2004-2006\/","name":"Ampoules de phares \u00e0 LED pour Mazda 3 (100 W) 2004-2006","isPartOf":{"@id":"https:\/\/carsa.ca\/#website"},"primaryImageOfPage":{"@id":"https:\/\/carsa.ca\/product\/mazda-3-led-headlight-bulbs-100w-2004-2006\/#primaryimage"},"image":{"@id":"https:\/\/carsa.ca\/product\/mazda-3-led-headlight-bulbs-100w-2004-2006\/#primaryimage"},"thumbnailUrl":"https:\/\/carsa.ca\/wp-content\/uploads\/2024\/08\/2008-mazda-mazda3-5dr-hb-man-mazdaspeed3-sport-angular-front-exterior-view_100285465_l.jpg","datePublished":"2024-08-06T20:27:27+00:00","dateModified":"2024-08-09T20:09:38+00:00","description":"Mazda 3 LED Headlight Bulbs (100W) 2004-2006 - Carsa Automotive Lighting System - info@carsa.ca - Shipping - Canada - Other Country","breadcrumb":{"@id":"https:\/\/carsa.ca\/product\/mazda-3-led-headlight-bulbs-100w-2004-2006\/#breadcrumb"},"inLanguage":"fr-FR","potentialAction":[{"@type":"ReadAction","target":["https:\/\/carsa.ca\/product\/mazda-3-led-headlight-bulbs-100w-2004-2006\/"]}]},{"@type":"ImageObject","inLanguage":"fr-FR","@id":"https:\/\/carsa.ca\/product\/mazda-3-led-headlight-bulbs-100w-2004-2006\/#primaryimage","url":"https:\/\/carsa.ca\/wp-content\/uploads\/2024\/08\/2008-mazda-mazda3-5dr-hb-man-mazdaspeed3-sport-angular-front-exterior-view_100285465_l.jpg","contentUrl":"https:\/\/carsa.ca\/wp-content\/uploads\/2024\/08\/2008-mazda-mazda3-5dr-hb-man-mazdaspeed3-sport-angular-front-exterior-view_100285465_l.jpg","width":1024,"height":768},{"@type":"BreadcrumbList","@id":"https:\/\/carsa.ca\/product\/mazda-3-led-headlight-bulbs-100w-2004-2006\/#breadcrumb","itemListElement":[{"@type":"ListItem","position":1,"name":"Home","item":"https:\/\/carsa.ca\/"},{"@type":"ListItem","position":2,"name":"Shop","item":"https:\/\/carsa.ca\/fr\/shop\/"},{"@type":"ListItem","position":3,"name":"Mazda 3 LED Headlight Bulbs (100W) 2004-2006"}]},{"@type":"WebSite","@id":"https:\/\/carsa.ca\/#website","url":"https:\/\/carsa.ca\/","name":"Syst\u00e8me d&#039;\u00e9clairage automobile Carsa","description":"","publisher":{"@id":"https:\/\/carsa.ca\/#organization"},"potentialAction":[{"@type":"SearchAction","target":{"@type":"EntryPoint","urlTemplate":"https:\/\/carsa.ca\/?s={search_term_string}"},"query-input":{"@type":"PropertyValueSpecification","valueRequired":true,"valueName":"search_term_string"}}],"inLanguage":"fr-FR"},{"@type":"Organization","@id":"https:\/\/carsa.ca\/#organization","name":"Syst\u00e8me d&#039;\u00e9clairage automobile Carsa","url":"https:\/\/carsa.ca\/","logo":{"@type":"ImageObject","inLanguage":"fr-FR","@id":"https:\/\/carsa.ca\/#\/schema\/logo\/image\/","url":"https:\/\/carsa.ca\/wp-content\/uploads\/2024\/07\/CARSA-LOGO.svg","contentUrl":"https:\/\/carsa.ca\/wp-content\/uploads\/2024\/07\/CARSA-LOGO.svg","width":2512,"height":504,"caption":"Carsa Automotive Lighting System"},"image":{"@id":"https:\/\/carsa.ca\/#\/schema\/logo\/image\/"}}]}},"_links":{"self":[{"href":"https:\/\/carsa.ca\/fr\/wp-json\/wp\/v2\/product\/9365","targetHints":{"allow":["GET"]}}],"collection":[{"href":"https:\/\/carsa.ca\/fr\/wp-json\/wp\/v2\/product"}],"about":[{"href":"https:\/\/carsa.ca\/fr\/wp-json\/wp\/v2\/types\/product"}],"wp:featuredmedia":[{"embeddable":true,"href":"https:\/\/carsa.ca\/fr\/wp-json\/wp\/v2\/media\/9371"}],"wp:attachment":[{"href":"https:\/\/carsa.ca\/fr\/wp-json\/wp\/v2\/media?parent=9365"}],"wp:term":[{"taxonomy":"product_brand","embeddable":true,"href":"https:\/\/carsa.ca\/fr\/wp-json\/wp\/v2\/product_brand?post=9365"},{"taxonomy":"product_cat","embeddable":true,"href":"https:\/\/carsa.ca\/fr\/wp-json\/wp\/v2\/product_cat?post=9365"},{"taxonomy":"product_tag","embeddable":true,"href":"https:\/\/carsa.ca\/fr\/wp-json\/wp\/v2\/product_tag?post=9365"}],"curies":[{"name":"wp","href":"https:\/\/api.w.org\/{rel}","templated":true}]}}