{"id":9374,"date":"2024-08-06T20:27:37","date_gmt":"2024-08-06T20:27:37","guid":{"rendered":"https:\/\/demotasarim.online\/?post_type=product&#038;p=9374"},"modified":"2024-08-15T15:34:23","modified_gmt":"2024-08-15T15:34:23","slug":"mazda-3-led-headlight-bulbs-140w-2007-2009","status":"publish","type":"product","link":"https:\/\/carsa.ca\/fr\/produit\/mazda-3-led-headlight-bulbs-140w-2007-2009\/","title":{"rendered":"Ampoules de phares \u00e0 LED pour Mazda 3 (140 W) 2007-2009"},"content":{"rendered":"<p>Si vous recherchez les ampoules de phares \u00e0 LED les plus lumineuses pour votre Mazda 3 2009, vous \u00eates au bon endroit. Avec ces ampoules de phares \u00e0 LED de 140 watts et 16 800 lumens, vos phares Mazda 3 seront 600% plus lumineux !<\/p>\n<p><a href=\"https:\/\/carsa.ca\/fr\/?term=&amp;s=2007+2008+2009+Mazda+3+LED+Headlight+Bulbs&amp;post_type=product&amp;taxonomy=product_cat\">Ampoules de phares \u00e0 DEL pour Mazda 3 2007 2008 2009<\/a><br \/>\n<a href=\"https:\/\/carsa.ca\/fr\/etiquette-produit\/h7\/\">Feux de croisement \u2013 Ampoule LED H7<\/a><br \/>\n<a href=\"https:\/\/carsa.ca\/fr\/produit\/9005-hb3-led-headlight-bulbs-100w-20000lm-2-bulbs\/\">Feux de route \u2013 Ampoule LED 9005<\/a><br \/>\n<a href=\"https:\/\/carsa.ca\/fr\/produit\/9006-hb4-led-headlight-bulbs-100w-20000lm-2-bulbs\/\">Feu antibrouillard \u2013 Ampoule LED 9006<\/a><\/p>\n<p><img fetchpriority=\"high\" decoding=\"async\" class=\"size-medium wp-image-10117\" src=\"https:\/\/carsa.ca\/wp-content\/uploads\/2023\/01\/carsa_logo-Duzenlendi-e1673439029810-400x142.png\" alt=\"carsa.ca\" width=\"400\" height=\"142\" \/><\/p>","protected":false},"excerpt":{"rendered":"<p>If you are looking for the brightest LED headlight bulbs for your 2009 Mazda 3, then you are at the right place. With these 140 watts 16800 lumens led headlight bulbs, your Mazda 3 headlights will be 600% brighter! 2007 2008 2009 Mazda 3 LED Headlight Bulbs Low Beam &#8211; H7 LED Bulb High Beam [&hellip;]<\/p>\n","protected":false},"featured_media":9371,"template":"","meta":[],"product_brand":[],"product_cat":[472,471,359],"product_tag":[245,473,474,475,476,478,477],"class_list":{"0":"post-9374","1":"product","2":"type-product","3":"status-publish","4":"has-post-thumbnail","6":"product_cat-472","7":"product_cat-for-mazda","8":"product_cat-vehicles","9":"product_tag-mazda","10":"product_tag-mazda-3","11":"product_tag-mazda-3-led-headlight","12":"product_tag-mazda-3-led-headlight-bulb","13":"product_tag-mazda-3-led-headlight-bulbs","14":"product_tag-mazda-3-led-headlight-bulbs-140w-2007-2009","15":"product_tag-mazda-6","16":"product_shipping_class-standart","18":"first","19":"instock","20":"sale","21":"taxable","22":"shipping-taxable","23":"purchasable","24":"product-type-variable","25":"add-to-wishlist-after_add_to_cart"},"yoast_head":"<!-- This site is optimized with the Yoast SEO plugin v27.3 - https:\/\/yoast.com\/product\/yoast-seo-wordpress\/ -->\n<title>Mazda 3 LED Headlight Bulbs (140W) 2007-2009<\/title>\n<meta name=\"description\" content=\"Mazda 3 LED Headlight Bulbs (140W) 2007-2009 - Carsa Automotive Lighting System - info@carsa.ca - Shipping - Canada - Other Country\" \/>\n<meta name=\"robots\" content=\"index, follow, max-snippet:-1, max-image-preview:large, max-video-preview:-1\" \/>\n<link rel=\"canonical\" href=\"https:\/\/carsa.ca\/fr\/produit\/mazda-3-led-headlight-bulbs-140w-2007-2009\/\" \/>\n<meta property=\"og:locale\" content=\"fr_FR\" \/>\n<meta property=\"og:type\" content=\"article\" \/>\n<meta property=\"og:title\" content=\"Mazda 3 LED Headlight Bulbs (140W) 2007-2009 - Carsa Automotive Lighting System\" \/>\n<meta property=\"og:description\" content=\"Mazda 3 LED Headlight Bulbs (140W) 2007-2009 - Carsa Automotive Lighting System carsa.ca\" \/>\n<meta property=\"og:url\" content=\"https:\/\/carsa.ca\/fr\/produit\/mazda-3-led-headlight-bulbs-140w-2007-2009\/\" \/>\n<meta property=\"og:site_name\" content=\"Carsa Automotive Lighting System\" \/>\n<meta property=\"article:modified_time\" content=\"2024-08-15T15:34:23+00:00\" \/>\n<meta name=\"twitter:card\" content=\"summary_large_image\" \/>\n<meta name=\"twitter:image\" content=\"https:\/\/carsa.ca\/wp-content\/uploads\/2024\/08\/2008-mazda-mazda3-5dr-hb-man-mazdaspeed3-sport-angular-front-exterior-view_100285465_l.jpg\" \/>\n<meta name=\"twitter:label1\" content=\"Dur\u00e9e de lecture estim\u00e9e\" \/>\n\t<meta name=\"twitter:data1\" content=\"1 minute\" \/>\n<script type=\"application\/ld+json\" class=\"yoast-schema-graph\">{\"@context\":\"https:\\\/\\\/schema.org\",\"@graph\":[{\"@type\":\"WebPage\",\"@id\":\"https:\\\/\\\/carsa.ca\\\/product\\\/mazda-3-led-headlight-bulbs-140w-2007-2009\\\/\",\"url\":\"https:\\\/\\\/carsa.ca\\\/product\\\/mazda-3-led-headlight-bulbs-140w-2007-2009\\\/\",\"name\":\"Mazda 3 LED Headlight Bulbs (140W) 2007-2009\",\"isPartOf\":{\"@id\":\"https:\\\/\\\/carsa.ca\\\/#website\"},\"primaryImageOfPage\":{\"@id\":\"https:\\\/\\\/carsa.ca\\\/product\\\/mazda-3-led-headlight-bulbs-140w-2007-2009\\\/#primaryimage\"},\"image\":{\"@id\":\"https:\\\/\\\/carsa.ca\\\/product\\\/mazda-3-led-headlight-bulbs-140w-2007-2009\\\/#primaryimage\"},\"thumbnailUrl\":\"https:\\\/\\\/carsa.ca\\\/wp-content\\\/uploads\\\/2024\\\/08\\\/2008-mazda-mazda3-5dr-hb-man-mazdaspeed3-sport-angular-front-exterior-view_100285465_l.jpg\",\"datePublished\":\"2024-08-06T20:27:37+00:00\",\"dateModified\":\"2024-08-15T15:34:23+00:00\",\"description\":\"Mazda 3 LED Headlight Bulbs (140W) 2007-2009 - Carsa Automotive Lighting System - info@carsa.ca - Shipping - Canada - Other Country\",\"breadcrumb\":{\"@id\":\"https:\\\/\\\/carsa.ca\\\/product\\\/mazda-3-led-headlight-bulbs-140w-2007-2009\\\/#breadcrumb\"},\"inLanguage\":\"fr-FR\",\"potentialAction\":[{\"@type\":\"ReadAction\",\"target\":[\"https:\\\/\\\/carsa.ca\\\/product\\\/mazda-3-led-headlight-bulbs-140w-2007-2009\\\/\"]}]},{\"@type\":\"ImageObject\",\"inLanguage\":\"fr-FR\",\"@id\":\"https:\\\/\\\/carsa.ca\\\/product\\\/mazda-3-led-headlight-bulbs-140w-2007-2009\\\/#primaryimage\",\"url\":\"https:\\\/\\\/carsa.ca\\\/wp-content\\\/uploads\\\/2024\\\/08\\\/2008-mazda-mazda3-5dr-hb-man-mazdaspeed3-sport-angular-front-exterior-view_100285465_l.jpg\",\"contentUrl\":\"https:\\\/\\\/carsa.ca\\\/wp-content\\\/uploads\\\/2024\\\/08\\\/2008-mazda-mazda3-5dr-hb-man-mazdaspeed3-sport-angular-front-exterior-view_100285465_l.jpg\",\"width\":1024,\"height\":768},{\"@type\":\"BreadcrumbList\",\"@id\":\"https:\\\/\\\/carsa.ca\\\/product\\\/mazda-3-led-headlight-bulbs-140w-2007-2009\\\/#breadcrumb\",\"itemListElement\":[{\"@type\":\"ListItem\",\"position\":1,\"name\":\"Home\",\"item\":\"https:\\\/\\\/carsa.ca\\\/\"},{\"@type\":\"ListItem\",\"position\":2,\"name\":\"Shop\",\"item\":\"https:\\\/\\\/carsa.ca\\\/fr\\\/shop\\\/\"},{\"@type\":\"ListItem\",\"position\":3,\"name\":\"Mazda 3 LED Headlight Bulbs (140W) 2007-2009\"}]},{\"@type\":\"WebSite\",\"@id\":\"https:\\\/\\\/carsa.ca\\\/#website\",\"url\":\"https:\\\/\\\/carsa.ca\\\/\",\"name\":\"Carsa Automotive Lighting System\",\"description\":\"\",\"publisher\":{\"@id\":\"https:\\\/\\\/carsa.ca\\\/#organization\"},\"potentialAction\":[{\"@type\":\"SearchAction\",\"target\":{\"@type\":\"EntryPoint\",\"urlTemplate\":\"https:\\\/\\\/carsa.ca\\\/?s={search_term_string}\"},\"query-input\":{\"@type\":\"PropertyValueSpecification\",\"valueRequired\":true,\"valueName\":\"search_term_string\"}}],\"inLanguage\":\"fr-FR\"},{\"@type\":\"Organization\",\"@id\":\"https:\\\/\\\/carsa.ca\\\/#organization\",\"name\":\"Carsa Automotive Lighting System\",\"url\":\"https:\\\/\\\/carsa.ca\\\/\",\"logo\":{\"@type\":\"ImageObject\",\"inLanguage\":\"fr-FR\",\"@id\":\"https:\\\/\\\/carsa.ca\\\/#\\\/schema\\\/logo\\\/image\\\/\",\"url\":\"https:\\\/\\\/carsa.ca\\\/wp-content\\\/uploads\\\/2024\\\/07\\\/CARSA-LOGO.svg\",\"contentUrl\":\"https:\\\/\\\/carsa.ca\\\/wp-content\\\/uploads\\\/2024\\\/07\\\/CARSA-LOGO.svg\",\"width\":2512,\"height\":504,\"caption\":\"Carsa Automotive Lighting System\"},\"image\":{\"@id\":\"https:\\\/\\\/carsa.ca\\\/#\\\/schema\\\/logo\\\/image\\\/\"}}]}<\/script>\n<!-- \/ Yoast SEO plugin. -->","yoast_head_json":{"title":"Ampoules de phares \u00e0 LED pour Mazda 3 (140 W) 2007-2009","description":"Mazda 3 LED Headlight Bulbs (140W) 2007-2009 - Carsa Automotive Lighting System - info@carsa.ca - Shipping - Canada - Other Country","robots":{"index":"index","follow":"follow","max-snippet":"max-snippet:-1","max-image-preview":"max-image-preview:large","max-video-preview":"max-video-preview:-1"},"canonical":"https:\/\/carsa.ca\/fr\/produit\/mazda-3-led-headlight-bulbs-140w-2007-2009\/","og_locale":"fr_FR","og_type":"article","og_title":"Mazda 3 LED Headlight Bulbs (140W) 2007-2009 - Carsa Automotive Lighting System","og_description":"Mazda 3 LED Headlight Bulbs (140W) 2007-2009 - Carsa Automotive Lighting System carsa.ca","og_url":"https:\/\/carsa.ca\/fr\/produit\/mazda-3-led-headlight-bulbs-140w-2007-2009\/","og_site_name":"Carsa Automotive Lighting System","article_modified_time":"2024-08-15T15:34:23+00:00","twitter_card":"summary_large_image","twitter_image":"https:\/\/carsa.ca\/wp-content\/uploads\/2024\/08\/2008-mazda-mazda3-5dr-hb-man-mazdaspeed3-sport-angular-front-exterior-view_100285465_l.jpg","twitter_misc":{"Dur\u00e9e de lecture estim\u00e9e":"1 minute"},"schema":{"@context":"https:\/\/schema.org","@graph":[{"@type":"WebPage","@id":"https:\/\/carsa.ca\/product\/mazda-3-led-headlight-bulbs-140w-2007-2009\/","url":"https:\/\/carsa.ca\/product\/mazda-3-led-headlight-bulbs-140w-2007-2009\/","name":"Ampoules de phares \u00e0 LED pour Mazda 3 (140 W) 2007-2009","isPartOf":{"@id":"https:\/\/carsa.ca\/#website"},"primaryImageOfPage":{"@id":"https:\/\/carsa.ca\/product\/mazda-3-led-headlight-bulbs-140w-2007-2009\/#primaryimage"},"image":{"@id":"https:\/\/carsa.ca\/product\/mazda-3-led-headlight-bulbs-140w-2007-2009\/#primaryimage"},"thumbnailUrl":"https:\/\/carsa.ca\/wp-content\/uploads\/2024\/08\/2008-mazda-mazda3-5dr-hb-man-mazdaspeed3-sport-angular-front-exterior-view_100285465_l.jpg","datePublished":"2024-08-06T20:27:37+00:00","dateModified":"2024-08-15T15:34:23+00:00","description":"Mazda 3 LED Headlight Bulbs (140W) 2007-2009 - Carsa Automotive Lighting System - info@carsa.ca - Shipping - Canada - Other Country","breadcrumb":{"@id":"https:\/\/carsa.ca\/product\/mazda-3-led-headlight-bulbs-140w-2007-2009\/#breadcrumb"},"inLanguage":"fr-FR","potentialAction":[{"@type":"ReadAction","target":["https:\/\/carsa.ca\/product\/mazda-3-led-headlight-bulbs-140w-2007-2009\/"]}]},{"@type":"ImageObject","inLanguage":"fr-FR","@id":"https:\/\/carsa.ca\/product\/mazda-3-led-headlight-bulbs-140w-2007-2009\/#primaryimage","url":"https:\/\/carsa.ca\/wp-content\/uploads\/2024\/08\/2008-mazda-mazda3-5dr-hb-man-mazdaspeed3-sport-angular-front-exterior-view_100285465_l.jpg","contentUrl":"https:\/\/carsa.ca\/wp-content\/uploads\/2024\/08\/2008-mazda-mazda3-5dr-hb-man-mazdaspeed3-sport-angular-front-exterior-view_100285465_l.jpg","width":1024,"height":768},{"@type":"BreadcrumbList","@id":"https:\/\/carsa.ca\/product\/mazda-3-led-headlight-bulbs-140w-2007-2009\/#breadcrumb","itemListElement":[{"@type":"ListItem","position":1,"name":"Home","item":"https:\/\/carsa.ca\/"},{"@type":"ListItem","position":2,"name":"Shop","item":"https:\/\/carsa.ca\/fr\/shop\/"},{"@type":"ListItem","position":3,"name":"Mazda 3 LED Headlight Bulbs (140W) 2007-2009"}]},{"@type":"WebSite","@id":"https:\/\/carsa.ca\/#website","url":"https:\/\/carsa.ca\/","name":"Syst\u00e8me d&#039;\u00e9clairage automobile Carsa","description":"","publisher":{"@id":"https:\/\/carsa.ca\/#organization"},"potentialAction":[{"@type":"SearchAction","target":{"@type":"EntryPoint","urlTemplate":"https:\/\/carsa.ca\/?s={search_term_string}"},"query-input":{"@type":"PropertyValueSpecification","valueRequired":true,"valueName":"search_term_string"}}],"inLanguage":"fr-FR"},{"@type":"Organization","@id":"https:\/\/carsa.ca\/#organization","name":"Syst\u00e8me d&#039;\u00e9clairage automobile Carsa","url":"https:\/\/carsa.ca\/","logo":{"@type":"ImageObject","inLanguage":"fr-FR","@id":"https:\/\/carsa.ca\/#\/schema\/logo\/image\/","url":"https:\/\/carsa.ca\/wp-content\/uploads\/2024\/07\/CARSA-LOGO.svg","contentUrl":"https:\/\/carsa.ca\/wp-content\/uploads\/2024\/07\/CARSA-LOGO.svg","width":2512,"height":504,"caption":"Carsa Automotive Lighting System"},"image":{"@id":"https:\/\/carsa.ca\/#\/schema\/logo\/image\/"}}]}},"_links":{"self":[{"href":"https:\/\/carsa.ca\/fr\/wp-json\/wp\/v2\/product\/9374","targetHints":{"allow":["GET"]}}],"collection":[{"href":"https:\/\/carsa.ca\/fr\/wp-json\/wp\/v2\/product"}],"about":[{"href":"https:\/\/carsa.ca\/fr\/wp-json\/wp\/v2\/types\/product"}],"wp:featuredmedia":[{"embeddable":true,"href":"https:\/\/carsa.ca\/fr\/wp-json\/wp\/v2\/media\/9371"}],"wp:attachment":[{"href":"https:\/\/carsa.ca\/fr\/wp-json\/wp\/v2\/media?parent=9374"}],"wp:term":[{"taxonomy":"product_brand","embeddable":true,"href":"https:\/\/carsa.ca\/fr\/wp-json\/wp\/v2\/product_brand?post=9374"},{"taxonomy":"product_cat","embeddable":true,"href":"https:\/\/carsa.ca\/fr\/wp-json\/wp\/v2\/product_cat?post=9374"},{"taxonomy":"product_tag","embeddable":true,"href":"https:\/\/carsa.ca\/fr\/wp-json\/wp\/v2\/product_tag?post=9374"}],"curies":[{"name":"wp","href":"https:\/\/api.w.org\/{rel}","templated":true}]}}