{"id":9389,"date":"2024-08-06T20:27:38","date_gmt":"2024-08-06T20:27:38","guid":{"rendered":"https:\/\/demotasarim.online\/?post_type=product&#038;p=9389"},"modified":"2024-08-09T20:09:39","modified_gmt":"2024-08-09T20:09:39","slug":"mazda-5-led-headlight-bulb-100w-2006-2010","status":"publish","type":"product","link":"https:\/\/carsa.ca\/fr\/produit\/mazda-5-led-headlight-bulb-100w-2006-2010\/","title":{"rendered":"Ampoule de phare \u00e0 LED Mazda 5 (100 W) 2006-2010"},"content":{"rendered":"<p>Si vous souhaitez am\u00e9liorer la visibilit\u00e9 de conduite nocturne de votre Mazda 5, optez pour un ensemble d&#039;ampoules de phares \u00e0 LED. Avec ces ampoules de phares \u00e0 LED 100w 12000lm, vos phares Mazda 5 seront plus lumineux !<\/p>\n<h3>Ampoule de phare antibrouillard \u00e0 LED pour Mazda 5 2006-2010<\/h3>\n<ul>\n<li>Feux de croisement \u2013 Ampoule LED H7<\/li>\n<li>Feux de route \u2013 Ampoule LED 9005<\/li>\n<li>Feu antibrouillard \u2013 Ampoule LED H11<\/li>\n<\/ul>\n<p><img fetchpriority=\"high\" decoding=\"async\" class=\"size-medium wp-image-10117\" src=\"https:\/\/carsa.ca\/wp-content\/uploads\/2023\/01\/carsa_logo-Duzenlendi-e1673439029810-400x142.png\" alt=\"carsa.ca\" width=\"400\" height=\"142\" \/><\/p>","protected":false},"excerpt":{"rendered":"<p>If you would like to increase the nighttime driving visibility for your Mazda 5, upgrade to a set of led headlight bulbs. With these 100w 12000lm led headlight bulbs, your Mazda 5 headlights will be 500% brighter! 2006-2010 Mazda 5 LED Headlight Fog Light Bulb Low Beam &#8211; H7 LED Bulb High Beam &#8211; 9005 [&hellip;]<\/p>\n","protected":false},"featured_media":9403,"template":"","meta":[],"product_brand":[],"product_cat":[479,471,359],"product_tag":[245,473,474,475,476,478,477],"class_list":{"0":"post-9389","1":"product","2":"type-product","3":"status-publish","4":"has-post-thumbnail","6":"product_cat-479","7":"product_cat-for-mazda","8":"product_cat-vehicles","9":"product_tag-mazda","10":"product_tag-mazda-3","11":"product_tag-mazda-3-led-headlight","12":"product_tag-mazda-3-led-headlight-bulb","13":"product_tag-mazda-3-led-headlight-bulbs","14":"product_tag-mazda-3-led-headlight-bulbs-140w-2007-2009","15":"product_tag-mazda-6","16":"product_shipping_class-standart","18":"first","19":"instock","20":"sale","21":"taxable","22":"shipping-taxable","23":"purchasable","24":"product-type-variable","25":"add-to-wishlist-after_add_to_cart"},"yoast_head":"<!-- This site is optimized with the Yoast SEO plugin v27.4 - https:\/\/yoast.com\/product\/yoast-seo-wordpress\/ -->\n<title>Mazda 5 LED Headlight Bulb (100W) 2006-2010<\/title>\n<meta name=\"description\" content=\"Mazda 5 LED Headlight Bulb (100W) 2006-2010 - Carsa Automotive Lighting System - info@carsa.ca - Shipping - Canada - Other Country\" \/>\n<meta name=\"robots\" content=\"index, follow, max-snippet:-1, max-image-preview:large, max-video-preview:-1\" \/>\n<link rel=\"canonical\" href=\"https:\/\/carsa.ca\/fr\/produit\/mazda-5-led-headlight-bulb-100w-2006-2010\/\" \/>\n<meta property=\"og:locale\" content=\"fr_FR\" \/>\n<meta property=\"og:type\" content=\"article\" \/>\n<meta property=\"og:title\" content=\"Mazda 5 LED Headlight Bulb (100W) 2006-2010 - Carsa Automotive Lighting System\" \/>\n<meta property=\"og:description\" content=\"Mazda 5 LED Headlight Bulb (100W) 2006-2010 - Carsa Automotive Lighting System carsa.ca\" \/>\n<meta property=\"og:url\" content=\"https:\/\/carsa.ca\/fr\/produit\/mazda-5-led-headlight-bulb-100w-2006-2010\/\" \/>\n<meta property=\"og:site_name\" content=\"Carsa Automotive Lighting System\" \/>\n<meta property=\"article:modified_time\" content=\"2024-08-09T20:09:39+00:00\" \/>\n<meta name=\"twitter:card\" content=\"summary_large_image\" \/>\n<meta name=\"twitter:image\" content=\"https:\/\/carsa.ca\/wp-content\/uploads\/2024\/08\/png-clipart-2009-mazda5-2010-mazda5-car-minivan-mazda-compact-car-sedan-1.png\" \/>\n<meta name=\"twitter:label1\" content=\"Dur\u00e9e de lecture estim\u00e9e\" \/>\n\t<meta name=\"twitter:data1\" content=\"1 minute\" \/>\n<script type=\"application\/ld+json\" class=\"yoast-schema-graph\">{\"@context\":\"https:\\\/\\\/schema.org\",\"@graph\":[{\"@type\":\"WebPage\",\"@id\":\"https:\\\/\\\/carsa.ca\\\/product\\\/mazda-5-led-headlight-bulb-100w-2006-2010\\\/\",\"url\":\"https:\\\/\\\/carsa.ca\\\/product\\\/mazda-5-led-headlight-bulb-100w-2006-2010\\\/\",\"name\":\"Mazda 5 LED Headlight Bulb (100W) 2006-2010\",\"isPartOf\":{\"@id\":\"https:\\\/\\\/carsa.ca\\\/#website\"},\"primaryImageOfPage\":{\"@id\":\"https:\\\/\\\/carsa.ca\\\/product\\\/mazda-5-led-headlight-bulb-100w-2006-2010\\\/#primaryimage\"},\"image\":{\"@id\":\"https:\\\/\\\/carsa.ca\\\/product\\\/mazda-5-led-headlight-bulb-100w-2006-2010\\\/#primaryimage\"},\"thumbnailUrl\":\"https:\\\/\\\/carsa.ca\\\/wp-content\\\/uploads\\\/2024\\\/08\\\/png-clipart-2009-mazda5-2010-mazda5-car-minivan-mazda-compact-car-sedan-1.png\",\"datePublished\":\"2024-08-06T20:27:38+00:00\",\"dateModified\":\"2024-08-09T20:09:39+00:00\",\"description\":\"Mazda 5 LED Headlight Bulb (100W) 2006-2010 - Carsa Automotive Lighting System - info@carsa.ca - Shipping - Canada - Other Country\",\"breadcrumb\":{\"@id\":\"https:\\\/\\\/carsa.ca\\\/product\\\/mazda-5-led-headlight-bulb-100w-2006-2010\\\/#breadcrumb\"},\"inLanguage\":\"fr-FR\",\"potentialAction\":[{\"@type\":\"ReadAction\",\"target\":[\"https:\\\/\\\/carsa.ca\\\/product\\\/mazda-5-led-headlight-bulb-100w-2006-2010\\\/\"]}]},{\"@type\":\"ImageObject\",\"inLanguage\":\"fr-FR\",\"@id\":\"https:\\\/\\\/carsa.ca\\\/product\\\/mazda-5-led-headlight-bulb-100w-2006-2010\\\/#primaryimage\",\"url\":\"https:\\\/\\\/carsa.ca\\\/wp-content\\\/uploads\\\/2024\\\/08\\\/png-clipart-2009-mazda5-2010-mazda5-car-minivan-mazda-compact-car-sedan-1.png\",\"contentUrl\":\"https:\\\/\\\/carsa.ca\\\/wp-content\\\/uploads\\\/2024\\\/08\\\/png-clipart-2009-mazda5-2010-mazda5-car-minivan-mazda-compact-car-sedan-1.png\",\"width\":640,\"height\":480},{\"@type\":\"BreadcrumbList\",\"@id\":\"https:\\\/\\\/carsa.ca\\\/product\\\/mazda-5-led-headlight-bulb-100w-2006-2010\\\/#breadcrumb\",\"itemListElement\":[{\"@type\":\"ListItem\",\"position\":1,\"name\":\"Home\",\"item\":\"https:\\\/\\\/carsa.ca\\\/\"},{\"@type\":\"ListItem\",\"position\":2,\"name\":\"Shop\",\"item\":\"https:\\\/\\\/carsa.ca\\\/fr\\\/shop\\\/\"},{\"@type\":\"ListItem\",\"position\":3,\"name\":\"Mazda 5 LED Headlight Bulb (100W) 2006-2010\"}]},{\"@type\":\"WebSite\",\"@id\":\"https:\\\/\\\/carsa.ca\\\/#website\",\"url\":\"https:\\\/\\\/carsa.ca\\\/\",\"name\":\"Carsa Automotive Lighting System\",\"description\":\"\",\"publisher\":{\"@id\":\"https:\\\/\\\/carsa.ca\\\/#organization\"},\"potentialAction\":[{\"@type\":\"SearchAction\",\"target\":{\"@type\":\"EntryPoint\",\"urlTemplate\":\"https:\\\/\\\/carsa.ca\\\/?s={search_term_string}\"},\"query-input\":{\"@type\":\"PropertyValueSpecification\",\"valueRequired\":true,\"valueName\":\"search_term_string\"}}],\"inLanguage\":\"fr-FR\"},{\"@type\":\"Organization\",\"@id\":\"https:\\\/\\\/carsa.ca\\\/#organization\",\"name\":\"Carsa Automotive Lighting System\",\"url\":\"https:\\\/\\\/carsa.ca\\\/\",\"logo\":{\"@type\":\"ImageObject\",\"inLanguage\":\"fr-FR\",\"@id\":\"https:\\\/\\\/carsa.ca\\\/#\\\/schema\\\/logo\\\/image\\\/\",\"url\":\"https:\\\/\\\/carsa.ca\\\/wp-content\\\/uploads\\\/2024\\\/07\\\/CARSA-LOGO.svg\",\"contentUrl\":\"https:\\\/\\\/carsa.ca\\\/wp-content\\\/uploads\\\/2024\\\/07\\\/CARSA-LOGO.svg\",\"width\":2512,\"height\":504,\"caption\":\"Carsa Automotive Lighting System\"},\"image\":{\"@id\":\"https:\\\/\\\/carsa.ca\\\/#\\\/schema\\\/logo\\\/image\\\/\"}}]}<\/script>\n<!-- \/ Yoast SEO plugin. -->","yoast_head_json":{"title":"Ampoule de phare \u00e0 LED Mazda 5 (100 W) 2006-2010","description":"Ampoule de phare \u00e0 DEL pour Mazda 5 (100 W) 2006-2010 - Carsa Automotive Lighting System - info@carsa.ca - Livraison - Canada - Autres pays","robots":{"index":"index","follow":"follow","max-snippet":"max-snippet:-1","max-image-preview":"max-image-preview:large","max-video-preview":"max-video-preview:-1"},"canonical":"https:\/\/carsa.ca\/fr\/produit\/mazda-5-led-headlight-bulb-100w-2006-2010\/","og_locale":"fr_FR","og_type":"article","og_title":"Mazda 5 LED Headlight Bulb (100W) 2006-2010 - Carsa Automotive Lighting System","og_description":"Mazda 5 LED Headlight Bulb (100W) 2006-2010 - Carsa Automotive Lighting System carsa.ca","og_url":"https:\/\/carsa.ca\/fr\/produit\/mazda-5-led-headlight-bulb-100w-2006-2010\/","og_site_name":"Carsa Automotive Lighting System","article_modified_time":"2024-08-09T20:09:39+00:00","twitter_card":"summary_large_image","twitter_image":"https:\/\/carsa.ca\/wp-content\/uploads\/2024\/08\/png-clipart-2009-mazda5-2010-mazda5-car-minivan-mazda-compact-car-sedan-1.png","twitter_misc":{"Dur\u00e9e de lecture estim\u00e9e":"1 minute"},"schema":{"@context":"https:\/\/schema.org","@graph":[{"@type":"WebPage","@id":"https:\/\/carsa.ca\/product\/mazda-5-led-headlight-bulb-100w-2006-2010\/","url":"https:\/\/carsa.ca\/product\/mazda-5-led-headlight-bulb-100w-2006-2010\/","name":"Ampoule de phare \u00e0 LED Mazda 5 (100 W) 2006-2010","isPartOf":{"@id":"https:\/\/carsa.ca\/#website"},"primaryImageOfPage":{"@id":"https:\/\/carsa.ca\/product\/mazda-5-led-headlight-bulb-100w-2006-2010\/#primaryimage"},"image":{"@id":"https:\/\/carsa.ca\/product\/mazda-5-led-headlight-bulb-100w-2006-2010\/#primaryimage"},"thumbnailUrl":"https:\/\/carsa.ca\/wp-content\/uploads\/2024\/08\/png-clipart-2009-mazda5-2010-mazda5-car-minivan-mazda-compact-car-sedan-1.png","datePublished":"2024-08-06T20:27:38+00:00","dateModified":"2024-08-09T20:09:39+00:00","description":"Ampoule de phare \u00e0 DEL pour Mazda 5 (100 W) 2006-2010 - Carsa Automotive Lighting System - info@carsa.ca - Livraison - Canada - Autres pays","breadcrumb":{"@id":"https:\/\/carsa.ca\/product\/mazda-5-led-headlight-bulb-100w-2006-2010\/#breadcrumb"},"inLanguage":"fr-FR","potentialAction":[{"@type":"ReadAction","target":["https:\/\/carsa.ca\/product\/mazda-5-led-headlight-bulb-100w-2006-2010\/"]}]},{"@type":"ImageObject","inLanguage":"fr-FR","@id":"https:\/\/carsa.ca\/product\/mazda-5-led-headlight-bulb-100w-2006-2010\/#primaryimage","url":"https:\/\/carsa.ca\/wp-content\/uploads\/2024\/08\/png-clipart-2009-mazda5-2010-mazda5-car-minivan-mazda-compact-car-sedan-1.png","contentUrl":"https:\/\/carsa.ca\/wp-content\/uploads\/2024\/08\/png-clipart-2009-mazda5-2010-mazda5-car-minivan-mazda-compact-car-sedan-1.png","width":640,"height":480},{"@type":"BreadcrumbList","@id":"https:\/\/carsa.ca\/product\/mazda-5-led-headlight-bulb-100w-2006-2010\/#breadcrumb","itemListElement":[{"@type":"ListItem","position":1,"name":"Home","item":"https:\/\/carsa.ca\/"},{"@type":"ListItem","position":2,"name":"Shop","item":"https:\/\/carsa.ca\/fr\/shop\/"},{"@type":"ListItem","position":3,"name":"Mazda 5 LED Headlight Bulb (100W) 2006-2010"}]},{"@type":"WebSite","@id":"https:\/\/carsa.ca\/#website","url":"https:\/\/carsa.ca\/","name":"Syst\u00e8me d&#039;\u00e9clairage automobile Carsa","description":"","publisher":{"@id":"https:\/\/carsa.ca\/#organization"},"potentialAction":[{"@type":"SearchAction","target":{"@type":"EntryPoint","urlTemplate":"https:\/\/carsa.ca\/?s={search_term_string}"},"query-input":{"@type":"PropertyValueSpecification","valueRequired":true,"valueName":"search_term_string"}}],"inLanguage":"fr-FR"},{"@type":"Organization","@id":"https:\/\/carsa.ca\/#organization","name":"Syst\u00e8me d&#039;\u00e9clairage automobile Carsa","url":"https:\/\/carsa.ca\/","logo":{"@type":"ImageObject","inLanguage":"fr-FR","@id":"https:\/\/carsa.ca\/#\/schema\/logo\/image\/","url":"https:\/\/carsa.ca\/wp-content\/uploads\/2024\/07\/CARSA-LOGO.svg","contentUrl":"https:\/\/carsa.ca\/wp-content\/uploads\/2024\/07\/CARSA-LOGO.svg","width":2512,"height":504,"caption":"Carsa Automotive Lighting System"},"image":{"@id":"https:\/\/carsa.ca\/#\/schema\/logo\/image\/"}}]}},"_links":{"self":[{"href":"https:\/\/carsa.ca\/fr\/wp-json\/wp\/v2\/product\/9389","targetHints":{"allow":["GET"]}}],"collection":[{"href":"https:\/\/carsa.ca\/fr\/wp-json\/wp\/v2\/product"}],"about":[{"href":"https:\/\/carsa.ca\/fr\/wp-json\/wp\/v2\/types\/product"}],"wp:featuredmedia":[{"embeddable":true,"href":"https:\/\/carsa.ca\/fr\/wp-json\/wp\/v2\/media\/9403"}],"wp:attachment":[{"href":"https:\/\/carsa.ca\/fr\/wp-json\/wp\/v2\/media?parent=9389"}],"wp:term":[{"taxonomy":"product_brand","embeddable":true,"href":"https:\/\/carsa.ca\/fr\/wp-json\/wp\/v2\/product_brand?post=9389"},{"taxonomy":"product_cat","embeddable":true,"href":"https:\/\/carsa.ca\/fr\/wp-json\/wp\/v2\/product_cat?post=9389"},{"taxonomy":"product_tag","embeddable":true,"href":"https:\/\/carsa.ca\/fr\/wp-json\/wp\/v2\/product_tag?post=9389"}],"curies":[{"name":"wp","href":"https:\/\/api.w.org\/{rel}","templated":true}]}}