{"id":9419,"date":"2024-08-06T20:27:49","date_gmt":"2024-08-06T20:27:49","guid":{"rendered":"https:\/\/demotasarim.online\/?post_type=product&#038;p=9419"},"modified":"2024-08-27T19:54:24","modified_gmt":"2024-08-27T19:54:24","slug":"mazda-6-led-light-bulb-2003-2008","status":"publish","type":"product","link":"https:\/\/carsa.ca\/fr\/produit\/mazda-6-led-light-bulb-2003-2008\/","title":{"rendered":"Ampoule LED Mazda 6 2003-2008"},"content":{"rendered":"<p>Remplacer les phares par des ampoules \u00e0 LED est un excellent moyen de personnaliser votre Mazda 6 et d&#039;augmenter la puissance lumineuse l\u00e0 o\u00f9 vous en avez le plus besoin. Que vous recherchiez des ampoules de phares \u00e0 LED, des ampoules de feux antibrouillard, des feux arri\u00e8re ou des ampoules de secours, l&#039;ajout d&#039;ampoules LED Carsa \u00e0 votre Mazda 6 am\u00e9liorera consid\u00e9rablement votre visibilit\u00e9 de conduite !<\/p>\n<p>Avec ces ampoules de phares \u00e0 LED 100w 20000lm, vos phares Mazda seront 300% plus lumineux que les halog\u00e8nes d&#039;origine.<\/p>\n<h3>Ampoules LED Mazda 6<\/h3>\n<p><img fetchpriority=\"high\" decoding=\"async\" class=\"size-medium wp-image-10117\" src=\"https:\/\/carsa.ca\/wp-content\/uploads\/2023\/01\/carsa_logo-Duzenlendi-e1673439029810-400x142.png\" alt=\"carsa.ca\" width=\"400\" height=\"142\" \/><\/p>","protected":false},"excerpt":{"rendered":"<p>Replacing the headlight with led bulbs is a great way to customize your Mazda 6 and provide increased light output where you need it most. Whether you are looking for LED headlight bulbs, fog light bulbs, tail lights, or backup light bulb replacements, adding Carsa LED light bulbs to your Mazda 6 will significantly improve [&hellip;]<\/p>\n","protected":false},"featured_media":9405,"template":"","meta":[],"product_brand":[],"product_cat":[481,471,359],"product_tag":[484,245,473,474,475,476,478,480,477,482,485],"class_list":{"0":"post-9419","1":"product","2":"type-product","3":"status-publish","4":"has-post-thumbnail","6":"product_cat-481","7":"product_cat-for-mazda","8":"product_cat-vehicles","9":"product_tag-2003-2008","10":"product_tag-mazda","11":"product_tag-mazda-3","12":"product_tag-mazda-3-led-headlight","13":"product_tag-mazda-3-led-headlight-bulb","14":"product_tag-mazda-3-led-headlight-bulbs","15":"product_tag-mazda-3-led-headlight-bulbs-140w-2007-2009","16":"product_tag-mazda-5-led-headlight-bulb","17":"product_tag-mazda-6","18":"product_tag-mazda-6-led-headlight-bulb-100w-2011-2013","19":"product_tag-mazda-6-led-light-bulb-2003-2008","20":"product_shipping_class-standart","22":"first","23":"instock","24":"sale","25":"taxable","26":"shipping-taxable","27":"purchasable","28":"product-type-variable","29":"has-default-attributes","30":"add-to-wishlist-after_add_to_cart"},"yoast_head":"<!-- This site is optimized with the Yoast SEO plugin v27.3 - https:\/\/yoast.com\/product\/yoast-seo-wordpress\/ -->\n<title>Mazda 6 LED Light Bulb 2003-2008<\/title>\n<meta name=\"description\" content=\"Mazda 6 LED Light Bulb 2003-2008 - Carsa Automotive Lighting System - info@carsa.ca - Shipping - Canada - Other Country\" \/>\n<meta name=\"robots\" content=\"index, follow, max-snippet:-1, max-image-preview:large, max-video-preview:-1\" \/>\n<link rel=\"canonical\" href=\"https:\/\/carsa.ca\/fr\/produit\/mazda-6-led-light-bulb-2003-2008\/\" \/>\n<meta property=\"og:locale\" content=\"fr_FR\" \/>\n<meta property=\"og:type\" content=\"article\" \/>\n<meta property=\"og:title\" content=\"Mazda 6 LED Light Bulb 2003-2008 - Carsa Automotive Lighting System\" \/>\n<meta property=\"og:description\" content=\"Mazda 6 LED Light Bulb 2003-2008 - Carsa Automotive Lighting System carsa.ca\" \/>\n<meta property=\"og:url\" content=\"https:\/\/carsa.ca\/fr\/produit\/mazda-6-led-light-bulb-2003-2008\/\" \/>\n<meta property=\"og:site_name\" content=\"Carsa Automotive Lighting System\" \/>\n<meta property=\"article:modified_time\" content=\"2024-08-27T19:54:24+00:00\" \/>\n<meta name=\"twitter:card\" content=\"summary_large_image\" \/>\n<meta name=\"twitter:image\" content=\"https:\/\/carsa.ca\/wp-content\/uploads\/2024\/08\/416-4166983_mazda-6-2019-png-transparent-png.png\" \/>\n<meta name=\"twitter:label1\" content=\"Dur\u00e9e de lecture estim\u00e9e\" \/>\n\t<meta name=\"twitter:data1\" content=\"1 minute\" \/>\n<script type=\"application\/ld+json\" class=\"yoast-schema-graph\">{\"@context\":\"https:\\\/\\\/schema.org\",\"@graph\":[{\"@type\":\"WebPage\",\"@id\":\"https:\\\/\\\/carsa.ca\\\/product\\\/mazda-6-led-light-bulb-2003-2008\\\/\",\"url\":\"https:\\\/\\\/carsa.ca\\\/product\\\/mazda-6-led-light-bulb-2003-2008\\\/\",\"name\":\"Mazda 6 LED Light Bulb 2003-2008\",\"isPartOf\":{\"@id\":\"https:\\\/\\\/carsa.ca\\\/#website\"},\"primaryImageOfPage\":{\"@id\":\"https:\\\/\\\/carsa.ca\\\/product\\\/mazda-6-led-light-bulb-2003-2008\\\/#primaryimage\"},\"image\":{\"@id\":\"https:\\\/\\\/carsa.ca\\\/product\\\/mazda-6-led-light-bulb-2003-2008\\\/#primaryimage\"},\"thumbnailUrl\":\"https:\\\/\\\/carsa.ca\\\/wp-content\\\/uploads\\\/2024\\\/08\\\/416-4166983_mazda-6-2019-png-transparent-png.png\",\"datePublished\":\"2024-08-06T20:27:49+00:00\",\"dateModified\":\"2024-08-27T19:54:24+00:00\",\"description\":\"Mazda 6 LED Light Bulb 2003-2008 - Carsa Automotive Lighting System - info@carsa.ca - Shipping - Canada - Other Country\",\"breadcrumb\":{\"@id\":\"https:\\\/\\\/carsa.ca\\\/product\\\/mazda-6-led-light-bulb-2003-2008\\\/#breadcrumb\"},\"inLanguage\":\"fr-FR\",\"potentialAction\":[{\"@type\":\"ReadAction\",\"target\":[\"https:\\\/\\\/carsa.ca\\\/product\\\/mazda-6-led-light-bulb-2003-2008\\\/\"]}]},{\"@type\":\"ImageObject\",\"inLanguage\":\"fr-FR\",\"@id\":\"https:\\\/\\\/carsa.ca\\\/product\\\/mazda-6-led-light-bulb-2003-2008\\\/#primaryimage\",\"url\":\"https:\\\/\\\/carsa.ca\\\/wp-content\\\/uploads\\\/2024\\\/08\\\/416-4166983_mazda-6-2019-png-transparent-png.png\",\"contentUrl\":\"https:\\\/\\\/carsa.ca\\\/wp-content\\\/uploads\\\/2024\\\/08\\\/416-4166983_mazda-6-2019-png-transparent-png.png\",\"width\":860,\"height\":285},{\"@type\":\"BreadcrumbList\",\"@id\":\"https:\\\/\\\/carsa.ca\\\/product\\\/mazda-6-led-light-bulb-2003-2008\\\/#breadcrumb\",\"itemListElement\":[{\"@type\":\"ListItem\",\"position\":1,\"name\":\"Home\",\"item\":\"https:\\\/\\\/carsa.ca\\\/\"},{\"@type\":\"ListItem\",\"position\":2,\"name\":\"Shop\",\"item\":\"https:\\\/\\\/carsa.ca\\\/fr\\\/shop\\\/\"},{\"@type\":\"ListItem\",\"position\":3,\"name\":\"Mazda 6 LED Light Bulb 2003-2008\"}]},{\"@type\":\"WebSite\",\"@id\":\"https:\\\/\\\/carsa.ca\\\/#website\",\"url\":\"https:\\\/\\\/carsa.ca\\\/\",\"name\":\"Carsa Automotive Lighting System\",\"description\":\"\",\"publisher\":{\"@id\":\"https:\\\/\\\/carsa.ca\\\/#organization\"},\"potentialAction\":[{\"@type\":\"SearchAction\",\"target\":{\"@type\":\"EntryPoint\",\"urlTemplate\":\"https:\\\/\\\/carsa.ca\\\/?s={search_term_string}\"},\"query-input\":{\"@type\":\"PropertyValueSpecification\",\"valueRequired\":true,\"valueName\":\"search_term_string\"}}],\"inLanguage\":\"fr-FR\"},{\"@type\":\"Organization\",\"@id\":\"https:\\\/\\\/carsa.ca\\\/#organization\",\"name\":\"Carsa Automotive Lighting System\",\"url\":\"https:\\\/\\\/carsa.ca\\\/\",\"logo\":{\"@type\":\"ImageObject\",\"inLanguage\":\"fr-FR\",\"@id\":\"https:\\\/\\\/carsa.ca\\\/#\\\/schema\\\/logo\\\/image\\\/\",\"url\":\"https:\\\/\\\/carsa.ca\\\/wp-content\\\/uploads\\\/2024\\\/07\\\/CARSA-LOGO.svg\",\"contentUrl\":\"https:\\\/\\\/carsa.ca\\\/wp-content\\\/uploads\\\/2024\\\/07\\\/CARSA-LOGO.svg\",\"width\":2512,\"height\":504,\"caption\":\"Carsa Automotive Lighting System\"},\"image\":{\"@id\":\"https:\\\/\\\/carsa.ca\\\/#\\\/schema\\\/logo\\\/image\\\/\"}}]}<\/script>\n<!-- \/ Yoast SEO plugin. -->","yoast_head_json":{"title":"Ampoule LED Mazda 6 2003-2008","description":"Mazda 6 LED Light Bulb 2003-2008 - Carsa Automotive Lighting System - info@carsa.ca - Shipping - Canada - Other Country","robots":{"index":"index","follow":"follow","max-snippet":"max-snippet:-1","max-image-preview":"max-image-preview:large","max-video-preview":"max-video-preview:-1"},"canonical":"https:\/\/carsa.ca\/fr\/produit\/mazda-6-led-light-bulb-2003-2008\/","og_locale":"fr_FR","og_type":"article","og_title":"Mazda 6 LED Light Bulb 2003-2008 - Carsa Automotive Lighting System","og_description":"Mazda 6 LED Light Bulb 2003-2008 - Carsa Automotive Lighting System carsa.ca","og_url":"https:\/\/carsa.ca\/fr\/produit\/mazda-6-led-light-bulb-2003-2008\/","og_site_name":"Carsa Automotive Lighting System","article_modified_time":"2024-08-27T19:54:24+00:00","twitter_card":"summary_large_image","twitter_image":"https:\/\/carsa.ca\/wp-content\/uploads\/2024\/08\/416-4166983_mazda-6-2019-png-transparent-png.png","twitter_misc":{"Dur\u00e9e de lecture estim\u00e9e":"1 minute"},"schema":{"@context":"https:\/\/schema.org","@graph":[{"@type":"WebPage","@id":"https:\/\/carsa.ca\/product\/mazda-6-led-light-bulb-2003-2008\/","url":"https:\/\/carsa.ca\/product\/mazda-6-led-light-bulb-2003-2008\/","name":"Ampoule LED Mazda 6 2003-2008","isPartOf":{"@id":"https:\/\/carsa.ca\/#website"},"primaryImageOfPage":{"@id":"https:\/\/carsa.ca\/product\/mazda-6-led-light-bulb-2003-2008\/#primaryimage"},"image":{"@id":"https:\/\/carsa.ca\/product\/mazda-6-led-light-bulb-2003-2008\/#primaryimage"},"thumbnailUrl":"https:\/\/carsa.ca\/wp-content\/uploads\/2024\/08\/416-4166983_mazda-6-2019-png-transparent-png.png","datePublished":"2024-08-06T20:27:49+00:00","dateModified":"2024-08-27T19:54:24+00:00","description":"Mazda 6 LED Light Bulb 2003-2008 - Carsa Automotive Lighting System - info@carsa.ca - Shipping - Canada - Other Country","breadcrumb":{"@id":"https:\/\/carsa.ca\/product\/mazda-6-led-light-bulb-2003-2008\/#breadcrumb"},"inLanguage":"fr-FR","potentialAction":[{"@type":"ReadAction","target":["https:\/\/carsa.ca\/product\/mazda-6-led-light-bulb-2003-2008\/"]}]},{"@type":"ImageObject","inLanguage":"fr-FR","@id":"https:\/\/carsa.ca\/product\/mazda-6-led-light-bulb-2003-2008\/#primaryimage","url":"https:\/\/carsa.ca\/wp-content\/uploads\/2024\/08\/416-4166983_mazda-6-2019-png-transparent-png.png","contentUrl":"https:\/\/carsa.ca\/wp-content\/uploads\/2024\/08\/416-4166983_mazda-6-2019-png-transparent-png.png","width":860,"height":285},{"@type":"BreadcrumbList","@id":"https:\/\/carsa.ca\/product\/mazda-6-led-light-bulb-2003-2008\/#breadcrumb","itemListElement":[{"@type":"ListItem","position":1,"name":"Home","item":"https:\/\/carsa.ca\/"},{"@type":"ListItem","position":2,"name":"Shop","item":"https:\/\/carsa.ca\/fr\/shop\/"},{"@type":"ListItem","position":3,"name":"Mazda 6 LED Light Bulb 2003-2008"}]},{"@type":"WebSite","@id":"https:\/\/carsa.ca\/#website","url":"https:\/\/carsa.ca\/","name":"Syst\u00e8me d&#039;\u00e9clairage automobile Carsa","description":"","publisher":{"@id":"https:\/\/carsa.ca\/#organization"},"potentialAction":[{"@type":"SearchAction","target":{"@type":"EntryPoint","urlTemplate":"https:\/\/carsa.ca\/?s={search_term_string}"},"query-input":{"@type":"PropertyValueSpecification","valueRequired":true,"valueName":"search_term_string"}}],"inLanguage":"fr-FR"},{"@type":"Organization","@id":"https:\/\/carsa.ca\/#organization","name":"Syst\u00e8me d&#039;\u00e9clairage automobile Carsa","url":"https:\/\/carsa.ca\/","logo":{"@type":"ImageObject","inLanguage":"fr-FR","@id":"https:\/\/carsa.ca\/#\/schema\/logo\/image\/","url":"https:\/\/carsa.ca\/wp-content\/uploads\/2024\/07\/CARSA-LOGO.svg","contentUrl":"https:\/\/carsa.ca\/wp-content\/uploads\/2024\/07\/CARSA-LOGO.svg","width":2512,"height":504,"caption":"Carsa Automotive Lighting System"},"image":{"@id":"https:\/\/carsa.ca\/#\/schema\/logo\/image\/"}}]}},"_links":{"self":[{"href":"https:\/\/carsa.ca\/fr\/wp-json\/wp\/v2\/product\/9419","targetHints":{"allow":["GET"]}}],"collection":[{"href":"https:\/\/carsa.ca\/fr\/wp-json\/wp\/v2\/product"}],"about":[{"href":"https:\/\/carsa.ca\/fr\/wp-json\/wp\/v2\/types\/product"}],"wp:featuredmedia":[{"embeddable":true,"href":"https:\/\/carsa.ca\/fr\/wp-json\/wp\/v2\/media\/9405"}],"wp:attachment":[{"href":"https:\/\/carsa.ca\/fr\/wp-json\/wp\/v2\/media?parent=9419"}],"wp:term":[{"taxonomy":"product_brand","embeddable":true,"href":"https:\/\/carsa.ca\/fr\/wp-json\/wp\/v2\/product_brand?post=9419"},{"taxonomy":"product_cat","embeddable":true,"href":"https:\/\/carsa.ca\/fr\/wp-json\/wp\/v2\/product_cat?post=9419"},{"taxonomy":"product_tag","embeddable":true,"href":"https:\/\/carsa.ca\/fr\/wp-json\/wp\/v2\/product_tag?post=9419"}],"curies":[{"name":"wp","href":"https:\/\/api.w.org\/{rel}","templated":true}]}}