{"id":9482,"date":"2024-08-06T20:28:02","date_gmt":"2024-08-06T20:28:02","guid":{"rendered":"https:\/\/demotasarim.online\/?post_type=product&#038;p=9482"},"modified":"2024-08-09T20:09:54","modified_gmt":"2024-08-09T20:09:54","slug":"mitsubishi-outlander-led-headlight-bulb-2014-2020-100w","status":"publish","type":"product","link":"https:\/\/carsa.ca\/fr\/produit\/mitsubishi-outlander-led-headlight-bulb-2014-2020-100w\/","title":{"rendered":"Ampoule de phare \u00e0 LED Mitsubishi Outlander 2014-2020 (100W)"},"content":{"rendered":"<p>Mises \u00e0 niveau des ampoules de phares \u00e0 LED pour Mitsubishi Outlander. Les mises \u00e0 niveau des ampoules de phares \u00e0 LED sont un excellent moyen de personnaliser votre Mitsubishi Outlander et de fournir un rendement lumineux accru l\u00e0 o\u00f9 vous en avez le plus besoin.<\/p>\n<h3>Ampoule de phare \u00e0 DEL pour Mitsubishi Outlander 2014-2020<\/h3>\n<ul>\n<li>Feux de croisement \u2013 Ampoule LED H7<\/li>\n<li>Feux de route \u2013 Ampoule LED 9005<\/li>\n<li>Feu antibrouillard \u2013 Ampoule LED H11<\/li>\n<\/ul>\n<p><img fetchpriority=\"high\" decoding=\"async\" class=\"size-medium wp-image-10117\" src=\"https:\/\/carsa.ca\/wp-content\/uploads\/2023\/01\/carsa_logo-Duzenlendi-e1673439029810-400x142.png\" alt=\"carsa.ca\" width=\"400\" height=\"142\" \/><\/p>","protected":false},"excerpt":{"rendered":"<ul>\n<li>100W 12000LM Haute Luminosit\u00e9<\/li>\n<li>Super Focus, aucune tache sombre<\/li>\n<li>Mod\u00e8le de faisceau r\u00e9glable<\/li>\n<li>Dissipation thermique maximale<\/li>\n<li>Remplacement Plug &amp; Play<\/li>\n<li>Conception CANBUS int\u00e9gr\u00e9e<\/li>\n<\/ul>","protected":false},"featured_media":9500,"template":"","meta":[],"product_brand":[],"product_cat":[492,500,359],"product_tag":[494,495,496,497,498,499],"class_list":{"0":"post-9482","1":"product","2":"type-product","3":"status-publish","4":"has-post-thumbnail","6":"product_cat-mitsubishi","7":"product_cat-outlander","8":"product_cat-vehicles","9":"product_tag-100w-2014-2019-mitsubishi-mirage-led-headlight-bulb","10":"product_tag-mitsubishi-mirage","11":"product_tag-mitsubishi-mirage-auto-parts","12":"product_tag-mitsubishi-mirage-led","13":"product_tag-mitsubishi-mirage-led-headlight","14":"product_tag-mitsubishi-mirage-led-headlight-bulb","15":"product_shipping_class-standart","17":"first","18":"instock","19":"sale","20":"taxable","21":"shipping-taxable","22":"purchasable","23":"product-type-variable","24":"has-default-attributes","25":"add-to-wishlist-after_add_to_cart"},"yoast_head":"<!-- This site is optimized with the Yoast SEO plugin v27.3 - https:\/\/yoast.com\/product\/yoast-seo-wordpress\/ -->\n<title>Mitsubishi Outlander LED Headlight Bulb 2014-2020 (100W)<\/title>\n<meta name=\"description\" content=\"Mitsubishi Outlander LED Headlight Bulb 2014-2020 (100W) - Carsa Automotive Lighting System - info@carsa.ca - Shipping - Canada - Other Country\" \/>\n<meta name=\"robots\" content=\"index, follow, max-snippet:-1, max-image-preview:large, max-video-preview:-1\" \/>\n<link rel=\"canonical\" href=\"https:\/\/carsa.ca\/fr\/produit\/mitsubishi-outlander-led-headlight-bulb-2014-2020-100w\/\" \/>\n<meta property=\"og:locale\" content=\"fr_FR\" \/>\n<meta property=\"og:type\" content=\"article\" \/>\n<meta property=\"og:title\" content=\"Mitsubishi Outlander LED Headlight Bulb 2014-2020 (100W) - Carsa Automotive Lighting System\" \/>\n<meta property=\"og:description\" content=\"Mitsubishi Outlander LED Headlight Bulb 2014-2020 (100W) - Carsa Automotive Lighting System carsa.ca\" \/>\n<meta property=\"og:url\" content=\"https:\/\/carsa.ca\/fr\/produit\/mitsubishi-outlander-led-headlight-bulb-2014-2020-100w\/\" \/>\n<meta property=\"og:site_name\" content=\"Carsa Automotive Lighting System\" \/>\n<meta property=\"article:modified_time\" content=\"2024-08-09T20:09:54+00:00\" \/>\n<meta name=\"twitter:card\" content=\"summary_large_image\" \/>\n<meta name=\"twitter:image\" content=\"https:\/\/carsa.ca\/wp-content\/uploads\/2024\/08\/2019-mitsubishi-outlander-sel-suv-angular-front.webp\" \/>\n<meta name=\"twitter:label1\" content=\"Dur\u00e9e de lecture estim\u00e9e\" \/>\n\t<meta name=\"twitter:data1\" content=\"1 minute\" \/>\n<script type=\"application\/ld+json\" class=\"yoast-schema-graph\">{\"@context\":\"https:\\\/\\\/schema.org\",\"@graph\":[{\"@type\":\"WebPage\",\"@id\":\"https:\\\/\\\/carsa.ca\\\/product\\\/mitsubishi-outlander-led-headlight-bulb-2014-2020-100w\\\/\",\"url\":\"https:\\\/\\\/carsa.ca\\\/product\\\/mitsubishi-outlander-led-headlight-bulb-2014-2020-100w\\\/\",\"name\":\"Mitsubishi Outlander LED Headlight Bulb 2014-2020 (100W)\",\"isPartOf\":{\"@id\":\"https:\\\/\\\/carsa.ca\\\/#website\"},\"primaryImageOfPage\":{\"@id\":\"https:\\\/\\\/carsa.ca\\\/product\\\/mitsubishi-outlander-led-headlight-bulb-2014-2020-100w\\\/#primaryimage\"},\"image\":{\"@id\":\"https:\\\/\\\/carsa.ca\\\/product\\\/mitsubishi-outlander-led-headlight-bulb-2014-2020-100w\\\/#primaryimage\"},\"thumbnailUrl\":\"https:\\\/\\\/carsa.ca\\\/wp-content\\\/uploads\\\/2024\\\/08\\\/2019-mitsubishi-outlander-sel-suv-angular-front.webp\",\"datePublished\":\"2024-08-06T20:28:02+00:00\",\"dateModified\":\"2024-08-09T20:09:54+00:00\",\"description\":\"Mitsubishi Outlander LED Headlight Bulb 2014-2020 (100W) - Carsa Automotive Lighting System - info@carsa.ca - Shipping - Canada - Other Country\",\"breadcrumb\":{\"@id\":\"https:\\\/\\\/carsa.ca\\\/product\\\/mitsubishi-outlander-led-headlight-bulb-2014-2020-100w\\\/#breadcrumb\"},\"inLanguage\":\"fr-FR\",\"potentialAction\":[{\"@type\":\"ReadAction\",\"target\":[\"https:\\\/\\\/carsa.ca\\\/product\\\/mitsubishi-outlander-led-headlight-bulb-2014-2020-100w\\\/\"]}]},{\"@type\":\"ImageObject\",\"inLanguage\":\"fr-FR\",\"@id\":\"https:\\\/\\\/carsa.ca\\\/product\\\/mitsubishi-outlander-led-headlight-bulb-2014-2020-100w\\\/#primaryimage\",\"url\":\"https:\\\/\\\/carsa.ca\\\/wp-content\\\/uploads\\\/2024\\\/08\\\/2019-mitsubishi-outlander-sel-suv-angular-front.webp\",\"contentUrl\":\"https:\\\/\\\/carsa.ca\\\/wp-content\\\/uploads\\\/2024\\\/08\\\/2019-mitsubishi-outlander-sel-suv-angular-front.webp\",\"width\":1920,\"height\":1275},{\"@type\":\"BreadcrumbList\",\"@id\":\"https:\\\/\\\/carsa.ca\\\/product\\\/mitsubishi-outlander-led-headlight-bulb-2014-2020-100w\\\/#breadcrumb\",\"itemListElement\":[{\"@type\":\"ListItem\",\"position\":1,\"name\":\"Home\",\"item\":\"https:\\\/\\\/carsa.ca\\\/\"},{\"@type\":\"ListItem\",\"position\":2,\"name\":\"Shop\",\"item\":\"https:\\\/\\\/carsa.ca\\\/fr\\\/shop\\\/\"},{\"@type\":\"ListItem\",\"position\":3,\"name\":\"Mitsubishi Outlander LED Headlight Bulb 2014-2020 (100W)\"}]},{\"@type\":\"WebSite\",\"@id\":\"https:\\\/\\\/carsa.ca\\\/#website\",\"url\":\"https:\\\/\\\/carsa.ca\\\/\",\"name\":\"Carsa Automotive Lighting System\",\"description\":\"\",\"publisher\":{\"@id\":\"https:\\\/\\\/carsa.ca\\\/#organization\"},\"potentialAction\":[{\"@type\":\"SearchAction\",\"target\":{\"@type\":\"EntryPoint\",\"urlTemplate\":\"https:\\\/\\\/carsa.ca\\\/?s={search_term_string}\"},\"query-input\":{\"@type\":\"PropertyValueSpecification\",\"valueRequired\":true,\"valueName\":\"search_term_string\"}}],\"inLanguage\":\"fr-FR\"},{\"@type\":\"Organization\",\"@id\":\"https:\\\/\\\/carsa.ca\\\/#organization\",\"name\":\"Carsa Automotive Lighting System\",\"url\":\"https:\\\/\\\/carsa.ca\\\/\",\"logo\":{\"@type\":\"ImageObject\",\"inLanguage\":\"fr-FR\",\"@id\":\"https:\\\/\\\/carsa.ca\\\/#\\\/schema\\\/logo\\\/image\\\/\",\"url\":\"https:\\\/\\\/carsa.ca\\\/wp-content\\\/uploads\\\/2024\\\/07\\\/CARSA-LOGO.svg\",\"contentUrl\":\"https:\\\/\\\/carsa.ca\\\/wp-content\\\/uploads\\\/2024\\\/07\\\/CARSA-LOGO.svg\",\"width\":2512,\"height\":504,\"caption\":\"Carsa Automotive Lighting System\"},\"image\":{\"@id\":\"https:\\\/\\\/carsa.ca\\\/#\\\/schema\\\/logo\\\/image\\\/\"}}]}<\/script>\n<!-- \/ Yoast SEO plugin. -->","yoast_head_json":{"title":"Ampoule de phare \u00e0 LED Mitsubishi Outlander 2014-2020 (100W)","description":"Ampoule de phare \u00e0 DEL pour Mitsubishi Outlander 2014-2020 (100 W) - Syst\u00e8me d&#039;\u00e9clairage automobile Carsa - info@carsa.ca - Livraison - Canada - Autres pays","robots":{"index":"index","follow":"follow","max-snippet":"max-snippet:-1","max-image-preview":"max-image-preview:large","max-video-preview":"max-video-preview:-1"},"canonical":"https:\/\/carsa.ca\/fr\/produit\/mitsubishi-outlander-led-headlight-bulb-2014-2020-100w\/","og_locale":"fr_FR","og_type":"article","og_title":"Mitsubishi Outlander LED Headlight Bulb 2014-2020 (100W) - Carsa Automotive Lighting System","og_description":"Mitsubishi Outlander LED Headlight Bulb 2014-2020 (100W) - Carsa Automotive Lighting System carsa.ca","og_url":"https:\/\/carsa.ca\/fr\/produit\/mitsubishi-outlander-led-headlight-bulb-2014-2020-100w\/","og_site_name":"Carsa Automotive Lighting System","article_modified_time":"2024-08-09T20:09:54+00:00","twitter_card":"summary_large_image","twitter_image":"https:\/\/carsa.ca\/wp-content\/uploads\/2024\/08\/2019-mitsubishi-outlander-sel-suv-angular-front.webp","twitter_misc":{"Dur\u00e9e de lecture estim\u00e9e":"1 minute"},"schema":{"@context":"https:\/\/schema.org","@graph":[{"@type":"WebPage","@id":"https:\/\/carsa.ca\/product\/mitsubishi-outlander-led-headlight-bulb-2014-2020-100w\/","url":"https:\/\/carsa.ca\/product\/mitsubishi-outlander-led-headlight-bulb-2014-2020-100w\/","name":"Ampoule de phare \u00e0 LED Mitsubishi Outlander 2014-2020 (100W)","isPartOf":{"@id":"https:\/\/carsa.ca\/#website"},"primaryImageOfPage":{"@id":"https:\/\/carsa.ca\/product\/mitsubishi-outlander-led-headlight-bulb-2014-2020-100w\/#primaryimage"},"image":{"@id":"https:\/\/carsa.ca\/product\/mitsubishi-outlander-led-headlight-bulb-2014-2020-100w\/#primaryimage"},"thumbnailUrl":"https:\/\/carsa.ca\/wp-content\/uploads\/2024\/08\/2019-mitsubishi-outlander-sel-suv-angular-front.webp","datePublished":"2024-08-06T20:28:02+00:00","dateModified":"2024-08-09T20:09:54+00:00","description":"Ampoule de phare \u00e0 DEL pour Mitsubishi Outlander 2014-2020 (100 W) - Syst\u00e8me d&#039;\u00e9clairage automobile Carsa - info@carsa.ca - Livraison - Canada - Autres pays","breadcrumb":{"@id":"https:\/\/carsa.ca\/product\/mitsubishi-outlander-led-headlight-bulb-2014-2020-100w\/#breadcrumb"},"inLanguage":"fr-FR","potentialAction":[{"@type":"ReadAction","target":["https:\/\/carsa.ca\/product\/mitsubishi-outlander-led-headlight-bulb-2014-2020-100w\/"]}]},{"@type":"ImageObject","inLanguage":"fr-FR","@id":"https:\/\/carsa.ca\/product\/mitsubishi-outlander-led-headlight-bulb-2014-2020-100w\/#primaryimage","url":"https:\/\/carsa.ca\/wp-content\/uploads\/2024\/08\/2019-mitsubishi-outlander-sel-suv-angular-front.webp","contentUrl":"https:\/\/carsa.ca\/wp-content\/uploads\/2024\/08\/2019-mitsubishi-outlander-sel-suv-angular-front.webp","width":1920,"height":1275},{"@type":"BreadcrumbList","@id":"https:\/\/carsa.ca\/product\/mitsubishi-outlander-led-headlight-bulb-2014-2020-100w\/#breadcrumb","itemListElement":[{"@type":"ListItem","position":1,"name":"Home","item":"https:\/\/carsa.ca\/"},{"@type":"ListItem","position":2,"name":"Shop","item":"https:\/\/carsa.ca\/fr\/shop\/"},{"@type":"ListItem","position":3,"name":"Mitsubishi Outlander LED Headlight Bulb 2014-2020 (100W)"}]},{"@type":"WebSite","@id":"https:\/\/carsa.ca\/#website","url":"https:\/\/carsa.ca\/","name":"Syst\u00e8me d&#039;\u00e9clairage automobile Carsa","description":"","publisher":{"@id":"https:\/\/carsa.ca\/#organization"},"potentialAction":[{"@type":"SearchAction","target":{"@type":"EntryPoint","urlTemplate":"https:\/\/carsa.ca\/?s={search_term_string}"},"query-input":{"@type":"PropertyValueSpecification","valueRequired":true,"valueName":"search_term_string"}}],"inLanguage":"fr-FR"},{"@type":"Organization","@id":"https:\/\/carsa.ca\/#organization","name":"Syst\u00e8me d&#039;\u00e9clairage automobile Carsa","url":"https:\/\/carsa.ca\/","logo":{"@type":"ImageObject","inLanguage":"fr-FR","@id":"https:\/\/carsa.ca\/#\/schema\/logo\/image\/","url":"https:\/\/carsa.ca\/wp-content\/uploads\/2024\/07\/CARSA-LOGO.svg","contentUrl":"https:\/\/carsa.ca\/wp-content\/uploads\/2024\/07\/CARSA-LOGO.svg","width":2512,"height":504,"caption":"Carsa Automotive Lighting System"},"image":{"@id":"https:\/\/carsa.ca\/#\/schema\/logo\/image\/"}}]}},"_links":{"self":[{"href":"https:\/\/carsa.ca\/fr\/wp-json\/wp\/v2\/product\/9482","targetHints":{"allow":["GET"]}}],"collection":[{"href":"https:\/\/carsa.ca\/fr\/wp-json\/wp\/v2\/product"}],"about":[{"href":"https:\/\/carsa.ca\/fr\/wp-json\/wp\/v2\/types\/product"}],"wp:featuredmedia":[{"embeddable":true,"href":"https:\/\/carsa.ca\/fr\/wp-json\/wp\/v2\/media\/9500"}],"wp:attachment":[{"href":"https:\/\/carsa.ca\/fr\/wp-json\/wp\/v2\/media?parent=9482"}],"wp:term":[{"taxonomy":"product_brand","embeddable":true,"href":"https:\/\/carsa.ca\/fr\/wp-json\/wp\/v2\/product_brand?post=9482"},{"taxonomy":"product_cat","embeddable":true,"href":"https:\/\/carsa.ca\/fr\/wp-json\/wp\/v2\/product_cat?post=9482"},{"taxonomy":"product_tag","embeddable":true,"href":"https:\/\/carsa.ca\/fr\/wp-json\/wp\/v2\/product_tag?post=9482"}],"curies":[{"name":"wp","href":"https:\/\/api.w.org\/{rel}","templated":true}]}}