{"id":9505,"date":"2024-08-06T20:28:40","date_gmt":"2024-08-06T20:28:40","guid":{"rendered":"https:\/\/demotasarim.online\/?post_type=product&#038;p=9505"},"modified":"2024-08-09T20:09:54","modified_gmt":"2024-08-09T20:09:54","slug":"nissan-rogue-led-headlight-fog-light-bulb-2008-2013-100w","status":"publish","type":"product","link":"https:\/\/carsa.ca\/fr\/produit\/nissan-rogue-led-headlight-fog-light-bulb-2008-2013-100w\/","title":{"rendered":"Ampoule de phare antibrouillard \u00e0 LED pour Nissan Rogue 2008-2013 (100 W)"},"content":{"rendered":"<p>Si vous cherchez \u00e0 am\u00e9liorer \u00e0 la fois l&#039;apparence et la fonctionnalit\u00e9 de votre Nissan Rogue, optez pour une nouvelle ampoule de phare puissante. Avec une mise \u00e0 niveau plug-and-play pour votre ampoule de phare halog\u00e8ne d&#039;origine, vous obtiendrez une visibilit\u00e9 nettement sup\u00e9rieure apr\u00e8s avoir install\u00e9 des phares \u00e0 LED sur votre Nissan Rogue. Remplacez vos phares Rogue par ces ampoules LED 100w 12000lm d\u00e8s aujourd&#039;hui et rendez vos phares 500% plus lumineux !<\/p>\n<h3>Ampoule de phare antibrouillard \u00e0 LED pour Nissan Rogue 2008-2013<\/h3>\n<ul>\n<li>Feux de croisement \u2013 Ampoule LED H11<\/li>\n<li>Feux de route \u2013 Ampoule LED 9005<\/li>\n<li>Feu antibrouillard \u2013 Ampoule LED H11<\/li>\n<\/ul>\n<p><img fetchpriority=\"high\" decoding=\"async\" class=\"size-medium wp-image-10117\" src=\"https:\/\/carsa.ca\/wp-content\/uploads\/2023\/01\/carsa_logo-Duzenlendi-e1673439029810-400x142.png\" alt=\"carsa.ca\" width=\"400\" height=\"142\" \/><\/p>","protected":false},"excerpt":{"rendered":"<p>If you are looking to improve both the look and function of your Nissan Rogue, upgrade to a powerful new headlight bulb. With a plug-and-play upgrade for your stock halogen headlight bulb, you will achieve significantly greater visibility after installing LED headlights on your Nissan Rogue. Replace your Rogue headlights with these 100w 12000lm led [&hellip;]<\/p>\n","protected":false},"featured_media":9523,"template":"","meta":[],"product_brand":[],"product_cat":[504,508,359],"product_tag":[494,509,495,496,497,498,499,502,503,507,510],"class_list":{"0":"post-9505","1":"product","2":"type-product","3":"status-publish","4":"has-post-thumbnail","6":"product_cat-nissan","7":"product_cat-rogue","8":"product_cat-vehicles","9":"product_tag-100w-2014-2019-mitsubishi-mirage-led-headlight-bulb","10":"product_tag-if-you-are-looking-to-improve-both-the-look-and-function-of-your-nissan-rogue","11":"product_tag-mitsubishi-mirage","12":"product_tag-mitsubishi-mirage-auto-parts","13":"product_tag-mitsubishi-mirage-led","14":"product_tag-mitsubishi-mirage-led-headlight","15":"product_tag-mitsubishi-mirage-led-headlight-bulb","16":"product_tag-mitsubishi-rvr","17":"product_tag-mitsubishi-rvr-led-headlight-fog-light-bulb","18":"product_tag-nissan-pathfinder-led-headlight-fog-light-bulb","19":"product_tag-upgrade-to-a-powerful-new-headlight-bulb-with-a-plug-and-play-upgrade-for-your-stock-halogen-headlight-bulb","20":"product_shipping_class-standart","22":"first","23":"instock","24":"sale","25":"taxable","26":"shipping-taxable","27":"purchasable","28":"product-type-variable","29":"has-default-attributes","30":"add-to-wishlist-after_add_to_cart"},"yoast_head":"<!-- This site is optimized with the Yoast SEO plugin v27.4 - https:\/\/yoast.com\/product\/yoast-seo-wordpress\/ -->\n<title>Nissan Rogue LED Headlight Fog Light Bulb 2008-2013 (100W)<\/title>\n<meta name=\"description\" content=\"Nissan Rogue LED Headlight Fog Light Bulb 2008-2013 (100W) - Carsa Automotive Lighting System - info@carsa.ca - Shipping - Canada - Other Country\" \/>\n<meta name=\"robots\" content=\"index, follow, max-snippet:-1, max-image-preview:large, max-video-preview:-1\" \/>\n<link rel=\"canonical\" href=\"https:\/\/carsa.ca\/fr\/produit\/nissan-rogue-led-headlight-fog-light-bulb-2008-2013-100w\/\" \/>\n<meta property=\"og:locale\" content=\"fr_FR\" \/>\n<meta property=\"og:type\" content=\"article\" \/>\n<meta property=\"og:title\" content=\"Nissan Rogue LED Headlight Fog Light Bulb 2008-2013 (100W) - Carsa Automotive Lighting System\" \/>\n<meta property=\"og:description\" content=\"Nissan Rogue LED Headlight Fog Light Bulb 2008-2013 (100W) - Carsa Automotive Lighting System carsa.ca\" \/>\n<meta property=\"og:url\" content=\"https:\/\/carsa.ca\/fr\/produit\/nissan-rogue-led-headlight-fog-light-bulb-2008-2013-100w\/\" \/>\n<meta property=\"og:site_name\" content=\"Carsa Automotive Lighting System\" \/>\n<meta property=\"article:modified_time\" content=\"2024-08-09T20:09:54+00:00\" \/>\n<meta name=\"twitter:card\" content=\"summary_large_image\" \/>\n<meta name=\"twitter:image\" content=\"https:\/\/carsa.ca\/wp-content\/uploads\/2024\/08\/Nissan-Rogue-All-2011_2013.png\" \/>\n<meta name=\"twitter:label1\" content=\"Dur\u00e9e de lecture estim\u00e9e\" \/>\n\t<meta name=\"twitter:data1\" content=\"1 minute\" \/>\n<script type=\"application\/ld+json\" class=\"yoast-schema-graph\">{\"@context\":\"https:\\\/\\\/schema.org\",\"@graph\":[{\"@type\":\"WebPage\",\"@id\":\"https:\\\/\\\/carsa.ca\\\/product\\\/nissan-rogue-led-headlight-fog-light-bulb-2008-2013-100w\\\/\",\"url\":\"https:\\\/\\\/carsa.ca\\\/product\\\/nissan-rogue-led-headlight-fog-light-bulb-2008-2013-100w\\\/\",\"name\":\"Nissan Rogue LED Headlight Fog Light Bulb 2008-2013 (100W)\",\"isPartOf\":{\"@id\":\"https:\\\/\\\/carsa.ca\\\/#website\"},\"primaryImageOfPage\":{\"@id\":\"https:\\\/\\\/carsa.ca\\\/product\\\/nissan-rogue-led-headlight-fog-light-bulb-2008-2013-100w\\\/#primaryimage\"},\"image\":{\"@id\":\"https:\\\/\\\/carsa.ca\\\/product\\\/nissan-rogue-led-headlight-fog-light-bulb-2008-2013-100w\\\/#primaryimage\"},\"thumbnailUrl\":\"https:\\\/\\\/carsa.ca\\\/wp-content\\\/uploads\\\/2024\\\/08\\\/Nissan-Rogue-All-2011_2013.png\",\"datePublished\":\"2024-08-06T20:28:40+00:00\",\"dateModified\":\"2024-08-09T20:09:54+00:00\",\"description\":\"Nissan Rogue LED Headlight Fog Light Bulb 2008-2013 (100W) - Carsa Automotive Lighting System - info@carsa.ca - Shipping - Canada - Other Country\",\"breadcrumb\":{\"@id\":\"https:\\\/\\\/carsa.ca\\\/product\\\/nissan-rogue-led-headlight-fog-light-bulb-2008-2013-100w\\\/#breadcrumb\"},\"inLanguage\":\"fr-FR\",\"potentialAction\":[{\"@type\":\"ReadAction\",\"target\":[\"https:\\\/\\\/carsa.ca\\\/product\\\/nissan-rogue-led-headlight-fog-light-bulb-2008-2013-100w\\\/\"]}]},{\"@type\":\"ImageObject\",\"inLanguage\":\"fr-FR\",\"@id\":\"https:\\\/\\\/carsa.ca\\\/product\\\/nissan-rogue-led-headlight-fog-light-bulb-2008-2013-100w\\\/#primaryimage\",\"url\":\"https:\\\/\\\/carsa.ca\\\/wp-content\\\/uploads\\\/2024\\\/08\\\/Nissan-Rogue-All-2011_2013.png\",\"contentUrl\":\"https:\\\/\\\/carsa.ca\\\/wp-content\\\/uploads\\\/2024\\\/08\\\/Nissan-Rogue-All-2011_2013.png\",\"width\":960,\"height\":420},{\"@type\":\"BreadcrumbList\",\"@id\":\"https:\\\/\\\/carsa.ca\\\/product\\\/nissan-rogue-led-headlight-fog-light-bulb-2008-2013-100w\\\/#breadcrumb\",\"itemListElement\":[{\"@type\":\"ListItem\",\"position\":1,\"name\":\"Home\",\"item\":\"https:\\\/\\\/carsa.ca\\\/\"},{\"@type\":\"ListItem\",\"position\":2,\"name\":\"Shop\",\"item\":\"https:\\\/\\\/carsa.ca\\\/fr\\\/shop\\\/\"},{\"@type\":\"ListItem\",\"position\":3,\"name\":\"Nissan Rogue LED Headlight Fog Light Bulb 2008-2013 (100W)\"}]},{\"@type\":\"WebSite\",\"@id\":\"https:\\\/\\\/carsa.ca\\\/#website\",\"url\":\"https:\\\/\\\/carsa.ca\\\/\",\"name\":\"Carsa Automotive Lighting System\",\"description\":\"\",\"publisher\":{\"@id\":\"https:\\\/\\\/carsa.ca\\\/#organization\"},\"potentialAction\":[{\"@type\":\"SearchAction\",\"target\":{\"@type\":\"EntryPoint\",\"urlTemplate\":\"https:\\\/\\\/carsa.ca\\\/?s={search_term_string}\"},\"query-input\":{\"@type\":\"PropertyValueSpecification\",\"valueRequired\":true,\"valueName\":\"search_term_string\"}}],\"inLanguage\":\"fr-FR\"},{\"@type\":\"Organization\",\"@id\":\"https:\\\/\\\/carsa.ca\\\/#organization\",\"name\":\"Carsa Automotive Lighting System\",\"url\":\"https:\\\/\\\/carsa.ca\\\/\",\"logo\":{\"@type\":\"ImageObject\",\"inLanguage\":\"fr-FR\",\"@id\":\"https:\\\/\\\/carsa.ca\\\/#\\\/schema\\\/logo\\\/image\\\/\",\"url\":\"https:\\\/\\\/carsa.ca\\\/wp-content\\\/uploads\\\/2024\\\/07\\\/CARSA-LOGO.svg\",\"contentUrl\":\"https:\\\/\\\/carsa.ca\\\/wp-content\\\/uploads\\\/2024\\\/07\\\/CARSA-LOGO.svg\",\"width\":2512,\"height\":504,\"caption\":\"Carsa Automotive Lighting System\"},\"image\":{\"@id\":\"https:\\\/\\\/carsa.ca\\\/#\\\/schema\\\/logo\\\/image\\\/\"}}]}<\/script>\n<!-- \/ Yoast SEO plugin. -->","yoast_head_json":{"title":"Nissan Rogue LED Headlight Fog Light Bulb 2008-2013 (100W)","description":"Nissan Rogue LED Headlight Fog Light Bulb 2008-2013 (100W) - Carsa Automotive Lighting System - info@carsa.ca - Shipping - Canada - Other Country","robots":{"index":"index","follow":"follow","max-snippet":"max-snippet:-1","max-image-preview":"max-image-preview:large","max-video-preview":"max-video-preview:-1"},"canonical":"https:\/\/carsa.ca\/fr\/produit\/nissan-rogue-led-headlight-fog-light-bulb-2008-2013-100w\/","og_locale":"fr_FR","og_type":"article","og_title":"Nissan Rogue LED Headlight Fog Light Bulb 2008-2013 (100W) - Carsa Automotive Lighting System","og_description":"Nissan Rogue LED Headlight Fog Light Bulb 2008-2013 (100W) - Carsa Automotive Lighting System carsa.ca","og_url":"https:\/\/carsa.ca\/fr\/produit\/nissan-rogue-led-headlight-fog-light-bulb-2008-2013-100w\/","og_site_name":"Carsa Automotive Lighting System","article_modified_time":"2024-08-09T20:09:54+00:00","twitter_card":"summary_large_image","twitter_image":"https:\/\/carsa.ca\/wp-content\/uploads\/2024\/08\/Nissan-Rogue-All-2011_2013.png","twitter_misc":{"Dur\u00e9e de lecture estim\u00e9e":"1 minute"},"schema":{"@context":"https:\/\/schema.org","@graph":[{"@type":"WebPage","@id":"https:\/\/carsa.ca\/product\/nissan-rogue-led-headlight-fog-light-bulb-2008-2013-100w\/","url":"https:\/\/carsa.ca\/product\/nissan-rogue-led-headlight-fog-light-bulb-2008-2013-100w\/","name":"Nissan Rogue LED Headlight Fog Light Bulb 2008-2013 (100W)","isPartOf":{"@id":"https:\/\/carsa.ca\/#website"},"primaryImageOfPage":{"@id":"https:\/\/carsa.ca\/product\/nissan-rogue-led-headlight-fog-light-bulb-2008-2013-100w\/#primaryimage"},"image":{"@id":"https:\/\/carsa.ca\/product\/nissan-rogue-led-headlight-fog-light-bulb-2008-2013-100w\/#primaryimage"},"thumbnailUrl":"https:\/\/carsa.ca\/wp-content\/uploads\/2024\/08\/Nissan-Rogue-All-2011_2013.png","datePublished":"2024-08-06T20:28:40+00:00","dateModified":"2024-08-09T20:09:54+00:00","description":"Nissan Rogue LED Headlight Fog Light Bulb 2008-2013 (100W) - Carsa Automotive Lighting System - info@carsa.ca - Shipping - Canada - Other Country","breadcrumb":{"@id":"https:\/\/carsa.ca\/product\/nissan-rogue-led-headlight-fog-light-bulb-2008-2013-100w\/#breadcrumb"},"inLanguage":"fr-FR","potentialAction":[{"@type":"ReadAction","target":["https:\/\/carsa.ca\/product\/nissan-rogue-led-headlight-fog-light-bulb-2008-2013-100w\/"]}]},{"@type":"ImageObject","inLanguage":"fr-FR","@id":"https:\/\/carsa.ca\/product\/nissan-rogue-led-headlight-fog-light-bulb-2008-2013-100w\/#primaryimage","url":"https:\/\/carsa.ca\/wp-content\/uploads\/2024\/08\/Nissan-Rogue-All-2011_2013.png","contentUrl":"https:\/\/carsa.ca\/wp-content\/uploads\/2024\/08\/Nissan-Rogue-All-2011_2013.png","width":960,"height":420},{"@type":"BreadcrumbList","@id":"https:\/\/carsa.ca\/product\/nissan-rogue-led-headlight-fog-light-bulb-2008-2013-100w\/#breadcrumb","itemListElement":[{"@type":"ListItem","position":1,"name":"Home","item":"https:\/\/carsa.ca\/"},{"@type":"ListItem","position":2,"name":"Shop","item":"https:\/\/carsa.ca\/fr\/shop\/"},{"@type":"ListItem","position":3,"name":"Nissan Rogue LED Headlight Fog Light Bulb 2008-2013 (100W)"}]},{"@type":"WebSite","@id":"https:\/\/carsa.ca\/#website","url":"https:\/\/carsa.ca\/","name":"Syst\u00e8me d&#039;\u00e9clairage automobile Carsa","description":"","publisher":{"@id":"https:\/\/carsa.ca\/#organization"},"potentialAction":[{"@type":"SearchAction","target":{"@type":"EntryPoint","urlTemplate":"https:\/\/carsa.ca\/?s={search_term_string}"},"query-input":{"@type":"PropertyValueSpecification","valueRequired":true,"valueName":"search_term_string"}}],"inLanguage":"fr-FR"},{"@type":"Organization","@id":"https:\/\/carsa.ca\/#organization","name":"Syst\u00e8me d&#039;\u00e9clairage automobile Carsa","url":"https:\/\/carsa.ca\/","logo":{"@type":"ImageObject","inLanguage":"fr-FR","@id":"https:\/\/carsa.ca\/#\/schema\/logo\/image\/","url":"https:\/\/carsa.ca\/wp-content\/uploads\/2024\/07\/CARSA-LOGO.svg","contentUrl":"https:\/\/carsa.ca\/wp-content\/uploads\/2024\/07\/CARSA-LOGO.svg","width":2512,"height":504,"caption":"Carsa Automotive Lighting System"},"image":{"@id":"https:\/\/carsa.ca\/#\/schema\/logo\/image\/"}}]}},"_links":{"self":[{"href":"https:\/\/carsa.ca\/fr\/wp-json\/wp\/v2\/product\/9505","targetHints":{"allow":["GET"]}}],"collection":[{"href":"https:\/\/carsa.ca\/fr\/wp-json\/wp\/v2\/product"}],"about":[{"href":"https:\/\/carsa.ca\/fr\/wp-json\/wp\/v2\/types\/product"}],"wp:featuredmedia":[{"embeddable":true,"href":"https:\/\/carsa.ca\/fr\/wp-json\/wp\/v2\/media\/9523"}],"wp:attachment":[{"href":"https:\/\/carsa.ca\/fr\/wp-json\/wp\/v2\/media?parent=9505"}],"wp:term":[{"taxonomy":"product_brand","embeddable":true,"href":"https:\/\/carsa.ca\/fr\/wp-json\/wp\/v2\/product_brand?post=9505"},{"taxonomy":"product_cat","embeddable":true,"href":"https:\/\/carsa.ca\/fr\/wp-json\/wp\/v2\/product_cat?post=9505"},{"taxonomy":"product_tag","embeddable":true,"href":"https:\/\/carsa.ca\/fr\/wp-json\/wp\/v2\/product_tag?post=9505"}],"curies":[{"name":"wp","href":"https:\/\/api.w.org\/{rel}","templated":true}]}}