{"id":9554,"date":"2024-08-06T20:29:28","date_gmt":"2024-08-06T20:29:28","guid":{"rendered":"https:\/\/demotasarim.online\/?post_type=product&#038;p=9554"},"modified":"2024-08-09T20:10:07","modified_gmt":"2024-08-09T20:10:07","slug":"toyota-rav4-led-headlight-bulb-100w-2006-2015","status":"publish","type":"product","link":"https:\/\/carsa.ca\/fr\/produit\/toyota-rav4-led-headlight-bulb-100w-2006-2015\/","title":{"rendered":"Ampoule de phare \u00e0 LED pour Toyota RAV4 (100 W) 2006-2015"},"content":{"rendered":"<p>Ampoule de phare \u00e0 LED pour Toyota RAV4 2006-2015. Les mises \u00e0 niveau des ampoules de phares \u00e0 LED sont un excellent moyen de personnaliser votre Toyota RAV4 et de fournir un rendement lumineux accru l\u00e0 o\u00f9 vous en avez le plus besoin. Avec ces ampoules de phares \u00e0 LED 100w 12000lm, vos phares Toyota RAV4 seront 500% plus lumineux !<\/p>\n<h3>Ampoule de phare \u00e0 DEL pour Toyota RAV4 2006-2015<\/h3>\n<ul>\n<li>Feux de croisement \u2013 Ampoule LED 9006<\/li>\n<li>Feux de route \u2013 Ampoule LED 9005<\/li>\n<li>Feu antibrouillard \u2013 Ampoule LED H11<\/li>\n<\/ul>\n<p><img fetchpriority=\"high\" decoding=\"async\" class=\"size-medium wp-image-10117\" src=\"https:\/\/carsa.ca\/wp-content\/uploads\/2023\/01\/carsa_logo-Duzenlendi-e1673439029810-400x142.png\" alt=\"carsa.ca\" width=\"400\" height=\"142\" \/><\/p>","protected":false},"excerpt":{"rendered":"<p>LED Headlight Bulb for 2006-2015 Toyota RAV4. LED headlight bulb upgrades are a great way to customize your Toyota RAV4 and provide increased light output where you need it most. With these 100w 12000lm led headlight bulbs, your Toyota RAV4 headlights will be 500% brighter! 2006-2015 Toyota RAV4 LED Headlight Bulb Low Beam &#8211; 9006 [&hellip;]<\/p>\n","protected":false},"featured_media":9568,"template":"","meta":[],"product_brand":[],"product_cat":[526,521,359],"product_tag":[527,528,529,530,535,536,531,532],"class_list":{"0":"post-9554","1":"product","2":"type-product","3":"status-publish","4":"has-post-thumbnail","6":"product_cat-rav4","7":"product_cat-toyota","8":"product_cat-vehicles","9":"product_tag-toyota-auto-parts","10":"product_tag-toyota-rav4","11":"product_tag-toyota-rav4-led","12":"product_tag-toyota-rav4-led-headlight","13":"product_tag-toyota-rav4-led-headlight-bulb","14":"product_tag-toyota-rav4-led-headlight-bulb-100w-2006-2015","15":"product_tag-toyota-rav4-led-headlight-bulbs","16":"product_tag-toyota-rav4-led-headlight-bulbs-140w-2006-2015","17":"product_shipping_class-standart","19":"first","20":"instock","21":"sale","22":"taxable","23":"shipping-taxable","24":"purchasable","25":"product-type-variable","26":"add-to-wishlist-after_add_to_cart"},"yoast_head":"<!-- This site is optimized with the Yoast SEO plugin v27.4 - https:\/\/yoast.com\/product\/yoast-seo-wordpress\/ -->\n<title>Toyota RAV4 LED Headlight Bulb (100W) 2006-2015<\/title>\n<meta name=\"description\" content=\"Toyota RAV4 LED Headlight Bulb (100W) 2006-2015 - Carsa Automotive Lighting System - info@carsa.ca - Shipping - Canada - Other Country\" \/>\n<meta name=\"robots\" content=\"index, follow, max-snippet:-1, max-image-preview:large, max-video-preview:-1\" \/>\n<link rel=\"canonical\" href=\"https:\/\/carsa.ca\/fr\/produit\/toyota-rav4-led-headlight-bulb-100w-2006-2015\/\" \/>\n<meta property=\"og:locale\" content=\"fr_FR\" \/>\n<meta property=\"og:type\" content=\"article\" \/>\n<meta property=\"og:title\" content=\"Toyota RAV4 LED Headlight Bulb (100W) 2006-2015 - Carsa Automotive Lighting System\" \/>\n<meta property=\"og:description\" content=\"Toyota RAV4 LED Headlight Bulb (100W) 2006-2015 - Carsa Automotive Lighting System carsa.ca\" \/>\n<meta property=\"og:url\" content=\"https:\/\/carsa.ca\/fr\/produit\/toyota-rav4-led-headlight-bulb-100w-2006-2015\/\" \/>\n<meta property=\"og:site_name\" content=\"Carsa Automotive Lighting System\" \/>\n<meta property=\"article:modified_time\" content=\"2024-08-09T20:10:07+00:00\" \/>\n<meta name=\"twitter:card\" content=\"summary_large_image\" \/>\n<meta name=\"twitter:image\" content=\"https:\/\/carsa.ca\/wp-content\/uploads\/2024\/08\/day-exterior-04_2qj.png\" \/>\n<meta name=\"twitter:label1\" content=\"Dur\u00e9e de lecture estim\u00e9e\" \/>\n\t<meta name=\"twitter:data1\" content=\"1 minute\" \/>\n<script type=\"application\/ld+json\" class=\"yoast-schema-graph\">{\"@context\":\"https:\\\/\\\/schema.org\",\"@graph\":[{\"@type\":\"WebPage\",\"@id\":\"https:\\\/\\\/carsa.ca\\\/product\\\/toyota-rav4-led-headlight-bulb-100w-2006-2015\\\/\",\"url\":\"https:\\\/\\\/carsa.ca\\\/product\\\/toyota-rav4-led-headlight-bulb-100w-2006-2015\\\/\",\"name\":\"Toyota RAV4 LED Headlight Bulb (100W) 2006-2015\",\"isPartOf\":{\"@id\":\"https:\\\/\\\/carsa.ca\\\/#website\"},\"primaryImageOfPage\":{\"@id\":\"https:\\\/\\\/carsa.ca\\\/product\\\/toyota-rav4-led-headlight-bulb-100w-2006-2015\\\/#primaryimage\"},\"image\":{\"@id\":\"https:\\\/\\\/carsa.ca\\\/product\\\/toyota-rav4-led-headlight-bulb-100w-2006-2015\\\/#primaryimage\"},\"thumbnailUrl\":\"https:\\\/\\\/carsa.ca\\\/wp-content\\\/uploads\\\/2024\\\/08\\\/day-exterior-04_2qj.png\",\"datePublished\":\"2024-08-06T20:29:28+00:00\",\"dateModified\":\"2024-08-09T20:10:07+00:00\",\"description\":\"Toyota RAV4 LED Headlight Bulb (100W) 2006-2015 - Carsa Automotive Lighting System - info@carsa.ca - Shipping - Canada - Other Country\",\"breadcrumb\":{\"@id\":\"https:\\\/\\\/carsa.ca\\\/product\\\/toyota-rav4-led-headlight-bulb-100w-2006-2015\\\/#breadcrumb\"},\"inLanguage\":\"fr-FR\",\"potentialAction\":[{\"@type\":\"ReadAction\",\"target\":[\"https:\\\/\\\/carsa.ca\\\/product\\\/toyota-rav4-led-headlight-bulb-100w-2006-2015\\\/\"]}]},{\"@type\":\"ImageObject\",\"inLanguage\":\"fr-FR\",\"@id\":\"https:\\\/\\\/carsa.ca\\\/product\\\/toyota-rav4-led-headlight-bulb-100w-2006-2015\\\/#primaryimage\",\"url\":\"https:\\\/\\\/carsa.ca\\\/wp-content\\\/uploads\\\/2024\\\/08\\\/day-exterior-04_2qj.png\",\"contentUrl\":\"https:\\\/\\\/carsa.ca\\\/wp-content\\\/uploads\\\/2024\\\/08\\\/day-exterior-04_2qj.png\",\"width\":680,\"height\":349},{\"@type\":\"BreadcrumbList\",\"@id\":\"https:\\\/\\\/carsa.ca\\\/product\\\/toyota-rav4-led-headlight-bulb-100w-2006-2015\\\/#breadcrumb\",\"itemListElement\":[{\"@type\":\"ListItem\",\"position\":1,\"name\":\"Home\",\"item\":\"https:\\\/\\\/carsa.ca\\\/\"},{\"@type\":\"ListItem\",\"position\":2,\"name\":\"Shop\",\"item\":\"https:\\\/\\\/carsa.ca\\\/fr\\\/shop\\\/\"},{\"@type\":\"ListItem\",\"position\":3,\"name\":\"Toyota RAV4 LED Headlight Bulb (100W) 2006-2015\"}]},{\"@type\":\"WebSite\",\"@id\":\"https:\\\/\\\/carsa.ca\\\/#website\",\"url\":\"https:\\\/\\\/carsa.ca\\\/\",\"name\":\"Carsa Automotive Lighting System\",\"description\":\"\",\"publisher\":{\"@id\":\"https:\\\/\\\/carsa.ca\\\/#organization\"},\"potentialAction\":[{\"@type\":\"SearchAction\",\"target\":{\"@type\":\"EntryPoint\",\"urlTemplate\":\"https:\\\/\\\/carsa.ca\\\/?s={search_term_string}\"},\"query-input\":{\"@type\":\"PropertyValueSpecification\",\"valueRequired\":true,\"valueName\":\"search_term_string\"}}],\"inLanguage\":\"fr-FR\"},{\"@type\":\"Organization\",\"@id\":\"https:\\\/\\\/carsa.ca\\\/#organization\",\"name\":\"Carsa Automotive Lighting System\",\"url\":\"https:\\\/\\\/carsa.ca\\\/\",\"logo\":{\"@type\":\"ImageObject\",\"inLanguage\":\"fr-FR\",\"@id\":\"https:\\\/\\\/carsa.ca\\\/#\\\/schema\\\/logo\\\/image\\\/\",\"url\":\"https:\\\/\\\/carsa.ca\\\/wp-content\\\/uploads\\\/2024\\\/07\\\/CARSA-LOGO.svg\",\"contentUrl\":\"https:\\\/\\\/carsa.ca\\\/wp-content\\\/uploads\\\/2024\\\/07\\\/CARSA-LOGO.svg\",\"width\":2512,\"height\":504,\"caption\":\"Carsa Automotive Lighting System\"},\"image\":{\"@id\":\"https:\\\/\\\/carsa.ca\\\/#\\\/schema\\\/logo\\\/image\\\/\"}}]}<\/script>\n<!-- \/ Yoast SEO plugin. -->","yoast_head_json":{"title":"Ampoule de phare \u00e0 LED pour Toyota RAV4 (100 W) 2006-2015","description":"Toyota RAV4 LED Headlight Bulb (100W) 2006-2015 - Carsa Automotive Lighting System - info@carsa.ca - Shipping - Canada - Other Country","robots":{"index":"index","follow":"follow","max-snippet":"max-snippet:-1","max-image-preview":"max-image-preview:large","max-video-preview":"max-video-preview:-1"},"canonical":"https:\/\/carsa.ca\/fr\/produit\/toyota-rav4-led-headlight-bulb-100w-2006-2015\/","og_locale":"fr_FR","og_type":"article","og_title":"Toyota RAV4 LED Headlight Bulb (100W) 2006-2015 - Carsa Automotive Lighting System","og_description":"Toyota RAV4 LED Headlight Bulb (100W) 2006-2015 - Carsa Automotive Lighting System carsa.ca","og_url":"https:\/\/carsa.ca\/fr\/produit\/toyota-rav4-led-headlight-bulb-100w-2006-2015\/","og_site_name":"Carsa Automotive Lighting System","article_modified_time":"2024-08-09T20:10:07+00:00","twitter_card":"summary_large_image","twitter_image":"https:\/\/carsa.ca\/wp-content\/uploads\/2024\/08\/day-exterior-04_2qj.png","twitter_misc":{"Dur\u00e9e de lecture estim\u00e9e":"1 minute"},"schema":{"@context":"https:\/\/schema.org","@graph":[{"@type":"WebPage","@id":"https:\/\/carsa.ca\/product\/toyota-rav4-led-headlight-bulb-100w-2006-2015\/","url":"https:\/\/carsa.ca\/product\/toyota-rav4-led-headlight-bulb-100w-2006-2015\/","name":"Ampoule de phare \u00e0 LED pour Toyota RAV4 (100 W) 2006-2015","isPartOf":{"@id":"https:\/\/carsa.ca\/#website"},"primaryImageOfPage":{"@id":"https:\/\/carsa.ca\/product\/toyota-rav4-led-headlight-bulb-100w-2006-2015\/#primaryimage"},"image":{"@id":"https:\/\/carsa.ca\/product\/toyota-rav4-led-headlight-bulb-100w-2006-2015\/#primaryimage"},"thumbnailUrl":"https:\/\/carsa.ca\/wp-content\/uploads\/2024\/08\/day-exterior-04_2qj.png","datePublished":"2024-08-06T20:29:28+00:00","dateModified":"2024-08-09T20:10:07+00:00","description":"Toyota RAV4 LED Headlight Bulb (100W) 2006-2015 - Carsa Automotive Lighting System - info@carsa.ca - Shipping - Canada - Other Country","breadcrumb":{"@id":"https:\/\/carsa.ca\/product\/toyota-rav4-led-headlight-bulb-100w-2006-2015\/#breadcrumb"},"inLanguage":"fr-FR","potentialAction":[{"@type":"ReadAction","target":["https:\/\/carsa.ca\/product\/toyota-rav4-led-headlight-bulb-100w-2006-2015\/"]}]},{"@type":"ImageObject","inLanguage":"fr-FR","@id":"https:\/\/carsa.ca\/product\/toyota-rav4-led-headlight-bulb-100w-2006-2015\/#primaryimage","url":"https:\/\/carsa.ca\/wp-content\/uploads\/2024\/08\/day-exterior-04_2qj.png","contentUrl":"https:\/\/carsa.ca\/wp-content\/uploads\/2024\/08\/day-exterior-04_2qj.png","width":680,"height":349},{"@type":"BreadcrumbList","@id":"https:\/\/carsa.ca\/product\/toyota-rav4-led-headlight-bulb-100w-2006-2015\/#breadcrumb","itemListElement":[{"@type":"ListItem","position":1,"name":"Home","item":"https:\/\/carsa.ca\/"},{"@type":"ListItem","position":2,"name":"Shop","item":"https:\/\/carsa.ca\/fr\/shop\/"},{"@type":"ListItem","position":3,"name":"Toyota RAV4 LED Headlight Bulb (100W) 2006-2015"}]},{"@type":"WebSite","@id":"https:\/\/carsa.ca\/#website","url":"https:\/\/carsa.ca\/","name":"Syst\u00e8me d&#039;\u00e9clairage automobile Carsa","description":"","publisher":{"@id":"https:\/\/carsa.ca\/#organization"},"potentialAction":[{"@type":"SearchAction","target":{"@type":"EntryPoint","urlTemplate":"https:\/\/carsa.ca\/?s={search_term_string}"},"query-input":{"@type":"PropertyValueSpecification","valueRequired":true,"valueName":"search_term_string"}}],"inLanguage":"fr-FR"},{"@type":"Organization","@id":"https:\/\/carsa.ca\/#organization","name":"Syst\u00e8me d&#039;\u00e9clairage automobile Carsa","url":"https:\/\/carsa.ca\/","logo":{"@type":"ImageObject","inLanguage":"fr-FR","@id":"https:\/\/carsa.ca\/#\/schema\/logo\/image\/","url":"https:\/\/carsa.ca\/wp-content\/uploads\/2024\/07\/CARSA-LOGO.svg","contentUrl":"https:\/\/carsa.ca\/wp-content\/uploads\/2024\/07\/CARSA-LOGO.svg","width":2512,"height":504,"caption":"Carsa Automotive Lighting System"},"image":{"@id":"https:\/\/carsa.ca\/#\/schema\/logo\/image\/"}}]}},"_links":{"self":[{"href":"https:\/\/carsa.ca\/fr\/wp-json\/wp\/v2\/product\/9554","targetHints":{"allow":["GET"]}}],"collection":[{"href":"https:\/\/carsa.ca\/fr\/wp-json\/wp\/v2\/product"}],"about":[{"href":"https:\/\/carsa.ca\/fr\/wp-json\/wp\/v2\/types\/product"}],"wp:featuredmedia":[{"embeddable":true,"href":"https:\/\/carsa.ca\/fr\/wp-json\/wp\/v2\/media\/9568"}],"wp:attachment":[{"href":"https:\/\/carsa.ca\/fr\/wp-json\/wp\/v2\/media?parent=9554"}],"wp:term":[{"taxonomy":"product_brand","embeddable":true,"href":"https:\/\/carsa.ca\/fr\/wp-json\/wp\/v2\/product_brand?post=9554"},{"taxonomy":"product_cat","embeddable":true,"href":"https:\/\/carsa.ca\/fr\/wp-json\/wp\/v2\/product_cat?post=9554"},{"taxonomy":"product_tag","embeddable":true,"href":"https:\/\/carsa.ca\/fr\/wp-json\/wp\/v2\/product_tag?post=9554"}],"curies":[{"name":"wp","href":"https:\/\/api.w.org\/{rel}","templated":true}]}}