{"id":9564,"date":"2024-08-06T20:29:28","date_gmt":"2024-08-06T20:29:28","guid":{"rendered":"https:\/\/demotasarim.online\/?post_type=product&#038;p=9564"},"modified":"2024-08-28T21:44:59","modified_gmt":"2024-08-28T21:44:59","slug":"toyota-tacoma-led-headlight-fog-light-bulb-100w-2016-2021","status":"publish","type":"product","link":"https:\/\/carsa.ca\/fr\/produit\/toyota-tacoma-led-headlight-fog-light-bulb-100w-2016-2021\/","title":{"rendered":"Ampoule de phare antibrouillard \u00e0 LED pour Toyota Tacoma (100 W) 2016-2021"},"content":{"rendered":"<p>Si vous souhaitez am\u00e9liorer \u00e0 la fois l&#039;apparence et la fonctionnalit\u00e9 de votre ampoule de phare Toyota Tacoma, optez pour un ensemble de nouvelles ampoules de phare puissantes. Gr\u00e2ce \u00e0 une mise \u00e0 niveau plug-and-play de vos ampoules de phare halog\u00e8nes d&#039;origine, vous obtiendrez une visibilit\u00e9 nettement sup\u00e9rieure apr\u00e8s avoir install\u00e9 des phares \u00e0 LED sur votre Toyota Tacoma.<\/p>\n<div id=\"gap-196650008\" class=\"gap-element clearfix\"><\/div>\n<p><strong>2016-2021\u00a0<a href=\"https:\/\/carsa.ca\/fr\/categorie-produit\/vehicles\/toyota\/\">Toyota Tacoma<\/a>\u00a0Ampoule de phare antibrouillard \u00e0 LED<\/strong><\/p>\n<ul>\n<li>Feux de croisement \u2013 Ampoule LED H11<\/li>\n<li>Feux de route \u2013 Ampoule LED H11<\/li>\n<li>Feu antibrouillard \u2013 Ampoule LED H11<\/li>\n<\/ul>\n<p><img fetchpriority=\"high\" decoding=\"async\" class=\"size-medium wp-image-10117\" src=\"https:\/\/carsa.ca\/wp-content\/uploads\/2023\/01\/carsa_logo-Duzenlendi-e1673439029810-400x142.png\" alt=\"carsa.ca\" width=\"400\" height=\"142\" \/><\/p>","protected":false},"excerpt":{"rendered":"<p>If you are looking to improve both the look and function of your Toyota Tacoma headlight bulb, upgrade to a set of powerful new headlight bulbs. With a plug-and-play upgrade for your stock halogen headlight bulbs, you will achieve significantly greater visibility after installing LED headlights on your Toyota Tacoma. 2016-2021\u00a0Toyota Tacoma\u00a0LED Headlight Fog Light [&hellip;]<\/p>\n","protected":false},"featured_media":9570,"template":"","meta":[],"product_brand":[],"product_cat":[538,521,359],"product_tag":[539,540,541,542,543,544,545,546],"class_list":{"0":"post-9564","1":"product","2":"type-product","3":"status-publish","4":"has-post-thumbnail","6":"product_cat-tacoma","7":"product_cat-toyota","8":"product_cat-vehicles","9":"product_tag-100w-2016-2021-toyota-tacoma-led","10":"product_tag-100w-2016-2021-toyota-tacoma-led-headlight","11":"product_tag-100w-2016-2021-toyota-tacoma-led-headlight-fog-light","12":"product_tag-100w-2016-2021-toyota-tacoma-led-headlight-fog-light-bulb","13":"product_tag-toyota-tacoma","14":"product_tag-toyota-tacoma-bulb","15":"product_tag-toyota-tacoma-led-headlight","16":"product_tag-toyota-tacoma-led-headlight-fog-light-bulb","17":"product_shipping_class-standart","19":"first","20":"instock","21":"sale","22":"taxable","23":"shipping-taxable","24":"purchasable","25":"product-type-variable","26":"add-to-wishlist-after_add_to_cart"},"yoast_head":"<!-- This site is optimized with the Yoast SEO plugin v27.3 - https:\/\/yoast.com\/product\/yoast-seo-wordpress\/ -->\n<title>Toyota Tacoma LED Headlight Fog Light Bulb (100W) 2016-2021<\/title>\n<meta name=\"description\" content=\"Toyota Tacoma LED Headlight Fog Light Bulb (100W) 2016-2021 - Carsa Automotive Lighting System - info@carsa.ca - Shipping - Canada - Other Country\" \/>\n<meta name=\"robots\" content=\"index, follow, max-snippet:-1, max-image-preview:large, max-video-preview:-1\" \/>\n<link rel=\"canonical\" href=\"https:\/\/carsa.ca\/fr\/produit\/toyota-tacoma-led-headlight-fog-light-bulb-100w-2016-2021\/\" \/>\n<meta property=\"og:locale\" content=\"fr_FR\" \/>\n<meta property=\"og:type\" content=\"article\" \/>\n<meta property=\"og:title\" content=\"Toyota Tacoma LED Headlight Fog Light Bulb (100W) 2016-2021 - Carsa Automotive Lighting System\" \/>\n<meta property=\"og:description\" content=\"Toyota Tacoma LED Headlight Fog Light Bulb (100W) 2016-2021 - Carsa Automotive Lighting System carsa.ca\" \/>\n<meta property=\"og:url\" content=\"https:\/\/carsa.ca\/fr\/produit\/toyota-tacoma-led-headlight-fog-light-bulb-100w-2016-2021\/\" \/>\n<meta property=\"og:site_name\" content=\"Carsa Automotive Lighting System\" \/>\n<meta property=\"article:modified_time\" content=\"2024-08-28T21:44:59+00:00\" \/>\n<meta name=\"twitter:card\" content=\"summary_large_image\" \/>\n<meta name=\"twitter:image\" content=\"https:\/\/carsa.ca\/wp-content\/uploads\/2024\/08\/479ba531-86c5-4b4b-8b96-1ac7c6716fa7.webp\" \/>\n<meta name=\"twitter:label1\" content=\"Dur\u00e9e de lecture estim\u00e9e\" \/>\n\t<meta name=\"twitter:data1\" content=\"1 minute\" \/>\n<script type=\"application\/ld+json\" class=\"yoast-schema-graph\">{\"@context\":\"https:\\\/\\\/schema.org\",\"@graph\":[{\"@type\":\"WebPage\",\"@id\":\"https:\\\/\\\/carsa.ca\\\/product\\\/toyota-tacoma-led-headlight-fog-light-bulb-100w-2016-2021\\\/\",\"url\":\"https:\\\/\\\/carsa.ca\\\/product\\\/toyota-tacoma-led-headlight-fog-light-bulb-100w-2016-2021\\\/\",\"name\":\"Toyota Tacoma LED Headlight Fog Light Bulb (100W) 2016-2021\",\"isPartOf\":{\"@id\":\"https:\\\/\\\/carsa.ca\\\/#website\"},\"primaryImageOfPage\":{\"@id\":\"https:\\\/\\\/carsa.ca\\\/product\\\/toyota-tacoma-led-headlight-fog-light-bulb-100w-2016-2021\\\/#primaryimage\"},\"image\":{\"@id\":\"https:\\\/\\\/carsa.ca\\\/product\\\/toyota-tacoma-led-headlight-fog-light-bulb-100w-2016-2021\\\/#primaryimage\"},\"thumbnailUrl\":\"https:\\\/\\\/carsa.ca\\\/wp-content\\\/uploads\\\/2024\\\/08\\\/479ba531-86c5-4b4b-8b96-1ac7c6716fa7.webp\",\"datePublished\":\"2024-08-06T20:29:28+00:00\",\"dateModified\":\"2024-08-28T21:44:59+00:00\",\"description\":\"Toyota Tacoma LED Headlight Fog Light Bulb (100W) 2016-2021 - Carsa Automotive Lighting System - info@carsa.ca - Shipping - Canada - Other Country\",\"breadcrumb\":{\"@id\":\"https:\\\/\\\/carsa.ca\\\/product\\\/toyota-tacoma-led-headlight-fog-light-bulb-100w-2016-2021\\\/#breadcrumb\"},\"inLanguage\":\"fr-FR\",\"potentialAction\":[{\"@type\":\"ReadAction\",\"target\":[\"https:\\\/\\\/carsa.ca\\\/product\\\/toyota-tacoma-led-headlight-fog-light-bulb-100w-2016-2021\\\/\"]}]},{\"@type\":\"ImageObject\",\"inLanguage\":\"fr-FR\",\"@id\":\"https:\\\/\\\/carsa.ca\\\/product\\\/toyota-tacoma-led-headlight-fog-light-bulb-100w-2016-2021\\\/#primaryimage\",\"url\":\"https:\\\/\\\/carsa.ca\\\/wp-content\\\/uploads\\\/2024\\\/08\\\/479ba531-86c5-4b4b-8b96-1ac7c6716fa7.webp\",\"contentUrl\":\"https:\\\/\\\/carsa.ca\\\/wp-content\\\/uploads\\\/2024\\\/08\\\/479ba531-86c5-4b4b-8b96-1ac7c6716fa7.webp\",\"width\":641,\"height\":423},{\"@type\":\"BreadcrumbList\",\"@id\":\"https:\\\/\\\/carsa.ca\\\/product\\\/toyota-tacoma-led-headlight-fog-light-bulb-100w-2016-2021\\\/#breadcrumb\",\"itemListElement\":[{\"@type\":\"ListItem\",\"position\":1,\"name\":\"Home\",\"item\":\"https:\\\/\\\/carsa.ca\\\/\"},{\"@type\":\"ListItem\",\"position\":2,\"name\":\"Shop\",\"item\":\"https:\\\/\\\/carsa.ca\\\/fr\\\/shop\\\/\"},{\"@type\":\"ListItem\",\"position\":3,\"name\":\"Toyota Tacoma LED Headlight Fog Light Bulb (100W) 2016-2021\"}]},{\"@type\":\"WebSite\",\"@id\":\"https:\\\/\\\/carsa.ca\\\/#website\",\"url\":\"https:\\\/\\\/carsa.ca\\\/\",\"name\":\"Carsa Automotive Lighting System\",\"description\":\"\",\"publisher\":{\"@id\":\"https:\\\/\\\/carsa.ca\\\/#organization\"},\"potentialAction\":[{\"@type\":\"SearchAction\",\"target\":{\"@type\":\"EntryPoint\",\"urlTemplate\":\"https:\\\/\\\/carsa.ca\\\/?s={search_term_string}\"},\"query-input\":{\"@type\":\"PropertyValueSpecification\",\"valueRequired\":true,\"valueName\":\"search_term_string\"}}],\"inLanguage\":\"fr-FR\"},{\"@type\":\"Organization\",\"@id\":\"https:\\\/\\\/carsa.ca\\\/#organization\",\"name\":\"Carsa Automotive Lighting System\",\"url\":\"https:\\\/\\\/carsa.ca\\\/\",\"logo\":{\"@type\":\"ImageObject\",\"inLanguage\":\"fr-FR\",\"@id\":\"https:\\\/\\\/carsa.ca\\\/#\\\/schema\\\/logo\\\/image\\\/\",\"url\":\"https:\\\/\\\/carsa.ca\\\/wp-content\\\/uploads\\\/2024\\\/07\\\/CARSA-LOGO.svg\",\"contentUrl\":\"https:\\\/\\\/carsa.ca\\\/wp-content\\\/uploads\\\/2024\\\/07\\\/CARSA-LOGO.svg\",\"width\":2512,\"height\":504,\"caption\":\"Carsa Automotive Lighting System\"},\"image\":{\"@id\":\"https:\\\/\\\/carsa.ca\\\/#\\\/schema\\\/logo\\\/image\\\/\"}}]}<\/script>\n<!-- \/ Yoast SEO plugin. -->","yoast_head_json":{"title":"Ampoule de phare antibrouillard \u00e0 LED pour Toyota Tacoma (100 W) 2016-2021","description":"Toyota Tacoma LED Headlight Fog Light Bulb (100W) 2016-2021 - Carsa Automotive Lighting System - info@carsa.ca - Shipping - Canada - Other Country","robots":{"index":"index","follow":"follow","max-snippet":"max-snippet:-1","max-image-preview":"max-image-preview:large","max-video-preview":"max-video-preview:-1"},"canonical":"https:\/\/carsa.ca\/fr\/produit\/toyota-tacoma-led-headlight-fog-light-bulb-100w-2016-2021\/","og_locale":"fr_FR","og_type":"article","og_title":"Toyota Tacoma LED Headlight Fog Light Bulb (100W) 2016-2021 - Carsa Automotive Lighting System","og_description":"Toyota Tacoma LED Headlight Fog Light Bulb (100W) 2016-2021 - Carsa Automotive Lighting System carsa.ca","og_url":"https:\/\/carsa.ca\/fr\/produit\/toyota-tacoma-led-headlight-fog-light-bulb-100w-2016-2021\/","og_site_name":"Carsa Automotive Lighting System","article_modified_time":"2024-08-28T21:44:59+00:00","twitter_card":"summary_large_image","twitter_image":"https:\/\/carsa.ca\/wp-content\/uploads\/2024\/08\/479ba531-86c5-4b4b-8b96-1ac7c6716fa7.webp","twitter_misc":{"Dur\u00e9e de lecture estim\u00e9e":"1 minute"},"schema":{"@context":"https:\/\/schema.org","@graph":[{"@type":"WebPage","@id":"https:\/\/carsa.ca\/product\/toyota-tacoma-led-headlight-fog-light-bulb-100w-2016-2021\/","url":"https:\/\/carsa.ca\/product\/toyota-tacoma-led-headlight-fog-light-bulb-100w-2016-2021\/","name":"Ampoule de phare antibrouillard \u00e0 LED pour Toyota Tacoma (100 W) 2016-2021","isPartOf":{"@id":"https:\/\/carsa.ca\/#website"},"primaryImageOfPage":{"@id":"https:\/\/carsa.ca\/product\/toyota-tacoma-led-headlight-fog-light-bulb-100w-2016-2021\/#primaryimage"},"image":{"@id":"https:\/\/carsa.ca\/product\/toyota-tacoma-led-headlight-fog-light-bulb-100w-2016-2021\/#primaryimage"},"thumbnailUrl":"https:\/\/carsa.ca\/wp-content\/uploads\/2024\/08\/479ba531-86c5-4b4b-8b96-1ac7c6716fa7.webp","datePublished":"2024-08-06T20:29:28+00:00","dateModified":"2024-08-28T21:44:59+00:00","description":"Toyota Tacoma LED Headlight Fog Light Bulb (100W) 2016-2021 - Carsa Automotive Lighting System - info@carsa.ca - Shipping - Canada - Other Country","breadcrumb":{"@id":"https:\/\/carsa.ca\/product\/toyota-tacoma-led-headlight-fog-light-bulb-100w-2016-2021\/#breadcrumb"},"inLanguage":"fr-FR","potentialAction":[{"@type":"ReadAction","target":["https:\/\/carsa.ca\/product\/toyota-tacoma-led-headlight-fog-light-bulb-100w-2016-2021\/"]}]},{"@type":"ImageObject","inLanguage":"fr-FR","@id":"https:\/\/carsa.ca\/product\/toyota-tacoma-led-headlight-fog-light-bulb-100w-2016-2021\/#primaryimage","url":"https:\/\/carsa.ca\/wp-content\/uploads\/2024\/08\/479ba531-86c5-4b4b-8b96-1ac7c6716fa7.webp","contentUrl":"https:\/\/carsa.ca\/wp-content\/uploads\/2024\/08\/479ba531-86c5-4b4b-8b96-1ac7c6716fa7.webp","width":641,"height":423},{"@type":"BreadcrumbList","@id":"https:\/\/carsa.ca\/product\/toyota-tacoma-led-headlight-fog-light-bulb-100w-2016-2021\/#breadcrumb","itemListElement":[{"@type":"ListItem","position":1,"name":"Home","item":"https:\/\/carsa.ca\/"},{"@type":"ListItem","position":2,"name":"Shop","item":"https:\/\/carsa.ca\/fr\/shop\/"},{"@type":"ListItem","position":3,"name":"Toyota Tacoma LED Headlight Fog Light Bulb (100W) 2016-2021"}]},{"@type":"WebSite","@id":"https:\/\/carsa.ca\/#website","url":"https:\/\/carsa.ca\/","name":"Syst\u00e8me d&#039;\u00e9clairage automobile Carsa","description":"","publisher":{"@id":"https:\/\/carsa.ca\/#organization"},"potentialAction":[{"@type":"SearchAction","target":{"@type":"EntryPoint","urlTemplate":"https:\/\/carsa.ca\/?s={search_term_string}"},"query-input":{"@type":"PropertyValueSpecification","valueRequired":true,"valueName":"search_term_string"}}],"inLanguage":"fr-FR"},{"@type":"Organization","@id":"https:\/\/carsa.ca\/#organization","name":"Syst\u00e8me d&#039;\u00e9clairage automobile Carsa","url":"https:\/\/carsa.ca\/","logo":{"@type":"ImageObject","inLanguage":"fr-FR","@id":"https:\/\/carsa.ca\/#\/schema\/logo\/image\/","url":"https:\/\/carsa.ca\/wp-content\/uploads\/2024\/07\/CARSA-LOGO.svg","contentUrl":"https:\/\/carsa.ca\/wp-content\/uploads\/2024\/07\/CARSA-LOGO.svg","width":2512,"height":504,"caption":"Carsa Automotive Lighting System"},"image":{"@id":"https:\/\/carsa.ca\/#\/schema\/logo\/image\/"}}]}},"_links":{"self":[{"href":"https:\/\/carsa.ca\/fr\/wp-json\/wp\/v2\/product\/9564","targetHints":{"allow":["GET"]}}],"collection":[{"href":"https:\/\/carsa.ca\/fr\/wp-json\/wp\/v2\/product"}],"about":[{"href":"https:\/\/carsa.ca\/fr\/wp-json\/wp\/v2\/types\/product"}],"wp:featuredmedia":[{"embeddable":true,"href":"https:\/\/carsa.ca\/fr\/wp-json\/wp\/v2\/media\/9570"}],"wp:attachment":[{"href":"https:\/\/carsa.ca\/fr\/wp-json\/wp\/v2\/media?parent=9564"}],"wp:term":[{"taxonomy":"product_brand","embeddable":true,"href":"https:\/\/carsa.ca\/fr\/wp-json\/wp\/v2\/product_brand?post=9564"},{"taxonomy":"product_cat","embeddable":true,"href":"https:\/\/carsa.ca\/fr\/wp-json\/wp\/v2\/product_cat?post=9564"},{"taxonomy":"product_tag","embeddable":true,"href":"https:\/\/carsa.ca\/fr\/wp-json\/wp\/v2\/product_tag?post=9564"}],"curies":[{"name":"wp","href":"https:\/\/api.w.org\/{rel}","templated":true}]}}