{"id":9602,"date":"2024-08-06T20:29:47","date_gmt":"2024-08-06T20:29:47","guid":{"rendered":"https:\/\/demotasarim.online\/?post_type=product&#038;p=9602"},"modified":"2024-08-26T20:45:44","modified_gmt":"2024-08-26T20:45:44","slug":"toyota-tundra-led-headlight-fog-light-bulb-100w-2007-2013","status":"publish","type":"product","link":"https:\/\/carsa.ca\/fr\/produit\/toyota-tundra-led-headlight-fog-light-bulb-100w-2007-2013\/","title":{"rendered":"Ampoule de phare antibrouillard \u00e0 LED pour Toyota Tundra (100 W) 2007-2013"},"content":{"rendered":"<p>Am\u00e9liorez les phares de votre Toyota Tundra 2007-2013 avec l&#039;ampoule de phare LED Carsa ! L&#039;ampoule de phare LED 100W 20000LM s&#039;adaptera au Toyota Tundra avec une installation plug-and-play rapide ! Rendez vos phares jusqu&#039;\u00e0 5 fois plus lumineux et am\u00e9liorez la s\u00e9curit\u00e9 de conduite.<\/p>\n<h3>Ampoule de phare antibrouillard \u00e0 LED pour Toyota Tundra 2007-2013<\/h3>\n<ul>\n<li>Feux de croisement \u2013 Ampoule LED H11<\/li>\n<li>Feux de route \u2013 Ampoule LED 9005<\/li>\n<li>Feu antibrouillard \u2013 Ampoule LED H10<\/li>\n<\/ul>\n<p><img fetchpriority=\"high\" decoding=\"async\" class=\"size-medium wp-image-10117\" src=\"https:\/\/carsa.ca\/wp-content\/uploads\/2023\/01\/carsa_logo-Duzenlendi-e1673439029810-400x142.png\" alt=\"carsa.ca\" width=\"400\" height=\"142\" \/><\/p>","protected":false},"excerpt":{"rendered":"<p>Upgrade the headlights on your 2007-2013 Toyota Tundra with Carsa LED headlight bulb! The 100W 20000LM LED headlight bulb will fit the Toyota Tundra with a quick plug-and-play installation! Make your headlights up to 5x brighter and improve driving safety. 2007-2013 Toyota Tundra LED Headlight Fog Light Bulb Low Beam &#8211; H11 LED Bulb High [&hellip;]<\/p>\n","protected":false},"featured_media":9601,"template":"","meta":[],"product_brand":[],"product_cat":[521,547,359],"product_tag":[548,549,550,551,552,553],"class_list":{"0":"post-9602","1":"product","2":"type-product","3":"status-publish","4":"has-post-thumbnail","6":"product_cat-toyota","7":"product_cat-tundra","8":"product_cat-vehicles","9":"product_tag-toyota-tundra","10":"product_tag-toyota-tundra-auto-parts","11":"product_tag-toyota-tundra-lamp","12":"product_tag-toyota-tundra-led","13":"product_tag-toyota-tundra-led-headlight","14":"product_tag-toyota-tundra-led-headlight-bulbs","15":"product_shipping_class-standart","17":"first","18":"instock","19":"sale","20":"taxable","21":"shipping-taxable","22":"purchasable","23":"product-type-variable","24":"add-to-wishlist-after_add_to_cart"},"yoast_head":"<!-- This site is optimized with the Yoast SEO plugin v27.3 - https:\/\/yoast.com\/product\/yoast-seo-wordpress\/ -->\n<title>Toyota Tundra LED Headlight Fog Light Bulb (100W) 2007-2013<\/title>\n<meta name=\"description\" content=\"Toyota Tundra LED Headlight Fog Light Bulb (100W) 2007-2013 - Carsa Automotive Lighting System - info@carsa.ca - Shipping - Canada - Other Country\" \/>\n<meta name=\"robots\" content=\"index, follow, max-snippet:-1, max-image-preview:large, max-video-preview:-1\" \/>\n<link rel=\"canonical\" href=\"https:\/\/carsa.ca\/fr\/produit\/toyota-tundra-led-headlight-fog-light-bulb-100w-2007-2013\/\" \/>\n<meta property=\"og:locale\" content=\"fr_FR\" \/>\n<meta property=\"og:type\" content=\"article\" \/>\n<meta property=\"og:title\" content=\"Toyota Tundra LED Headlight Fog Light Bulb (100W) 2007-2013 - Carsa Automotive Lighting System\" \/>\n<meta property=\"og:description\" content=\"Toyota Tundra LED Headlight Fog Light Bulb (100W) 2007-2013 - Carsa Automotive Lighting System carsa.ca\" \/>\n<meta property=\"og:url\" content=\"https:\/\/carsa.ca\/fr\/produit\/toyota-tundra-led-headlight-fog-light-bulb-100w-2007-2013\/\" \/>\n<meta property=\"og:site_name\" content=\"Carsa Automotive Lighting System\" \/>\n<meta property=\"article:modified_time\" content=\"2024-08-26T20:45:44+00:00\" \/>\n<meta name=\"twitter:card\" content=\"summary_large_image\" \/>\n<meta name=\"twitter:image\" content=\"https:\/\/carsa.ca\/wp-content\/uploads\/2024\/08\/2022-toyota-tundra-trd-pro-exterior-front-quarter.jpg\" \/>\n<meta name=\"twitter:label1\" content=\"Dur\u00e9e de lecture estim\u00e9e\" \/>\n\t<meta name=\"twitter:data1\" content=\"1 minute\" \/>\n<script type=\"application\/ld+json\" class=\"yoast-schema-graph\">{\"@context\":\"https:\\\/\\\/schema.org\",\"@graph\":[{\"@type\":\"WebPage\",\"@id\":\"https:\\\/\\\/carsa.ca\\\/product\\\/toyota-tundra-led-headlight-fog-light-bulb-100w-2007-2013\\\/\",\"url\":\"https:\\\/\\\/carsa.ca\\\/product\\\/toyota-tundra-led-headlight-fog-light-bulb-100w-2007-2013\\\/\",\"name\":\"Toyota Tundra LED Headlight Fog Light Bulb (100W) 2007-2013\",\"isPartOf\":{\"@id\":\"https:\\\/\\\/carsa.ca\\\/#website\"},\"primaryImageOfPage\":{\"@id\":\"https:\\\/\\\/carsa.ca\\\/product\\\/toyota-tundra-led-headlight-fog-light-bulb-100w-2007-2013\\\/#primaryimage\"},\"image\":{\"@id\":\"https:\\\/\\\/carsa.ca\\\/product\\\/toyota-tundra-led-headlight-fog-light-bulb-100w-2007-2013\\\/#primaryimage\"},\"thumbnailUrl\":\"https:\\\/\\\/carsa.ca\\\/wp-content\\\/uploads\\\/2024\\\/08\\\/2022-toyota-tundra-trd-pro-exterior-front-quarter.jpg\",\"datePublished\":\"2024-08-06T20:29:47+00:00\",\"dateModified\":\"2024-08-26T20:45:44+00:00\",\"description\":\"Toyota Tundra LED Headlight Fog Light Bulb (100W) 2007-2013 - Carsa Automotive Lighting System - info@carsa.ca - Shipping - Canada - Other Country\",\"breadcrumb\":{\"@id\":\"https:\\\/\\\/carsa.ca\\\/product\\\/toyota-tundra-led-headlight-fog-light-bulb-100w-2007-2013\\\/#breadcrumb\"},\"inLanguage\":\"fr-FR\",\"potentialAction\":[{\"@type\":\"ReadAction\",\"target\":[\"https:\\\/\\\/carsa.ca\\\/product\\\/toyota-tundra-led-headlight-fog-light-bulb-100w-2007-2013\\\/\"]}]},{\"@type\":\"ImageObject\",\"inLanguage\":\"fr-FR\",\"@id\":\"https:\\\/\\\/carsa.ca\\\/product\\\/toyota-tundra-led-headlight-fog-light-bulb-100w-2007-2013\\\/#primaryimage\",\"url\":\"https:\\\/\\\/carsa.ca\\\/wp-content\\\/uploads\\\/2024\\\/08\\\/2022-toyota-tundra-trd-pro-exterior-front-quarter.jpg\",\"contentUrl\":\"https:\\\/\\\/carsa.ca\\\/wp-content\\\/uploads\\\/2024\\\/08\\\/2022-toyota-tundra-trd-pro-exterior-front-quarter.jpg\",\"width\":1280,\"height\":720},{\"@type\":\"BreadcrumbList\",\"@id\":\"https:\\\/\\\/carsa.ca\\\/product\\\/toyota-tundra-led-headlight-fog-light-bulb-100w-2007-2013\\\/#breadcrumb\",\"itemListElement\":[{\"@type\":\"ListItem\",\"position\":1,\"name\":\"Home\",\"item\":\"https:\\\/\\\/carsa.ca\\\/\"},{\"@type\":\"ListItem\",\"position\":2,\"name\":\"Shop\",\"item\":\"https:\\\/\\\/carsa.ca\\\/fr\\\/shop\\\/\"},{\"@type\":\"ListItem\",\"position\":3,\"name\":\"Toyota Tundra LED Headlight Fog Light Bulb (100W) 2007-2013\"}]},{\"@type\":\"WebSite\",\"@id\":\"https:\\\/\\\/carsa.ca\\\/#website\",\"url\":\"https:\\\/\\\/carsa.ca\\\/\",\"name\":\"Carsa Automotive Lighting System\",\"description\":\"\",\"publisher\":{\"@id\":\"https:\\\/\\\/carsa.ca\\\/#organization\"},\"potentialAction\":[{\"@type\":\"SearchAction\",\"target\":{\"@type\":\"EntryPoint\",\"urlTemplate\":\"https:\\\/\\\/carsa.ca\\\/?s={search_term_string}\"},\"query-input\":{\"@type\":\"PropertyValueSpecification\",\"valueRequired\":true,\"valueName\":\"search_term_string\"}}],\"inLanguage\":\"fr-FR\"},{\"@type\":\"Organization\",\"@id\":\"https:\\\/\\\/carsa.ca\\\/#organization\",\"name\":\"Carsa Automotive Lighting System\",\"url\":\"https:\\\/\\\/carsa.ca\\\/\",\"logo\":{\"@type\":\"ImageObject\",\"inLanguage\":\"fr-FR\",\"@id\":\"https:\\\/\\\/carsa.ca\\\/#\\\/schema\\\/logo\\\/image\\\/\",\"url\":\"https:\\\/\\\/carsa.ca\\\/wp-content\\\/uploads\\\/2024\\\/07\\\/CARSA-LOGO.svg\",\"contentUrl\":\"https:\\\/\\\/carsa.ca\\\/wp-content\\\/uploads\\\/2024\\\/07\\\/CARSA-LOGO.svg\",\"width\":2512,\"height\":504,\"caption\":\"Carsa Automotive Lighting System\"},\"image\":{\"@id\":\"https:\\\/\\\/carsa.ca\\\/#\\\/schema\\\/logo\\\/image\\\/\"}}]}<\/script>\n<!-- \/ Yoast SEO plugin. -->","yoast_head_json":{"title":"Ampoule de phare antibrouillard \u00e0 LED pour Toyota Tundra (100 W) 2007-2013","description":"Toyota Tundra LED Headlight Fog Light Bulb (100W) 2007-2013 - Carsa Automotive Lighting System - info@carsa.ca - Shipping - Canada - Other Country","robots":{"index":"index","follow":"follow","max-snippet":"max-snippet:-1","max-image-preview":"max-image-preview:large","max-video-preview":"max-video-preview:-1"},"canonical":"https:\/\/carsa.ca\/fr\/produit\/toyota-tundra-led-headlight-fog-light-bulb-100w-2007-2013\/","og_locale":"fr_FR","og_type":"article","og_title":"Toyota Tundra LED Headlight Fog Light Bulb (100W) 2007-2013 - Carsa Automotive Lighting System","og_description":"Toyota Tundra LED Headlight Fog Light Bulb (100W) 2007-2013 - Carsa Automotive Lighting System carsa.ca","og_url":"https:\/\/carsa.ca\/fr\/produit\/toyota-tundra-led-headlight-fog-light-bulb-100w-2007-2013\/","og_site_name":"Carsa Automotive Lighting System","article_modified_time":"2024-08-26T20:45:44+00:00","twitter_card":"summary_large_image","twitter_image":"https:\/\/carsa.ca\/wp-content\/uploads\/2024\/08\/2022-toyota-tundra-trd-pro-exterior-front-quarter.jpg","twitter_misc":{"Dur\u00e9e de lecture estim\u00e9e":"1 minute"},"schema":{"@context":"https:\/\/schema.org","@graph":[{"@type":"WebPage","@id":"https:\/\/carsa.ca\/product\/toyota-tundra-led-headlight-fog-light-bulb-100w-2007-2013\/","url":"https:\/\/carsa.ca\/product\/toyota-tundra-led-headlight-fog-light-bulb-100w-2007-2013\/","name":"Ampoule de phare antibrouillard \u00e0 LED pour Toyota Tundra (100 W) 2007-2013","isPartOf":{"@id":"https:\/\/carsa.ca\/#website"},"primaryImageOfPage":{"@id":"https:\/\/carsa.ca\/product\/toyota-tundra-led-headlight-fog-light-bulb-100w-2007-2013\/#primaryimage"},"image":{"@id":"https:\/\/carsa.ca\/product\/toyota-tundra-led-headlight-fog-light-bulb-100w-2007-2013\/#primaryimage"},"thumbnailUrl":"https:\/\/carsa.ca\/wp-content\/uploads\/2024\/08\/2022-toyota-tundra-trd-pro-exterior-front-quarter.jpg","datePublished":"2024-08-06T20:29:47+00:00","dateModified":"2024-08-26T20:45:44+00:00","description":"Toyota Tundra LED Headlight Fog Light Bulb (100W) 2007-2013 - Carsa Automotive Lighting System - info@carsa.ca - Shipping - Canada - Other Country","breadcrumb":{"@id":"https:\/\/carsa.ca\/product\/toyota-tundra-led-headlight-fog-light-bulb-100w-2007-2013\/#breadcrumb"},"inLanguage":"fr-FR","potentialAction":[{"@type":"ReadAction","target":["https:\/\/carsa.ca\/product\/toyota-tundra-led-headlight-fog-light-bulb-100w-2007-2013\/"]}]},{"@type":"ImageObject","inLanguage":"fr-FR","@id":"https:\/\/carsa.ca\/product\/toyota-tundra-led-headlight-fog-light-bulb-100w-2007-2013\/#primaryimage","url":"https:\/\/carsa.ca\/wp-content\/uploads\/2024\/08\/2022-toyota-tundra-trd-pro-exterior-front-quarter.jpg","contentUrl":"https:\/\/carsa.ca\/wp-content\/uploads\/2024\/08\/2022-toyota-tundra-trd-pro-exterior-front-quarter.jpg","width":1280,"height":720},{"@type":"BreadcrumbList","@id":"https:\/\/carsa.ca\/product\/toyota-tundra-led-headlight-fog-light-bulb-100w-2007-2013\/#breadcrumb","itemListElement":[{"@type":"ListItem","position":1,"name":"Home","item":"https:\/\/carsa.ca\/"},{"@type":"ListItem","position":2,"name":"Shop","item":"https:\/\/carsa.ca\/fr\/shop\/"},{"@type":"ListItem","position":3,"name":"Toyota Tundra LED Headlight Fog Light Bulb (100W) 2007-2013"}]},{"@type":"WebSite","@id":"https:\/\/carsa.ca\/#website","url":"https:\/\/carsa.ca\/","name":"Syst\u00e8me d&#039;\u00e9clairage automobile Carsa","description":"","publisher":{"@id":"https:\/\/carsa.ca\/#organization"},"potentialAction":[{"@type":"SearchAction","target":{"@type":"EntryPoint","urlTemplate":"https:\/\/carsa.ca\/?s={search_term_string}"},"query-input":{"@type":"PropertyValueSpecification","valueRequired":true,"valueName":"search_term_string"}}],"inLanguage":"fr-FR"},{"@type":"Organization","@id":"https:\/\/carsa.ca\/#organization","name":"Syst\u00e8me d&#039;\u00e9clairage automobile Carsa","url":"https:\/\/carsa.ca\/","logo":{"@type":"ImageObject","inLanguage":"fr-FR","@id":"https:\/\/carsa.ca\/#\/schema\/logo\/image\/","url":"https:\/\/carsa.ca\/wp-content\/uploads\/2024\/07\/CARSA-LOGO.svg","contentUrl":"https:\/\/carsa.ca\/wp-content\/uploads\/2024\/07\/CARSA-LOGO.svg","width":2512,"height":504,"caption":"Carsa Automotive Lighting System"},"image":{"@id":"https:\/\/carsa.ca\/#\/schema\/logo\/image\/"}}]}},"_links":{"self":[{"href":"https:\/\/carsa.ca\/fr\/wp-json\/wp\/v2\/product\/9602","targetHints":{"allow":["GET"]}}],"collection":[{"href":"https:\/\/carsa.ca\/fr\/wp-json\/wp\/v2\/product"}],"about":[{"href":"https:\/\/carsa.ca\/fr\/wp-json\/wp\/v2\/types\/product"}],"wp:featuredmedia":[{"embeddable":true,"href":"https:\/\/carsa.ca\/fr\/wp-json\/wp\/v2\/media\/9601"}],"wp:attachment":[{"href":"https:\/\/carsa.ca\/fr\/wp-json\/wp\/v2\/media?parent=9602"}],"wp:term":[{"taxonomy":"product_brand","embeddable":true,"href":"https:\/\/carsa.ca\/fr\/wp-json\/wp\/v2\/product_brand?post=9602"},{"taxonomy":"product_cat","embeddable":true,"href":"https:\/\/carsa.ca\/fr\/wp-json\/wp\/v2\/product_cat?post=9602"},{"taxonomy":"product_tag","embeddable":true,"href":"https:\/\/carsa.ca\/fr\/wp-json\/wp\/v2\/product_tag?post=9602"}],"curies":[{"name":"wp","href":"https:\/\/api.w.org\/{rel}","templated":true}]}}