{"id":9607,"date":"2024-08-06T20:29:48","date_gmt":"2024-08-06T20:29:48","guid":{"rendered":"https:\/\/demotasarim.online\/?post_type=product&#038;p=9607"},"modified":"2024-08-26T20:42:15","modified_gmt":"2024-08-26T20:42:15","slug":"toyota-solara-led-headlight-fog-light-bulb-100w-2004-2006","status":"publish","type":"product","link":"https:\/\/carsa.ca\/fr\/produit\/toyota-solara-led-headlight-fog-light-bulb-100w-2004-2006\/","title":{"rendered":"Ampoule de phare antibrouillard \u00e0 LED Toyota Solara (100 W) 2004-2006"},"content":{"rendered":"<p>Am\u00e9liorez les phares de votre Toyota Solara avec les ampoules de phares LED Carsa ! Les ampoules de phares LED CARSA s&#039;adaptent \u00e0 la Toyota Solara 2004-2006 avec une installation plug-and-play rapide ! Rendez vos phares jusqu&#039;\u00e0 5 fois plus lumineux et am\u00e9liorez la s\u00e9curit\u00e9 de conduite.<\/p>\n<div id=\"gap-2086524443\" class=\"gap-element clearfix\"><\/div>\n<h3>Ampoule de phare antibrouillard \u00e0 LED pour Toyota Solara 2004-2006<\/h3>\n<ul>\n<li>Feux de croisement \u2013 Ampoule LED H11<\/li>\n<li>Feux de route \u2013 Ampoule LED 9005<\/li>\n<li>Feu antibrouillard \u2013 Ampoule LED H10<\/li>\n<\/ul>\n<p><img fetchpriority=\"high\" decoding=\"async\" class=\"size-medium wp-image-10117\" src=\"https:\/\/carsa.ca\/wp-content\/uploads\/2023\/01\/carsa_logo-Duzenlendi-e1673439029810-400x142.png\" alt=\"carsa.ca\" width=\"400\" height=\"142\" \/><\/p>","protected":false},"excerpt":{"rendered":"<p>Upgrade the headlights on your Toyota Solara with Carsa LED headlight bulbs! The CARSA LED Headlight bulbs will fit the 2004-2006 Toyota Solara with a quick plug-and-play installation! Make your headlights up to 5x brighter and improve driving safety. 2004-2006 Toyota Solara LED Headlight Fog Light Bulb Low Beam &#8211; H11 LED Bulb High Beam [&hellip;]<\/p>\n","protected":false},"featured_media":9632,"template":"","meta":[],"product_brand":[],"product_cat":[554,521,359],"product_tag":[555,556,557,558,559,560],"class_list":{"0":"post-9607","1":"product","2":"type-product","3":"status-publish","4":"has-post-thumbnail","6":"product_cat-solara","7":"product_cat-toyota","8":"product_cat-vehicles","9":"product_tag-toyota-solara","10":"product_tag-toyota-solara-auto-parts","11":"product_tag-toyota-solara-lamp","12":"product_tag-toyota-solara-led","13":"product_tag-toyota-solara-led-headlight","14":"product_tag-toyota-solara-led-headlight-fog-light-bulb","15":"product_shipping_class-standart","17":"first","18":"instock","19":"sale","20":"taxable","21":"shipping-taxable","22":"purchasable","23":"product-type-variable","24":"add-to-wishlist-after_add_to_cart"},"yoast_head":"<!-- This site is optimized with the Yoast SEO plugin v27.4 - https:\/\/yoast.com\/product\/yoast-seo-wordpress\/ -->\n<title>Toyota Solara LED Headlight Fog Light Bulb (100W) 2004-2006<\/title>\n<meta name=\"description\" content=\"Toyota Solara LED Headlight Fog Light Bulb (100W) 2004-2006 - Carsa Automotive Lighting System - info@carsa.ca - Shipping - Canada - Other Country\" \/>\n<meta name=\"robots\" content=\"index, follow, max-snippet:-1, max-image-preview:large, max-video-preview:-1\" \/>\n<link rel=\"canonical\" href=\"https:\/\/carsa.ca\/fr\/produit\/toyota-solara-led-headlight-fog-light-bulb-100w-2004-2006\/\" \/>\n<meta property=\"og:locale\" content=\"fr_FR\" \/>\n<meta property=\"og:type\" content=\"article\" \/>\n<meta property=\"og:title\" content=\"Toyota Solara LED Headlight Fog Light Bulb (100W) 2004-2006 - Carsa Automotive Lighting System\" \/>\n<meta property=\"og:description\" content=\"Toyota Solara LED Headlight Fog Light Bulb (100W) 2004-2006 - Carsa Automotive Lighting System carsa.ca\" \/>\n<meta property=\"og:url\" content=\"https:\/\/carsa.ca\/fr\/produit\/toyota-solara-led-headlight-fog-light-bulb-100w-2004-2006\/\" \/>\n<meta property=\"og:site_name\" content=\"Carsa Automotive Lighting System\" \/>\n<meta property=\"article:modified_time\" content=\"2024-08-26T20:42:15+00:00\" \/>\n<meta name=\"twitter:card\" content=\"summary_large_image\" \/>\n<meta name=\"twitter:image\" content=\"https:\/\/carsa.ca\/wp-content\/uploads\/2024\/08\/5129303b-a283-4226-8eec-9ff7b2e3aa29.webp\" \/>\n<meta name=\"twitter:label1\" content=\"Dur\u00e9e de lecture estim\u00e9e\" \/>\n\t<meta name=\"twitter:data1\" content=\"1 minute\" \/>\n<script type=\"application\/ld+json\" class=\"yoast-schema-graph\">{\"@context\":\"https:\\\/\\\/schema.org\",\"@graph\":[{\"@type\":\"WebPage\",\"@id\":\"https:\\\/\\\/carsa.ca\\\/product\\\/toyota-solara-led-headlight-fog-light-bulb-100w-2004-2006\\\/\",\"url\":\"https:\\\/\\\/carsa.ca\\\/product\\\/toyota-solara-led-headlight-fog-light-bulb-100w-2004-2006\\\/\",\"name\":\"Toyota Solara LED Headlight Fog Light Bulb (100W) 2004-2006\",\"isPartOf\":{\"@id\":\"https:\\\/\\\/carsa.ca\\\/#website\"},\"primaryImageOfPage\":{\"@id\":\"https:\\\/\\\/carsa.ca\\\/product\\\/toyota-solara-led-headlight-fog-light-bulb-100w-2004-2006\\\/#primaryimage\"},\"image\":{\"@id\":\"https:\\\/\\\/carsa.ca\\\/product\\\/toyota-solara-led-headlight-fog-light-bulb-100w-2004-2006\\\/#primaryimage\"},\"thumbnailUrl\":\"https:\\\/\\\/carsa.ca\\\/wp-content\\\/uploads\\\/2024\\\/08\\\/5129303b-a283-4226-8eec-9ff7b2e3aa29.webp\",\"datePublished\":\"2024-08-06T20:29:48+00:00\",\"dateModified\":\"2024-08-26T20:42:15+00:00\",\"description\":\"Toyota Solara LED Headlight Fog Light Bulb (100W) 2004-2006 - Carsa Automotive Lighting System - info@carsa.ca - Shipping - Canada - Other Country\",\"breadcrumb\":{\"@id\":\"https:\\\/\\\/carsa.ca\\\/product\\\/toyota-solara-led-headlight-fog-light-bulb-100w-2004-2006\\\/#breadcrumb\"},\"inLanguage\":\"fr-FR\",\"potentialAction\":[{\"@type\":\"ReadAction\",\"target\":[\"https:\\\/\\\/carsa.ca\\\/product\\\/toyota-solara-led-headlight-fog-light-bulb-100w-2004-2006\\\/\"]}]},{\"@type\":\"ImageObject\",\"inLanguage\":\"fr-FR\",\"@id\":\"https:\\\/\\\/carsa.ca\\\/product\\\/toyota-solara-led-headlight-fog-light-bulb-100w-2004-2006\\\/#primaryimage\",\"url\":\"https:\\\/\\\/carsa.ca\\\/wp-content\\\/uploads\\\/2024\\\/08\\\/5129303b-a283-4226-8eec-9ff7b2e3aa29.webp\",\"contentUrl\":\"https:\\\/\\\/carsa.ca\\\/wp-content\\\/uploads\\\/2024\\\/08\\\/5129303b-a283-4226-8eec-9ff7b2e3aa29.webp\",\"width\":504,\"height\":333},{\"@type\":\"BreadcrumbList\",\"@id\":\"https:\\\/\\\/carsa.ca\\\/product\\\/toyota-solara-led-headlight-fog-light-bulb-100w-2004-2006\\\/#breadcrumb\",\"itemListElement\":[{\"@type\":\"ListItem\",\"position\":1,\"name\":\"Home\",\"item\":\"https:\\\/\\\/carsa.ca\\\/\"},{\"@type\":\"ListItem\",\"position\":2,\"name\":\"Shop\",\"item\":\"https:\\\/\\\/carsa.ca\\\/fr\\\/shop\\\/\"},{\"@type\":\"ListItem\",\"position\":3,\"name\":\"Toyota Solara LED Headlight Fog Light Bulb (100W) 2004-2006\"}]},{\"@type\":\"WebSite\",\"@id\":\"https:\\\/\\\/carsa.ca\\\/#website\",\"url\":\"https:\\\/\\\/carsa.ca\\\/\",\"name\":\"Carsa Automotive Lighting System\",\"description\":\"\",\"publisher\":{\"@id\":\"https:\\\/\\\/carsa.ca\\\/#organization\"},\"potentialAction\":[{\"@type\":\"SearchAction\",\"target\":{\"@type\":\"EntryPoint\",\"urlTemplate\":\"https:\\\/\\\/carsa.ca\\\/?s={search_term_string}\"},\"query-input\":{\"@type\":\"PropertyValueSpecification\",\"valueRequired\":true,\"valueName\":\"search_term_string\"}}],\"inLanguage\":\"fr-FR\"},{\"@type\":\"Organization\",\"@id\":\"https:\\\/\\\/carsa.ca\\\/#organization\",\"name\":\"Carsa Automotive Lighting System\",\"url\":\"https:\\\/\\\/carsa.ca\\\/\",\"logo\":{\"@type\":\"ImageObject\",\"inLanguage\":\"fr-FR\",\"@id\":\"https:\\\/\\\/carsa.ca\\\/#\\\/schema\\\/logo\\\/image\\\/\",\"url\":\"https:\\\/\\\/carsa.ca\\\/wp-content\\\/uploads\\\/2024\\\/07\\\/CARSA-LOGO.svg\",\"contentUrl\":\"https:\\\/\\\/carsa.ca\\\/wp-content\\\/uploads\\\/2024\\\/07\\\/CARSA-LOGO.svg\",\"width\":2512,\"height\":504,\"caption\":\"Carsa Automotive Lighting System\"},\"image\":{\"@id\":\"https:\\\/\\\/carsa.ca\\\/#\\\/schema\\\/logo\\\/image\\\/\"}}]}<\/script>\n<!-- \/ Yoast SEO plugin. -->","yoast_head_json":{"title":"Ampoule de phare antibrouillard \u00e0 LED Toyota Solara (100 W) 2004-2006","description":"Toyota Solara LED Headlight Fog Light Bulb (100W) 2004-2006 - Carsa Automotive Lighting System - info@carsa.ca - Shipping - Canada - Other Country","robots":{"index":"index","follow":"follow","max-snippet":"max-snippet:-1","max-image-preview":"max-image-preview:large","max-video-preview":"max-video-preview:-1"},"canonical":"https:\/\/carsa.ca\/fr\/produit\/toyota-solara-led-headlight-fog-light-bulb-100w-2004-2006\/","og_locale":"fr_FR","og_type":"article","og_title":"Toyota Solara LED Headlight Fog Light Bulb (100W) 2004-2006 - Carsa Automotive Lighting System","og_description":"Toyota Solara LED Headlight Fog Light Bulb (100W) 2004-2006 - Carsa Automotive Lighting System carsa.ca","og_url":"https:\/\/carsa.ca\/fr\/produit\/toyota-solara-led-headlight-fog-light-bulb-100w-2004-2006\/","og_site_name":"Carsa Automotive Lighting System","article_modified_time":"2024-08-26T20:42:15+00:00","twitter_card":"summary_large_image","twitter_image":"https:\/\/carsa.ca\/wp-content\/uploads\/2024\/08\/5129303b-a283-4226-8eec-9ff7b2e3aa29.webp","twitter_misc":{"Dur\u00e9e de lecture estim\u00e9e":"1 minute"},"schema":{"@context":"https:\/\/schema.org","@graph":[{"@type":"WebPage","@id":"https:\/\/carsa.ca\/product\/toyota-solara-led-headlight-fog-light-bulb-100w-2004-2006\/","url":"https:\/\/carsa.ca\/product\/toyota-solara-led-headlight-fog-light-bulb-100w-2004-2006\/","name":"Ampoule de phare antibrouillard \u00e0 LED Toyota Solara (100 W) 2004-2006","isPartOf":{"@id":"https:\/\/carsa.ca\/#website"},"primaryImageOfPage":{"@id":"https:\/\/carsa.ca\/product\/toyota-solara-led-headlight-fog-light-bulb-100w-2004-2006\/#primaryimage"},"image":{"@id":"https:\/\/carsa.ca\/product\/toyota-solara-led-headlight-fog-light-bulb-100w-2004-2006\/#primaryimage"},"thumbnailUrl":"https:\/\/carsa.ca\/wp-content\/uploads\/2024\/08\/5129303b-a283-4226-8eec-9ff7b2e3aa29.webp","datePublished":"2024-08-06T20:29:48+00:00","dateModified":"2024-08-26T20:42:15+00:00","description":"Toyota Solara LED Headlight Fog Light Bulb (100W) 2004-2006 - Carsa Automotive Lighting System - info@carsa.ca - Shipping - Canada - Other Country","breadcrumb":{"@id":"https:\/\/carsa.ca\/product\/toyota-solara-led-headlight-fog-light-bulb-100w-2004-2006\/#breadcrumb"},"inLanguage":"fr-FR","potentialAction":[{"@type":"ReadAction","target":["https:\/\/carsa.ca\/product\/toyota-solara-led-headlight-fog-light-bulb-100w-2004-2006\/"]}]},{"@type":"ImageObject","inLanguage":"fr-FR","@id":"https:\/\/carsa.ca\/product\/toyota-solara-led-headlight-fog-light-bulb-100w-2004-2006\/#primaryimage","url":"https:\/\/carsa.ca\/wp-content\/uploads\/2024\/08\/5129303b-a283-4226-8eec-9ff7b2e3aa29.webp","contentUrl":"https:\/\/carsa.ca\/wp-content\/uploads\/2024\/08\/5129303b-a283-4226-8eec-9ff7b2e3aa29.webp","width":504,"height":333},{"@type":"BreadcrumbList","@id":"https:\/\/carsa.ca\/product\/toyota-solara-led-headlight-fog-light-bulb-100w-2004-2006\/#breadcrumb","itemListElement":[{"@type":"ListItem","position":1,"name":"Home","item":"https:\/\/carsa.ca\/"},{"@type":"ListItem","position":2,"name":"Shop","item":"https:\/\/carsa.ca\/fr\/shop\/"},{"@type":"ListItem","position":3,"name":"Toyota Solara LED Headlight Fog Light Bulb (100W) 2004-2006"}]},{"@type":"WebSite","@id":"https:\/\/carsa.ca\/#website","url":"https:\/\/carsa.ca\/","name":"Syst\u00e8me d&#039;\u00e9clairage automobile Carsa","description":"","publisher":{"@id":"https:\/\/carsa.ca\/#organization"},"potentialAction":[{"@type":"SearchAction","target":{"@type":"EntryPoint","urlTemplate":"https:\/\/carsa.ca\/?s={search_term_string}"},"query-input":{"@type":"PropertyValueSpecification","valueRequired":true,"valueName":"search_term_string"}}],"inLanguage":"fr-FR"},{"@type":"Organization","@id":"https:\/\/carsa.ca\/#organization","name":"Syst\u00e8me d&#039;\u00e9clairage automobile Carsa","url":"https:\/\/carsa.ca\/","logo":{"@type":"ImageObject","inLanguage":"fr-FR","@id":"https:\/\/carsa.ca\/#\/schema\/logo\/image\/","url":"https:\/\/carsa.ca\/wp-content\/uploads\/2024\/07\/CARSA-LOGO.svg","contentUrl":"https:\/\/carsa.ca\/wp-content\/uploads\/2024\/07\/CARSA-LOGO.svg","width":2512,"height":504,"caption":"Carsa Automotive Lighting System"},"image":{"@id":"https:\/\/carsa.ca\/#\/schema\/logo\/image\/"}}]}},"_links":{"self":[{"href":"https:\/\/carsa.ca\/fr\/wp-json\/wp\/v2\/product\/9607","targetHints":{"allow":["GET"]}}],"collection":[{"href":"https:\/\/carsa.ca\/fr\/wp-json\/wp\/v2\/product"}],"about":[{"href":"https:\/\/carsa.ca\/fr\/wp-json\/wp\/v2\/types\/product"}],"wp:featuredmedia":[{"embeddable":true,"href":"https:\/\/carsa.ca\/fr\/wp-json\/wp\/v2\/media\/9632"}],"wp:attachment":[{"href":"https:\/\/carsa.ca\/fr\/wp-json\/wp\/v2\/media?parent=9607"}],"wp:term":[{"taxonomy":"product_brand","embeddable":true,"href":"https:\/\/carsa.ca\/fr\/wp-json\/wp\/v2\/product_brand?post=9607"},{"taxonomy":"product_cat","embeddable":true,"href":"https:\/\/carsa.ca\/fr\/wp-json\/wp\/v2\/product_cat?post=9607"},{"taxonomy":"product_tag","embeddable":true,"href":"https:\/\/carsa.ca\/fr\/wp-json\/wp\/v2\/product_tag?post=9607"}],"curies":[{"name":"wp","href":"https:\/\/api.w.org\/{rel}","templated":true}]}}