{"id":9623,"date":"2024-08-06T20:29:48","date_gmt":"2024-08-06T20:29:48","guid":{"rendered":"https:\/\/demotasarim.online\/?post_type=product&#038;p=9623"},"modified":"2024-08-09T20:08:47","modified_gmt":"2024-08-09T20:08:47","slug":"2006-2019-toyota-yaris-led-headlight-bulb-100w-20000lm-i-2-bulbs","status":"publish","type":"product","link":"https:\/\/carsa.ca\/fr\/produit\/2006-2019-toyota-yaris-led-headlight-bulb-100w-20000lm-i-2-bulbs\/","title":{"rendered":"Ampoule de phare \u00e0 LED Toyota Yaris 2006-2019 100W 20000LM I 2 ampoules"},"content":{"rendered":"<p><strong>Ampoule de phare \u00e0 LED Toyota Yaris 2006-2019 100W 20000LM I 2 ampoules<\/strong><\/p>\n<p>Si vous souhaitez am\u00e9liorer \u00e0 la fois l&#039;apparence et la fonctionnalit\u00e9 de votre Toyota Yaris 2006-2019, optez pour un ensemble d&#039;ampoules de phares \u00e0 LED puissantes. Avec ces ampoules de phares \u00e0 LED 100w 20000lm, vos phares Toyota Yaris seront 3 fois plus lumineux !<\/p>\n<h3>Ampoule de phare \u00e0 LED pour Toyota Yaris<\/h3>\n<ul>\n<li><a href=\"https:\/\/carsa.ca\/fr\/produit\/h4-9003-hb2-led-headlight-bulbs\/\">Feux de route et de croisement \u2013 Ampoule LED H4<\/a><\/li>\n<\/ul>\n<p>&nbsp;<\/p>\n<p>Veuillez consulter notre page Instagram pour les r\u00e9sultats r\u00e9els\u00a0:<\/p>\n<ul>\n<li><a href=\"https:\/\/www.instagram.com\/carsa_autoparts\/?hl=en\">Instagram de Carsa Auto Parts<\/a><\/li>\n<\/ul>\n<p><img fetchpriority=\"high\" decoding=\"async\" class=\"size-medium wp-image-10117\" src=\"https:\/\/carsa.ca\/wp-content\/uploads\/2023\/01\/carsa_logo-Duzenlendi-e1673439029810-400x142.png\" alt=\"carsa.ca\" width=\"400\" height=\"142\" \/><\/p>","protected":false},"excerpt":{"rendered":"<ul>\n<li>100W 20000LM Haute Luminosit\u00e9<\/li>\n<li>Super Focus, aucune tache sombre<\/li>\n<li>Mod\u00e8le de faisceau r\u00e9glable<\/li>\n<li>Dissipation thermique maximale<\/li>\n<li>Conception CANBUS int\u00e9gr\u00e9e<\/li>\n<\/ul>","protected":false},"featured_media":9633,"template":"","meta":[],"product_brand":[],"product_cat":[521,359,561],"product_tag":[562,563,564,565,566],"class_list":{"0":"post-9623","1":"product","2":"type-product","3":"status-publish","4":"has-post-thumbnail","6":"product_cat-toyota","7":"product_cat-vehicles","8":"product_cat-yaris","9":"product_tag-toyota-yaris","10":"product_tag-toyota-yaris-auto-parts","11":"product_tag-toyota-yaris-led","12":"product_tag-toyota-yaris-led-headlight","13":"product_tag-toyota-yaris-led-headlight-bulb","14":"product_shipping_class-standart","16":"first","17":"instock","18":"sale","19":"taxable","20":"shipping-taxable","21":"purchasable","22":"product-type-simple","23":"add-to-wishlist-after_add_to_cart"},"yoast_head":"<!-- This site is optimized with the Yoast SEO plugin v27.3 - https:\/\/yoast.com\/product\/yoast-seo-wordpress\/ -->\n<title>2006-2019 Toyota Yaris LED Headlight Bulb 100W 20000LM I 2 Bulbs<\/title>\n<meta name=\"description\" content=\"2006-2019 Toyota Yaris LED Headlight Bulb 100W 20000LM I 2 Bulbs - Carsa Automotive Lighting System - HID &amp; LED Headlights - info@carsa.ca - Shipping - Canada\" \/>\n<meta name=\"robots\" content=\"index, follow, max-snippet:-1, max-image-preview:large, max-video-preview:-1\" \/>\n<link rel=\"canonical\" href=\"https:\/\/carsa.ca\/fr\/produit\/2006-2019-toyota-yaris-led-headlight-bulb-100w-20000lm-i-2-bulbs\/\" \/>\n<meta property=\"og:locale\" content=\"fr_FR\" \/>\n<meta property=\"og:type\" content=\"article\" \/>\n<meta property=\"og:title\" content=\"2006-2019 Toyota Yaris LED Headlight Bulb 100W 20000LM I 2 Bulbs - Carsa Automotive Lighting System\" \/>\n<meta property=\"og:description\" content=\"2006-2019 Toyota Yaris LED Headlight Bulb 100W 20000LM I 2 Bulbs - Carsa Automotive Lighting System carsa.ca\" \/>\n<meta property=\"og:url\" content=\"https:\/\/carsa.ca\/fr\/produit\/2006-2019-toyota-yaris-led-headlight-bulb-100w-20000lm-i-2-bulbs\/\" \/>\n<meta property=\"og:site_name\" content=\"Carsa Automotive Lighting System\" \/>\n<meta property=\"article:modified_time\" content=\"2024-08-09T20:08:47+00:00\" \/>\n<meta name=\"twitter:card\" content=\"summary_large_image\" \/>\n<meta name=\"twitter:image\" content=\"https:\/\/carsa.ca\/wp-content\/uploads\/2024\/08\/day-exterior-4_040.png\" \/>\n<meta name=\"twitter:label1\" content=\"Dur\u00e9e de lecture estim\u00e9e\" \/>\n\t<meta name=\"twitter:data1\" content=\"1 minute\" \/>\n<script type=\"application\/ld+json\" class=\"yoast-schema-graph\">{\"@context\":\"https:\\\/\\\/schema.org\",\"@graph\":[{\"@type\":\"WebPage\",\"@id\":\"https:\\\/\\\/carsa.ca\\\/product\\\/2006-2019-toyota-yaris-led-headlight-bulb-100w-20000lm-i-2-bulbs\\\/\",\"url\":\"https:\\\/\\\/carsa.ca\\\/product\\\/2006-2019-toyota-yaris-led-headlight-bulb-100w-20000lm-i-2-bulbs\\\/\",\"name\":\"2006-2019 Toyota Yaris LED Headlight Bulb 100W 20000LM I 2 Bulbs\",\"isPartOf\":{\"@id\":\"https:\\\/\\\/carsa.ca\\\/#website\"},\"primaryImageOfPage\":{\"@id\":\"https:\\\/\\\/carsa.ca\\\/product\\\/2006-2019-toyota-yaris-led-headlight-bulb-100w-20000lm-i-2-bulbs\\\/#primaryimage\"},\"image\":{\"@id\":\"https:\\\/\\\/carsa.ca\\\/product\\\/2006-2019-toyota-yaris-led-headlight-bulb-100w-20000lm-i-2-bulbs\\\/#primaryimage\"},\"thumbnailUrl\":\"https:\\\/\\\/carsa.ca\\\/wp-content\\\/uploads\\\/2024\\\/08\\\/day-exterior-4_040.png\",\"datePublished\":\"2024-08-06T20:29:48+00:00\",\"dateModified\":\"2024-08-09T20:08:47+00:00\",\"description\":\"2006-2019 Toyota Yaris LED Headlight Bulb 100W 20000LM I 2 Bulbs - Carsa Automotive Lighting System - HID &amp; LED Headlights - info@carsa.ca - Shipping - Canada\",\"breadcrumb\":{\"@id\":\"https:\\\/\\\/carsa.ca\\\/product\\\/2006-2019-toyota-yaris-led-headlight-bulb-100w-20000lm-i-2-bulbs\\\/#breadcrumb\"},\"inLanguage\":\"fr-FR\",\"potentialAction\":[{\"@type\":\"ReadAction\",\"target\":[\"https:\\\/\\\/carsa.ca\\\/product\\\/2006-2019-toyota-yaris-led-headlight-bulb-100w-20000lm-i-2-bulbs\\\/\"]}]},{\"@type\":\"ImageObject\",\"inLanguage\":\"fr-FR\",\"@id\":\"https:\\\/\\\/carsa.ca\\\/product\\\/2006-2019-toyota-yaris-led-headlight-bulb-100w-20000lm-i-2-bulbs\\\/#primaryimage\",\"url\":\"https:\\\/\\\/carsa.ca\\\/wp-content\\\/uploads\\\/2024\\\/08\\\/day-exterior-4_040.png\",\"contentUrl\":\"https:\\\/\\\/carsa.ca\\\/wp-content\\\/uploads\\\/2024\\\/08\\\/day-exterior-4_040.png\",\"width\":680,\"height\":359},{\"@type\":\"BreadcrumbList\",\"@id\":\"https:\\\/\\\/carsa.ca\\\/product\\\/2006-2019-toyota-yaris-led-headlight-bulb-100w-20000lm-i-2-bulbs\\\/#breadcrumb\",\"itemListElement\":[{\"@type\":\"ListItem\",\"position\":1,\"name\":\"Home\",\"item\":\"https:\\\/\\\/carsa.ca\\\/\"},{\"@type\":\"ListItem\",\"position\":2,\"name\":\"Shop\",\"item\":\"https:\\\/\\\/carsa.ca\\\/fr\\\/shop\\\/\"},{\"@type\":\"ListItem\",\"position\":3,\"name\":\"2006-2019 Toyota Yaris LED Headlight Bulb 100W 20000LM I 2 Bulbs\"}]},{\"@type\":\"WebSite\",\"@id\":\"https:\\\/\\\/carsa.ca\\\/#website\",\"url\":\"https:\\\/\\\/carsa.ca\\\/\",\"name\":\"Carsa Automotive Lighting System\",\"description\":\"\",\"publisher\":{\"@id\":\"https:\\\/\\\/carsa.ca\\\/#organization\"},\"potentialAction\":[{\"@type\":\"SearchAction\",\"target\":{\"@type\":\"EntryPoint\",\"urlTemplate\":\"https:\\\/\\\/carsa.ca\\\/?s={search_term_string}\"},\"query-input\":{\"@type\":\"PropertyValueSpecification\",\"valueRequired\":true,\"valueName\":\"search_term_string\"}}],\"inLanguage\":\"fr-FR\"},{\"@type\":\"Organization\",\"@id\":\"https:\\\/\\\/carsa.ca\\\/#organization\",\"name\":\"Carsa Automotive Lighting System\",\"url\":\"https:\\\/\\\/carsa.ca\\\/\",\"logo\":{\"@type\":\"ImageObject\",\"inLanguage\":\"fr-FR\",\"@id\":\"https:\\\/\\\/carsa.ca\\\/#\\\/schema\\\/logo\\\/image\\\/\",\"url\":\"https:\\\/\\\/carsa.ca\\\/wp-content\\\/uploads\\\/2024\\\/07\\\/CARSA-LOGO.svg\",\"contentUrl\":\"https:\\\/\\\/carsa.ca\\\/wp-content\\\/uploads\\\/2024\\\/07\\\/CARSA-LOGO.svg\",\"width\":2512,\"height\":504,\"caption\":\"Carsa Automotive Lighting System\"},\"image\":{\"@id\":\"https:\\\/\\\/carsa.ca\\\/#\\\/schema\\\/logo\\\/image\\\/\"}}]}<\/script>\n<!-- \/ Yoast SEO plugin. -->","yoast_head_json":{"title":"Ampoule de phare \u00e0 LED Toyota Yaris 2006-2019 100W 20000LM I 2 ampoules","description":"2006-2019 Toyota Yaris LED Headlight Bulb 100W 20000LM I 2 Bulbs - Carsa Automotive Lighting System - HID &amp; LED Headlights - info@carsa.ca - Shipping - Canada","robots":{"index":"index","follow":"follow","max-snippet":"max-snippet:-1","max-image-preview":"max-image-preview:large","max-video-preview":"max-video-preview:-1"},"canonical":"https:\/\/carsa.ca\/fr\/produit\/2006-2019-toyota-yaris-led-headlight-bulb-100w-20000lm-i-2-bulbs\/","og_locale":"fr_FR","og_type":"article","og_title":"2006-2019 Toyota Yaris LED Headlight Bulb 100W 20000LM I 2 Bulbs - Carsa Automotive Lighting System","og_description":"2006-2019 Toyota Yaris LED Headlight Bulb 100W 20000LM I 2 Bulbs - Carsa Automotive Lighting System carsa.ca","og_url":"https:\/\/carsa.ca\/fr\/produit\/2006-2019-toyota-yaris-led-headlight-bulb-100w-20000lm-i-2-bulbs\/","og_site_name":"Carsa Automotive Lighting System","article_modified_time":"2024-08-09T20:08:47+00:00","twitter_card":"summary_large_image","twitter_image":"https:\/\/carsa.ca\/wp-content\/uploads\/2024\/08\/day-exterior-4_040.png","twitter_misc":{"Dur\u00e9e de lecture estim\u00e9e":"1 minute"},"schema":{"@context":"https:\/\/schema.org","@graph":[{"@type":"WebPage","@id":"https:\/\/carsa.ca\/product\/2006-2019-toyota-yaris-led-headlight-bulb-100w-20000lm-i-2-bulbs\/","url":"https:\/\/carsa.ca\/product\/2006-2019-toyota-yaris-led-headlight-bulb-100w-20000lm-i-2-bulbs\/","name":"Ampoule de phare \u00e0 LED Toyota Yaris 2006-2019 100W 20000LM I 2 ampoules","isPartOf":{"@id":"https:\/\/carsa.ca\/#website"},"primaryImageOfPage":{"@id":"https:\/\/carsa.ca\/product\/2006-2019-toyota-yaris-led-headlight-bulb-100w-20000lm-i-2-bulbs\/#primaryimage"},"image":{"@id":"https:\/\/carsa.ca\/product\/2006-2019-toyota-yaris-led-headlight-bulb-100w-20000lm-i-2-bulbs\/#primaryimage"},"thumbnailUrl":"https:\/\/carsa.ca\/wp-content\/uploads\/2024\/08\/day-exterior-4_040.png","datePublished":"2024-08-06T20:29:48+00:00","dateModified":"2024-08-09T20:08:47+00:00","description":"2006-2019 Toyota Yaris LED Headlight Bulb 100W 20000LM I 2 Bulbs - Carsa Automotive Lighting System - HID &amp; LED Headlights - info@carsa.ca - Shipping - Canada","breadcrumb":{"@id":"https:\/\/carsa.ca\/product\/2006-2019-toyota-yaris-led-headlight-bulb-100w-20000lm-i-2-bulbs\/#breadcrumb"},"inLanguage":"fr-FR","potentialAction":[{"@type":"ReadAction","target":["https:\/\/carsa.ca\/product\/2006-2019-toyota-yaris-led-headlight-bulb-100w-20000lm-i-2-bulbs\/"]}]},{"@type":"ImageObject","inLanguage":"fr-FR","@id":"https:\/\/carsa.ca\/product\/2006-2019-toyota-yaris-led-headlight-bulb-100w-20000lm-i-2-bulbs\/#primaryimage","url":"https:\/\/carsa.ca\/wp-content\/uploads\/2024\/08\/day-exterior-4_040.png","contentUrl":"https:\/\/carsa.ca\/wp-content\/uploads\/2024\/08\/day-exterior-4_040.png","width":680,"height":359},{"@type":"BreadcrumbList","@id":"https:\/\/carsa.ca\/product\/2006-2019-toyota-yaris-led-headlight-bulb-100w-20000lm-i-2-bulbs\/#breadcrumb","itemListElement":[{"@type":"ListItem","position":1,"name":"Home","item":"https:\/\/carsa.ca\/"},{"@type":"ListItem","position":2,"name":"Shop","item":"https:\/\/carsa.ca\/fr\/shop\/"},{"@type":"ListItem","position":3,"name":"2006-2019 Toyota Yaris LED Headlight Bulb 100W 20000LM I 2 Bulbs"}]},{"@type":"WebSite","@id":"https:\/\/carsa.ca\/#website","url":"https:\/\/carsa.ca\/","name":"Syst\u00e8me d&#039;\u00e9clairage automobile Carsa","description":"","publisher":{"@id":"https:\/\/carsa.ca\/#organization"},"potentialAction":[{"@type":"SearchAction","target":{"@type":"EntryPoint","urlTemplate":"https:\/\/carsa.ca\/?s={search_term_string}"},"query-input":{"@type":"PropertyValueSpecification","valueRequired":true,"valueName":"search_term_string"}}],"inLanguage":"fr-FR"},{"@type":"Organization","@id":"https:\/\/carsa.ca\/#organization","name":"Syst\u00e8me d&#039;\u00e9clairage automobile Carsa","url":"https:\/\/carsa.ca\/","logo":{"@type":"ImageObject","inLanguage":"fr-FR","@id":"https:\/\/carsa.ca\/#\/schema\/logo\/image\/","url":"https:\/\/carsa.ca\/wp-content\/uploads\/2024\/07\/CARSA-LOGO.svg","contentUrl":"https:\/\/carsa.ca\/wp-content\/uploads\/2024\/07\/CARSA-LOGO.svg","width":2512,"height":504,"caption":"Carsa Automotive Lighting System"},"image":{"@id":"https:\/\/carsa.ca\/#\/schema\/logo\/image\/"}}]}},"_links":{"self":[{"href":"https:\/\/carsa.ca\/fr\/wp-json\/wp\/v2\/product\/9623","targetHints":{"allow":["GET"]}}],"collection":[{"href":"https:\/\/carsa.ca\/fr\/wp-json\/wp\/v2\/product"}],"about":[{"href":"https:\/\/carsa.ca\/fr\/wp-json\/wp\/v2\/types\/product"}],"wp:featuredmedia":[{"embeddable":true,"href":"https:\/\/carsa.ca\/fr\/wp-json\/wp\/v2\/media\/9633"}],"wp:attachment":[{"href":"https:\/\/carsa.ca\/fr\/wp-json\/wp\/v2\/media?parent=9623"}],"wp:term":[{"taxonomy":"product_brand","embeddable":true,"href":"https:\/\/carsa.ca\/fr\/wp-json\/wp\/v2\/product_brand?post=9623"},{"taxonomy":"product_cat","embeddable":true,"href":"https:\/\/carsa.ca\/fr\/wp-json\/wp\/v2\/product_cat?post=9623"},{"taxonomy":"product_tag","embeddable":true,"href":"https:\/\/carsa.ca\/fr\/wp-json\/wp\/v2\/product_tag?post=9623"}],"curies":[{"name":"wp","href":"https:\/\/api.w.org\/{rel}","templated":true}]}}