{"id":9646,"date":"2024-08-06T20:29:59","date_gmt":"2024-08-06T20:29:59","guid":{"rendered":"https:\/\/demotasarim.online\/?post_type=product&#038;p=9646"},"modified":"2024-08-09T20:08:48","modified_gmt":"2024-08-09T20:08:48","slug":"volkswagen-golf-2012-2017-low-beam-led-headlight-bulb-2-bulbs","status":"publish","type":"product","link":"https:\/\/carsa.ca\/fr\/produit\/volkswagen-golf-2012-2017-low-beam-led-headlight-bulb-2-bulbs\/","title":{"rendered":"Ampoule de phare \u00e0 LED pour feux de croisement Volkswagen Golf 2012-2017 | 2 ampoules"},"content":{"rendered":"<h3 class=\"product-title product_title entry-title\">Ampoule de phare \u00e0 LED pour feux de croisement Volkswagen Golf 2012-2017 | 2 ampoules<\/h3>\n<p>Vous n&#039;avez pas trouv\u00e9 d&#039;ampoules LED H7 pour feux de croisement adapt\u00e9es \u00e0 votre Volkswagen Golf 2012 \u2013 2017 ? Les ampoules LED H7 personnalis\u00e9es de Carsa sont l\u00e0 pour votre Volkswagen Golf ! Avec ces ampoules LED H7 plug-play, vous pouvez mettre \u00e0 niveau vos feux de croisement Volkswagen Golf sans aucune modification et les rendre 300% plus lumineux !<\/p>\n<div id=\"row-392702063\" class=\"row row-small\">\n<div id=\"col-694204621\" class=\"col medium-12 small-12 large-12\">\n<div class=\"col-inner\">\n<p>Ampoule LED H7 pour feux de croisement personnalis\u00e9e, sp\u00e9cialement con\u00e7ue pour les mod\u00e8les Volkswagen et Mercedes-Benz. Aucun clip de fixation suppl\u00e9mentaire n&#039;est n\u00e9cessaire, 100% plug and play. Gr\u00e2ce \u00e0 sa conception tout-en-un, \u00e9conomisez du temps et des efforts lors de la mise \u00e0 niveau de vos feux de croisement !<\/p>\n<\/div>\n<\/div>\n<\/div>\n<p><img fetchpriority=\"high\" decoding=\"async\" class=\"size-medium wp-image-10117\" src=\"https:\/\/carsa.ca\/wp-content\/uploads\/2023\/01\/carsa_logo-Duzenlendi-e1673439029810-400x142.png\" alt=\"carsa.ca\" width=\"400\" height=\"142\" \/><\/p>","protected":false},"excerpt":{"rendered":"<p>Volkswagen Golf 2012-2017 Low Beam LED Headlight Bulb | 2 Bulbs Could not find suitable H7 low beam LED bulbs for your Volkswagen Golf 2012 &#8211; 2017? Carsa custom H7 LED bulbs are right here for your Volkswagen Golf! With this plug-play H7 led bulbs, you can upgrade your Volkswagen Golf low beam headlights without [&hellip;]<\/p>\n","protected":false},"featured_media":9665,"template":"","meta":[],"product_brand":[],"product_cat":[567,575,576,359],"product_tag":[569,570,571,572,573,574,577,578,579],"class_list":{"0":"post-9646","1":"product","2":"type-product","3":"status-publish","4":"has-post-thumbnail","6":"product_cat-for-wolkswagen","7":"product_cat-golf","8":"product_cat-gti","9":"product_cat-vehicles","10":"product_tag-volkswagen-beetle","11":"product_tag-volkswagen-beetle-auto-parts","12":"product_tag-volkswagen-beetle-lamp","13":"product_tag-volkswagen-beetle-led","14":"product_tag-volkswagen-beetle-led-headlight","15":"product_tag-volkswagen-beetle-led-headlight-bulb","16":"product_tag-volkswagen-golf","17":"product_tag-volkswagen-golf-h7-low-beam-led-headlight-bulb-6500k-white-2018-2019","18":"product_tag-volkswagen-golf-low-beam-led-headlight-bulb-white-yellow-2018-2019","19":"product_shipping_class-standart","21":"first","22":"instock","23":"sale","24":"taxable","25":"shipping-taxable","26":"purchasable","27":"product-type-simple","28":"add-to-wishlist-after_add_to_cart"},"yoast_head":"<!-- This site is optimized with the Yoast SEO plugin v27.3 - https:\/\/yoast.com\/product\/yoast-seo-wordpress\/ -->\n<title>Volkswagen Golf 2012-2017 Low Beam LED Headlight Bulb<\/title>\n<meta name=\"description\" content=\"Volkswagen Golf 2012-2017 Low Beam LED Headlight Bulb | 2 Bulbs - Carsa Automotive Lighting System - info@carsa.ca - Shipping - Canada - Other Country\" \/>\n<meta name=\"robots\" content=\"index, follow, max-snippet:-1, max-image-preview:large, max-video-preview:-1\" \/>\n<link rel=\"canonical\" href=\"https:\/\/carsa.ca\/fr\/produit\/volkswagen-golf-2012-2017-low-beam-led-headlight-bulb-2-bulbs\/\" \/>\n<meta property=\"og:locale\" content=\"fr_FR\" \/>\n<meta property=\"og:type\" content=\"article\" \/>\n<meta property=\"og:title\" content=\"Volkswagen Golf 2012-2017 Low Beam LED Headlight Bulb | 2 Bulbs - Carsa Automotive Lighting System\" \/>\n<meta property=\"og:description\" content=\"Volkswagen Golf 2012-2017 Low Beam LED Headlight Bulb | 2 Bulbs - Carsa Automotive Lighting System carsa.ca\" \/>\n<meta property=\"og:url\" content=\"https:\/\/carsa.ca\/fr\/produit\/volkswagen-golf-2012-2017-low-beam-led-headlight-bulb-2-bulbs\/\" \/>\n<meta property=\"og:site_name\" content=\"Carsa Automotive Lighting System\" \/>\n<meta property=\"article:modified_time\" content=\"2024-08-09T20:08:48+00:00\" \/>\n<meta name=\"twitter:card\" content=\"summary_large_image\" \/>\n<meta name=\"twitter:image\" content=\"https:\/\/carsa.ca\/wp-content\/uploads\/2024\/08\/golf-2018.webp\" \/>\n<meta name=\"twitter:label1\" content=\"Dur\u00e9e de lecture estim\u00e9e\" \/>\n\t<meta name=\"twitter:data1\" content=\"1 minute\" \/>\n<script type=\"application\/ld+json\" class=\"yoast-schema-graph\">{\"@context\":\"https:\\\/\\\/schema.org\",\"@graph\":[{\"@type\":\"WebPage\",\"@id\":\"https:\\\/\\\/carsa.ca\\\/product\\\/volkswagen-golf-2012-2017-low-beam-led-headlight-bulb-2-bulbs\\\/\",\"url\":\"https:\\\/\\\/carsa.ca\\\/product\\\/volkswagen-golf-2012-2017-low-beam-led-headlight-bulb-2-bulbs\\\/\",\"name\":\"Volkswagen Golf 2012-2017 Low Beam LED Headlight Bulb\",\"isPartOf\":{\"@id\":\"https:\\\/\\\/carsa.ca\\\/#website\"},\"primaryImageOfPage\":{\"@id\":\"https:\\\/\\\/carsa.ca\\\/product\\\/volkswagen-golf-2012-2017-low-beam-led-headlight-bulb-2-bulbs\\\/#primaryimage\"},\"image\":{\"@id\":\"https:\\\/\\\/carsa.ca\\\/product\\\/volkswagen-golf-2012-2017-low-beam-led-headlight-bulb-2-bulbs\\\/#primaryimage\"},\"thumbnailUrl\":\"https:\\\/\\\/carsa.ca\\\/wp-content\\\/uploads\\\/2024\\\/08\\\/golf-2018.webp\",\"datePublished\":\"2024-08-06T20:29:59+00:00\",\"dateModified\":\"2024-08-09T20:08:48+00:00\",\"description\":\"Volkswagen Golf 2012-2017 Low Beam LED Headlight Bulb | 2 Bulbs - Carsa Automotive Lighting System - info@carsa.ca - Shipping - Canada - Other Country\",\"breadcrumb\":{\"@id\":\"https:\\\/\\\/carsa.ca\\\/product\\\/volkswagen-golf-2012-2017-low-beam-led-headlight-bulb-2-bulbs\\\/#breadcrumb\"},\"inLanguage\":\"fr-FR\",\"potentialAction\":[{\"@type\":\"ReadAction\",\"target\":[\"https:\\\/\\\/carsa.ca\\\/product\\\/volkswagen-golf-2012-2017-low-beam-led-headlight-bulb-2-bulbs\\\/\"]}]},{\"@type\":\"ImageObject\",\"inLanguage\":\"fr-FR\",\"@id\":\"https:\\\/\\\/carsa.ca\\\/product\\\/volkswagen-golf-2012-2017-low-beam-led-headlight-bulb-2-bulbs\\\/#primaryimage\",\"url\":\"https:\\\/\\\/carsa.ca\\\/wp-content\\\/uploads\\\/2024\\\/08\\\/golf-2018.webp\",\"contentUrl\":\"https:\\\/\\\/carsa.ca\\\/wp-content\\\/uploads\\\/2024\\\/08\\\/golf-2018.webp\",\"width\":504,\"height\":333},{\"@type\":\"BreadcrumbList\",\"@id\":\"https:\\\/\\\/carsa.ca\\\/product\\\/volkswagen-golf-2012-2017-low-beam-led-headlight-bulb-2-bulbs\\\/#breadcrumb\",\"itemListElement\":[{\"@type\":\"ListItem\",\"position\":1,\"name\":\"Home\",\"item\":\"https:\\\/\\\/carsa.ca\\\/\"},{\"@type\":\"ListItem\",\"position\":2,\"name\":\"Shop\",\"item\":\"https:\\\/\\\/carsa.ca\\\/fr\\\/shop\\\/\"},{\"@type\":\"ListItem\",\"position\":3,\"name\":\"Volkswagen Golf 2012-2017 Low Beam LED Headlight Bulb | 2 Bulbs\"}]},{\"@type\":\"WebSite\",\"@id\":\"https:\\\/\\\/carsa.ca\\\/#website\",\"url\":\"https:\\\/\\\/carsa.ca\\\/\",\"name\":\"Carsa Automotive Lighting System\",\"description\":\"\",\"publisher\":{\"@id\":\"https:\\\/\\\/carsa.ca\\\/#organization\"},\"potentialAction\":[{\"@type\":\"SearchAction\",\"target\":{\"@type\":\"EntryPoint\",\"urlTemplate\":\"https:\\\/\\\/carsa.ca\\\/?s={search_term_string}\"},\"query-input\":{\"@type\":\"PropertyValueSpecification\",\"valueRequired\":true,\"valueName\":\"search_term_string\"}}],\"inLanguage\":\"fr-FR\"},{\"@type\":\"Organization\",\"@id\":\"https:\\\/\\\/carsa.ca\\\/#organization\",\"name\":\"Carsa Automotive Lighting System\",\"url\":\"https:\\\/\\\/carsa.ca\\\/\",\"logo\":{\"@type\":\"ImageObject\",\"inLanguage\":\"fr-FR\",\"@id\":\"https:\\\/\\\/carsa.ca\\\/#\\\/schema\\\/logo\\\/image\\\/\",\"url\":\"https:\\\/\\\/carsa.ca\\\/wp-content\\\/uploads\\\/2024\\\/07\\\/CARSA-LOGO.svg\",\"contentUrl\":\"https:\\\/\\\/carsa.ca\\\/wp-content\\\/uploads\\\/2024\\\/07\\\/CARSA-LOGO.svg\",\"width\":2512,\"height\":504,\"caption\":\"Carsa Automotive Lighting System\"},\"image\":{\"@id\":\"https:\\\/\\\/carsa.ca\\\/#\\\/schema\\\/logo\\\/image\\\/\"}}]}<\/script>\n<!-- \/ Yoast SEO plugin. -->","yoast_head_json":{"title":"Volkswagen Golf 2012-2017 Low Beam LED Headlight Bulb","description":"Volkswagen Golf 2012-2017 Low Beam LED Headlight Bulb | 2 Bulbs - Carsa Automotive Lighting System - info@carsa.ca - Shipping - Canada - Other Country","robots":{"index":"index","follow":"follow","max-snippet":"max-snippet:-1","max-image-preview":"max-image-preview:large","max-video-preview":"max-video-preview:-1"},"canonical":"https:\/\/carsa.ca\/fr\/produit\/volkswagen-golf-2012-2017-low-beam-led-headlight-bulb-2-bulbs\/","og_locale":"fr_FR","og_type":"article","og_title":"Volkswagen Golf 2012-2017 Low Beam LED Headlight Bulb | 2 Bulbs - Carsa Automotive Lighting System","og_description":"Volkswagen Golf 2012-2017 Low Beam LED Headlight Bulb | 2 Bulbs - Carsa Automotive Lighting System carsa.ca","og_url":"https:\/\/carsa.ca\/fr\/produit\/volkswagen-golf-2012-2017-low-beam-led-headlight-bulb-2-bulbs\/","og_site_name":"Carsa Automotive Lighting System","article_modified_time":"2024-08-09T20:08:48+00:00","twitter_card":"summary_large_image","twitter_image":"https:\/\/carsa.ca\/wp-content\/uploads\/2024\/08\/golf-2018.webp","twitter_misc":{"Dur\u00e9e de lecture estim\u00e9e":"1 minute"},"schema":{"@context":"https:\/\/schema.org","@graph":[{"@type":"WebPage","@id":"https:\/\/carsa.ca\/product\/volkswagen-golf-2012-2017-low-beam-led-headlight-bulb-2-bulbs\/","url":"https:\/\/carsa.ca\/product\/volkswagen-golf-2012-2017-low-beam-led-headlight-bulb-2-bulbs\/","name":"Volkswagen Golf 2012-2017 Low Beam LED Headlight Bulb","isPartOf":{"@id":"https:\/\/carsa.ca\/#website"},"primaryImageOfPage":{"@id":"https:\/\/carsa.ca\/product\/volkswagen-golf-2012-2017-low-beam-led-headlight-bulb-2-bulbs\/#primaryimage"},"image":{"@id":"https:\/\/carsa.ca\/product\/volkswagen-golf-2012-2017-low-beam-led-headlight-bulb-2-bulbs\/#primaryimage"},"thumbnailUrl":"https:\/\/carsa.ca\/wp-content\/uploads\/2024\/08\/golf-2018.webp","datePublished":"2024-08-06T20:29:59+00:00","dateModified":"2024-08-09T20:08:48+00:00","description":"Volkswagen Golf 2012-2017 Low Beam LED Headlight Bulb | 2 Bulbs - Carsa Automotive Lighting System - info@carsa.ca - Shipping - Canada - Other Country","breadcrumb":{"@id":"https:\/\/carsa.ca\/product\/volkswagen-golf-2012-2017-low-beam-led-headlight-bulb-2-bulbs\/#breadcrumb"},"inLanguage":"fr-FR","potentialAction":[{"@type":"ReadAction","target":["https:\/\/carsa.ca\/product\/volkswagen-golf-2012-2017-low-beam-led-headlight-bulb-2-bulbs\/"]}]},{"@type":"ImageObject","inLanguage":"fr-FR","@id":"https:\/\/carsa.ca\/product\/volkswagen-golf-2012-2017-low-beam-led-headlight-bulb-2-bulbs\/#primaryimage","url":"https:\/\/carsa.ca\/wp-content\/uploads\/2024\/08\/golf-2018.webp","contentUrl":"https:\/\/carsa.ca\/wp-content\/uploads\/2024\/08\/golf-2018.webp","width":504,"height":333},{"@type":"BreadcrumbList","@id":"https:\/\/carsa.ca\/product\/volkswagen-golf-2012-2017-low-beam-led-headlight-bulb-2-bulbs\/#breadcrumb","itemListElement":[{"@type":"ListItem","position":1,"name":"Home","item":"https:\/\/carsa.ca\/"},{"@type":"ListItem","position":2,"name":"Shop","item":"https:\/\/carsa.ca\/fr\/shop\/"},{"@type":"ListItem","position":3,"name":"Volkswagen Golf 2012-2017 Low Beam LED Headlight Bulb | 2 Bulbs"}]},{"@type":"WebSite","@id":"https:\/\/carsa.ca\/#website","url":"https:\/\/carsa.ca\/","name":"Syst\u00e8me d&#039;\u00e9clairage automobile Carsa","description":"","publisher":{"@id":"https:\/\/carsa.ca\/#organization"},"potentialAction":[{"@type":"SearchAction","target":{"@type":"EntryPoint","urlTemplate":"https:\/\/carsa.ca\/?s={search_term_string}"},"query-input":{"@type":"PropertyValueSpecification","valueRequired":true,"valueName":"search_term_string"}}],"inLanguage":"fr-FR"},{"@type":"Organization","@id":"https:\/\/carsa.ca\/#organization","name":"Syst\u00e8me d&#039;\u00e9clairage automobile Carsa","url":"https:\/\/carsa.ca\/","logo":{"@type":"ImageObject","inLanguage":"fr-FR","@id":"https:\/\/carsa.ca\/#\/schema\/logo\/image\/","url":"https:\/\/carsa.ca\/wp-content\/uploads\/2024\/07\/CARSA-LOGO.svg","contentUrl":"https:\/\/carsa.ca\/wp-content\/uploads\/2024\/07\/CARSA-LOGO.svg","width":2512,"height":504,"caption":"Carsa Automotive Lighting System"},"image":{"@id":"https:\/\/carsa.ca\/#\/schema\/logo\/image\/"}}]}},"_links":{"self":[{"href":"https:\/\/carsa.ca\/fr\/wp-json\/wp\/v2\/product\/9646","targetHints":{"allow":["GET"]}}],"collection":[{"href":"https:\/\/carsa.ca\/fr\/wp-json\/wp\/v2\/product"}],"about":[{"href":"https:\/\/carsa.ca\/fr\/wp-json\/wp\/v2\/types\/product"}],"wp:featuredmedia":[{"embeddable":true,"href":"https:\/\/carsa.ca\/fr\/wp-json\/wp\/v2\/media\/9665"}],"wp:attachment":[{"href":"https:\/\/carsa.ca\/fr\/wp-json\/wp\/v2\/media?parent=9646"}],"wp:term":[{"taxonomy":"product_brand","embeddable":true,"href":"https:\/\/carsa.ca\/fr\/wp-json\/wp\/v2\/product_brand?post=9646"},{"taxonomy":"product_cat","embeddable":true,"href":"https:\/\/carsa.ca\/fr\/wp-json\/wp\/v2\/product_cat?post=9646"},{"taxonomy":"product_tag","embeddable":true,"href":"https:\/\/carsa.ca\/fr\/wp-json\/wp\/v2\/product_tag?post=9646"}],"curies":[{"name":"wp","href":"https:\/\/api.w.org\/{rel}","templated":true}]}}