{"id":9649,"date":"2024-08-06T20:29:59","date_gmt":"2024-08-06T20:29:59","guid":{"rendered":"https:\/\/demotasarim.online\/?post_type=product&#038;p=9649"},"modified":"2024-08-09T20:08:49","modified_gmt":"2024-08-09T20:08:49","slug":"volkswagen-golf-sport-wagen-2015-2017-high-beam-h15-led-headlight-bulb-2-bulbs","status":"publish","type":"product","link":"https:\/\/carsa.ca\/fr\/produit\/volkswagen-golf-sport-wagen-2015-2017-high-beam-h15-led-headlight-bulb-2-bulbs\/","title":{"rendered":"Ampoule de phare LED H15 pour feux de route Volkswagen Golf Sport Wagen 2015-2017 | 2 ampoules"},"content":{"rendered":"<h3 class=\"product-title product_title entry-title\">Ampoule de phare LED H15 pour feux de route Volkswagen Golf Sport Wagen 2015-2017<\/h3>\n<p>La Volkswagen Golf R vaut le coup d&#039;\u0153il si vous avez besoin d&#039;une voiture rapide mais aussi tr\u00e8s discr\u00e8te. L&#039;ampoule Hi\/Lo 55\/15W sur son phare principal lui permet de fonctionner sur les feux de route focalis\u00e9s et les fonctions DRL. Il vaut la peine de mettre \u00e0 niveau toute l&#039;ampoule d&#039;\u00e9clairage des feux de route avec l&#039;ampoule de phare LED H15 int\u00e9gr\u00e9e de Carsa sur la Volkswagen Golf R 2020-2017.<\/p>\n<p><img fetchpriority=\"high\" decoding=\"async\" class=\"size-medium wp-image-10117\" src=\"https:\/\/carsa.ca\/wp-content\/uploads\/2023\/01\/carsa_logo-Duzenlendi-e1673439029810-400x142.png\" alt=\"carsa.ca\" width=\"400\" height=\"142\" \/><\/p>","protected":false},"excerpt":{"rendered":"<p>Volkswagen Golf Sport Wagen 2015-2017 High Beam H15 LED Headlight Bulb The Volkswagen Golf R is well worth a look if you need a fast car but also very discreet. The 55\/15W Hi\/Lo bulb on its main beam headlight lets it works on focus high beam headlight and the DRL functions. It is worthy to [&hellip;]<\/p>\n","protected":false},"featured_media":9665,"template":"","meta":[],"product_brand":[],"product_cat":[567,575,576,359],"product_tag":[569,570,571,572,573,574,577,578,579,580,581,582,583],"class_list":{"0":"post-9649","1":"product","2":"type-product","3":"status-publish","4":"has-post-thumbnail","6":"product_cat-for-wolkswagen","7":"product_cat-golf","8":"product_cat-gti","9":"product_cat-vehicles","10":"product_tag-volkswagen-beetle","11":"product_tag-volkswagen-beetle-auto-parts","12":"product_tag-volkswagen-beetle-lamp","13":"product_tag-volkswagen-beetle-led","14":"product_tag-volkswagen-beetle-led-headlight","15":"product_tag-volkswagen-beetle-led-headlight-bulb","16":"product_tag-volkswagen-golf","17":"product_tag-volkswagen-golf-h7-low-beam-led-headlight-bulb-6500k-white-2018-2019","18":"product_tag-volkswagen-golf-low-beam-led-headlight-bulb-white-yellow-2018-2019","19":"product_tag-volkswagen-golf-r-2012-2017","20":"product_tag-volkswagen-golf-r-2012-2017-high-beam-h15-led-headlight-bulb","21":"product_tag-volkswagen-golf-sport-wagen-2015-2017-high-beam-h15-led-headlight-bulb","22":"product_tag-volkswagen-golf-sport-wagen-high-beam-h15-led-headlight-bulb","23":"product_shipping_class-standart","25":"first","26":"instock","27":"sale","28":"taxable","29":"shipping-taxable","30":"purchasable","31":"product-type-simple","32":"add-to-wishlist-after_add_to_cart"},"yoast_head":"<!-- This site is optimized with the Yoast SEO plugin v27.3 - https:\/\/yoast.com\/product\/yoast-seo-wordpress\/ -->\n<title>Volkswagen Golf Sport Wagen High Beam H15 LED Headlight Bulb<\/title>\n<meta name=\"description\" content=\"Volkswagen Golf Sport Wagen 2015-2017 High Beam H15 LED Headlight Bulb | 2 Bulbs - Carsa Automotive Lighting System - info@carsa.ca - Shipping - Canada - Other Country\" \/>\n<meta name=\"robots\" content=\"index, follow, max-snippet:-1, max-image-preview:large, max-video-preview:-1\" \/>\n<link rel=\"canonical\" href=\"https:\/\/carsa.ca\/fr\/produit\/volkswagen-golf-sport-wagen-2015-2017-high-beam-h15-led-headlight-bulb-2-bulbs\/\" \/>\n<meta property=\"og:locale\" content=\"fr_FR\" \/>\n<meta property=\"og:type\" content=\"article\" \/>\n<meta property=\"og:title\" content=\"Volkswagen Golf Sport Wagen 2015-2017 High Beam H15 LED Headlight Bulb | 2 Bulbs - Carsa Automotive Lighting System\" \/>\n<meta property=\"og:description\" content=\"Volkswagen Golf Sport Wagen 2015-2017 High Beam H15 LED Headlight Bulb | 2 Bulbs - Carsa Automotive Lighting System carsa.ca\" \/>\n<meta property=\"og:url\" content=\"https:\/\/carsa.ca\/fr\/produit\/volkswagen-golf-sport-wagen-2015-2017-high-beam-h15-led-headlight-bulb-2-bulbs\/\" \/>\n<meta property=\"og:site_name\" content=\"Carsa Automotive Lighting System\" \/>\n<meta property=\"article:modified_time\" content=\"2024-08-09T20:08:49+00:00\" \/>\n<meta name=\"twitter:card\" content=\"summary_large_image\" \/>\n<meta name=\"twitter:image\" content=\"https:\/\/carsa.ca\/wp-content\/uploads\/2024\/08\/golf-2018.webp\" \/>\n<meta name=\"twitter:label1\" content=\"Dur\u00e9e de lecture estim\u00e9e\" \/>\n\t<meta name=\"twitter:data1\" content=\"1 minute\" \/>\n<script type=\"application\/ld+json\" class=\"yoast-schema-graph\">{\"@context\":\"https:\\\/\\\/schema.org\",\"@graph\":[{\"@type\":\"WebPage\",\"@id\":\"https:\\\/\\\/carsa.ca\\\/product\\\/volkswagen-golf-sport-wagen-2015-2017-high-beam-h15-led-headlight-bulb-2-bulbs\\\/\",\"url\":\"https:\\\/\\\/carsa.ca\\\/product\\\/volkswagen-golf-sport-wagen-2015-2017-high-beam-h15-led-headlight-bulb-2-bulbs\\\/\",\"name\":\"Volkswagen Golf Sport Wagen High Beam H15 LED Headlight Bulb\",\"isPartOf\":{\"@id\":\"https:\\\/\\\/carsa.ca\\\/#website\"},\"primaryImageOfPage\":{\"@id\":\"https:\\\/\\\/carsa.ca\\\/product\\\/volkswagen-golf-sport-wagen-2015-2017-high-beam-h15-led-headlight-bulb-2-bulbs\\\/#primaryimage\"},\"image\":{\"@id\":\"https:\\\/\\\/carsa.ca\\\/product\\\/volkswagen-golf-sport-wagen-2015-2017-high-beam-h15-led-headlight-bulb-2-bulbs\\\/#primaryimage\"},\"thumbnailUrl\":\"https:\\\/\\\/carsa.ca\\\/wp-content\\\/uploads\\\/2024\\\/08\\\/golf-2018.webp\",\"datePublished\":\"2024-08-06T20:29:59+00:00\",\"dateModified\":\"2024-08-09T20:08:49+00:00\",\"description\":\"Volkswagen Golf Sport Wagen 2015-2017 High Beam H15 LED Headlight Bulb | 2 Bulbs - Carsa Automotive Lighting System - info@carsa.ca - Shipping - Canada - Other Country\",\"breadcrumb\":{\"@id\":\"https:\\\/\\\/carsa.ca\\\/product\\\/volkswagen-golf-sport-wagen-2015-2017-high-beam-h15-led-headlight-bulb-2-bulbs\\\/#breadcrumb\"},\"inLanguage\":\"fr-FR\",\"potentialAction\":[{\"@type\":\"ReadAction\",\"target\":[\"https:\\\/\\\/carsa.ca\\\/product\\\/volkswagen-golf-sport-wagen-2015-2017-high-beam-h15-led-headlight-bulb-2-bulbs\\\/\"]}]},{\"@type\":\"ImageObject\",\"inLanguage\":\"fr-FR\",\"@id\":\"https:\\\/\\\/carsa.ca\\\/product\\\/volkswagen-golf-sport-wagen-2015-2017-high-beam-h15-led-headlight-bulb-2-bulbs\\\/#primaryimage\",\"url\":\"https:\\\/\\\/carsa.ca\\\/wp-content\\\/uploads\\\/2024\\\/08\\\/golf-2018.webp\",\"contentUrl\":\"https:\\\/\\\/carsa.ca\\\/wp-content\\\/uploads\\\/2024\\\/08\\\/golf-2018.webp\",\"width\":504,\"height\":333},{\"@type\":\"BreadcrumbList\",\"@id\":\"https:\\\/\\\/carsa.ca\\\/product\\\/volkswagen-golf-sport-wagen-2015-2017-high-beam-h15-led-headlight-bulb-2-bulbs\\\/#breadcrumb\",\"itemListElement\":[{\"@type\":\"ListItem\",\"position\":1,\"name\":\"Home\",\"item\":\"https:\\\/\\\/carsa.ca\\\/\"},{\"@type\":\"ListItem\",\"position\":2,\"name\":\"Shop\",\"item\":\"https:\\\/\\\/carsa.ca\\\/fr\\\/shop\\\/\"},{\"@type\":\"ListItem\",\"position\":3,\"name\":\"Volkswagen Golf Sport Wagen 2015-2017 High Beam H15 LED Headlight Bulb | 2 Bulbs\"}]},{\"@type\":\"WebSite\",\"@id\":\"https:\\\/\\\/carsa.ca\\\/#website\",\"url\":\"https:\\\/\\\/carsa.ca\\\/\",\"name\":\"Carsa Automotive Lighting System\",\"description\":\"\",\"publisher\":{\"@id\":\"https:\\\/\\\/carsa.ca\\\/#organization\"},\"potentialAction\":[{\"@type\":\"SearchAction\",\"target\":{\"@type\":\"EntryPoint\",\"urlTemplate\":\"https:\\\/\\\/carsa.ca\\\/?s={search_term_string}\"},\"query-input\":{\"@type\":\"PropertyValueSpecification\",\"valueRequired\":true,\"valueName\":\"search_term_string\"}}],\"inLanguage\":\"fr-FR\"},{\"@type\":\"Organization\",\"@id\":\"https:\\\/\\\/carsa.ca\\\/#organization\",\"name\":\"Carsa Automotive Lighting System\",\"url\":\"https:\\\/\\\/carsa.ca\\\/\",\"logo\":{\"@type\":\"ImageObject\",\"inLanguage\":\"fr-FR\",\"@id\":\"https:\\\/\\\/carsa.ca\\\/#\\\/schema\\\/logo\\\/image\\\/\",\"url\":\"https:\\\/\\\/carsa.ca\\\/wp-content\\\/uploads\\\/2024\\\/07\\\/CARSA-LOGO.svg\",\"contentUrl\":\"https:\\\/\\\/carsa.ca\\\/wp-content\\\/uploads\\\/2024\\\/07\\\/CARSA-LOGO.svg\",\"width\":2512,\"height\":504,\"caption\":\"Carsa Automotive Lighting System\"},\"image\":{\"@id\":\"https:\\\/\\\/carsa.ca\\\/#\\\/schema\\\/logo\\\/image\\\/\"}}]}<\/script>\n<!-- \/ Yoast SEO plugin. -->","yoast_head_json":{"title":"Ampoule de phare LED H15 pour feux de route Volkswagen Golf Sport Wagen","description":"Volkswagen Golf Sport Wagen 2015-2017 High Beam H15 LED Headlight Bulb | 2 Bulbs - Carsa Automotive Lighting System - info@carsa.ca - Shipping - Canada - Other Country","robots":{"index":"index","follow":"follow","max-snippet":"max-snippet:-1","max-image-preview":"max-image-preview:large","max-video-preview":"max-video-preview:-1"},"canonical":"https:\/\/carsa.ca\/fr\/produit\/volkswagen-golf-sport-wagen-2015-2017-high-beam-h15-led-headlight-bulb-2-bulbs\/","og_locale":"fr_FR","og_type":"article","og_title":"Volkswagen Golf Sport Wagen 2015-2017 High Beam H15 LED Headlight Bulb | 2 Bulbs - Carsa Automotive Lighting System","og_description":"Volkswagen Golf Sport Wagen 2015-2017 High Beam H15 LED Headlight Bulb | 2 Bulbs - Carsa Automotive Lighting System carsa.ca","og_url":"https:\/\/carsa.ca\/fr\/produit\/volkswagen-golf-sport-wagen-2015-2017-high-beam-h15-led-headlight-bulb-2-bulbs\/","og_site_name":"Carsa Automotive Lighting System","article_modified_time":"2024-08-09T20:08:49+00:00","twitter_card":"summary_large_image","twitter_image":"https:\/\/carsa.ca\/wp-content\/uploads\/2024\/08\/golf-2018.webp","twitter_misc":{"Dur\u00e9e de lecture estim\u00e9e":"1 minute"},"schema":{"@context":"https:\/\/schema.org","@graph":[{"@type":"WebPage","@id":"https:\/\/carsa.ca\/product\/volkswagen-golf-sport-wagen-2015-2017-high-beam-h15-led-headlight-bulb-2-bulbs\/","url":"https:\/\/carsa.ca\/product\/volkswagen-golf-sport-wagen-2015-2017-high-beam-h15-led-headlight-bulb-2-bulbs\/","name":"Ampoule de phare LED H15 pour feux de route Volkswagen Golf Sport Wagen","isPartOf":{"@id":"https:\/\/carsa.ca\/#website"},"primaryImageOfPage":{"@id":"https:\/\/carsa.ca\/product\/volkswagen-golf-sport-wagen-2015-2017-high-beam-h15-led-headlight-bulb-2-bulbs\/#primaryimage"},"image":{"@id":"https:\/\/carsa.ca\/product\/volkswagen-golf-sport-wagen-2015-2017-high-beam-h15-led-headlight-bulb-2-bulbs\/#primaryimage"},"thumbnailUrl":"https:\/\/carsa.ca\/wp-content\/uploads\/2024\/08\/golf-2018.webp","datePublished":"2024-08-06T20:29:59+00:00","dateModified":"2024-08-09T20:08:49+00:00","description":"Volkswagen Golf Sport Wagen 2015-2017 High Beam H15 LED Headlight Bulb | 2 Bulbs - Carsa Automotive Lighting System - info@carsa.ca - Shipping - Canada - Other Country","breadcrumb":{"@id":"https:\/\/carsa.ca\/product\/volkswagen-golf-sport-wagen-2015-2017-high-beam-h15-led-headlight-bulb-2-bulbs\/#breadcrumb"},"inLanguage":"fr-FR","potentialAction":[{"@type":"ReadAction","target":["https:\/\/carsa.ca\/product\/volkswagen-golf-sport-wagen-2015-2017-high-beam-h15-led-headlight-bulb-2-bulbs\/"]}]},{"@type":"ImageObject","inLanguage":"fr-FR","@id":"https:\/\/carsa.ca\/product\/volkswagen-golf-sport-wagen-2015-2017-high-beam-h15-led-headlight-bulb-2-bulbs\/#primaryimage","url":"https:\/\/carsa.ca\/wp-content\/uploads\/2024\/08\/golf-2018.webp","contentUrl":"https:\/\/carsa.ca\/wp-content\/uploads\/2024\/08\/golf-2018.webp","width":504,"height":333},{"@type":"BreadcrumbList","@id":"https:\/\/carsa.ca\/product\/volkswagen-golf-sport-wagen-2015-2017-high-beam-h15-led-headlight-bulb-2-bulbs\/#breadcrumb","itemListElement":[{"@type":"ListItem","position":1,"name":"Home","item":"https:\/\/carsa.ca\/"},{"@type":"ListItem","position":2,"name":"Shop","item":"https:\/\/carsa.ca\/fr\/shop\/"},{"@type":"ListItem","position":3,"name":"Volkswagen Golf Sport Wagen 2015-2017 High Beam H15 LED Headlight Bulb | 2 Bulbs"}]},{"@type":"WebSite","@id":"https:\/\/carsa.ca\/#website","url":"https:\/\/carsa.ca\/","name":"Syst\u00e8me d&#039;\u00e9clairage automobile Carsa","description":"","publisher":{"@id":"https:\/\/carsa.ca\/#organization"},"potentialAction":[{"@type":"SearchAction","target":{"@type":"EntryPoint","urlTemplate":"https:\/\/carsa.ca\/?s={search_term_string}"},"query-input":{"@type":"PropertyValueSpecification","valueRequired":true,"valueName":"search_term_string"}}],"inLanguage":"fr-FR"},{"@type":"Organization","@id":"https:\/\/carsa.ca\/#organization","name":"Syst\u00e8me d&#039;\u00e9clairage automobile Carsa","url":"https:\/\/carsa.ca\/","logo":{"@type":"ImageObject","inLanguage":"fr-FR","@id":"https:\/\/carsa.ca\/#\/schema\/logo\/image\/","url":"https:\/\/carsa.ca\/wp-content\/uploads\/2024\/07\/CARSA-LOGO.svg","contentUrl":"https:\/\/carsa.ca\/wp-content\/uploads\/2024\/07\/CARSA-LOGO.svg","width":2512,"height":504,"caption":"Carsa Automotive Lighting System"},"image":{"@id":"https:\/\/carsa.ca\/#\/schema\/logo\/image\/"}}]}},"_links":{"self":[{"href":"https:\/\/carsa.ca\/fr\/wp-json\/wp\/v2\/product\/9649","targetHints":{"allow":["GET"]}}],"collection":[{"href":"https:\/\/carsa.ca\/fr\/wp-json\/wp\/v2\/product"}],"about":[{"href":"https:\/\/carsa.ca\/fr\/wp-json\/wp\/v2\/types\/product"}],"wp:featuredmedia":[{"embeddable":true,"href":"https:\/\/carsa.ca\/fr\/wp-json\/wp\/v2\/media\/9665"}],"wp:attachment":[{"href":"https:\/\/carsa.ca\/fr\/wp-json\/wp\/v2\/media?parent=9649"}],"wp:term":[{"taxonomy":"product_brand","embeddable":true,"href":"https:\/\/carsa.ca\/fr\/wp-json\/wp\/v2\/product_brand?post=9649"},{"taxonomy":"product_cat","embeddable":true,"href":"https:\/\/carsa.ca\/fr\/wp-json\/wp\/v2\/product_cat?post=9649"},{"taxonomy":"product_tag","embeddable":true,"href":"https:\/\/carsa.ca\/fr\/wp-json\/wp\/v2\/product_tag?post=9649"}],"curies":[{"name":"wp","href":"https:\/\/api.w.org\/{rel}","templated":true}]}}