{"id":9652,"date":"2024-08-06T20:29:59","date_gmt":"2024-08-06T20:29:59","guid":{"rendered":"https:\/\/demotasarim.online\/?post_type=product&#038;p=9652"},"modified":"2024-08-09T20:08:49","modified_gmt":"2024-08-09T20:08:49","slug":"volkswagen-jetta-high-beam-led-headlight-bulb-white-yellow-2015-2018","status":"publish","type":"product","link":"https:\/\/carsa.ca\/fr\/produit\/volkswagen-jetta-high-beam-led-headlight-bulb-white-yellow-2015-2018\/","title":{"rendered":"Ampoule de phare \u00e0 DEL pour feux de route Volkswagen Jetta \u2013 Blanc\/Jaune 2015-2018"},"content":{"rendered":"<h3 class=\"product-title product_title entry-title\">Ampoule de phare \u00e0 DEL pour feux de route Volkswagen Jetta \u2013 Blanc\/Jaune 2015-2018<\/h3>\n<p>Lorsqu&#039;il s&#039;agit de mettre \u00e0 niveau les ampoules de phares halog\u00e8nes \u00e0 LED pour la Volkswagen Jetta 2015-2018, des clips de fixation sp\u00e9ciaux sont g\u00e9n\u00e9ralement n\u00e9cessaires. Mais il est difficile de trouver des clips H7 adapt\u00e9s \u00e0 ces voitures. Mais ces ampoules LED Carsa H7 avec clips personnalis\u00e9s vous aideront \u00e0 mettre \u00e0 niveau vos ampoules de phares vers LED tr\u00e8s facilement. Plug and play, aucune modification suppl\u00e9mentaire n&#039;est n\u00e9cessaire et 300% plus lumineuses que les halog\u00e8nes d&#039;origine !<\/p>\n<p><img fetchpriority=\"high\" decoding=\"async\" class=\"size-medium wp-image-10117\" src=\"https:\/\/carsa.ca\/wp-content\/uploads\/2023\/01\/carsa_logo-Duzenlendi-e1673439029810-400x142.png\" alt=\"carsa.ca\" width=\"400\" height=\"142\" \/><\/p>","protected":false},"excerpt":{"rendered":"<p>Volkswagen Jetta High Beam LED Headlight Bulb \u2013 White\/Yellow 2015-2018 When it comes to upgrading the halogen high beam headlight bulbs to LEDs for the 2015-2018 Volkswagen Jetta, special retainer clips are usually needed. But it is hard to find suitable H7 clips for these cars. But, these Carsa H7 LED bulbs with customed clips [&hellip;]<\/p>\n","protected":false},"featured_media":9666,"template":"","meta":[],"product_brand":[],"product_cat":[567,584,359],"product_tag":[585,586,569,570,571,572,573,574,577,578,579,580,581,582,583,587,588,589,590,591],"class_list":{"0":"post-9652","1":"product","2":"type-product","3":"status-publish","4":"has-post-thumbnail","6":"product_cat-for-wolkswagen","7":"product_cat-jetta","8":"product_cat-vehicles","9":"product_tag-2011-2018-volkswagen-jetta-low-beam-led-headlight-bulb","10":"product_tag-2011-2018-volkswagen-jetta-low-beam-led-headlight-bulb-white-yellow","11":"product_tag-volkswagen-beetle","12":"product_tag-volkswagen-beetle-auto-parts","13":"product_tag-volkswagen-beetle-lamp","14":"product_tag-volkswagen-beetle-led","15":"product_tag-volkswagen-beetle-led-headlight","16":"product_tag-volkswagen-beetle-led-headlight-bulb","17":"product_tag-volkswagen-golf","18":"product_tag-volkswagen-golf-h7-low-beam-led-headlight-bulb-6500k-white-2018-2019","19":"product_tag-volkswagen-golf-low-beam-led-headlight-bulb-white-yellow-2018-2019","20":"product_tag-volkswagen-golf-r-2012-2017","21":"product_tag-volkswagen-golf-r-2012-2017-high-beam-h15-led-headlight-bulb","22":"product_tag-volkswagen-golf-sport-wagen-2015-2017-high-beam-h15-led-headlight-bulb","23":"product_tag-volkswagen-golf-sport-wagen-high-beam-h15-led-headlight-bulb","24":"product_tag-volkswagen-jetta","25":"product_tag-volkswagen-jetta-bulb","26":"product_tag-volkswagen-jetta-h7-high-beam-led-headlight-bulb","27":"product_tag-volkswagen-jetta-high-beam-led-headlight-bulb","28":"product_tag-volkswagen-jetta-high-beam-led-headlight-bulb-white-yellow-2015-2018","29":"product_shipping_class-standart","31":"first","32":"instock","33":"sale","34":"taxable","35":"shipping-taxable","36":"purchasable","37":"product-type-simple","38":"add-to-wishlist-after_add_to_cart"},"yoast_head":"<!-- This site is optimized with the Yoast SEO plugin v27.3 - https:\/\/yoast.com\/product\/yoast-seo-wordpress\/ -->\n<title>Volkswagen Jetta High Beam LED Headlight Bulb<\/title>\n<meta name=\"description\" content=\"Volkswagen Jetta High Beam LED Headlight Bulb \u2013 White\/Yellow 2015-2018 - Carsa Automotive Lighting System - info@carsa.ca - Shipping - Canada - Other Country\" \/>\n<meta name=\"robots\" content=\"index, follow, max-snippet:-1, max-image-preview:large, max-video-preview:-1\" \/>\n<link rel=\"canonical\" href=\"https:\/\/carsa.ca\/fr\/produit\/volkswagen-jetta-high-beam-led-headlight-bulb-white-yellow-2015-2018\/\" \/>\n<meta property=\"og:locale\" content=\"fr_FR\" \/>\n<meta property=\"og:type\" content=\"article\" \/>\n<meta property=\"og:title\" content=\"Volkswagen Jetta High Beam LED Headlight Bulb \u2013 White\/Yellow 2015-2018 - Carsa Automotive Lighting System\" \/>\n<meta property=\"og:description\" content=\"Volkswagen Jetta High Beam LED Headlight Bulb \u2013 White\/Yellow 2015-2018 - Carsa Automotive Lighting System carsa.ca\" \/>\n<meta property=\"og:url\" content=\"https:\/\/carsa.ca\/fr\/produit\/volkswagen-jetta-high-beam-led-headlight-bulb-white-yellow-2015-2018\/\" \/>\n<meta property=\"og:site_name\" content=\"Carsa Automotive Lighting System\" \/>\n<meta property=\"article:modified_time\" content=\"2024-08-09T20:08:49+00:00\" \/>\n<meta name=\"twitter:card\" content=\"summary_large_image\" \/>\n<meta name=\"twitter:image\" content=\"https:\/\/carsa.ca\/wp-content\/uploads\/2024\/08\/234-2340512_2018-volkswagen-jetta-2018-volkswagen-jetta-red-hd.png\" \/>\n<meta name=\"twitter:label1\" content=\"Dur\u00e9e de lecture estim\u00e9e\" \/>\n\t<meta name=\"twitter:data1\" content=\"1 minute\" \/>\n<script type=\"application\/ld+json\" class=\"yoast-schema-graph\">{\"@context\":\"https:\\\/\\\/schema.org\",\"@graph\":[{\"@type\":\"WebPage\",\"@id\":\"https:\\\/\\\/carsa.ca\\\/product\\\/volkswagen-jetta-high-beam-led-headlight-bulb-white-yellow-2015-2018\\\/\",\"url\":\"https:\\\/\\\/carsa.ca\\\/product\\\/volkswagen-jetta-high-beam-led-headlight-bulb-white-yellow-2015-2018\\\/\",\"name\":\"Volkswagen Jetta High Beam LED Headlight Bulb\",\"isPartOf\":{\"@id\":\"https:\\\/\\\/carsa.ca\\\/#website\"},\"primaryImageOfPage\":{\"@id\":\"https:\\\/\\\/carsa.ca\\\/product\\\/volkswagen-jetta-high-beam-led-headlight-bulb-white-yellow-2015-2018\\\/#primaryimage\"},\"image\":{\"@id\":\"https:\\\/\\\/carsa.ca\\\/product\\\/volkswagen-jetta-high-beam-led-headlight-bulb-white-yellow-2015-2018\\\/#primaryimage\"},\"thumbnailUrl\":\"https:\\\/\\\/carsa.ca\\\/wp-content\\\/uploads\\\/2024\\\/08\\\/234-2340512_2018-volkswagen-jetta-2018-volkswagen-jetta-red-hd.png\",\"datePublished\":\"2024-08-06T20:29:59+00:00\",\"dateModified\":\"2024-08-09T20:08:49+00:00\",\"description\":\"Volkswagen Jetta High Beam LED Headlight Bulb \u2013 White\\\/Yellow 2015-2018 - Carsa Automotive Lighting System - info@carsa.ca - Shipping - Canada - Other Country\",\"breadcrumb\":{\"@id\":\"https:\\\/\\\/carsa.ca\\\/product\\\/volkswagen-jetta-high-beam-led-headlight-bulb-white-yellow-2015-2018\\\/#breadcrumb\"},\"inLanguage\":\"fr-FR\",\"potentialAction\":[{\"@type\":\"ReadAction\",\"target\":[\"https:\\\/\\\/carsa.ca\\\/product\\\/volkswagen-jetta-high-beam-led-headlight-bulb-white-yellow-2015-2018\\\/\"]}]},{\"@type\":\"ImageObject\",\"inLanguage\":\"fr-FR\",\"@id\":\"https:\\\/\\\/carsa.ca\\\/product\\\/volkswagen-jetta-high-beam-led-headlight-bulb-white-yellow-2015-2018\\\/#primaryimage\",\"url\":\"https:\\\/\\\/carsa.ca\\\/wp-content\\\/uploads\\\/2024\\\/08\\\/234-2340512_2018-volkswagen-jetta-2018-volkswagen-jetta-red-hd.png\",\"contentUrl\":\"https:\\\/\\\/carsa.ca\\\/wp-content\\\/uploads\\\/2024\\\/08\\\/234-2340512_2018-volkswagen-jetta-2018-volkswagen-jetta-red-hd.png\",\"width\":860,\"height\":442},{\"@type\":\"BreadcrumbList\",\"@id\":\"https:\\\/\\\/carsa.ca\\\/product\\\/volkswagen-jetta-high-beam-led-headlight-bulb-white-yellow-2015-2018\\\/#breadcrumb\",\"itemListElement\":[{\"@type\":\"ListItem\",\"position\":1,\"name\":\"Home\",\"item\":\"https:\\\/\\\/carsa.ca\\\/\"},{\"@type\":\"ListItem\",\"position\":2,\"name\":\"Shop\",\"item\":\"https:\\\/\\\/carsa.ca\\\/fr\\\/shop\\\/\"},{\"@type\":\"ListItem\",\"position\":3,\"name\":\"Volkswagen Jetta High Beam LED Headlight Bulb \u2013 White\\\/Yellow 2015-2018\"}]},{\"@type\":\"WebSite\",\"@id\":\"https:\\\/\\\/carsa.ca\\\/#website\",\"url\":\"https:\\\/\\\/carsa.ca\\\/\",\"name\":\"Carsa Automotive Lighting System\",\"description\":\"\",\"publisher\":{\"@id\":\"https:\\\/\\\/carsa.ca\\\/#organization\"},\"potentialAction\":[{\"@type\":\"SearchAction\",\"target\":{\"@type\":\"EntryPoint\",\"urlTemplate\":\"https:\\\/\\\/carsa.ca\\\/?s={search_term_string}\"},\"query-input\":{\"@type\":\"PropertyValueSpecification\",\"valueRequired\":true,\"valueName\":\"search_term_string\"}}],\"inLanguage\":\"fr-FR\"},{\"@type\":\"Organization\",\"@id\":\"https:\\\/\\\/carsa.ca\\\/#organization\",\"name\":\"Carsa Automotive Lighting System\",\"url\":\"https:\\\/\\\/carsa.ca\\\/\",\"logo\":{\"@type\":\"ImageObject\",\"inLanguage\":\"fr-FR\",\"@id\":\"https:\\\/\\\/carsa.ca\\\/#\\\/schema\\\/logo\\\/image\\\/\",\"url\":\"https:\\\/\\\/carsa.ca\\\/wp-content\\\/uploads\\\/2024\\\/07\\\/CARSA-LOGO.svg\",\"contentUrl\":\"https:\\\/\\\/carsa.ca\\\/wp-content\\\/uploads\\\/2024\\\/07\\\/CARSA-LOGO.svg\",\"width\":2512,\"height\":504,\"caption\":\"Carsa Automotive Lighting System\"},\"image\":{\"@id\":\"https:\\\/\\\/carsa.ca\\\/#\\\/schema\\\/logo\\\/image\\\/\"}}]}<\/script>\n<!-- \/ Yoast SEO plugin. -->","yoast_head_json":{"title":"Ampoule de phare \u00e0 LED pour feux de route Volkswagen Jetta","description":"Ampoule de phare \u00e0 DEL pour feux de route Volkswagen Jetta \u2013 Blanc\/Jaune 2015-2018 \u2013 Syst\u00e8me d&#039;\u00e9clairage automobile Carsa \u2013 info@carsa.ca \u2013 Livraison \u2013 Canada \u2013 Autres pays","robots":{"index":"index","follow":"follow","max-snippet":"max-snippet:-1","max-image-preview":"max-image-preview:large","max-video-preview":"max-video-preview:-1"},"canonical":"https:\/\/carsa.ca\/fr\/produit\/volkswagen-jetta-high-beam-led-headlight-bulb-white-yellow-2015-2018\/","og_locale":"fr_FR","og_type":"article","og_title":"Volkswagen Jetta High Beam LED Headlight Bulb \u2013 White\/Yellow 2015-2018 - Carsa Automotive Lighting System","og_description":"Volkswagen Jetta High Beam LED Headlight Bulb \u2013 White\/Yellow 2015-2018 - Carsa Automotive Lighting System carsa.ca","og_url":"https:\/\/carsa.ca\/fr\/produit\/volkswagen-jetta-high-beam-led-headlight-bulb-white-yellow-2015-2018\/","og_site_name":"Carsa Automotive Lighting System","article_modified_time":"2024-08-09T20:08:49+00:00","twitter_card":"summary_large_image","twitter_image":"https:\/\/carsa.ca\/wp-content\/uploads\/2024\/08\/234-2340512_2018-volkswagen-jetta-2018-volkswagen-jetta-red-hd.png","twitter_misc":{"Dur\u00e9e de lecture estim\u00e9e":"1 minute"},"schema":{"@context":"https:\/\/schema.org","@graph":[{"@type":"WebPage","@id":"https:\/\/carsa.ca\/product\/volkswagen-jetta-high-beam-led-headlight-bulb-white-yellow-2015-2018\/","url":"https:\/\/carsa.ca\/product\/volkswagen-jetta-high-beam-led-headlight-bulb-white-yellow-2015-2018\/","name":"Ampoule de phare \u00e0 LED pour feux de route Volkswagen Jetta","isPartOf":{"@id":"https:\/\/carsa.ca\/#website"},"primaryImageOfPage":{"@id":"https:\/\/carsa.ca\/product\/volkswagen-jetta-high-beam-led-headlight-bulb-white-yellow-2015-2018\/#primaryimage"},"image":{"@id":"https:\/\/carsa.ca\/product\/volkswagen-jetta-high-beam-led-headlight-bulb-white-yellow-2015-2018\/#primaryimage"},"thumbnailUrl":"https:\/\/carsa.ca\/wp-content\/uploads\/2024\/08\/234-2340512_2018-volkswagen-jetta-2018-volkswagen-jetta-red-hd.png","datePublished":"2024-08-06T20:29:59+00:00","dateModified":"2024-08-09T20:08:49+00:00","description":"Ampoule de phare \u00e0 DEL pour feux de route Volkswagen Jetta \u2013 Blanc\/Jaune 2015-2018 \u2013 Syst\u00e8me d&#039;\u00e9clairage automobile Carsa \u2013 info@carsa.ca \u2013 Livraison \u2013 Canada \u2013 Autres pays","breadcrumb":{"@id":"https:\/\/carsa.ca\/product\/volkswagen-jetta-high-beam-led-headlight-bulb-white-yellow-2015-2018\/#breadcrumb"},"inLanguage":"fr-FR","potentialAction":[{"@type":"ReadAction","target":["https:\/\/carsa.ca\/product\/volkswagen-jetta-high-beam-led-headlight-bulb-white-yellow-2015-2018\/"]}]},{"@type":"ImageObject","inLanguage":"fr-FR","@id":"https:\/\/carsa.ca\/product\/volkswagen-jetta-high-beam-led-headlight-bulb-white-yellow-2015-2018\/#primaryimage","url":"https:\/\/carsa.ca\/wp-content\/uploads\/2024\/08\/234-2340512_2018-volkswagen-jetta-2018-volkswagen-jetta-red-hd.png","contentUrl":"https:\/\/carsa.ca\/wp-content\/uploads\/2024\/08\/234-2340512_2018-volkswagen-jetta-2018-volkswagen-jetta-red-hd.png","width":860,"height":442},{"@type":"BreadcrumbList","@id":"https:\/\/carsa.ca\/product\/volkswagen-jetta-high-beam-led-headlight-bulb-white-yellow-2015-2018\/#breadcrumb","itemListElement":[{"@type":"ListItem","position":1,"name":"Home","item":"https:\/\/carsa.ca\/"},{"@type":"ListItem","position":2,"name":"Shop","item":"https:\/\/carsa.ca\/fr\/shop\/"},{"@type":"ListItem","position":3,"name":"Volkswagen Jetta High Beam LED Headlight Bulb \u2013 White\/Yellow 2015-2018"}]},{"@type":"WebSite","@id":"https:\/\/carsa.ca\/#website","url":"https:\/\/carsa.ca\/","name":"Syst\u00e8me d&#039;\u00e9clairage automobile Carsa","description":"","publisher":{"@id":"https:\/\/carsa.ca\/#organization"},"potentialAction":[{"@type":"SearchAction","target":{"@type":"EntryPoint","urlTemplate":"https:\/\/carsa.ca\/?s={search_term_string}"},"query-input":{"@type":"PropertyValueSpecification","valueRequired":true,"valueName":"search_term_string"}}],"inLanguage":"fr-FR"},{"@type":"Organization","@id":"https:\/\/carsa.ca\/#organization","name":"Syst\u00e8me d&#039;\u00e9clairage automobile Carsa","url":"https:\/\/carsa.ca\/","logo":{"@type":"ImageObject","inLanguage":"fr-FR","@id":"https:\/\/carsa.ca\/#\/schema\/logo\/image\/","url":"https:\/\/carsa.ca\/wp-content\/uploads\/2024\/07\/CARSA-LOGO.svg","contentUrl":"https:\/\/carsa.ca\/wp-content\/uploads\/2024\/07\/CARSA-LOGO.svg","width":2512,"height":504,"caption":"Carsa Automotive Lighting System"},"image":{"@id":"https:\/\/carsa.ca\/#\/schema\/logo\/image\/"}}]}},"_links":{"self":[{"href":"https:\/\/carsa.ca\/fr\/wp-json\/wp\/v2\/product\/9652","targetHints":{"allow":["GET"]}}],"collection":[{"href":"https:\/\/carsa.ca\/fr\/wp-json\/wp\/v2\/product"}],"about":[{"href":"https:\/\/carsa.ca\/fr\/wp-json\/wp\/v2\/types\/product"}],"wp:featuredmedia":[{"embeddable":true,"href":"https:\/\/carsa.ca\/fr\/wp-json\/wp\/v2\/media\/9666"}],"wp:attachment":[{"href":"https:\/\/carsa.ca\/fr\/wp-json\/wp\/v2\/media?parent=9652"}],"wp:term":[{"taxonomy":"product_brand","embeddable":true,"href":"https:\/\/carsa.ca\/fr\/wp-json\/wp\/v2\/product_brand?post=9652"},{"taxonomy":"product_cat","embeddable":true,"href":"https:\/\/carsa.ca\/fr\/wp-json\/wp\/v2\/product_cat?post=9652"},{"taxonomy":"product_tag","embeddable":true,"href":"https:\/\/carsa.ca\/fr\/wp-json\/wp\/v2\/product_tag?post=9652"}],"curies":[{"name":"wp","href":"https:\/\/api.w.org\/{rel}","templated":true}]}}