{"id":9654,"date":"2024-08-06T20:29:59","date_gmt":"2024-08-06T20:29:59","guid":{"rendered":"https:\/\/demotasarim.online\/?post_type=product&#038;p=9654"},"modified":"2024-08-09T20:08:49","modified_gmt":"2024-08-09T20:08:49","slug":"volkswagen-passat-2012-2018-low-beam-led-headlight-bulb-2-bulbs","status":"publish","type":"product","link":"https:\/\/carsa.ca\/fr\/produit\/volkswagen-passat-2012-2018-low-beam-led-headlight-bulb-2-bulbs\/","title":{"rendered":"Ampoule de phare \u00e0 LED pour feux de croisement Volkswagen Passat 2012-2018 | 2 ampoules"},"content":{"rendered":"<h3 class=\"product-title product_title entry-title\">Ampoule de phare \u00e0 LED pour feux de croisement Volkswagen Passat 2012-2018 | 2 ampoules<\/h3>\n<p>Vous n&#039;avez pas trouv\u00e9 d&#039;ampoules LED H7 pour feux de croisement adapt\u00e9es \u00e0 votre Volkswagen Passat 2012 \u2013 2018 ? Les ampoules LED H7 personnalis\u00e9es de Carsa sont l\u00e0 pour votre Volkswagen Passat ! Avec ces ampoules LED H7 plug-play, vous pouvez mettre \u00e0 niveau vos feux de croisement Volkswagen Passat sans aucune modification et les rendre 300% plus lumineux !<\/p>\n<div id=\"row-1058972170\" class=\"row row-small\">\n<div id=\"col-1896766092\" class=\"col medium-12 small-12 large-12\">\n<div class=\"col-inner\">\n<p>Ampoule LED H7 pour feux de croisement personnalis\u00e9e, sp\u00e9cialement con\u00e7ue pour les mod\u00e8les Volkswagen et Mercedes-Benz. Aucun clip de fixation suppl\u00e9mentaire n&#039;est n\u00e9cessaire, 100% plug and play. Gr\u00e2ce \u00e0 sa conception tout-en-un, \u00e9conomisez du temps et des efforts lors de la mise \u00e0 niveau de vos feux de croisement !<\/p>\n<ul>\n<li class=\"bullet-arrow\">300% Plus brillant que l&#039;halog\u00e8ne<br \/>\nDot\u00e9es d&#039;une luminosit\u00e9 de 70 W et 7 200 lm, ces ampoules LED blanc froid de 6 000 K vous offrent une exp\u00e9rience de conduite plus s\u00fbre la nuit.<\/li>\n<li class=\"bullet-arrow\">Pas d&#039;\u00e9blouissement, pas de zone sombre<br \/>\nLes puces LED sont sp\u00e9cialement con\u00e7ues pour vous offrir un faisceau tr\u00e8s focalis\u00e9, plus lumineux, plus large et plus \u00e9loign\u00e9, sans points sombres ni lumi\u00e8re brumeuse.<\/li>\n<li class=\"bullet-arrow\">Aucun clip de retenue n\u00e9cessaire<br \/>\nInstallation plug and play 100%, aucun clip de fixation suppl\u00e9mentaire n&#039;est n\u00e9cessaire. Ins\u00e9rez directement dans le bo\u00eetier et tournez pour verrouiller dans une position comme les ampoules OEM.<\/li>\n<li class=\"bullet-arrow\">Dur\u00e9e de vie de 50 000<br \/>\nSyst\u00e8me de refroidissement intelligent et efficace, conception compacte en aluminium, ventilateurs de refroidissement int\u00e9gr\u00e9s pour une dissipation rapide de la chaleur et dur\u00e9e de vie de 50 000 heures.<\/li>\n<\/ul>\n<\/div>\n<\/div>\n<\/div>\n<p><img fetchpriority=\"high\" decoding=\"async\" class=\"size-medium wp-image-10117\" src=\"https:\/\/carsa.ca\/wp-content\/uploads\/2023\/01\/carsa_logo-Duzenlendi-e1673439029810-400x142.png\" alt=\"carsa.ca\" width=\"400\" height=\"142\" \/><\/p>","protected":false},"excerpt":{"rendered":"<p>Volkswagen Passat 2012-2018 Low Beam LED Headlight Bulb | 2 Bulbs Could not find suitable H7 low beam LED bulbs for your Volkswagen Passat 2012 &#8211; 2018? Carsa custom H7 LED bulbs are right here for your Volkswagen Passat! With this plug-play H7 led bulbs, you can upgrade your Volkswagen Passat low beam headlights without [&hellip;]<\/p>\n","protected":false},"featured_media":9667,"template":"","meta":[],"product_brand":[],"product_cat":[567,593,359],"product_tag":[585,586,569,570,571,572,573,574,577,578,579,580,581,582,583,587,588,589,590,591,594,595,596],"class_list":{"0":"post-9654","1":"product","2":"type-product","3":"status-publish","4":"has-post-thumbnail","6":"product_cat-for-wolkswagen","7":"product_cat-passat","8":"product_cat-vehicles","9":"product_tag-2011-2018-volkswagen-jetta-low-beam-led-headlight-bulb","10":"product_tag-2011-2018-volkswagen-jetta-low-beam-led-headlight-bulb-white-yellow","11":"product_tag-volkswagen-beetle","12":"product_tag-volkswagen-beetle-auto-parts","13":"product_tag-volkswagen-beetle-lamp","14":"product_tag-volkswagen-beetle-led","15":"product_tag-volkswagen-beetle-led-headlight","16":"product_tag-volkswagen-beetle-led-headlight-bulb","17":"product_tag-volkswagen-golf","18":"product_tag-volkswagen-golf-h7-low-beam-led-headlight-bulb-6500k-white-2018-2019","19":"product_tag-volkswagen-golf-low-beam-led-headlight-bulb-white-yellow-2018-2019","20":"product_tag-volkswagen-golf-r-2012-2017","21":"product_tag-volkswagen-golf-r-2012-2017-high-beam-h15-led-headlight-bulb","22":"product_tag-volkswagen-golf-sport-wagen-2015-2017-high-beam-h15-led-headlight-bulb","23":"product_tag-volkswagen-golf-sport-wagen-high-beam-h15-led-headlight-bulb","24":"product_tag-volkswagen-jetta","25":"product_tag-volkswagen-jetta-bulb","26":"product_tag-volkswagen-jetta-h7-high-beam-led-headlight-bulb","27":"product_tag-volkswagen-jetta-high-beam-led-headlight-bulb","28":"product_tag-volkswagen-jetta-high-beam-led-headlight-bulb-white-yellow-2015-2018","29":"product_tag-volkswagen-passat","30":"product_tag-volkswagen-passat-2012-2018-low-beam-led-headlight-bulb-2-bulbs","31":"product_tag-volkswagen-passat-bulb","32":"product_shipping_class-standart","34":"first","35":"instock","36":"sale","37":"taxable","38":"shipping-taxable","39":"purchasable","40":"product-type-simple","41":"add-to-wishlist-after_add_to_cart"},"yoast_head":"<!-- This site is optimized with the Yoast SEO plugin v27.3 - https:\/\/yoast.com\/product\/yoast-seo-wordpress\/ -->\n<title>Volkswagen Passat 2012-2018 Low Beam LED Headlight Bulb<\/title>\n<meta name=\"description\" content=\"Volkswagen Passat 2012-2018 Low Beam LED Headlight Bulb | 2 Bulbs - Carsa Automotive Lighting System - info@carsa.ca - Shipping - Canada - Other Country\" \/>\n<meta name=\"robots\" content=\"index, follow, max-snippet:-1, max-image-preview:large, max-video-preview:-1\" \/>\n<link rel=\"canonical\" href=\"https:\/\/carsa.ca\/fr\/produit\/volkswagen-passat-2012-2018-low-beam-led-headlight-bulb-2-bulbs\/\" \/>\n<meta property=\"og:locale\" content=\"fr_FR\" \/>\n<meta property=\"og:type\" content=\"article\" \/>\n<meta property=\"og:title\" content=\"Volkswagen Passat 2012-2018 Low Beam LED Headlight Bulb | 2 Bulbs - Carsa Automotive Lighting System\" \/>\n<meta property=\"og:description\" content=\"Volkswagen Passat 2012-2018 Low Beam LED Headlight Bulb | 2 Bulbs - Carsa Automotive Lighting System carsa.ca\" \/>\n<meta property=\"og:url\" content=\"https:\/\/carsa.ca\/fr\/produit\/volkswagen-passat-2012-2018-low-beam-led-headlight-bulb-2-bulbs\/\" \/>\n<meta property=\"og:site_name\" content=\"Carsa Automotive Lighting System\" \/>\n<meta property=\"article:modified_time\" content=\"2024-08-09T20:08:49+00:00\" \/>\n<meta name=\"twitter:card\" content=\"summary_large_image\" \/>\n<meta name=\"twitter:image\" content=\"https:\/\/carsa.ca\/wp-content\/uploads\/2024\/08\/Deep-Black.webp\" \/>\n<meta name=\"twitter:label1\" content=\"Dur\u00e9e de lecture estim\u00e9e\" \/>\n\t<meta name=\"twitter:data1\" content=\"2 minutes\" \/>\n<script type=\"application\/ld+json\" class=\"yoast-schema-graph\">{\"@context\":\"https:\\\/\\\/schema.org\",\"@graph\":[{\"@type\":\"WebPage\",\"@id\":\"https:\\\/\\\/carsa.ca\\\/product\\\/volkswagen-passat-2012-2018-low-beam-led-headlight-bulb-2-bulbs\\\/\",\"url\":\"https:\\\/\\\/carsa.ca\\\/product\\\/volkswagen-passat-2012-2018-low-beam-led-headlight-bulb-2-bulbs\\\/\",\"name\":\"Volkswagen Passat 2012-2018 Low Beam LED Headlight Bulb\",\"isPartOf\":{\"@id\":\"https:\\\/\\\/carsa.ca\\\/#website\"},\"primaryImageOfPage\":{\"@id\":\"https:\\\/\\\/carsa.ca\\\/product\\\/volkswagen-passat-2012-2018-low-beam-led-headlight-bulb-2-bulbs\\\/#primaryimage\"},\"image\":{\"@id\":\"https:\\\/\\\/carsa.ca\\\/product\\\/volkswagen-passat-2012-2018-low-beam-led-headlight-bulb-2-bulbs\\\/#primaryimage\"},\"thumbnailUrl\":\"https:\\\/\\\/carsa.ca\\\/wp-content\\\/uploads\\\/2024\\\/08\\\/Deep-Black.webp\",\"datePublished\":\"2024-08-06T20:29:59+00:00\",\"dateModified\":\"2024-08-09T20:08:49+00:00\",\"description\":\"Volkswagen Passat 2012-2018 Low Beam LED Headlight Bulb | 2 Bulbs - Carsa Automotive Lighting System - info@carsa.ca - Shipping - Canada - Other Country\",\"breadcrumb\":{\"@id\":\"https:\\\/\\\/carsa.ca\\\/product\\\/volkswagen-passat-2012-2018-low-beam-led-headlight-bulb-2-bulbs\\\/#breadcrumb\"},\"inLanguage\":\"fr-FR\",\"potentialAction\":[{\"@type\":\"ReadAction\",\"target\":[\"https:\\\/\\\/carsa.ca\\\/product\\\/volkswagen-passat-2012-2018-low-beam-led-headlight-bulb-2-bulbs\\\/\"]}]},{\"@type\":\"ImageObject\",\"inLanguage\":\"fr-FR\",\"@id\":\"https:\\\/\\\/carsa.ca\\\/product\\\/volkswagen-passat-2012-2018-low-beam-led-headlight-bulb-2-bulbs\\\/#primaryimage\",\"url\":\"https:\\\/\\\/carsa.ca\\\/wp-content\\\/uploads\\\/2024\\\/08\\\/Deep-Black.webp\",\"contentUrl\":\"https:\\\/\\\/carsa.ca\\\/wp-content\\\/uploads\\\/2024\\\/08\\\/Deep-Black.webp\",\"width\":420,\"height\":280},{\"@type\":\"BreadcrumbList\",\"@id\":\"https:\\\/\\\/carsa.ca\\\/product\\\/volkswagen-passat-2012-2018-low-beam-led-headlight-bulb-2-bulbs\\\/#breadcrumb\",\"itemListElement\":[{\"@type\":\"ListItem\",\"position\":1,\"name\":\"Home\",\"item\":\"https:\\\/\\\/carsa.ca\\\/\"},{\"@type\":\"ListItem\",\"position\":2,\"name\":\"Shop\",\"item\":\"https:\\\/\\\/carsa.ca\\\/fr\\\/shop\\\/\"},{\"@type\":\"ListItem\",\"position\":3,\"name\":\"Volkswagen Passat 2012-2018 Low Beam LED Headlight Bulb | 2 Bulbs\"}]},{\"@type\":\"WebSite\",\"@id\":\"https:\\\/\\\/carsa.ca\\\/#website\",\"url\":\"https:\\\/\\\/carsa.ca\\\/\",\"name\":\"Carsa Automotive Lighting System\",\"description\":\"\",\"publisher\":{\"@id\":\"https:\\\/\\\/carsa.ca\\\/#organization\"},\"potentialAction\":[{\"@type\":\"SearchAction\",\"target\":{\"@type\":\"EntryPoint\",\"urlTemplate\":\"https:\\\/\\\/carsa.ca\\\/?s={search_term_string}\"},\"query-input\":{\"@type\":\"PropertyValueSpecification\",\"valueRequired\":true,\"valueName\":\"search_term_string\"}}],\"inLanguage\":\"fr-FR\"},{\"@type\":\"Organization\",\"@id\":\"https:\\\/\\\/carsa.ca\\\/#organization\",\"name\":\"Carsa Automotive Lighting System\",\"url\":\"https:\\\/\\\/carsa.ca\\\/\",\"logo\":{\"@type\":\"ImageObject\",\"inLanguage\":\"fr-FR\",\"@id\":\"https:\\\/\\\/carsa.ca\\\/#\\\/schema\\\/logo\\\/image\\\/\",\"url\":\"https:\\\/\\\/carsa.ca\\\/wp-content\\\/uploads\\\/2024\\\/07\\\/CARSA-LOGO.svg\",\"contentUrl\":\"https:\\\/\\\/carsa.ca\\\/wp-content\\\/uploads\\\/2024\\\/07\\\/CARSA-LOGO.svg\",\"width\":2512,\"height\":504,\"caption\":\"Carsa Automotive Lighting System\"},\"image\":{\"@id\":\"https:\\\/\\\/carsa.ca\\\/#\\\/schema\\\/logo\\\/image\\\/\"}}]}<\/script>\n<!-- \/ Yoast SEO plugin. -->","yoast_head_json":{"title":"Ampoule de phare \u00e0 LED pour feux de croisement Volkswagen Passat 2012-2018","description":"Ampoules de phares \u00e0 DEL pour feux de croisement Volkswagen Passat 2012-2018 | 2 ampoules - Syst\u00e8me d&#039;\u00e9clairage automobile Carsa - info@carsa.ca - Livraison - Canada - Autres pays","robots":{"index":"index","follow":"follow","max-snippet":"max-snippet:-1","max-image-preview":"max-image-preview:large","max-video-preview":"max-video-preview:-1"},"canonical":"https:\/\/carsa.ca\/fr\/produit\/volkswagen-passat-2012-2018-low-beam-led-headlight-bulb-2-bulbs\/","og_locale":"fr_FR","og_type":"article","og_title":"Volkswagen Passat 2012-2018 Low Beam LED Headlight Bulb | 2 Bulbs - Carsa Automotive Lighting System","og_description":"Volkswagen Passat 2012-2018 Low Beam LED Headlight Bulb | 2 Bulbs - Carsa Automotive Lighting System carsa.ca","og_url":"https:\/\/carsa.ca\/fr\/produit\/volkswagen-passat-2012-2018-low-beam-led-headlight-bulb-2-bulbs\/","og_site_name":"Carsa Automotive Lighting System","article_modified_time":"2024-08-09T20:08:49+00:00","twitter_card":"summary_large_image","twitter_image":"https:\/\/carsa.ca\/wp-content\/uploads\/2024\/08\/Deep-Black.webp","twitter_misc":{"Dur\u00e9e de lecture estim\u00e9e":"2 minutes"},"schema":{"@context":"https:\/\/schema.org","@graph":[{"@type":"WebPage","@id":"https:\/\/carsa.ca\/product\/volkswagen-passat-2012-2018-low-beam-led-headlight-bulb-2-bulbs\/","url":"https:\/\/carsa.ca\/product\/volkswagen-passat-2012-2018-low-beam-led-headlight-bulb-2-bulbs\/","name":"Ampoule de phare \u00e0 LED pour feux de croisement Volkswagen Passat 2012-2018","isPartOf":{"@id":"https:\/\/carsa.ca\/#website"},"primaryImageOfPage":{"@id":"https:\/\/carsa.ca\/product\/volkswagen-passat-2012-2018-low-beam-led-headlight-bulb-2-bulbs\/#primaryimage"},"image":{"@id":"https:\/\/carsa.ca\/product\/volkswagen-passat-2012-2018-low-beam-led-headlight-bulb-2-bulbs\/#primaryimage"},"thumbnailUrl":"https:\/\/carsa.ca\/wp-content\/uploads\/2024\/08\/Deep-Black.webp","datePublished":"2024-08-06T20:29:59+00:00","dateModified":"2024-08-09T20:08:49+00:00","description":"Ampoules de phares \u00e0 DEL pour feux de croisement Volkswagen Passat 2012-2018 | 2 ampoules - Syst\u00e8me d&#039;\u00e9clairage automobile Carsa - info@carsa.ca - Livraison - Canada - Autres pays","breadcrumb":{"@id":"https:\/\/carsa.ca\/product\/volkswagen-passat-2012-2018-low-beam-led-headlight-bulb-2-bulbs\/#breadcrumb"},"inLanguage":"fr-FR","potentialAction":[{"@type":"ReadAction","target":["https:\/\/carsa.ca\/product\/volkswagen-passat-2012-2018-low-beam-led-headlight-bulb-2-bulbs\/"]}]},{"@type":"ImageObject","inLanguage":"fr-FR","@id":"https:\/\/carsa.ca\/product\/volkswagen-passat-2012-2018-low-beam-led-headlight-bulb-2-bulbs\/#primaryimage","url":"https:\/\/carsa.ca\/wp-content\/uploads\/2024\/08\/Deep-Black.webp","contentUrl":"https:\/\/carsa.ca\/wp-content\/uploads\/2024\/08\/Deep-Black.webp","width":420,"height":280},{"@type":"BreadcrumbList","@id":"https:\/\/carsa.ca\/product\/volkswagen-passat-2012-2018-low-beam-led-headlight-bulb-2-bulbs\/#breadcrumb","itemListElement":[{"@type":"ListItem","position":1,"name":"Home","item":"https:\/\/carsa.ca\/"},{"@type":"ListItem","position":2,"name":"Shop","item":"https:\/\/carsa.ca\/fr\/shop\/"},{"@type":"ListItem","position":3,"name":"Volkswagen Passat 2012-2018 Low Beam LED Headlight Bulb | 2 Bulbs"}]},{"@type":"WebSite","@id":"https:\/\/carsa.ca\/#website","url":"https:\/\/carsa.ca\/","name":"Syst\u00e8me d&#039;\u00e9clairage automobile Carsa","description":"","publisher":{"@id":"https:\/\/carsa.ca\/#organization"},"potentialAction":[{"@type":"SearchAction","target":{"@type":"EntryPoint","urlTemplate":"https:\/\/carsa.ca\/?s={search_term_string}"},"query-input":{"@type":"PropertyValueSpecification","valueRequired":true,"valueName":"search_term_string"}}],"inLanguage":"fr-FR"},{"@type":"Organization","@id":"https:\/\/carsa.ca\/#organization","name":"Syst\u00e8me d&#039;\u00e9clairage automobile Carsa","url":"https:\/\/carsa.ca\/","logo":{"@type":"ImageObject","inLanguage":"fr-FR","@id":"https:\/\/carsa.ca\/#\/schema\/logo\/image\/","url":"https:\/\/carsa.ca\/wp-content\/uploads\/2024\/07\/CARSA-LOGO.svg","contentUrl":"https:\/\/carsa.ca\/wp-content\/uploads\/2024\/07\/CARSA-LOGO.svg","width":2512,"height":504,"caption":"Carsa Automotive Lighting System"},"image":{"@id":"https:\/\/carsa.ca\/#\/schema\/logo\/image\/"}}]}},"_links":{"self":[{"href":"https:\/\/carsa.ca\/fr\/wp-json\/wp\/v2\/product\/9654","targetHints":{"allow":["GET"]}}],"collection":[{"href":"https:\/\/carsa.ca\/fr\/wp-json\/wp\/v2\/product"}],"about":[{"href":"https:\/\/carsa.ca\/fr\/wp-json\/wp\/v2\/types\/product"}],"wp:featuredmedia":[{"embeddable":true,"href":"https:\/\/carsa.ca\/fr\/wp-json\/wp\/v2\/media\/9667"}],"wp:attachment":[{"href":"https:\/\/carsa.ca\/fr\/wp-json\/wp\/v2\/media?parent=9654"}],"wp:term":[{"taxonomy":"product_brand","embeddable":true,"href":"https:\/\/carsa.ca\/fr\/wp-json\/wp\/v2\/product_brand?post=9654"},{"taxonomy":"product_cat","embeddable":true,"href":"https:\/\/carsa.ca\/fr\/wp-json\/wp\/v2\/product_cat?post=9654"},{"taxonomy":"product_tag","embeddable":true,"href":"https:\/\/carsa.ca\/fr\/wp-json\/wp\/v2\/product_tag?post=9654"}],"curies":[{"name":"wp","href":"https:\/\/api.w.org\/{rel}","templated":true}]}}