{"id":9685,"date":"2024-08-06T20:30:26","date_gmt":"2024-08-06T20:30:26","guid":{"rendered":"https:\/\/demotasarim.online\/?post_type=product&#038;p=9685"},"modified":"2024-08-27T17:01:23","modified_gmt":"2024-08-27T17:01:23","slug":"xenon-hid-headlight-ballast-headlight-module-pn-63126907488-for-bmw-mercedes-audi-land-rover","status":"publish","type":"product","link":"https:\/\/carsa.ca\/fr\/produit\/xenon-hid-headlight-ballast-headlight-module-pn-63126907488-for-bmw-mercedes-audi-land-rover\/","title":{"rendered":"Module de ballast de phare HID \/ pi\u00e8ce # 63126907488 pour BMW MERCEDES AUDI LAND ROVER"},"content":{"rendered":"<p>Une (1) unit\u00e9 de contr\u00f4le d&#039;\u00e9clairage au x\u00e9non \/ ballast HID<\/p>\n<p>Tout neuf et test\u00e9 et en tr\u00e8s bon \u00e9tat de fonctionnement<\/p>\n<p>Cet article sera exp\u00e9di\u00e9 le jour m\u00eame ou le lendemain<\/p>\n<p>Description de l&#039;article<\/p>\n<p>Num\u00e9ro de pi\u00e8ce :<\/p>\n<p>Pour Audi Pi\u00e8ce # 4EO 907 476<\/p>\n<p>Pour BMW partie # 63 12 6 907 488<\/p>\n<p>Pour Mercedes Pi\u00e8ce # 002 820 23 26<\/p>\n<p>Montage :<\/p>\n<p>2005-2008 pour Audi A6 \/ S6<\/p>\n<p>2004-2008 pour Audi A8 \/ S8<\/p>\n<p>2003-2008 pour BMW S\u00e9rie 5 (E60)<\/p>\n<p>2002-2008 pour BMW S\u00e9rie 7 (E65 E66 E67 E68)<\/p>\n<p>2000-2006 pour BMW X5 (E53)<\/p>\n<p>2002-2008 pour BMW Z4 (E85 E86)<\/p>\n<p>E53:<br \/>\nSUV E53 X5 3.0i, \u00c9tats-Unis<br \/>\nSUV E53 X5 4.4i, \u00c9tats-Unis<br \/>\nSUV E53 X5 4.6is, \u00c9tats-Unis<br \/>\nSUV E53 X5 4.8is, \u00c9tats-Unis<br \/>\nE53 X5 3.0d SUV, Europe<br \/>\nE53 X5 3.0i SUV, Europe<br \/>\nE53 X5 4.4i SUV, Europe<br \/>\nE53 X5 4.6is SUV, Europe<br \/>\nE53 X5 4.8is SUV, Europe<\/p>\n<p>BMW S\u00e9rie 7 E65 \/ E66 de 2002 \u00e0 2004 et jusqu&#039;en 3\/2005<\/p>\n<p>BMW S\u00e9rie 5 E60 \/ E61 2004, 2005<\/p>\n<p>2004-2006 pour Chrysler Pacifica<\/p>\n<p>2004-2006 pour Ford Focus<\/p>\n<p>2002-2008 pour Jaguar type S<\/p>\n<p>2002-2006 pour Jaguar X-type<\/p>\n<p>2004-2006 pour Land Rover Range Rover Sport<\/p>\n<p>2002-2006 Pour Mercedes Classe CL (W215)<\/p>\n<p>2005-2008 Pour Mercedes classe CLS (W219)<\/p>\n<p>2002-2006 Pour Mercedes Classe E (W211)<\/p>\n<p>2008 Pour Mercedes classe ML (W164)<\/p>\n<p>2008 Pour Mercedes Classe GL (X164)<\/p>\n<p>2006-2008 Pour Mercedes Classe R (W251)<\/p>\n<p>2005-2008 Pour Mercedes classe SLK (R171)<\/p>\n<p>2003-2008 pour Saab 9-3<\/p>","protected":false},"excerpt":{"rendered":"<p>One (1) Xenon Light Control Unit \/ HID Ballast Brand New &amp; Tested and is in great working condition This item will be shipped out same or the next day Item description Part Number: For Audi Part # 4EO 907 476 For BMW Part # 63 12 6 907 488 For Mercedes Part # 002 [&hellip;]<\/p>\n","protected":false},"featured_media":9699,"template":"","meta":[],"product_brand":[],"product_cat":[612],"product_tag":[613,614],"class_list":{"0":"post-9685","1":"product","2":"type-product","3":"status-publish","4":"has-post-thumbnail","6":"product_cat-ballasts","7":"product_tag-ballasts","8":"product_tag-xenon-hid-headlight-ballast-headlight-module-pn-63126907488-for-bmw-mercedes-audi-land-rover","9":"product_shipping_class-standart","11":"first","12":"instock","13":"sale","14":"taxable","15":"shipping-taxable","16":"purchasable","17":"product-type-simple","18":"add-to-wishlist-after_add_to_cart"},"yoast_head":"<!-- This site is optimized with the Yoast SEO plugin v27.3 - https:\/\/yoast.com\/product\/yoast-seo-wordpress\/ -->\n<title>Xenon HID Headlight Ballast HEADLIGHT Module<\/title>\n<meta name=\"description\" content=\"Xenon HID Headlight Ballast HEADLIGHT Module - HID Headlight Ballast Module \/ Part # 63126907488 for BMW MERCEDES AUDI LAND ROVER\" \/>\n<meta name=\"robots\" content=\"index, follow, max-snippet:-1, max-image-preview:large, max-video-preview:-1\" \/>\n<link rel=\"canonical\" href=\"https:\/\/carsa.ca\/fr\/produit\/xenon-hid-headlight-ballast-headlight-module-pn-63126907488-for-bmw-mercedes-audi-land-rover\/\" \/>\n<meta property=\"og:locale\" content=\"fr_FR\" \/>\n<meta property=\"og:type\" content=\"article\" \/>\n<meta property=\"og:title\" content=\"Xenon HID Headlight Ballast HEADLIGHT Module\" \/>\n<meta property=\"og:description\" content=\"Xenon HID Headlight Ballast HEADLIGHT Module - HID Headlight Ballast Module \/ Part # 63126907488 for BMW MERCEDES AUDI LAND ROVER\" \/>\n<meta property=\"og:url\" content=\"https:\/\/carsa.ca\/fr\/produit\/xenon-hid-headlight-ballast-headlight-module-pn-63126907488-for-bmw-mercedes-audi-land-rover\/\" \/>\n<meta property=\"og:site_name\" content=\"Carsa Automotive Lighting System\" \/>\n<meta property=\"article:modified_time\" content=\"2024-08-27T17:01:23+00:00\" \/>\n<meta property=\"og:image\" content=\"https:\/\/carsa.ca\/wp-content\/uploads\/2024\/08\/img_9924.jpeg\" \/>\n\t<meta property=\"og:image:width\" content=\"960\" \/>\n\t<meta property=\"og:image:height\" content=\"960\" \/>\n\t<meta property=\"og:image:type\" content=\"image\/jpeg\" \/>\n<meta name=\"twitter:card\" content=\"summary_large_image\" \/>\n<meta name=\"twitter:label1\" content=\"Dur\u00e9e de lecture estim\u00e9e\" \/>\n\t<meta name=\"twitter:data1\" content=\"2 minutes\" \/>\n<script type=\"application\/ld+json\" class=\"yoast-schema-graph\">{\"@context\":\"https:\\\/\\\/schema.org\",\"@graph\":[{\"@type\":\"WebPage\",\"@id\":\"https:\\\/\\\/carsa.ca\\\/product\\\/xenon-hid-headlight-ballast-headlight-module-pn-63126907488-for-bmw-mercedes-audi-land-rover\\\/\",\"url\":\"https:\\\/\\\/carsa.ca\\\/product\\\/xenon-hid-headlight-ballast-headlight-module-pn-63126907488-for-bmw-mercedes-audi-land-rover\\\/\",\"name\":\"Xenon HID Headlight Ballast HEADLIGHT Module\",\"isPartOf\":{\"@id\":\"https:\\\/\\\/carsa.ca\\\/#website\"},\"primaryImageOfPage\":{\"@id\":\"https:\\\/\\\/carsa.ca\\\/product\\\/xenon-hid-headlight-ballast-headlight-module-pn-63126907488-for-bmw-mercedes-audi-land-rover\\\/#primaryimage\"},\"image\":{\"@id\":\"https:\\\/\\\/carsa.ca\\\/product\\\/xenon-hid-headlight-ballast-headlight-module-pn-63126907488-for-bmw-mercedes-audi-land-rover\\\/#primaryimage\"},\"thumbnailUrl\":\"https:\\\/\\\/carsa.ca\\\/wp-content\\\/uploads\\\/2024\\\/08\\\/img_9924.jpeg\",\"datePublished\":\"2024-08-06T20:30:26+00:00\",\"dateModified\":\"2024-08-27T17:01:23+00:00\",\"description\":\"Xenon HID Headlight Ballast HEADLIGHT Module - HID Headlight Ballast Module \\\/ Part # 63126907488 for BMW MERCEDES AUDI LAND ROVER\",\"breadcrumb\":{\"@id\":\"https:\\\/\\\/carsa.ca\\\/product\\\/xenon-hid-headlight-ballast-headlight-module-pn-63126907488-for-bmw-mercedes-audi-land-rover\\\/#breadcrumb\"},\"inLanguage\":\"fr-FR\",\"potentialAction\":[{\"@type\":\"ReadAction\",\"target\":[\"https:\\\/\\\/carsa.ca\\\/product\\\/xenon-hid-headlight-ballast-headlight-module-pn-63126907488-for-bmw-mercedes-audi-land-rover\\\/\"]}]},{\"@type\":\"ImageObject\",\"inLanguage\":\"fr-FR\",\"@id\":\"https:\\\/\\\/carsa.ca\\\/product\\\/xenon-hid-headlight-ballast-headlight-module-pn-63126907488-for-bmw-mercedes-audi-land-rover\\\/#primaryimage\",\"url\":\"https:\\\/\\\/carsa.ca\\\/wp-content\\\/uploads\\\/2024\\\/08\\\/img_9924.jpeg\",\"contentUrl\":\"https:\\\/\\\/carsa.ca\\\/wp-content\\\/uploads\\\/2024\\\/08\\\/img_9924.jpeg\",\"width\":960,\"height\":960},{\"@type\":\"BreadcrumbList\",\"@id\":\"https:\\\/\\\/carsa.ca\\\/product\\\/xenon-hid-headlight-ballast-headlight-module-pn-63126907488-for-bmw-mercedes-audi-land-rover\\\/#breadcrumb\",\"itemListElement\":[{\"@type\":\"ListItem\",\"position\":1,\"name\":\"Home\",\"item\":\"https:\\\/\\\/carsa.ca\\\/\"},{\"@type\":\"ListItem\",\"position\":2,\"name\":\"Shop\",\"item\":\"https:\\\/\\\/carsa.ca\\\/fr\\\/shop\\\/\"},{\"@type\":\"ListItem\",\"position\":3,\"name\":\"HID Headlight Ballast Module \\\/ Part # 63126907488 for BMW MERCEDES AUDI LAND ROVER\"}]},{\"@type\":\"WebSite\",\"@id\":\"https:\\\/\\\/carsa.ca\\\/#website\",\"url\":\"https:\\\/\\\/carsa.ca\\\/\",\"name\":\"Carsa Automotive Lighting System\",\"description\":\"\",\"publisher\":{\"@id\":\"https:\\\/\\\/carsa.ca\\\/#organization\"},\"potentialAction\":[{\"@type\":\"SearchAction\",\"target\":{\"@type\":\"EntryPoint\",\"urlTemplate\":\"https:\\\/\\\/carsa.ca\\\/?s={search_term_string}\"},\"query-input\":{\"@type\":\"PropertyValueSpecification\",\"valueRequired\":true,\"valueName\":\"search_term_string\"}}],\"inLanguage\":\"fr-FR\"},{\"@type\":\"Organization\",\"@id\":\"https:\\\/\\\/carsa.ca\\\/#organization\",\"name\":\"Carsa Automotive Lighting System\",\"url\":\"https:\\\/\\\/carsa.ca\\\/\",\"logo\":{\"@type\":\"ImageObject\",\"inLanguage\":\"fr-FR\",\"@id\":\"https:\\\/\\\/carsa.ca\\\/#\\\/schema\\\/logo\\\/image\\\/\",\"url\":\"https:\\\/\\\/carsa.ca\\\/wp-content\\\/uploads\\\/2024\\\/07\\\/CARSA-LOGO.svg\",\"contentUrl\":\"https:\\\/\\\/carsa.ca\\\/wp-content\\\/uploads\\\/2024\\\/07\\\/CARSA-LOGO.svg\",\"width\":2512,\"height\":504,\"caption\":\"Carsa Automotive Lighting System\"},\"image\":{\"@id\":\"https:\\\/\\\/carsa.ca\\\/#\\\/schema\\\/logo\\\/image\\\/\"}}]}<\/script>\n<!-- \/ Yoast SEO plugin. -->","yoast_head_json":{"title":"Module de ballast de phare au x\u00e9non HID","description":"Module de ballast de phare au x\u00e9non HID - Module de ballast de phare HID \/ Pi\u00e8ce # 63126907488 pour BMW MERCEDES AUDI LAND ROVER","robots":{"index":"index","follow":"follow","max-snippet":"max-snippet:-1","max-image-preview":"max-image-preview:large","max-video-preview":"max-video-preview:-1"},"canonical":"https:\/\/carsa.ca\/fr\/produit\/xenon-hid-headlight-ballast-headlight-module-pn-63126907488-for-bmw-mercedes-audi-land-rover\/","og_locale":"fr_FR","og_type":"article","og_title":"Xenon HID Headlight Ballast HEADLIGHT Module","og_description":"Xenon HID Headlight Ballast HEADLIGHT Module - HID Headlight Ballast Module \/ Part # 63126907488 for BMW MERCEDES AUDI LAND ROVER","og_url":"https:\/\/carsa.ca\/fr\/produit\/xenon-hid-headlight-ballast-headlight-module-pn-63126907488-for-bmw-mercedes-audi-land-rover\/","og_site_name":"Carsa Automotive Lighting System","article_modified_time":"2024-08-27T17:01:23+00:00","og_image":[{"width":960,"height":960,"url":"https:\/\/carsa.ca\/wp-content\/uploads\/2024\/08\/img_9924.jpeg","type":"image\/jpeg"}],"twitter_card":"summary_large_image","twitter_misc":{"Dur\u00e9e de lecture estim\u00e9e":"2 minutes"},"schema":{"@context":"https:\/\/schema.org","@graph":[{"@type":"WebPage","@id":"https:\/\/carsa.ca\/product\/xenon-hid-headlight-ballast-headlight-module-pn-63126907488-for-bmw-mercedes-audi-land-rover\/","url":"https:\/\/carsa.ca\/product\/xenon-hid-headlight-ballast-headlight-module-pn-63126907488-for-bmw-mercedes-audi-land-rover\/","name":"Module de ballast de phare au x\u00e9non HID","isPartOf":{"@id":"https:\/\/carsa.ca\/#website"},"primaryImageOfPage":{"@id":"https:\/\/carsa.ca\/product\/xenon-hid-headlight-ballast-headlight-module-pn-63126907488-for-bmw-mercedes-audi-land-rover\/#primaryimage"},"image":{"@id":"https:\/\/carsa.ca\/product\/xenon-hid-headlight-ballast-headlight-module-pn-63126907488-for-bmw-mercedes-audi-land-rover\/#primaryimage"},"thumbnailUrl":"https:\/\/carsa.ca\/wp-content\/uploads\/2024\/08\/img_9924.jpeg","datePublished":"2024-08-06T20:30:26+00:00","dateModified":"2024-08-27T17:01:23+00:00","description":"Module de ballast de phare au x\u00e9non HID - Module de ballast de phare HID \/ Pi\u00e8ce # 63126907488 pour BMW MERCEDES AUDI LAND ROVER","breadcrumb":{"@id":"https:\/\/carsa.ca\/product\/xenon-hid-headlight-ballast-headlight-module-pn-63126907488-for-bmw-mercedes-audi-land-rover\/#breadcrumb"},"inLanguage":"fr-FR","potentialAction":[{"@type":"ReadAction","target":["https:\/\/carsa.ca\/product\/xenon-hid-headlight-ballast-headlight-module-pn-63126907488-for-bmw-mercedes-audi-land-rover\/"]}]},{"@type":"ImageObject","inLanguage":"fr-FR","@id":"https:\/\/carsa.ca\/product\/xenon-hid-headlight-ballast-headlight-module-pn-63126907488-for-bmw-mercedes-audi-land-rover\/#primaryimage","url":"https:\/\/carsa.ca\/wp-content\/uploads\/2024\/08\/img_9924.jpeg","contentUrl":"https:\/\/carsa.ca\/wp-content\/uploads\/2024\/08\/img_9924.jpeg","width":960,"height":960},{"@type":"BreadcrumbList","@id":"https:\/\/carsa.ca\/product\/xenon-hid-headlight-ballast-headlight-module-pn-63126907488-for-bmw-mercedes-audi-land-rover\/#breadcrumb","itemListElement":[{"@type":"ListItem","position":1,"name":"Home","item":"https:\/\/carsa.ca\/"},{"@type":"ListItem","position":2,"name":"Shop","item":"https:\/\/carsa.ca\/fr\/shop\/"},{"@type":"ListItem","position":3,"name":"HID Headlight Ballast Module \/ Part # 63126907488 for BMW MERCEDES AUDI LAND ROVER"}]},{"@type":"WebSite","@id":"https:\/\/carsa.ca\/#website","url":"https:\/\/carsa.ca\/","name":"Syst\u00e8me d&#039;\u00e9clairage automobile Carsa","description":"","publisher":{"@id":"https:\/\/carsa.ca\/#organization"},"potentialAction":[{"@type":"SearchAction","target":{"@type":"EntryPoint","urlTemplate":"https:\/\/carsa.ca\/?s={search_term_string}"},"query-input":{"@type":"PropertyValueSpecification","valueRequired":true,"valueName":"search_term_string"}}],"inLanguage":"fr-FR"},{"@type":"Organization","@id":"https:\/\/carsa.ca\/#organization","name":"Syst\u00e8me d&#039;\u00e9clairage automobile Carsa","url":"https:\/\/carsa.ca\/","logo":{"@type":"ImageObject","inLanguage":"fr-FR","@id":"https:\/\/carsa.ca\/#\/schema\/logo\/image\/","url":"https:\/\/carsa.ca\/wp-content\/uploads\/2024\/07\/CARSA-LOGO.svg","contentUrl":"https:\/\/carsa.ca\/wp-content\/uploads\/2024\/07\/CARSA-LOGO.svg","width":2512,"height":504,"caption":"Carsa Automotive Lighting System"},"image":{"@id":"https:\/\/carsa.ca\/#\/schema\/logo\/image\/"}}]}},"_links":{"self":[{"href":"https:\/\/carsa.ca\/fr\/wp-json\/wp\/v2\/product\/9685","targetHints":{"allow":["GET"]}}],"collection":[{"href":"https:\/\/carsa.ca\/fr\/wp-json\/wp\/v2\/product"}],"about":[{"href":"https:\/\/carsa.ca\/fr\/wp-json\/wp\/v2\/types\/product"}],"wp:featuredmedia":[{"embeddable":true,"href":"https:\/\/carsa.ca\/fr\/wp-json\/wp\/v2\/media\/9699"}],"wp:attachment":[{"href":"https:\/\/carsa.ca\/fr\/wp-json\/wp\/v2\/media?parent=9685"}],"wp:term":[{"taxonomy":"product_brand","embeddable":true,"href":"https:\/\/carsa.ca\/fr\/wp-json\/wp\/v2\/product_brand?post=9685"},{"taxonomy":"product_cat","embeddable":true,"href":"https:\/\/carsa.ca\/fr\/wp-json\/wp\/v2\/product_cat?post=9685"},{"taxonomy":"product_tag","embeddable":true,"href":"https:\/\/carsa.ca\/fr\/wp-json\/wp\/v2\/product_tag?post=9685"}],"curies":[{"name":"wp","href":"https:\/\/api.w.org\/{rel}","templated":true}]}}