{"id":9687,"date":"2024-08-06T20:30:26","date_gmt":"2024-08-06T20:30:26","guid":{"rendered":"https:\/\/demotasarim.online\/?post_type=product&#038;p=9687"},"modified":"2024-08-09T20:10:07","modified_gmt":"2024-08-09T20:10:07","slug":"3156-t25-4156-led-bulb-2-bulbs","status":"publish","type":"product","link":"https:\/\/carsa.ca\/fr\/produit\/3156-t25-4156-led-bulb-2-bulbs\/","title":{"rendered":"Ampoule LED 3156 T25 4156 \u2013 2 ampoules"},"content":{"rendered":"<div class=\"product-description rte\" data-product-description=\"\">\n<p><strong>Ampoule LED 3156 T25 4156\u00a0<\/strong><\/p>\n<p>Am\u00e9liorez vos feux de jour, feux de recul, feux de signalisation avec des ampoules LED pour votre v\u00e9hicule, ce qui augmentera \u00e9galement votre s\u00e9curit\u00e9 de conduite. Les ampoules LED CARSA s&#039;adaptent \u00e0 toutes les conditions m\u00e9t\u00e9orologiques, en particulier la pluie, la neige, le brouillard et les conditions m\u00e9t\u00e9orologiques plus extr\u00eames.<\/p>\n<p>Les lumi\u00e8res blanches froides offrent une vision claire la nuit avec la meilleure force de p\u00e9n\u00e9tration, offrent une vue claire les jours de pluie, de brouillard ou de neige et une conduite s\u00fbre !<\/p>\n<p>Ces ampoules sont des remplacements plug-and-play pour vos ampoules halog\u00e8nes standard, aucune modification de votre v\u00e9hicule n&#039;est donc n\u00e9cessaire pour l&#039;installation. Obtenez \u00e0 la fois un look \u00e9l\u00e9gant pour votre v\u00e9hicule et une visibilit\u00e9 am\u00e9lior\u00e9e pour une conduite plus s\u00fbre la nuit avec les feux LED CARSA.<\/p>\n<p><img decoding=\"async\" src=\"https:\/\/carsa.ca\/wp-content\/uploads\/2023\/01\/EkranAlintisi_480x480.jpg?v=1666991514\" alt=\"\" \/><\/p>\n<ul class=\"a-unordered-list a-vertical a-spacing-none\">\n<li class=\"a-spacing-small\"><span class=\"a-list-item a-size-base\">Chaque ampoule LED 3156 \u00e0 culot \u00e0 double contact est livr\u00e9e avec 78 pi\u00e8ces SMD-3014 \u00e0 360 degr\u00e9s et une lentille transparente de projecteur pour fournir une lumi\u00e8re blanche naturelle de 6000 K et 1000 lumens super brillants \u00e0 un total de 3,4 watts. Sensible \u00e0 la polarit\u00e9, si elle ne s&#039;allume pas, veuillez retourner la prise et r\u00e9essayer.\u00a0<\/span><\/li>\n<li class=\"a-spacing-small\"><span class=\"a-list-item a-size-base\">Circuit int\u00e9gr\u00e9 int\u00e9gr\u00e9 de plage de tension large et basse 12-24 V pour \u00e9viter que l&#039;ampoule LED 3156 ne soit endommag\u00e9e par les variations de tension et les pics. La lampe \u00e0 LED est largement utilis\u00e9e comme remplacement parfait pour les v\u00e9hicules, voitures, fourgonnettes, caravanes, camping-cars, 5e roue, camping-cars, motos, camions, remorques, SUV, camionnettes, Jeep, marine, bateau, voilier, yacht et autres automobiles basse tension 12 V\/24 V.<\/span><\/li>\n<li class=\"a-spacing-small\"><span class=\"a-list-item a-size-base\">L&#039;ampoule LED 3156 n&#039;est ni sans erreur CanBus ni anti-clignotement hyper. Des d\u00e9codeurs de r\u00e9sistance de charge 50W 6OHM ou un relais de clignotant peuvent \u00eatre n\u00e9cessaires pour garantir que les ampoules LED s&#039;allument \u00e0 pleine puissance et emp\u00eacher les ampoules LED d&#039;\u00eatre des clignotants hyper clignotants, des clignotements, des scintillements, des avertissements ou tout code d&#039;erreur de dysfonctionnement sur le tableau de bord.<\/span><\/li>\n<li class=\"a-spacing-small\"><span class=\"a-list-item a-size-base\">Num\u00e9ro de r\u00e9f\u00e9rence crois\u00e9e : T25, P27W, 2355, 2356, 2358, 2458, 3047, 3056, 3057, 3057A, 3057LL, 3057NA, 3057ST, 3057X, 3155, 3155LL, 3156, 3156A, 3156NA, 3156AK, 3156K, 3156LL, 3156ST, 3157, 3157A, 3157LL, 3157NA, 3157ST, 3157X, 3356, 3357, 3357A, 3357K, 3357LL, 3357NA, 3454NA, 3456, 3456K, 3456LL, 3457, 3457A, 3457AK, 3457AST, 3457K, 3457NA, 3757A, 3757AK, 3757ALL, 4057, 4057K, 4057LL, 4114, 4114K, 4114LL, 4157, 4157K, 4157LL, 4157NA, 5702A, 5702AK, L1230R-4C<\/span><\/li>\n<\/ul>\n<p><strong>APPLICATION<\/strong>:<\/p>\n<p><span class=\"a-list-item a-size-base\">Clignotant avant et arri\u00e8re pour automobile, feu de position lat\u00e9ral, feu d&#039;angle, feu stop arri\u00e8re, feux de recul, feu de recul, feux de jour, feux de conduite (DRL), feux de stationnement, feux antibrouillard pour paysage ext\u00e9rieur Malibu, jardin, patio, cour, terrasse, escalier, marchepied, cl\u00f4ture, poteau, all\u00e9e, all\u00e9e, pav\u00e9, \u00e9clairage \u00e0 plusieurs niveaux en m\u00e9tal moul\u00e9.<\/span><\/p>\n<p>LIVRAISON GRATUITE POUR LES COMMANDES DE PLUS DE $110. Avec Postes Canada, le num\u00e9ro de suivi est fourni.<\/p>\n<p>Si vous achetez 2 ensembles ou plus, vous recevrez une r\u00e9duction SUPPL\u00c9MENTAIRE de $10.<\/p>\n<p>Ampoules extr\u00eamement lumineuses et durables avec une garantie d&#039;un an.<\/p>\n<p>Un ensemble de feux de plaque d&#039;immatriculation ou un ensemble d&#039;ampoules int\u00e9rieures GRATUIT avec tout achat.<\/p>\n<p>Kit de conversion tout-en-un. Toutes les ampoules int\u00e9rieures et ext\u00e9rieures sont disponibles dans les lumens les plus \u00e9lev\u00e9s.<\/p>\n<p>Aucun composant suppl\u00e9mentaire n&#039;est n\u00e9cessaire. Installation plug-and-play facile.<\/p>\n<p><img decoding=\"async\" src=\"https:\/\/carsa.ca\/wp-content\/uploads\/2023\/01\/Hd5aa807e02f54515ae9022b6482c8227K.jpg?width=960&amp;height=960&amp;hash=1920\" \/><\/p>\n<p><img decoding=\"async\" src=\"https:\/\/carsa.ca\/wp-content\/uploads\/2023\/01\/Hbbe82f1397264e66b53df89780e79335c.jpg?width=960&amp;height=960&amp;hash=1920\" \/><\/p>\n<p>Nous comprenons qu&#039;il peut parfois \u00eatre difficile de trouver en ligne l&#039;ampoule adapt\u00e9e \u00e0 votre v\u00e9hicule. Si vous n&#039;\u00eates pas s\u00fbr du mod\u00e8le compatible avec votre v\u00e9hicule, n&#039;h\u00e9sitez pas \u00e0 nous demander conseil. Nous trouverons le type d&#039;ampoule qui vous convient.<\/p>\n<p>Guide d&#039;installation :<\/p>\n<p>Assurez-vous que le moteur est \u00e9teint et froid.<\/p>\n<p>Changez toujours les ampoules en m\u00eame temps : garder l\u2019ancienne avec la nouvelle a tendance \u00e0 les faire griller toutes les deux tr\u00e8s rapidement.<\/p>\n<p>Assurez-vous que les loquets autour des ampoules sont correctement fix\u00e9s.<\/p>\n<p>Si l&#039;ampoule LED ne s&#039;allume pas apr\u00e8s l&#039;installation, retournez la fiche et reconnectez-la.<\/p>\n<p><img decoding=\"async\" src=\"https:\/\/carsa.ca\/wp-content\/uploads\/2023\/01\/H403cb25a71944d2694a7fa396155d04bM.jpg?width=960&amp;height=960&amp;hash=1920\" \/><\/p>\n<\/div>","protected":false},"excerpt":{"rendered":"<p>3156 T25 4156 LED Bulb\u00a0 Upgrade your Daytime Running Lights Reverse Lights Signal Lights to the LED bulbs for your vehicle which will also increase your driving safety. CARSA LED Bulbs fit all weather conditions, especially rainy, snowy, foggy, and more extreme weather. The cool white lights offer clear vision at night with the best [&hellip;]<\/p>\n","protected":false},"featured_media":7708,"template":"","meta":[],"product_brand":[],"product_cat":[180,181],"product_tag":[291,616,617,618,189,296,199,201,202,205,206,210,211,214,217,218,220,221,222,225,226,227,228,231,242,245,249,251,254,255,256,258,297,298,259,261,262,263,264,267,268,299,300,271,301,274,275],"class_list":{"0":"post-9687","1":"product","2":"type-product","3":"status-publish","4":"has-post-thumbnail","6":"product_cat-all-products","7":"product_cat-exterior-interior-lights","8":"product_tag-291","9":"product_tag-616","10":"product_tag-617","11":"product_tag-618","12":"product_tag-arctic-cat","13":"product_tag-arctic-cat-motorcycle","14":"product_tag-bmw","15":"product_tag-buick","16":"product_tag-cadillac","17":"product_tag-chevrolet","18":"product_tag-chrysler","19":"product_tag-dodge","20":"product_tag-eagle","21":"product_tag-ford","22":"product_tag-gmc","23":"product_tag-harley-davidson-motorcycle","24":"product_tag-honda","25":"product_tag-honda-motorcycle","26":"product_tag-hummer","27":"product_tag-infiniti","28":"product_tag-interior-and-exterior","29":"product_tag-international","30":"product_tag-isuzu","31":"product_tag-jeep","32":"product_tag-lincoln","33":"product_tag-mazda","34":"product_tag-mercury","35":"product_tag-mitsubishi","36":"product_tag-nissan","37":"product_tag-oldsmobile","38":"product_tag-peterbilt","39":"product_tag-plymouth","40":"product_tag-polaris","41":"product_tag-polaris-motorcycle","42":"product_tag-pontiac","43":"product_tag-prevost","44":"product_tag-ram","45":"product_tag-saab","46":"product_tag-saturn","47":"product_tag-subaru","48":"product_tag-suzuki","49":"product_tag-t25","50":"product_tag-textron-motorcycle","51":"product_tag-toyota","52":"product_tag-victory-motorcycle","53":"product_tag-volkswagen","54":"product_tag-volvo","55":"product_shipping_class-standart","57":"first","58":"instock","59":"sale","60":"taxable","61":"shipping-taxable","62":"purchasable","63":"product-type-variable","64":"add-to-wishlist-after_add_to_cart"},"yoast_head":"<!-- This site is optimized with the Yoast SEO plugin v27.4 - https:\/\/yoast.com\/product\/yoast-seo-wordpress\/ -->\n<title>3156 3157 Daytime Running Lights Reverse Lights Signal Lights<\/title>\n<meta name=\"description\" content=\"Carsa T25 3156 3157 LED bulb fits tail lights, daytime running lights, reverse lights, brake lights, turn signals, and side marker lights. Tower-style design with a wedge base for easy plug-and-play installation. SMD LED Chips No Polarity Plug Play Installation. Compatible Size: 3056 \/ 3156 \/ 3356 \/ 3456 \/ 4156 \/ 4114 \/ 3047 \/ 3057 \/ 3157 \/ 3357 \/ 3457 \/ 4057 \/ 4157\" \/>\n<meta name=\"robots\" content=\"index, follow, max-snippet:-1, max-image-preview:large, max-video-preview:-1\" \/>\n<link rel=\"canonical\" href=\"https:\/\/carsa.ca\/fr\/produit\/3156-t25-4156-led-bulb-2-bulbs\/\" \/>\n<meta property=\"og:locale\" content=\"fr_FR\" \/>\n<meta property=\"og:type\" content=\"article\" \/>\n<meta property=\"og:title\" content=\"3156 3157 Daytime Running Lights Reverse Lights Signal Lights\" \/>\n<meta property=\"og:description\" content=\"Carsa T25 3156 3157 LED bulb fits tail lights, daytime running lights, reverse lights, brake lights, turn signals, and side marker lights. Tower-style design with a wedge base for easy plug-and-play installation. SMD LED Chips No Polarity Plug Play Installation. Compatible Size: 3056 \/ 3156 \/ 3356 \/ 3456 \/ 4156 \/ 4114 \/ 3047 \/ 3057 \/ 3157 \/ 3357 \/ 3457 \/ 4057 \/ 4157\" \/>\n<meta property=\"og:url\" content=\"https:\/\/carsa.ca\/fr\/produit\/3156-t25-4156-led-bulb-2-bulbs\/\" \/>\n<meta property=\"og:site_name\" content=\"Carsa Automotive Lighting System\" \/>\n<meta property=\"article:modified_time\" content=\"2024-08-09T20:10:07+00:00\" \/>\n<meta property=\"og:image\" content=\"https:\/\/carsa.ca\/wp-content\/uploads\/2024\/07\/31563157T20_1_dafb28a7-5138-4d94-ad87-4c148be7132f.jpg\" \/>\n\t<meta property=\"og:image:width\" content=\"800\" \/>\n\t<meta property=\"og:image:height\" content=\"800\" \/>\n\t<meta property=\"og:image:type\" content=\"image\/jpeg\" \/>\n<meta name=\"twitter:card\" content=\"summary_large_image\" \/>\n<meta name=\"twitter:label1\" content=\"Dur\u00e9e de lecture estim\u00e9e\" \/>\n\t<meta name=\"twitter:data1\" content=\"4 minutes\" \/>\n<script type=\"application\/ld+json\" class=\"yoast-schema-graph\">{\"@context\":\"https:\\\/\\\/schema.org\",\"@graph\":[{\"@type\":\"WebPage\",\"@id\":\"https:\\\/\\\/carsa.ca\\\/product\\\/3156-t25-4156-led-bulb-2-bulbs\\\/\",\"url\":\"https:\\\/\\\/carsa.ca\\\/product\\\/3156-t25-4156-led-bulb-2-bulbs\\\/\",\"name\":\"3156 3157 Daytime Running Lights Reverse Lights Signal Lights\",\"isPartOf\":{\"@id\":\"https:\\\/\\\/carsa.ca\\\/#website\"},\"primaryImageOfPage\":{\"@id\":\"https:\\\/\\\/carsa.ca\\\/product\\\/3156-t25-4156-led-bulb-2-bulbs\\\/#primaryimage\"},\"image\":{\"@id\":\"https:\\\/\\\/carsa.ca\\\/product\\\/3156-t25-4156-led-bulb-2-bulbs\\\/#primaryimage\"},\"thumbnailUrl\":\"https:\\\/\\\/carsa.ca\\\/wp-content\\\/uploads\\\/2024\\\/07\\\/31563157T20_1_dafb28a7-5138-4d94-ad87-4c148be7132f.jpg\",\"datePublished\":\"2024-08-06T20:30:26+00:00\",\"dateModified\":\"2024-08-09T20:10:07+00:00\",\"description\":\"Carsa T25 3156 3157 LED bulb fits tail lights, daytime running lights, reverse lights, brake lights, turn signals, and side marker lights. Tower-style design with a wedge base for easy plug-and-play installation. SMD LED Chips No Polarity Plug Play Installation. Compatible Size: 3056 \\\/ 3156 \\\/ 3356 \\\/ 3456 \\\/ 4156 \\\/ 4114 \\\/ 3047 \\\/ 3057 \\\/ 3157 \\\/ 3357 \\\/ 3457 \\\/ 4057 \\\/ 4157\",\"breadcrumb\":{\"@id\":\"https:\\\/\\\/carsa.ca\\\/product\\\/3156-t25-4156-led-bulb-2-bulbs\\\/#breadcrumb\"},\"inLanguage\":\"fr-FR\",\"potentialAction\":[{\"@type\":\"ReadAction\",\"target\":[\"https:\\\/\\\/carsa.ca\\\/product\\\/3156-t25-4156-led-bulb-2-bulbs\\\/\"]}]},{\"@type\":\"ImageObject\",\"inLanguage\":\"fr-FR\",\"@id\":\"https:\\\/\\\/carsa.ca\\\/product\\\/3156-t25-4156-led-bulb-2-bulbs\\\/#primaryimage\",\"url\":\"https:\\\/\\\/carsa.ca\\\/wp-content\\\/uploads\\\/2024\\\/07\\\/31563157T20_1_dafb28a7-5138-4d94-ad87-4c148be7132f.jpg\",\"contentUrl\":\"https:\\\/\\\/carsa.ca\\\/wp-content\\\/uploads\\\/2024\\\/07\\\/31563157T20_1_dafb28a7-5138-4d94-ad87-4c148be7132f.jpg\",\"width\":800,\"height\":800},{\"@type\":\"BreadcrumbList\",\"@id\":\"https:\\\/\\\/carsa.ca\\\/product\\\/3156-t25-4156-led-bulb-2-bulbs\\\/#breadcrumb\",\"itemListElement\":[{\"@type\":\"ListItem\",\"position\":1,\"name\":\"Home\",\"item\":\"https:\\\/\\\/carsa.ca\\\/\"},{\"@type\":\"ListItem\",\"position\":2,\"name\":\"Shop\",\"item\":\"https:\\\/\\\/carsa.ca\\\/fr\\\/shop\\\/\"},{\"@type\":\"ListItem\",\"position\":3,\"name\":\"3156 T25 4156 LED Bulb &#8211; 2 Bulbs\"}]},{\"@type\":\"WebSite\",\"@id\":\"https:\\\/\\\/carsa.ca\\\/#website\",\"url\":\"https:\\\/\\\/carsa.ca\\\/\",\"name\":\"Carsa Automotive Lighting System\",\"description\":\"\",\"publisher\":{\"@id\":\"https:\\\/\\\/carsa.ca\\\/#organization\"},\"potentialAction\":[{\"@type\":\"SearchAction\",\"target\":{\"@type\":\"EntryPoint\",\"urlTemplate\":\"https:\\\/\\\/carsa.ca\\\/?s={search_term_string}\"},\"query-input\":{\"@type\":\"PropertyValueSpecification\",\"valueRequired\":true,\"valueName\":\"search_term_string\"}}],\"inLanguage\":\"fr-FR\"},{\"@type\":\"Organization\",\"@id\":\"https:\\\/\\\/carsa.ca\\\/#organization\",\"name\":\"Carsa Automotive Lighting System\",\"url\":\"https:\\\/\\\/carsa.ca\\\/\",\"logo\":{\"@type\":\"ImageObject\",\"inLanguage\":\"fr-FR\",\"@id\":\"https:\\\/\\\/carsa.ca\\\/#\\\/schema\\\/logo\\\/image\\\/\",\"url\":\"https:\\\/\\\/carsa.ca\\\/wp-content\\\/uploads\\\/2024\\\/07\\\/CARSA-LOGO.svg\",\"contentUrl\":\"https:\\\/\\\/carsa.ca\\\/wp-content\\\/uploads\\\/2024\\\/07\\\/CARSA-LOGO.svg\",\"width\":2512,\"height\":504,\"caption\":\"Carsa Automotive Lighting System\"},\"image\":{\"@id\":\"https:\\\/\\\/carsa.ca\\\/#\\\/schema\\\/logo\\\/image\\\/\"}}]}<\/script>\n<!-- \/ Yoast SEO plugin. -->","yoast_head_json":{"title":"3156 3157 Daytime Running Lights Reverse Lights Signal Lights","description":"Carsa T25 3156 3157 LED bulb fits tail lights, daytime running lights, reverse lights, brake lights, turn signals, and side marker lights. Tower-style design with a wedge base for easy plug-and-play installation. SMD LED Chips No Polarity Plug Play Installation. Compatible Size: 3056 \/ 3156 \/ 3356 \/ 3456 \/ 4156 \/ 4114 \/ 3047 \/ 3057 \/ 3157 \/ 3357 \/ 3457 \/ 4057 \/ 4157","robots":{"index":"index","follow":"follow","max-snippet":"max-snippet:-1","max-image-preview":"max-image-preview:large","max-video-preview":"max-video-preview:-1"},"canonical":"https:\/\/carsa.ca\/fr\/produit\/3156-t25-4156-led-bulb-2-bulbs\/","og_locale":"fr_FR","og_type":"article","og_title":"3156 3157 Daytime Running Lights Reverse Lights Signal Lights","og_description":"Carsa T25 3156 3157 LED bulb fits tail lights, daytime running lights, reverse lights, brake lights, turn signals, and side marker lights. Tower-style design with a wedge base for easy plug-and-play installation. SMD LED Chips No Polarity Plug Play Installation. Compatible Size: 3056 \/ 3156 \/ 3356 \/ 3456 \/ 4156 \/ 4114 \/ 3047 \/ 3057 \/ 3157 \/ 3357 \/ 3457 \/ 4057 \/ 4157","og_url":"https:\/\/carsa.ca\/fr\/produit\/3156-t25-4156-led-bulb-2-bulbs\/","og_site_name":"Carsa Automotive Lighting System","article_modified_time":"2024-08-09T20:10:07+00:00","og_image":[{"width":800,"height":800,"url":"https:\/\/carsa.ca\/wp-content\/uploads\/2024\/07\/31563157T20_1_dafb28a7-5138-4d94-ad87-4c148be7132f.jpg","type":"image\/jpeg"}],"twitter_card":"summary_large_image","twitter_misc":{"Dur\u00e9e de lecture estim\u00e9e":"4 minutes"},"schema":{"@context":"https:\/\/schema.org","@graph":[{"@type":"WebPage","@id":"https:\/\/carsa.ca\/product\/3156-t25-4156-led-bulb-2-bulbs\/","url":"https:\/\/carsa.ca\/product\/3156-t25-4156-led-bulb-2-bulbs\/","name":"3156 3157 Daytime Running Lights Reverse Lights Signal Lights","isPartOf":{"@id":"https:\/\/carsa.ca\/#website"},"primaryImageOfPage":{"@id":"https:\/\/carsa.ca\/product\/3156-t25-4156-led-bulb-2-bulbs\/#primaryimage"},"image":{"@id":"https:\/\/carsa.ca\/product\/3156-t25-4156-led-bulb-2-bulbs\/#primaryimage"},"thumbnailUrl":"https:\/\/carsa.ca\/wp-content\/uploads\/2024\/07\/31563157T20_1_dafb28a7-5138-4d94-ad87-4c148be7132f.jpg","datePublished":"2024-08-06T20:30:26+00:00","dateModified":"2024-08-09T20:10:07+00:00","description":"Carsa T25 3156 3157 LED bulb fits tail lights, daytime running lights, reverse lights, brake lights, turn signals, and side marker lights. Tower-style design with a wedge base for easy plug-and-play installation. SMD LED Chips No Polarity Plug Play Installation. Compatible Size: 3056 \/ 3156 \/ 3356 \/ 3456 \/ 4156 \/ 4114 \/ 3047 \/ 3057 \/ 3157 \/ 3357 \/ 3457 \/ 4057 \/ 4157","breadcrumb":{"@id":"https:\/\/carsa.ca\/product\/3156-t25-4156-led-bulb-2-bulbs\/#breadcrumb"},"inLanguage":"fr-FR","potentialAction":[{"@type":"ReadAction","target":["https:\/\/carsa.ca\/product\/3156-t25-4156-led-bulb-2-bulbs\/"]}]},{"@type":"ImageObject","inLanguage":"fr-FR","@id":"https:\/\/carsa.ca\/product\/3156-t25-4156-led-bulb-2-bulbs\/#primaryimage","url":"https:\/\/carsa.ca\/wp-content\/uploads\/2024\/07\/31563157T20_1_dafb28a7-5138-4d94-ad87-4c148be7132f.jpg","contentUrl":"https:\/\/carsa.ca\/wp-content\/uploads\/2024\/07\/31563157T20_1_dafb28a7-5138-4d94-ad87-4c148be7132f.jpg","width":800,"height":800},{"@type":"BreadcrumbList","@id":"https:\/\/carsa.ca\/product\/3156-t25-4156-led-bulb-2-bulbs\/#breadcrumb","itemListElement":[{"@type":"ListItem","position":1,"name":"Home","item":"https:\/\/carsa.ca\/"},{"@type":"ListItem","position":2,"name":"Shop","item":"https:\/\/carsa.ca\/fr\/shop\/"},{"@type":"ListItem","position":3,"name":"3156 T25 4156 LED Bulb &#8211; 2 Bulbs"}]},{"@type":"WebSite","@id":"https:\/\/carsa.ca\/#website","url":"https:\/\/carsa.ca\/","name":"Syst\u00e8me d&#039;\u00e9clairage automobile Carsa","description":"","publisher":{"@id":"https:\/\/carsa.ca\/#organization"},"potentialAction":[{"@type":"SearchAction","target":{"@type":"EntryPoint","urlTemplate":"https:\/\/carsa.ca\/?s={search_term_string}"},"query-input":{"@type":"PropertyValueSpecification","valueRequired":true,"valueName":"search_term_string"}}],"inLanguage":"fr-FR"},{"@type":"Organization","@id":"https:\/\/carsa.ca\/#organization","name":"Syst\u00e8me d&#039;\u00e9clairage automobile Carsa","url":"https:\/\/carsa.ca\/","logo":{"@type":"ImageObject","inLanguage":"fr-FR","@id":"https:\/\/carsa.ca\/#\/schema\/logo\/image\/","url":"https:\/\/carsa.ca\/wp-content\/uploads\/2024\/07\/CARSA-LOGO.svg","contentUrl":"https:\/\/carsa.ca\/wp-content\/uploads\/2024\/07\/CARSA-LOGO.svg","width":2512,"height":504,"caption":"Carsa Automotive Lighting System"},"image":{"@id":"https:\/\/carsa.ca\/#\/schema\/logo\/image\/"}}]}},"_links":{"self":[{"href":"https:\/\/carsa.ca\/fr\/wp-json\/wp\/v2\/product\/9687","targetHints":{"allow":["GET"]}}],"collection":[{"href":"https:\/\/carsa.ca\/fr\/wp-json\/wp\/v2\/product"}],"about":[{"href":"https:\/\/carsa.ca\/fr\/wp-json\/wp\/v2\/types\/product"}],"wp:featuredmedia":[{"embeddable":true,"href":"https:\/\/carsa.ca\/fr\/wp-json\/wp\/v2\/media\/7708"}],"wp:attachment":[{"href":"https:\/\/carsa.ca\/fr\/wp-json\/wp\/v2\/media?parent=9687"}],"wp:term":[{"taxonomy":"product_brand","embeddable":true,"href":"https:\/\/carsa.ca\/fr\/wp-json\/wp\/v2\/product_brand?post=9687"},{"taxonomy":"product_cat","embeddable":true,"href":"https:\/\/carsa.ca\/fr\/wp-json\/wp\/v2\/product_cat?post=9687"},{"taxonomy":"product_tag","embeddable":true,"href":"https:\/\/carsa.ca\/fr\/wp-json\/wp\/v2\/product_tag?post=9687"}],"curies":[{"name":"wp","href":"https:\/\/api.w.org\/{rel}","templated":true}]}}