{"id":9692,"date":"2024-08-06T20:30:27","date_gmt":"2024-08-06T20:30:27","guid":{"rendered":"https:\/\/demotasarim.online\/?post_type=product&#038;p=9692"},"modified":"2024-11-28T15:12:11","modified_gmt":"2024-11-28T22:12:11","slug":"9003-h4-hb2-led-headlight-bulbs-100w-20000lm-6000k-white-2-bulbs","status":"publish","type":"product","link":"https:\/\/carsa.ca\/fr\/produit\/9003-h4-hb2-led-headlight-bulbs-100w-20000lm-6000k-white-2-bulbs\/","title":{"rendered":"Ampoules de phares \u00e0 LED 9003 H4 HB2 100 W 20 000 lm (6 000 K) Blanc | 2 ampoules"},"content":{"rendered":"<p>Am\u00e9liorez l&#039;\u00e9clairage et la s\u00e9curit\u00e9 de votre v\u00e9hicule avec les ampoules de phares \u00e0 LED CARSA. Con\u00e7ues pour fonctionner dans toutes les conditions m\u00e9t\u00e9orologiques, y compris la pluie, la neige, le brouillard et les conditions m\u00e9t\u00e9orologiques extr\u00eames, ces ampoules garantissent une visibilit\u00e9 et une fiabilit\u00e9 sup\u00e9rieures.<\/p>\n<p>Avec une lumi\u00e8re blanche froide \u00e9valu\u00e9e \u00e0 6000K, les ampoules de phares \u00e0 LED CARSA offrent une clart\u00e9 exceptionnelle pendant la conduite de nuit, offrant une p\u00e9n\u00e9tration am\u00e9lior\u00e9e \u00e0 travers la pluie, le brouillard et la neige pour une exp\u00e9rience de conduite plus s\u00fbre.<\/p>\n<p>Ces ampoules sont con\u00e7ues pour remplacer les phares halog\u00e8nes standard et ne n\u00e9cessitent aucune modification de votre v\u00e9hicule. Obtenez un look moderne et \u00e9l\u00e9gant ainsi qu&#039;une visibilit\u00e9 am\u00e9lior\u00e9e pour des trajets nocturnes plus s\u00fbrs avec les ampoules de phares \u00e0 LED CARSA.<\/p>\n<p><img decoding=\"async\" src=\"https:\/\/carsa.ca\/wp-content\/uploads\/2023\/01\/IMG_3079_480x480.jpg?v=1648587375\" alt=\"\" \/><\/p>\n<p><strong>Fonctionnalit\u00e9s Premium<\/strong>:<\/p>\n<ul>\n<li><strong>Kit de conversion tout-en-un<\/strong>:Comprend des ampoules int\u00e9rieures et ext\u00e9rieures \u00e0 haute luminosit\u00e9.<\/li>\n<li><strong>Performances ultra lumineuses<\/strong>: Fournit 100 W et 20 000 lm (10 000 lm par ampoule), 3 fois plus lumineux que les lampes halog\u00e8nes, \u00e0 un niveau de luminosit\u00e9 net <strong>Blanc froid 6000K<\/strong>.<\/li>\n<li><strong>Installation facile<\/strong>:Conception plug-and-play : aucun composant ni outil suppl\u00e9mentaire requis.<\/li>\n<\/ul>\n<p><strong>Remarques importantes<\/strong>:<\/p>\n<ul>\n<li>Ces ampoules peuvent ne pas fonctionner comme feux de jour en raison de leur compatibilit\u00e9 avec les basses tensions. Pour \u00e9viter tout probl\u00e8me, d\u00e9sactivez la fonction DRL et utilisez uniquement le r\u00e9glage des feux de route.<\/li>\n<li><strong>Compatible Can-bus<\/strong>:\u00c9quip\u00e9 d&#039;un pilote am\u00e9lior\u00e9, d&#039;un circuit int\u00e9gr\u00e9 intelligent et d&#039;un contr\u00f4le de la temp\u00e9rature pour \u00e9viter les erreurs ou les interf\u00e9rences radio.<\/li>\n<\/ul>\n<p><strong>Syst\u00e8me de refroidissement avanc\u00e9<\/strong>:<\/p>\n<ul>\n<li>Construit avec de l&#039;aluminium de qualit\u00e9 a\u00e9ronautique et un <strong>Ventilateur de refroidissement \u00e0 12 000 tr\/min<\/strong> pour une dissipation optimale de la chaleur, garantissant une dur\u00e9e de vie allant jusqu&#039;\u00e0 <strong>50 000 heures<\/strong>.<\/li>\n<\/ul>\n<p><img decoding=\"async\" src=\"https:\/\/carsa.ca\/wp-content\/uploads\/2023\/01\/IMG_2904_480x480.jpg?v=1648587916\" alt=\"\" \/><\/p>\n<p>Voici une version peaufin\u00e9e de votre texte pour une meilleure lisibilit\u00e9 et professionnalisme :<\/p>\n<hr \/>\n<p><strong>Pi\u00e8ces d\u00e9tach\u00e9es automobiles Carsa<\/strong><br \/>\n<strong>Consultez nos avis sur Google<\/strong>: <a href=\"https:\/\/g.page\/carsa-auto-parts\/review?gm\">Cliquez ici pour voir nos avis<\/a><\/p>\n<hr \/>\n<p><strong>Besoin d&#039;aide pour trouver les bonnes ampoules pour votre v\u00e9hicule ?<\/strong><br \/>\nFaites-nous simplement savoir les caract\u00e9ristiques de votre v\u00e9hicule. <strong>ann\u00e9e<\/strong> et <strong>mod\u00e8le<\/strong>, et nous veillerons \u00e0 ce que vous obteniez la correspondance parfaite\u00a0!<\/p>\n<p>Nous comprenons qu&#039;il peut parfois \u00eatre difficile de trouver la bonne ampoule en ligne. Si vous ne savez pas quelle ampoule est compatible avec votre v\u00e9hicule, n&#039;h\u00e9sitez pas \u00e0 nous contacter. Nous sommes l\u00e0 pour vous aider.<\/p>\n<hr \/>\n<h3><strong>Guide d&#039;installation :<\/strong><\/h3>\n<ol>\n<li><strong>Assurer la s\u00e9curit\u00e9<\/strong>:\n<ul>\n<li>\u00c9teignez le moteur et laissez-le refroidir pendant au moins quelques heures avant l&#039;installation.<\/li>\n<\/ul>\n<\/li>\n<li><strong>Remplacer les deux ampoules simultan\u00e9ment<\/strong>:\n<ul>\n<li>Pour garantir un \u00e9clairage \u00e9quilibr\u00e9 et une dur\u00e9e de vie plus longue, remplacez toujours les deux ampoules en m\u00eame temps. M\u00e9langer des ampoules anciennes et neuves peut entra\u00eener une d\u00e9faillance pr\u00e9matur\u00e9e.<\/li>\n<\/ul>\n<\/li>\n<li><strong>Fixer les ampoules<\/strong>:\n<ul>\n<li>V\u00e9rifiez que les loquets autour des ampoules sont bien fix\u00e9s.<\/li>\n<\/ul>\n<\/li>\n<li><strong>D\u00e9pannage des ampoules LED<\/strong>:\n<ul>\n<li>Si l&#039;ampoule LED ne s&#039;allume pas apr\u00e8s l&#039;installation, d\u00e9branchez-la, retournez la prise \u00e0 180\u00b0 et rebranchez-la.<\/li>\n<li>Assurez-vous que <strong>positif<\/strong> et <strong>p\u00f4les n\u00e9gatifs<\/strong> sont correctement align\u00e9s.<\/li>\n<\/ul>\n<\/li>\n<\/ol>\n<p>Faites-nous savoir si vous avez besoin d\u2019aide suppl\u00e9mentaire\u00a0!<\/p>\n<p><img decoding=\"async\" src=\"https:\/\/carsa.ca\/wp-content\/uploads\/2023\/01\/271255557_4665183696935146_4976022738138774875_n_480x480.jpg?v=1648587944\" alt=\"\" \/><\/p>","protected":false},"excerpt":{"rendered":"<p><strong>LIVRAISON GRATUITE POUR LES COMMANDES DE PLUS DE $110.<\/strong> Avec Postes Canada, un num\u00e9ro de suivi est fourni.<\/p>\n<p><strong>Ampoules extr\u00eamement lumineuses et durables<\/strong> avec une garantie d&#039;un an.<\/p>\n<p>Un ensemble de feux de plaque d&#039;immatriculation ou un ensemble d&#039;ampoules int\u00e9rieures GRATUIT avec tout achat.<\/p>\n<p><strong>Kit de conversion tout-en-un :\u00a0<\/strong>Toutes les ampoules int\u00e9rieures et ext\u00e9rieures sont disponibles dans les lumens les plus \u00e9lev\u00e9s.<\/p>\n<p><strong>Super lumineux :<\/strong>\u00a0100 W, 20 000 lm, 3 fois plus lumineux que les lampes halog\u00e8nes.<\/p>\n<p>Installation plug-and-play facile.<\/p>","protected":false},"featured_media":9707,"template":"","meta":[],"product_brand":[],"product_cat":[180,619,311,443],"product_tag":[620,621,622,364],"class_list":{"0":"post-9692","1":"product","2":"type-product","3":"status-publish","4":"has-post-thumbnail","6":"product_cat-all-products","7":"product_cat-led-headlight-bulb-h4-9003","8":"product_cat-led-headlights","9":"product_cat-pilot","10":"product_tag-620","11":"product_tag-h4","12":"product_tag-hb2","13":"product_tag-led-lights","14":"product_shipping_class-standart","16":"first","17":"instock","18":"sale","19":"taxable","20":"shipping-taxable","21":"purchasable","22":"product-type-simple","23":"add-to-wishlist-after_add_to_cart"},"yoast_head":"<!-- This site is optimized with the Yoast SEO plugin v27.3 - https:\/\/yoast.com\/product\/yoast-seo-wordpress\/ -->\n<title>9003 H4 HB2 LED Car Bulbs 100W 20000LM<\/title>\n<meta name=\"description\" content=\"9003 H4 HB2 LED Headlight Bulbs 100W 20000LM (6000K) White | 2 Bulbs - Carsa Automotive Lighting System - HID &amp; LED Headlights - info@carsa.ca - Shipping - Canada\" \/>\n<meta name=\"robots\" content=\"index, follow, max-snippet:-1, max-image-preview:large, max-video-preview:-1\" \/>\n<link rel=\"canonical\" href=\"https:\/\/carsa.ca\/fr\/produit\/9003-h4-hb2-led-headlight-bulbs-100w-20000lm-6000k-white-2-bulbs\/\" \/>\n<meta property=\"og:locale\" content=\"fr_FR\" \/>\n<meta property=\"og:type\" content=\"article\" \/>\n<meta property=\"og:title\" content=\"CARSA AUTO PARTS H11 H9 H8 LED HEADLIGHTS\" \/>\n<meta property=\"og:description\" content=\"9003 H4 HB2 LED Headlight Bulbs 100W 20000LM (6000K) White | 2 Bulbs - Carsa Automotive Lighting System - HID &amp; LED Headlights - info@carsa.ca - Shipping - Canada\" \/>\n<meta property=\"og:url\" content=\"https:\/\/carsa.ca\/fr\/produit\/9003-h4-hb2-led-headlight-bulbs-100w-20000lm-6000k-white-2-bulbs\/\" \/>\n<meta property=\"og:site_name\" content=\"Carsa Automotive Lighting System\" \/>\n<meta property=\"article:modified_time\" content=\"2024-11-28T22:12:11+00:00\" \/>\n<meta name=\"twitter:card\" content=\"summary_large_image\" \/>\n<meta name=\"twitter:image\" content=\"https:\/\/carsa.ca\/wp-content\/uploads\/2024\/08\/H4-9003-12.jpg\" \/>\n<meta name=\"twitter:label1\" content=\"Dur\u00e9e de lecture estim\u00e9e\" \/>\n\t<meta name=\"twitter:data1\" content=\"3 minutes\" \/>\n<script type=\"application\/ld+json\" class=\"yoast-schema-graph\">{\"@context\":\"https:\\\/\\\/schema.org\",\"@graph\":[{\"@type\":\"WebPage\",\"@id\":\"https:\\\/\\\/carsa.ca\\\/product\\\/9003-h4-hb2-led-headlight-bulbs-100w-20000lm-6000k-white-2-bulbs\\\/\",\"url\":\"https:\\\/\\\/carsa.ca\\\/product\\\/9003-h4-hb2-led-headlight-bulbs-100w-20000lm-6000k-white-2-bulbs\\\/\",\"name\":\"9003 H4 HB2 LED Car Bulbs 100W 20000LM\",\"isPartOf\":{\"@id\":\"https:\\\/\\\/carsa.ca\\\/#website\"},\"primaryImageOfPage\":{\"@id\":\"https:\\\/\\\/carsa.ca\\\/product\\\/9003-h4-hb2-led-headlight-bulbs-100w-20000lm-6000k-white-2-bulbs\\\/#primaryimage\"},\"image\":{\"@id\":\"https:\\\/\\\/carsa.ca\\\/product\\\/9003-h4-hb2-led-headlight-bulbs-100w-20000lm-6000k-white-2-bulbs\\\/#primaryimage\"},\"thumbnailUrl\":\"https:\\\/\\\/carsa.ca\\\/wp-content\\\/uploads\\\/2024\\\/08\\\/H4-9003-12.jpg\",\"datePublished\":\"2024-08-06T20:30:27+00:00\",\"dateModified\":\"2024-11-28T22:12:11+00:00\",\"description\":\"9003 H4 HB2 LED Headlight Bulbs 100W 20000LM (6000K) White | 2 Bulbs - Carsa Automotive Lighting System - HID & LED Headlights - info@carsa.ca - Shipping - Canada\",\"breadcrumb\":{\"@id\":\"https:\\\/\\\/carsa.ca\\\/product\\\/9003-h4-hb2-led-headlight-bulbs-100w-20000lm-6000k-white-2-bulbs\\\/#breadcrumb\"},\"inLanguage\":\"fr-FR\",\"potentialAction\":[{\"@type\":\"ReadAction\",\"target\":[\"https:\\\/\\\/carsa.ca\\\/product\\\/9003-h4-hb2-led-headlight-bulbs-100w-20000lm-6000k-white-2-bulbs\\\/\"]}]},{\"@type\":\"ImageObject\",\"inLanguage\":\"fr-FR\",\"@id\":\"https:\\\/\\\/carsa.ca\\\/product\\\/9003-h4-hb2-led-headlight-bulbs-100w-20000lm-6000k-white-2-bulbs\\\/#primaryimage\",\"url\":\"https:\\\/\\\/carsa.ca\\\/wp-content\\\/uploads\\\/2024\\\/08\\\/H4-9003-12.jpg\",\"contentUrl\":\"https:\\\/\\\/carsa.ca\\\/wp-content\\\/uploads\\\/2024\\\/08\\\/H4-9003-12.jpg\",\"width\":1000,\"height\":928},{\"@type\":\"BreadcrumbList\",\"@id\":\"https:\\\/\\\/carsa.ca\\\/product\\\/9003-h4-hb2-led-headlight-bulbs-100w-20000lm-6000k-white-2-bulbs\\\/#breadcrumb\",\"itemListElement\":[{\"@type\":\"ListItem\",\"position\":1,\"name\":\"Home\",\"item\":\"https:\\\/\\\/carsa.ca\\\/\"},{\"@type\":\"ListItem\",\"position\":2,\"name\":\"Shop\",\"item\":\"https:\\\/\\\/carsa.ca\\\/fr\\\/shop\\\/\"},{\"@type\":\"ListItem\",\"position\":3,\"name\":\"9003 H4 HB2 LED Headlight Bulbs 100W 20000LM (6000K) White | 2 Bulbs\"}]},{\"@type\":\"WebSite\",\"@id\":\"https:\\\/\\\/carsa.ca\\\/#website\",\"url\":\"https:\\\/\\\/carsa.ca\\\/\",\"name\":\"Carsa Automotive Lighting System\",\"description\":\"\",\"publisher\":{\"@id\":\"https:\\\/\\\/carsa.ca\\\/#organization\"},\"potentialAction\":[{\"@type\":\"SearchAction\",\"target\":{\"@type\":\"EntryPoint\",\"urlTemplate\":\"https:\\\/\\\/carsa.ca\\\/?s={search_term_string}\"},\"query-input\":{\"@type\":\"PropertyValueSpecification\",\"valueRequired\":true,\"valueName\":\"search_term_string\"}}],\"inLanguage\":\"fr-FR\"},{\"@type\":\"Organization\",\"@id\":\"https:\\\/\\\/carsa.ca\\\/#organization\",\"name\":\"Carsa Automotive Lighting System\",\"url\":\"https:\\\/\\\/carsa.ca\\\/\",\"logo\":{\"@type\":\"ImageObject\",\"inLanguage\":\"fr-FR\",\"@id\":\"https:\\\/\\\/carsa.ca\\\/#\\\/schema\\\/logo\\\/image\\\/\",\"url\":\"https:\\\/\\\/carsa.ca\\\/wp-content\\\/uploads\\\/2024\\\/07\\\/CARSA-LOGO.svg\",\"contentUrl\":\"https:\\\/\\\/carsa.ca\\\/wp-content\\\/uploads\\\/2024\\\/07\\\/CARSA-LOGO.svg\",\"width\":2512,\"height\":504,\"caption\":\"Carsa Automotive Lighting System\"},\"image\":{\"@id\":\"https:\\\/\\\/carsa.ca\\\/#\\\/schema\\\/logo\\\/image\\\/\"}}]}<\/script>\n<!-- \/ Yoast SEO plugin. -->","yoast_head_json":{"title":"Ampoules LED pour voiture 9003 H4 HB2 100 W 20\u00a0000 lm","description":"Ampoules de phares LED 9003 H4 HB2 100 W 20\u00a0000 lm (6\u00a0000 K) blanches | 2 ampoules - Syst\u00e8me d&#039;\u00e9clairage automobile Carsa - Phares HID et LED - info@carsa.ca - Livraison - Canada","robots":{"index":"index","follow":"follow","max-snippet":"max-snippet:-1","max-image-preview":"max-image-preview:large","max-video-preview":"max-video-preview:-1"},"canonical":"https:\/\/carsa.ca\/fr\/produit\/9003-h4-hb2-led-headlight-bulbs-100w-20000lm-6000k-white-2-bulbs\/","og_locale":"fr_FR","og_type":"article","og_title":"CARSA AUTO PARTS H11 H9 H8 LED HEADLIGHTS","og_description":"9003 H4 HB2 LED Headlight Bulbs 100W 20000LM (6000K) White | 2 Bulbs - Carsa Automotive Lighting System - HID & LED Headlights - info@carsa.ca - Shipping - Canada","og_url":"https:\/\/carsa.ca\/fr\/produit\/9003-h4-hb2-led-headlight-bulbs-100w-20000lm-6000k-white-2-bulbs\/","og_site_name":"Carsa Automotive Lighting System","article_modified_time":"2024-11-28T22:12:11+00:00","twitter_card":"summary_large_image","twitter_image":"https:\/\/carsa.ca\/wp-content\/uploads\/2024\/08\/H4-9003-12.jpg","twitter_misc":{"Dur\u00e9e de lecture estim\u00e9e":"3 minutes"},"schema":{"@context":"https:\/\/schema.org","@graph":[{"@type":"WebPage","@id":"https:\/\/carsa.ca\/product\/9003-h4-hb2-led-headlight-bulbs-100w-20000lm-6000k-white-2-bulbs\/","url":"https:\/\/carsa.ca\/product\/9003-h4-hb2-led-headlight-bulbs-100w-20000lm-6000k-white-2-bulbs\/","name":"Ampoules LED pour voiture 9003 H4 HB2 100 W 20\u00a0000 lm","isPartOf":{"@id":"https:\/\/carsa.ca\/#website"},"primaryImageOfPage":{"@id":"https:\/\/carsa.ca\/product\/9003-h4-hb2-led-headlight-bulbs-100w-20000lm-6000k-white-2-bulbs\/#primaryimage"},"image":{"@id":"https:\/\/carsa.ca\/product\/9003-h4-hb2-led-headlight-bulbs-100w-20000lm-6000k-white-2-bulbs\/#primaryimage"},"thumbnailUrl":"https:\/\/carsa.ca\/wp-content\/uploads\/2024\/08\/H4-9003-12.jpg","datePublished":"2024-08-06T20:30:27+00:00","dateModified":"2024-11-28T22:12:11+00:00","description":"Ampoules de phares LED 9003 H4 HB2 100 W 20\u00a0000 lm (6\u00a0000 K) blanches | 2 ampoules - Syst\u00e8me d&#039;\u00e9clairage automobile Carsa - Phares HID et LED - info@carsa.ca - Livraison - Canada","breadcrumb":{"@id":"https:\/\/carsa.ca\/product\/9003-h4-hb2-led-headlight-bulbs-100w-20000lm-6000k-white-2-bulbs\/#breadcrumb"},"inLanguage":"fr-FR","potentialAction":[{"@type":"ReadAction","target":["https:\/\/carsa.ca\/product\/9003-h4-hb2-led-headlight-bulbs-100w-20000lm-6000k-white-2-bulbs\/"]}]},{"@type":"ImageObject","inLanguage":"fr-FR","@id":"https:\/\/carsa.ca\/product\/9003-h4-hb2-led-headlight-bulbs-100w-20000lm-6000k-white-2-bulbs\/#primaryimage","url":"https:\/\/carsa.ca\/wp-content\/uploads\/2024\/08\/H4-9003-12.jpg","contentUrl":"https:\/\/carsa.ca\/wp-content\/uploads\/2024\/08\/H4-9003-12.jpg","width":1000,"height":928},{"@type":"BreadcrumbList","@id":"https:\/\/carsa.ca\/product\/9003-h4-hb2-led-headlight-bulbs-100w-20000lm-6000k-white-2-bulbs\/#breadcrumb","itemListElement":[{"@type":"ListItem","position":1,"name":"Home","item":"https:\/\/carsa.ca\/"},{"@type":"ListItem","position":2,"name":"Shop","item":"https:\/\/carsa.ca\/fr\/shop\/"},{"@type":"ListItem","position":3,"name":"9003 H4 HB2 LED Headlight Bulbs 100W 20000LM (6000K) White | 2 Bulbs"}]},{"@type":"WebSite","@id":"https:\/\/carsa.ca\/#website","url":"https:\/\/carsa.ca\/","name":"Syst\u00e8me d&#039;\u00e9clairage automobile Carsa","description":"","publisher":{"@id":"https:\/\/carsa.ca\/#organization"},"potentialAction":[{"@type":"SearchAction","target":{"@type":"EntryPoint","urlTemplate":"https:\/\/carsa.ca\/?s={search_term_string}"},"query-input":{"@type":"PropertyValueSpecification","valueRequired":true,"valueName":"search_term_string"}}],"inLanguage":"fr-FR"},{"@type":"Organization","@id":"https:\/\/carsa.ca\/#organization","name":"Syst\u00e8me d&#039;\u00e9clairage automobile Carsa","url":"https:\/\/carsa.ca\/","logo":{"@type":"ImageObject","inLanguage":"fr-FR","@id":"https:\/\/carsa.ca\/#\/schema\/logo\/image\/","url":"https:\/\/carsa.ca\/wp-content\/uploads\/2024\/07\/CARSA-LOGO.svg","contentUrl":"https:\/\/carsa.ca\/wp-content\/uploads\/2024\/07\/CARSA-LOGO.svg","width":2512,"height":504,"caption":"Carsa Automotive Lighting System"},"image":{"@id":"https:\/\/carsa.ca\/#\/schema\/logo\/image\/"}}]}},"_links":{"self":[{"href":"https:\/\/carsa.ca\/fr\/wp-json\/wp\/v2\/product\/9692","targetHints":{"allow":["GET"]}}],"collection":[{"href":"https:\/\/carsa.ca\/fr\/wp-json\/wp\/v2\/product"}],"about":[{"href":"https:\/\/carsa.ca\/fr\/wp-json\/wp\/v2\/types\/product"}],"wp:featuredmedia":[{"embeddable":true,"href":"https:\/\/carsa.ca\/fr\/wp-json\/wp\/v2\/media\/9707"}],"wp:attachment":[{"href":"https:\/\/carsa.ca\/fr\/wp-json\/wp\/v2\/media?parent=9692"}],"wp:term":[{"taxonomy":"product_brand","embeddable":true,"href":"https:\/\/carsa.ca\/fr\/wp-json\/wp\/v2\/product_brand?post=9692"},{"taxonomy":"product_cat","embeddable":true,"href":"https:\/\/carsa.ca\/fr\/wp-json\/wp\/v2\/product_cat?post=9692"},{"taxonomy":"product_tag","embeddable":true,"href":"https:\/\/carsa.ca\/fr\/wp-json\/wp\/v2\/product_tag?post=9692"}],"curies":[{"name":"wp","href":"https:\/\/api.w.org\/{rel}","templated":true}]}}